{"id":835,"date":"2024-09-26T16:42:34","date_gmt":"2024-09-26T20:42:34","guid":{"rendered":"https:\/\/wcbmanitoba.dev.showandtelldev.com\/employeurs\/"},"modified":"2026-01-15T11:01:53","modified_gmt":"2026-01-15T16:01:53","slug":"employeurs","status":"publish","type":"page","link":"https:\/\/www.wcb.mb.ca\/fr\/employeurs\/","title":{"rendered":"Employeurs"},"content":{"rendered":"\t\t<div data-elementor-type=\"wp-page\" data-elementor-id=\"835\" class=\"elementor elementor-835 elementor-189\" data-elementor-post-type=\"page\">\n\t\t\t\t<div class=\"elementor-element elementor-element-b7b000f e-flex e-con-boxed e-con e-parent\" data-id=\"b7b000f\" data-element_type=\"container\" data-e-type=\"container\">\n\t\t\t\t\t<div class=\"e-con-inner\">\n\t\t\t\t<div class=\"elementor-element elementor-element-5f15fe4 elementor-widget elementor-widget-st-header-image\" data-id=\"5f15fe4\" data-element_type=\"widget\" data-e-type=\"widget\" data-widget_type=\"st-header-image.default\">\n\t\t\t\t<div class=\"elementor-widget-container\">\n\t\t\t\t\t<div class=\"c-headerImage g-layout__padding c-headerImage--large\"><div class=\"c-headerImage__container g-layout__maxWidth\"><div class=\"c-headerImage__content\"><div ><h1>Information sur l\u2019employeur<\/h1><p>L\u2019assurance contre les accidents du travail prot\u00e8ge vos employ\u00e9s et vous en cas de blessure ou maladie professionnelle survenue en milieu de travail. Elle couvre le salaire pendant la p\u00e9riode de gu\u00e9rison de votre travailleur, assure les frais de prestation de soins de sant\u00e9 et vous prot\u00e8ge contre les poursuites en justice. Les primes de l\u2019employeur financent ce syst\u00e8me.<\/p><\/div><a class=\"c-headerImage__btn g-btn\" href=\"\/fr\/employeurs\/primes-et-masse-salariale\/etablir-les-primes-et-le-taux\/\"\"><span >Apprenez-en plus sur les primes<\/span><\/a><\/div><\/div><\/div>\t\t\t\t<\/div>\n\t\t\t\t<\/div>\n\t\t\t\t\t<\/div>\n\t\t\t\t<\/div>\n\t\t<div class=\"elementor-element elementor-element-8348108 e-flex e-con-boxed e-con e-parent\" data-id=\"8348108\" data-element_type=\"container\" data-e-type=\"container\">\n\t\t\t\t\t<div class=\"e-con-inner\">\n\t\t<div class=\"elementor-element elementor-element-0e6e2dd e-con-full e-flex e-con e-child\" data-id=\"0e6e2dd\" data-element_type=\"container\" data-e-type=\"container\">\n\t\t\t\t<div class=\"elementor-element elementor-element-7a2df0c elementor-widget__width-initial elementor-widget elementor-widget-text-editor\" data-id=\"7a2df0c\" data-element_type=\"widget\" data-e-type=\"widget\" data-widget_type=\"text-editor.default\">\n\t\t\t\t<div class=\"elementor-widget-container\">\n\t\t\t\t\t\t\t\t\t<p>La plupart des employeurs du Manitoba sont tenus de s\u2019inscrire \u00e0 la WCB. <em>La Loi sur les accidents du travail<\/em> couvre automatiquement tous les travailleurs du Manitoba, sauf ceux exclus de fa\u00e7on sp\u00e9cifique par un r\u00e8glement. Les employeurs sont responsables de payer les primes en fonction des gains de leurs travailleurs et de signaler les maladies et les blessures en milieu de travail \u00e0 la WCB.<\/p>\n<p>En cas de doute concernant l\u2019exclusion de vos employ\u00e9s \u00e0 la couverture d\u2019indemnisation des travailleurs, pri\u00e8re de communiquer avec la WCB. Les employeurs dont l\u2019inscription n\u2019est pas obligatoire peuvent se procurer une protection facultative.<\/p>\n\t\t\t\t\t\t\t\t<\/div>\n\t\t\t\t<\/div>\n\t\t\t\t<\/div>\n\t\t<div class=\"elementor-element elementor-element-391e776 e-con-full e-flex e-con e-child\" data-id=\"391e776\" data-element_type=\"container\" data-e-type=\"container\" data-settings=\"{&quot;background_background&quot;:&quot;classic&quot;}\">\n\t\t\t\t<div class=\"elementor-element elementor-element-3a1676a elementor-widget elementor-widget-st-cats\" data-id=\"3a1676a\" data-element_type=\"widget\" data-e-type=\"widget\" data-widget_type=\"st-cats.default\">\n\t\t\t\t<div class=\"elementor-widget-container\">\n\t\t\t\t\t<div class=\"c-ctaList\"><\/div>\t\t\t\t<\/div>\n\t\t\t\t<\/div>\n\t\t\t\t<\/div>\n\t\t\t\t\t<\/div>\n\t\t\t\t<\/div>\n\t\t<div class=\"elementor-element elementor-element-490640b e-flex e-con-boxed e-con e-parent\" data-id=\"490640b\" data-element_type=\"container\" data-e-type=\"container\">\n\t\t\t\t\t<div class=\"e-con-inner\">\n\t\t\t\t<div class=\"elementor-element elementor-element-7a9865e elementor-widget elementor-widget-st-image-box-list\" data-id=\"7a9865e\" data-element_type=\"widget\" data-e-type=\"widget\" data-widget_type=\"st-image-box-list.default\">\n\t\t\t\t<div class=\"elementor-widget-container\">\n\t\t\t\t\t<div class=\"c-imageBoxList c-imageBoxList--3 c-imageBoxList--center c-imageBoxList--default c-imageBoxList--imageCover\"><div class=\"c-imageBoxList__item\"><img fetchpriority=\"high\" decoding=\"async\" width=\"522\" height=\"348\" src=\"https:\/\/www.wcb.mb.ca\/uploads\/2025\/04\/Trades_ManWomanHydroStation_2025.jpg\" class=\"c-imageBoxList__itemImage\" alt=\"Classifications\" srcset=\"https:\/\/www.wcb.mb.ca\/uploads\/2025\/04\/Trades_ManWomanHydroStation_2025.jpg 522w, https:\/\/www.wcb.mb.ca\/uploads\/2025\/04\/Trades_ManWomanHydroStation_2025-300x200.jpg 300w\" sizes=\"(max-width: 522px) 100vw, 522px\" \/><div class=\"c-imageBoxList__itemContent\"><div class=\"c-imageBoxList__itemTitle\"><span >Classifications<\/span><\/div><div class=\"c-imageBoxList__itemDescription\"><span >Learn which industry classification your business falls under.<\/span><\/div><\/div><a class=\"c-imageBoxList__itemBtn g-btn\" href=\"\/fr\/employeurs\/primes-et-masse-salariale\/categories-dindustrie\/\" aria-label=\"Apprenez-en plus Classifications\"href=\"\/fr\/employeurs\/primes-et-masse-salariale\/categories-dindustrie\/\" aria-label=\"Learn more about Classifications\"><span >Apprenez-en plus<\/span><\/a><\/div><div class=\"c-imageBoxList__item\"><img decoding=\"async\" width=\"522\" height=\"348\" src=\"https:\/\/www.wcb.mb.ca\/uploads\/2025\/04\/Service_WomanonPhoneBicycleShop_2025.jpg\" class=\"c-imageBoxList__itemImage\" alt=\"Inscrire une entreprise \u00e0 la protection de la WCB\" srcset=\"https:\/\/www.wcb.mb.ca\/uploads\/2025\/04\/Service_WomanonPhoneBicycleShop_2025.jpg 522w, https:\/\/www.wcb.mb.ca\/uploads\/2025\/04\/Service_WomanonPhoneBicycleShop_2025-300x200.jpg 300w\" sizes=\"(max-width: 522px) 100vw, 522px\" \/><div class=\"c-imageBoxList__itemContent\"><div class=\"c-imageBoxList__itemTitle\"><span >Inscrire une entreprise \u00e0 la protection de la WCB<\/span><\/div><div class=\"c-imageBoxList__itemDescription\"><span >Complete our online application.<\/span><\/div><\/div><a class=\"c-imageBoxList__itemBtn g-btn\" href=\"\/fr\/employeurs\/inscrire-une-entreprise-a-la-protection-de-la-wcb\/\" aria-label=\"Apprenez-en plus Inscrire une entreprise \u00e0 la protection de la WCB\"href=\"\/fr\/employeurs\/inscrire-une-entreprise-a-la-protection-de-la-wcb\/\" aria-label=\"Learn more about register a business for WCB coverage\"><span >Apprenez-en plus<\/span><\/a><\/div><div class=\"c-imageBoxList__item\"><img decoding=\"async\" width=\"522\" height=\"348\" src=\"https:\/\/www.wcb.mb.ca\/uploads\/2025\/04\/Construction_GroupReviewingBlueprints_2025.jpg\" class=\"c-imageBoxList__itemImage\" alt=\"Obtenir une attestation\" srcset=\"https:\/\/www.wcb.mb.ca\/uploads\/2025\/04\/Construction_GroupReviewingBlueprints_2025.jpg 522w, https:\/\/www.wcb.mb.ca\/uploads\/2025\/04\/Construction_GroupReviewingBlueprints_2025-300x200.jpg 300w\" sizes=\"(max-width: 522px) 100vw, 522px\" \/><div class=\"c-imageBoxList__itemContent\"><div class=\"c-imageBoxList__itemTitle\"><span >Obtenir une attestation<\/span><\/div><div class=\"c-imageBoxList__itemDescription\"><span >See if a business, contractor or subcontractor is in good standing with the WCB.<\/span><\/div><\/div><a class=\"c-imageBoxList__itemBtn g-btn\" href=\"\/fr\/employeurs\/attestations\/\" aria-label=\"Apprenez-en plus Obtenir une attestation\"href=\"\/fr\/employeurs\/attestations\/\" aria-label=\"Learn more about Accessing clearances\"><span >Apprenez-en plus<\/span><\/a><\/div><\/div>\t\t\t\t<\/div>\n\t\t\t\t<\/div>\n\t\t\t\t<div class=\"elementor-element elementor-element-19e8355 elementor-widget elementor-widget-text-editor\" data-id=\"19e8355\" data-element_type=\"widget\" data-e-type=\"widget\" data-widget_type=\"text-editor.default\">\n\t\t\t\t<div class=\"elementor-widget-container\">\n\t\t\t\t\t\t\t\t\t<p>\u00a0<\/p><h2>Coordonn\u00e9es<\/h2><p>Les employeurs peuvent obtenir de plus amples renseignements sur les primes, la protection et les r\u00e9clamations en <a href=\"\/fr\/coordonnees\/\">communiquant avec le Service des cotisations<\/a>.<\/p>\t\t\t\t\t\t\t\t<\/div>\n\t\t\t\t<\/div>\n\t\t\t\t\t<\/div>\n\t\t\t\t<\/div>\n\t\t<div class=\"elementor-element elementor-element-35550c80 e-con-full e-flex e-con e-parent\" data-id=\"35550c80\" data-element_type=\"container\" data-e-type=\"container\">\n\t\t<div class=\"elementor-element elementor-element-30328919 e-con-full e-flex e-con e-child\" data-id=\"30328919\" data-element_type=\"container\" data-e-type=\"container\">\n\t\t<div class=\"elementor-element elementor-element-41854f5d e-con-full e-flex e-con e-child\" data-id=\"41854f5d\" data-element_type=\"container\" data-e-type=\"container\">\n\t\t\t\t<div class=\"elementor-element elementor-element-116e8fdf elementor-widget elementor-widget-text-editor\" data-id=\"116e8fdf\" data-element_type=\"widget\" data-e-type=\"widget\" data-widget_type=\"text-editor.default\">\n\t\t\t\t<div class=\"elementor-widget-container\">\n\t\t\t\t\t\t\t\t\t<h2>Droits du travailleur<\/h2>\n<p>Les travailleurs ont le droit de r\u00e9clamer une indemnit\u00e9 de la WCB.<\/p>\n\t\t\t\t\t\t\t\t<\/div>\n\t\t\t\t<\/div>\n\t\t\t\t<div class=\"elementor-element elementor-element-4b339d58 elementor-widget elementor-widget-button\" data-id=\"4b339d58\" data-element_type=\"widget\" data-e-type=\"widget\" data-widget_type=\"button.default\">\n\t\t\t\t<div class=\"elementor-widget-container\">\n\t\t\t\t\t\t\t\t\t<div class=\"elementor-button-wrapper\">\n\t\t\t\t\t<a class=\"elementor-button elementor-button-link elementor-size-sm\" href=\"\/fr\/travailleurs\/droits-et-responsabilites-des-travailleurs\/\" aria-label=\"Learn more about worker rights\">\n\t\t\t\t\t\t<span class=\"elementor-button-content-wrapper\">\n\t\t\t\t\t\t\t\t\t<span class=\"elementor-button-text\">Apprenez-en plus<\/span>\n\t\t\t\t\t<\/span>\n\t\t\t\t\t<\/a>\n\t\t\t\t<\/div>\n\t\t\t\t\t\t\t\t<\/div>\n\t\t\t\t<\/div>\n\t\t\t\t<\/div>\n\t\t<div class=\"elementor-element elementor-element-7e6b805b e-con-full e-flex e-con e-child\" data-id=\"7e6b805b\" data-element_type=\"container\" data-e-type=\"container\">\n\t\t\t\t<div class=\"elementor-element elementor-element-57fa2f25 elementor-widget elementor-widget-image\" data-id=\"57fa2f25\" data-element_type=\"widget\" data-e-type=\"widget\" data-widget_type=\"image.default\">\n\t\t\t\t<div class=\"elementor-widget-container\">\n\t\t\t\t\t\t\t\t\t\t\t\t\t\t\t<img loading=\"lazy\" decoding=\"async\" width=\"522\" height=\"348\" src=\"\/wp-content\/uploads\/2025\/04\/Manufacturing_TwoMenWorkingWindowFactory_2025.jpg\" class=\"attachment-large size-large wp-image-19962\" alt=\"\" srcset=\"\/wp-content\/uploads\/2025\/04\/Manufacturing_TwoMenWorkingWindowFactory_2025.jpg 522w, \/wp-content\/uploads\/2025\/04\/Manufacturing_TwoMenWorkingWindowFactory_2025-300x200.jpg 300w\" sizes=\"(max-width: 522px) 100vw, 522px\" \/>\t\t\t\t\t\t\t\t\t\t\t\t\t\t\t<\/div>\n\t\t\t\t<\/div>\n\t\t\t\t<\/div>\n\t\t\t\t<\/div>\n\t\t<div class=\"elementor-element elementor-element-54fe75a5 e-con-full e-flex e-con e-child\" data-id=\"54fe75a5\" data-element_type=\"container\" data-e-type=\"container\" data-settings=\"{&quot;background_background&quot;:&quot;classic&quot;}\">\n\t\t<div class=\"elementor-element elementor-element-5ae62dc2 e-con-full e-flex e-con e-child\" data-id=\"5ae62dc2\" data-element_type=\"container\" data-e-type=\"container\">\n\t\t<div class=\"elementor-element elementor-element-7e59b755 e-con-full e-flex e-con e-child\" data-id=\"7e59b755\" data-element_type=\"container\" data-e-type=\"container\">\n\t\t\t\t<div class=\"elementor-element elementor-element-31062876 elementor-widget elementor-widget-image\" data-id=\"31062876\" data-element_type=\"widget\" data-e-type=\"widget\" data-widget_type=\"image.default\">\n\t\t\t\t<div class=\"elementor-widget-container\">\n\t\t\t\t\t\t\t\t\t\t\t\t\t\t\t<img loading=\"lazy\" decoding=\"async\" width=\"522\" height=\"348\" src=\"\/wp-content\/uploads\/2025\/04\/Business_WomanLookingComputer.jpg\" class=\"attachment-large size-large wp-image-19963\" alt=\"\" srcset=\"\/wp-content\/uploads\/2025\/04\/Business_WomanLookingComputer.jpg 522w, \/wp-content\/uploads\/2025\/04\/Business_WomanLookingComputer-300x200.jpg 300w\" sizes=\"(max-width: 522px) 100vw, 522px\" \/>\t\t\t\t\t\t\t\t\t\t\t\t\t\t\t<\/div>\n\t\t\t\t<\/div>\n\t\t\t\t<\/div>\n\t\t<div class=\"elementor-element elementor-element-132c010f e-con-full e-flex e-con e-child\" data-id=\"132c010f\" data-element_type=\"container\" data-e-type=\"container\">\n\t\t\t\t<div class=\"elementor-element elementor-element-61dae4de elementor-widget elementor-widget-text-editor\" data-id=\"61dae4de\" data-element_type=\"widget\" data-e-type=\"widget\" data-widget_type=\"text-editor.default\">\n\t\t\t\t<div class=\"elementor-widget-container\">\n\t\t\t\t\t\t\t\t\t<h2>Droits de l\u2019employeur<\/h2>\n<p>Vous avez le droit de conna\u00eetre la d\u00e9cision entourant une r\u00e9clamation et la raison pour laquelle elle a \u00e9t\u00e9 prise.&nbsp;<\/p>\n\t\t\t\t\t\t\t\t<\/div>\n\t\t\t\t<\/div>\n\t\t\t\t<div class=\"elementor-element elementor-element-571b8154 elementor-widget elementor-widget-button\" data-id=\"571b8154\" data-element_type=\"widget\" data-e-type=\"widget\" data-widget_type=\"button.default\">\n\t\t\t\t<div class=\"elementor-widget-container\">\n\t\t\t\t\t\t\t\t\t<div class=\"elementor-button-wrapper\">\n\t\t\t\t\t<a class=\"elementor-button elementor-button-link elementor-size-sm\" href=\"\/fr\/employeurs\/droits-et-responsabilites-des-employeurs\/\" aria-label=\"Learn more about employer rights\">\n\t\t\t\t\t\t<span class=\"elementor-button-content-wrapper\">\n\t\t\t\t\t\t\t\t\t<span class=\"elementor-button-text\">Apprenez-en plus<\/span>\n\t\t\t\t\t<\/span>\n\t\t\t\t\t<\/a>\n\t\t\t\t<\/div>\n\t\t\t\t\t\t\t\t<\/div>\n\t\t\t\t<\/div>\n\t\t\t\t<\/div>\n\t\t\t\t<\/div>\n\t\t\t\t<\/div>\n\t\t<div class=\"elementor-element elementor-element-3acdc2e2 e-con-full e-flex e-con e-child\" data-id=\"3acdc2e2\" data-element_type=\"container\" data-e-type=\"container\">\n\t\t<div class=\"elementor-element elementor-element-5c084bee e-con-full e-flex e-con e-child\" data-id=\"5c084bee\" data-element_type=\"container\" data-e-type=\"container\">\n\t\t\t\t<div class=\"elementor-element elementor-element-5930996 elementor-widget elementor-widget-text-editor\" data-id=\"5930996\" data-element_type=\"widget\" data-e-type=\"widget\" data-widget_type=\"text-editor.default\">\n\t\t\t\t<div class=\"elementor-widget-container\">\n\t\t\t\t\t\t\t\t\t<h2>Signaler une blessure<\/h2>\n<p>Consultez la d\u00e9marche \u00e0 suivre si un employ\u00e9 se blesse au travail.<\/p>\n\t\t\t\t\t\t\t\t<\/div>\n\t\t\t\t<\/div>\n\t\t\t\t<div class=\"elementor-element elementor-element-073d464 elementor-widget elementor-widget-button\" data-id=\"073d464\" data-element_type=\"widget\" data-e-type=\"widget\" data-widget_type=\"button.default\">\n\t\t\t\t<div class=\"elementor-widget-container\">\n\t\t\t\t\t\t\t\t\t<div class=\"elementor-button-wrapper\">\n\t\t\t\t\t<a class=\"elementor-button elementor-button-link elementor-size-sm\" href=\"\/fr\/employeurs\/signaler-une-blessure\/\" aria-label=\"Learn more about Report an injury\">\n\t\t\t\t\t\t<span class=\"elementor-button-content-wrapper\">\n\t\t\t\t\t\t\t\t\t<span class=\"elementor-button-text\">Apprenez-en plus<\/span>\n\t\t\t\t\t<\/span>\n\t\t\t\t\t<\/a>\n\t\t\t\t<\/div>\n\t\t\t\t\t\t\t\t<\/div>\n\t\t\t\t<\/div>\n\t\t\t\t<\/div>\n\t\t<div class=\"elementor-element elementor-element-6d5573ef e-con-full e-flex e-con e-child\" data-id=\"6d5573ef\" data-element_type=\"container\" data-e-type=\"container\">\n\t\t\t\t<div class=\"elementor-element elementor-element-1d3878f elementor-widget elementor-widget-image\" data-id=\"1d3878f\" data-element_type=\"widget\" data-e-type=\"widget\" data-widget_type=\"image.default\">\n\t\t\t\t<div class=\"elementor-widget-container\">\n\t\t\t\t\t\t\t\t\t\t\t\t\t\t\t<img loading=\"lazy\" decoding=\"async\" width=\"522\" height=\"348\" src=\"\/wp-content\/uploads\/2025\/04\/Construction_ManHardHatLookingatIpad_205.jpg\" class=\"attachment-large size-large wp-image-19961\" alt=\"\" srcset=\"\/wp-content\/uploads\/2025\/04\/Construction_ManHardHatLookingatIpad_205.jpg 522w, \/wp-content\/uploads\/2025\/04\/Construction_ManHardHatLookingatIpad_205-300x200.jpg 300w\" sizes=\"(max-width: 522px) 100vw, 522px\" \/>\t\t\t\t\t\t\t\t\t\t\t\t\t\t\t<\/div>\n\t\t\t\t<\/div>\n\t\t\t\t<\/div>\n\t\t\t\t<\/div>\n\t\t<div class=\"elementor-element elementor-element-3ff8bab0 e-con-full e-flex e-con e-child\" data-id=\"3ff8bab0\" data-element_type=\"container\" data-e-type=\"container\" data-settings=\"{&quot;background_background&quot;:&quot;classic&quot;}\">\n\t\t<div class=\"elementor-element elementor-element-7b384054 e-con-full e-flex e-con e-child\" data-id=\"7b384054\" data-element_type=\"container\" data-e-type=\"container\">\n\t\t<div class=\"elementor-element elementor-element-9494e34 e-con-full e-flex e-con e-child\" data-id=\"9494e34\" data-element_type=\"container\" data-e-type=\"container\">\n\t\t\t\t<div class=\"elementor-element elementor-element-2e2fded7 elementor-widget elementor-widget-image\" data-id=\"2e2fded7\" data-element_type=\"widget\" data-e-type=\"widget\" data-widget_type=\"image.default\">\n\t\t\t\t<div class=\"elementor-widget-container\">\n\t\t\t\t\t\t\t\t\t\t\t\t\t\t\t<img loading=\"lazy\" decoding=\"async\" width=\"522\" height=\"348\" src=\"\/wp-content\/uploads\/2025\/04\/Business_WomanDeskLookingatPhoneSmiling_2025.jpg\" class=\"attachment-large size-large wp-image-19964\" alt=\"\" srcset=\"\/wp-content\/uploads\/2025\/04\/Business_WomanDeskLookingatPhoneSmiling_2025.jpg 522w, \/wp-content\/uploads\/2025\/04\/Business_WomanDeskLookingatPhoneSmiling_2025-300x200.jpg 300w\" sizes=\"(max-width: 522px) 100vw, 522px\" \/>\t\t\t\t\t\t\t\t\t\t\t\t\t\t\t<\/div>\n\t\t\t\t<\/div>\n\t\t\t\t<\/div>\n\t\t<div class=\"elementor-element elementor-element-29f51555 e-con-full e-flex e-con e-child\" data-id=\"29f51555\" data-element_type=\"container\" data-e-type=\"container\">\n\t\t\t\t<div class=\"elementor-element elementor-element-60467c02 elementor-widget elementor-widget-text-editor\" data-id=\"60467c02\" data-element_type=\"widget\" data-e-type=\"widget\" data-widget_type=\"text-editor.default\">\n\t\t\t\t<div class=\"elementor-widget-container\">\n\t\t\t\t\t\t\t\t\t<h2>Protection facultative<\/h2>\n<p>Il existe trois groupes auxquels la protection facultative peut s\u2019appliquer.<\/p>\n\t\t\t\t\t\t\t\t<\/div>\n\t\t\t\t<\/div>\n\t\t\t\t<div class=\"elementor-element elementor-element-b0e3c13 elementor-widget elementor-widget-button\" data-id=\"b0e3c13\" data-element_type=\"widget\" data-e-type=\"widget\" data-widget_type=\"button.default\">\n\t\t\t\t<div class=\"elementor-widget-container\">\n\t\t\t\t\t\t\t\t\t<div class=\"elementor-button-wrapper\">\n\t\t\t\t\t<a class=\"elementor-button elementor-button-link elementor-size-sm\" href=\"\/fr\/employeurs\/protection-facultative\/\" aria-label=\"Learn more about optional coverage\">\n\t\t\t\t\t\t<span class=\"elementor-button-content-wrapper\">\n\t\t\t\t\t\t\t\t\t<span class=\"elementor-button-text\">Apprenez-en plus<\/span>\n\t\t\t\t\t<\/span>\n\t\t\t\t\t<\/a>\n\t\t\t\t<\/div>\n\t\t\t\t\t\t\t\t<\/div>\n\t\t\t\t<\/div>\n\t\t\t\t<\/div>\n\t\t\t\t<\/div>\n\t\t\t\t<\/div>\n\t\t<div class=\"elementor-element elementor-element-f7bf553 e-con-full e-flex e-con e-child\" data-id=\"f7bf553\" data-element_type=\"container\" data-e-type=\"container\">\n\t\t<div class=\"elementor-element elementor-element-b875e04 e-con-full e-flex e-con e-child\" data-id=\"b875e04\" data-element_type=\"container\" data-e-type=\"container\">\n\t\t\t\t<div class=\"elementor-element elementor-element-11c1ae90 elementor-widget elementor-widget-text-editor\" data-id=\"11c1ae90\" data-element_type=\"widget\" data-e-type=\"widget\" data-widget_type=\"text-editor.default\">\n\t\t\t\t<div class=\"elementor-widget-container\">\n\t\t\t\t\t\t\t\t\t<h2>Formulaires<\/h2>\n<p>Trouvez les formulaires de l\u2019employeur dont vous avez besoin.<\/p>\n\t\t\t\t\t\t\t\t<\/div>\n\t\t\t\t<\/div>\n\t\t\t\t<div class=\"elementor-element elementor-element-358483d8 elementor-widget elementor-widget-button\" data-id=\"358483d8\" data-element_type=\"widget\" data-e-type=\"widget\" data-widget_type=\"button.default\">\n\t\t\t\t<div class=\"elementor-widget-container\">\n\t\t\t\t\t\t\t\t\t<div class=\"elementor-button-wrapper\">\n\t\t\t\t\t<a class=\"elementor-button elementor-button-link elementor-size-sm\" href=\"https:\/\/www.wcb.mb.ca\/fr\/employeurs\/formulaires-pour-employeurs\/\" aria-label=\"Learn more about forms\">\n\t\t\t\t\t\t<span class=\"elementor-button-content-wrapper\">\n\t\t\t\t\t\t\t\t\t<span class=\"elementor-button-text\">Apprenez-en plus<\/span>\n\t\t\t\t\t<\/span>\n\t\t\t\t\t<\/a>\n\t\t\t\t<\/div>\n\t\t\t\t\t\t\t\t<\/div>\n\t\t\t\t<\/div>\n\t\t\t\t<\/div>\n\t\t<div class=\"elementor-element elementor-element-d5bfb94 e-con-full e-flex e-con e-child\" data-id=\"d5bfb94\" data-element_type=\"container\" data-e-type=\"container\">\n\t\t\t\t<div class=\"elementor-element elementor-element-45898701 elementor-widget elementor-widget-image\" data-id=\"45898701\" data-element_type=\"widget\" data-e-type=\"widget\" data-widget_type=\"image.default\">\n\t\t\t\t<div class=\"elementor-widget-container\">\n\t\t\t\t\t\t\t\t\t\t\t\t\t\t\t<img loading=\"lazy\" decoding=\"async\" width=\"522\" height=\"348\" src=\"\/wp-content\/uploads\/2025\/04\/Business_ManPhoneCoffeeCup_2025.jpg\" class=\"attachment-large size-large wp-image-19965\" alt=\"\" srcset=\"\/wp-content\/uploads\/2025\/04\/Business_ManPhoneCoffeeCup_2025.jpg 522w, \/wp-content\/uploads\/2025\/04\/Business_ManPhoneCoffeeCup_2025-300x200.jpg 300w\" sizes=\"(max-width: 522px) 100vw, 522px\" \/>\t\t\t\t\t\t\t\t\t\t\t\t\t\t\t<\/div>\n\t\t\t\t<\/div>\n\t\t\t\t<\/div>\n\t\t\t\t<\/div>\n\t\t<div class=\"elementor-element elementor-element-d552906 e-con-full e-flex e-con e-child\" data-id=\"d552906\" data-element_type=\"container\" data-e-type=\"container\" data-settings=\"{&quot;background_background&quot;:&quot;classic&quot;}\">\n\t\t<div class=\"elementor-element elementor-element-dd406a0 e-con-full e-flex e-con e-child\" data-id=\"dd406a0\" data-element_type=\"container\" data-e-type=\"container\">\n\t\t<div class=\"elementor-element elementor-element-83e06d1 e-con-full e-flex e-con e-child\" data-id=\"83e06d1\" data-element_type=\"container\" data-e-type=\"container\">\n\t\t\t\t<div class=\"elementor-element elementor-element-8397dd7 elementor-widget elementor-widget-image\" data-id=\"8397dd7\" data-element_type=\"widget\" data-e-type=\"widget\" data-widget_type=\"image.default\">\n\t\t\t\t<div class=\"elementor-widget-container\">\n\t\t\t\t\t\t\t\t\t\t\t\t\t\t\t<img loading=\"lazy\" decoding=\"async\" width=\"522\" height=\"348\" src=\"\/wp-content\/uploads\/2025\/04\/Training_GroupTrainingSettingProfessional_2025.jpg\" class=\"attachment-large size-large wp-image-19966\" alt=\"\" srcset=\"\/wp-content\/uploads\/2025\/04\/Training_GroupTrainingSettingProfessional_2025.jpg 522w, \/wp-content\/uploads\/2025\/04\/Training_GroupTrainingSettingProfessional_2025-300x200.jpg 300w\" sizes=\"(max-width: 522px) 100vw, 522px\" \/>\t\t\t\t\t\t\t\t\t\t\t\t\t\t\t<\/div>\n\t\t\t\t<\/div>\n\t\t\t\t<\/div>\n\t\t<div class=\"elementor-element elementor-element-8880d04 e-con-full e-flex e-con e-child\" data-id=\"8880d04\" data-element_type=\"container\" data-e-type=\"container\">\n\t\t\t\t<div class=\"elementor-element elementor-element-9d759da elementor-widget elementor-widget-text-editor\" data-id=\"9d759da\" data-element_type=\"widget\" data-e-type=\"widget\" data-widget_type=\"text-editor.default\">\n\t\t\t\t<div class=\"elementor-widget-container\">\n\t\t\t\t\t\t\t\t\t<h2>Formation et ateliers<\/h2>\n<p>Assistez \u00e0 une s\u00e9ance de formation virtuelle ou en personne.<\/p>\n\t\t\t\t\t\t\t\t<\/div>\n\t\t\t\t<\/div>\n\t\t\t\t<div class=\"elementor-element elementor-element-eea8259 elementor-widget elementor-widget-button\" data-id=\"eea8259\" data-element_type=\"widget\" data-e-type=\"widget\" data-widget_type=\"button.default\">\n\t\t\t\t<div class=\"elementor-widget-container\">\n\t\t\t\t\t\t\t\t\t<div class=\"elementor-button-wrapper\">\n\t\t\t\t\t<a class=\"elementor-button elementor-button-link elementor-size-sm\" href=\"\/fr\/employeurs\/formation-et-ateliers\/\" aria-label=\"Learn more about training and workshops\">\n\t\t\t\t\t\t<span class=\"elementor-button-content-wrapper\">\n\t\t\t\t\t\t\t\t\t<span class=\"elementor-button-text\">Apprenez-en plus<\/span>\n\t\t\t\t\t<\/span>\n\t\t\t\t\t<\/a>\n\t\t\t\t<\/div>\n\t\t\t\t\t\t\t\t<\/div>\n\t\t\t\t<\/div>\n\t\t\t\t<\/div>\n\t\t\t\t<\/div>\n\t\t\t\t<\/div>\n\t\t\t\t<\/div>\n\t\t\t\t<\/div>\n\t\t","protected":false},"excerpt":{"rendered":"<p>Information sur l\u2019employeur L\u2019assurance contre les accidents du travail prot\u00e8ge vos employ\u00e9s et vous en cas de blessure ou maladie professionnelle survenue en milieu de travail. Elle couvre le salaire pendant la p\u00e9riode de gu\u00e9rison de votre travailleur, assure les frais de prestation de soins de sant\u00e9 et vous prot\u00e8ge contre les poursuites en justice. [&hellip;]<\/p>\n","protected":false},"author":1,"featured_media":0,"parent":0,"menu_order":0,"comment_status":"closed","ping_status":"closed","template":"","meta":{"_acf_changed":false,"footnotes":""},"tags":[37],"class_list":["post-835","page","type-page","status-publish","hentry","tag-robot-conversationnel"],"acf":[],"_links":{"self":[{"href":"https:\/\/www.wcb.mb.ca\/fr\/wp-json\/wp\/v2\/pages\/835","targetHints":{"allow":["GET"]}}],"collection":[{"href":"https:\/\/www.wcb.mb.ca\/fr\/wp-json\/wp\/v2\/pages"}],"about":[{"href":"https:\/\/www.wcb.mb.ca\/fr\/wp-json\/wp\/v2\/types\/page"}],"author":[{"embeddable":true,"href":"https:\/\/www.wcb.mb.ca\/fr\/wp-json\/wp\/v2\/users\/1"}],"replies":[{"embeddable":true,"href":"https:\/\/www.wcb.mb.ca\/fr\/wp-json\/wp\/v2\/comments?post=835"}],"version-history":[{"count":26,"href":"https:\/\/www.wcb.mb.ca\/fr\/wp-json\/wp\/v2\/pages\/835\/revisions"}],"predecessor-version":[{"id":22631,"href":"https:\/\/www.wcb.mb.ca\/fr\/wp-json\/wp\/v2\/pages\/835\/revisions\/22631"}],"wp:attachment":[{"href":"https:\/\/www.wcb.mb.ca\/fr\/wp-json\/wp\/v2\/media?parent=835"}],"wp:term":[{"taxonomy":"post_tag","embeddable":true,"href":"https:\/\/www.wcb.mb.ca\/fr\/wp-json\/wp\/v2\/tags?post=835"}],"curies":[{"name":"wp","href":"https:\/\/api.w.org\/{rel}","templated":true}]}}