{"id":832,"date":"2024-07-29T16:48:18","date_gmt":"2024-07-29T20:48:18","guid":{"rendered":"https:\/\/wcbmanitoba.dev.showandtelldev.com\/page-daccueil\/"},"modified":"2026-04-16T10:57:55","modified_gmt":"2026-04-16T14:57:55","slug":"page-daccueil","status":"publish","type":"page","link":"https:\/\/www.wcb.mb.ca\/fr\/","title":{"rendered":"Accueil"},"content":{"rendered":"\t\t<div data-elementor-type=\"wp-page\" data-elementor-id=\"832\" class=\"elementor elementor-832 elementor-10\" data-elementor-post-type=\"page\">\n\t\t\t\t<div class=\"elementor-element elementor-element-e972ce5 e-flex e-con-boxed e-con e-parent\" data-id=\"e972ce5\" data-element_type=\"container\" data-e-type=\"container\">\n\t\t\t\t\t<div class=\"e-con-inner\">\n\t\t\t\t<div class=\"elementor-element elementor-element-d108f9f elementor-widget elementor-widget-st-header-image\" data-id=\"d108f9f\" data-element_type=\"widget\" data-e-type=\"widget\" data-widget_type=\"st-header-image.default\">\n\t\t\t\t<div class=\"elementor-widget-container\">\n\t\t\t\t\t<div class=\"c-headerImage g-layout__padding c-headerImage--large\"><div class=\"c-headerImage__container g-layout__maxWidth\"><div class=\"c-headerImage__content\"><div ><h1>Si vous vous blessez au travail,<br \/><span style=\"color: #b3dfe7;\">nous sommes l\u00e0 pour vous aider.<\/span><\/h1><div>La Commission des accidents du travail du Manitoba (la WCB) s\u2019engage \u00e0 aider les travailleurs et les employeurs de l\u2019ensemble de la province.<\/div><\/div><a class=\"c-headerImage__btn g-btn\" href=\"\/\u00e0%20propos\/\"\"><span >\u00c0 propos<\/span><\/a><\/div><\/div><\/div>\t\t\t\t<\/div>\n\t\t\t\t<\/div>\n\t\t\t\t\t<\/div>\n\t\t\t\t<\/div>\n\t\t<div class=\"elementor-element elementor-element-337dd9b elementor-hidden-tablet elementor-hidden-mobile e-flex e-con-boxed e-con e-parent\" data-id=\"337dd9b\" data-element_type=\"container\" data-e-type=\"container\" data-settings=\"{&quot;background_background&quot;:&quot;gradient&quot;}\">\n\t\t\t\t\t<div class=\"e-con-inner\">\n\t\t<div class=\"elementor-element elementor-element-e878d5c e-con-full e-grid elementor-hidden-tablet elementor-hidden-mobile c-headerImage__linkList e-con e-child\" data-id=\"e878d5c\" data-element_type=\"container\" data-e-type=\"container\">\n\t\t\t\t<div class=\"elementor-element elementor-element-bcc81bd elementor-widget elementor-widget-text-editor\" data-id=\"bcc81bd\" data-element_type=\"widget\" data-e-type=\"widget\" data-widget_type=\"text-editor.default\">\n\t\t\t\t<div class=\"elementor-widget-container\">\n\t\t\t\t\t\t\t\t\t<p><a href=\"https:\/\/www.wcb.mb.ca\/fr\/employeurs\/droits-et-responsabilites-des-employeurs\/enquetes-et-penalites\/#:~:text=Payroll%20violations%20by%20employers\" target=\"_blank\" rel=\"noopener\"><strong>La date limite pour soumettre votre masse salariale est pass\u00e9e. <\/strong>En apprendre plus.<\/a><\/p>\n\t\t\t\t\t\t\t\t<\/div>\n\t\t\t\t<\/div>\n\t\t\t\t<div class=\"elementor-element elementor-element-f9fc7df elementor-widget elementor-widget-text-editor\" data-id=\"f9fc7df\" data-element_type=\"widget\" data-e-type=\"widget\" data-widget_type=\"text-editor.default\">\n\t\t\t\t<div class=\"elementor-widget-container\">\n\t\t\t\t\t\t\t\t\t<p><a href=\"https:\/\/www.wcb.mb.ca\/fr\/travailleurs\/signalez-votre-blessure\/\"><strong>Signalez votre blessure au travail \u00e0 la WCB.<\/strong> En apprendre plus.<\/a><\/p>\n\t\t\t\t\t\t\t\t<\/div>\n\t\t\t\t<\/div>\n\t\t\t\t<div class=\"elementor-element elementor-element-8208256 elementor-widget elementor-widget-text-editor\" data-id=\"8208256\" data-element_type=\"widget\" data-e-type=\"widget\" data-widget_type=\"text-editor.default\">\n\t\t\t\t<div class=\"elementor-widget-container\">\n\t\t\t\t\t\t\t\t\t<p><a href=\"https:\/\/www.wcb.mb.ca\/fr\/code-de-conduite\/\">Nous nous engageons \u00e0 offrir un environnement de travail s\u00e9curitaire. <strong>Prenez connaissance de notre Code de conduite. <\/strong><\/a><\/p>\n\t\t\t\t\t\t\t\t<\/div>\n\t\t\t\t<\/div>\n\t\t\t\t<div class=\"elementor-element elementor-element-b039c39 elementor-widget elementor-widget-text-editor\" data-id=\"b039c39\" data-element_type=\"widget\" data-e-type=\"widget\" data-widget_type=\"text-editor.default\">\n\t\t\t\t<div class=\"elementor-widget-container\">\n\t\t\t\t\t\t\t\t\t<p><a href=\"https:\/\/www.wcb.mb.ca\/legislative-review\/\"><strong>La Loi sur les accidents du travail est en cours de r\u00e9vision.<\/strong> En apprendre plus.<\/a><\/p>\n\t\t\t\t\t\t\t\t<\/div>\n\t\t\t\t<\/div>\n\t\t\t\t<\/div>\n\t\t\t\t\t<\/div>\n\t\t\t\t<\/div>\n\t\t<div class=\"elementor-element elementor-element-249f2fc e-con-full e-flex e-con e-parent\" data-id=\"249f2fc\" data-element_type=\"container\" data-e-type=\"container\">\n\t\t<div class=\"elementor-element elementor-element-90f352f e-grid e-con-full e-con e-child\" data-id=\"90f352f\" data-element_type=\"container\" data-e-type=\"container\">\n\t\t<div class=\"elementor-element elementor-element-74b1ac6 e-con-full e-flex e-con e-child\" data-id=\"74b1ac6\" data-element_type=\"container\" data-e-type=\"container\" data-settings=\"{&quot;background_background&quot;:&quot;classic&quot;}\">\n\t\t\t\t<div class=\"elementor-element elementor-element-92de3d7 elementor-widget elementor-widget-st-link-list\" data-id=\"92de3d7\" data-element_type=\"widget\" data-e-type=\"widget\" data-widget_type=\"st-link-list.default\">\n\t\t\t\t<div class=\"elementor-widget-container\">\n\t\t\t\t\t<div class=\"c-linkList c-linkList--default c-linkList--default\"><h2 class=\"c-linkList__title\"><span >Travailleurs<\/span><\/h2><div class=\"c-linkList__list\"><div class=\"c-linkList__item\"><a class=\"c-linkList__itemBtn g-btn__arrow--fullWidth\" href=\"\/workers\/report-your-injury\/\"><span >Signalez votre blessure<\/span><\/a><\/div><div class=\"c-linkList__item\"><a class=\"c-linkList__itemBtn g-btn__arrow--fullWidth\" href=\"\/workers\/report-your-injury\/worker-claim-process\/\"><span >Processus de r\u00e9clamation du travailleur<\/span><\/a><\/div><div class=\"c-linkList__item\"><a class=\"c-linkList__itemBtn g-btn__arrow--fullWidth\" href=\"\/workers\/workers-compensation-benefits\/wage-loss-benefits\/\"><span >Avantages<\/span><\/a><\/div><div class=\"c-linkList__item\"><a class=\"c-linkList__itemBtn g-btn__arrow--fullWidth\" href=\"\/workers\/return-to-work\/\"><span >Retour au travail<\/span><\/a><\/div><div class=\"c-linkList__item\"><a class=\"c-linkList__itemBtn g-btn__arrow--fullWidth\" href=\"\/workers\/worker-rights-and-responsibilities\/\"><span >Droits et responsabilit\u00e9s des travailleurs<\/span><\/a><\/div><\/div><\/div>\t\t\t\t<\/div>\n\t\t\t\t<\/div>\n\t\t\t\t<\/div>\n\t\t<div class=\"elementor-element elementor-element-8d41835 e-con-full e-flex e-con e-child\" data-id=\"8d41835\" data-element_type=\"container\" data-e-type=\"container\" data-settings=\"{&quot;background_background&quot;:&quot;classic&quot;}\">\n\t\t\t\t<div class=\"elementor-element elementor-element-3946f38 elementor-widget elementor-widget-st-link-list\" data-id=\"3946f38\" data-element_type=\"widget\" data-e-type=\"widget\" data-widget_type=\"st-link-list.default\">\n\t\t\t\t<div class=\"elementor-widget-container\">\n\t\t\t\t\t<div class=\"c-linkList c-linkList--default c-linkList--light-blue\"><h2 class=\"c-linkList__title\"><span >Employeurs<\/span><\/h2><div class=\"c-linkList__list\"><div class=\"c-linkList__item\"><a class=\"c-linkList__itemBtn g-btn__arrow--fullWidth\" href=\"\/employers\/report-an-injury\/\"><span >Signaler une blessure<\/span><\/a><\/div><div class=\"c-linkList__item\"><a class=\"c-linkList__itemBtn g-btn__arrow--fullWidth\" href=\"\/employers\/return-to-work\/\"><span >Retour au travail<\/span><\/a><\/div><div class=\"c-linkList__item\"><a class=\"c-linkList__itemBtn g-btn__arrow--fullWidth\" href=\"\/employers\/register-a-business-for-wcb-coverage\/\"><span >Inscrire une entreprise<\/span><\/a><\/div><div class=\"c-linkList__item\"><a class=\"c-linkList__itemBtn g-btn__arrow--fullWidth\" href=\"\/employers\/clearances\/\"><span >Attestations<\/span><\/a><\/div><div class=\"c-linkList__item\"><a class=\"c-linkList__itemBtn g-btn__arrow--fullWidth\" href=\"\/employers\/claims-and-claim-decisions\/\"><span >R\u00e9clamations et d\u00e9cisions relatives aux r\u00e9clamations<\/span><\/a><\/div><\/div><\/div>\t\t\t\t<\/div>\n\t\t\t\t<\/div>\n\t\t\t\t<\/div>\n\t\t<div class=\"elementor-element elementor-element-e1a3f01 e-con-full e-flex e-con e-child\" data-id=\"e1a3f01\" data-element_type=\"container\" data-e-type=\"container\" data-settings=\"{&quot;background_background&quot;:&quot;classic&quot;}\">\n\t\t\t\t<div class=\"elementor-element elementor-element-fad0395 elementor-widget elementor-widget-st-link-list\" data-id=\"fad0395\" data-element_type=\"widget\" data-e-type=\"widget\" data-widget_type=\"st-link-list.default\">\n\t\t\t\t<div class=\"elementor-widget-container\">\n\t\t\t\t\t<div class=\"c-linkList c-linkList--default c-linkList--grey\"><h2 class=\"c-linkList__title\"><span >Fournisseurs de soins de sant\u00e9<\/span><\/h2><div class=\"c-linkList__list\"><div class=\"c-linkList__item\"><a class=\"c-linkList__itemBtn g-btn__arrow--fullWidth\" href=\"\/healthcare-providers\/\"><span >Information pour les fournisseurs de soins de sant\u00e9<\/span><\/a><\/div><div class=\"c-linkList__item\"><a class=\"c-linkList__itemBtn g-btn__arrow--fullWidth\" href=\"\/healthcare-providers\/billing-and-payments\/\"><span >Facturation et paiements<\/span><\/a><\/div><div class=\"c-linkList__item\"><a class=\"c-linkList__itemBtn g-btn__arrow--fullWidth\" href=\"\/healthcare-providers\/return-to-work\/\"><span >Retour au travail<\/span><\/a><\/div><div class=\"c-linkList__item\"><a class=\"c-linkList__itemBtn g-btn__arrow--fullWidth\" href=\"\/healthcare-providers\/resources-and-forms\/\"><span >Ressources et formulaires<\/span><\/a><\/div><div class=\"c-linkList__item\"><a class=\"c-linkList__itemBtn g-btn__arrow--fullWidth\" href=\"\/healthcare-providers\/billing-and-payments\/create-a-wcb-provider-account\/\"><span >Cr\u00e9er un compte de fournisseur de la WCB<\/span><\/a><\/div><\/div><\/div>\t\t\t\t<\/div>\n\t\t\t\t<\/div>\n\t\t\t\t<\/div>\n\t\t\t\t<\/div>\n\t\t\t\t<\/div>\n\t\t<div class=\"elementor-element elementor-element-424246d backgroundGreyGradient e-flex e-con-boxed e-con e-parent\" data-id=\"424246d\" data-element_type=\"container\" data-e-type=\"container\">\n\t\t\t\t\t<div class=\"e-con-inner\">\n\t\t\t\t<div class=\"elementor-element elementor-element-921c623 elementor-widget elementor-widget-spacer\" data-id=\"921c623\" data-element_type=\"widget\" data-e-type=\"widget\" data-widget_type=\"spacer.default\">\n\t\t\t\t<div class=\"elementor-widget-container\">\n\t\t\t\t\t\t\t<div class=\"elementor-spacer\">\n\t\t\t<div class=\"elementor-spacer-inner\"><\/div>\n\t\t<\/div>\n\t\t\t\t\t\t<\/div>\n\t\t\t\t<\/div>\n\t\t\t\t<div class=\"elementor-element elementor-element-89a9f15 elementor-widget elementor-widget-text-editor\" data-id=\"89a9f15\" data-element_type=\"widget\" data-e-type=\"widget\" data-widget_type=\"text-editor.default\">\n\t\t\t\t<div class=\"elementor-widget-container\">\n\t\t\t\t\t\t\t\t\t<h2>SAIN et SAUF au travail Manitoba<\/h2>\n\t\t\t\t\t\t\t\t<\/div>\n\t\t\t\t<\/div>\n\t\t\t\t<div class=\"elementor-element elementor-element-b67bc7c elementor-widget elementor-widget-st-image-box-list\" data-id=\"b67bc7c\" data-element_type=\"widget\" data-e-type=\"widget\" data-widget_type=\"st-image-box-list.default\">\n\t\t\t\t<div class=\"elementor-widget-container\">\n\t\t\t\t\t<div class=\"c-imageBoxList c-imageBoxList--4 c-imageBoxList--left c-imageBoxList--style2 c-imageBoxList--imageCover\"><div class=\"c-imageBoxList__item\"><img fetchpriority=\"high\" decoding=\"async\" width=\"522\" height=\"294\" src=\"https:\/\/www.wcb.mb.ca\/uploads\/2025\/04\/HomePage1.jpg\" class=\"c-imageBoxList__itemImage\" alt=\"Pr\u00e9vention des blessures et maladies professionnelles survenues en milieu de travail\" srcset=\"https:\/\/www.wcb.mb.ca\/uploads\/2025\/04\/HomePage1.jpg 522w, https:\/\/www.wcb.mb.ca\/uploads\/2025\/04\/HomePage1-300x169.jpg 300w\" sizes=\"(max-width: 522px) 100vw, 522px\" \/><div class=\"c-imageBoxList__itemContent\"><div class=\"c-imageBoxList__itemTitle\"><span >Pr\u00e9vention des blessures et maladies professionnelles survenues en milieu de travail<\/span><\/div><div class=\"c-imageBoxList__itemDescription\"><span ><\/span><\/div><\/div><a class=\"c-imageBoxList__itemBtn g-btn\" href=\"\/sain-et-sauf-au-travail-manitoba\/\" aria-label=\"Apprenez-en plus Pr\u00e9vention des blessures et maladies professionnelles survenues en milieu de travail\"href=\"\/sain-et-sauf-au-travail-manitoba\/\" aria-label=\"Learn more about Workplace injury and illness prevention\"><span >Apprenez-en plus<\/span><\/a><\/div><div class=\"c-imageBoxList__item\"><img decoding=\"async\" width=\"522\" height=\"294\" src=\"https:\/\/www.wcb.mb.ca\/uploads\/2025\/04\/HomePage2.jpg\" class=\"c-imageBoxList__itemImage\" alt=\"Droits et responsabilit\u00e9s en mati\u00e8re de s\u00e9curit\u00e9\" srcset=\"https:\/\/www.wcb.mb.ca\/uploads\/2025\/04\/HomePage2.jpg 522w, https:\/\/www.wcb.mb.ca\/uploads\/2025\/04\/HomePage2-300x169.jpg 300w\" sizes=\"(max-width: 522px) 100vw, 522px\" \/><div class=\"c-imageBoxList__itemContent\"><div class=\"c-imageBoxList__itemTitle\"><span >Droits et responsabilit\u00e9s en mati\u00e8re de s\u00e9curit\u00e9<\/span><\/div><div class=\"c-imageBoxList__itemDescription\"><span ><\/span><\/div><\/div><a class=\"c-imageBoxList__itemBtn g-btn\" href=\"\/sain-et-sauf-au-travail-manitoba\/formation-et-certification-en-securite\/\" aria-label=\"Apprenez-en plus Droits et responsabilit\u00e9s en mati\u00e8re de s\u00e9curit\u00e9\"href=\"\/sain-et-sauf-au-travail-manitoba\/formation-et-certification-en-securite\/\" aria-label=\"Learn more about Safety rights and responsibilities\"><span >Apprenez-en plus<\/span><\/a><\/div><div class=\"c-imageBoxList__item\"><img decoding=\"async\" width=\"522\" height=\"294\" src=\"https:\/\/www.wcb.mb.ca\/uploads\/2025\/04\/HomePage3.jpg\" class=\"c-imageBoxList__itemImage\" alt=\"Information sur les risques et expositions\" srcset=\"https:\/\/www.wcb.mb.ca\/uploads\/2025\/04\/HomePage3.jpg 522w, https:\/\/www.wcb.mb.ca\/uploads\/2025\/04\/HomePage3-300x169.jpg 300w\" sizes=\"(max-width: 522px) 100vw, 522px\" \/><div class=\"c-imageBoxList__itemContent\"><div class=\"c-imageBoxList__itemTitle\"><span >Information sur les risques et expositions<\/span><\/div><div class=\"c-imageBoxList__itemDescription\"><span ><\/span><\/div><\/div><a class=\"c-imageBoxList__itemBtn g-btn\" href=\"\/sain-et-sauf-au-travail-manitoba\/risques-et-expositions\/\" aria-label=\"Apprenez-en plus Information sur les risques et expositions\"href=\"\/sain-et-sauf-au-travail-manitoba\/risques-et-expositions\/\" aria-label=\"Learn more about Hazards and exposure information\"><span >Apprenez-en plus<\/span><\/a><\/div><div class=\"c-imageBoxList__item\"><img loading=\"lazy\" decoding=\"async\" width=\"522\" height=\"294\" src=\"https:\/\/www.wcb.mb.ca\/uploads\/2025\/04\/HomePage4.jpg\" class=\"c-imageBoxList__itemImage\" alt=\"Informations en mati\u00e8re de sant\u00e9 et de s\u00e9curit\u00e9\" srcset=\"https:\/\/www.wcb.mb.ca\/uploads\/2025\/04\/HomePage4.jpg 522w, https:\/\/www.wcb.mb.ca\/uploads\/2025\/04\/HomePage4-300x169.jpg 300w\" sizes=\"(max-width: 522px) 100vw, 522px\" \/><div class=\"c-imageBoxList__itemContent\"><div class=\"c-imageBoxList__itemTitle\"><span >Informations en mati\u00e8re de sant\u00e9 et de s\u00e9curit\u00e9<\/span><\/div><div class=\"c-imageBoxList__itemDescription\"><span ><\/span><\/div><\/div><a class=\"c-imageBoxList__itemBtn g-btn\" href=\"\/sain-et-sauf-au-travail-manitoba\/sujets-entourant-la-securite-et-la-sante\/\" aria-label=\"Apprenez-en plus Informations en mati\u00e8re de sant\u00e9 et de s\u00e9curit\u00e9\"href=\"\/sain-et-sauf-au-travail-manitoba\/sujets-entourant-la-securite-et-la-sante\/\" aria-label=\"Learn more about Health and safety information\"><span >Apprenez-en plus<\/span><\/a><\/div><\/div>\t\t\t\t<\/div>\n\t\t\t\t<\/div>\n\t\t\t\t\t<\/div>\n\t\t\t\t<\/div>\n\t\t<div class=\"elementor-element elementor-element-6877eb3 e-flex e-con-boxed e-con e-parent\" data-id=\"6877eb3\" data-element_type=\"container\" data-e-type=\"container\">\n\t\t\t\t\t<div class=\"e-con-inner\">\n\t\t<div class=\"elementor-element elementor-element-3cc6304 e-con-full e-flex e-con e-child\" data-id=\"3cc6304\" data-element_type=\"container\" data-e-type=\"container\" data-settings=\"{&quot;background_background&quot;:&quot;classic&quot;}\">\n\t\t\t\t<div class=\"elementor-element elementor-element-3cc40cd elementor-widget elementor-widget-heading\" data-id=\"3cc40cd\" data-element_type=\"widget\" data-e-type=\"widget\" data-widget_type=\"heading.default\">\n\t\t\t\t<div class=\"elementor-widget-container\">\n\t\t\t\t\t<h2 class=\"elementor-heading-title elementor-size-default\">Formation et certification sur la s\u00e9curit\u00e9 en milieu de travail<\/h2>\t\t\t\t<\/div>\n\t\t\t\t<\/div>\n\t\t\t\t<div class=\"elementor-element elementor-element-0e9c941 elementor-widget__width-initial elementor-widget elementor-widget-text-editor\" data-id=\"0e9c941\" data-element_type=\"widget\" data-e-type=\"widget\" data-widget_type=\"text-editor.default\">\n\t\t\t\t<div class=\"elementor-widget-container\">\n\t\t\t\t\t\t\t\t\t<p>Explorez notre portail de formation, acc\u00e9dez \u00e0 une formation de haut niveau, devenez un fournisseur de formation valid\u00e9e par SAIN et SAUF au travail et bien plus.<\/p>\n\t\t\t\t\t\t\t\t<\/div>\n\t\t\t\t<\/div>\n\t\t\t\t<div class=\"elementor-element elementor-element-7cb27e9 elementor-align-center elementor-widget elementor-widget-button\" data-id=\"7cb27e9\" data-element_type=\"widget\" data-e-type=\"widget\" data-widget_type=\"button.default\">\n\t\t\t\t<div class=\"elementor-widget-container\">\n\t\t\t\t\t\t\t\t\t<div class=\"elementor-button-wrapper\">\n\t\t\t\t\t<a class=\"elementor-button elementor-button-link elementor-size-sm\" href=\"https:\/\/www.wcb.mb.ca\/fr\/sain-et-sauf-au-travail-manitoba\/formation-et-certification-en-securite\/portail-de-formation-sain-et-sauf-au-travail-manitoba\/\" aria-label=\"Explore now - Workplace safety training and certification\">\n\t\t\t\t\t\t<span class=\"elementor-button-content-wrapper\">\n\t\t\t\t\t\t\t\t\t<span class=\"elementor-button-text\">Explorez le portail maintenant<\/span>\n\t\t\t\t\t<\/span>\n\t\t\t\t\t<\/a>\n\t\t\t\t<\/div>\n\t\t\t\t\t\t\t\t<\/div>\n\t\t\t\t<\/div>\n\t\t\t\t<\/div>\n\t\t\t\t\t<\/div>\n\t\t\t\t<\/div>\n\t\t<div class=\"elementor-element elementor-element-6410584 e-flex e-con-boxed e-con e-parent\" data-id=\"6410584\" data-element_type=\"container\" data-e-type=\"container\">\n\t\t\t\t\t<div class=\"e-con-inner\">\n\t\t\t\t<div class=\"elementor-element elementor-element-8ac71fe elementor-widget elementor-widget-text-editor\" data-id=\"8ac71fe\" data-element_type=\"widget\" data-e-type=\"widget\" data-widget_type=\"text-editor.default\">\n\t\t\t\t<div class=\"elementor-widget-container\">\n\t\t\t\t\t\t\t\t\t<h2>Nouvelles r\u00e9centes<\/h2>\n\t\t\t\t\t\t\t\t<\/div>\n\t\t\t\t<\/div>\n\t\t\t\t<div class=\"elementor-element elementor-element-28441b8 elementor-widget elementor-widget-st-blog-recent\" data-id=\"28441b8\" data-element_type=\"widget\" data-e-type=\"widget\" data-widget_type=\"st-blog-recent.default\">\n\t\t\t\t<div class=\"elementor-widget-container\">\n\t\t\t\t\t<div class=\"c-blogList c-blogList--recent c-blogList--2\"><div class=\"c-blogList__items\"><div class=\"c-blogList__item\"><a class=\"c-blogList__itemLink g-btn__arrow--fullWidth\" href=\"https:\/\/www.wcb.mb.ca\/fr\/nouvelles\/semaine-de-la-securite-et-de-la-sante\/\"><div class=\"c-blogList__itemText\"><div class=\"c-blogList__itemDate\">2026-02-12<\/div><h3 class=\"c-blogList__itemTitle\">Semaine de la s\u00e9curit\u00e9 et de la sant\u00e9<\/h3><\/div><\/a><\/div><div class=\"c-blogList__item\"><a class=\"c-blogList__itemLink g-btn__arrow--fullWidth\" href=\"https:\/\/www.wcb.mb.ca\/fr\/nouvelles\/la-wcb-distribue-des-fonds-excedentaires-de-122-millions-de-dollars-aux-employeurs-du-manitoba\/\"><div class=\"c-blogList__itemText\"><div class=\"c-blogList__itemDate\">2025-05-01<\/div><h3 class=\"c-blogList__itemTitle\">La WCB distribue des fonds exc\u00e9dentaires de 122\u00a0millions de dollars aux employeurs du Manitoba<\/h3><\/div><\/a><\/div><div class=\"c-blogList__item\"><a class=\"c-blogList__itemLink g-btn__arrow--fullWidth\" href=\"https:\/\/www.wcb.mb.ca\/fr\/nouvelles\/le-jour-de-deuil-rend-hommage-aux-vies-perdues-dans-les-tragedies-survenues-en-milieu-de-travail\/\"><div class=\"c-blogList__itemText\"><div class=\"c-blogList__itemDate\">2025-04-29<\/div><h3 class=\"c-blogList__itemTitle\">Le Jour de deuil rend hommage aux vies perdues dans les trag\u00e9dies survenues en milieu de travail<\/h3><\/div><\/a><\/div><div class=\"c-blogList__item\"><a class=\"c-blogList__itemLink g-btn__arrow--fullWidth\" href=\"https:\/\/www.wcb.mb.ca\/fr\/nouvelles\/concours-de-superheros-de-la-securite-gagnants-de-2024\/\"><div class=\"c-blogList__itemText\"><div class=\"c-blogList__itemDate\">2024-07-18<\/div><h3 class=\"c-blogList__itemTitle\">Concours de superh\u00e9ros de la s\u00e9curit\u00e9 \u2013 gagnants de 2024<\/h3><\/div><\/a><\/div><\/div><\/div>\t\t\t\t<\/div>\n\t\t\t\t<\/div>\n\t\t\t\t<div class=\"elementor-element elementor-element-68e6ef9 elementor-align-center elementor-widget elementor-widget-button\" data-id=\"68e6ef9\" data-element_type=\"widget\" data-e-type=\"widget\" data-widget_type=\"button.default\">\n\t\t\t\t<div class=\"elementor-widget-container\">\n\t\t\t\t\t\t\t\t\t<div class=\"elementor-button-wrapper\">\n\t\t\t\t\t<a class=\"elementor-button elementor-button-link elementor-size-sm\" href=\"https:\/\/www.wcb.mb.ca\/fr\/nouvelles\/\" aria-label=\"View more news\">\n\t\t\t\t\t\t<span class=\"elementor-button-content-wrapper\">\n\t\t\t\t\t\t\t\t\t<span class=\"elementor-button-text\">En voir plus<\/span>\n\t\t\t\t\t<\/span>\n\t\t\t\t\t<\/a>\n\t\t\t\t<\/div>\n\t\t\t\t\t\t\t\t<\/div>\n\t\t\t\t<\/div>\n\t\t\t\t\t<\/div>\n\t\t\t\t<\/div>\n\t\t<div class=\"elementor-element elementor-element-3657799 e-flex e-con-boxed e-con e-parent\" data-id=\"3657799\" data-element_type=\"container\" data-e-type=\"container\" data-settings=\"{&quot;background_background&quot;:&quot;classic&quot;}\">\n\t\t\t\t\t<div class=\"e-con-inner\">\n\t\t<div class=\"elementor-element elementor-element-4d7d026 e-con-full e-flex e-con e-child\" data-id=\"4d7d026\" data-element_type=\"container\" data-e-type=\"container\">\n\t\t\t\t<div class=\"elementor-element elementor-element-93fd81d elementor-widget elementor-widget-heading\" data-id=\"93fd81d\" data-element_type=\"widget\" data-e-type=\"widget\" data-widget_type=\"heading.default\">\n\t\t\t\t<div class=\"elementor-widget-container\">\n\t\t\t\t\t<h2 class=\"elementor-heading-title elementor-size-default\">Ateliers<\/h2>\t\t\t\t<\/div>\n\t\t\t\t<\/div>\n\t\t\t\t<div class=\"elementor-element elementor-element-ad02bfb elementor-widget__width-initial elementor-widget elementor-widget-text-editor\" data-id=\"ad02bfb\" data-element_type=\"widget\" data-e-type=\"widget\" data-widget_type=\"text-editor.default\">\n\t\t\t\t<div class=\"elementor-widget-container\">\n\t\t\t\t\t\t\t\t\t<p>Pour vous inscrire aux ateliers Fondements de la WCB et Fondements du retour au travail, pri\u00e8re de visiter le <a href=\"https:\/\/swmb.bluedrop.io\/storefront\/safeworkmanitoba\" target=\"_blank\" rel=\"noopener\">portail de formation SAIN et SAUF au travail Manitoba<\/a>.<\/p>\n\t\t\t\t\t\t\t\t<\/div>\n\t\t\t\t<\/div>\n\t\t\t\t<\/div>\n\t\t\t\t\t<\/div>\n\t\t\t\t<\/div>\n\t\t\t\t<\/div>\n\t\t","protected":false},"excerpt":{"rendered":"<p>Si vous vous blessez au travail,nous sommes l\u00e0 pour vous aider. La Commission des accidents du travail du Manitoba (la WCB) s\u2019engage \u00e0 aider les travailleurs et les employeurs de l\u2019ensemble de la province.<\/p>\n","protected":false},"author":1,"featured_media":0,"parent":0,"menu_order":0,"comment_status":"closed","ping_status":"closed","template":"","meta":{"_acf_changed":false,"footnotes":""},"tags":[],"class_list":["post-832","page","type-page","status-publish","hentry"],"acf":[],"_links":{"self":[{"href":"https:\/\/www.wcb.mb.ca\/fr\/wp-json\/wp\/v2\/pages\/832","targetHints":{"allow":["GET"]}}],"collection":[{"href":"https:\/\/www.wcb.mb.ca\/fr\/wp-json\/wp\/v2\/pages"}],"about":[{"href":"https:\/\/www.wcb.mb.ca\/fr\/wp-json\/wp\/v2\/types\/page"}],"author":[{"embeddable":true,"href":"https:\/\/www.wcb.mb.ca\/fr\/wp-json\/wp\/v2\/users\/1"}],"replies":[{"embeddable":true,"href":"https:\/\/www.wcb.mb.ca\/fr\/wp-json\/wp\/v2\/comments?post=832"}],"version-history":[{"count":45,"href":"https:\/\/www.wcb.mb.ca\/fr\/wp-json\/wp\/v2\/pages\/832\/revisions"}],"predecessor-version":[{"id":25197,"href":"https:\/\/www.wcb.mb.ca\/fr\/wp-json\/wp\/v2\/pages\/832\/revisions\/25197"}],"wp:attachment":[{"href":"https:\/\/www.wcb.mb.ca\/fr\/wp-json\/wp\/v2\/media?parent=832"}],"wp:term":[{"taxonomy":"post_tag","embeddable":true,"href":"https:\/\/www.wcb.mb.ca\/fr\/wp-json\/wp\/v2\/tags?post=832"}],"curies":[{"name":"wp","href":"https:\/\/api.w.org\/{rel}","templated":true}]}}