{"id":2304,"date":"2024-10-17T10:41:44","date_gmt":"2024-10-17T14:41:44","guid":{"rendered":"https:\/\/wcbmanitoba.dev.showandtelldev.com\/mises-a-jour-de-la-politique\/"},"modified":"2026-01-14T15:48:26","modified_gmt":"2026-01-14T20:48:26","slug":"mises-a-jour-de-la-politique","status":"publish","type":"page","link":"https:\/\/www.wcb.mb.ca\/fr\/legislation-et-politiques\/mises-a-jour-de-la-politique\/","title":{"rendered":"Mises \u00e0 jour de la politique"},"content":{"rendered":"\t\t<div data-elementor-type=\"wp-page\" data-elementor-id=\"2304\" class=\"elementor elementor-2304 elementor-2185\" data-elementor-post-type=\"page\">\n\t\t\t\t<div class=\"elementor-element elementor-element-aa23eec e-flex e-con-boxed e-con e-parent\" data-id=\"aa23eec\" data-element_type=\"container\" data-e-type=\"container\">\n\t\t\t\t\t<div class=\"e-con-inner\">\n\t\t\t\t<div class=\"elementor-element elementor-element-3b0e040 elementor-widget elementor-widget-st-header-image\" data-id=\"3b0e040\" data-element_type=\"widget\" data-e-type=\"widget\" data-widget_type=\"st-header-image.default\">\n\t\t\t\t<div class=\"elementor-widget-container\">\n\t\t\t\t\t<div class=\"c-headerImage g-layout__padding c-headerImage--noImage\"><div class=\"c-headerImage__container g-layout__maxWidth\"><div class=\"c-headerImage__content\"><div ><h1>Mises \u00e0 jour de la politique<\/h1><\/div><\/div><\/div><\/div>\t\t\t\t<\/div>\n\t\t\t\t<\/div>\n\t\t\t\t\t<\/div>\n\t\t\t\t<\/div>\n\t\t<div class=\"elementor-element elementor-element-13ab147 e-flex e-con-boxed e-con e-parent\" data-id=\"13ab147\" data-element_type=\"container\" data-e-type=\"container\">\n\t\t\t\t\t<div class=\"e-con-inner\">\n\t\t\t\t<div class=\"elementor-element elementor-element-092e801 elementor-widget__width-initial elementor-widget elementor-widget-text-editor\" data-id=\"092e801\" data-element_type=\"widget\" data-e-type=\"widget\" data-widget_type=\"text-editor.default\">\n\t\t\t\t<div class=\"elementor-widget-container\">\n\t\t\t\t\t\t\t\t\t<p><strong>Pour recevoir les mises \u00e0 jour du manuel de politique de la CAT, choisissez l&rsquo;une des trois options ci-dessous :<\/strong><\/p>\n<ol>\n<li><a href=\"https:\/\/us1.list-manage.com\/subscribe?u=9290f9b9a97b44a0756d7650f&amp;id=b4c182e339\">Inscrivez-vous \u00e0 WCB Connect<\/a>, le bulletin d&rsquo;information \u00e9lectronique de la CAT, pour recevoir un r\u00e9sum\u00e9 des derni\u00e8res mises \u00e0 jour de la politique.<\/li>\n<li>Envoyez une demande par courrier \u00e9lectronique \u00e0 <a href=\"mailto:policy@wcb.mb.ca\">policy@wcb.mb.ca<\/a> pour recevoir une copie des derni\u00e8res mises \u00e0 jour de la politique ou une politique abrog\u00e9e.<\/li>\n<li>Marquez cette page d&rsquo;un signet et consultez-la r\u00e9guli\u00e8rement pour conna\u00eetre les derni\u00e8res mises \u00e0 jour de la politique.<\/li>\n<\/ol>\n\t\t\t\t\t\t\t\t<\/div>\n\t\t\t\t<\/div>\n\t\t\t\t\t<\/div>\n\t\t\t\t<\/div>\n\t\t<div class=\"elementor-element elementor-element-5332747 e-flex e-con-boxed e-con e-parent\" data-id=\"5332747\" data-element_type=\"container\" data-e-type=\"container\">\n\t\t\t\t\t<div class=\"e-con-inner\">\n\t\t\t\t<div class=\"elementor-element elementor-element-b092500 elementor-widget elementor-widget-st-policy-updates\" data-id=\"b092500\" data-element_type=\"widget\" data-e-type=\"widget\" data-widget_type=\"st-policy-updates.default\">\n\t\t\t\t<div class=\"elementor-widget-container\">\n\t\t\t\t\t\r\n\t\t<div class=\"c-policyUpdates js-pnlPolicyUpdates\" id=\"pnlPolicyUpdates-2304\" data-language=\"fr\">\r\n\t\t\t<div class=\"c-policyUpdates__list t-hideItem js-pnlList\" sc-repeat=\"item in updates\">\r\n\t\t\t\t<div class=\"c-policyUpdates__item\">\r\n\t\t\t\t\t<a class=\"c-policyUpdates__itemLink g-btn__arrow--fullWidth\" sc-href=\"item.permalink\">\r\n\t\t\t\t\t\t<div class=\"c-policyUpdates__itemText\">\r\n\t\t\t\t\t\t\t<h2 class=\"c-policyUpdates__itemTitle\">{item.title}<\/h3>\r\n\t\t\t\t\t\t\t<div class=\"c-policyUpdates__itemDate\">{item.date}<\/div>\r\n\t\t\t\t\t\t\t<div class=\"c-policyUpdates__itemTeaser\">{item.excerpt}<\/div>\r\n\t\t\t\t\t\t<\/div>\r\n\t\t\t\t\t<\/a>\r\n\t\t\t\t<\/div>\r\n\t\t\t<\/div>\r\n\t\t\t\r\n\t\t\t<div class=\"c-policyUpdates__loadMoreWrap\">\r\n\t\t\t\t<a href=\"#\" class=\"c-policyUpdates__loadMore g-btn t-hideItem js-cmdLoadMore\">Load more<\/a>\r\n\t\t\t<\/div>\r\n\t\t<\/div>\r\n\t\t\r\n\t\t<div class=\"c-policyUpdates__loader js-pnlLoader\"><span class=\"g-icon--spinner\"><\/span><\/div>\r\n\r\n\t\t\t\t\t\t<\/div>\n\t\t\t\t<\/div>\n\t\t\t\t\t<\/div>\n\t\t\t\t<\/div>\n\t\t\t\t<\/div>\n\t\t","protected":false},"excerpt":{"rendered":"<p>Pour recevoir les mises \u00e0 jour du manuel de politique de la CAT, choisissez l&rsquo;une des trois options ci-dessous : Inscrivez-vous \u00e0 WCB Connect, le bulletin d&rsquo;information \u00e9lectronique de la CAT, pour recevoir un r\u00e9sum\u00e9 des derni\u00e8res mises \u00e0 jour de la politique. Envoyez une demande par courrier \u00e9lectronique \u00e0 policy@wcb.mb.ca pour recevoir une copie [&hellip;]<\/p>\n","protected":false},"author":1,"featured_media":0,"parent":20424,"menu_order":0,"comment_status":"closed","ping_status":"closed","template":"","meta":{"_acf_changed":false,"footnotes":""},"tags":[],"class_list":["post-2304","page","type-page","status-publish","hentry"],"acf":[],"_links":{"self":[{"href":"https:\/\/www.wcb.mb.ca\/fr\/wp-json\/wp\/v2\/pages\/2304","targetHints":{"allow":["GET"]}}],"collection":[{"href":"https:\/\/www.wcb.mb.ca\/fr\/wp-json\/wp\/v2\/pages"}],"about":[{"href":"https:\/\/www.wcb.mb.ca\/fr\/wp-json\/wp\/v2\/types\/page"}],"author":[{"embeddable":true,"href":"https:\/\/www.wcb.mb.ca\/fr\/wp-json\/wp\/v2\/users\/1"}],"replies":[{"embeddable":true,"href":"https:\/\/www.wcb.mb.ca\/fr\/wp-json\/wp\/v2\/comments?post=2304"}],"version-history":[{"count":2,"href":"https:\/\/www.wcb.mb.ca\/fr\/wp-json\/wp\/v2\/pages\/2304\/revisions"}],"predecessor-version":[{"id":21772,"href":"https:\/\/www.wcb.mb.ca\/fr\/wp-json\/wp\/v2\/pages\/2304\/revisions\/21772"}],"up":[{"embeddable":true,"href":"https:\/\/www.wcb.mb.ca\/fr\/wp-json\/wp\/v2\/pages\/20424"}],"wp:attachment":[{"href":"https:\/\/www.wcb.mb.ca\/fr\/wp-json\/wp\/v2\/media?parent=2304"}],"wp:term":[{"taxonomy":"post_tag","embeddable":true,"href":"https:\/\/www.wcb.mb.ca\/fr\/wp-json\/wp\/v2\/tags?post=2304"}],"curies":[{"name":"wp","href":"https:\/\/api.w.org\/{rel}","templated":true}]}}