{"id":21918,"date":"2024-12-11T14:03:05","date_gmt":"2024-12-11T19:03:05","guid":{"rendered":"https:\/\/www.wcb.mb.ca\/?page_id=21918"},"modified":"2026-01-14T09:36:41","modified_gmt":"2026-01-14T14:36:41","slug":"categories-de-risque-et-mouvement","status":"publish","type":"page","link":"https:\/\/www.wcb.mb.ca\/fr\/employeurs\/primes-et-masse-salariale\/categories-de-risque-et-mouvement\/","title":{"rendered":"Cat\u00e9gories de risque et mouvement"},"content":{"rendered":"\t\t<div data-elementor-type=\"wp-page\" data-elementor-id=\"21918\" class=\"elementor elementor-21918 elementor-4468\" data-elementor-post-type=\"page\">\n\t\t\t\t<div class=\"elementor-element elementor-element-dbe2a14 e-flex e-con-boxed e-con e-parent\" data-id=\"dbe2a14\" data-element_type=\"container\" data-e-type=\"container\">\n\t\t\t\t\t<div class=\"e-con-inner\">\n\t\t\t\t<div class=\"elementor-element elementor-element-19bce5f elementor-widget elementor-widget-st-header-image\" data-id=\"19bce5f\" data-element_type=\"widget\" data-e-type=\"widget\" data-widget_type=\"st-header-image.default\">\n\t\t\t\t<div class=\"elementor-widget-container\">\n\t\t\t\t\t<div class=\"c-headerImage g-layout__padding c-headerImage--noImage\"><div class=\"c-headerImage__container g-layout__maxWidth\"><div class=\"c-headerImage__content\"><div ><h1>Cat\u00e9gories de risque et mouvement<\/h1><\/div><\/div><\/div><\/div>\t\t\t\t<\/div>\n\t\t\t\t<\/div>\n\t\t\t\t\t<\/div>\n\t\t\t\t<\/div>\n\t\t<div class=\"elementor-element elementor-element-a61d817 e-flex e-con-boxed e-con e-parent\" data-id=\"a61d817\" data-element_type=\"container\" data-e-type=\"container\">\n\t\t\t\t\t<div class=\"e-con-inner\">\n\t\t<div class=\"elementor-element elementor-element-2c3df78f e-con-full e-flex e-con e-child\" data-id=\"2c3df78f\" data-element_type=\"container\" data-e-type=\"container\">\n\t\t\t\t<div class=\"elementor-element elementor-element-59e21067 elementor-widget__width-initial elementor-widget elementor-widget-text-editor\" data-id=\"59e21067\" data-element_type=\"widget\" data-e-type=\"widget\" data-widget_type=\"text-editor.default\">\n\t\t\t\t<div class=\"elementor-widget-container\">\n\t\t\t\t\t\t\t\t\t<p>Une\u202f<a href=\"https:\/\/www.wcb.mb.ca\/fr\/?page_id=21916\"><strong>cat\u00e9gorie d\u2019industrie<\/strong><\/a>\u202fest constitu\u00e9e d\u2019un groupe d\u2019employeurs \u0153uvrant dans un secteur similaire avec un niveau de risque similaire. Une cat\u00e9gorie de risque d\u00e9crivant le co\u00fbt des blessures en comparaison avec la moyenne calcul\u00e9e par le syst\u00e8me est attribu\u00e9e \u00e0 chaque cat\u00e9gorie d\u2019industrie. Les employeurs ayant des activit\u00e9s commerciales similaires et des niveaux de risque similaires sont regroup\u00e9s dans une cat\u00e9gorie d\u2019industrie pour permettre l\u2019\u00e9tablissement de taux de cotisation justes et \u00e9quitables qui refl\u00e8tent le mieux la responsabilit\u00e9 collective de ce groupe.<\/p>\n<p>Les employeurs sont \u00e9galement regroup\u00e9s en fonction de leur masse salariale moyenne, tel qu\u2019il est indiqu\u00e9 ci-dessous.<\/p>\n<p>La taille de votre entreprise influe sur la plage de taux que vous pourriez payer au-dessus ou au-dessous du taux de base de votre cat\u00e9gorie d\u2019industrie, ainsi que sur la fa\u00e7on dont les co\u00fbts de r\u00e9clamation de votre entreprise et les co\u00fbts de r\u00e9clamation de votre secteur d\u2019activit\u00e9 sont combin\u00e9s pour calculer votre taux.<\/p>\n\t\t\t\t\t\t\t\t<\/div>\n\t\t\t\t<\/div>\n\t\t\t\t<div class=\"elementor-element elementor-element-4bbe219 elementor-widget elementor-widget-text-editor\" data-id=\"4bbe219\" data-element_type=\"widget\" data-e-type=\"widget\" data-widget_type=\"text-editor.default\">\n\t\t\t\t<div class=\"elementor-widget-container\">\n\t\t\t\t\t\t\t\t\t<table>\n<thead>\n<tr aria-rowindex=\"1\">\n<td>&nbsp;<\/td>\n<th>\n<p>Petits <br>employeurs&nbsp;<\/p>\n<\/th>\n<th>\n<p>Employeurs <br>moyens&nbsp;<\/p>\n<\/th>\n<th>\n<p>Grands <br>employeurs&nbsp;<\/p>\n<\/th>\n<\/tr>\n<\/thead>\n<tbody>\n<tr aria-rowindex=\"2\">\n<th data-celllook=\"0\">\n<p><b>Pourcentage de votre exp\u00e9rience individuelle utilis\u00e9 pour calculer votre taux<\/b><\/p>\n<\/th>\n<td>\n<p style=\"text-align: center;\">20\u00a0%<\/p>\n<\/td>\n<td>\n<p style=\"text-align: center;\">30\u00a0% \u00e0 40\u00a0%<\/p>\n<\/td>\n<td>\n<p style=\"text-align: center;\">40\u00a0% \u00e0 100\u00a0%<\/p>\n<\/td>\n<\/tr>\n<tr aria-rowindex=\"3\">\n<th data-celllook=\"0\">\n<p><b>Pourcentage de l\u2019exp\u00e9rience de votre cat\u00e9gorie utilis\u00e9 pour calculer votre taux<\/b><\/p>\n<\/th>\n<td>\n<p style=\"text-align: center;\">80\u00a0%<\/p>\n<\/td>\n<td>\n<p style=\"text-align: center;\">60\u00a0% \u00e0 70\u00a0%<\/p>\n<\/td>\n<td>\n<p style=\"text-align: center;\">0 \u00e0 60\u00a0%<\/p>\n<\/td>\n<\/tr>\n<\/tbody>\n<\/table>\t\t\t\t\t\t\t\t<\/div>\n\t\t\t\t<\/div>\n\t\t\t\t<div class=\"elementor-element elementor-element-8eb6c01 elementor-widget elementor-widget-text-editor\" data-id=\"8eb6c01\" data-element_type=\"widget\" data-e-type=\"widget\" data-widget_type=\"text-editor.default\">\n\t\t\t\t<div class=\"elementor-widget-container\">\n\t\t\t\t\t\t\t\t\t<p>Chaque cat\u00e9gorie d\u2019industrie est affect\u00e9e \u00e0 une cat\u00e9gorie de risque fond\u00e9e sur l\u2019\u00e9volution des co\u00fbts de r\u00e9clamation sur plusieurs ann\u00e9es. Les cat\u00e9gories de risque sont \u00e9tablies comme un pourcentage du taux de cotisation moyen. Par exemple, si le taux de cotisation moyen est de 0,95\u00a0$ et que la cat\u00e9gorie de risque est de 200\u00a0%, le taux de base de la cat\u00e9gorie de risque est \u00e9quivalent \u00e0 200\u00a0% de 0,95\u00a0$, soit 1,90\u00a0$. Les cat\u00e9gories de risque sont les suivantes\u00a0:<\/p>\n<table>\n<tbody>\n<tr>\n<td>15\u00a0%<\/td>\n<td>33\u00a0%<\/td>\n<td>60\u00a0%<\/td>\n<td>125\u00a0%<\/td>\n<td>250\u00a0%<\/td>\n<td>500\u00a0%<\/td>\n<\/tr>\n<tr>\n<td>20\u00a0%<\/td>\n<td>40\u00a0%<\/td>\n<td>75\u00a0%<\/td>\n<td>150\u00a0%<\/td>\n<td>300\u00a0%<\/td>\n<td>600\u00a0%<\/td>\n<\/tr>\n<tr>\n<td>25\u00a0%<\/td>\n<td>50\u00a0%<\/td>\n<td>100\u00a0%<\/td>\n<td>200\u00a0%<\/td>\n<td>400\u00a0%<\/td>\n<td>800\u00a0%<\/td>\n<\/tr>\n<\/tbody>\n<\/table>\n\t\t\t\t\t\t\t\t<\/div>\n\t\t\t\t<\/div>\n\t\t\t\t<div class=\"elementor-element elementor-element-4f091fc elementor-widget elementor-widget-text-editor\" data-id=\"4f091fc\" data-element_type=\"widget\" data-e-type=\"widget\" data-widget_type=\"text-editor.default\">\n\t\t\t\t<div class=\"elementor-widget-container\">\n\t\t\t\t\t\t\t\t\t<h2>Mouvement des cat\u00e9gories d\u2019industrie<\/h2>\n<p>La WCB surveille chaque ann\u00e9e le taux pr\u00e9vu des cat\u00e9gories d\u2019industrie pour d\u00e9terminer la cat\u00e9gorie de risque appropri\u00e9e. Les cat\u00e9gories d\u2019industrie sont limit\u00e9es \u00e0 un changement de cat\u00e9gorie de risque tous les deux ans.<\/p>\n<p>Lorsqu\u2019une cat\u00e9gorie d\u2019industrie change de cat\u00e9gorie de risque, tous les employeurs de cette cat\u00e9gorie d\u2019industrie, y compris les grands employeurs, sont touch\u00e9s de mani\u00e8re similaire. Lorsqu\u2019une cat\u00e9gorie d\u2019industrie est d\u00e9plac\u00e9e dans une nouvelle cat\u00e9gorie de risque, les grands employeurs maintiennent leur position par rapport \u00e0 la cat\u00e9gorie de risque de leur cat\u00e9gorie d\u2019industrie. Par exemple, si un grand employeur se classe dans une cat\u00e9gorie de risque sup\u00e9rieure \u00e0 la cat\u00e9gorie de risque de sa cat\u00e9gorie d\u2019industrie, ce grand employeur passe aussi \u00e0 une cat\u00e9gorie de risque inf\u00e9rieure lorsque la cat\u00e9gorie d\u2019industrie passe \u00e0 une cat\u00e9gorie de risque inf\u00e9rieure.<\/p>\n<p>Une cat\u00e9gorie d\u2019industrie peut \u00eatre d\u00e9plac\u00e9e vers une cat\u00e9gorie de risque diff\u00e9rente si elle r\u00e9pond \u00e0 certains crit\u00e8res.<\/p>\n<p>Si le taux pr\u00e9vu de la cat\u00e9gorie d\u2019industrie est inf\u00e9rieur ou sup\u00e9rieur au taux de base de la cat\u00e9gorie de risque adjacente pendant quatre ann\u00e9es cons\u00e9cutives, la cat\u00e9gorie d\u2019industrie pourrait \u00eatre admissible \u00e0 passer \u00e0 cette cat\u00e9gorie de risque.<\/p>\n<p>La p\u00e9riode applicable pour un mouvement vers une cat\u00e9gorie de risque inf\u00e9rieure sera r\u00e9duite \u00e0 trois ann\u00e9es cons\u00e9cutives si la cat\u00e9gorie d\u2019industrie est dot\u00e9e d\u2019un programme de s\u00e9curit\u00e9 propre \u00e0 l\u2019industrie avec 50\u00a0% ou plus de la masse salariale pertinente qui est Certifi\u00e9, SAIN et SAUF au travail et a un taux pr\u00e9vu qui est inf\u00e9rieur au taux de base de la cat\u00e9gorie de risque adjacente suivante pendant trois ann\u00e9es cons\u00e9cutives.<\/p>\n\t\t\t\t\t\t\t\t<\/div>\n\t\t\t\t<\/div>\n\t\t\t\t<div class=\"elementor-element elementor-element-8610cde elementor-widget elementor-widget-text-editor\" data-id=\"8610cde\" data-element_type=\"widget\" data-e-type=\"widget\" data-widget_type=\"text-editor.default\">\n\t\t\t\t<div class=\"elementor-widget-container\">\n\t\t\t\t\t\t\t\t\t<h2>Mouvement des grands employeurs<\/h2>\n<p>Le taux pr\u00e9vu des grands employeurs fait l\u2019objet d\u2019une surveillance annuelle pour d\u00e9terminer la cat\u00e9gorie de risque appropri\u00e9e. Le taux pr\u00e9vu est un amalgame de l\u2019exp\u00e9rience de l\u2019employeur et de celle de son secteur d\u2019activit\u00e9.&nbsp; Le taux pr\u00e9vu repr\u00e9sente la meilleure estimation d\u2019un taux requis pour couvrir les co\u00fbts de r\u00e9clamation pr\u00e9vus d\u2019un employeur, ainsi que sa part des co\u00fbts collectifs et administratifs.<\/p>\n<p>Un grand employeur peut \u00eatre d\u00e9plac\u00e9 dans une cat\u00e9gorie de risque diff\u00e9rente de sa cat\u00e9gorie d\u2019industrie s\u2019il r\u00e9pond \u00e0 certains crit\u00e8res\u00a0:&nbsp;<\/p>\n<ul>\n<li>Si le taux pr\u00e9vu est inf\u00e9rieur ou sup\u00e9rieur au taux de base de la cat\u00e9gorie de risque adjacente pendant quatre ann\u00e9es cons\u00e9cutives, l\u2019employeur pourrait \u00eatre admissible \u00e0 passer \u00e0 cette cat\u00e9gorie de risque. Les employeurs certifi\u00e9s SAIN et SAUF au travail Manitoba peuvent \u00eatre admissibles \u00e0 passer \u00e0 la cat\u00e9gorie de risque inf\u00e9rieure dans trois ans si leur taux pr\u00e9vu est inf\u00e9rieur au taux de base de la cat\u00e9gorie de risque adjacente.&nbsp;<\/li>\n<li>Si l\u2019exp\u00e9rience des co\u00fbts d\u2019un grand employeur est inf\u00e9rieure \u00e0 l\u2019exp\u00e9rience des co\u00fbts de son industrie, la WCB communiquera avec lui pour l\u2019aviser que si cette exp\u00e9rience positive se poursuit, il pourrait \u00eatre reclass\u00e9 dans une cat\u00e9gorie de risque inf\u00e9rieure. Avant de reclasser un grand employeur dans une cat\u00e9gorie de risque inf\u00e9rieure, la WCB s\u2019assurera que celui-ci adopte de bonnes pratiques en mati\u00e8re de sant\u00e9 et de s\u00e9curit\u00e9, de d\u00e9claration des r\u00e9clamations et de retour au travail, en plus de ne pr\u00e9senter aucun probl\u00e8me de non-conformit\u00e9 non r\u00e9solu.&nbsp;<\/li>\n<li>Si l\u2019exp\u00e9rience des co\u00fbts d\u2019un grand employeur est sup\u00e9rieure \u00e0 l\u2019exp\u00e9rience des co\u00fbts de son industrie, la WCB communiquera avec lui pour l\u2019aviser que si cette exp\u00e9rience n\u00e9gative se poursuit, il pourrait \u00eatre reclass\u00e9 dans une cat\u00e9gorie de risque sup\u00e9rieure. Un employeur dans cette situation pourrait \u00eatre aiguill\u00e9 vers SAIN et SAUF au travail Manitoba ou vers le programme de s\u00e9curit\u00e9 propre \u00e0 son industrie pour am\u00e9liorer la pr\u00e9vention des blessures en milieu de travail, ou encore vers les services du programme de retour au travail de la WCB pour am\u00e9liorer le retour au travail.&nbsp;<\/li>\n<\/ul>\n<p>Les grands employeurs ne peuvent changer de cat\u00e9gorie de risque qu\u2019une fois tous les deux ans et sont limit\u00e9s \u00e0 un d\u00e9placement maximal de six cat\u00e9gories de risque par rapport \u00e0 la cat\u00e9gorie de risque de leur cat\u00e9gorie d\u2019industrie.&nbsp;<\/p>\n<p>Outre le fait que les grands employeurs peuvent passer \u00e0 une cat\u00e9gorie de risque diff\u00e9rente de celle de leur cat\u00e9gorie d\u2019industrie, tous les employeurs, quelle que soit leur taille, peuvent voir leur cat\u00e9gorie de risque changer en raison de l\u2019\u00e9volution de l\u2019exp\u00e9rience des co\u00fbts au sein de la cat\u00e9gorie d\u2019industrie.<\/p>\n<p>Pour en savoir plus sur les crit\u00e8res de mouvement entre les cat\u00e9gories de risque, consultez la <a href=\"https:\/\/www.wcb.mb.ca\/policies\/rate-setting-model-for-class-e-employers\/\">politique\u00a031.05.05 de la WCB sur les mod\u00e8les tarifaires.<\/a><\/p>\n\t\t\t\t\t\t\t\t<\/div>\n\t\t\t\t<\/div>\n\t\t\t\t<\/div>\n\t\t<div class=\"elementor-element elementor-element-69c60c15 e-con-full e-flex e-con e-child\" data-id=\"69c60c15\" data-element_type=\"container\" data-e-type=\"container\" data-settings=\"{&quot;background_background&quot;:&quot;classic&quot;}\">\n\t\t\t\t<div class=\"elementor-element elementor-element-6286caba elementor-widget elementor-widget-st-link-list\" data-id=\"6286caba\" data-element_type=\"widget\" data-e-type=\"widget\" data-widget_type=\"st-link-list.default\">\n\t\t\t\t<div class=\"elementor-widget-container\">\n\t\t\t\t\t<div class=\"c-linkList c-linkList--default c-linkList--default\"><h2 class=\"c-linkList__title\"><span >Liens connexes<\/span><\/h2><div class=\"c-linkList__list\"><\/div><\/div>\t\t\t\t<\/div>\n\t\t\t\t<\/div>\n\t\t\t\t<div class=\"elementor-element elementor-element-54e65d08 elementor-widget elementor-widget-st-cats\" data-id=\"54e65d08\" data-element_type=\"widget\" data-e-type=\"widget\" data-widget_type=\"st-cats.default\">\n\t\t\t\t<div class=\"elementor-widget-container\">\n\t\t\t\t\t<div class=\"c-ctaList\"><\/div>\t\t\t\t<\/div>\n\t\t\t\t<\/div>\n\t\t\t\t<\/div>\n\t\t\t\t\t<\/div>\n\t\t\t\t<\/div>\n\t\t\t\t<\/div>\n\t\t","protected":false},"excerpt":{"rendered":"<p>Une\u202fcat\u00e9gorie d\u2019industrie\u202fest constitu\u00e9e d\u2019un groupe d\u2019employeurs \u0153uvrant dans un secteur similaire avec un niveau de risque similaire. Une cat\u00e9gorie de risque d\u00e9crivant le co\u00fbt des blessures en comparaison avec la moyenne calcul\u00e9e par le syst\u00e8me est attribu\u00e9e \u00e0 chaque cat\u00e9gorie d\u2019industrie. Les employeurs ayant des activit\u00e9s commerciales similaires et des niveaux de risque similaires sont [&hellip;]<\/p>\n","protected":false},"author":1,"featured_media":0,"parent":19862,"menu_order":0,"comment_status":"closed","ping_status":"closed","template":"","meta":{"_acf_changed":false,"footnotes":""},"tags":[],"class_list":["post-21918","page","type-page","status-publish","hentry"],"acf":[],"_links":{"self":[{"href":"https:\/\/www.wcb.mb.ca\/fr\/wp-json\/wp\/v2\/pages\/21918","targetHints":{"allow":["GET"]}}],"collection":[{"href":"https:\/\/www.wcb.mb.ca\/fr\/wp-json\/wp\/v2\/pages"}],"about":[{"href":"https:\/\/www.wcb.mb.ca\/fr\/wp-json\/wp\/v2\/types\/page"}],"author":[{"embeddable":true,"href":"https:\/\/www.wcb.mb.ca\/fr\/wp-json\/wp\/v2\/users\/1"}],"replies":[{"embeddable":true,"href":"https:\/\/www.wcb.mb.ca\/fr\/wp-json\/wp\/v2\/comments?post=21918"}],"version-history":[{"count":1,"href":"https:\/\/www.wcb.mb.ca\/fr\/wp-json\/wp\/v2\/pages\/21918\/revisions"}],"predecessor-version":[{"id":21919,"href":"https:\/\/www.wcb.mb.ca\/fr\/wp-json\/wp\/v2\/pages\/21918\/revisions\/21919"}],"up":[{"embeddable":true,"href":"https:\/\/www.wcb.mb.ca\/fr\/wp-json\/wp\/v2\/pages\/19862"}],"wp:attachment":[{"href":"https:\/\/www.wcb.mb.ca\/fr\/wp-json\/wp\/v2\/media?parent=21918"}],"wp:term":[{"taxonomy":"post_tag","embeddable":true,"href":"https:\/\/www.wcb.mb.ca\/fr\/wp-json\/wp\/v2\/tags?post=21918"}],"curies":[{"name":"wp","href":"https:\/\/api.w.org\/{rel}","templated":true}]}}