{"id":21912,"date":"2024-12-03T15:24:43","date_gmt":"2024-12-03T20:24:43","guid":{"rendered":"https:\/\/www.wcb.mb.ca\/?page_id=21912"},"modified":"2026-01-14T09:32:52","modified_gmt":"2026-01-14T14:32:52","slug":"echange-sur-la-securite","status":"publish","type":"page","link":"https:\/\/www.wcb.mb.ca\/fr\/sain-et-sauf-au-travail-manitoba\/echange-sur-la-securite\/","title":{"rendered":"\u00c9change sur la s\u00e9curit\u00e9"},"content":{"rendered":"\t\t<div data-elementor-type=\"wp-page\" data-elementor-id=\"21912\" class=\"elementor elementor-21912 elementor-3246\" data-elementor-post-type=\"page\">\n\t\t\t\t<div class=\"elementor-element elementor-element-8723770 e-flex e-con-boxed e-con e-parent\" data-id=\"8723770\" data-element_type=\"container\" data-e-type=\"container\">\n\t\t\t\t\t<div class=\"e-con-inner\">\n\t\t\t\t<div class=\"elementor-element elementor-element-220659f elementor-widget elementor-widget-st-header-image\" data-id=\"220659f\" data-element_type=\"widget\" data-e-type=\"widget\" data-widget_type=\"st-header-image.default\">\n\t\t\t\t<div class=\"elementor-widget-container\">\n\t\t\t\t\t<div class=\"c-headerImage g-layout__padding c-headerImage--noImage\"><div class=\"c-headerImage__container g-layout__maxWidth\"><div class=\"c-headerImage__content\"><div ><h1>\u00c9change sur la s\u00e9curit\u00e9<\/h1><\/div><\/div><\/div><\/div>\t\t\t\t<\/div>\n\t\t\t\t<\/div>\n\t\t\t\t\t<\/div>\n\t\t\t\t<\/div>\n\t\t<div class=\"elementor-element elementor-element-0634de6 e-flex e-con-boxed e-con e-parent\" data-id=\"0634de6\" data-element_type=\"container\" data-e-type=\"container\">\n\t\t\t\t\t<div class=\"e-con-inner\">\n\t\t<div class=\"elementor-element elementor-element-db2ffa2 e-con-full e-flex e-con e-child\" data-id=\"db2ffa2\" data-element_type=\"container\" data-e-type=\"container\">\n\t\t\t\t<div class=\"elementor-element elementor-element-6506971 elementor-widget elementor-widget-text-editor\" data-id=\"6506971\" data-element_type=\"widget\" data-e-type=\"widget\" data-widget_type=\"text-editor.default\">\n\t\t\t\t<div class=\"elementor-widget-container\">\n\t\t\t\t\t\t\t\t\t<p>Les \u00c9changes sur la s\u00e9curit\u00e9 vous aident \u00e0 g\u00e9n\u00e9rer des id\u00e9es et \u00e0 solliciter des interactions productives avec vos travailleurs lors des r\u00e9unions de votre comit\u00e9 de la s\u00e9curit\u00e9 et de la sant\u00e9. Assurez-vous de cr\u00e9er un signet pour cette page afin de consulter les \u00c9changes sur la s\u00e9curit\u00e9 publi\u00e9s tous les trimestres.<\/p>\n\t\t\t\t\t\t\t\t<\/div>\n\t\t\t\t<\/div>\n\t\t\t\t<\/div>\n\t\t<div class=\"elementor-element elementor-element-586acd0 e-con-full e-flex e-con e-child\" data-id=\"586acd0\" data-element_type=\"container\" data-e-type=\"container\">\n\t\t\t\t<div class=\"elementor-element elementor-element-014ac4b elementor-widget elementor-widget-image\" data-id=\"014ac4b\" data-element_type=\"widget\" data-e-type=\"widget\" data-widget_type=\"image.default\">\n\t\t\t\t<div class=\"elementor-widget-container\">\n\t\t\t\t\t\t\t\t\t\t\t\t\t\t\t<img decoding=\"async\" width=\"451\" height=\"92\" src=\"\/wp-content\/uploads\/2024\/12\/SafetySwap-Logo-Black.png\" class=\"attachment-large size-large wp-image-21914\" alt=\"\" srcset=\"\/wp-content\/uploads\/2024\/12\/SafetySwap-Logo-Black.png 451w, \/wp-content\/uploads\/2024\/12\/SafetySwap-Logo-Black-300x61.png 300w\" sizes=\"(max-width: 451px) 100vw, 451px\" \/>\t\t\t\t\t\t\t\t\t\t\t\t\t\t\t<\/div>\n\t\t\t\t<\/div>\n\t\t\t\t<\/div>\n\t\t\t\t\t<\/div>\n\t\t\t\t<\/div>\n\t\t<div class=\"elementor-element elementor-element-d0ab96a e-flex e-con-boxed e-con e-parent\" data-id=\"d0ab96a\" data-element_type=\"container\" data-e-type=\"container\">\n\t\t\t\t\t<div class=\"e-con-inner\">\n\t\t\t\t<div class=\"elementor-element elementor-element-54915e9 elementor-widget elementor-widget-st-blog-list\" data-id=\"54915e9\" data-element_type=\"widget\" data-e-type=\"widget\" data-widget_type=\"st-blog-list.default\">\n\t\t\t\t<div class=\"elementor-widget-container\">\n\t\t\t\t\t\r\n\t\t<div class=\"c-blogList c-blogList--listing js-pnlBlogList\" id=\"pnlBlogList-21912\" data-category=\"26\" data-language=\"fr\">\r\n\t\t\t<div class=\"c-blogList__items t-hideItem js-pnlList\" sc-repeat=\"item in posts\">\r\n\t\t\t\t<div class=\"c-blogList__item\">\t\t\t\t\t\t\r\n\t\t\t\t\t<img class=\"c-blogList__itemThumbnail\" sc-src=\"item.image\" sc-alt=\"item.title\" sc-show=\"item.image\" \/>\r\n\t\t\t\t\t\r\n\t\t\t\t\t<a class=\"c-blogList__itemLink g-btn__arrow--fullWidth\" sc-href=\"item.permalink\">\r\n\t\t\t\t\t\t<div class=\"c-blogList__itemText\">\r\n\t\t\t\t\t\t\t<div class=\"c-blogList__itemDate\">{item.date}<\/div>\r\n\t\t\t\t\t\t\t<h2 class=\"c-blogList__itemTitle\">{item.title}<\/h3>\r\n\t\t\t\t\t\t\t<div class=\"c-blogList__itemTeaser\">{item.excerpt}<\/div>\r\n\t\t\t\t\t\t<\/div>\r\n\t\t\t\t\t<\/a>\r\n\t\t\t\t<\/div>\r\n\t\t\t<\/div>\r\n\t\t\t\r\n\t\t\t<div class=\"c-blogList__loadMoreWrap\">\r\n\t\t\t\t<a href=\"#\" class=\"c-blogList__loadMore g-btn t-hideItem js-cmdLoadMore\">Load more<\/a>\r\n\t\t\t<\/div>\r\n\t\t<\/div>\r\n\t\t\r\n\t\t<div class=\"c-blogList__loader js-pnlLoader\"><span class=\"g-icon--spinner\"><\/span><\/div>\r\n\r\n\t\t\t\t\t\t<\/div>\n\t\t\t\t<\/div>\n\t\t\t\t\t<\/div>\n\t\t\t\t<\/div>\n\t\t\t\t<\/div>\n\t\t","protected":false},"excerpt":{"rendered":"<p>\u00c9change sur la s\u00e9curit\u00e9 Les \u00c9changes sur la s\u00e9curit\u00e9 vous aident \u00e0 g\u00e9n\u00e9rer des id\u00e9es et \u00e0 solliciter des interactions productives avec vos travailleurs lors des r\u00e9unions de votre comit\u00e9 de la s\u00e9curit\u00e9 et de la sant\u00e9. Assurez-vous de cr\u00e9er un signet pour cette page afin de consulter les \u00c9changes sur la s\u00e9curit\u00e9 publi\u00e9s tous [&hellip;]<\/p>\n","protected":false},"author":1,"featured_media":0,"parent":21786,"menu_order":0,"comment_status":"closed","ping_status":"closed","template":"","meta":{"_acf_changed":false,"footnotes":""},"tags":[],"class_list":["post-21912","page","type-page","status-publish","hentry"],"acf":[],"_links":{"self":[{"href":"https:\/\/www.wcb.mb.ca\/fr\/wp-json\/wp\/v2\/pages\/21912","targetHints":{"allow":["GET"]}}],"collection":[{"href":"https:\/\/www.wcb.mb.ca\/fr\/wp-json\/wp\/v2\/pages"}],"about":[{"href":"https:\/\/www.wcb.mb.ca\/fr\/wp-json\/wp\/v2\/types\/page"}],"author":[{"embeddable":true,"href":"https:\/\/www.wcb.mb.ca\/fr\/wp-json\/wp\/v2\/users\/1"}],"replies":[{"embeddable":true,"href":"https:\/\/www.wcb.mb.ca\/fr\/wp-json\/wp\/v2\/comments?post=21912"}],"version-history":[{"count":1,"href":"https:\/\/www.wcb.mb.ca\/fr\/wp-json\/wp\/v2\/pages\/21912\/revisions"}],"predecessor-version":[{"id":21915,"href":"https:\/\/www.wcb.mb.ca\/fr\/wp-json\/wp\/v2\/pages\/21912\/revisions\/21915"}],"up":[{"embeddable":true,"href":"https:\/\/www.wcb.mb.ca\/fr\/wp-json\/wp\/v2\/pages\/21786"}],"wp:attachment":[{"href":"https:\/\/www.wcb.mb.ca\/fr\/wp-json\/wp\/v2\/media?parent=21912"}],"wp:term":[{"taxonomy":"post_tag","embeddable":true,"href":"https:\/\/www.wcb.mb.ca\/fr\/wp-json\/wp\/v2\/tags?post=21912"}],"curies":[{"name":"wp","href":"https:\/\/api.w.org\/{rel}","templated":true}]}}