{"id":21906,"date":"2025-02-28T16:38:13","date_gmt":"2025-02-28T21:38:13","guid":{"rendered":"https:\/\/www.wcb.mb.ca\/?page_id=21906"},"modified":"2026-03-09T11:36:53","modified_gmt":"2026-03-09T15:36:53","slug":"ressources-et-formulaires","status":"publish","type":"page","link":"https:\/\/www.wcb.mb.ca\/fr\/fournisseurs-de-soins-de-sante\/ressources-et-formulaires\/","title":{"rendered":"Ressources et formulaires"},"content":{"rendered":"\t\t<div data-elementor-type=\"wp-page\" data-elementor-id=\"21906\" class=\"elementor elementor-21906 elementor-8077\" data-elementor-post-type=\"page\">\n\t\t\t\t<div class=\"elementor-element elementor-element-d702604 e-flex e-con-boxed e-con e-parent\" data-id=\"d702604\" data-element_type=\"container\" data-e-type=\"container\">\n\t\t\t\t\t<div class=\"e-con-inner\">\n\t\t\t\t<div class=\"elementor-element elementor-element-f455df3 elementor-widget elementor-widget-st-header-image\" data-id=\"f455df3\" data-element_type=\"widget\" data-e-type=\"widget\" data-widget_type=\"st-header-image.default\">\n\t\t\t\t<div class=\"elementor-widget-container\">\n\t\t\t\t\t<div class=\"c-headerImage g-layout__padding c-headerImage--fade\"><div class=\"c-headerImage__container g-layout__maxWidth\"><div class=\"c-headerImage__content\"><div ><h1>Ressources et formulaires<\/h1><\/div><\/div><\/div><\/div>\t\t\t\t<\/div>\n\t\t\t\t<\/div>\n\t\t\t\t\t<\/div>\n\t\t\t\t<\/div>\n\t\t<div class=\"elementor-element elementor-element-49cb56ac e-grid e-con-boxed e-con e-parent\" data-id=\"49cb56ac\" data-element_type=\"container\" data-e-type=\"container\">\n\t\t\t\t\t<div class=\"e-con-inner\">\n\t\t<div class=\"elementor-element elementor-element-2c8a323b e-con-full e-flex e-con e-child\" data-id=\"2c8a323b\" data-element_type=\"container\" data-e-type=\"container\">\n\t\t\t\t<div class=\"elementor-element elementor-element-62c4dbbf elementor-widget__width-initial elementor-widget elementor-widget-text-editor\" data-id=\"62c4dbbf\" data-element_type=\"widget\" data-e-type=\"widget\" data-widget_type=\"text-editor.default\">\n\t\t\t\t<div class=\"elementor-widget-container\">\n\t\t\t\t\t\t\t\t\t<p>Acc\u00e9dez aux formulaires, aux rapports, aux guides ainsi qu\u2019\u00e0 d\u2019autres ressources utiles pour le traitement des travailleurs bless\u00e9s. Toutes les ressources sont disponibles dans d\u2019autres formats. Pri\u00e8re de remplir le <a href=\"https:\/\/www.wcb.mb.ca\/fr\/contact\/\">formulaire de contact<\/a> pour soumettre une demande.<\/p>\n\t\t\t\t\t\t\t\t<\/div>\n\t\t\t\t<\/div>\n\t\t\t\t<div class=\"elementor-element elementor-element-3ea6dc1 elementor-widget elementor-widget-heading\" data-id=\"3ea6dc1\" data-element_type=\"widget\" data-e-type=\"widget\" data-widget_type=\"heading.default\">\n\t\t\t\t<div class=\"elementor-widget-container\">\n\t\t\t\t\t<h2 class=\"elementor-heading-title elementor-size-default\">Administratif<\/h2>\t\t\t\t<\/div>\n\t\t\t\t<\/div>\n\t\t\t\t<div class=\"elementor-element elementor-element-04a589b elementor-widget elementor-widget-st-download-list\" data-id=\"04a589b\" data-element_type=\"widget\" data-e-type=\"widget\" data-widget_type=\"st-download-list.default\">\n\t\t\t\t<div class=\"elementor-widget-container\">\n\t\t\t\t\t<div class=\"c-downloadList c-downloadList--list\"><div class=\"c-downloadList__list\"><div class=\"c-downloadList__itemWrap\"><a class=\"c-downloadList__item\" href=\"https:\/\/www.wcb.mb.ca\/uploads\/2026\/01\/0271.pdf\" target=\"_blank\"><div class=\"c-downloadList__itemText\"><span >Formulaire de d\u00e9p\u00f4t direct (fournisseur de soins m\u00e9dicaux)<\/span><div class=\"c-downloadList__itemDescription\"><span ><\/span><\/div><\/div><span class=\"c-downloadList__itemBtn\"><span class=\"g-icon--download\"><\/span> T\u00e9l\u00e9charger<\/span><\/a><\/div><div class=\"c-downloadList__itemWrap\"><a class=\"c-downloadList__item\" href=\"https:\/\/www.wcb.mb.ca\/uploads\/2026\/01\/0289.pdf\" target=\"_blank\"><div class=\"c-downloadList__itemText\"><span >Formulaire de facturation g\u00e9n\u00e9rale<\/span><div class=\"c-downloadList__itemDescription\"><span ><\/span><\/div><\/div><span class=\"c-downloadList__itemBtn\"><span class=\"g-icon--download\"><\/span> T\u00e9l\u00e9charger<\/span><\/a><\/div><div class=\"c-downloadList__itemWrap\"><a class=\"c-downloadList__item\" href=\"https:\/\/www.wcb.mb.ca\/uploads\/2026\/01\/0307.pdf\" target=\"_blank\"><div class=\"c-downloadList__itemText\"><span >Formulaire d\u2019inscription ou de modification de l\u2019inscription du fournisseur<\/span><div class=\"c-downloadList__itemDescription\"><span ><\/span><\/div><\/div><span class=\"c-downloadList__itemBtn\"><span class=\"g-icon--download\"><\/span> T\u00e9l\u00e9charger<\/span><\/a><\/div><div class=\"c-downloadList__itemWrap\"><a class=\"c-downloadList__item\" href=\"https:\/\/www.wcb.mb.ca\/uploads\/2026\/01\/0287.pdf\" target=\"_blank\"><div class=\"c-downloadList__itemText\"><span >Manuel des codes de service de la WCB<\/span><div class=\"c-downloadList__itemDescription\"><span ><\/span><\/div><\/div><span class=\"c-downloadList__itemBtn\"><span class=\"g-icon--download\"><\/span> T\u00e9l\u00e9charger<\/span><\/a><\/div><div class=\"c-downloadList__itemWrap\"><a class=\"c-downloadList__item\" href=\"https:\/\/www.wcb.mb.ca\/uploads\/2026\/01\/0309.pdf\" target=\"_blank\"><div class=\"c-downloadList__itemText\"><span >Guide de facturation \u00e0 la WCB<\/span><div class=\"c-downloadList__itemDescription\"><span ><\/span><\/div><\/div><span class=\"c-downloadList__itemBtn\"><span class=\"g-icon--download\"><\/span> T\u00e9l\u00e9charger<\/span><\/a><\/div><\/div><\/div>\t\t\t\t<\/div>\n\t\t\t\t<\/div>\n\t\t\t\t<div class=\"elementor-element elementor-element-f6d95cf elementor-widget elementor-widget-heading\" data-id=\"f6d95cf\" data-element_type=\"widget\" data-e-type=\"widget\" data-widget_type=\"heading.default\">\n\t\t\t\t<div class=\"elementor-widget-container\">\n\t\t\t\t\t<h2 class=\"elementor-heading-title elementor-size-default\">Audiologie (audition)<\/h2>\t\t\t\t<\/div>\n\t\t\t\t<\/div>\n\t\t\t\t<div class=\"elementor-element elementor-element-e7a65b5 elementor-widget elementor-widget-st-download-list\" data-id=\"e7a65b5\" data-element_type=\"widget\" data-e-type=\"widget\" data-widget_type=\"st-download-list.default\">\n\t\t\t\t<div class=\"elementor-widget-container\">\n\t\t\t\t\t<div class=\"c-downloadList c-downloadList--list\"><div class=\"c-downloadList__list\"><div class=\"c-downloadList__itemWrap\"><a class=\"c-downloadList__item\" href=\"https:\/\/www.wcb.mb.ca\/uploads\/2026\/01\/0259.pdf\" target=\"_blank\"><div class=\"c-downloadList__itemText\"><span >Facture de biens et services audiologiques<\/span><div class=\"c-downloadList__itemDescription\"><span ><\/span><\/div><\/div><span class=\"c-downloadList__itemBtn\"><span class=\"g-icon--download\"><\/span> T\u00e9l\u00e9charger<\/span><\/a><\/div><div class=\"c-downloadList__itemWrap\"><a class=\"c-downloadList__item\" href=\"https:\/\/www.wcb.mb.ca\/uploads\/2026\/01\/0291.pdf\" target=\"_blank\"><div class=\"c-downloadList__itemText\"><span >Liste des appareils auditifs approuv\u00e9s<\/span><div class=\"c-downloadList__itemDescription\"><span ><\/span><\/div><\/div><span class=\"c-downloadList__itemBtn\"><span class=\"g-icon--download\"><\/span> T\u00e9l\u00e9charger<\/span><\/a><\/div><div class=\"c-downloadList__itemWrap\"><a class=\"c-downloadList__item\" href=\"https:\/\/www.wcb.mb.ca\/uploads\/2026\/01\/0561.pdf\" target=\"_blank\"><div class=\"c-downloadList__itemText\"><span >Bar\u00e8me des frais pour les biens et services audiologiques <\/span><div class=\"c-downloadList__itemDescription\"><span ><\/span><\/div><\/div><span class=\"c-downloadList__itemBtn\"><span class=\"g-icon--download\"><\/span> T\u00e9l\u00e9charger<\/span><\/a><\/div><div class=\"c-downloadList__itemWrap\"><a class=\"c-downloadList__item\" href=\"https:\/\/www.wcb.mb.ca\/uploads\/2026\/01\/0562.pdf\" target=\"_blank\"><div class=\"c-downloadList__itemText\"><span >Directives en mati\u00e8re de biens et services audiologiques destin\u00e9es aux fournisseurs de services<\/span><div class=\"c-downloadList__itemDescription\"><span ><\/span><\/div><\/div><span class=\"c-downloadList__itemBtn\"><span class=\"g-icon--download\"><\/span> T\u00e9l\u00e9charger<\/span><\/a><\/div><\/div><\/div>\t\t\t\t<\/div>\n\t\t\t\t<\/div>\n\t\t\t\t<div class=\"elementor-element elementor-element-164491c elementor-widget elementor-widget-heading\" data-id=\"164491c\" data-element_type=\"widget\" data-e-type=\"widget\" data-widget_type=\"heading.default\">\n\t\t\t\t<div class=\"elementor-widget-container\">\n\t\t\t\t\t<h2 class=\"elementor-heading-title elementor-size-default\">Chiropractie<\/h2>\t\t\t\t<\/div>\n\t\t\t\t<\/div>\n\t\t\t\t<div class=\"elementor-element elementor-element-f39113d elementor-widget elementor-widget-st-download-list\" data-id=\"f39113d\" data-element_type=\"widget\" data-e-type=\"widget\" data-widget_type=\"st-download-list.default\">\n\t\t\t\t<div class=\"elementor-widget-container\">\n\t\t\t\t\t<div class=\"c-downloadList c-downloadList--list\"><div class=\"c-downloadList__list\"><div class=\"c-downloadList__itemWrap\"><a class=\"c-downloadList__item\" href=\"https:\/\/www.wcb.mb.ca\/uploads\/2026\/01\/0261.pdf\" target=\"_blank\"><div class=\"c-downloadList__itemText\"><span >Formulaire de facturation du chiropraticien<\/span><div class=\"c-downloadList__itemDescription\"><span ><\/span><\/div><\/div><span class=\"c-downloadList__itemBtn\"><span class=\"g-icon--download\"><\/span> T\u00e9l\u00e9charger<\/span><\/a><\/div><div class=\"c-downloadList__itemWrap\"><a class=\"c-downloadList__item\" href=\"https:\/\/www.wcb.mb.ca\/uploads\/2026\/01\/0263.pdf\" target=\"_blank\"><div class=\"c-downloadList__itemText\"><span >Premier rapport du chiropraticien<\/span><div class=\"c-downloadList__itemDescription\"><span ><\/span><\/div><\/div><span class=\"c-downloadList__itemBtn\"><span class=\"g-icon--download\"><\/span> T\u00e9l\u00e9charger<\/span><\/a><\/div><div class=\"c-downloadList__itemWrap\"><a class=\"c-downloadList__item\" href=\"https:\/\/www.wcb.mb.ca\/uploads\/2026\/01\/0265.pdf\" target=\"_blank\"><div class=\"c-downloadList__itemText\"><span >Rapport du chiropraticien sur l\u2019\u00e9volution du patient<\/span><div class=\"c-downloadList__itemDescription\"><span ><\/span><\/div><\/div><span class=\"c-downloadList__itemBtn\"><span class=\"g-icon--download\"><\/span> T\u00e9l\u00e9charger<\/span><\/a><\/div><\/div><\/div>\t\t\t\t<\/div>\n\t\t\t\t<\/div>\n\t\t\t\t<div class=\"elementor-element elementor-element-f3a3257 elementor-widget elementor-widget-heading\" data-id=\"f3a3257\" data-element_type=\"widget\" data-e-type=\"widget\" data-widget_type=\"heading.default\">\n\t\t\t\t<div class=\"elementor-widget-container\">\n\t\t\t\t\t<h2 class=\"elementor-heading-title elementor-size-default\">Dentisterie<\/h2>\t\t\t\t<\/div>\n\t\t\t\t<\/div>\n\t\t\t\t<div class=\"elementor-element elementor-element-0aa6be3 elementor-widget elementor-widget-st-download-list\" data-id=\"0aa6be3\" data-element_type=\"widget\" data-e-type=\"widget\" data-widget_type=\"st-download-list.default\">\n\t\t\t\t<div class=\"elementor-widget-container\">\n\t\t\t\t\t<div class=\"c-downloadList c-downloadList--list\"><div class=\"c-downloadList__list\"><div class=\"c-downloadList__itemWrap\"><a class=\"c-downloadList__item\" href=\"https:\/\/www.wcb.mb.ca\/uploads\/2026\/01\/0269.pdf\" target=\"_blank\"><div class=\"c-downloadList__itemText\"><span >Rapport du dentiste<\/span><div class=\"c-downloadList__itemDescription\"><span ><\/span><\/div><\/div><span class=\"c-downloadList__itemBtn\"><span class=\"g-icon--download\"><\/span> T\u00e9l\u00e9charger<\/span><\/a><\/div><\/div><\/div>\t\t\t\t<\/div>\n\t\t\t\t<\/div>\n\t\t\t\t<div class=\"elementor-element elementor-element-956528e elementor-widget elementor-widget-heading\" data-id=\"956528e\" data-element_type=\"widget\" data-e-type=\"widget\" data-widget_type=\"heading.default\">\n\t\t\t\t<div class=\"elementor-widget-container\">\n\t\t\t\t\t<h2 class=\"elementor-heading-title elementor-size-default\">M\u00e9decin\/m\u00e9dical<\/h2>\t\t\t\t<\/div>\n\t\t\t\t<\/div>\n\t\t\t\t<div class=\"elementor-element elementor-element-2edbd2f elementor-widget elementor-widget-st-download-list\" data-id=\"2edbd2f\" data-element_type=\"widget\" data-e-type=\"widget\" data-widget_type=\"st-download-list.default\">\n\t\t\t\t<div class=\"elementor-widget-container\">\n\t\t\t\t\t<div class=\"c-downloadList c-downloadList--list\"><div class=\"c-downloadList__list\"><div class=\"c-downloadList__itemWrap\"><a class=\"c-downloadList__item\" href=\"https:\/\/www.wcb.mb.ca\/uploads\/2026\/01\/0273.pdf\" target=\"_blank\"><div class=\"c-downloadList__itemText\"><span >Premier rapport du m\u00e9decin<\/span><div class=\"c-downloadList__itemDescription\"><span ><\/span><\/div><\/div><span class=\"c-downloadList__itemBtn\"><span class=\"g-icon--download\"><\/span> T\u00e9l\u00e9charger<\/span><\/a><\/div><div class=\"c-downloadList__itemWrap\"><a class=\"c-downloadList__item\" href=\"https:\/\/www.wcb.mb.ca\/uploads\/2026\/01\/0275.pdf\" target=\"_blank\"><div class=\"c-downloadList__itemText\"><span >Rapport du m\u00e9decin sur l\u2019\u00e9volution du patient<\/span><div class=\"c-downloadList__itemDescription\"><span ><\/span><\/div><\/div><span class=\"c-downloadList__itemBtn\"><span class=\"g-icon--download\"><\/span> T\u00e9l\u00e9charger<\/span><\/a><\/div><div class=\"c-downloadList__itemWrap\"><a class=\"c-downloadList__item\" href=\"https:\/\/www.gov.mb.ca\/health\/documents\/physmanual.pdf\" target=\"_blank\"><div class=\"c-downloadList__itemText\"><span >Manuel des m\u00e9decins du Manitoba (en anglais seulement)<\/span><div class=\"c-downloadList__itemDescription\"><span ><\/span><\/div><\/div><span class=\"c-downloadList__itemBtn\"><span class=\"g-icon--download\"><\/span> T\u00e9l\u00e9charger<\/span><\/a><\/div><\/div><\/div>\t\t\t\t<\/div>\n\t\t\t\t<\/div>\n\t\t\t\t<div class=\"elementor-element elementor-element-0ecee55 elementor-widget elementor-widget-heading\" data-id=\"0ecee55\" data-element_type=\"widget\" data-e-type=\"widget\" data-widget_type=\"heading.default\">\n\t\t\t\t<div class=\"elementor-widget-container\">\n\t\t\t\t\t<h2 class=\"elementor-heading-title elementor-size-default\">Portail eHealth<\/h2>\t\t\t\t<\/div>\n\t\t\t\t<\/div>\n\t\t\t\t<div class=\"elementor-element elementor-element-69c13d0 elementor-widget elementor-widget-st-download-list\" data-id=\"69c13d0\" data-element_type=\"widget\" data-e-type=\"widget\" data-widget_type=\"st-download-list.default\">\n\t\t\t\t<div class=\"elementor-widget-container\">\n\t\t\t\t\t<div class=\"c-downloadList c-downloadList--list\"><div class=\"c-downloadList__list\"><div class=\"c-downloadList__itemWrap\"><a class=\"c-downloadList__item\" href=\"https:\/\/www.wcb.mb.ca\/uploads\/2026\/01\/en_0549.pdf\" target=\"_blank\"><div class=\"c-downloadList__itemText\"><span >Guide de l\u2019utilisateur<\/span><div class=\"c-downloadList__itemDescription\"><span ><\/span><\/div><\/div><span class=\"c-downloadList__itemBtn\"><span class=\"g-icon--download\"><\/span> T\u00e9l\u00e9charger<\/span><\/a><\/div><div class=\"c-downloadList__itemWrap\"><a class=\"c-downloadList__item\" href=\"https:\/\/www.wcb.mb.ca\/uploads\/2026\/01\/0283.pdf\" target=\"_blank\"><div class=\"c-downloadList__itemText\"><span >Formulaire d\u2019inscription<\/span><div class=\"c-downloadList__itemDescription\"><span ><\/span><\/div><\/div><span class=\"c-downloadList__itemBtn\"><span class=\"g-icon--download\"><\/span> T\u00e9l\u00e9charger<\/span><\/a><\/div><div class=\"c-downloadList__itemWrap\"><a class=\"c-downloadList__item\" href=\"https:\/\/www.wcb.mb.ca\/uploads\/2026\/01\/0285.pdf\" target=\"_blank\"><div class=\"c-downloadList__itemText\"><span >Formulaire de mise \u00e0 jour de l\u2019acc\u00e8s d\u2019un utilisateur<\/span><div class=\"c-downloadList__itemDescription\"><span ><\/span><\/div><\/div><span class=\"c-downloadList__itemBtn\"><span class=\"g-icon--download\"><\/span> T\u00e9l\u00e9charger<\/span><\/a><\/div><\/div><\/div>\t\t\t\t<\/div>\n\t\t\t\t<\/div>\n\t\t\t\t<div class=\"elementor-element elementor-element-9d8f07c elementor-widget elementor-widget-heading\" data-id=\"9d8f07c\" data-element_type=\"widget\" data-e-type=\"widget\" data-widget_type=\"heading.default\">\n\t\t\t\t<div class=\"elementor-widget-container\">\n\t\t\t\t\t<h2 class=\"elementor-heading-title elementor-size-default\">Gestion des opio\u00efdes<\/h2>\t\t\t\t<\/div>\n\t\t\t\t<\/div>\n\t\t\t\t<div class=\"elementor-element elementor-element-5843a3f elementor-widget elementor-widget-st-download-list\" data-id=\"5843a3f\" data-element_type=\"widget\" data-e-type=\"widget\" data-widget_type=\"st-download-list.default\">\n\t\t\t\t<div class=\"elementor-widget-container\">\n\t\t\t\t\t<div class=\"c-downloadList c-downloadList--list\"><div class=\"c-downloadList__list\"><div class=\"c-downloadList__itemWrap\"><a class=\"c-downloadList__item\" href=\"https:\/\/www.wcb.mb.ca\/uploads\/2026\/01\/0293.pdf\" target=\"_blank\"><div class=\"c-downloadList__itemText\"><span >Formulaire de rapport initial de gestion des opio\u00efdes<\/span><div class=\"c-downloadList__itemDescription\"><span ><\/span><\/div><\/div><span class=\"c-downloadList__itemBtn\"><span class=\"g-icon--download\"><\/span> T\u00e9l\u00e9charger<\/span><\/a><\/div><div class=\"c-downloadList__itemWrap\"><a class=\"c-downloadList__item\" href=\"https:\/\/www.wcb.mb.ca\/uploads\/2026\/01\/0295.pdf\" target=\"_blank\"><div class=\"c-downloadList__itemText\"><span >Rapport sur l\u2019\u00e9volution de la gestion des opio\u00efdes<\/span><div class=\"c-downloadList__itemDescription\"><span ><\/span><\/div><\/div><span class=\"c-downloadList__itemBtn\"><span class=\"g-icon--download\"><\/span> T\u00e9l\u00e9charger<\/span><\/a><\/div><div class=\"c-downloadList__itemWrap\"><a class=\"c-downloadList__item\" href=\"https:\/\/www.wcb.mb.ca\/uploads\/2026\/01\/0297.pdf\" target=\"_blank\"><div class=\"c-downloadList__itemText\"><span >Entente de traitement aux opio\u00efdes<\/span><div class=\"c-downloadList__itemDescription\"><span ><\/span><\/div><\/div><span class=\"c-downloadList__itemBtn\"><span class=\"g-icon--download\"><\/span> T\u00e9l\u00e9charger<\/span><\/a><\/div><\/div><\/div>\t\t\t\t<\/div>\n\t\t\t\t<\/div>\n\t\t\t\t<div class=\"elementor-element elementor-element-9ba9e37 elementor-widget elementor-widget-heading\" data-id=\"9ba9e37\" data-element_type=\"widget\" data-e-type=\"widget\" data-widget_type=\"heading.default\">\n\t\t\t\t<div class=\"elementor-widget-container\">\n\t\t\t\t\t<h2 class=\"elementor-heading-title elementor-size-default\">Physioth\u00e9rapie<\/h2>\t\t\t\t<\/div>\n\t\t\t\t<\/div>\n\t\t\t\t<div class=\"elementor-element elementor-element-bc13bb4 elementor-widget elementor-widget-st-download-list\" data-id=\"bc13bb4\" data-element_type=\"widget\" data-e-type=\"widget\" data-widget_type=\"st-download-list.default\">\n\t\t\t\t<div class=\"elementor-widget-container\">\n\t\t\t\t\t<div class=\"c-downloadList c-downloadList--list\"><div class=\"c-downloadList__list\"><div class=\"c-downloadList__itemWrap\"><a class=\"c-downloadList__item\" href=\"https:\/\/www.wcb.mb.ca\/uploads\/2026\/01\/0299.pdf\" target=\"_blank\"><div class=\"c-downloadList__itemText\"><span >Demande de traitement additionnel \u2013 Physioth\u00e9rapeute<\/span><div class=\"c-downloadList__itemDescription\"><span ><\/span><\/div><\/div><span class=\"c-downloadList__itemBtn\"><span class=\"g-icon--download\"><\/span> T\u00e9l\u00e9charger<\/span><\/a><\/div><div class=\"c-downloadList__itemWrap\"><a class=\"c-downloadList__item\" href=\"https:\/\/www.wcb.mb.ca\/uploads\/2026\/01\/0267.pdf\" target=\"_blank\"><div class=\"c-downloadList__itemText\"><span >Page de signature de l\u2019entente individuelle de services en physioth\u00e9rapie<\/span><div class=\"c-downloadList__itemDescription\"><span ><\/span><\/div><\/div><span class=\"c-downloadList__itemBtn\"><span class=\"g-icon--download\"><\/span> T\u00e9l\u00e9charger<\/span><\/a><\/div><div class=\"c-downloadList__itemWrap\"><a class=\"c-downloadList__item\" href=\"https:\/\/www.wcb.mb.ca\/uploads\/2026\/01\/0305.pdf\" target=\"_blank\"><div class=\"c-downloadList__itemText\"><span >Rapport initial de physioth\u00e9rapie<\/span><div class=\"c-downloadList__itemDescription\"><span ><\/span><\/div><\/div><span class=\"c-downloadList__itemBtn\"><span class=\"g-icon--download\"><\/span> T\u00e9l\u00e9charger<\/span><\/a><\/div><div class=\"c-downloadList__itemWrap\"><a class=\"c-downloadList__item\" href=\"https:\/\/www.wcb.mb.ca\/uploads\/2026\/01\/0281.pdf\" target=\"_blank\"><div class=\"c-downloadList__itemText\"><span >Rapport sur l\u2019\u00e9volution\/la fin de la prise en charge du patient en physioth\u00e9rapie<\/span><div class=\"c-downloadList__itemDescription\"><span ><\/span><\/div><\/div><span class=\"c-downloadList__itemBtn\"><span class=\"g-icon--download\"><\/span> T\u00e9l\u00e9charger<\/span><\/a><\/div><\/div><\/div>\t\t\t\t<\/div>\n\t\t\t\t<\/div>\n\t\t\t\t<\/div>\n\t\t<div class=\"elementor-element elementor-element-49d5b4da e-con-full e-flex e-con e-child\" data-id=\"49d5b4da\" data-element_type=\"container\" data-e-type=\"container\" data-settings=\"{&quot;background_background&quot;:&quot;classic&quot;}\">\n\t\t\t\t<div class=\"elementor-element elementor-element-40782f58 elementor-widget elementor-widget-st-link-list\" data-id=\"40782f58\" data-element_type=\"widget\" data-e-type=\"widget\" data-widget_type=\"st-link-list.default\">\n\t\t\t\t<div class=\"elementor-widget-container\">\n\t\t\t\t\t<div class=\"c-linkList c-linkList--default c-linkList--default\"><h2 class=\"c-linkList__title\"><span >Liens connexes<\/span><\/h2><div class=\"c-linkList__list\"><div class=\"c-linkList__item\"><a class=\"c-linkList__itemBtn g-btn__arrow--fullWidth\" href=\"\/fr\/fournisseurs-de-soins-de-sante\/portail-ehealth\/\"><span >Portail eHealth<\/span><\/a><\/div><div class=\"c-linkList__item\"><a class=\"c-linkList__itemBtn g-btn__arrow--fullWidth\" href=\"\/fr\/fournisseurs-de-soins-de-sante\/portail-ehealth\/guide-dutilisation-rapide\/\"><span >Guide d\u2019utilisation rapide du portail eHealth<\/span><\/a><\/div><div class=\"c-linkList__item\"><a class=\"c-linkList__itemBtn g-btn__arrow--fullWidth\" href=\"\/fr\/fournisseurs-de-soins-de-sante\/portail-ehealth\/foire-aux-questions\/\"><span >FAQ sur le portail eHealth<\/span><\/a><\/div><\/div><\/div>\t\t\t\t<\/div>\n\t\t\t\t<\/div>\n\t\t\t\t<div class=\"elementor-element elementor-element-5be332e1 elementor-widget elementor-widget-st-cats\" data-id=\"5be332e1\" data-element_type=\"widget\" data-e-type=\"widget\" data-widget_type=\"st-cats.default\">\n\t\t\t\t<div class=\"elementor-widget-container\">\n\t\t\t\t\t<div class=\"c-ctaList\"><\/div>\t\t\t\t<\/div>\n\t\t\t\t<\/div>\n\t\t\t\t<\/div>\n\t\t\t\t\t<\/div>\n\t\t\t\t<\/div>\n\t\t\t\t<\/div>\n\t\t","protected":false},"excerpt":{"rendered":"<p>Ressources et formulaires Acc\u00e9dez aux formulaires, aux rapports, aux guides ainsi qu\u2019\u00e0 d\u2019autres ressources utiles pour le traitement des travailleurs bless\u00e9s. Toutes les ressources sont disponibles dans d\u2019autres formats. Pri\u00e8re de remplir le formulaire de contact pour soumettre une demande. Administratif Formulaire de d\u00e9p\u00f4t direct (fournisseur de soins m\u00e9dicaux) T\u00e9l\u00e9chargerFormulaire de facturation g\u00e9n\u00e9rale T\u00e9l\u00e9chargerFormulaire d\u2019inscription [&hellip;]<\/p>\n","protected":false},"author":1,"featured_media":0,"parent":1897,"menu_order":0,"comment_status":"closed","ping_status":"closed","template":"","meta":{"_acf_changed":false,"footnotes":""},"tags":[],"class_list":["post-21906","page","type-page","status-publish","hentry"],"acf":[],"_links":{"self":[{"href":"https:\/\/www.wcb.mb.ca\/fr\/wp-json\/wp\/v2\/pages\/21906","targetHints":{"allow":["GET"]}}],"collection":[{"href":"https:\/\/www.wcb.mb.ca\/fr\/wp-json\/wp\/v2\/pages"}],"about":[{"href":"https:\/\/www.wcb.mb.ca\/fr\/wp-json\/wp\/v2\/types\/page"}],"author":[{"embeddable":true,"href":"https:\/\/www.wcb.mb.ca\/fr\/wp-json\/wp\/v2\/users\/1"}],"replies":[{"embeddable":true,"href":"https:\/\/www.wcb.mb.ca\/fr\/wp-json\/wp\/v2\/comments?post=21906"}],"version-history":[{"count":10,"href":"https:\/\/www.wcb.mb.ca\/fr\/wp-json\/wp\/v2\/pages\/21906\/revisions"}],"predecessor-version":[{"id":23448,"href":"https:\/\/www.wcb.mb.ca\/fr\/wp-json\/wp\/v2\/pages\/21906\/revisions\/23448"}],"up":[{"embeddable":true,"href":"https:\/\/www.wcb.mb.ca\/fr\/wp-json\/wp\/v2\/pages\/1897"}],"wp:attachment":[{"href":"https:\/\/www.wcb.mb.ca\/fr\/wp-json\/wp\/v2\/media?parent=21906"}],"wp:term":[{"taxonomy":"post_tag","embeddable":true,"href":"https:\/\/www.wcb.mb.ca\/fr\/wp-json\/wp\/v2\/tags?post=21906"}],"curies":[{"name":"wp","href":"https:\/\/api.w.org\/{rel}","templated":true}]}}