{"id":21904,"date":"2025-02-21T16:15:16","date_gmt":"2025-02-21T21:15:16","guid":{"rendered":"https:\/\/www.wcb.mb.ca\/?page_id=21904"},"modified":"2026-01-14T15:48:28","modified_gmt":"2026-01-14T20:48:28","slug":"sujets-entourant-la-securite-et-la-sante","status":"publish","type":"page","link":"https:\/\/www.wcb.mb.ca\/fr\/sain-et-sauf-au-travail-manitoba\/sujets-entourant-la-securite-et-la-sante\/","title":{"rendered":"Sujets entourant la s\u00e9curit\u00e9 et la sant\u00e9"},"content":{"rendered":"\t\t<div data-elementor-type=\"wp-page\" data-elementor-id=\"21904\" class=\"elementor elementor-21904 elementor-7271\" data-elementor-post-type=\"page\">\n\t\t\t\t<div class=\"elementor-element elementor-element-3174a1a e-flex e-con-boxed e-con e-parent\" data-id=\"3174a1a\" data-element_type=\"container\" data-e-type=\"container\">\n\t\t\t\t\t<div class=\"e-con-inner\">\n\t\t\t\t<div class=\"elementor-element elementor-element-1140265 elementor-widget elementor-widget-st-header-image\" data-id=\"1140265\" data-element_type=\"widget\" data-e-type=\"widget\" data-widget_type=\"st-header-image.default\">\n\t\t\t\t<div class=\"elementor-widget-container\">\n\t\t\t\t\t<div class=\"c-headerImage g-layout__padding c-headerImage--noImage\"><div class=\"c-headerImage__container g-layout__maxWidth\"><div class=\"c-headerImage__content\"><div ><h1>Sujets entourant la s\u00e9curit\u00e9 et la sant\u00e9<\/h1><\/div><\/div><\/div><\/div>\t\t\t\t<\/div>\n\t\t\t\t<\/div>\n\t\t\t\t\t<\/div>\n\t\t\t\t<\/div>\n\t\t<div class=\"elementor-element elementor-element-5971b18f e-flex e-con-boxed e-con e-parent\" data-id=\"5971b18f\" data-element_type=\"container\" data-e-type=\"container\">\n\t\t\t\t\t<div class=\"e-con-inner\">\n\t\t<div class=\"elementor-element elementor-element-2dad1569 e-con-full e-flex e-con e-child\" data-id=\"2dad1569\" data-element_type=\"container\" data-e-type=\"container\">\n\t\t\t\t<div class=\"elementor-element elementor-element-720af981 elementor-widget__width-initial elementor-widget elementor-widget-text-editor\" data-id=\"720af981\" data-element_type=\"widget\" data-e-type=\"widget\" data-widget_type=\"text-editor.default\">\n\t\t\t\t<div class=\"elementor-widget-container\">\n\t\t\t\t\t\t\t\t\t<p>La WCB prend l\u2019engagement de partager son expertise et de servir de ressource fiable pour tout ce qui a trait \u00e0 la s\u00e9curit\u00e9 et \u00e0 l\u2019hygi\u00e8ne du travail. Notre collection exhaustive de ressources aborde un \u00e9ventail de sujets allant des probl\u00e8mes de s\u00e9curit\u00e9 et sant\u00e9 au travail les plus m\u00e9connus aux plus courants. Vous disposez ainsi des donn\u00e9es dont vous avez besoin pour promouvoir la sant\u00e9 et la s\u00e9curit\u00e9 en milieu de travail.<\/p>\n\t\t\t\t\t\t\t\t<\/div>\n\t\t\t\t<\/div>\n\t\t\t\t<\/div>\n\t\t<div class=\"elementor-element elementor-element-113fb380 e-con-full e-flex e-con e-child\" data-id=\"113fb380\" data-element_type=\"container\" data-e-type=\"container\" data-settings=\"{&quot;background_background&quot;:&quot;classic&quot;}\">\n\t\t\t\t<div class=\"elementor-element elementor-element-4a7ca78f elementor-widget elementor-widget-st-cats\" data-id=\"4a7ca78f\" data-element_type=\"widget\" data-e-type=\"widget\" data-widget_type=\"st-cats.default\">\n\t\t\t\t<div class=\"elementor-widget-container\">\n\t\t\t\t\t<div class=\"c-ctaList\"><\/div>\t\t\t\t<\/div>\n\t\t\t\t<\/div>\n\t\t\t\t<\/div>\n\t\t\t\t\t<\/div>\n\t\t\t\t<\/div>\n\t\t<div class=\"elementor-element elementor-element-d5df4e5 e-flex e-con-boxed e-con e-parent\" data-id=\"d5df4e5\" data-element_type=\"container\" data-e-type=\"container\" data-settings=\"{&quot;background_background&quot;:&quot;classic&quot;}\">\n\t\t\t\t\t<div class=\"e-con-inner\">\n\t\t\t\t<div class=\"elementor-element elementor-element-9840054 elementor-widget__width-initial elementor-widget elementor-widget-text-editor\" data-id=\"9840054\" data-element_type=\"widget\" data-e-type=\"widget\" data-widget_type=\"text-editor.default\">\n\t\t\t\t<div class=\"elementor-widget-container\">\n\t\t\t\t\t\t\t\t\t<h2>S\u00e9lectionnez une option ci-dessous pour explorer un sujet sp\u00e9cifique plus en d\u00e9tail.<\/h2>\n\t\t\t\t\t\t\t\t<\/div>\n\t\t\t\t<\/div>\n\t\t\t\t<div class=\"elementor-element elementor-element-76af434 elementor-widget elementor-widget-st-topics\" data-id=\"76af434\" data-element_type=\"widget\" data-e-type=\"widget\" data-widget_type=\"st-topics.default\">\n\t\t\t\t<div class=\"elementor-widget-container\">\n\t\t\t\t\t<div class=\"c-topics\"><div class=\"c-topics__list\"><div class=\"c-topics__col\"><div class=\"c-topics__item\"><a href=\"https:\/\/www.wcb.mb.ca\/fr\/topics\/batiments-commerciaux\/\" class=\"g-btn__arrow--fullWidth\">B\u00e2timents commerciaux<\/a><\/div><div class=\"c-topics__item\"><a href=\"https:\/\/www.wcb.mb.ca\/fr\/topics\/culture-de-securite\/\" class=\"g-btn__arrow--fullWidth\">Culture de s\u00e9curit\u00e9<\/a><\/div><div class=\"c-topics__item\"><a href=\"https:\/\/www.wcb.mb.ca\/fr\/topics\/enquetes-sur-les-incidents\/\" class=\"g-btn__arrow--fullWidth\">Enqu\u00eates sur les incidents<\/a><\/div><div class=\"c-topics__item\"><a href=\"https:\/\/www.wcb.mb.ca\/fr\/topics\/entretien-des-installations\/\" class=\"g-btn__arrow--fullWidth\">Entretien des installations<\/a><\/div><div class=\"c-topics__item\"><a href=\"https:\/\/www.wcb.mb.ca\/fr\/topics\/entretien-menager\/\" class=\"g-btn__arrow--fullWidth\">Entretien m\u00e9nager<\/a><\/div><div class=\"c-topics__item\"><a href=\"https:\/\/www.wcb.mb.ca\/fr\/topics\/ergonomie\/\" class=\"g-btn__arrow--fullWidth\">Ergonomie<\/a><\/div><div class=\"c-topics__item\"><a href=\"https:\/\/www.wcb.mb.ca\/fr\/topics\/facultes-affaiblies\/\" class=\"g-btn__arrow--fullWidth\">Facult\u00e9s affaiblies<\/a><\/div><div class=\"c-topics__item\"><a href=\"https:\/\/www.wcb.mb.ca\/fr\/topics\/harcelement-et-violence\/\" class=\"g-btn__arrow--fullWidth\">Harc\u00e8lement et violence<\/a><\/div><div class=\"c-topics__item\"><a href=\"https:\/\/www.wcb.mb.ca\/fr\/topics\/installations-de-rincage-durgence\/\" class=\"g-btn__arrow--fullWidth\">Installations de rin\u00e7age d\u2019urgence<\/a><\/div><\/div><div class=\"c-topics__col\"><div class=\"c-topics__item\"><a href=\"https:\/\/www.wcb.mb.ca\/fr\/topics\/la-conduite-au-travail\/\" class=\"g-btn__arrow--fullWidth\">La conduite au travail<\/a><\/div><div class=\"c-topics__item\"><a href=\"https:\/\/www.wcb.mb.ca\/fr\/topics\/les-blessures-musculosquelettiques\/\" class=\"g-btn__arrow--fullWidth\">Les blessures musculosquelettiques<\/a><\/div><div class=\"c-topics__item\"><a href=\"https:\/\/www.wcb.mb.ca\/fr\/topics\/peche\/\" class=\"g-btn__arrow--fullWidth\">P\u00eache<\/a><\/div><div class=\"c-topics__item\"><a href=\"https:\/\/www.wcb.mb.ca\/fr\/topics\/premiers-soins\/\" class=\"g-btn__arrow--fullWidth\">Premiers soins<\/a><\/div><div class=\"c-topics__item\"><a href=\"https:\/\/www.wcb.mb.ca\/fr\/topics\/procedes-securitaires-au-travail\/\" class=\"g-btn__arrow--fullWidth\">Proc\u00e9d\u00e9s s\u00e9curitaires au travail<\/a><\/div><div class=\"c-topics__item\"><a href=\"https:\/\/www.wcb.mb.ca\/fr\/topics\/protection-de-louie-et-lutte-contre-le-bruit\/\" class=\"g-btn__arrow--fullWidth\">Protection de l\u2019ou\u00efe et lutte contre le bruit<\/a><\/div><div class=\"c-topics__item\"><a href=\"https:\/\/www.wcb.mb.ca\/fr\/topics\/sante-et-securite-psychologiques\/\" class=\"g-btn__arrow--fullWidth\">Sant\u00e9 et s\u00e9curit\u00e9 psychologiques<\/a><\/div><div class=\"c-topics__item\"><a href=\"https:\/\/www.wcb.mb.ca\/fr\/topics\/securite-des-nouveaux-travailleurs\/\" class=\"g-btn__arrow--fullWidth\">S\u00e9curit\u00e9 des nouveaux travailleurs<\/a><\/div><div class=\"c-topics__item\"><a href=\"https:\/\/www.wcb.mb.ca\/fr\/topics\/securite-pour-petite-entreprise\/\" class=\"g-btn__arrow--fullWidth\">S\u00e9curit\u00e9 pour petite entreprise<\/a><\/div><\/div><\/div><\/div>\t\t\t\t<\/div>\n\t\t\t\t<\/div>\n\t\t\t\t\t<\/div>\n\t\t\t\t<\/div>\n\t\t<div class=\"elementor-element elementor-element-485e29f e-flex e-con-boxed e-con e-parent\" data-id=\"485e29f\" data-element_type=\"container\" data-e-type=\"container\">\n\t\t\t\t\t<div class=\"e-con-inner\">\n\t\t\t\t<div class=\"elementor-element elementor-element-d1a183d elementor-widget__width-initial elementor-widget elementor-widget-text-editor\" data-id=\"d1a183d\" data-element_type=\"widget\" data-e-type=\"widget\" data-widget_type=\"text-editor.default\">\n\t\t\t\t<div class=\"elementor-widget-container\">\n\t\t\t\t\t\t\t\t\t<p><em>Pour obtenir des ressources de SAIN et SAUF au travail Manitoba en format PDF, pri\u00e8re de communiquer avec nous par notre <a href=\"https:\/\/www.wcb.mb.ca\/fr\/coordonnees\/\" target=\"_blank\" rel=\"noopener\">formulaire de contact<\/a>, par clavardage en direct ou par t\u00e9l\u00e9phone au 204-957-SAFE (7223).<\/em><\/p>\n\t\t\t\t\t\t\t\t<\/div>\n\t\t\t\t<\/div>\n\t\t\t\t\t<\/div>\n\t\t\t\t<\/div>\n\t\t\t\t<\/div>\n\t\t","protected":false},"excerpt":{"rendered":"<p>La WCB prend l\u2019engagement de partager son expertise et de servir de ressource fiable pour tout ce qui a trait \u00e0 la s\u00e9curit\u00e9 et \u00e0 l\u2019hygi\u00e8ne du travail. Notre collection exhaustive de ressources aborde un \u00e9ventail de sujets allant des probl\u00e8mes de s\u00e9curit\u00e9 et sant\u00e9 au travail les plus m\u00e9connus aux plus courants. Vous disposez [&hellip;]<\/p>\n","protected":false},"author":1,"featured_media":0,"parent":21786,"menu_order":0,"comment_status":"closed","ping_status":"closed","template":"","meta":{"_acf_changed":false,"footnotes":""},"tags":[],"class_list":["post-21904","page","type-page","status-publish","hentry"],"acf":[],"_links":{"self":[{"href":"https:\/\/www.wcb.mb.ca\/fr\/wp-json\/wp\/v2\/pages\/21904","targetHints":{"allow":["GET"]}}],"collection":[{"href":"https:\/\/www.wcb.mb.ca\/fr\/wp-json\/wp\/v2\/pages"}],"about":[{"href":"https:\/\/www.wcb.mb.ca\/fr\/wp-json\/wp\/v2\/types\/page"}],"author":[{"embeddable":true,"href":"https:\/\/www.wcb.mb.ca\/fr\/wp-json\/wp\/v2\/users\/1"}],"replies":[{"embeddable":true,"href":"https:\/\/www.wcb.mb.ca\/fr\/wp-json\/wp\/v2\/comments?post=21904"}],"version-history":[{"count":2,"href":"https:\/\/www.wcb.mb.ca\/fr\/wp-json\/wp\/v2\/pages\/21904\/revisions"}],"predecessor-version":[{"id":22552,"href":"https:\/\/www.wcb.mb.ca\/fr\/wp-json\/wp\/v2\/pages\/21904\/revisions\/22552"}],"up":[{"embeddable":true,"href":"https:\/\/www.wcb.mb.ca\/fr\/wp-json\/wp\/v2\/pages\/21786"}],"wp:attachment":[{"href":"https:\/\/www.wcb.mb.ca\/fr\/wp-json\/wp\/v2\/media?parent=21904"}],"wp:term":[{"taxonomy":"post_tag","embeddable":true,"href":"https:\/\/www.wcb.mb.ca\/fr\/wp-json\/wp\/v2\/tags?post=21904"}],"curies":[{"name":"wp","href":"https:\/\/api.w.org\/{rel}","templated":true}]}}