{"id":21901,"date":"2025-02-19T14:29:08","date_gmt":"2025-02-19T19:29:08","guid":{"rendered":"https:\/\/www.wcb.mb.ca\/?page_id=21901"},"modified":"2026-01-14T15:48:28","modified_gmt":"2026-01-14T20:48:28","slug":"risques-et-expositions","status":"publish","type":"page","link":"https:\/\/www.wcb.mb.ca\/fr\/sain-et-sauf-au-travail-manitoba\/risques-et-expositions\/","title":{"rendered":"Risques et expositions"},"content":{"rendered":"\t\t<div data-elementor-type=\"wp-page\" data-elementor-id=\"21901\" class=\"elementor elementor-21901 elementor-6919\" data-elementor-post-type=\"page\">\n\t\t\t\t<div class=\"elementor-element elementor-element-17f46f6 e-flex e-con-boxed e-con e-parent\" data-id=\"17f46f6\" data-element_type=\"container\" data-e-type=\"container\">\n\t\t\t\t\t<div class=\"e-con-inner\">\n\t\t\t\t<div class=\"elementor-element elementor-element-e0d2fd1 elementor-widget elementor-widget-st-header-image\" data-id=\"e0d2fd1\" data-element_type=\"widget\" data-e-type=\"widget\" data-widget_type=\"st-header-image.default\">\n\t\t\t\t<div class=\"elementor-widget-container\">\n\t\t\t\t\t<div class=\"c-headerImage g-layout__padding c-headerImage--default\"><div class=\"c-headerImage__container g-layout__maxWidth\"><div class=\"c-headerImage__content\"><div ><h1>Risques et expositions<\/h1><\/div><\/div><\/div><\/div>\t\t\t\t<\/div>\n\t\t\t\t<\/div>\n\t\t\t\t\t<\/div>\n\t\t\t\t<\/div>\n\t\t<div class=\"elementor-element elementor-element-ed17f86 e-flex e-con-boxed e-con e-parent\" data-id=\"ed17f86\" data-element_type=\"container\" data-e-type=\"container\">\n\t\t\t\t\t<div class=\"e-con-inner\">\n\t\t<div class=\"elementor-element elementor-element-4ba5bf63 e-con-full e-flex e-con e-child\" data-id=\"4ba5bf63\" data-element_type=\"container\" data-e-type=\"container\">\n\t\t\t\t<div class=\"elementor-element elementor-element-bdcdf3 elementor-widget__width-initial elementor-widget elementor-widget-text-editor\" data-id=\"bdcdf3\" data-element_type=\"widget\" data-e-type=\"widget\" data-widget_type=\"text-editor.default\">\n\t\t\t\t<div class=\"elementor-widget-container\">\n\t\t\t\t\t\t\t\t\t<p>La gestion des risques est essentielle pour assurer la sant\u00e9 et la s\u00e9curit\u00e9 en milieu de travail.<\/p>\n<p>Tous les secteurs doivent composer avec des dangers mettant les travailleurs \u00e0 risque de se blesser ou de d\u00e9velopper une maladie, notamment des pratiques, des substances ou des situations dangereuses ou encore une combinaison de facteurs de risque.<\/p>\n<p>Bien que les risques soient toujours pr\u00e9sents, il est possible de les identifier et de les contr\u00f4ler. La premi\u00e8re \u00e9tape consiste \u00e0 comprendre les risques inh\u00e9rents \u00e0 votre lieu de travail afin de prendre des mesures pour pr\u00e9venir les blessures, les accidents et les d\u00e9c\u00e8s.<\/p>\n<p>Les mesures de contr\u00f4le maintiennent l\u2019exposition du travailleur sous la limite d\u2019exposition en milieu de travail (LEMT) pour chaque substance biologique. Ces mesures suivent une hi\u00e9rarchie o\u00f9 l\u2019\u00e9limination et la substitution sont les mesures de contr\u00f4le les plus efficaces. Les types de mesures de contr\u00f4le comprennent\u00a0:<\/p>\n<ul>\n<li><strong>\u00e9limination\u00a0: <\/strong>\u00e9liminer ou enlever le danger pr\u00e9sent en milieu de travail<\/li>\n<li><strong>substitution\u00a0: <\/strong>remplacer par une condition, une pratique ou un processus moins dangereux<\/li>\n<li><strong>administration\u00a0: <\/strong>am\u00e9liorer la fa\u00e7on dont le travail est effectu\u00e9<\/li>\n<li><strong>application technique\u00a0: <\/strong>appliquer des changements physiques qui r\u00e9duisent l\u2019exposition et isolent le travailleur du danger<\/li>\n<li>m\u00e9thodes entourant le port de <strong>l\u2019\u00e9quipement de protection individuelle<\/strong><\/li>\n<\/ul>\n\t\t\t\t\t\t\t\t<\/div>\n\t\t\t\t<\/div>\n\t\t\t\t<\/div>\n\t\t<div class=\"elementor-element elementor-element-3bc3af42 e-con-full e-flex e-con e-child\" data-id=\"3bc3af42\" data-element_type=\"container\" data-e-type=\"container\" data-settings=\"{&quot;background_background&quot;:&quot;classic&quot;}\">\n\t\t\t\t<div class=\"elementor-element elementor-element-761d5ed elementor-widget elementor-widget-st-cats\" data-id=\"761d5ed\" data-element_type=\"widget\" data-e-type=\"widget\" data-widget_type=\"st-cats.default\">\n\t\t\t\t<div class=\"elementor-widget-container\">\n\t\t\t\t\t<div class=\"c-ctaList\"><\/div>\t\t\t\t<\/div>\n\t\t\t\t<\/div>\n\t\t\t\t<\/div>\n\t\t\t\t\t<\/div>\n\t\t\t\t<\/div>\n\t\t<div class=\"elementor-element elementor-element-6a24461 e-flex e-con-boxed e-con e-parent\" data-id=\"6a24461\" data-element_type=\"container\" data-e-type=\"container\" data-settings=\"{&quot;background_background&quot;:&quot;classic&quot;}\">\n\t\t\t\t\t<div class=\"e-con-inner\">\n\t\t\t\t<div class=\"elementor-element elementor-element-7b485fa elementor-widget elementor-widget-text-editor\" data-id=\"7b485fa\" data-element_type=\"widget\" data-e-type=\"widget\" data-widget_type=\"text-editor.default\">\n\t\t\t\t<div class=\"elementor-widget-container\">\n\t\t\t\t\t\t\t\t\t<h2>Explorez les cat\u00e9gories ci-dessous pour en apprendre plus sur les diff\u00e9rents types de risques en milieu de travail et sur les moyens de les g\u00e9rer efficacement.<\/h2>\n\t\t\t\t\t\t\t\t<\/div>\n\t\t\t\t<\/div>\n\t\t\t\t<div class=\"elementor-element elementor-element-6b48e30 elementor-widget elementor-widget-st-topics\" data-id=\"6b48e30\" data-element_type=\"widget\" data-e-type=\"widget\" data-widget_type=\"st-topics.default\">\n\t\t\t\t<div class=\"elementor-widget-container\">\n\t\t\t\t\t<div class=\"c-topics\"><div class=\"c-topics__list\"><div class=\"c-topics__col\"><div class=\"c-topics__item\"><a href=\"https:\/\/www.wcb.mb.ca\/fr\/topics\/air-comprime\/\" class=\"g-btn__arrow--fullWidth\">Air comprim\u00e9<\/a><\/div><div class=\"c-topics__item\"><a href=\"https:\/\/www.wcb.mb.ca\/fr\/topics\/amiante\/\" class=\"g-btn__arrow--fullWidth\">Amiante<\/a><\/div><div class=\"c-topics__item\"><a href=\"https:\/\/www.wcb.mb.ca\/fr\/topics\/ammoniac-anhydre\/\" class=\"g-btn__arrow--fullWidth\">Ammoniac anhydre<\/a><\/div><div class=\"c-topics__item\"><a href=\"https:\/\/www.wcb.mb.ca\/fr\/topics\/dynamitage\/\" class=\"g-btn__arrow--fullWidth\">Dynamitage<\/a><\/div><div class=\"c-topics__item\"><a href=\"https:\/\/www.wcb.mb.ca\/fr\/topics\/espaces-clos\/\" class=\"g-btn__arrow--fullWidth\">Espaces clos<\/a><\/div><div class=\"c-topics__item\"><a href=\"https:\/\/www.wcb.mb.ca\/fr\/topics\/excavations\/\" class=\"g-btn__arrow--fullWidth\">Excavations<\/a><\/div><div class=\"c-topics__item\"><a href=\"https:\/\/www.wcb.mb.ca\/fr\/topics\/glissements-trebuchements-et-chutes\/\" class=\"g-btn__arrow--fullWidth\">Glissements, tr\u00e9buchements et chutes<\/a><\/div><div class=\"c-topics__item\"><a href=\"https:\/\/www.wcb.mb.ca\/fr\/topics\/hantavirus\/\" class=\"g-btn__arrow--fullWidth\">Hantavirus<\/a><\/div><div class=\"c-topics__item\"><a href=\"https:\/\/www.wcb.mb.ca\/fr\/topics\/incendie-et-explosifs\/\" class=\"g-btn__arrow--fullWidth\">Incendie et explosifs<\/a><\/div><div class=\"c-topics__item\"><a href=\"https:\/\/www.wcb.mb.ca\/fr\/topics\/maladie-de-lyme\/\" class=\"g-btn__arrow--fullWidth\">Maladie de Lyme<\/a><\/div><div class=\"c-topics__item\"><a href=\"https:\/\/www.wcb.mb.ca\/fr\/topics\/monoxyde-de-carbone\/\" class=\"g-btn__arrow--fullWidth\">Monoxyde de carbone<\/a><\/div><div class=\"c-topics__item\"><a href=\"https:\/\/www.wcb.mb.ca\/fr\/topics\/rayonnement\/\" class=\"g-btn__arrow--fullWidth\">Rayonnement<\/a><\/div><div class=\"c-topics__item\"><a href=\"https:\/\/www.wcb.mb.ca\/fr\/topics\/securite-en-electricite\/\" class=\"g-btn__arrow--fullWidth\">S\u00e9curit\u00e9 en \u00e9lectricit\u00e9<\/a><\/div><div class=\"c-topics__item\"><a href=\"https:\/\/www.wcb.mb.ca\/fr\/topics\/securite-relative-au-travail-du-grain\/\" class=\"g-btn__arrow--fullWidth\">S\u00e9curit\u00e9 relative au travail du grain<\/a><\/div><\/div><div class=\"c-topics__col\"><div class=\"c-topics__item\"><a href=\"https:\/\/www.wcb.mb.ca\/fr\/topics\/simdut\/\" class=\"g-btn__arrow--fullWidth\">SIMDUT<\/a><\/div><div class=\"c-topics__item\"><a href=\"https:\/\/www.wcb.mb.ca\/fr\/topics\/soudage\/\" class=\"g-btn__arrow--fullWidth\">Soudage<\/a><\/div><div class=\"c-topics__item\"><a href=\"https:\/\/www.wcb.mb.ca\/fr\/topics\/substances-biologiques\/\" class=\"g-btn__arrow--fullWidth\">Substances biologiques<\/a><\/div><div class=\"c-topics__item\"><a href=\"https:\/\/www.wcb.mb.ca\/fr\/topics\/substances-chimiques\/\" class=\"g-btn__arrow--fullWidth\">Substances chimiques<\/a><\/div><div class=\"c-topics__item\"><a href=\"https:\/\/www.wcb.mb.ca\/fr\/topics\/surveillance-et-soin-des-animaux\/\" class=\"g-btn__arrow--fullWidth\">Surveillance et soin des animaux<\/a><\/div><div class=\"c-topics__item\"><a href=\"https:\/\/www.wcb.mb.ca\/fr\/topics\/temps-chaud\/\" class=\"g-btn__arrow--fullWidth\">Temps chaud<\/a><\/div><div class=\"c-topics__item\"><a href=\"https:\/\/www.wcb.mb.ca\/fr\/topics\/temps-froid\/\" class=\"g-btn__arrow--fullWidth\">Temps froid<\/a><\/div><div class=\"c-topics__item\"><a href=\"https:\/\/www.wcb.mb.ca\/fr\/topics\/transformation-du-bois\/\" class=\"g-btn__arrow--fullWidth\">Transformation du bois<\/a><\/div><div class=\"c-topics__item\"><a href=\"https:\/\/www.wcb.mb.ca\/fr\/topics\/travail-en-exterieur\/\" class=\"g-btn__arrow--fullWidth\">Travail en ext\u00e9rieur<\/a><\/div><div class=\"c-topics__item\"><a href=\"https:\/\/www.wcb.mb.ca\/fr\/topics\/travailler-seul\/\" class=\"g-btn__arrow--fullWidth\">Travailler seul<\/a><\/div><div class=\"c-topics__item\"><a href=\"https:\/\/www.wcb.mb.ca\/fr\/topics\/travaux-de-demolition\/\" class=\"g-btn__arrow--fullWidth\">Travaux de d\u00e9molition<\/a><\/div><div class=\"c-topics__item\"><a href=\"https:\/\/www.wcb.mb.ca\/fr\/topics\/travaux-de-toiture\/\" class=\"g-btn__arrow--fullWidth\">Travaux de toiture<\/a><\/div><div class=\"c-topics__item\"><a href=\"https:\/\/www.wcb.mb.ca\/fr\/topics\/travaux-routiers\/\" class=\"g-btn__arrow--fullWidth\">Travaux routiers<\/a><\/div><\/div><\/div><\/div>\t\t\t\t<\/div>\n\t\t\t\t<\/div>\n\t\t\t\t\t<\/div>\n\t\t\t\t<\/div>\n\t\t<div class=\"elementor-element elementor-element-c41b1bd e-flex e-con-boxed e-con e-parent\" data-id=\"c41b1bd\" data-element_type=\"container\" data-e-type=\"container\">\n\t\t\t\t\t<div class=\"e-con-inner\">\n\t\t\t\t<div class=\"elementor-element elementor-element-0752397 elementor-widget__width-initial elementor-widget elementor-widget-text-editor\" data-id=\"0752397\" data-element_type=\"widget\" data-e-type=\"widget\" data-widget_type=\"text-editor.default\">\n\t\t\t\t<div class=\"elementor-widget-container\">\n\t\t\t\t\t\t\t\t\t<p><em>Pour obtenir des ressources de SAIN et SAUF au travail Manitoba en format PDF, pri\u00e8re de communiquer avec nous par notre <a href=\"https:\/\/www.wcb.mb.ca\/fr\/coordonnees\/\" target=\"_blank\" rel=\"noopener\">formulaire de contact<\/a>, par clavardage en direct ou par t\u00e9l\u00e9phone au 204-957-SAFE (7223).<\/em><\/p>\n\t\t\t\t\t\t\t\t<\/div>\n\t\t\t\t<\/div>\n\t\t\t\t\t<\/div>\n\t\t\t\t<\/div>\n\t\t\t\t<\/div>\n\t\t","protected":false},"excerpt":{"rendered":"<p>La gestion des risques est essentielle pour assurer la sant\u00e9 et la s\u00e9curit\u00e9 en milieu de travail. Tous les secteurs doivent composer avec des dangers mettant les travailleurs \u00e0 risque de se blesser ou de d\u00e9velopper une maladie, notamment des pratiques, des substances ou des situations dangereuses ou encore une combinaison de facteurs de risque. [&hellip;]<\/p>\n","protected":false},"author":1,"featured_media":0,"parent":21786,"menu_order":0,"comment_status":"closed","ping_status":"closed","template":"","meta":{"_acf_changed":false,"footnotes":""},"tags":[],"class_list":["post-21901","page","type-page","status-publish","hentry"],"acf":[],"_links":{"self":[{"href":"https:\/\/www.wcb.mb.ca\/fr\/wp-json\/wp\/v2\/pages\/21901","targetHints":{"allow":["GET"]}}],"collection":[{"href":"https:\/\/www.wcb.mb.ca\/fr\/wp-json\/wp\/v2\/pages"}],"about":[{"href":"https:\/\/www.wcb.mb.ca\/fr\/wp-json\/wp\/v2\/types\/page"}],"author":[{"embeddable":true,"href":"https:\/\/www.wcb.mb.ca\/fr\/wp-json\/wp\/v2\/users\/1"}],"replies":[{"embeddable":true,"href":"https:\/\/www.wcb.mb.ca\/fr\/wp-json\/wp\/v2\/comments?post=21901"}],"version-history":[{"count":19,"href":"https:\/\/www.wcb.mb.ca\/fr\/wp-json\/wp\/v2\/pages\/21901\/revisions"}],"predecessor-version":[{"id":22551,"href":"https:\/\/www.wcb.mb.ca\/fr\/wp-json\/wp\/v2\/pages\/21901\/revisions\/22551"}],"up":[{"embeddable":true,"href":"https:\/\/www.wcb.mb.ca\/fr\/wp-json\/wp\/v2\/pages\/21786"}],"wp:attachment":[{"href":"https:\/\/www.wcb.mb.ca\/fr\/wp-json\/wp\/v2\/media?parent=21901"}],"wp:term":[{"taxonomy":"post_tag","embeddable":true,"href":"https:\/\/www.wcb.mb.ca\/fr\/wp-json\/wp\/v2\/tags?post=21901"}],"curies":[{"name":"wp","href":"https:\/\/api.w.org\/{rel}","templated":true}]}}