{"id":21875,"date":"2025-03-07T15:37:39","date_gmt":"2025-03-07T20:37:39","guid":{"rendered":"https:\/\/www.wcb.mb.ca\/?page_id=21875"},"modified":"2026-01-14T15:48:30","modified_gmt":"2026-01-14T20:48:30","slug":"portail-de-formation-sain-et-sauf-au-travail-manitoba","status":"publish","type":"page","link":"https:\/\/www.wcb.mb.ca\/fr\/sain-et-sauf-au-travail-manitoba\/formation-et-certification-en-securite\/portail-de-formation-sain-et-sauf-au-travail-manitoba\/","title":{"rendered":"Portail de formation SAIN et SAUF au travail Manitoba"},"content":{"rendered":"\t\t<div data-elementor-type=\"wp-page\" data-elementor-id=\"21875\" class=\"elementor elementor-21875 elementor-9643\" data-elementor-post-type=\"page\">\n\t\t\t\t<div class=\"elementor-element elementor-element-c89b2ab e-flex e-con-boxed e-con e-parent\" data-id=\"c89b2ab\" data-element_type=\"container\" data-e-type=\"container\">\n\t\t\t\t\t<div class=\"e-con-inner\">\n\t\t\t\t<div class=\"elementor-element elementor-element-ff05c72 elementor-widget elementor-widget-st-header-image\" data-id=\"ff05c72\" data-element_type=\"widget\" data-e-type=\"widget\" data-widget_type=\"st-header-image.default\">\n\t\t\t\t<div class=\"elementor-widget-container\">\n\t\t\t\t\t<div class=\"c-headerImage g-layout__padding c-headerImage--large\"><div class=\"c-headerImage__container g-layout__maxWidth\"><div class=\"c-headerImage__content\"><div ><h1>Portail de formation SAIN et SAUF au travail Manitoba<\/h1><p><span class=\"g-font--big\">La ressource pour la formation en s\u00e9curit\u00e9 au Manitoba<\/span><\/p><p>Le portail de formation de SAIN et SAUF au travail Manitoba est le p\u00f4le central de formation en s\u00e9curit\u00e9 dans la province. Cette plateforme vous donne acc\u00e8s \u00e0 des centaines de cours offerts par des fournisseurs de confiance dans la province afin d\u2019\u00e9largir vos comp\u00e9tences et de faire progresser votre carri\u00e8re.<\/p><\/div><a class=\"c-headerImage__btn g-btn\" href=\"https:\/\/swmb.bluedrop.io\/storefront\/safeworkmanitoba-trainingportal\" target=\"_blank\"\"><span >Commencer<\/span><\/a><\/div><\/div><\/div>\t\t\t\t<\/div>\n\t\t\t\t<\/div>\n\t\t\t\t\t<\/div>\n\t\t\t\t<\/div>\n\t\t<div class=\"elementor-element elementor-element-7931a2e e-grid e-con-boxed e-con e-parent\" data-id=\"7931a2e\" data-element_type=\"container\" data-e-type=\"container\">\n\t\t\t\t\t<div class=\"e-con-inner\">\n\t\t<div class=\"elementor-element elementor-element-5b2bd42a e-con-full e-flex e-con e-child\" data-id=\"5b2bd42a\" data-element_type=\"container\" data-e-type=\"container\">\n\t\t\t\t<div class=\"elementor-element elementor-element-f906eff elementor-widget__width-initial elementor-widget elementor-widget-text-editor\" data-id=\"f906eff\" data-element_type=\"widget\" data-e-type=\"widget\" data-widget_type=\"text-editor.default\">\n\t\t\t\t<div class=\"elementor-widget-container\">\n\t\t\t\t\t\t\t\t\t<h3>Apprenants\u00a0: parcourez les cours offerts et inscrivez-vous pour maintenir vos certifications \u00e0 partir d\u2019une seule et m\u00eame plateforme<\/h3>\n<p>Si vous \u00eates travailleur au Manitoba, le portail de formation SAIN et SAUF au travail Manitoba propose des cours de grande qualit\u00e9, con\u00e7us pour favoriser votre s\u00e9curit\u00e9 et votre avancement professionnel; le tout, dans un m\u00eame espace pratique.<\/p>\n<p>Distinguez-vous sur le march\u00e9 du travail gr\u00e2ce \u00e0 des certifications qui d\u00e9montrent aux employeurs vos comp\u00e9tences et votre engagement en mati\u00e8re de s\u00e9curit\u00e9. De plus, acc\u00e9dez \u00e0 vos certificats sur demande et partagez-les facilement avec un employeur actuel ou potentiel.&nbsp;<\/p>\n\t\t\t\t\t\t\t\t<\/div>\n\t\t\t\t<\/div>\n\t\t\t\t<div class=\"elementor-element elementor-element-fad7b80 elementor-widget elementor-widget-button\" data-id=\"fad7b80\" data-element_type=\"widget\" data-e-type=\"widget\" data-widget_type=\"button.default\">\n\t\t\t\t<div class=\"elementor-widget-container\">\n\t\t\t\t\t\t\t\t\t<div class=\"elementor-button-wrapper\">\n\t\t\t\t\t<a class=\"elementor-button elementor-button-link elementor-size-sm\" href=\"https:\/\/swmb.bluedrop.io\/storefront\/safeworkmanitoba-trainingportal\" target=\"_blank\">\n\t\t\t\t\t\t<span class=\"elementor-button-content-wrapper\">\n\t\t\t\t\t\t\t\t\t<span class=\"elementor-button-text\">Lancer une recherche de cours maintenant<\/span>\n\t\t\t\t\t<\/span>\n\t\t\t\t\t<\/a>\n\t\t\t\t<\/div>\n\t\t\t\t\t\t\t\t<\/div>\n\t\t\t\t<\/div>\n\t\t\t\t<\/div>\n\t\t<div class=\"elementor-element elementor-element-34c2b4a5 e-con-full e-flex e-con e-child\" data-id=\"34c2b4a5\" data-element_type=\"container\" data-e-type=\"container\" data-settings=\"{&quot;background_background&quot;:&quot;classic&quot;}\">\n\t\t\t\t<div class=\"elementor-element elementor-element-46a5dac1 elementor-widget elementor-widget-st-cats\" data-id=\"46a5dac1\" data-element_type=\"widget\" data-e-type=\"widget\" data-widget_type=\"st-cats.default\">\n\t\t\t\t<div class=\"elementor-widget-container\">\n\t\t\t\t\t<div class=\"c-ctaList\"><\/div>\t\t\t\t<\/div>\n\t\t\t\t<\/div>\n\t\t\t\t<\/div>\n\t\t\t\t\t<\/div>\n\t\t\t\t<\/div>\n\t\t<div class=\"elementor-element elementor-element-6190abd e-grid e-con-boxed e-con e-child\" data-id=\"6190abd\" data-element_type=\"container\" data-e-type=\"container\" data-settings=\"{&quot;background_background&quot;:&quot;classic&quot;}\">\n\t\t\t\t\t<div class=\"e-con-inner\">\n\t\t<div class=\"elementor-element elementor-element-dbef5e2 e-con-full e-flex e-con e-child\" data-id=\"dbef5e2\" data-element_type=\"container\" data-e-type=\"container\">\n\t\t\t\t<div class=\"elementor-element elementor-element-ee98105 elementor-widget__width-initial elementor-widget elementor-widget-text-editor\" data-id=\"ee98105\" data-element_type=\"widget\" data-e-type=\"widget\" data-widget_type=\"text-editor.default\">\n\t\t\t\t<div class=\"elementor-widget-container\">\n\t\t\t\t\t\t\t\t\t<p><span class=\"g-font--big\">Des formations de grande qualit\u00e9 au service des employeurs<\/span><\/p>\n<p>Am\u00e9liorez la s\u00e9curit\u00e9 en milieu de travail et le respect des r\u00e8gles de s\u00e9curit\u00e9 gr\u00e2ce \u00e0 des cours de grande qualit\u00e9, destin\u00e9s \u00e0 vos employ\u00e9s. Le portail SAIN et SAUF au travail Manitoba procure \u00e0 votre entreprise une solution simple pour g\u00e9rer les formations en s\u00e9curit\u00e9 de vos employ\u00e9s. Le portail simplifie la conformit\u00e9, am\u00e9liore les comp\u00e9tences en mati\u00e8re de s\u00e9curit\u00e9 et permet de faire le suivi du renouvellement des certifications pour un vaste \u00e9ventail de cours.&nbsp;<\/p>\n\t\t\t\t\t\t\t\t<\/div>\n\t\t\t\t<\/div>\n\t\t\t\t<div class=\"elementor-element elementor-element-e1f4a5a elementor-widget elementor-widget-button\" data-id=\"e1f4a5a\" data-element_type=\"widget\" data-e-type=\"widget\" data-widget_type=\"button.default\">\n\t\t\t\t<div class=\"elementor-widget-container\">\n\t\t\t\t\t\t\t\t\t<div class=\"elementor-button-wrapper\">\n\t\t\t\t\t<a class=\"elementor-button elementor-button-link elementor-size-sm\" href=\"https:\/\/swmb.bluedrop.io\/employer-signup\/\" target=\"_blank\">\n\t\t\t\t\t\t<span class=\"elementor-button-content-wrapper\">\n\t\t\t\t\t\t\t\t\t<span class=\"elementor-button-text\">Formulaire d\u2019inscription de l\u2019employeur<\/span>\n\t\t\t\t\t<\/span>\n\t\t\t\t\t<\/a>\n\t\t\t\t<\/div>\n\t\t\t\t\t\t\t\t<\/div>\n\t\t\t\t<\/div>\n\t\t\t\t<\/div>\n\t\t\t\t<div class=\"elementor-element elementor-element-31fa60c elementor-widget elementor-widget-image\" data-id=\"31fa60c\" data-element_type=\"widget\" data-e-type=\"widget\" data-widget_type=\"image.default\">\n\t\t\t\t<div class=\"elementor-widget-container\">\n\t\t\t\t\t\t\t\t\t\t\t\t\t\t\t<img fetchpriority=\"high\" decoding=\"async\" width=\"524\" height=\"291\" src=\"\/wp-content\/uploads\/2025\/03\/TrainingPortal_Employer_524x291_2025.jpg\" class=\"attachment-large size-large wp-image-21878\" alt=\"\" srcset=\"\/wp-content\/uploads\/2025\/03\/TrainingPortal_Employer_524x291_2025.jpg 524w, \/wp-content\/uploads\/2025\/03\/TrainingPortal_Employer_524x291_2025-300x167.jpg 300w\" sizes=\"(max-width: 524px) 100vw, 524px\" \/>\t\t\t\t\t\t\t\t\t\t\t\t\t\t\t<\/div>\n\t\t\t\t<\/div>\n\t\t\t\t<div class=\"elementor-element elementor-element-f427f79 elementor-widget elementor-widget-image\" data-id=\"f427f79\" data-element_type=\"widget\" data-e-type=\"widget\" data-widget_type=\"image.default\">\n\t\t\t\t<div class=\"elementor-widget-container\">\n\t\t\t\t\t\t\t\t\t\t\t\t\t\t\t<img decoding=\"async\" width=\"524\" height=\"291\" src=\"\/wp-content\/uploads\/2025\/03\/TrainingPortal_Provider_524x291_2025.jpg\" class=\"attachment-large size-large wp-image-21879\" alt=\"\" srcset=\"\/wp-content\/uploads\/2025\/03\/TrainingPortal_Provider_524x291_2025.jpg 524w, \/wp-content\/uploads\/2025\/03\/TrainingPortal_Provider_524x291_2025-300x167.jpg 300w\" sizes=\"(max-width: 524px) 100vw, 524px\" \/>\t\t\t\t\t\t\t\t\t\t\t\t\t\t\t<\/div>\n\t\t\t\t<\/div>\n\t\t\t\t<div class=\"elementor-element elementor-element-0c7a621 elementor-widget elementor-widget-text-editor\" data-id=\"0c7a621\" data-element_type=\"widget\" data-e-type=\"widget\" data-widget_type=\"text-editor.default\">\n\t\t\t\t<div class=\"elementor-widget-container\">\n\t\t\t\t\t\t\t\t\t<p><span class=\"g-font--big\">Fournisseurs de formation\u00a0: faites d\u00e9couvrir vos cours sur la s\u00e9curit\u00e9 \u00e0 un plus grand nombre de travailleurs manitobains<\/span><\/p>\n<p aria-level=\"2\">Assurez-vous d\u2019\u00eatre bien visible sur la plateforme o\u00f9 tout le monde se retrouve. Le portail de formation de SAIN et SAUF au travail Manitoba est la plateforme par excellence pour permettre aux fournisseurs de formation d\u2019\u00e9largir leur port\u00e9e et leur impact. Inscrivez-vous gratuitement pour rendre vos cours de formation standard et de formation g\u00e9n\u00e9rale plus accessibles aux Manitobains \u00e0 la recherche de formations.<\/p>\n<p><a href=\"https:\/\/www.wcb.mb.ca\/fr\/sain-et-sauf-au-travail-manitoba\/formation-et-certification-en-securite\/devenir-un-fournisseur-de-formation-valide-par-sain-et-sauf-au-travail\/\" target=\"_blank\" rel=\"noopener\">D\u00e9couvrir le processus d\u2019inscription<\/a><\/p>\n\t\t\t\t\t\t\t\t<\/div>\n\t\t\t\t<\/div>\n\t\t\t\t\t<\/div>\n\t\t\t\t<\/div>\n\t\t<div class=\"elementor-element elementor-element-19020ee e-grid e-con-boxed e-con e-parent\" data-id=\"19020ee\" data-element_type=\"container\" data-e-type=\"container\">\n\t\t\t\t\t<div class=\"e-con-inner\">\n\t\t<div class=\"elementor-element elementor-element-b732e34 e-con-full e-flex e-con e-child\" data-id=\"b732e34\" data-element_type=\"container\" data-e-type=\"container\">\n\t\t\t\t<div class=\"elementor-element elementor-element-d2fef59 elementor-widget__width-initial elementor-widget elementor-widget-text-editor\" data-id=\"d2fef59\" data-element_type=\"widget\" data-e-type=\"widget\" data-widget_type=\"text-editor.default\">\n\t\t\t\t<div class=\"elementor-widget-container\">\n\t\t\t\t\t\t\t\t\t<p>&nbsp;<\/p>\n<h2>Coordonn\u00e9es<\/h2>\n<p>Si vous \u00eates un fournisseur de formation et souhaitez d\u00e9couvrir comment offrir vos cours sur le portail de formation, communiquez avec le <a href=\"https:\/\/www.wcb.mb.ca\/fr\/coordonnees\/\" target=\"_blank\" rel=\"noopener\">Programme de normes de formation de SAIN et SAUF au travail Manitoba<\/a>.<\/p>\n\t\t\t\t\t\t\t\t<\/div>\n\t\t\t\t<\/div>\n\t\t\t\t<\/div>\n\t\t<div class=\"elementor-element elementor-element-98d2984 e-con-full e-flex e-con e-child\" data-id=\"98d2984\" data-element_type=\"container\" data-e-type=\"container\" data-settings=\"{&quot;background_background&quot;:&quot;classic&quot;}\">\n\t\t\t\t<\/div>\n\t\t\t\t\t<\/div>\n\t\t\t\t<\/div>\n\t\t\t\t<\/div>\n\t\t","protected":false},"excerpt":{"rendered":"<p>Portail de formation SAIN et SAUF au travail Manitoba La ressource pour la formation en s\u00e9curit\u00e9 au Manitoba Le portail de formation de SAIN et SAUF au travail Manitoba est le p\u00f4le central de formation en s\u00e9curit\u00e9 dans la province. Cette plateforme vous donne acc\u00e8s \u00e0 des centaines de cours offerts par des fournisseurs de [&hellip;]<\/p>\n","protected":false},"author":1,"featured_media":0,"parent":20365,"menu_order":0,"comment_status":"closed","ping_status":"closed","template":"","meta":{"_acf_changed":false,"footnotes":""},"tags":[],"class_list":["post-21875","page","type-page","status-publish","hentry"],"acf":[],"_links":{"self":[{"href":"https:\/\/www.wcb.mb.ca\/fr\/wp-json\/wp\/v2\/pages\/21875","targetHints":{"allow":["GET"]}}],"collection":[{"href":"https:\/\/www.wcb.mb.ca\/fr\/wp-json\/wp\/v2\/pages"}],"about":[{"href":"https:\/\/www.wcb.mb.ca\/fr\/wp-json\/wp\/v2\/types\/page"}],"author":[{"embeddable":true,"href":"https:\/\/www.wcb.mb.ca\/fr\/wp-json\/wp\/v2\/users\/1"}],"replies":[{"embeddable":true,"href":"https:\/\/www.wcb.mb.ca\/fr\/wp-json\/wp\/v2\/comments?post=21875"}],"version-history":[{"count":2,"href":"https:\/\/www.wcb.mb.ca\/fr\/wp-json\/wp\/v2\/pages\/21875\/revisions"}],"predecessor-version":[{"id":22556,"href":"https:\/\/www.wcb.mb.ca\/fr\/wp-json\/wp\/v2\/pages\/21875\/revisions\/22556"}],"up":[{"embeddable":true,"href":"https:\/\/www.wcb.mb.ca\/fr\/wp-json\/wp\/v2\/pages\/20365"}],"wp:attachment":[{"href":"https:\/\/www.wcb.mb.ca\/fr\/wp-json\/wp\/v2\/media?parent=21875"}],"wp:term":[{"taxonomy":"post_tag","embeddable":true,"href":"https:\/\/www.wcb.mb.ca\/fr\/wp-json\/wp\/v2\/tags?post=21875"}],"curies":[{"name":"wp","href":"https:\/\/api.w.org\/{rel}","templated":true}]}}