{"id":21804,"date":"2024-10-16T15:52:13","date_gmt":"2024-10-16T19:52:13","guid":{"rendered":"https:\/\/www.wcb.mb.ca\/?page_id=21804"},"modified":"2026-01-14T09:53:51","modified_gmt":"2026-01-14T14:53:51","slug":"politiques","status":"publish","type":"page","link":"https:\/\/www.wcb.mb.ca\/fr\/legislation-et-politiques\/politiques\/","title":{"rendered":"Politiques"},"content":{"rendered":"\t\t<div data-elementor-type=\"wp-page\" data-elementor-id=\"21804\" class=\"elementor elementor-21804 elementor-2153\" data-elementor-post-type=\"page\">\n\t\t\t\t<div class=\"elementor-element elementor-element-1f70ef5 e-flex e-con-boxed e-con e-parent\" data-id=\"1f70ef5\" data-element_type=\"container\" data-e-type=\"container\">\n\t\t\t\t\t<div class=\"e-con-inner\">\n\t\t\t\t<div class=\"elementor-element elementor-element-f1653a4 elementor-widget elementor-widget-st-header-image\" data-id=\"f1653a4\" data-element_type=\"widget\" data-e-type=\"widget\" data-widget_type=\"st-header-image.default\">\n\t\t\t\t<div class=\"elementor-widget-container\">\n\t\t\t\t\t<div class=\"c-headerImage g-layout__padding c-headerImage--noImage\"><div class=\"c-headerImage__container g-layout__maxWidth\"><div class=\"c-headerImage__content\"><div ><h1>Politiques<\/h1><\/div><\/div><\/div><\/div>\t\t\t\t<\/div>\n\t\t\t\t<\/div>\n\t\t\t\t\t<\/div>\n\t\t\t\t<\/div>\n\t\t<div class=\"elementor-element elementor-element-bbb08d8 e-flex e-con-boxed e-con e-parent\" data-id=\"bbb08d8\" data-element_type=\"container\" data-e-type=\"container\">\n\t\t\t\t\t<div class=\"e-con-inner\">\n\t\t\t\t<div class=\"elementor-element elementor-element-f16e3ba elementor-widget elementor-widget-text-editor\" data-id=\"f16e3ba\" data-element_type=\"widget\" data-e-type=\"widget\" data-widget_type=\"text-editor.default\">\n\t\t\t\t<div class=\"elementor-widget-container\">\n\t\t\t\t\t\t\t\t\t<p>Ce manuel fournit des renseignements sur les politiques aux travailleurs et aux employeurs couverts par le programme d\u2019indemnisation des travailleurs du Manitoba, ainsi qu\u2019aux autres parties int\u00e9ress\u00e9es qui souhaitent comprendre les positions relatives aux politiques adopt\u00e9es par le conseil d\u2019administration de la Commission des accidents du travail du Manitoba (la WCB). Le cas \u00e9ch\u00e9ant, chaque politique fournit des r\u00e9f\u00e9rences \u00e0 la <em>Loi sur les accidents du travail <\/em>(la Loi) et \u00e0 d\u2019autres politiques connexes.<\/p>\n\t\t\t\t\t\t\t\t<\/div>\n\t\t\t\t<\/div>\n\t\t\t\t<div class=\"elementor-element elementor-element-4891832 elementor-widget elementor-widget-button\" data-id=\"4891832\" data-element_type=\"widget\" data-e-type=\"widget\" data-widget_type=\"button.default\">\n\t\t\t\t<div class=\"elementor-widget-container\">\n\t\t\t\t\t\t\t\t\t<div class=\"elementor-button-wrapper\">\n\t\t\t\t\t<a class=\"elementor-button elementor-button-link elementor-size-sm\" href=\"https:\/\/www.wcb.mb.ca\/fr\/legislation-et-politiques\/mises-a-jour-de-la-politique\/\">\n\t\t\t\t\t\t<span class=\"elementor-button-content-wrapper\">\n\t\t\t\t\t\t\t\t\t<span class=\"elementor-button-text\">Voir les mises \u00e0 jour des Politiques<\/span>\n\t\t\t\t\t<\/span>\n\t\t\t\t\t<\/a>\n\t\t\t\t<\/div>\n\t\t\t\t\t\t\t\t<\/div>\n\t\t\t\t<\/div>\n\t\t\t\t\t<\/div>\n\t\t\t\t<\/div>\n\t\t<div class=\"elementor-element elementor-element-3fd687d e-flex e-con-boxed e-con e-parent\" data-id=\"3fd687d\" data-element_type=\"container\" data-e-type=\"container\">\n\t\t\t\t\t<div class=\"e-con-inner\">\n\t\t\t\t<div class=\"elementor-element elementor-element-e0faf75 elementor-widget elementor-widget-st-policies\" data-id=\"e0faf75\" data-element_type=\"widget\" data-e-type=\"widget\" data-widget_type=\"st-policies.default\">\n\t\t\t\t<div class=\"elementor-widget-container\">\n\t\t\t\t\t<div class=\"c-policies\"><\/div>\t\t\t\t<\/div>\n\t\t\t\t<\/div>\n\t\t\t\t\t<\/div>\n\t\t\t\t<\/div>\n\t\t\t\t<\/div>\n\t\t","protected":false},"excerpt":{"rendered":"<p>Ce manuel fournit des renseignements sur les politiques aux travailleurs et aux employeurs couverts par le programme d\u2019indemnisation des travailleurs du Manitoba, ainsi qu\u2019aux autres parties int\u00e9ress\u00e9es qui souhaitent comprendre les positions relatives aux politiques adopt\u00e9es par le conseil d\u2019administration de la Commission des accidents du travail du Manitoba (la WCB). Le cas \u00e9ch\u00e9ant, chaque [&hellip;]<\/p>\n","protected":false},"author":1,"featured_media":0,"parent":20424,"menu_order":0,"comment_status":"closed","ping_status":"closed","template":"","meta":{"_acf_changed":false,"footnotes":""},"tags":[],"class_list":["post-21804","page","type-page","status-publish","hentry"],"acf":[],"_links":{"self":[{"href":"https:\/\/www.wcb.mb.ca\/fr\/wp-json\/wp\/v2\/pages\/21804","targetHints":{"allow":["GET"]}}],"collection":[{"href":"https:\/\/www.wcb.mb.ca\/fr\/wp-json\/wp\/v2\/pages"}],"about":[{"href":"https:\/\/www.wcb.mb.ca\/fr\/wp-json\/wp\/v2\/types\/page"}],"author":[{"embeddable":true,"href":"https:\/\/www.wcb.mb.ca\/fr\/wp-json\/wp\/v2\/users\/1"}],"replies":[{"embeddable":true,"href":"https:\/\/www.wcb.mb.ca\/fr\/wp-json\/wp\/v2\/comments?post=21804"}],"version-history":[{"count":1,"href":"https:\/\/www.wcb.mb.ca\/fr\/wp-json\/wp\/v2\/pages\/21804\/revisions"}],"predecessor-version":[{"id":21805,"href":"https:\/\/www.wcb.mb.ca\/fr\/wp-json\/wp\/v2\/pages\/21804\/revisions\/21805"}],"up":[{"embeddable":true,"href":"https:\/\/www.wcb.mb.ca\/fr\/wp-json\/wp\/v2\/pages\/20424"}],"wp:attachment":[{"href":"https:\/\/www.wcb.mb.ca\/fr\/wp-json\/wp\/v2\/media?parent=21804"}],"wp:term":[{"taxonomy":"post_tag","embeddable":true,"href":"https:\/\/www.wcb.mb.ca\/fr\/wp-json\/wp\/v2\/tags?post=21804"}],"curies":[{"name":"wp","href":"https:\/\/api.w.org\/{rel}","templated":true}]}}