{"id":21786,"date":"2024-09-26T16:43:48","date_gmt":"2024-09-26T20:43:48","guid":{"rendered":"https:\/\/www.wcb.mb.ca\/?page_id=21786"},"modified":"2026-02-02T19:05:56","modified_gmt":"2026-02-03T00:05:56","slug":"sain-et-sauf-au-travail-manitoba","status":"publish","type":"page","link":"https:\/\/www.wcb.mb.ca\/fr\/sain-et-sauf-au-travail-manitoba\/","title":{"rendered":"SAIN et SAUF au travail Manitoba"},"content":{"rendered":"\t\t<div data-elementor-type=\"wp-page\" data-elementor-id=\"21786\" class=\"elementor elementor-21786 elementor-388\" data-elementor-post-type=\"page\">\n\t\t\t\t<div class=\"elementor-element elementor-element-fc42dd7 e-flex e-con-boxed e-con e-parent\" data-id=\"fc42dd7\" data-element_type=\"container\" data-e-type=\"container\">\n\t\t\t\t\t<div class=\"e-con-inner\">\n\t\t\t\t<div class=\"elementor-element elementor-element-043a813 elementor-widget elementor-widget-st-header-image\" data-id=\"043a813\" data-element_type=\"widget\" data-e-type=\"widget\" data-widget_type=\"st-header-image.default\">\n\t\t\t\t<div class=\"elementor-widget-container\">\n\t\t\t\t\t<div class=\"c-headerImage g-layout__padding c-headerImage--large\"><div class=\"c-headerImage__container g-layout__maxWidth\"><div class=\"c-headerImage__content\"><div ><h1>La s\u00e9curit\u00e9 sur le lieu de travail est notre priorit\u00e9 absolue<\/h1><p><strong>SAIN et SAUF au travail Manitoba<\/strong>, une division de la WCB, se consacre \u00e0 la pr\u00e9vention des blessures et maladies professionnelles survenues en milieu de travail. Apprenez-en plus sur vos droits et responsabilit\u00e9s en mati\u00e8re de s\u00e9curit\u00e9.<\/p><\/div><a class=\"c-headerImage__btn g-btn\" href=\"\/fr\/sain-et-sauf-au-travail-manitoba\/droits-et-responsabilites-en-matiere-de-securite\/\" aria-label=\"Learn more about your safety rights and responsibilities.\"\"><span >Apprenez-en plus<\/span><\/a><\/div><\/div><\/div>\t\t\t\t<\/div>\n\t\t\t\t<\/div>\n\t\t\t\t\t<\/div>\n\t\t\t\t<\/div>\n\t\t<div class=\"elementor-element elementor-element-3ac38fec e-grid e-con-boxed e-con e-parent\" data-id=\"3ac38fec\" data-element_type=\"container\" data-e-type=\"container\">\n\t\t\t\t\t<div class=\"e-con-inner\">\n\t\t<div class=\"elementor-element elementor-element-46d50eb1 e-con-full e-flex e-con e-child\" data-id=\"46d50eb1\" data-element_type=\"container\" data-e-type=\"container\">\n\t\t\t\t<div class=\"elementor-element elementor-element-7266e973 elementor-widget__width-initial elementor-widget elementor-widget-text-editor\" data-id=\"7266e973\" data-element_type=\"widget\" data-e-type=\"widget\" data-widget_type=\"text-editor.default\">\n\t\t\t\t<div class=\"elementor-widget-container\">\n\t\t\t\t\t\t\t\t\t<h2>B\u00e2tir un Manitoba plus s\u00e9curitaire qui favorise la pr\u00e9vention et le retour au travail<\/h2>\n<p>Nous nous consacrons \u00e0 la pr\u00e9vention des blessures et des maladies professionnelles survenues en milieu de travail par l\u2019\u00e9ducation, les programmes de s\u00e9curit\u00e9, le conseil et l\u2019orientation strat\u00e9gique. En collaboration avec nos partenaires du milieu de la s\u00e9curit\u00e9, nous b\u00e2tissons une solide culture de la s\u00e9curit\u00e9 et de la sant\u00e9 au Manitoba.<\/p>\n<p>SAIN et SAUF au travail Manitoba offre divers services visant \u00e0 am\u00e9liorer la s\u00e9curit\u00e9 et la sant\u00e9 au travail dans toute la province. Nous offrons des programmes \u00e9ducatifs, des ressources, des certifications et des formations pour aider les travailleurs et les employeurs \u00e0 comprendre et \u00e0 mettre en \u0153uvre les normes et les exigences en mati\u00e8re de s\u00e9curit\u00e9 et de sant\u00e9 au travail.<\/p>\n<p>D\u00e9couvrez comment nous pouvons vous aider \u00e0 assurer votre s\u00e9curit\u00e9 et celle de votre milieu de travail.<\/p>\n\t\t\t\t\t\t\t\t<\/div>\n\t\t\t\t<\/div>\n\t\t\t\t<\/div>\n\t\t<div class=\"elementor-element elementor-element-78eb95d3 e-con-full e-flex e-con e-child\" data-id=\"78eb95d3\" data-element_type=\"container\" data-e-type=\"container\" data-settings=\"{&quot;background_background&quot;:&quot;classic&quot;}\">\n\t\t\t\t<div class=\"elementor-element elementor-element-52a9e392 elementor-widget elementor-widget-st-link-list\" data-id=\"52a9e392\" data-element_type=\"widget\" data-e-type=\"widget\" data-widget_type=\"st-link-list.default\">\n\t\t\t\t<div class=\"elementor-widget-container\">\n\t\t\t\t\t<div class=\"c-linkList c-linkList--default c-linkList--default\"><h2 class=\"c-linkList__title\"><span >Liens rapides<\/span><\/h2><div class=\"c-linkList__list\"><div class=\"c-linkList__item\"><a class=\"c-linkList__itemBtn g-btn__arrow--fullWidth\" href=\"\/fr\/sain-et-sauf-au-travail-manitoba\/formation-et-certification-en-securite\/formation-validee-par-sain-et-sauf-au-travail\/\"><span >Formation valid\u00e9e par SAIN et SAUF au travail<\/span><\/a><\/div><div class=\"c-linkList__item\"><a class=\"c-linkList__itemBtn g-btn__arrow--fullWidth\" href=\"\/fr\/sain-et-sauf-au-travail-manitoba\/formulaire-de-mise-en-candidature-prix-de-securite-pour-travailleur\/\"><span >Conf\u00e9rence du leadership du comit\u00e9<\/span><\/a><\/div><div class=\"c-linkList__item\"><a class=\"c-linkList__itemBtn g-btn__arrow--fullWidth\" href=\"\/fr\/sain-et-sauf-au-travail-manitoba\/prix-sain-et-sauf-au-travail\/\"><span >Prix SAIN et SAUF au travail<\/span><\/a><\/div><div class=\"c-linkList__item\"><a class=\"c-linkList__itemBtn g-btn__arrow--fullWidth\" href=\"https:\/\/www.wcb.mb.ca\/safeworkmanitoba\/youngworkervideochallenge\/\"><span >D\u00e9fi vid\u00e9o pour jeunes travailleurs<\/span><\/a><\/div><\/div><\/div>\t\t\t\t<\/div>\n\t\t\t\t<\/div>\n\t\t\t\t<div class=\"elementor-element elementor-element-1e319ca8 elementor-widget elementor-widget-st-cats\" data-id=\"1e319ca8\" data-element_type=\"widget\" data-e-type=\"widget\" data-widget_type=\"st-cats.default\">\n\t\t\t\t<div class=\"elementor-widget-container\">\n\t\t\t\t\t<div class=\"c-ctaList\"><\/div>\t\t\t\t<\/div>\n\t\t\t\t<\/div>\n\t\t\t\t<\/div>\n\t\t\t\t\t<\/div>\n\t\t\t\t<\/div>\n\t\t<div class=\"elementor-element elementor-element-f70132c e-flex e-con-boxed e-con e-parent\" data-id=\"f70132c\" data-element_type=\"container\" data-e-type=\"container\">\n\t\t\t\t\t<div class=\"e-con-inner\">\n\t\t<div class=\"elementor-element elementor-element-ce225b3 e-con-full e-flex e-con e-child\" data-id=\"ce225b3\" data-element_type=\"container\" data-e-type=\"container\" data-settings=\"{&quot;background_background&quot;:&quot;classic&quot;}\">\n\t\t\t\t<div class=\"elementor-element elementor-element-928cbdf elementor-widget elementor-widget-heading\" data-id=\"928cbdf\" data-element_type=\"widget\" data-e-type=\"widget\" data-widget_type=\"heading.default\">\n\t\t\t\t<div class=\"elementor-widget-container\">\n\t\t\t\t\t<h2 class=\"elementor-heading-title elementor-size-default\">Formation et certification sur la s\u00e9curit\u00e9 en milieu de travail<\/h2>\t\t\t\t<\/div>\n\t\t\t\t<\/div>\n\t\t\t\t<div class=\"elementor-element elementor-element-4380cc1 elementor-widget__width-initial elementor-widget elementor-widget-text-editor\" data-id=\"4380cc1\" data-element_type=\"widget\" data-e-type=\"widget\" data-widget_type=\"text-editor.default\">\n\t\t\t\t<div class=\"elementor-widget-container\">\n\t\t\t\t\t\t\t\t\t<p>Explorez notre portail de formation, acc\u00e9dez \u00e0 une formation de haut niveau, devenez un fournisseur de formation valid\u00e9e par SAIN et SAUF au travail et bien plus.<\/p>\n\t\t\t\t\t\t\t\t<\/div>\n\t\t\t\t<\/div>\n\t\t\t\t<div class=\"elementor-element elementor-element-a3846a1 elementor-align-center elementor-widget elementor-widget-button\" data-id=\"a3846a1\" data-element_type=\"widget\" data-e-type=\"widget\" data-widget_type=\"button.default\">\n\t\t\t\t<div class=\"elementor-widget-container\">\n\t\t\t\t\t\t\t\t\t<div class=\"elementor-button-wrapper\">\n\t\t\t\t\t<a class=\"elementor-button elementor-button-link elementor-size-sm\" href=\"https:\/\/www.wcb.mb.ca\/fr\/sain-et-sauf-au-travail-manitoba\/formation-et-certification-en-securite\/portail-de-formation-sain-et-sauf-au-travail-manitoba\/\" aria-label=\"Explore now - Workplace safety training and certification\">\n\t\t\t\t\t\t<span class=\"elementor-button-content-wrapper\">\n\t\t\t\t\t\t\t\t\t<span class=\"elementor-button-text\">Explorez le portail maintenant<\/span>\n\t\t\t\t\t<\/span>\n\t\t\t\t\t<\/a>\n\t\t\t\t<\/div>\n\t\t\t\t\t\t\t\t<\/div>\n\t\t\t\t<\/div>\n\t\t\t\t<\/div>\n\t\t\t\t\t<\/div>\n\t\t\t\t<\/div>\n\t\t<div class=\"elementor-element elementor-element-cf8217c e-flex e-con-boxed e-con e-parent\" data-id=\"cf8217c\" data-element_type=\"container\" data-e-type=\"container\" data-settings=\"{&quot;background_background&quot;:&quot;classic&quot;}\">\n\t\t\t\t\t<div class=\"e-con-inner\">\n\t\t\t\t<div class=\"elementor-element elementor-element-80bc3be elementor-widget elementor-widget-st-link-list\" data-id=\"80bc3be\" data-element_type=\"widget\" data-e-type=\"widget\" data-widget_type=\"st-link-list.default\">\n\t\t\t\t<div class=\"elementor-widget-container\">\n\t\t\t\t\t<div class=\"c-linkList c-linkList--2 c-linkList--default\"><div class=\"c-linkList__list\"><div class=\"c-linkList__item\"><a class=\"c-linkList__itemBtn g-btn__arrow--fullWidth\" href=\"https:\/\/www.wcb.mb.ca\/fr\/sain-et-sauf-au-travail-manitoba\/droits-et-responsabilites-en-matiere-de-securite\/\"><span >Droits et responsabilit\u00e9s en mati\u00e8re de s\u00e9curit\u00e9<\/span><\/a><\/div><div class=\"c-linkList__item\"><a class=\"c-linkList__itemBtn g-btn__arrow--fullWidth\" href=\"\/fr\/sain-et-sauf-au-travail-manitoba\/risques-et-expositions\/\"><span >Risques et expositions<\/span><\/a><\/div><div class=\"c-linkList__item\"><a class=\"c-linkList__itemBtn g-btn__arrow--fullWidth\" href=\"\/fr\/sain-et-sauf-au-travail-manitoba\/comites-de-la-securite-et-de-la-sante-au-travail\/\"><span >Comit\u00e9s de la s\u00e9curit\u00e9 et de la sant\u00e9 au travail<\/span><\/a><\/div><div class=\"c-linkList__item\"><a class=\"c-linkList__itemBtn g-btn__arrow--fullWidth\" href=\"\/fr\/sain-et-sauf-au-travail-manitoba\/utilisation-securitaire-des-outils-de-lequipement-et-de-la-machinerie\/\"><span >S\u00e9curit\u00e9 des outils, des machines et de l\u2019\u00e9quipement<\/span><\/a><\/div><div class=\"c-linkList__item\"><a class=\"c-linkList__itemBtn g-btn__arrow--fullWidth\" href=\"\/fr\/sain-et-sauf-au-travail-manitoba\/sujets-entourant-la-securite-et-la-sante\/\"><span >Sujets li\u00e9s \u00e0 la sant\u00e9 et \u00e0 la s\u00e9curit\u00e9<\/span><\/a><\/div><div class=\"c-linkList__item\"><a class=\"c-linkList__itemBtn g-btn__arrow--fullWidth\" href=\"\/fr\/sain-et-sauf-au-travail-manitoba\/programmes-de-securite-propres-aux-industries\/\"><span >Programmes de s\u00e9curit\u00e9 propres aux industries <\/span><\/a><\/div><\/div><\/div>\t\t\t\t<\/div>\n\t\t\t\t<\/div>\n\t\t\t\t\t<\/div>\n\t\t\t\t<\/div>\n\t\t<div class=\"elementor-element elementor-element-1ff8378 e-flex e-con-boxed e-con e-parent\" data-id=\"1ff8378\" data-element_type=\"container\" data-e-type=\"container\">\n\t\t\t\t\t<div class=\"e-con-inner\">\n\t\t<div class=\"elementor-element elementor-element-04d6a02 e-con-full e-flex e-con e-child\" data-id=\"04d6a02\" data-element_type=\"container\" data-e-type=\"container\" data-settings=\"{&quot;background_background&quot;:&quot;classic&quot;}\">\n\t\t\t\t<div class=\"elementor-element elementor-element-a6b9937 elementor-widget elementor-widget-heading\" data-id=\"a6b9937\" data-element_type=\"widget\" data-e-type=\"widget\" data-widget_type=\"heading.default\">\n\t\t\t\t<div class=\"elementor-widget-container\">\n\t\t\t\t\t<h2 class=\"elementor-heading-title elementor-size-default\">Abonnez-vous \u00e0 notre bulletin d\u2019information<\/h2>\t\t\t\t<\/div>\n\t\t\t\t<\/div>\n\t\t\t\t<div class=\"elementor-element elementor-element-12b9396 elementor-widget__width-initial elementor-widget elementor-widget-text-editor\" data-id=\"12b9396\" data-element_type=\"widget\" data-e-type=\"widget\" data-widget_type=\"text-editor.default\">\n\t\t\t\t<div class=\"elementor-widget-container\">\n\t\t\t\t\t\t\t\t\t<p>Recevez des conseils, des ressources et des formations sur la s\u00e9curit\u00e9 et la sant\u00e9 dans votre bo\u00eete de r\u00e9ception. Inscrivez-vous pour recevoir le bulletin d\u2019information SAFE Work Matters.<\/p>\n\t\t\t\t\t\t\t\t<\/div>\n\t\t\t\t<\/div>\n\t\t\t\t<div class=\"elementor-element elementor-element-d68282c elementor-align-center elementor-widget elementor-widget-button\" data-id=\"d68282c\" data-element_type=\"widget\" data-e-type=\"widget\" data-widget_type=\"button.default\">\n\t\t\t\t<div class=\"elementor-widget-container\">\n\t\t\t\t\t\t\t\t\t<div class=\"elementor-button-wrapper\">\n\t\t\t\t\t<a class=\"elementor-button elementor-button-link elementor-size-sm\" href=\"https:\/\/safemanitoba.us1.list-manage.com\/subscribe?u=9290f9b9a97b44a0756d7650f&#038;id=bc514522bc\" target=\"_blank\" aria-label=\"Sign up for our newsletter\">\n\t\t\t\t\t\t<span class=\"elementor-button-content-wrapper\">\n\t\t\t\t\t\t\t\t\t<span class=\"elementor-button-text\">S\u2019inscrire<\/span>\n\t\t\t\t\t<\/span>\n\t\t\t\t\t<\/a>\n\t\t\t\t<\/div>\n\t\t\t\t\t\t\t\t<\/div>\n\t\t\t\t<\/div>\n\t\t\t\t<\/div>\n\t\t\t\t\t<\/div>\n\t\t\t\t<\/div>\n\t\t<div class=\"elementor-element elementor-element-ef836e2 e-flex e-con-boxed e-con e-parent\" data-id=\"ef836e2\" data-element_type=\"container\" data-e-type=\"container\">\n\t\t\t\t\t<div class=\"e-con-inner\">\n\t\t<div class=\"elementor-element elementor-element-b8241e9 e-con-full e-flex e-con e-child\" data-id=\"b8241e9\" data-element_type=\"container\" data-e-type=\"container\">\n\t\t<div class=\"elementor-element elementor-element-69df3b8 e-con-full e-flex e-con e-child\" data-id=\"69df3b8\" data-element_type=\"container\" data-e-type=\"container\">\n\t\t\t\t<div class=\"elementor-element elementor-element-47e65b1 elementor-widget elementor-widget-text-editor\" data-id=\"47e65b1\" data-element_type=\"widget\" data-e-type=\"widget\" data-widget_type=\"text-editor.default\">\n\t\t\t\t<div class=\"elementor-widget-container\">\n\t\t\t\t\t\t\t\t\t<h2>Portail de formation SAIN et SAUF au travail Manitoba<\/h2>\n<p>Acc\u00e9dez \u00e0 des cours de haut niveau sur la s\u00e9curit\u00e9 et la sant\u00e9 au travail dispens\u00e9s par des fournisseurs de formation de confiance.<\/p>\n\t\t\t\t\t\t\t\t<\/div>\n\t\t\t\t<\/div>\n\t\t\t\t<div class=\"elementor-element elementor-element-b1ef18c elementor-widget elementor-widget-button\" data-id=\"b1ef18c\" data-element_type=\"widget\" data-e-type=\"widget\" data-widget_type=\"button.default\">\n\t\t\t\t<div class=\"elementor-widget-container\">\n\t\t\t\t\t\t\t\t\t<div class=\"elementor-button-wrapper\">\n\t\t\t\t\t<a class=\"elementor-button elementor-button-link elementor-size-sm\" href=\"https:\/\/swmb.bluedrop.io\/storefront\/safeworkmanitoba-trainingportal\" target=\"_blank\" aria-label=\"Get started with SAFE Work Manitoba Training Portal\">\n\t\t\t\t\t\t<span class=\"elementor-button-content-wrapper\">\n\t\t\t\t\t\t\t\t\t<span class=\"elementor-button-text\">Commencer<\/span>\n\t\t\t\t\t<\/span>\n\t\t\t\t\t<\/a>\n\t\t\t\t<\/div>\n\t\t\t\t\t\t\t\t<\/div>\n\t\t\t\t<\/div>\n\t\t\t\t<\/div>\n\t\t<div class=\"elementor-element elementor-element-002092a e-con-full e-flex e-con e-child\" data-id=\"002092a\" data-element_type=\"container\" data-e-type=\"container\">\n\t\t\t\t<div class=\"elementor-element elementor-element-a986c1d elementor-widget elementor-widget-image\" data-id=\"a986c1d\" data-element_type=\"widget\" data-e-type=\"widget\" data-widget_type=\"image.default\">\n\t\t\t\t<div class=\"elementor-widget-container\">\n\t\t\t\t\t\t\t\t\t\t\t\t\t\t\t<img fetchpriority=\"high\" decoding=\"async\" width=\"522\" height=\"294\" src=\"\/wp-content\/uploads\/2025\/03\/Trades_MaleWorking_HeightsOnRoof_2024.jpg\" class=\"attachment-large size-large wp-image-21853\" alt=\"Male Working - Heights On Roof\" srcset=\"\/wp-content\/uploads\/2025\/03\/Trades_MaleWorking_HeightsOnRoof_2024.jpg 522w, \/wp-content\/uploads\/2025\/03\/Trades_MaleWorking_HeightsOnRoof_2024-300x169.jpg 300w\" sizes=\"(max-width: 522px) 100vw, 522px\" \/>\t\t\t\t\t\t\t\t\t\t\t\t\t\t\t<\/div>\n\t\t\t\t<\/div>\n\t\t\t\t<\/div>\n\t\t\t\t<\/div>\n\t\t\t\t\t<\/div>\n\t\t\t\t<\/div>\n\t\t<div class=\"elementor-element elementor-element-b980c73 e-flex e-con-boxed e-con e-parent\" data-id=\"b980c73\" data-element_type=\"container\" data-e-type=\"container\" data-settings=\"{&quot;background_background&quot;:&quot;classic&quot;}\">\n\t\t\t\t\t<div class=\"e-con-inner\">\n\t\t<div class=\"elementor-element elementor-element-8d77b0c e-con-full e-flex e-con e-child\" data-id=\"8d77b0c\" data-element_type=\"container\" data-e-type=\"container\">\n\t\t<div class=\"elementor-element elementor-element-f1a45d8 e-con-full e-flex e-con e-child\" data-id=\"f1a45d8\" data-element_type=\"container\" data-e-type=\"container\">\n\t\t\t\t<div class=\"elementor-element elementor-element-25dea36 elementor-widget elementor-widget-image\" data-id=\"25dea36\" data-element_type=\"widget\" data-e-type=\"widget\" data-widget_type=\"image.default\">\n\t\t\t\t<div class=\"elementor-widget-container\">\n\t\t\t\t\t\t\t\t\t\t\t\t\t\t\t<img decoding=\"async\" width=\"523\" height=\"294\" src=\"\/wp-content\/uploads\/2025\/03\/Manufacturing_ManRubbingNeck_2024.jpg\" class=\"attachment-large size-large wp-image-21851\" alt=\"Man Rubbing Neck\" srcset=\"\/wp-content\/uploads\/2025\/03\/Manufacturing_ManRubbingNeck_2024.jpg 523w, \/wp-content\/uploads\/2025\/03\/Manufacturing_ManRubbingNeck_2024-300x169.jpg 300w\" sizes=\"(max-width: 523px) 100vw, 523px\" \/>\t\t\t\t\t\t\t\t\t\t\t\t\t\t\t<\/div>\n\t\t\t\t<\/div>\n\t\t\t\t<\/div>\n\t\t<div class=\"elementor-element elementor-element-6f30607 e-con-full e-flex e-con e-child\" data-id=\"6f30607\" data-element_type=\"container\" data-e-type=\"container\">\n\t\t\t\t<div class=\"elementor-element elementor-element-bfb3cbd elementor-widget elementor-widget-text-editor\" data-id=\"bfb3cbd\" data-element_type=\"widget\" data-e-type=\"widget\" data-widget_type=\"text-editor.default\">\n\t\t\t\t<div class=\"elementor-widget-container\">\n\t\t\t\t\t\t\t\t\t<h2>Pr\u00e9vention des blessures musculosquelettiques<\/h2>\n<p>Les blessures musculosquelettiques sont des affections douloureuses qui touchent les muscles, les tendons et les nerfs et qui sont fr\u00e9quentes sur les lieux de travail.<\/p>\n\t\t\t\t\t\t\t\t<\/div>\n\t\t\t\t<\/div>\n\t\t\t\t<div class=\"elementor-element elementor-element-4cb4fb4 elementor-widget elementor-widget-button\" data-id=\"4cb4fb4\" data-element_type=\"widget\" data-e-type=\"widget\" data-widget_type=\"button.default\">\n\t\t\t\t<div class=\"elementor-widget-container\">\n\t\t\t\t\t\t\t\t\t<div class=\"elementor-button-wrapper\">\n\t\t\t\t\t<a class=\"elementor-button elementor-button-link elementor-size-sm\" href=\"https:\/\/www.wcb.mb.ca\/fr\/topics\/les-blessures-musculosquelettiques\/\" aria-label=\"Learn more about musculoskeletal injury prevention\">\n\t\t\t\t\t\t<span class=\"elementor-button-content-wrapper\">\n\t\t\t\t\t\t\t\t\t<span class=\"elementor-button-text\">Apprenez-en plus<\/span>\n\t\t\t\t\t<\/span>\n\t\t\t\t\t<\/a>\n\t\t\t\t<\/div>\n\t\t\t\t\t\t\t\t<\/div>\n\t\t\t\t<\/div>\n\t\t\t\t<\/div>\n\t\t\t\t<\/div>\n\t\t\t\t\t<\/div>\n\t\t\t\t<\/div>\n\t\t<div class=\"elementor-element elementor-element-c9f79a8 e-flex e-con-boxed e-con e-parent\" data-id=\"c9f79a8\" data-element_type=\"container\" data-e-type=\"container\">\n\t\t\t\t\t<div class=\"e-con-inner\">\n\t\t<div class=\"elementor-element elementor-element-dfaccb4 e-con-full e-flex e-con e-child\" data-id=\"dfaccb4\" data-element_type=\"container\" data-e-type=\"container\">\n\t\t<div class=\"elementor-element elementor-element-6cf32cf e-con-full e-flex e-con e-child\" data-id=\"6cf32cf\" data-element_type=\"container\" data-e-type=\"container\">\n\t\t\t\t<div class=\"elementor-element elementor-element-d93c9ed elementor-widget elementor-widget-text-editor\" data-id=\"d93c9ed\" data-element_type=\"widget\" data-e-type=\"widget\" data-widget_type=\"text-editor.default\">\n\t\t\t\t<div class=\"elementor-widget-container\">\n\t\t\t\t\t\t\t\t\t<h2>Sant\u00e9 et s\u00e9curit\u00e9 psychologiques<\/h2>\n<p>La promotion de la sant\u00e9 et de la s\u00e9curit\u00e9 psychologiques est un \u00e9l\u00e9ment cl\u00e9 de la gestion de la s\u00e9curit\u00e9 et de la sant\u00e9 au travail au Manitoba.<\/p>\n\t\t\t\t\t\t\t\t<\/div>\n\t\t\t\t<\/div>\n\t\t\t\t<div class=\"elementor-element elementor-element-586091d elementor-widget elementor-widget-button\" data-id=\"586091d\" data-element_type=\"widget\" data-e-type=\"widget\" data-widget_type=\"button.default\">\n\t\t\t\t<div class=\"elementor-widget-container\">\n\t\t\t\t\t\t\t\t\t<div class=\"elementor-button-wrapper\">\n\t\t\t\t\t<a class=\"elementor-button elementor-button-link elementor-size-sm\" href=\"https:\/\/www.wcb.mb.ca\/fr\/topics\/sante-et-securite-psychologiques\/\" aria-label=\"Learn more about psychological health and safety\">\n\t\t\t\t\t\t<span class=\"elementor-button-content-wrapper\">\n\t\t\t\t\t\t\t\t\t<span class=\"elementor-button-text\">Apprenez-en plus<\/span>\n\t\t\t\t\t<\/span>\n\t\t\t\t\t<\/a>\n\t\t\t\t<\/div>\n\t\t\t\t\t\t\t\t<\/div>\n\t\t\t\t<\/div>\n\t\t\t\t<\/div>\n\t\t<div class=\"elementor-element elementor-element-4e50e99 e-con-full e-flex e-con e-child\" data-id=\"4e50e99\" data-element_type=\"container\" data-e-type=\"container\">\n\t\t\t\t<div class=\"elementor-element elementor-element-748622c elementor-widget elementor-widget-image\" data-id=\"748622c\" data-element_type=\"widget\" data-e-type=\"widget\" data-widget_type=\"image.default\">\n\t\t\t\t<div class=\"elementor-widget-container\">\n\t\t\t\t\t\t\t\t\t\t\t\t\t\t\t<img decoding=\"async\" width=\"523\" height=\"294\" src=\"\/wp-content\/uploads\/2025\/03\/Business_WomanListeningHandsFolded_2024.jpg\" class=\"attachment-large size-large wp-image-21850\" alt=\"Business Woman Listening - Hands Folded\" srcset=\"\/wp-content\/uploads\/2025\/03\/Business_WomanListeningHandsFolded_2024.jpg 523w, \/wp-content\/uploads\/2025\/03\/Business_WomanListeningHandsFolded_2024-300x169.jpg 300w\" sizes=\"(max-width: 523px) 100vw, 523px\" \/>\t\t\t\t\t\t\t\t\t\t\t\t\t\t\t<\/div>\n\t\t\t\t<\/div>\n\t\t\t\t<\/div>\n\t\t\t\t<\/div>\n\t\t\t\t\t<\/div>\n\t\t\t\t<\/div>\n\t\t<div class=\"elementor-element elementor-element-ee9d414 e-flex e-con-boxed e-con e-parent\" data-id=\"ee9d414\" data-element_type=\"container\" data-e-type=\"container\" data-settings=\"{&quot;background_background&quot;:&quot;classic&quot;}\">\n\t\t\t\t\t<div class=\"e-con-inner\">\n\t\t<div class=\"elementor-element elementor-element-7345380 e-con-full e-flex e-con e-child\" data-id=\"7345380\" data-element_type=\"container\" data-e-type=\"container\">\n\t\t<div class=\"elementor-element elementor-element-3d4a0b4 e-con-full e-flex e-con e-child\" data-id=\"3d4a0b4\" data-element_type=\"container\" data-e-type=\"container\">\n\t\t\t\t<div class=\"elementor-element elementor-element-8619279 elementor-widget elementor-widget-image\" data-id=\"8619279\" data-element_type=\"widget\" data-e-type=\"widget\" data-widget_type=\"image.default\">\n\t\t\t\t<div class=\"elementor-widget-container\">\n\t\t\t\t\t\t\t\t\t\t\t\t\t\t\t<img loading=\"lazy\" decoding=\"async\" width=\"522\" height=\"294\" src=\"\/wp-content\/uploads\/2025\/03\/YoungWorker_MaleAndFemaleStockingStoreShelves_2024.jpg\" class=\"attachment-large size-large wp-image-21854\" alt=\"Young Worker - Male AndFemale Stocking Store Shelves\" srcset=\"\/wp-content\/uploads\/2025\/03\/YoungWorker_MaleAndFemaleStockingStoreShelves_2024.jpg 522w, \/wp-content\/uploads\/2025\/03\/YoungWorker_MaleAndFemaleStockingStoreShelves_2024-300x169.jpg 300w\" sizes=\"(max-width: 522px) 100vw, 522px\" \/>\t\t\t\t\t\t\t\t\t\t\t\t\t\t\t<\/div>\n\t\t\t\t<\/div>\n\t\t\t\t<\/div>\n\t\t<div class=\"elementor-element elementor-element-dcc1ccc e-con-full e-flex e-con e-child\" data-id=\"dcc1ccc\" data-element_type=\"container\" data-e-type=\"container\">\n\t\t\t\t<div class=\"elementor-element elementor-element-3a48b0c elementor-widget elementor-widget-text-editor\" data-id=\"3a48b0c\" data-element_type=\"widget\" data-e-type=\"widget\" data-widget_type=\"text-editor.default\">\n\t\t\t\t<div class=\"elementor-widget-container\">\n\t\t\t\t\t\t\t\t\t<h2>S\u00e9curit\u00e9 des nouveaux travailleurs<\/h2>\n<p>Les nouveaux travailleurs sont plus susceptibles d\u2019\u00eatre expos\u00e9s \u00e0 des risques de blessures. Les employeurs ont la responsabilit\u00e9 d\u2019assurer la s\u00e9curit\u00e9 des travailleurs.<\/p>\n\t\t\t\t\t\t\t\t<\/div>\n\t\t\t\t<\/div>\n\t\t\t\t<div class=\"elementor-element elementor-element-6324830 elementor-widget elementor-widget-button\" data-id=\"6324830\" data-element_type=\"widget\" data-e-type=\"widget\" data-widget_type=\"button.default\">\n\t\t\t\t<div class=\"elementor-widget-container\">\n\t\t\t\t\t\t\t\t\t<div class=\"elementor-button-wrapper\">\n\t\t\t\t\t<a class=\"elementor-button elementor-button-link elementor-size-sm\" href=\"https:\/\/www.wcb.mb.ca\/fr\/topics\/securite-des-nouveaux-travailleurs\/\" aria-label=\"Learn more about new worker safety\">\n\t\t\t\t\t\t<span class=\"elementor-button-content-wrapper\">\n\t\t\t\t\t\t\t\t\t<span class=\"elementor-button-text\">Apprenez-en plus<\/span>\n\t\t\t\t\t<\/span>\n\t\t\t\t\t<\/a>\n\t\t\t\t<\/div>\n\t\t\t\t\t\t\t\t<\/div>\n\t\t\t\t<\/div>\n\t\t\t\t<\/div>\n\t\t\t\t<\/div>\n\t\t\t\t\t<\/div>\n\t\t\t\t<\/div>\n\t\t\t\t<\/div>\n\t\t","protected":false},"excerpt":{"rendered":"<p>La s\u00e9curit\u00e9 sur le lieu de travail est notre priorit\u00e9 absolue SAIN et SAUF au travail Manitoba, une division de la WCB, se consacre \u00e0 la pr\u00e9vention des blessures et maladies professionnelles survenues en milieu de travail. Apprenez-en plus sur vos droits et responsabilit\u00e9s en mati\u00e8re de s\u00e9curit\u00e9.<\/p>\n","protected":false},"author":1,"featured_media":0,"parent":0,"menu_order":0,"comment_status":"closed","ping_status":"closed","template":"","meta":{"_acf_changed":false,"footnotes":""},"tags":[37,40],"class_list":["post-21786","page","type-page","status-publish","hentry","tag-robot-conversationnel","tag-sain-et-sauf-au-travail"],"acf":[],"_links":{"self":[{"href":"https:\/\/www.wcb.mb.ca\/fr\/wp-json\/wp\/v2\/pages\/21786","targetHints":{"allow":["GET"]}}],"collection":[{"href":"https:\/\/www.wcb.mb.ca\/fr\/wp-json\/wp\/v2\/pages"}],"about":[{"href":"https:\/\/www.wcb.mb.ca\/fr\/wp-json\/wp\/v2\/types\/page"}],"author":[{"embeddable":true,"href":"https:\/\/www.wcb.mb.ca\/fr\/wp-json\/wp\/v2\/users\/1"}],"replies":[{"embeddable":true,"href":"https:\/\/www.wcb.mb.ca\/fr\/wp-json\/wp\/v2\/comments?post=21786"}],"version-history":[{"count":8,"href":"https:\/\/www.wcb.mb.ca\/fr\/wp-json\/wp\/v2\/pages\/21786\/revisions"}],"predecessor-version":[{"id":23198,"href":"https:\/\/www.wcb.mb.ca\/fr\/wp-json\/wp\/v2\/pages\/21786\/revisions\/23198"}],"wp:attachment":[{"href":"https:\/\/www.wcb.mb.ca\/fr\/wp-json\/wp\/v2\/media?parent=21786"}],"wp:term":[{"taxonomy":"post_tag","embeddable":true,"href":"https:\/\/www.wcb.mb.ca\/fr\/wp-json\/wp\/v2\/tags?post=21786"}],"curies":[{"name":"wp","href":"https:\/\/api.w.org\/{rel}","templated":true}]}}