{"id":21784,"date":"2026-01-08T10:52:07","date_gmt":"2026-01-08T15:52:07","guid":{"rendered":"https:\/\/www.wcb.mb.ca\/?page_id=21784"},"modified":"2026-01-14T09:50:51","modified_gmt":"2026-01-14T14:50:51","slug":"application-de-la-wcb-worker-connect","status":"publish","type":"page","link":"https:\/\/www.wcb.mb.ca\/fr\/travailleurs\/application-de-la-wcb-worker-connect\/","title":{"rendered":"Application de la WCB Worker Connect"},"content":{"rendered":"\t\t<div data-elementor-type=\"wp-page\" data-elementor-id=\"21784\" class=\"elementor elementor-21784 elementor-21647\" data-elementor-post-type=\"page\">\n\t\t\t\t<div class=\"elementor-element elementor-element-f811020 e-flex e-con-boxed e-con e-parent\" data-id=\"f811020\" data-element_type=\"container\" data-e-type=\"container\">\n\t\t\t\t\t<div class=\"e-con-inner\">\n\t\t\t\t<div class=\"elementor-element elementor-element-40156bb elementor-widget elementor-widget-st-header-image\" data-id=\"40156bb\" data-element_type=\"widget\" data-e-type=\"widget\" data-widget_type=\"st-header-image.default\">\n\t\t\t\t<div class=\"elementor-widget-container\">\n\t\t\t\t\t<div class=\"c-headerImage g-layout__padding c-headerImage--noImage\"><div class=\"c-headerImage__container g-layout__maxWidth\"><div class=\"c-headerImage__content\"><div ><h1>Application de la WCB Worker Connect<\/h1><\/div><\/div><\/div><\/div>\t\t\t\t<\/div>\n\t\t\t\t<\/div>\n\t\t\t\t\t<\/div>\n\t\t\t\t<\/div>\n\t\t<div class=\"elementor-element elementor-element-cbd230b e-flex e-con-boxed e-con e-parent\" data-id=\"cbd230b\" data-element_type=\"container\" data-e-type=\"container\">\n\t\t\t\t\t<div class=\"e-con-inner\">\n\t\t<div class=\"elementor-element elementor-element-e510cd8 e-con-full e-flex e-con e-child\" data-id=\"e510cd8\" data-element_type=\"container\" data-e-type=\"container\">\n\t\t\t\t<div class=\"elementor-element elementor-element-9baf5f6 elementor-widget__width-initial elementor-widget elementor-widget-text-editor\" data-id=\"9baf5f6\" data-element_type=\"widget\" data-e-type=\"widget\" data-widget_type=\"text-editor.default\">\n\t\t\t\t<div class=\"elementor-widget-container\">\n\t\t\t\t\t\t\t\t\t<p>L\u2019application WCB Worker Connect est le moyen le plus rapide pour signaler votre blessure survenue en milieu de travail \u00e0 la WCB. Elle vous permet de vous tenir \u00e0 jour et de g\u00e9rer votre r\u00e9clamation comme cela vous convient.<\/p>\n\t\t\t\t\t\t\t\t<\/div>\n\t\t\t\t<\/div>\n\t\t\t\t<\/div>\n\t\t\t\t\t<\/div>\n\t\t\t\t<\/div>\n\t\t<div class=\"elementor-element elementor-element-a191ba4 e-flex e-con-boxed e-con e-parent\" data-id=\"a191ba4\" data-element_type=\"container\" data-e-type=\"container\" data-settings=\"{&quot;background_background&quot;:&quot;classic&quot;}\">\n\t\t\t\t\t<div class=\"e-con-inner\">\n\t\t\t\t<div class=\"elementor-element elementor-element-48e200e elementor-widget__width-initial elementor-widget elementor-widget-text-editor\" data-id=\"48e200e\" data-element_type=\"widget\" data-e-type=\"widget\" data-widget_type=\"text-editor.default\">\n\t\t\t\t<div class=\"elementor-widget-container\">\n\t\t\t\t\t\t\t\t\t<h2>Fonctionnalit\u00e9s de l\u2019application\u00a0:<\/h2>\n<ul>\n<li>Consulter l\u2019information sur votre ou vos r\u00e9clamation(s), y compris les d\u00e9cisions et les coordonn\u00e9es de votre repr\u00e9sentant de la WCB.<\/li>\n<li>Remplir et soumettre des formulaires.<\/li>\n<li>T\u00e9l\u00e9verser des documents et des photos pour fournir des mises \u00e0 jour sur votre gu\u00e9rison, et pour fournir les justificatifs n\u00e9cessaires au remboursement des d\u00e9penses.<\/li>\n<li>Recevoir des mises \u00e0 jour \u00e0 propos de votre r\u00e9clamation.<\/li>\n<li>Consulter les renseignements sur le paiement.<\/li>\n<\/ul>\n\t\t\t\t\t\t\t\t<\/div>\n\t\t\t\t<\/div>\n\t\t\t\t\t<\/div>\n\t\t\t\t<\/div>\n\t\t<div class=\"elementor-element elementor-element-f9f1620 e-flex e-con-boxed e-con e-parent\" data-id=\"f9f1620\" data-element_type=\"container\" data-e-type=\"container\">\n\t\t\t\t\t<div class=\"e-con-inner\">\n\t\t\t\t<div class=\"elementor-element elementor-element-b2e7366 elementor-widget elementor-widget-spacer\" data-id=\"b2e7366\" data-element_type=\"widget\" data-e-type=\"widget\" data-widget_type=\"spacer.default\">\n\t\t\t\t<div class=\"elementor-widget-container\">\n\t\t\t\t\t\t\t<div class=\"elementor-spacer\">\n\t\t\t<div class=\"elementor-spacer-inner\"><\/div>\n\t\t<\/div>\n\t\t\t\t\t\t<\/div>\n\t\t\t\t<\/div>\n\t\t\t\t<div class=\"elementor-element elementor-element-550c664 elementor-widget elementor-widget-text-editor\" data-id=\"550c664\" data-element_type=\"widget\" data-e-type=\"widget\" data-widget_type=\"text-editor.default\">\n\t\t\t\t<div class=\"elementor-widget-container\">\n\t\t\t\t\t\t\t\t\t<h2>T\u00e9l\u00e9charger l\u2019application de la WCB Worker Connect<\/h2>\n\t\t\t\t\t\t\t\t<\/div>\n\t\t\t\t<\/div>\n\t\t<div class=\"elementor-element elementor-element-b53ea24 e-con-full e-flex e-con e-child\" data-id=\"b53ea24\" data-element_type=\"container\" data-e-type=\"container\" data-settings=\"{&quot;background_background&quot;:&quot;gradient&quot;}\">\n\t\t<div class=\"elementor-element elementor-element-c6f3512 e-con-full e-flex e-con e-child\" data-id=\"c6f3512\" data-element_type=\"container\" data-e-type=\"container\" data-settings=\"{&quot;background_background&quot;:&quot;classic&quot;}\">\n\t\t\t\t<\/div>\n\t\t\t\t<div class=\"elementor-element elementor-element-3bc3b27 elementor-widget__width-initial elementor-widget elementor-widget-text-editor\" data-id=\"3bc3b27\" data-element_type=\"widget\" data-e-type=\"widget\" data-widget_type=\"text-editor.default\">\n\t\t\t\t<div class=\"elementor-widget-container\">\n\t\t\t\t\t\t\t\t\t<p>L\u2019application est disponible en fran\u00e7ais et en anglais. T\u00e9l\u00e9chargez l\u2019application pour entamer le processus.<\/p>\n<p>&nbsp;<\/p>\n<p><a href=\"https:\/\/apps.apple.com\/ca\/app\/wcb-worker-connect\/id6744360897\" target=\"_blank\" rel=\"noopener\"><img decoding=\"async\" src=\"https:\/\/www.wcb.mb.ca\/uploads\/2025\/04\/App-Store-button-300x89.png\" alt=\"Bouton de t\u00e9l\u00e9chargement pour l\u2019App Store\" width=\"146\" height=\"43\"\/><\/a>&nbsp;<a href=\"https:\/\/play.google.com\/store\/apps\/details?id=com.wcb.worker\" target=\"_blank\" rel=\"noopener\"><img decoding=\"async\" src=\"https:\/\/www.wcb.mb.ca\/uploads\/2025\/04\/Google-Play-button-300x89.png\" alt=\"Bouton de t\u00e9l\u00e9chargement pour Google Play\" width=\"145\" height=\"43\"\/><\/a><\/p>\n\t\t\t\t\t\t\t\t<\/div>\n\t\t\t\t<\/div>\n\t\t\t\t<\/div>\n\t\t\t\t\t<\/div>\n\t\t\t\t<\/div>\n\t\t\t\t<\/div>\n\t\t","protected":false},"excerpt":{"rendered":"<p>L\u2019application WCB Worker Connect est le moyen le plus rapide pour signaler votre blessure survenue en milieu de travail \u00e0 la WCB. Elle vous permet de vous tenir \u00e0 jour et de g\u00e9rer votre r\u00e9clamation comme cela vous convient. Fonctionnalit\u00e9s de l\u2019application\u00a0: Consulter l\u2019information sur votre ou vos r\u00e9clamation(s), y compris les d\u00e9cisions et les [&hellip;]<\/p>\n","protected":false},"author":1,"featured_media":0,"parent":1896,"menu_order":0,"comment_status":"closed","ping_status":"closed","template":"","meta":{"_acf_changed":false,"footnotes":""},"tags":[],"class_list":["post-21784","page","type-page","status-publish","hentry"],"acf":[],"_links":{"self":[{"href":"https:\/\/www.wcb.mb.ca\/fr\/wp-json\/wp\/v2\/pages\/21784","targetHints":{"allow":["GET"]}}],"collection":[{"href":"https:\/\/www.wcb.mb.ca\/fr\/wp-json\/wp\/v2\/pages"}],"about":[{"href":"https:\/\/www.wcb.mb.ca\/fr\/wp-json\/wp\/v2\/types\/page"}],"author":[{"embeddable":true,"href":"https:\/\/www.wcb.mb.ca\/fr\/wp-json\/wp\/v2\/users\/1"}],"replies":[{"embeddable":true,"href":"https:\/\/www.wcb.mb.ca\/fr\/wp-json\/wp\/v2\/comments?post=21784"}],"version-history":[{"count":3,"href":"https:\/\/www.wcb.mb.ca\/fr\/wp-json\/wp\/v2\/pages\/21784\/revisions"}],"predecessor-version":[{"id":21807,"href":"https:\/\/www.wcb.mb.ca\/fr\/wp-json\/wp\/v2\/pages\/21784\/revisions\/21807"}],"up":[{"embeddable":true,"href":"https:\/\/www.wcb.mb.ca\/fr\/wp-json\/wp\/v2\/pages\/1896"}],"wp:attachment":[{"href":"https:\/\/www.wcb.mb.ca\/fr\/wp-json\/wp\/v2\/media?parent=21784"}],"wp:term":[{"taxonomy":"post_tag","embeddable":true,"href":"https:\/\/www.wcb.mb.ca\/fr\/wp-json\/wp\/v2\/tags?post=21784"}],"curies":[{"name":"wp","href":"https:\/\/api.w.org\/{rel}","templated":true}]}}