{"id":20424,"date":"2024-09-26T16:44:03","date_gmt":"2024-09-26T20:44:03","guid":{"rendered":"https:\/\/www.wcb.mb.ca\/?page_id=20424"},"modified":"2026-01-19T13:48:49","modified_gmt":"2026-01-19T18:48:49","slug":"legislation-et-politiques","status":"publish","type":"page","link":"https:\/\/www.wcb.mb.ca\/fr\/legislation-et-politiques\/","title":{"rendered":"Loi et politiques"},"content":{"rendered":"\t\t<div data-elementor-type=\"wp-page\" data-elementor-id=\"20424\" class=\"elementor elementor-20424 elementor-391\" data-elementor-post-type=\"page\">\n\t\t\t\t<div class=\"elementor-element elementor-element-81e4809 e-flex e-con-boxed e-con e-parent\" data-id=\"81e4809\" data-element_type=\"container\" data-e-type=\"container\">\n\t\t\t\t\t<div class=\"e-con-inner\">\n\t\t\t\t<div class=\"elementor-element elementor-element-f012111 elementor-widget elementor-widget-st-header-image\" data-id=\"f012111\" data-element_type=\"widget\" data-e-type=\"widget\" data-widget_type=\"st-header-image.default\">\n\t\t\t\t<div class=\"elementor-widget-container\">\n\t\t\t\t\t<div class=\"c-headerImage g-layout__padding c-headerImage--noImage\"><div class=\"c-headerImage__container g-layout__maxWidth\"><div class=\"c-headerImage__content\"><div ><h1>Loi et politiques<\/h1><\/div><\/div><\/div><\/div>\t\t\t\t<\/div>\n\t\t\t\t<\/div>\n\t\t\t\t\t<\/div>\n\t\t\t\t<\/div>\n\t\t<div class=\"elementor-element elementor-element-3242a63 e-grid e-con-boxed e-con e-parent\" data-id=\"3242a63\" data-element_type=\"container\" data-e-type=\"container\">\n\t\t\t\t\t<div class=\"e-con-inner\">\n\t\t<div class=\"elementor-element elementor-element-22167cdc e-con-full e-flex e-con e-child\" data-id=\"22167cdc\" data-element_type=\"container\" data-e-type=\"container\">\n\t\t\t\t<div class=\"elementor-element elementor-element-693b54fd elementor-widget__width-initial elementor-widget elementor-widget-text-editor\" data-id=\"693b54fd\" data-element_type=\"widget\" data-e-type=\"widget\" data-widget_type=\"text-editor.default\">\n\t\t\t\t<div class=\"elementor-widget-container\">\n\t\t\t\t\t\t\t\t\t<h2>Loi<\/h2>\n<p><em>La Loi sur les accidents du travail<\/em><em>\u202f<\/em>(la Loi) r\u00e9git la WCB, lui conf\u00e9rant son mandat et son autorit\u00e9.\u202fLa Loi et les r\u00e8glements adopt\u00e9s en vertu de celle-ci imposent \u00e9galement des droits et responsabilit\u00e9s pour les intervenants de notre syst\u00e8me; entre autres, les travailleurs, les employeurs et les fournisseurs de soins de sant\u00e9.\u202f Les liens ci-dessous vous dirigeront vers les versions courantes de la\u202fLoi\u202fet\u202fde ses r\u00e8glements, publi\u00e9es dans le site Web du gouvernement du Manitoba.<\/p>\n<p>Consultez\u202f <a href=\"https:\/\/web2.gov.mb.ca\/laws\/statutes\/ccsm\/w200.php?lang=en\">la Loi\u202fici.<\/a><\/p>\n<p>Consultez <a href=\"https:\/\/web2.gov.mb.ca\/laws\/regs\/index.php?act=w200\" target=\"_blank\" rel=\"noopener\">les r\u00e8glements adopt\u00e9s en vertu de la Loi.<\/a>\u00a0\u00a0<\/p>\n<p>Pour obtenir une version officielle de la Loi actuellement en vigueur ou des versions ant\u00e9rieures de la Loi, pri\u00e8re de communiquer avec le\u202f<a href=\"https:\/\/www.gov.mb.ca\/kingsprinter\/\" target=\"_blank\" rel=\"noopener\">service des Publications officielles du gouvernement du Manitoba<\/a>.\u202f\u202f\u00a0<\/p>\n\t\t\t\t\t\t\t\t<\/div>\n\t\t\t\t<\/div>\n\t\t\t\t<div class=\"elementor-element elementor-element-6d5550a elementor-widget__width-initial elementor-widget elementor-widget-text-editor\" data-id=\"6d5550a\" data-element_type=\"widget\" data-e-type=\"widget\" data-widget_type=\"text-editor.default\">\n\t\t\t\t<div class=\"elementor-widget-container\">\n\t\t\t\t\t\t\t\t\t<h2>Politiques<\/h2>\n<p>Les politiques et directives administratives de la WCB renferment de plus amples renseignements sur comment la WCB remplit son mandat, exerce son autorit\u00e9 et prend des d\u00e9cisions en vertu de la Loi et de ses r\u00e8glements.\u202fElles pr\u00e9sentent aussi des orientations concernant les droits et responsabilit\u00e9s des intervenants et visent \u00e0 assurer des interactions justes et uniformes entre ceux-ci et la WCB. Les politiques de la WCB sont contraignantes pour la WCB et la Commission d\u2019appel.<\/p>\n<p>Consultez nos\u202f<a href=\"https:\/\/www.wcb.mb.ca\/fr\/legislation-et-politiques\/politiques\/\">politiques<\/a>\u202fici.<\/p>\n\t\t\t\t\t\t\t\t<\/div>\n\t\t\t\t<\/div>\n\t\t\t\t<div class=\"elementor-element elementor-element-6a558a8 elementor-widget__width-initial elementor-widget elementor-widget-text-editor\" data-id=\"6a558a8\" data-element_type=\"widget\" data-e-type=\"widget\" data-widget_type=\"text-editor.default\">\n\t\t\t\t<div class=\"elementor-widget-container\">\n\t\t\t\t\t\t\t\t\t<h2>Tableaux d\u2019indemnisation<\/h2>\n<p>Le 1er\u00a0janvier de chaque ann\u00e9e, la WCB indexe les montants d\u2019indemnit\u00e9 et les niveaux de gain annuel maximum \u00e9tablis dans la Loi.\u202f\u202f\u00a0\u00a0<\/p>\n<p>La WCB a pr\u00e9par\u00e9 des tableaux des ajustements des indemnit\u00e9s pour aider les travailleurs et leurs personnes \u00e0 charge \u00e0 comprendre l\u2019indemnisation versable pour certaines prestations.\u202fCes tableaux indiquent les indemnit\u00e9s index\u00e9es et les montants de gain annuel maximum depuis l\u2019ann\u00e9e 1992.\u202f\u00a0\u00a0<\/p>\n<p>Votre num\u00e9ro de r\u00e9clamation peut vous aider dans la lecture des tableaux des ajustements des indemnit\u00e9s.\u202fLorsqu\u2019une r\u00e9clamation est soumise \u00e0 la WCB pour une blessure li\u00e9e au travail, un num\u00e9ro de r\u00e9clamation \u00e0 huit chiffres lui est attribu\u00e9. Les deux premiers chiffres du num\u00e9ro de r\u00e9clamation indiquent l\u2019ann\u00e9e de survenance. Parce que certains montants d\u2019indemnit\u00e9 sont li\u00e9s \u00e0 la date de l\u2019accident de travail, ces deux premiers chiffres peuvent vous aider \u00e0 d\u00e9terminer les montants d\u2019indemnit\u00e9 qui vous sont dus relativement \u00e0 une r\u00e9clamation pour blessure ou maladie professionnelle survenue en milieu de travail accept\u00e9e.\u202f\u202f\u00a0<\/p>\n<p>Consultez les\u202f<a href=\"https:\/\/www.wcb.mb.ca\/fr\/legislation-et-politiques\/tableaux-des-ajustements-des-indemnites\/\">Tableaux d\u2019indemnisation de 1992 \u00e0 2026<\/a>\u202fici.\u202f\u202f\u00a0<\/p>\n\t\t\t\t\t\t\t\t<\/div>\n\t\t\t\t<\/div>\n\t\t\t\t<div class=\"elementor-element elementor-element-6a9b7b6 elementor-widget__width-initial elementor-widget elementor-widget-text-editor\" data-id=\"6a9b7b6\" data-element_type=\"widget\" data-e-type=\"widget\" data-widget_type=\"text-editor.default\">\n\t\t\t\t<div class=\"elementor-widget-container\">\n\t\t\t\t\t\t\t\t\t<h2>Liens connexes<\/h2>\n<p>Ce guide des politiques pr\u00e9sente une orientation au personnel de la WCB et aux intervenants sur comment la WCB remplit son mandat, exerce son autorit\u00e9 et prend des d\u00e9cisions en vertu de la Loi et de ses r\u00e8glements.\u202fLe cas \u00e9ch\u00e9ant, chaque politique fournit des r\u00e9f\u00e9rences \u00e0 la Loi et \u00e0 d\u2019autres politiques connexes.<\/p>\n\t\t\t\t\t\t\t\t<\/div>\n\t\t\t\t<\/div>\n\t\t\t\t<\/div>\n\t\t<div class=\"elementor-element elementor-element-7752d911 e-con-full e-flex e-con e-child\" data-id=\"7752d911\" data-element_type=\"container\" data-e-type=\"container\" data-settings=\"{&quot;background_background&quot;:&quot;classic&quot;}\">\n\t\t\t\t<div class=\"elementor-element elementor-element-af2c7b7 elementor-widget elementor-widget-st-link-list\" data-id=\"af2c7b7\" data-element_type=\"widget\" data-e-type=\"widget\" data-widget_type=\"st-link-list.default\">\n\t\t\t\t<div class=\"elementor-widget-container\">\n\t\t\t\t\t<div class=\"c-linkList c-linkList--default c-linkList--default\"><h2 class=\"c-linkList__title\"><span >Liens connexes<\/span><\/h2><div class=\"c-linkList__list\"><\/div><\/div>\t\t\t\t<\/div>\n\t\t\t\t<\/div>\n\t\t\t\t<div class=\"elementor-element elementor-element-12f729dd elementor-widget elementor-widget-st-cats\" data-id=\"12f729dd\" data-element_type=\"widget\" data-e-type=\"widget\" data-widget_type=\"st-cats.default\">\n\t\t\t\t<div class=\"elementor-widget-container\">\n\t\t\t\t\t<div class=\"c-ctaList\"><\/div>\t\t\t\t<\/div>\n\t\t\t\t<\/div>\n\t\t\t\t<\/div>\n\t\t\t\t\t<\/div>\n\t\t\t\t<\/div>\n\t\t\t\t<\/div>\n\t\t","protected":false},"excerpt":{"rendered":"<p>Loi La Loi sur les accidents du travail\u202f(la Loi) r\u00e9git la WCB, lui conf\u00e9rant son mandat et son autorit\u00e9.\u202fLa Loi et les r\u00e8glements adopt\u00e9s en vertu de celle-ci imposent \u00e9galement des droits et responsabilit\u00e9s pour les intervenants de notre syst\u00e8me; entre autres, les travailleurs, les employeurs et les fournisseurs de soins de sant\u00e9.\u202f Les liens [&hellip;]<\/p>\n","protected":false},"author":1,"featured_media":0,"parent":0,"menu_order":0,"comment_status":"closed","ping_status":"closed","template":"","meta":{"_acf_changed":false,"footnotes":""},"tags":[],"class_list":["post-20424","page","type-page","status-publish","hentry"],"acf":[],"_links":{"self":[{"href":"https:\/\/www.wcb.mb.ca\/fr\/wp-json\/wp\/v2\/pages\/20424","targetHints":{"allow":["GET"]}}],"collection":[{"href":"https:\/\/www.wcb.mb.ca\/fr\/wp-json\/wp\/v2\/pages"}],"about":[{"href":"https:\/\/www.wcb.mb.ca\/fr\/wp-json\/wp\/v2\/types\/page"}],"author":[{"embeddable":true,"href":"https:\/\/www.wcb.mb.ca\/fr\/wp-json\/wp\/v2\/users\/1"}],"replies":[{"embeddable":true,"href":"https:\/\/www.wcb.mb.ca\/fr\/wp-json\/wp\/v2\/comments?post=20424"}],"version-history":[{"count":4,"href":"https:\/\/www.wcb.mb.ca\/fr\/wp-json\/wp\/v2\/pages\/20424\/revisions"}],"predecessor-version":[{"id":22960,"href":"https:\/\/www.wcb.mb.ca\/fr\/wp-json\/wp\/v2\/pages\/20424\/revisions\/22960"}],"wp:attachment":[{"href":"https:\/\/www.wcb.mb.ca\/fr\/wp-json\/wp\/v2\/media?parent=20424"}],"wp:term":[{"taxonomy":"post_tag","embeddable":true,"href":"https:\/\/www.wcb.mb.ca\/fr\/wp-json\/wp\/v2\/tags?post=20424"}],"curies":[{"name":"wp","href":"https:\/\/api.w.org\/{rel}","templated":true}]}}