{"id":20420,"date":"2025-03-18T10:56:47","date_gmt":"2025-03-18T14:56:47","guid":{"rendered":"https:\/\/www.wcb.mb.ca\/?page_id=20420"},"modified":"2026-01-10T11:10:41","modified_gmt":"2026-01-10T16:10:41","slug":"formulaire-de-mise-en-candidature-prix-pour-la-culture-de-securite","status":"publish","type":"page","link":"https:\/\/www.wcb.mb.ca\/fr\/sain-et-sauf-au-travail-manitoba\/prix-sain-et-sauf-au-travail\/formulaire-de-mise-en-candidature-prix-pour-la-culture-de-securite\/","title":{"rendered":"Formulaire de mise en candidature\u00a0: Prix pour la Culture de s\u00e9curit\u00e9"},"content":{"rendered":"\t\t<div data-elementor-type=\"wp-page\" data-elementor-id=\"20420\" class=\"elementor elementor-20420 elementor-10456\" data-elementor-post-type=\"page\">\n\t\t\t\t<div class=\"elementor-element elementor-element-3ecb38c e-flex e-con-boxed e-con e-parent\" data-id=\"3ecb38c\" data-element_type=\"container\" data-e-type=\"container\">\n\t\t\t\t\t<div class=\"e-con-inner\">\n\t\t\t\t<div class=\"elementor-element elementor-element-31ed68c elementor-widget elementor-widget-st-header-image\" data-id=\"31ed68c\" data-element_type=\"widget\" data-e-type=\"widget\" data-widget_type=\"st-header-image.default\">\n\t\t\t\t<div class=\"elementor-widget-container\">\n\t\t\t\t\t<div class=\"c-headerImage g-layout__padding c-headerImage--noImage\"><div class=\"c-headerImage__container g-layout__maxWidth\"><div class=\"c-headerImage__content\"><div ><h1>Formulaire de mise en candidature\u00a0: Prix pour la Culture de s\u00e9curit\u00e9<\/h1><\/div><\/div><\/div><\/div>\t\t\t\t<\/div>\n\t\t\t\t<\/div>\n\t\t\t\t\t<\/div>\n\t\t\t\t<\/div>\n\t\t<div class=\"elementor-element elementor-element-64679d07 e-grid e-con-boxed e-con e-parent\" data-id=\"64679d07\" data-element_type=\"container\" data-e-type=\"container\">\n\t\t\t\t\t<div class=\"e-con-inner\">\n\t\t<div class=\"elementor-element elementor-element-499e9327 e-con-full e-flex e-con e-child\" data-id=\"499e9327\" data-element_type=\"container\" data-e-type=\"container\">\n\t\t\t\t<div class=\"elementor-element elementor-element-793c107 elementor-widget elementor-widget-text-editor\" data-id=\"793c107\" data-element_type=\"widget\" data-e-type=\"widget\" data-widget_type=\"text-editor.default\">\n\t\t\t\t<div class=\"elementor-widget-container\">\n\t\t\t\t\t\t\t\t\t<p>Ce prix est d\u00e9cern\u00e9 \u00e0 un milieu de travail dot\u00e9 d\u2019une culture de s\u00e9curit\u00e9 positive. Un milieu de travail dot\u00e9 d\u2019une culture de s\u00e9curit\u00e9 positive s\u2019assure que\u00a0:\u00a0<\/p>\n<ul>\n<li>les pr\u00e9occupations li\u00e9es \u00e0 la sant\u00e9 et la s\u00e9curit\u00e9 sont abord\u00e9es\u00a0<\/li>\n<li>les dirigeants sont engag\u00e9s envers la sant\u00e9 et la s\u00e9curit\u00e9\u00a0<\/li>\n<li>la confiance et le respect sont essentiels dans l\u2019environnement de travail\u00a0<\/li>\n<li>chaque membre de l\u2019organisation s\u2019investit personnellement dans la sant\u00e9 et la s\u00e9curit\u00e9 et en assume la responsabilit\u00e9\u00a0<\/li>\n<li>l\u2019environnement de travail est inclusif\u00a0<\/li>\n<li>l\u2019apprentissage continu est une caract\u00e9ristique de l\u2019organisme\u00a0<\/li>\n<\/ul>\n<p>Tout le monde peut proposer un milieu de travail pour le prix pour la Culture de s\u00e9curit\u00e9.<\/p>\n<p>Pri\u00e8re de remplir le formulaire suivant afin de proposer un milieu de travail pour le Prix pour la culture de S\u00c9CURIT\u00c9. Nous vous demandons de passer en revue les <a href=\"https:\/\/www.wcb.mb.ca\/fr\/?page_id=20403\">crit\u00e8res de conformit\u00e9<\/a> pour vous assurer que votre candidat est admissible.<\/p>\n\t\t\t\t\t\t\t\t<\/div>\n\t\t\t\t<\/div>\n\t\t\t\t<div class=\"elementor-element elementor-element-d003fb6 elementor-widget elementor-widget-shortcode\" data-id=\"d003fb6\" data-element_type=\"widget\" data-e-type=\"widget\" data-widget_type=\"shortcode.default\">\n\t\t\t\t<div class=\"elementor-widget-container\">\n\t\t\t\t\t\t\t<div class=\"elementor-shortcode\"><\/div>\n\t\t\t\t\t\t<\/div>\n\t\t\t\t<\/div>\n\t\t\t\t<\/div>\n\t\t<div class=\"elementor-element elementor-element-4203c6fa e-con-full e-flex e-con e-child\" data-id=\"4203c6fa\" data-element_type=\"container\" data-e-type=\"container\" data-settings=\"{&quot;background_background&quot;:&quot;classic&quot;}\">\n\t\t\t\t<div class=\"elementor-element elementor-element-3d5d9a4d elementor-widget elementor-widget-st-link-list\" data-id=\"3d5d9a4d\" data-element_type=\"widget\" data-e-type=\"widget\" data-widget_type=\"st-link-list.default\">\n\t\t\t\t<div class=\"elementor-widget-container\">\n\t\t\t\t\t<div class=\"c-linkList c-linkList--default c-linkList--default\"><h2 class=\"c-linkList__title\"><span >Liens connexes<\/span><\/h2><div class=\"c-linkList__list\"><\/div><\/div>\t\t\t\t<\/div>\n\t\t\t\t<\/div>\n\t\t\t\t<div class=\"elementor-element elementor-element-7728c063 elementor-widget elementor-widget-st-cats\" data-id=\"7728c063\" data-element_type=\"widget\" data-e-type=\"widget\" data-widget_type=\"st-cats.default\">\n\t\t\t\t<div class=\"elementor-widget-container\">\n\t\t\t\t\t<div class=\"c-ctaList\"><\/div>\t\t\t\t<\/div>\n\t\t\t\t<\/div>\n\t\t\t\t<\/div>\n\t\t\t\t\t<\/div>\n\t\t\t\t<\/div>\n\t\t\t\t<\/div>\n\t\t","protected":false},"excerpt":{"rendered":"<p>Ce prix est d\u00e9cern\u00e9 \u00e0 un milieu de travail dot\u00e9 d\u2019une culture de s\u00e9curit\u00e9 positive. Un milieu de travail dot\u00e9 d\u2019une culture de s\u00e9curit\u00e9 positive s\u2019assure que\u00a0:\u00a0 les pr\u00e9occupations li\u00e9es \u00e0 la sant\u00e9 et la s\u00e9curit\u00e9 sont abord\u00e9es\u00a0 les dirigeants sont engag\u00e9s envers la sant\u00e9 et la s\u00e9curit\u00e9\u00a0 la confiance et le respect sont essentiels [&hellip;]<\/p>\n","protected":false},"author":1,"featured_media":0,"parent":20407,"menu_order":0,"comment_status":"closed","ping_status":"closed","template":"","meta":{"_acf_changed":false,"footnotes":""},"tags":[],"class_list":["post-20420","page","type-page","status-publish","hentry"],"acf":[],"_links":{"self":[{"href":"https:\/\/www.wcb.mb.ca\/fr\/wp-json\/wp\/v2\/pages\/20420","targetHints":{"allow":["GET"]}}],"collection":[{"href":"https:\/\/www.wcb.mb.ca\/fr\/wp-json\/wp\/v2\/pages"}],"about":[{"href":"https:\/\/www.wcb.mb.ca\/fr\/wp-json\/wp\/v2\/types\/page"}],"author":[{"embeddable":true,"href":"https:\/\/www.wcb.mb.ca\/fr\/wp-json\/wp\/v2\/users\/1"}],"replies":[{"embeddable":true,"href":"https:\/\/www.wcb.mb.ca\/fr\/wp-json\/wp\/v2\/comments?post=20420"}],"version-history":[{"count":3,"href":"https:\/\/www.wcb.mb.ca\/fr\/wp-json\/wp\/v2\/pages\/20420\/revisions"}],"predecessor-version":[{"id":20455,"href":"https:\/\/www.wcb.mb.ca\/fr\/wp-json\/wp\/v2\/pages\/20420\/revisions\/20455"}],"up":[{"embeddable":true,"href":"https:\/\/www.wcb.mb.ca\/fr\/wp-json\/wp\/v2\/pages\/20407"}],"wp:attachment":[{"href":"https:\/\/www.wcb.mb.ca\/fr\/wp-json\/wp\/v2\/media?parent=20420"}],"wp:term":[{"taxonomy":"post_tag","embeddable":true,"href":"https:\/\/www.wcb.mb.ca\/fr\/wp-json\/wp\/v2\/tags?post=20420"}],"curies":[{"name":"wp","href":"https:\/\/api.w.org\/{rel}","templated":true}]}}