{"id":20416,"date":"2025-03-18T10:57:17","date_gmt":"2025-03-18T14:57:17","guid":{"rendered":"https:\/\/www.wcb.mb.ca\/?page_id=20416"},"modified":"2026-01-10T11:11:42","modified_gmt":"2026-01-10T16:11:42","slug":"formulaire-de-mise-en-candidature-prix-de-securite-pour-travailleur","status":"publish","type":"page","link":"https:\/\/www.wcb.mb.ca\/fr\/sain-et-sauf-au-travail-manitoba\/prix-sain-et-sauf-au-travail\/formulaire-de-mise-en-candidature-prix-de-securite-pour-travailleur\/","title":{"rendered":"Formulaire de mise en candidature\u00a0: Prix de S\u00c9CURIT\u00c9 pour travailleur"},"content":{"rendered":"\t\t<div data-elementor-type=\"wp-page\" data-elementor-id=\"20416\" class=\"elementor elementor-20416 elementor-10458\" data-elementor-post-type=\"page\">\n\t\t\t\t<div class=\"elementor-element elementor-element-1c08113 e-flex e-con-boxed e-con e-parent\" data-id=\"1c08113\" data-element_type=\"container\" data-e-type=\"container\">\n\t\t\t\t\t<div class=\"e-con-inner\">\n\t\t\t\t<div class=\"elementor-element elementor-element-91c22c8 elementor-widget elementor-widget-st-header-image\" data-id=\"91c22c8\" data-element_type=\"widget\" data-e-type=\"widget\" data-widget_type=\"st-header-image.default\">\n\t\t\t\t<div class=\"elementor-widget-container\">\n\t\t\t\t\t<div class=\"c-headerImage g-layout__padding c-headerImage--noImage\"><div class=\"c-headerImage__container g-layout__maxWidth\"><div class=\"c-headerImage__content\"><div ><h1>Formulaire de mise en candidature\u00a0: Prix de S\u00c9CURIT\u00c9 pour travailleur<\/h1><\/div><\/div><\/div><\/div>\t\t\t\t<\/div>\n\t\t\t\t<\/div>\n\t\t\t\t\t<\/div>\n\t\t\t\t<\/div>\n\t\t<div class=\"elementor-element elementor-element-3391f383 e-grid e-con-boxed e-con e-parent\" data-id=\"3391f383\" data-element_type=\"container\" data-e-type=\"container\">\n\t\t\t\t\t<div class=\"e-con-inner\">\n\t\t<div class=\"elementor-element elementor-element-1fedd891 e-con-full e-flex e-con e-child\" data-id=\"1fedd891\" data-element_type=\"container\" data-e-type=\"container\">\n\t\t\t\t<div class=\"elementor-element elementor-element-c648134 elementor-widget elementor-widget-text-editor\" data-id=\"c648134\" data-element_type=\"widget\" data-e-type=\"widget\" data-widget_type=\"text-editor.default\">\n\t\t\t\t<div class=\"elementor-widget-container\">\n\t\t\t\t\t\t\t\t\t<p>Ce prix est d\u00e9cern\u00e9 \u00e0 une personne qui contribue au travail s\u00e9curitaire sans \u00eatre un professionnel en s\u00e9curit\u00e9. Votre candidat propos\u00e9 doit \u00eatre un champion de la s\u00e9curit\u00e9 qui va au-del\u00e0 des attentes pour sensibiliser les autres \u00e0 l\u2019importance de la sant\u00e9 et de la s\u00e9curit\u00e9 en milieu de travail. Les candidats doivent s\u2019efforcer chaque jour de rendre leur milieu de travail plus s\u00e9curitaire pour eux et leurs coll\u00e8gues.<\/p>\n<p>Les propositions pour le Prix de S\u00c9CURIT\u00c9 pour travailleur seront accept\u00e9es de la part de toute autre personne dans le m\u00eame milieu de travail.<\/p>\n<p>Pri\u00e8re de remplir le formulaire suivant afin de proposer un milieu de travail pour le Prix de S\u00c9CURIT\u00c9 pour travailleur.<\/p>\n\t\t\t\t\t\t\t\t<\/div>\n\t\t\t\t<\/div>\n\t\t\t\t<div class=\"elementor-element elementor-element-51b2722 elementor-widget elementor-widget-shortcode\" data-id=\"51b2722\" data-element_type=\"widget\" data-e-type=\"widget\" data-widget_type=\"shortcode.default\">\n\t\t\t\t<div class=\"elementor-widget-container\">\n\t\t\t\t\t\t\t<div class=\"elementor-shortcode\"><\/div>\n\t\t\t\t\t\t<\/div>\n\t\t\t\t<\/div>\n\t\t\t\t<\/div>\n\t\t<div class=\"elementor-element elementor-element-6f46904e e-con-full e-flex e-con e-child\" data-id=\"6f46904e\" data-element_type=\"container\" data-e-type=\"container\" data-settings=\"{&quot;background_background&quot;:&quot;classic&quot;}\">\n\t\t\t\t<div class=\"elementor-element elementor-element-40523f06 elementor-widget elementor-widget-st-link-list\" data-id=\"40523f06\" data-element_type=\"widget\" data-e-type=\"widget\" data-widget_type=\"st-link-list.default\">\n\t\t\t\t<div class=\"elementor-widget-container\">\n\t\t\t\t\t<div class=\"c-linkList c-linkList--default c-linkList--default\"><h2 class=\"c-linkList__title\"><span >Liens connexes<\/span><\/h2><div class=\"c-linkList__list\"><\/div><\/div>\t\t\t\t<\/div>\n\t\t\t\t<\/div>\n\t\t\t\t<div class=\"elementor-element elementor-element-490233a7 elementor-widget elementor-widget-st-cats\" data-id=\"490233a7\" data-element_type=\"widget\" data-e-type=\"widget\" data-widget_type=\"st-cats.default\">\n\t\t\t\t<div class=\"elementor-widget-container\">\n\t\t\t\t\t<div class=\"c-ctaList\"><\/div>\t\t\t\t<\/div>\n\t\t\t\t<\/div>\n\t\t\t\t<\/div>\n\t\t\t\t\t<\/div>\n\t\t\t\t<\/div>\n\t\t\t\t<\/div>\n\t\t","protected":false},"excerpt":{"rendered":"<p>Ce prix est d\u00e9cern\u00e9 \u00e0 une personne qui contribue au travail s\u00e9curitaire sans \u00eatre un professionnel en s\u00e9curit\u00e9. Votre candidat propos\u00e9 doit \u00eatre un champion de la s\u00e9curit\u00e9 qui va au-del\u00e0 des attentes pour sensibiliser les autres \u00e0 l\u2019importance de la sant\u00e9 et de la s\u00e9curit\u00e9 en milieu de travail. Les candidats doivent s\u2019efforcer chaque [&hellip;]<\/p>\n","protected":false},"author":1,"featured_media":0,"parent":20407,"menu_order":0,"comment_status":"closed","ping_status":"closed","template":"","meta":{"_acf_changed":false,"footnotes":""},"tags":[],"class_list":["post-20416","page","type-page","status-publish","hentry"],"acf":[],"_links":{"self":[{"href":"https:\/\/www.wcb.mb.ca\/fr\/wp-json\/wp\/v2\/pages\/20416","targetHints":{"allow":["GET"]}}],"collection":[{"href":"https:\/\/www.wcb.mb.ca\/fr\/wp-json\/wp\/v2\/pages"}],"about":[{"href":"https:\/\/www.wcb.mb.ca\/fr\/wp-json\/wp\/v2\/types\/page"}],"author":[{"embeddable":true,"href":"https:\/\/www.wcb.mb.ca\/fr\/wp-json\/wp\/v2\/users\/1"}],"replies":[{"embeddable":true,"href":"https:\/\/www.wcb.mb.ca\/fr\/wp-json\/wp\/v2\/comments?post=20416"}],"version-history":[{"count":1,"href":"https:\/\/www.wcb.mb.ca\/fr\/wp-json\/wp\/v2\/pages\/20416\/revisions"}],"predecessor-version":[{"id":20417,"href":"https:\/\/www.wcb.mb.ca\/fr\/wp-json\/wp\/v2\/pages\/20416\/revisions\/20417"}],"up":[{"embeddable":true,"href":"https:\/\/www.wcb.mb.ca\/fr\/wp-json\/wp\/v2\/pages\/20407"}],"wp:attachment":[{"href":"https:\/\/www.wcb.mb.ca\/fr\/wp-json\/wp\/v2\/media?parent=20416"}],"wp:term":[{"taxonomy":"post_tag","embeddable":true,"href":"https:\/\/www.wcb.mb.ca\/fr\/wp-json\/wp\/v2\/tags?post=20416"}],"curies":[{"name":"wp","href":"https:\/\/api.w.org\/{rel}","templated":true}]}}