{"id":20412,"date":"2025-03-18T10:57:42","date_gmt":"2025-03-18T14:57:42","guid":{"rendered":"https:\/\/www.wcb.mb.ca\/?page_id=20412"},"modified":"2026-01-10T11:10:41","modified_gmt":"2026-01-10T16:10:41","slug":"formulaire-de-mise-en-candidature-prix-sain-et-sauf-au-travail-comite-de-la-securite-et-de-la-sante","status":"publish","type":"page","link":"https:\/\/www.wcb.mb.ca\/fr\/sain-et-sauf-au-travail-manitoba\/prix-sain-et-sauf-au-travail\/formulaire-de-mise-en-candidature-prix-sain-et-sauf-au-travail-comite-de-la-securite-et-de-la-sante\/","title":{"rendered":"Formulaire de mise en candidature\u00a0: Prix SAIN et SAUF au travail \u2013 Comit\u00e9 de la s\u00e9curit\u00e9 et de la sant\u00e9"},"content":{"rendered":"\t\t<div data-elementor-type=\"wp-page\" data-elementor-id=\"20412\" class=\"elementor elementor-20412 elementor-10460\" data-elementor-post-type=\"page\">\n\t\t\t\t<div class=\"elementor-element elementor-element-f6e77bc e-flex e-con-boxed e-con e-parent\" data-id=\"f6e77bc\" data-element_type=\"container\" data-e-type=\"container\">\n\t\t\t\t\t<div class=\"e-con-inner\">\n\t\t\t\t<div class=\"elementor-element elementor-element-4e511f6 elementor-widget elementor-widget-st-header-image\" data-id=\"4e511f6\" data-element_type=\"widget\" data-e-type=\"widget\" data-widget_type=\"st-header-image.default\">\n\t\t\t\t<div class=\"elementor-widget-container\">\n\t\t\t\t\t<div class=\"c-headerImage g-layout__padding c-headerImage--noImage\"><div class=\"c-headerImage__container g-layout__maxWidth\"><div class=\"c-headerImage__content\"><div ><h1>Formulaire de mise en candidature\u00a0: Prix SAIN et SAUF au travail \u2013 Comit\u00e9 de la s\u00e9curit\u00e9 et de la sant\u00e9<\/h1><\/div><\/div><\/div><\/div>\t\t\t\t<\/div>\n\t\t\t\t<\/div>\n\t\t\t\t\t<\/div>\n\t\t\t\t<\/div>\n\t\t<div class=\"elementor-element elementor-element-133bc272 e-grid e-con-boxed e-con e-parent\" data-id=\"133bc272\" data-element_type=\"container\" data-e-type=\"container\">\n\t\t\t\t\t<div class=\"e-con-inner\">\n\t\t<div class=\"elementor-element elementor-element-10fe6d61 e-con-full e-flex e-con e-child\" data-id=\"10fe6d61\" data-element_type=\"container\" data-e-type=\"container\">\n\t\t\t\t<div class=\"elementor-element elementor-element-183dec8c elementor-widget elementor-widget-text-editor\" data-id=\"183dec8c\" data-element_type=\"widget\" data-e-type=\"widget\" data-widget_type=\"text-editor.default\">\n\t\t\t\t<div class=\"elementor-widget-container\">\n\t\t\t\t\t\t\t\t\t<p>Ce prix est d\u00e9cern\u00e9 \u00e0 un comit\u00e9 de la s\u00e9curit\u00e9 et de la sant\u00e9 au travail qui joue un r\u00f4le actif pour am\u00e9liorer la sant\u00e9 et la s\u00e9curit\u00e9 dans son milieu de travail. Les membres du comit\u00e9 travaillent en \u00e9quipe pour diffuser des messages de sant\u00e9 et de s\u00e9curit\u00e9 et r\u00e9soudre les probl\u00e8mes li\u00e9s \u00e0 la sant\u00e9 et la s\u00e9curit\u00e9 d\u00e8s qu\u2019ils surviennent. Les activit\u00e9s du comit\u00e9 permettent de renforcer la culture de s\u00e9curit\u00e9 du milieu de travail.<\/p>\n<p>Les propositions pour le Prix SAIN et SAUF au travail \u2013 Comit\u00e9 de la s\u00e9curit\u00e9 et de la sant\u00e9 seront accept\u00e9es pourvu qu\u2019elles soient soumises par toute personne dans le milieu de travail qui n\u2019est pas membre du comit\u00e9.<\/p>\n<p>Pri\u00e8re de remplir le formulaire suivant afin de proposer le comit\u00e9 de la s\u00e9curit\u00e9 et de la sant\u00e9 de votre milieu de travail pour le Prix SAIN et SAUF au travail \u2013 Comit\u00e9 de la s\u00e9curit\u00e9 et de la sant\u00e9. Nous vous demandons de passer en revue les <a href=\"https:\/\/www.wcb.mb.ca\/fr\/?page_id=20403\">crit\u00e8res de conformit\u00e9<\/a> pour vous assurer que votre candidat est admissible.<\/p>\n\t\t\t\t\t\t\t\t<\/div>\n\t\t\t\t<\/div>\n\t\t\t\t<div class=\"elementor-element elementor-element-f52e8fd elementor-widget elementor-widget-shortcode\" data-id=\"f52e8fd\" data-element_type=\"widget\" data-e-type=\"widget\" data-widget_type=\"shortcode.default\">\n\t\t\t\t<div class=\"elementor-widget-container\">\n\t\t\t\t\t\t\t<div class=\"elementor-shortcode\"><\/div>\n\t\t\t\t\t\t<\/div>\n\t\t\t\t<\/div>\n\t\t\t\t<\/div>\n\t\t<div class=\"elementor-element elementor-element-32a6932a e-con-full e-flex e-con e-child\" data-id=\"32a6932a\" data-element_type=\"container\" data-e-type=\"container\" data-settings=\"{&quot;background_background&quot;:&quot;classic&quot;}\">\n\t\t\t\t<div class=\"elementor-element elementor-element-7cb185 elementor-widget elementor-widget-st-link-list\" data-id=\"7cb185\" data-element_type=\"widget\" data-e-type=\"widget\" data-widget_type=\"st-link-list.default\">\n\t\t\t\t<div class=\"elementor-widget-container\">\n\t\t\t\t\t<div class=\"c-linkList c-linkList--default c-linkList--default\"><h2 class=\"c-linkList__title\"><span >Liens connexes<\/span><\/h2><div class=\"c-linkList__list\"><\/div><\/div>\t\t\t\t<\/div>\n\t\t\t\t<\/div>\n\t\t\t\t<div class=\"elementor-element elementor-element-2fcaf451 elementor-widget elementor-widget-st-cats\" data-id=\"2fcaf451\" data-element_type=\"widget\" data-e-type=\"widget\" data-widget_type=\"st-cats.default\">\n\t\t\t\t<div class=\"elementor-widget-container\">\n\t\t\t\t\t<div class=\"c-ctaList\"><\/div>\t\t\t\t<\/div>\n\t\t\t\t<\/div>\n\t\t\t\t<\/div>\n\t\t\t\t\t<\/div>\n\t\t\t\t<\/div>\n\t\t\t\t<\/div>\n\t\t","protected":false},"excerpt":{"rendered":"<p>Ce prix est d\u00e9cern\u00e9 \u00e0 un comit\u00e9 de la s\u00e9curit\u00e9 et de la sant\u00e9 au travail qui joue un r\u00f4le actif pour am\u00e9liorer la sant\u00e9 et la s\u00e9curit\u00e9 dans son milieu de travail. Les membres du comit\u00e9 travaillent en \u00e9quipe pour diffuser des messages de sant\u00e9 et de s\u00e9curit\u00e9 et r\u00e9soudre les probl\u00e8mes li\u00e9s \u00e0 [&hellip;]<\/p>\n","protected":false},"author":1,"featured_media":0,"parent":20407,"menu_order":0,"comment_status":"closed","ping_status":"closed","template":"","meta":{"_acf_changed":false,"footnotes":""},"tags":[],"class_list":["post-20412","page","type-page","status-publish","hentry"],"acf":[],"_links":{"self":[{"href":"https:\/\/www.wcb.mb.ca\/fr\/wp-json\/wp\/v2\/pages\/20412","targetHints":{"allow":["GET"]}}],"collection":[{"href":"https:\/\/www.wcb.mb.ca\/fr\/wp-json\/wp\/v2\/pages"}],"about":[{"href":"https:\/\/www.wcb.mb.ca\/fr\/wp-json\/wp\/v2\/types\/page"}],"author":[{"embeddable":true,"href":"https:\/\/www.wcb.mb.ca\/fr\/wp-json\/wp\/v2\/users\/1"}],"replies":[{"embeddable":true,"href":"https:\/\/www.wcb.mb.ca\/fr\/wp-json\/wp\/v2\/comments?post=20412"}],"version-history":[{"count":3,"href":"https:\/\/www.wcb.mb.ca\/fr\/wp-json\/wp\/v2\/pages\/20412\/revisions"}],"predecessor-version":[{"id":20453,"href":"https:\/\/www.wcb.mb.ca\/fr\/wp-json\/wp\/v2\/pages\/20412\/revisions\/20453"}],"up":[{"embeddable":true,"href":"https:\/\/www.wcb.mb.ca\/fr\/wp-json\/wp\/v2\/pages\/20407"}],"wp:attachment":[{"href":"https:\/\/www.wcb.mb.ca\/fr\/wp-json\/wp\/v2\/media?parent=20412"}],"wp:term":[{"taxonomy":"post_tag","embeddable":true,"href":"https:\/\/www.wcb.mb.ca\/fr\/wp-json\/wp\/v2\/tags?post=20412"}],"curies":[{"name":"wp","href":"https:\/\/api.w.org\/{rel}","templated":true}]}}