{"id":20407,"date":"2025-03-18T10:48:50","date_gmt":"2025-03-18T14:48:50","guid":{"rendered":"https:\/\/www.wcb.mb.ca\/?page_id=20407"},"modified":"2026-03-26T12:07:47","modified_gmt":"2026-03-26T16:07:47","slug":"prix-sain-et-sauf-au-travail","status":"publish","type":"page","link":"https:\/\/www.wcb.mb.ca\/fr\/sain-et-sauf-au-travail-manitoba\/prix-sain-et-sauf-au-travail\/","title":{"rendered":"Prix SAIN et SAUF au travail"},"content":{"rendered":"\t\t<div data-elementor-type=\"wp-page\" data-elementor-id=\"20407\" class=\"elementor elementor-20407 elementor-10443\" data-elementor-post-type=\"page\">\n\t\t\t\t<div class=\"elementor-element elementor-element-e4e83a5 e-flex e-con-boxed e-con e-parent\" data-id=\"e4e83a5\" data-element_type=\"container\" data-e-type=\"container\">\n\t\t\t\t\t<div class=\"e-con-inner\">\n\t\t\t\t<div class=\"elementor-element elementor-element-c177099 elementor-widget elementor-widget-st-header-image\" data-id=\"c177099\" data-element_type=\"widget\" data-e-type=\"widget\" data-widget_type=\"st-header-image.default\">\n\t\t\t\t<div class=\"elementor-widget-container\">\n\t\t\t\t\t<div class=\"c-headerImage g-layout__padding c-headerImage--noImage\"><div class=\"c-headerImage__container g-layout__maxWidth\"><div class=\"c-headerImage__content\"><div ><h1>Prix SAIN et SAUF au travail<\/h1><\/div><\/div><\/div><\/div>\t\t\t\t<\/div>\n\t\t\t\t<\/div>\n\t\t\t\t\t<\/div>\n\t\t\t\t<\/div>\n\t\t<div class=\"elementor-element elementor-element-4e85c7da e-grid e-con-boxed e-con e-parent\" data-id=\"4e85c7da\" data-element_type=\"container\" data-e-type=\"container\">\n\t\t\t\t\t<div class=\"e-con-inner\">\n\t\t<div class=\"elementor-element elementor-element-28546100 e-con-full e-flex e-con e-child\" data-id=\"28546100\" data-element_type=\"container\" data-e-type=\"container\">\n\t\t\t\t<div class=\"elementor-element elementor-element-ad0f90e elementor-widget elementor-widget-image\" data-id=\"ad0f90e\" data-element_type=\"widget\" data-e-type=\"widget\" data-widget_type=\"image.default\">\n\t\t\t\t<div class=\"elementor-widget-container\">\n\t\t\t\t\t\t\t\t\t\t\t\t\t\t\t<img fetchpriority=\"high\" decoding=\"async\" width=\"1000\" height=\"600\" src=\"\/wp-content\/uploads\/2025\/03\/SAFE_Work_awards_Image_2025.png\" class=\"attachment-large size-large wp-image-20408\" alt=\"SAFE Work award graphic\" srcset=\"\/wp-content\/uploads\/2025\/03\/SAFE_Work_awards_Image_2025.png 1000w, \/wp-content\/uploads\/2025\/03\/SAFE_Work_awards_Image_2025-300x180.png 300w, \/wp-content\/uploads\/2025\/03\/SAFE_Work_awards_Image_2025-768x461.png 768w\" sizes=\"(max-width: 1000px) 100vw, 1000px\" \/>\t\t\t\t\t\t\t\t\t\t\t\t\t\t\t<\/div>\n\t\t\t\t<\/div>\n\t\t\t\t<div class=\"elementor-element elementor-element-5545c85 elementor-widget elementor-widget-text-editor\" data-id=\"5545c85\" data-element_type=\"widget\" data-e-type=\"widget\" data-widget_type=\"text-editor.default\">\n\t\t\t\t<div class=\"elementor-widget-container\">\n\t\t\t\t\t\t\t\t\t<p>Chaque ann\u00e9e, SAIN et SAUF au travail Manitoba r\u00e9compense des particuliers, des comit\u00e9s de la s\u00e9curit\u00e9 et de la sant\u00e9 au travail, des soci\u00e9t\u00e9s et des organismes de la province qui font preuve d\u2019un solide engagement envers la sant\u00e9 et la s\u00e9curit\u00e9 de leurs travailleurs. Les laur\u00e9ats de prix sont c\u00e9l\u00e9br\u00e9s lors du <a href=\"https:\/\/thesafetys.ca\/\" target=\"_blank\" rel=\"noopener\">gala The Safetys<\/a>.<\/p>\n\t\t\t\t\t\t\t\t<\/div>\n\t\t\t\t<\/div>\n\t\t\t\t<div class=\"elementor-element elementor-element-c84b9d8 elementor-widget elementor-widget-text-editor\" data-id=\"c84b9d8\" data-element_type=\"widget\" data-e-type=\"widget\" data-widget_type=\"text-editor.default\">\n\t\t\t\t<div class=\"elementor-widget-container\">\n\t\t\t\t\t\t\t\t\t<h2>Crit\u00e8res de soumission<\/h2><p>Les proposants doivent remplir un formulaire de mise en candidature en ligne qui indique comment le candidat a respect\u00e9 les exigences de la cat\u00e9gorie de nomination. La d\u00e9cision des juges est fond\u00e9e sur le formulaire de mise en candidature, ainsi que sur nos crit\u00e8res de conformit\u00e9. Veuillez passer en revue les <a href=\"\/fr\/sain-et-sauf-au-travail-manitoba\/prix-sain-et-sauf-au-travail\/criteres-de-soumission-pour-les-prix-sain-et-sauf-au-travail\/\">crit\u00e8res de conformit\u00e9<\/a> pour vous assurer que votre candidat est admissible.<\/p><p><strong>La date d\u2019\u00e9ch\u00e9ance pour la mise en candidature est le 25\u00a0juin 2025.<\/strong><\/p>\t\t\t\t\t\t\t\t<\/div>\n\t\t\t\t<\/div>\n\t\t\t\t<div class=\"elementor-element elementor-element-5a66766 elementor-widget elementor-widget-text-editor\" data-id=\"5a66766\" data-element_type=\"widget\" data-e-type=\"widget\" data-widget_type=\"text-editor.default\">\n\t\t\t\t<div class=\"elementor-widget-container\">\n\t\t\t\t\t\t\t\t\t<h2>Cat\u00e9gories de prix<\/h2><h3>Prix pour la Culture de s\u00e9curit\u00e9<\/h3><p>Ce prix est d\u00e9cern\u00e9 \u00e0 un milieu de travail dot\u00e9 d\u2019une culture de s\u00e9curit\u00e9 positive. Un milieu de travail dot\u00e9 d\u2019une culture de s\u00e9curit\u00e9 positive s\u2019assure que\u00a0:<\/p><ul><li>Les questions li\u00e9es \u00e0 la sant\u00e9 et la s\u00e9curit\u00e9 sont abord\u00e9es.\u00a0<\/li><li>Les dirigeants sont engag\u00e9s envers la sant\u00e9 et la s\u00e9curit\u00e9.\u00a0<\/li><li>La confiance et le respect sont essentiels dans l\u2019environnement de travail.\u00a0<\/li><li>Chaque membre de l\u2019organisation s\u2019investit personnellement dans la sant\u00e9 et la s\u00e9curit\u00e9 et en assume la responsabilit\u00e9.\u00a0<\/li><li>L\u2019environnement de travail est inclusif.\u00a0<\/li><li>L\u2019apprentissage continu est une caract\u00e9ristique de l\u2019organisme.\u00a0\u00a0<\/li><\/ul><p>Tout le monde peut proposer un milieu de travail pour le prix pour la Culture de s\u00e9curit\u00e9. <a href=\"\/fr\/sain-et-sauf-au-travail-manitoba\/prix-sain-et-sauf-au-travail\/formulaire-de-mise-en-candidature-prix-pour-la-culture-de-securite\/\">Proposez un milieu de travail<\/a> pour le prix pour la Culture de s\u00e9curit\u00e9.<\/p><p>\u00a0<\/p><h3>Prix de S\u00c9CURIT\u00c9 pour travailleur\u00a0<\/h3><p>Ce prix est d\u00e9cern\u00e9 \u00e0 une personne qui contribue au travail s\u00e9curitaire sans \u00eatre un professionnel en s\u00e9curit\u00e9. Votre candidat propos\u00e9 doit \u00eatre un champion de la s\u00e9curit\u00e9 qui va au-del\u00e0 des attentes pour sensibiliser les autres \u00e0 l\u2019importance de la sant\u00e9 et de la s\u00e9curit\u00e9 en milieu de travail.<\/p><p>Les candidats doivent s\u2019efforcer de rendre leur milieu de travail plus s\u00e9curitaire pour eux et pour leurs coll\u00e8gues. Les propositions pour le Prix de S\u00c9CURIT\u00c9 pour travailleur seront accept\u00e9es de la part de toute autre personne dans le m\u00eame milieu de travail.<\/p><p><a href=\"\/fr\/sain-et-sauf-au-travail-manitoba\/prix-sain-et-sauf-au-travail\/formulaire-de-mise-en-candidature-prix-de-securite-pour-travailleur\/\">Proposez un particulier<\/a> pour le Prix de S\u00c9CURIT\u00c9 pour travailleur.<\/p><p>\u00a0<\/p><h3>Prix SAIN et SAUF au travail \u2013 comit\u00e9 de la s\u00e9curit\u00e9 et de la sant\u00e9<\/h3><p>Ce prix est d\u00e9cern\u00e9 \u00e0 un comit\u00e9 de la s\u00e9curit\u00e9 et de la sant\u00e9 au travail qui am\u00e9liore activement la sant\u00e9 et la s\u00e9curit\u00e9 dans son milieu de travail. Les membres du comit\u00e9 travaillent en \u00e9quipe pour diffuser des messages de sant\u00e9 et de s\u00e9curit\u00e9 et r\u00e9soudre les probl\u00e8mes li\u00e9s \u00e0 la sant\u00e9 et la s\u00e9curit\u00e9 d\u00e8s qu\u2019ils surviennent. Les activit\u00e9s du comit\u00e9 permettent de renforcer la culture de s\u00e9curit\u00e9 du milieu de travail. Les propositions pour le Prix SAIN et SAUF au travail \u2013 Comit\u00e9 de la s\u00e9curit\u00e9 et de la sant\u00e9 seront accept\u00e9es de toute personne du milieu de travail qui n\u2019est pas membre du comit\u00e9.<\/p><p><a href=\"\/fr\/sain-et-sauf-au-travail-manitoba\/prix-sain-et-sauf-au-travail\/formulaire-de-mise-en-candidature-prix-sain-et-sauf-au-travail-comite-de-la-securite-et-de-la-sante\/\">Proposez un comit\u00e9<\/a> pour le Prix SAIN et SAUF au travail \u2013 Comit\u00e9 de la s\u00e9curit\u00e9 et de la sant\u00e9.\u00a0<\/p><p>Des questions concernant les Prix SAIN et SAUF au travail? <a href=\"https:\/\/www.wcb.mb.ca\/fr\/coordonnees\/\">Contactez-nous<\/a>.<\/p><p>Pour de plus amples renseignements sur le gala The Safetys et sur les laur\u00e9ats des ann\u00e9es ant\u00e9rieures, visitez <a href=\"https:\/\/thesafetys.ca\/\" target=\"_blank\" rel=\"noopener\">The Safetys<\/a>.<\/p>\t\t\t\t\t\t\t\t<\/div>\n\t\t\t\t<\/div>\n\t\t\t\t<\/div>\n\t\t<div class=\"elementor-element elementor-element-3a6f23e4 e-con-full e-flex e-con e-child\" data-id=\"3a6f23e4\" data-element_type=\"container\" data-e-type=\"container\" data-settings=\"{&quot;background_background&quot;:&quot;classic&quot;}\">\n\t\t\t\t<div class=\"elementor-element elementor-element-5ea487b4 elementor-widget elementor-widget-st-link-list\" data-id=\"5ea487b4\" data-element_type=\"widget\" data-e-type=\"widget\" data-widget_type=\"st-link-list.default\">\n\t\t\t\t<div class=\"elementor-widget-container\">\n\t\t\t\t\t<div class=\"c-linkList c-linkList--default c-linkList--default\"><h2 class=\"c-linkList__title\"><span >Liens connexes<\/span><\/h2><div class=\"c-linkList__list\"><\/div><\/div>\t\t\t\t<\/div>\n\t\t\t\t<\/div>\n\t\t\t\t<div class=\"elementor-element elementor-element-55f1740d elementor-widget elementor-widget-st-cats\" data-id=\"55f1740d\" data-element_type=\"widget\" data-e-type=\"widget\" data-widget_type=\"st-cats.default\">\n\t\t\t\t<div class=\"elementor-widget-container\">\n\t\t\t\t\t<div class=\"c-ctaList\"><\/div>\t\t\t\t<\/div>\n\t\t\t\t<\/div>\n\t\t\t\t<\/div>\n\t\t\t\t\t<\/div>\n\t\t\t\t<\/div>\n\t\t\t\t<\/div>\n\t\t","protected":false},"excerpt":{"rendered":"<p>Prix SAIN et SAUF au travail Chaque ann\u00e9e, SAIN et SAUF au travail Manitoba r\u00e9compense des particuliers, des comit\u00e9s de la s\u00e9curit\u00e9 et de la sant\u00e9 au travail, des soci\u00e9t\u00e9s et des organismes de la province qui font preuve d\u2019un solide engagement envers la sant\u00e9 et la s\u00e9curit\u00e9 de leurs travailleurs. Les laur\u00e9ats de prix [&hellip;]<\/p>\n","protected":false},"author":1,"featured_media":0,"parent":21786,"menu_order":0,"comment_status":"closed","ping_status":"closed","template":"","meta":{"_acf_changed":false,"footnotes":""},"tags":[],"class_list":["post-20407","page","type-page","status-publish","hentry"],"acf":[],"_links":{"self":[{"href":"https:\/\/www.wcb.mb.ca\/fr\/wp-json\/wp\/v2\/pages\/20407","targetHints":{"allow":["GET"]}}],"collection":[{"href":"https:\/\/www.wcb.mb.ca\/fr\/wp-json\/wp\/v2\/pages"}],"about":[{"href":"https:\/\/www.wcb.mb.ca\/fr\/wp-json\/wp\/v2\/types\/page"}],"author":[{"embeddable":true,"href":"https:\/\/www.wcb.mb.ca\/fr\/wp-json\/wp\/v2\/users\/1"}],"replies":[{"embeddable":true,"href":"https:\/\/www.wcb.mb.ca\/fr\/wp-json\/wp\/v2\/comments?post=20407"}],"version-history":[{"count":7,"href":"https:\/\/www.wcb.mb.ca\/fr\/wp-json\/wp\/v2\/pages\/20407\/revisions"}],"predecessor-version":[{"id":25054,"href":"https:\/\/www.wcb.mb.ca\/fr\/wp-json\/wp\/v2\/pages\/20407\/revisions\/25054"}],"up":[{"embeddable":true,"href":"https:\/\/www.wcb.mb.ca\/fr\/wp-json\/wp\/v2\/pages\/21786"}],"wp:attachment":[{"href":"https:\/\/www.wcb.mb.ca\/fr\/wp-json\/wp\/v2\/media?parent=20407"}],"wp:term":[{"taxonomy":"post_tag","embeddable":true,"href":"https:\/\/www.wcb.mb.ca\/fr\/wp-json\/wp\/v2\/tags?post=20407"}],"curies":[{"name":"wp","href":"https:\/\/api.w.org\/{rel}","templated":true}]}}