{"id":20395,"date":"2025-03-18T10:40:53","date_gmt":"2025-03-18T14:40:53","guid":{"rendered":"https:\/\/www.wcb.mb.ca\/?page_id=20395"},"modified":"2026-03-18T12:30:30","modified_gmt":"2026-03-18T16:30:30","slug":"formulaire-de-mise-en-candidature-prix-de-securite-pour-travailleur","status":"publish","type":"page","link":"https:\/\/www.wcb.mb.ca\/fr\/sain-et-sauf-au-travail-manitoba\/formulaire-de-mise-en-candidature-prix-de-securite-pour-travailleur\/","title":{"rendered":"Conf\u00e9rence du leadership du comit\u00e9"},"content":{"rendered":"\t\t<div data-elementor-type=\"wp-page\" data-elementor-id=\"20395\" class=\"elementor elementor-20395 elementor-10430\" data-elementor-post-type=\"page\">\n\t\t\t\t<div class=\"elementor-element elementor-element-d3844f7 e-flex e-con-boxed e-con e-parent\" data-id=\"d3844f7\" data-element_type=\"container\" data-e-type=\"container\">\n\t\t\t\t\t<div class=\"e-con-inner\">\n\t\t\t\t<div class=\"elementor-element elementor-element-95e7fe3 elementor-widget elementor-widget-st-header-image\" data-id=\"95e7fe3\" data-element_type=\"widget\" data-e-type=\"widget\" data-widget_type=\"st-header-image.default\">\n\t\t\t\t<div class=\"elementor-widget-container\">\n\t\t\t\t\t<div class=\"c-headerImage g-layout__padding c-headerImage--noImage\"><div class=\"c-headerImage__container g-layout__maxWidth\"><div class=\"c-headerImage__content\"><div ><h1>Conf\u00e9rence du leadership du comit\u00e9<\/h1><\/div><\/div><\/div><\/div>\t\t\t\t<\/div>\n\t\t\t\t<\/div>\n\t\t\t\t\t<\/div>\n\t\t\t\t<\/div>\n\t\t<div class=\"elementor-element elementor-element-2c426578 e-grid e-con-boxed e-con e-parent\" data-id=\"2c426578\" data-element_type=\"container\" data-e-type=\"container\">\n\t\t\t\t\t<div class=\"e-con-inner\">\n\t\t<div class=\"elementor-element elementor-element-2ef2b23a e-con-full e-flex e-con e-child\" data-id=\"2ef2b23a\" data-element_type=\"container\" data-e-type=\"container\">\n\t\t\t\t<div class=\"elementor-element elementor-element-e2a6cff elementor-widget elementor-widget-image\" data-id=\"e2a6cff\" data-element_type=\"widget\" data-e-type=\"widget\" data-widget_type=\"image.default\">\n\t\t\t\t<div class=\"elementor-widget-container\">\n\t\t\t\t\t\t\t\t\t\t\t\t\t\t\t<img fetchpriority=\"high\" decoding=\"async\" width=\"1024\" height=\"261\" src=\"\/wp-content\/uploads\/2025\/03\/CLC-Conference-Graphic_2025-1024x261.png\" class=\"attachment-large size-large wp-image-20396\" alt=\"CLC Conference Graphic\" srcset=\"\/wp-content\/uploads\/2025\/03\/CLC-Conference-Graphic_2025-1024x261.png 1024w, \/wp-content\/uploads\/2025\/03\/CLC-Conference-Graphic_2025-300x77.png 300w, \/wp-content\/uploads\/2025\/03\/CLC-Conference-Graphic_2025-768x196.png 768w, \/wp-content\/uploads\/2025\/03\/CLC-Conference-Graphic_2025-1536x392.png 1536w, \/wp-content\/uploads\/2025\/03\/CLC-Conference-Graphic_2025-2048x523.png 2048w\" sizes=\"(max-width: 1024px) 100vw, 1024px\" \/>\t\t\t\t\t\t\t\t\t\t\t\t\t\t\t<\/div>\n\t\t\t\t<\/div>\n\t\t\t\t<div class=\"elementor-element elementor-element-151ee71 elementor-widget elementor-widget-text-editor\" data-id=\"151ee71\" data-element_type=\"widget\" data-e-type=\"widget\" data-widget_type=\"text-editor.default\">\n\t\t\t\t<div class=\"elementor-widget-container\">\n\t\t\t\t\t\t\t\t\t<p>Merci \u00e0 toutes celles et tous ceux qui ont particip\u00e9 \u00e0 la Conf\u00e9rence du leadership du comit\u00e9 2025. Nous avons appr\u00e9ci\u00e9 votre participation et nous esp\u00e9rons vous revoir \u00e0 l\u2019avenir.<\/p>\n<h3>R\u00e9servez la date<\/h3>\n<p>La Conf\u00e9rence du leadership du comit\u00e9 aura lieu le 28 octobre\u00a0 2026. Les inscriptions d\u00e9buteront \u00e0 la fin du printemps.<\/p>\n\t\t\t\t\t\t\t\t<\/div>\n\t\t\t\t<\/div>\n\t\t\t\t<div class=\"elementor-element elementor-element-fc1cf00 elementor-align-justify elementor-widget elementor-widget-button\" data-id=\"fc1cf00\" data-element_type=\"widget\" data-e-type=\"widget\" data-widget_type=\"button.default\">\n\t\t\t\t<div class=\"elementor-widget-container\">\n\t\t\t\t\t\t\t\t\t<div class=\"elementor-button-wrapper\">\n\t\t\t\t\t<a class=\"elementor-button elementor-size-sm\" role=\"button\">\n\t\t\t\t\t\t<span class=\"elementor-button-content-wrapper\">\n\t\t\t\t\t\t\t\t\t<span class=\"elementor-button-text\">Information \u00e0 venir pour 2026<\/span>\n\t\t\t\t\t<\/span>\n\t\t\t\t\t<\/a>\n\t\t\t\t<\/div>\n\t\t\t\t\t\t\t\t<\/div>\n\t\t\t\t<\/div>\n\t\t\t\t<div class=\"elementor-element elementor-element-16ca9b4e elementor-widget__width-initial elementor-widget elementor-widget-text-editor\" data-id=\"16ca9b4e\" data-element_type=\"widget\" data-e-type=\"widget\" data-widget_type=\"text-editor.default\">\n\t\t\t\t<div class=\"elementor-widget-container\">\n\t\t\t\t\t\t\t\t\t<p>Faites la rencontre de responsables de la s\u00e9curit\u00e9 de partout dans la province dans le cadre de la conf\u00e9rence annuelle du leadership du comit\u00e9 de SAIN et SAUF au travail Manitoba. Affichant r\u00e9guli\u00e8rement complet, cet \u00e9v\u00e9nement r\u00e9unit un \u00e9ventail de conf\u00e9renciers qui vous inspireront \u00e0 mettre en \u0153uvre des meilleures pratiques en s\u00e9curit\u00e9 et hygi\u00e8ne du travail et vous donneront des id\u00e9es pour rendre votre milieu de travail plus s\u00e9curitaire.<\/p>\n\t\t\t\t\t\t\t\t<\/div>\n\t\t\t\t<\/div>\n\t\t\t\t<div class=\"elementor-element elementor-element-3b7eeff elementor-widget elementor-widget-st-download-list\" data-id=\"3b7eeff\" data-element_type=\"widget\" data-e-type=\"widget\" data-widget_type=\"st-download-list.default\">\n\t\t\t\t<div class=\"elementor-widget-container\">\n\t\t\t\t\t<div class=\"c-downloadList c-downloadList--list\"><div class=\"c-downloadList__list\"><div class=\"c-downloadList__itemWrap\"><a class=\"c-downloadList__item\" href=\"\" ><div class=\"c-downloadList__itemText\"><span >Ordre du jour de la conf\u00e9rence (\u00e0 venir)<\/span><div class=\"c-downloadList__itemDescription\"><span ><\/span><\/div><\/div><span class=\"c-downloadList__itemBtn\"><span class=\"g-icon--download\"><\/span> T\u00e9l\u00e9charger<\/span><\/a><\/div><div class=\"c-downloadList__itemWrap\"><a class=\"c-downloadList__item\" href=\"\" ><div class=\"c-downloadList__itemText\"><span >Descriptions des s\u00e9ances (\u00e0 venir)<\/span><div class=\"c-downloadList__itemDescription\"><span ><\/span><\/div><\/div><span class=\"c-downloadList__itemBtn\"><span class=\"g-icon--download\"><\/span> T\u00e9l\u00e9charger<\/span><\/a><\/div><\/div><\/div>\t\t\t\t<\/div>\n\t\t\t\t<\/div>\n\t\t\t\t<div class=\"elementor-element elementor-element-9db949d elementor-widget__width-initial elementor-widget elementor-widget-text-editor\" data-id=\"9db949d\" data-element_type=\"widget\" data-e-type=\"widget\" data-widget_type=\"text-editor.default\">\n\t\t\t\t<div class=\"elementor-widget-container\">\n\t\t\t\t\t\t\t\t\t<h3><strong>Prix de la conf\u00e9rence<\/strong><\/h3>\n<p>Tarif de groupe de six ou plus\u00a0: <strong>225\u00a0$<\/strong><br \/>Tarif individuel\u00a0: <strong>275\u00a0$<\/strong><\/p>\n\t\t\t\t\t\t\t\t<\/div>\n\t\t\t\t<\/div>\n\t\t\t\t<div class=\"elementor-element elementor-element-1f17b48 elementor-widget-divider--view-line elementor-widget elementor-widget-divider\" data-id=\"1f17b48\" data-element_type=\"widget\" data-e-type=\"widget\" data-widget_type=\"divider.default\">\n\t\t\t\t<div class=\"elementor-widget-container\">\n\t\t\t\t\t\t\t<div class=\"elementor-divider\">\n\t\t\t<span class=\"elementor-divider-separator\">\n\t\t\t\t\t\t<\/span>\n\t\t<\/div>\n\t\t\t\t\t\t<\/div>\n\t\t\t\t<\/div>\n\t\t\t\t<div class=\"elementor-element elementor-element-9585995 elementor-widget__width-initial elementor-widget elementor-widget-text-editor\" data-id=\"9585995\" data-element_type=\"widget\" data-e-type=\"widget\" data-widget_type=\"text-editor.default\">\n\t\t\t\t<div class=\"elementor-widget-container\">\n\t\t\t\t\t\t\t\t\t<h2><strong>D\u00e9couvrez les conf\u00e9renciers et conf\u00e9renci\u00e8res 2025<\/strong><\/h2>\n\t\t\t\t\t\t\t\t<\/div>\n\t\t\t\t<\/div>\n\t\t\t\t<div class=\"elementor-element elementor-element-757230d elementor-widget elementor-widget-spacer\" data-id=\"757230d\" data-element_type=\"widget\" data-e-type=\"widget\" data-widget_type=\"spacer.default\">\n\t\t\t\t<div class=\"elementor-widget-container\">\n\t\t\t\t\t\t\t<div class=\"elementor-spacer\">\n\t\t\t<div class=\"elementor-spacer-inner\"><\/div>\n\t\t<\/div>\n\t\t\t\t\t\t<\/div>\n\t\t\t\t<\/div>\n\t\t\t\t<div class=\"elementor-element elementor-element-42d3a0a elementor-widget elementor-widget-text-editor\" data-id=\"42d3a0a\" data-element_type=\"widget\" data-e-type=\"widget\" data-widget_type=\"text-editor.default\">\n\t\t\t\t<div class=\"elementor-widget-container\">\n\t\t\t\t\t\t\t\t\t<h3><strong>Tina Varughese<\/strong><\/h3>\n\t\t\t\t\t\t\t\t<\/div>\n\t\t\t\t<\/div>\n\t\t\t\t<div class=\"elementor-element elementor-element-61f5b8d elementor-widget elementor-widget-image\" data-id=\"61f5b8d\" data-element_type=\"widget\" data-e-type=\"widget\" data-widget_type=\"image.default\">\n\t\t\t\t<div class=\"elementor-widget-container\">\n\t\t\t\t\t\t\t\t\t\t\t\t\t\t\t<img decoding=\"async\" width=\"681\" height=\"1024\" src=\"\/wp-content\/uploads\/2025\/06\/thumbnail_Tina-Varughese-speaker-photo-24-681x1024.jpg\" class=\"attachment-large size-large wp-image-20399\" alt=\"\" srcset=\"\/wp-content\/uploads\/2025\/06\/thumbnail_Tina-Varughese-speaker-photo-24-681x1024.jpg 681w, \/wp-content\/uploads\/2025\/06\/thumbnail_Tina-Varughese-speaker-photo-24-200x300.jpg 200w, \/wp-content\/uploads\/2025\/06\/thumbnail_Tina-Varughese-speaker-photo-24-768x1154.jpg 768w, \/wp-content\/uploads\/2025\/06\/thumbnail_Tina-Varughese-speaker-photo-24-1022x1536.jpg 1022w, \/wp-content\/uploads\/2025\/06\/thumbnail_Tina-Varughese-speaker-photo-24-1363x2048.jpg 1363w, \/wp-content\/uploads\/2025\/06\/thumbnail_Tina-Varughese-speaker-photo-24-scaled.jpg 1704w\" sizes=\"(max-width: 681px) 100vw, 681px\" \/>\t\t\t\t\t\t\t\t\t\t\t\t\t\t\t<\/div>\n\t\t\t\t<\/div>\n\t\t\t\t<div class=\"elementor-element elementor-element-a79eda2 elementor-widget elementor-widget-text-editor\" data-id=\"a79eda2\" data-element_type=\"widget\" data-e-type=\"widget\" data-widget_type=\"text-editor.default\">\n\t\t\t\t<div class=\"elementor-widget-container\">\n\t\t\t\t\t\t\t\t\t<p>Experte mondiale en rapports humains et auteure \u00e0 succ\u00e8s, Tina Varughese\u00a0inspire les auditoires par son sens de l\u2019humour, son humilit\u00e9 et son humanit\u00e9. Elle transforme les milieux de travail afin de favoriser des environnements o\u00f9 les employ\u00e9s se sentent habilit\u00e9s \u00e0 partager leurs id\u00e9es, \u00e0 poser des questions, \u00e0 prendre des risques et \u00e0 communiquer ouvertement sans crainte de jugement ou de repr\u00e9sailles. Gr\u00e2ce \u00e0 ses outils et techniques \u00e9prouv\u00e9es, Tina aide les organisations \u00e0 forger des cultures ax\u00e9es sur la collaboration, la curiosit\u00e9 et la compassion, tout en demeurant adaptatives, agiles et authentiques pour ouvrir la voie au changement significatif.<\/p>\n<p>Tina est l\u2019auteure du livre \u00e0 succ\u00e8s, 50 Shades of Beige\u00a0: Building Bridges While Breaking Bias. Son travail a \u00e9t\u00e9 mis de l\u2019avant dans le Globe and Mail, le Toronto Star, CBC Eyeopener et HR Reporter. Nomm\u00e9e au palmar\u00e8s des dix conf\u00e9renciers les plus remarquables d\u2019Ignite Magazine, Tina compte parmi ses clients Pfizer, Carnival Cruises, Hockey Canada, Kraft-Heinz, 3M et Million Dollar Roundtable. Elle a aussi si\u00e9g\u00e9 au Future of Canada Council de l\u2019Universit\u00e9\u00a0McMaster, en plus d\u2019\u00eatre pr\u00e9sidente sortante de la Canadian Association of Professional Speakers (Alberta).<\/p>\n<p>Ses pr\u00e9sentations uniques, interactives, dynamiques et divertissantes s\u2019appuient sur son exp\u00e9rience approfondie \u00e0 la direction du bureau de l\u2019immigration de l\u2019Alberta et \u00e0 la t\u00eate de sa propre entreprise fructueuse, sp\u00e9cialis\u00e9e en d\u00e9localisation et en r\u00e9installation. Ses conf\u00e9rences pratiques, tactiques et hilarantes portent \u00e0 la r\u00e9flexion et inspirent aux participants d\u2019adopter un comportement, des actions et une communication intentionnels.<\/p>\n<p>M\u00e8re de deux enfants, partenaire de vie exceptionnelle et amie d\u2019un grand nombre, Tina encourage tout le monde \u00e0 aspirer \u00e0 un avenir meilleur, aujourd\u2019hui.<\/p>\n\t\t\t\t\t\t\t\t<\/div>\n\t\t\t\t<\/div>\n\t\t\t\t<div class=\"elementor-element elementor-element-a205923 elementor-widget elementor-widget-text-editor\" data-id=\"a205923\" data-element_type=\"widget\" data-e-type=\"widget\" data-widget_type=\"text-editor.default\">\n\t\t\t\t<div class=\"elementor-widget-container\">\n\t\t\t\t\t\t\t\t\t<h3><strong>Hal Johnson et Joanne McLeod<\/strong><\/h3>\n\t\t\t\t\t\t\t\t<\/div>\n\t\t\t\t<\/div>\n\t\t\t\t<div class=\"elementor-element elementor-element-272fbc1 elementor-widget elementor-widget-image\" data-id=\"272fbc1\" data-element_type=\"widget\" data-e-type=\"widget\" data-widget_type=\"image.default\">\n\t\t\t\t<div class=\"elementor-widget-container\">\n\t\t\t\t\t\t\t\t\t\t\t\t\t\t\t<img decoding=\"async\" width=\"893\" height=\"1024\" src=\"\/wp-content\/uploads\/2025\/05\/Hal-Johnson-and-Joanne-McLeod_CLC-Keynote-Speakers-893x1024.jpg\" class=\"attachment-large size-large wp-image-20398\" alt=\"\" srcset=\"\/wp-content\/uploads\/2025\/05\/Hal-Johnson-and-Joanne-McLeod_CLC-Keynote-Speakers-893x1024.jpg 893w, \/wp-content\/uploads\/2025\/05\/Hal-Johnson-and-Joanne-McLeod_CLC-Keynote-Speakers-262x300.jpg 262w, \/wp-content\/uploads\/2025\/05\/Hal-Johnson-and-Joanne-McLeod_CLC-Keynote-Speakers-768x881.jpg 768w, \/wp-content\/uploads\/2025\/05\/Hal-Johnson-and-Joanne-McLeod_CLC-Keynote-Speakers-1339x1536.jpg 1339w, \/wp-content\/uploads\/2025\/05\/Hal-Johnson-and-Joanne-McLeod_CLC-Keynote-Speakers-1785x2048.jpg 1785w, \/wp-content\/uploads\/2025\/05\/Hal-Johnson-and-Joanne-McLeod_CLC-Keynote-Speakers.jpg 2026w\" sizes=\"(max-width: 893px) 100vw, 893px\" \/>\t\t\t\t\t\t\t\t\t\t\t\t\t\t\t<\/div>\n\t\t\t\t<\/div>\n\t\t\t\t<div class=\"elementor-element elementor-element-3b11dfb elementor-widget elementor-widget-text-editor\" data-id=\"3b11dfb\" data-element_type=\"widget\" data-e-type=\"widget\" data-widget_type=\"text-editor.default\">\n\t\t\t\t<div class=\"elementor-widget-container\">\n\t\t\t\t\t\t\t\t\t<p>Hal et Joanne insufflent leur approche passionn\u00e9e et dynamique d\u2019une vie saine dans toutes leurs pr\u00e9sentations! Un lien instantan\u00e9 se cr\u00e9e entre Hal et Joanne et les participants qui sont nombreux \u00e0 les avoir regard\u00e9s \u00e0 la t\u00e9l\u00e9 quand ils \u00e9taient jeunes. Ils repartent de la conf\u00e9rence inspir\u00e9s, motiv\u00e9s et outill\u00e9s pour mettre en application des mesures imm\u00e9diates qui influenceront positivement leur sant\u00e9 et leur attitude. En retour, ceci les aide \u00e0 s\u2019\u00e9panouir dans leur vie personnelle et leur carri\u00e8re.<\/p>\n<p>Pour souligner 25\u00a0ans \u00e0 c\u00e9l\u00e9brer un mode de vie sain, le travail d\u2019\u00e9quipe et la positivit\u00e9, le duo a particip\u00e9 \u00e0 la comp\u00e9tition Amazing Race Canada sur les ondes de CTV sous le nom d\u2019\u00c9quipe BodyBreak. Ils formaient l\u2019une des neuf \u00e9quipes mises au d\u00e9fi sur le plan physique et mental dans une course partout au Canada. Pourquoi Hal et Joanne? John Brunton, producteur d\u00e9l\u00e9gu\u00e9 d\u2019Amazing Race Canada, affirme que le duo est \u00ab\u00a0sp\u00e9cial\u00a0\u00bb et \u00ab\u00a0unique\u00a0\u00bb. Ils ont aussi pris part avec plaisir \u00e0 un large \u00e9ventail d\u2019\u00e9v\u00e9nements sp\u00e9ciaux ou organis\u00e9s par des entreprises ou des universit\u00e9s, notamment \u00e0 titre de grands mar\u00e9chaux de l\u2019Oktoberfest Parade, d\u2019animateurs de la zone r\u00e9serv\u00e9e aux familles de la Coupe Grey \u00e0 Regina, de meneurs d\u2019une marche pour la Journ\u00e9e mondiale du c\u0153ur, pour c\u00e9l\u00e9brer la f\u00eate du Canada sur une croisi\u00e8re avec des amateurs de Radio Indie88 ou pour participer \u00e0 la Soul Food Fair de l\u2019Universit\u00e9 McMaster.<\/p>\n<p>La passion de Hal pour le baseball l\u2019a aid\u00e9 \u00e0 d\u00e9crocher une bourse d\u2019\u00e9tudes \u00e0 l\u2019Universit\u00e9 du Colorado. Il a plus tard repr\u00e9sent\u00e9 le Canada aux championnats mondiaux de baseball du Japon en 1982. Apr\u00e8s avoir obtenu son dipl\u00f4me en gestion des affaires, il a occup\u00e9 plusieurs postes au Canada et aux \u00c9tats-Unis. En plus de sa carri\u00e8re couronn\u00e9e de succ\u00e8s en baseball et en affaires, son exp\u00e9rience approfondie en ventes et son enthousiasme pour la forme physique ont men\u00e9 au lancement et \u00e0 la long\u00e9vit\u00e9 de BodyBreak. Dans ses temps libres, Hal s\u2019adonne au golf, au hockey et \u00e0 la marche sur son tapis roulant.<\/p>\n<p>Joanne \u00e9tait membre de l\u2019\u00e9quipe canadienne d\u2019athl\u00e9tisme, sacr\u00e9e championne de la course de haies quatre fois \u00e0 l\u2019\u00e9chelle nationale et sept fois au niveau provincial. Elle a \u00e9galement repr\u00e9sent\u00e9 le Canada \u00e0 plusieurs comp\u00e9titions internationales comme la Coupe du monde, les Jeux du Commonwealth et les Jeux de la Conf\u00e9rence du Pacifique. Son exp\u00e9rience en affaires et en sant\u00e9 dans le secteur de l\u2019assurance a contribu\u00e9 au succ\u00e8s de BodyBreak. Dans ses temps libres, Joanne affectionne la course en sentier, le cyclisme et le golf.<\/p>\n\t\t\t\t\t\t\t\t<\/div>\n\t\t\t\t<\/div>\n\t\t\t\t<div class=\"elementor-element elementor-element-6b4e1da elementor-widget-divider--view-line elementor-widget elementor-widget-divider\" data-id=\"6b4e1da\" data-element_type=\"widget\" data-e-type=\"widget\" data-widget_type=\"divider.default\">\n\t\t\t\t<div class=\"elementor-widget-container\">\n\t\t\t\t\t\t\t<div class=\"elementor-divider\">\n\t\t\t<span class=\"elementor-divider-separator\">\n\t\t\t\t\t\t<\/span>\n\t\t<\/div>\n\t\t\t\t\t\t<\/div>\n\t\t\t\t<\/div>\n\t\t\t\t<div class=\"elementor-element elementor-element-c2d8a81 elementor-widget__width-initial elementor-widget elementor-widget-text-editor\" data-id=\"c2d8a81\" data-element_type=\"widget\" data-e-type=\"widget\" data-widget_type=\"text-editor.default\">\n\t\t\t\t<div class=\"elementor-widget-container\">\n\t\t\t\t\t\t\t\t\t<h2><strong>H\u00e9bergement \u00e0 l\u2019h\u00f4tel<\/strong><\/h2>\n<p>Le Victoria Inn Hotel &amp; Convention Centre offre un taux privil\u00e9gi\u00e9 aux participants \u00e0 la conf\u00e9rence de <strong>155\u00a0$ par nuit<\/strong>. Pour faire une r\u00e9servation, communiquez avec l\u2019h\u00f4tel au <strong>204-786-4801<\/strong> et mentionnez <strong>SAIN et SAUF au travail Manitoba ou le num\u00e9ro de groupe 339030<\/strong>. Le taux privil\u00e9gi\u00e9 est seulement disponible jusqu\u2019au <strong>5\u00a0octobre 2025.\u00a0<\/strong><\/p>\n\t\t\t\t\t\t\t\t<\/div>\n\t\t\t\t<\/div>\n\t\t<div class=\"elementor-element elementor-element-c4752f3 e-con-full e-flex e-con e-child\" data-id=\"c4752f3\" data-element_type=\"container\" data-e-type=\"container\">\n\t\t\t\t<\/div>\n\t\t\t\t<\/div>\n\t\t<div class=\"elementor-element elementor-element-7b6b0758 e-con-full e-flex e-con e-child\" data-id=\"7b6b0758\" data-element_type=\"container\" data-e-type=\"container\" data-settings=\"{&quot;background_background&quot;:&quot;classic&quot;}\">\n\t\t\t\t<div class=\"elementor-element elementor-element-3d978ca2 elementor-widget elementor-widget-st-link-list\" data-id=\"3d978ca2\" data-element_type=\"widget\" data-e-type=\"widget\" data-widget_type=\"st-link-list.default\">\n\t\t\t\t<div class=\"elementor-widget-container\">\n\t\t\t\t\t<div class=\"c-linkList c-linkList--default c-linkList--default\"><h2 class=\"c-linkList__title\"><span >Liens connexes<\/span><\/h2><div class=\"c-linkList__list\"><\/div><\/div>\t\t\t\t<\/div>\n\t\t\t\t<\/div>\n\t\t\t\t<\/div>\n\t\t\t\t\t<\/div>\n\t\t\t\t<\/div>\n\t\t<div class=\"elementor-element elementor-element-a97533a e-flex e-con-boxed e-con e-parent\" data-id=\"a97533a\" data-element_type=\"container\" data-e-type=\"container\">\n\t\t\t\t\t<div class=\"e-con-inner\">\n\t\t\t\t<div class=\"elementor-element elementor-element-04424c8 elementor-widget elementor-widget-spacer\" data-id=\"04424c8\" data-element_type=\"widget\" data-e-type=\"widget\" data-widget_type=\"spacer.default\">\n\t\t\t\t<div class=\"elementor-widget-container\">\n\t\t\t\t\t\t\t<div class=\"elementor-spacer\">\n\t\t\t<div class=\"elementor-spacer-inner\"><\/div>\n\t\t<\/div>\n\t\t\t\t\t\t<\/div>\n\t\t\t\t<\/div>\n\t\t\t\t\t<\/div>\n\t\t\t\t<\/div>\n\t\t\t\t<\/div>\n\t\t","protected":false},"excerpt":{"rendered":"<p>Merci \u00e0 toutes celles et tous ceux qui ont particip\u00e9 \u00e0 la Conf\u00e9rence du leadership du comit\u00e9 2025. Nous avons appr\u00e9ci\u00e9 votre participation et nous esp\u00e9rons vous revoir \u00e0 l\u2019avenir. R\u00e9servez la date La Conf\u00e9rence du leadership du comit\u00e9 aura lieu le 28 octobre\u00a0 2026. Les inscriptions d\u00e9buteront \u00e0 la fin du printemps. Information \u00e0 [&hellip;]<\/p>\n","protected":false},"author":1,"featured_media":0,"parent":21786,"menu_order":0,"comment_status":"closed","ping_status":"closed","template":"","meta":{"_acf_changed":false,"footnotes":""},"tags":[],"class_list":["post-20395","page","type-page","status-publish","hentry"],"acf":[],"_links":{"self":[{"href":"https:\/\/www.wcb.mb.ca\/fr\/wp-json\/wp\/v2\/pages\/20395","targetHints":{"allow":["GET"]}}],"collection":[{"href":"https:\/\/www.wcb.mb.ca\/fr\/wp-json\/wp\/v2\/pages"}],"about":[{"href":"https:\/\/www.wcb.mb.ca\/fr\/wp-json\/wp\/v2\/types\/page"}],"author":[{"embeddable":true,"href":"https:\/\/www.wcb.mb.ca\/fr\/wp-json\/wp\/v2\/users\/1"}],"replies":[{"embeddable":true,"href":"https:\/\/www.wcb.mb.ca\/fr\/wp-json\/wp\/v2\/comments?post=20395"}],"version-history":[{"count":3,"href":"https:\/\/www.wcb.mb.ca\/fr\/wp-json\/wp\/v2\/pages\/20395\/revisions"}],"predecessor-version":[{"id":23498,"href":"https:\/\/www.wcb.mb.ca\/fr\/wp-json\/wp\/v2\/pages\/20395\/revisions\/23498"}],"up":[{"embeddable":true,"href":"https:\/\/www.wcb.mb.ca\/fr\/wp-json\/wp\/v2\/pages\/21786"}],"wp:attachment":[{"href":"https:\/\/www.wcb.mb.ca\/fr\/wp-json\/wp\/v2\/media?parent=20395"}],"wp:term":[{"taxonomy":"post_tag","embeddable":true,"href":"https:\/\/www.wcb.mb.ca\/fr\/wp-json\/wp\/v2\/tags?post=20395"}],"curies":[{"name":"wp","href":"https:\/\/api.w.org\/{rel}","templated":true}]}}