{"id":20381,"date":"2025-02-28T15:55:25","date_gmt":"2025-02-28T20:55:25","guid":{"rendered":"https:\/\/www.wcb.mb.ca\/?page_id=20381"},"modified":"2026-01-15T12:19:50","modified_gmt":"2026-01-15T17:19:50","slug":"comites-de-la-securite-et-de-la-sante-au-travail","status":"publish","type":"page","link":"https:\/\/www.wcb.mb.ca\/fr\/sain-et-sauf-au-travail-manitoba\/comites-de-la-securite-et-de-la-sante-au-travail\/","title":{"rendered":"Comit\u00e9s de la s\u00e9curit\u00e9 et de la sant\u00e9 au travail"},"content":{"rendered":"\t\t<div data-elementor-type=\"wp-page\" data-elementor-id=\"20381\" class=\"elementor elementor-20381 elementor-8013\" data-elementor-post-type=\"page\">\n\t\t\t\t<div class=\"elementor-element elementor-element-48c28f2 e-flex e-con-boxed e-con e-parent\" data-id=\"48c28f2\" data-element_type=\"container\" data-e-type=\"container\">\n\t\t\t\t\t<div class=\"e-con-inner\">\n\t\t\t\t<div class=\"elementor-element elementor-element-f6c3134 elementor-widget elementor-widget-st-header-image\" data-id=\"f6c3134\" data-element_type=\"widget\" data-e-type=\"widget\" data-widget_type=\"st-header-image.default\">\n\t\t\t\t<div class=\"elementor-widget-container\">\n\t\t\t\t\t<div class=\"c-headerImage g-layout__padding c-headerImage--noImage\"><div class=\"c-headerImage__container g-layout__maxWidth\"><div class=\"c-headerImage__content\"><div ><h1>Comit\u00e9s de la s\u00e9curit\u00e9 et de la sant\u00e9 au travail<\/h1><\/div><\/div><\/div><\/div>\t\t\t\t<\/div>\n\t\t\t\t<\/div>\n\t\t\t\t\t<\/div>\n\t\t\t\t<\/div>\n\t\t<div class=\"elementor-element elementor-element-4fbeae98 e-grid e-con-boxed e-con e-parent\" data-id=\"4fbeae98\" data-element_type=\"container\" data-e-type=\"container\">\n\t\t\t\t\t<div class=\"e-con-inner\">\n\t\t<div class=\"elementor-element elementor-element-4d81099d e-con-full e-flex e-con e-child\" data-id=\"4d81099d\" data-element_type=\"container\" data-e-type=\"container\">\n\t\t\t\t<div class=\"elementor-element elementor-element-6ff8e9f1 elementor-widget__width-initial elementor-widget elementor-widget-text-editor\" data-id=\"6ff8e9f1\" data-element_type=\"widget\" data-e-type=\"widget\" data-widget_type=\"text-editor.default\">\n\t\t\t\t<div class=\"elementor-widget-container\">\n\t\t\t\t\t\t\t\t\t<p>En vertu de la <em>Loi sur la s\u00e9curit\u00e9 et l\u2019hygi\u00e8ne du travail et le R\u00e8glement sur la s\u00e9curit\u00e9 et la sant\u00e9 au travail<\/em> du Manitoba, les employeurs comptant 20\u00a0employ\u00e9s ou plus sont tenus de mettre sur pied un comit\u00e9 de la s\u00e9curit\u00e9 et de la sant\u00e9 au travail. Un d\u00e9l\u00e9gu\u00e9 \u00e0 la s\u00e9curit\u00e9 et \u00e0 la sant\u00e9 des travailleurs est requis pour les employeurs comptant de 5 \u00e0 19\u00a0employ\u00e9s.&nbsp;&nbsp;<br \/>&nbsp;<br \/>Le r\u00f4le principal du comit\u00e9 de la s\u00e9curit\u00e9 et de la sant\u00e9 au travail est de travailler de pair avec l\u2019employeur afin de pr\u00e9venir les blessures en milieu de travail. Les comit\u00e9s agissent aussi \u00e0 titre de liaison entre les travailleurs et la direction sur les questions de sant\u00e9 et de s\u00e9curit\u00e9 en milieu de travail, formulent des recommandations \u00e0 la direction pour am\u00e9liorer la sant\u00e9 et la s\u00e9curit\u00e9 au travail et contribuent \u00e0 pr\u00e9venir les blessures et les maladies professionnelles dans le milieu de travail ou sur le chantier. Un d\u00e9l\u00e9gu\u00e9 \u00e0 la s\u00e9curit\u00e9 et \u00e0 la sant\u00e9 des travailleurs remplit un bon nombre des m\u00eames fonctions que celles d\u2019un comit\u00e9.&nbsp;<\/p>\n\t\t\t\t\t\t\t\t<\/div>\n\t\t\t\t<\/div>\n\t\t\t\t<div class=\"elementor-element elementor-element-57b63d0 elementor-widget elementor-widget-st-image-box-list\" data-id=\"57b63d0\" data-element_type=\"widget\" data-e-type=\"widget\" data-widget_type=\"st-image-box-list.default\">\n\t\t\t\t<div class=\"elementor-widget-container\">\n\t\t\t\t\t<div class=\"c-imageBoxList c-imageBoxList--2 c-imageBoxList--center c-imageBoxList--default c-imageBoxList--imageCover\"><div class=\"c-imageBoxList__item\"><img fetchpriority=\"high\" decoding=\"async\" width=\"522\" height=\"348\" src=\"https:\/\/www.wcb.mb.ca\/uploads\/2025\/02\/Manufacturing_MaleAndFemaleCollaboratingInWarehouse_2024.jpg\" class=\"c-imageBoxList__itemImage\" alt=\"Employeurs\" srcset=\"https:\/\/www.wcb.mb.ca\/uploads\/2025\/02\/Manufacturing_MaleAndFemaleCollaboratingInWarehouse_2024.jpg 522w, https:\/\/www.wcb.mb.ca\/uploads\/2025\/02\/Manufacturing_MaleAndFemaleCollaboratingInWarehouse_2024-300x200.jpg 300w\" sizes=\"(max-width: 522px) 100vw, 522px\" \/><div class=\"c-imageBoxList__itemContent\"><div class=\"c-imageBoxList__itemTitle\"><span >Employeurs<\/span><\/div><div class=\"c-imageBoxList__itemDescription\"><span >Il est important de reconna\u00eetre que, m\u00eame si ces responsabilit\u00e9s incombent aux comit\u00e9s, l\u2019employeur est ultimement responsable de la sant\u00e9 et de la s\u00e9curit\u00e9 en milieu de travail.<\/span><\/div><\/div><a class=\"c-imageBoxList__itemBtn g-btn\" href=\"\/fr\/sain-et-sauf-au-travail-manitoba\/comites-de-la-securite-et-de-la-sante-au-travail\/employeurs\/\" aria-label=\"Apprenez-en plus Employeurs\"href=\"\/fr\/sain-et-sauf-au-travail-manitoba\/comites-de-la-securite-et-de-la-sante-au-travail\/employeurs\/\"><span >Apprenez-en plus<\/span><\/a><\/div><div class=\"c-imageBoxList__item\"><img decoding=\"async\" width=\"522\" height=\"348\" src=\"https:\/\/www.wcb.mb.ca\/uploads\/2025\/02\/Construction_WomenShakingHands_2024.jpg\" class=\"c-imageBoxList__itemImage\" alt=\"Mise sur pied d\u2019un comit\u00e9 de la s\u00e9curit\u00e9 et de la sant\u00e9 au travail\" srcset=\"https:\/\/www.wcb.mb.ca\/uploads\/2025\/02\/Construction_WomenShakingHands_2024.jpg 522w, https:\/\/www.wcb.mb.ca\/uploads\/2025\/02\/Construction_WomenShakingHands_2024-300x200.jpg 300w\" sizes=\"(max-width: 522px) 100vw, 522px\" \/><div class=\"c-imageBoxList__itemContent\"><div class=\"c-imageBoxList__itemTitle\"><span >Mise sur pied d\u2019un comit\u00e9 de la s\u00e9curit\u00e9 et de la sant\u00e9 au travail<\/span><\/div><div class=\"c-imageBoxList__itemDescription\"><span >D\u00e9couvrez les notions de base de la mise sur pied d\u2019un comit\u00e9 de la s\u00e9curit\u00e9 et de la sant\u00e9, ainsi que la formation disponible.<\/span><\/div><\/div><a class=\"c-imageBoxList__itemBtn g-btn\" href=\"\/fr\/sain-et-sauf-au-travail-manitoba\/comites-de-la-securite-et-de-la-sante-au-travail\/mise-sur-pied-dun-comite-de-la-securite-et-de-la-sante-au-travail\/\" aria-label=\"Apprenez-en plus Mise sur pied d\u2019un comit\u00e9 de la s\u00e9curit\u00e9 et de la sant\u00e9 au travail\"href=\"\/fr\/sain-et-sauf-au-travail-manitoba\/comites-de-la-securite-et-de-la-sante-au-travail\/mise-sur-pied-dun-comite-de-la-securite-et-de-la-sante-au-travail\/\"><span >Apprenez-en plus<\/span><\/a><\/div><div class=\"c-imageBoxList__item\"><img decoding=\"async\" width=\"522\" height=\"294\" src=\"https:\/\/www.wcb.mb.ca\/uploads\/2025\/04\/Manufacturing_BusinessMaleSpeakingtomaninYellowSafetyVest_2025.jpg\" class=\"c-imageBoxList__itemImage\" alt=\"Inspections et enqu\u00eates\" srcset=\"https:\/\/www.wcb.mb.ca\/uploads\/2025\/04\/Manufacturing_BusinessMaleSpeakingtomaninYellowSafetyVest_2025.jpg 522w, https:\/\/www.wcb.mb.ca\/uploads\/2025\/04\/Manufacturing_BusinessMaleSpeakingtomaninYellowSafetyVest_2025-300x169.jpg 300w\" sizes=\"(max-width: 522px) 100vw, 522px\" \/><div class=\"c-imageBoxList__itemContent\"><div class=\"c-imageBoxList__itemTitle\"><span >Inspections et enqu\u00eates<\/span><\/div><div class=\"c-imageBoxList__itemDescription\"><span >Un comit\u00e9 de la s\u00e9curit\u00e9 et de la sant\u00e9 au travail a des responsabilit\u00e9s en mati\u00e8re d\u2019inspection et d\u2019enqu\u00eate sur les incidents.<\/span><\/div><\/div><a class=\"c-imageBoxList__itemBtn g-btn\" href=\"\/fr\/sain-et-sauf-au-travail-manitoba\/comites-de-la-securite-et-de-la-sante-au-travail\/inspections-et-enquetes\/\" aria-label=\"Apprenez-en plus Inspections et enqu\u00eates\"href=\"\/fr\/sain-et-sauf-au-travail-manitoba\/comites-de-la-securite-et-de-la-sante-au-travail\/inspections-et-enquetes\/\"><span >Apprenez-en plus<\/span><\/a><\/div><div class=\"c-imageBoxList__item\"><img loading=\"lazy\" decoding=\"async\" width=\"522\" height=\"348\" src=\"https:\/\/www.wcb.mb.ca\/uploads\/2025\/02\/SafetySwap-Logo-Block.jpg\" class=\"c-imageBoxList__itemImage\" alt=\"\u00c9change sur la s\u00e9curit\u00e9\" srcset=\"https:\/\/www.wcb.mb.ca\/uploads\/2025\/02\/SafetySwap-Logo-Block.jpg 522w, https:\/\/www.wcb.mb.ca\/uploads\/2025\/02\/SafetySwap-Logo-Block-300x200.jpg 300w\" sizes=\"(max-width: 522px) 100vw, 522px\" \/><div class=\"c-imageBoxList__itemContent\"><div class=\"c-imageBoxList__itemTitle\"><span >\u00c9change sur la s\u00e9curit\u00e9<\/span><\/div><div class=\"c-imageBoxList__itemDescription\"><span >Partagez de nouveaux renseignements fournis par des experts sur des sujets de sant\u00e9 et de s\u00e9curit\u00e9 lors des r\u00e9unions du comit\u00e9.<\/span><\/div><\/div><a class=\"c-imageBoxList__itemBtn g-btn\" href=\"\/fr\/sain-et-sauf-au-travail-manitoba\/echange-sur-la-securite\/\" aria-label=\"Apprenez-en plus \u00c9change sur la s\u00e9curit\u00e9\"href=\"\/fr\/sain-et-sauf-au-travail-manitoba\/echange-sur-la-securite\/\"><span >Apprenez-en plus<\/span><\/a><\/div><\/div>\t\t\t\t<\/div>\n\t\t\t\t<\/div>\n\t\t\t\t<\/div>\n\t\t<div class=\"elementor-element elementor-element-6c7b2385 e-con-full e-flex e-con e-child\" data-id=\"6c7b2385\" data-element_type=\"container\" data-e-type=\"container\" data-settings=\"{&quot;background_background&quot;:&quot;classic&quot;}\">\n\t\t\t\t<div class=\"elementor-element elementor-element-198c66f1 elementor-widget elementor-widget-st-link-list\" data-id=\"198c66f1\" data-element_type=\"widget\" data-e-type=\"widget\" data-widget_type=\"st-link-list.default\">\n\t\t\t\t<div class=\"elementor-widget-container\">\n\t\t\t\t\t<div class=\"c-linkList c-linkList--default c-linkList--default\"><h2 class=\"c-linkList__title\"><span >Liens connexes<\/span><\/h2><div class=\"c-linkList__list\"><div class=\"c-linkList__item\"><a class=\"c-linkList__itemBtn g-btn__arrow--fullWidth\" href=\"https:\/\/www.wcb.mb.ca\/fr\/sain-et-sauf-au-travail-manitoba\/prix-sain-et-sauf-au-travail\/\"><span >Prix SAIN et SAUF au travail<\/span><\/a><\/div><div class=\"c-linkList__item\"><a class=\"c-linkList__itemBtn g-btn__arrow--fullWidth\" href=\"https:\/\/www.wcb.mb.ca\/uploads\/2025\/07\/0598.pdf\" target=\"_blank\"><span >\u00c9tablir un comit\u00e9 de la s\u00e9curit\u00e9 et de la sant\u00e9 au travail<\/span><\/a><\/div><\/div><\/div>\t\t\t\t<\/div>\n\t\t\t\t<\/div>\n\t\t\t\t<div class=\"elementor-element elementor-element-25ee9184 elementor-widget elementor-widget-st-cats\" data-id=\"25ee9184\" data-element_type=\"widget\" data-e-type=\"widget\" data-widget_type=\"st-cats.default\">\n\t\t\t\t<div class=\"elementor-widget-container\">\n\t\t\t\t\t<div class=\"c-ctaList\"><\/div>\t\t\t\t<\/div>\n\t\t\t\t<\/div>\n\t\t\t\t<\/div>\n\t\t\t\t\t<\/div>\n\t\t\t\t<\/div>\n\t\t<div class=\"elementor-element elementor-element-fd8311f e-flex e-con-boxed e-con e-parent\" data-id=\"fd8311f\" data-element_type=\"container\" data-e-type=\"container\">\n\t\t\t\t\t<div class=\"e-con-inner\">\n\t\t\t\t<div class=\"elementor-element elementor-element-b2a3038 elementor-widget__width-initial elementor-widget elementor-widget-text-editor\" data-id=\"b2a3038\" data-element_type=\"widget\" data-e-type=\"widget\" data-widget_type=\"text-editor.default\">\n\t\t\t\t<div class=\"elementor-widget-container\">\n\t\t\t\t\t\t\t\t\t<p><em>Pour obtenir des ressources de SAIN et SAUF au travail Manitoba en format PDF, pri\u00e8re de communiquer avec nous par notre <a href=\"https:\/\/www.wcb.mb.ca\/fr\/coordonnees\/\" target=\"_blank\" rel=\"noopener\">formulaire de contact<\/a>, par clavardage en direct ou par t\u00e9l\u00e9phone au 204-957-SAFE (7223).<\/em><\/p>\t\t\t\t\t\t\t\t<\/div>\n\t\t\t\t<\/div>\n\t\t\t\t\t<\/div>\n\t\t\t\t<\/div>\n\t\t\t\t<\/div>\n\t\t","protected":false},"excerpt":{"rendered":"<p>Comit\u00e9s de la s\u00e9curit\u00e9 et de la sant\u00e9 au travail En vertu de la Loi sur la s\u00e9curit\u00e9 et l\u2019hygi\u00e8ne du travail et le R\u00e8glement sur la s\u00e9curit\u00e9 et la sant\u00e9 au travail du Manitoba, les employeurs comptant 20\u00a0employ\u00e9s ou plus sont tenus de mettre sur pied un comit\u00e9 de la s\u00e9curit\u00e9 et de la [&hellip;]<\/p>\n","protected":false},"author":1,"featured_media":0,"parent":21786,"menu_order":0,"comment_status":"closed","ping_status":"closed","template":"","meta":{"_acf_changed":false,"footnotes":""},"tags":[],"class_list":["post-20381","page","type-page","status-publish","hentry"],"acf":[],"_links":{"self":[{"href":"https:\/\/www.wcb.mb.ca\/fr\/wp-json\/wp\/v2\/pages\/20381","targetHints":{"allow":["GET"]}}],"collection":[{"href":"https:\/\/www.wcb.mb.ca\/fr\/wp-json\/wp\/v2\/pages"}],"about":[{"href":"https:\/\/www.wcb.mb.ca\/fr\/wp-json\/wp\/v2\/types\/page"}],"author":[{"embeddable":true,"href":"https:\/\/www.wcb.mb.ca\/fr\/wp-json\/wp\/v2\/users\/1"}],"replies":[{"embeddable":true,"href":"https:\/\/www.wcb.mb.ca\/fr\/wp-json\/wp\/v2\/comments?post=20381"}],"version-history":[{"count":7,"href":"https:\/\/www.wcb.mb.ca\/fr\/wp-json\/wp\/v2\/pages\/20381\/revisions"}],"predecessor-version":[{"id":22675,"href":"https:\/\/www.wcb.mb.ca\/fr\/wp-json\/wp\/v2\/pages\/20381\/revisions\/22675"}],"up":[{"embeddable":true,"href":"https:\/\/www.wcb.mb.ca\/fr\/wp-json\/wp\/v2\/pages\/21786"}],"wp:attachment":[{"href":"https:\/\/www.wcb.mb.ca\/fr\/wp-json\/wp\/v2\/media?parent=20381"}],"wp:term":[{"taxonomy":"post_tag","embeddable":true,"href":"https:\/\/www.wcb.mb.ca\/fr\/wp-json\/wp\/v2\/tags?post=20381"}],"curies":[{"name":"wp","href":"https:\/\/api.w.org\/{rel}","templated":true}]}}