{"id":20365,"date":"2025-03-06T13:39:48","date_gmt":"2025-03-06T18:39:48","guid":{"rendered":"https:\/\/www.wcb.mb.ca\/?page_id=20365"},"modified":"2026-01-15T12:06:51","modified_gmt":"2026-01-15T17:06:51","slug":"formation-et-certification-en-securite","status":"publish","type":"page","link":"https:\/\/www.wcb.mb.ca\/fr\/sain-et-sauf-au-travail-manitoba\/formation-et-certification-en-securite\/","title":{"rendered":"Formation et certification en s\u00e9curit\u00e9"},"content":{"rendered":"\t\t<div data-elementor-type=\"wp-page\" data-elementor-id=\"20365\" class=\"elementor elementor-20365 elementor-9301\" data-elementor-post-type=\"page\">\n\t\t\t\t<div class=\"elementor-element elementor-element-f552d6f e-flex e-con-boxed e-con e-parent\" data-id=\"f552d6f\" data-element_type=\"container\" data-e-type=\"container\">\n\t\t\t\t\t<div class=\"e-con-inner\">\n\t\t\t\t<div class=\"elementor-element elementor-element-d20d825 elementor-widget elementor-widget-st-header-image\" data-id=\"d20d825\" data-element_type=\"widget\" data-e-type=\"widget\" data-widget_type=\"st-header-image.default\">\n\t\t\t\t<div class=\"elementor-widget-container\">\n\t\t\t\t\t<div class=\"c-headerImage g-layout__padding c-headerImage--noImage\"><div class=\"c-headerImage__container g-layout__maxWidth\"><div class=\"c-headerImage__content\"><div ><h1>Formation et certification en s\u00e9curit\u00e9<\/h1><\/div><\/div><\/div><\/div>\t\t\t\t<\/div>\n\t\t\t\t<\/div>\n\t\t\t\t\t<\/div>\n\t\t\t\t<\/div>\n\t\t<div class=\"elementor-element elementor-element-39c769f0 e-grid e-con-boxed e-con e-parent\" data-id=\"39c769f0\" data-element_type=\"container\" data-e-type=\"container\">\n\t\t\t\t\t<div class=\"e-con-inner\">\n\t\t<div class=\"elementor-element elementor-element-26577e73 e-con-full e-flex e-con e-child\" data-id=\"26577e73\" data-element_type=\"container\" data-e-type=\"container\">\n\t\t\t\t<div class=\"elementor-element elementor-element-6d62c56d elementor-widget__width-initial elementor-widget elementor-widget-text-editor\" data-id=\"6d62c56d\" data-element_type=\"widget\" data-e-type=\"widget\" data-widget_type=\"text-editor.default\">\n\t\t\t\t<div class=\"elementor-widget-container\">\n\t\t\t\t\t\t\t\t\t<p>Que vous soyez un employeur ou un travailleur, SAIN et SAUF au travail Manitoba propose les ressources et formations dont vous avez besoin pour assurer la s\u00e9curit\u00e9 et la conformit\u00e9 dans l\u2019environnement de travail actuel. Nous offrons des ressources et des formations de confiance afin de favoriser une culture de s\u00e9curit\u00e9 robuste dans la province.<\/p>\n<p>Explorez les programmes de formation et de certification de pointe en sant\u00e9 et en s\u00e9curit\u00e9 au travail disponibles au Manitoba.<\/p>\n\t\t\t\t\t\t\t\t<\/div>\n\t\t\t\t<\/div>\n\t\t\t\t<\/div>\n\t\t<div class=\"elementor-element elementor-element-71775897 e-con-full e-flex e-con e-child\" data-id=\"71775897\" data-element_type=\"container\" data-e-type=\"container\" data-settings=\"{&quot;background_background&quot;:&quot;classic&quot;}\">\n\t\t\t\t<div class=\"elementor-element elementor-element-61d7a82e elementor-widget elementor-widget-st-link-list\" data-id=\"61d7a82e\" data-element_type=\"widget\" data-e-type=\"widget\" data-widget_type=\"st-link-list.default\">\n\t\t\t\t<div class=\"elementor-widget-container\">\n\t\t\t\t\t<div class=\"c-linkList c-linkList--default c-linkList--default\"><h2 class=\"c-linkList__title\"><span >Liens connexes<\/span><\/h2><div class=\"c-linkList__list\"><\/div><\/div>\t\t\t\t<\/div>\n\t\t\t\t<\/div>\n\t\t\t\t<div class=\"elementor-element elementor-element-5e31fcfe elementor-widget elementor-widget-st-cats\" data-id=\"5e31fcfe\" data-element_type=\"widget\" data-e-type=\"widget\" data-widget_type=\"st-cats.default\">\n\t\t\t\t<div class=\"elementor-widget-container\">\n\t\t\t\t\t<div class=\"c-ctaList\"><\/div>\t\t\t\t<\/div>\n\t\t\t\t<\/div>\n\t\t\t\t<\/div>\n\t\t\t\t\t<\/div>\n\t\t\t\t<\/div>\n\t\t<div class=\"elementor-element elementor-element-36f3277c e-con-full e-flex e-con e-parent\" data-id=\"36f3277c\" data-element_type=\"container\" data-e-type=\"container\">\n\t\t<div class=\"elementor-element elementor-element-3b841b6f e-flex e-con-boxed e-con e-child\" data-id=\"3b841b6f\" data-element_type=\"container\" data-e-type=\"container\">\n\t\t\t\t\t<div class=\"e-con-inner\">\n\t\t<div class=\"elementor-element elementor-element-70d76a6 e-con-full e-flex e-con e-child\" data-id=\"70d76a6\" data-element_type=\"container\" data-e-type=\"container\">\n\t\t\t\t<div class=\"elementor-element elementor-element-1979342e elementor-widget elementor-widget-text-editor\" data-id=\"1979342e\" data-element_type=\"widget\" data-e-type=\"widget\" data-widget_type=\"text-editor.default\">\n\t\t\t\t<div class=\"elementor-widget-container\">\n\t\t\t\t\t\t\t\t\t<h2>Certification sur la s\u00e9curit\u00e9 en milieu de travail<\/h2>\n<p>Certifi\u00e9, SAIN et SAUF au travail est la norme de certification de confiance en mati\u00e8re de s\u00e9curit\u00e9 et de sant\u00e9 au Manitoba. En respectant cette certification, les employeurs peuvent assurer un environnement de travail plus s\u00e9curitaire tout en profitant de certains avantages financiers, notamment une baisse des primes de la WCB au fil du temps.&nbsp;<\/p>\n\t\t\t\t\t\t\t\t<\/div>\n\t\t\t\t<\/div>\n\t\t\t\t<div class=\"elementor-element elementor-element-8c5dd27 elementor-widget elementor-widget-button\" data-id=\"8c5dd27\" data-element_type=\"widget\" data-e-type=\"widget\" data-widget_type=\"button.default\">\n\t\t\t\t<div class=\"elementor-widget-container\">\n\t\t\t\t\t\t\t\t\t<div class=\"elementor-button-wrapper\">\n\t\t\t\t\t<a class=\"elementor-button elementor-button-link elementor-size-sm\" href=\"https:\/\/www.wcb.mb.ca\/fr\/formation-et-certification-en-securite\/certifie-sain-et-sauf-au-travail\/\" aria-label=\"Learn more about workplace safety certification\">\n\t\t\t\t\t\t<span class=\"elementor-button-content-wrapper\">\n\t\t\t\t\t\t\t\t\t<span class=\"elementor-button-text\">Apprenez-en plus<\/span>\n\t\t\t\t\t<\/span>\n\t\t\t\t\t<\/a>\n\t\t\t\t<\/div>\n\t\t\t\t\t\t\t\t<\/div>\n\t\t\t\t<\/div>\n\t\t\t\t<\/div>\n\t\t<div class=\"elementor-element elementor-element-501d2ede e-con-full e-flex e-con e-child\" data-id=\"501d2ede\" data-element_type=\"container\" data-e-type=\"container\">\n\t\t\t\t<div class=\"elementor-element elementor-element-3972e61c elementor-widget elementor-widget-image\" data-id=\"3972e61c\" data-element_type=\"widget\" data-e-type=\"widget\" data-widget_type=\"image.default\">\n\t\t\t\t<div class=\"elementor-widget-container\">\n\t\t\t\t\t\t\t\t\t\t\t\t\t\t\t<img fetchpriority=\"high\" decoding=\"async\" width=\"522\" height=\"294\" src=\"\/wp-content\/uploads\/2025\/04\/Manufacturing_WomanOperatingMachineryHearingProtection_522x294_2025.jpg\" class=\"attachment-large size-large wp-image-20368\" alt=\"\" srcset=\"\/wp-content\/uploads\/2025\/04\/Manufacturing_WomanOperatingMachineryHearingProtection_522x294_2025.jpg 522w, \/wp-content\/uploads\/2025\/04\/Manufacturing_WomanOperatingMachineryHearingProtection_522x294_2025-300x169.jpg 300w\" sizes=\"(max-width: 522px) 100vw, 522px\" \/>\t\t\t\t\t\t\t\t\t\t\t\t\t\t\t<\/div>\n\t\t\t\t<\/div>\n\t\t\t\t<\/div>\n\t\t\t\t\t<\/div>\n\t\t\t\t<\/div>\n\t\t<div class=\"elementor-element elementor-element-2bf2a6b e-con-full e-flex e-con e-child\" data-id=\"2bf2a6b\" data-element_type=\"container\" data-e-type=\"container\" data-settings=\"{&quot;background_background&quot;:&quot;classic&quot;}\">\n\t\t<div class=\"elementor-element elementor-element-14a299b e-flex e-con-boxed e-con e-child\" data-id=\"14a299b\" data-element_type=\"container\" data-e-type=\"container\">\n\t\t\t\t\t<div class=\"e-con-inner\">\n\t\t<div class=\"elementor-element elementor-element-4bc6c4f0 e-con-full e-flex e-con e-child\" data-id=\"4bc6c4f0\" data-element_type=\"container\" data-e-type=\"container\">\n\t\t\t\t<div class=\"elementor-element elementor-element-329e335e elementor-widget elementor-widget-image\" data-id=\"329e335e\" data-element_type=\"widget\" data-e-type=\"widget\" data-widget_type=\"image.default\">\n\t\t\t\t<div class=\"elementor-widget-container\">\n\t\t\t\t\t\t\t\t\t\t\t\t\t\t\t<img decoding=\"async\" width=\"522\" height=\"294\" src=\"\/wp-content\/uploads\/2025\/04\/Training_HeightTrainingInstuctor_522x294_2025jpg.jpg\" class=\"attachment-large size-large wp-image-20367\" alt=\"\" srcset=\"\/wp-content\/uploads\/2025\/04\/Training_HeightTrainingInstuctor_522x294_2025jpg.jpg 522w, \/wp-content\/uploads\/2025\/04\/Training_HeightTrainingInstuctor_522x294_2025jpg-300x169.jpg 300w\" sizes=\"(max-width: 522px) 100vw, 522px\" \/>\t\t\t\t\t\t\t\t\t\t\t\t\t\t\t<\/div>\n\t\t\t\t<\/div>\n\t\t\t\t<\/div>\n\t\t<div class=\"elementor-element elementor-element-34130670 e-con-full e-flex e-con e-child\" data-id=\"34130670\" data-element_type=\"container\" data-e-type=\"container\">\n\t\t\t\t<div class=\"elementor-element elementor-element-4f12a739 elementor-widget elementor-widget-text-editor\" data-id=\"4f12a739\" data-element_type=\"widget\" data-e-type=\"widget\" data-widget_type=\"text-editor.default\">\n\t\t\t\t<div class=\"elementor-widget-container\">\n\t\t\t\t\t\t\t\t\t<h2>Normes de formation en s\u00e9curit\u00e9 du Manitoba<\/h2><p>Le Conseil des normes de formation en sant\u00e9 et en s\u00e9curit\u00e9 du Manitoba d\u00e9finit les crit\u00e8res essentiels pour les fournisseurs de formation afin que les travailleurs aient acc\u00e8s \u00e0 une formation en sant\u00e9 et en s\u00e9curit\u00e9 fiable. Le logo \u00ab\u00a0Formation valid\u00e9e par SAIN et SAUF au travail\u00a0\u00bb indique que ces normes ont \u00e9t\u00e9 respect\u00e9es.<\/p><p>Apprenez-en plus sur les normes et sur comment devenir un fournisseur de formation valid\u00e9.<\/p>\t\t\t\t\t\t\t\t<\/div>\n\t\t\t\t<\/div>\n\t\t\t\t<div class=\"elementor-element elementor-element-99d7c5e elementor-widget elementor-widget-button\" data-id=\"99d7c5e\" data-element_type=\"widget\" data-e-type=\"widget\" data-widget_type=\"button.default\">\n\t\t\t\t<div class=\"elementor-widget-container\">\n\t\t\t\t\t\t\t\t\t<div class=\"elementor-button-wrapper\">\n\t\t\t\t\t<a class=\"elementor-button elementor-button-link elementor-size-sm\" href=\"\/fr\/sain-et-sauf-au-travail-manitoba\/formation-et-certification-en-securite\/formation-validee-par-sain-et-sauf-au-travail\/\" aria-label=\"Get started with Manitoba&#039;s safety training standards\">\n\t\t\t\t\t\t<span class=\"elementor-button-content-wrapper\">\n\t\t\t\t\t\t\t\t\t<span class=\"elementor-button-text\">Commencer<\/span>\n\t\t\t\t\t<\/span>\n\t\t\t\t\t<\/a>\n\t\t\t\t<\/div>\n\t\t\t\t\t\t\t\t<\/div>\n\t\t\t\t<\/div>\n\t\t\t\t<\/div>\n\t\t\t\t\t<\/div>\n\t\t\t\t<\/div>\n\t\t\t\t<\/div>\n\t\t<div class=\"elementor-element elementor-element-28a49a84 e-flex e-con-boxed e-con e-child\" data-id=\"28a49a84\" data-element_type=\"container\" data-e-type=\"container\">\n\t\t\t\t\t<div class=\"e-con-inner\">\n\t\t<div class=\"elementor-element elementor-element-409ed754 e-con-full e-flex e-con e-child\" data-id=\"409ed754\" data-element_type=\"container\" data-e-type=\"container\">\n\t\t\t\t<div class=\"elementor-element elementor-element-7570345d elementor-widget elementor-widget-text-editor\" data-id=\"7570345d\" data-element_type=\"widget\" data-e-type=\"widget\" data-widget_type=\"text-editor.default\">\n\t\t\t\t<div class=\"elementor-widget-container\">\n\t\t\t\t\t\t\t\t\t<h2>Portail de formation en s\u00e9curit\u00e9<\/h2>\n<p>Le portail de formation de SAIN et SAUF au travail Manitoba est le p\u00f4le central de formation en s\u00e9curit\u00e9 en milieu de travail dans la province. Il donne aux travailleurs et aux employeurs l\u2019acc\u00e8s \u00e0 des centaines de cours offerts par les fournisseurs de confiance du Manitoba afin d\u2019am\u00e9liorer leurs comp\u00e9tences ou de rationaliser leurs activit\u00e9s.<\/p>\n\t\t\t\t\t\t\t\t<\/div>\n\t\t\t\t<\/div>\n\t\t\t\t<div class=\"elementor-element elementor-element-f619fdd elementor-widget elementor-widget-button\" data-id=\"f619fdd\" data-element_type=\"widget\" data-e-type=\"widget\" data-widget_type=\"button.default\">\n\t\t\t\t<div class=\"elementor-widget-container\">\n\t\t\t\t\t\t\t\t\t<div class=\"elementor-button-wrapper\">\n\t\t\t\t\t<a class=\"elementor-button elementor-button-link elementor-size-sm\" href=\"https:\/\/www.wcb.mb.ca\/fr\/sain-et-sauf-au-travail-manitoba\/formation-et-certification-en-securite\/portail-de-formation-sain-et-sauf-au-travail-manitoba\/\" aria-label=\"Learn more about safety training portal\">\n\t\t\t\t\t\t<span class=\"elementor-button-content-wrapper\">\n\t\t\t\t\t\t\t\t\t<span class=\"elementor-button-text\">Apprenez-en plus<\/span>\n\t\t\t\t\t<\/span>\n\t\t\t\t\t<\/a>\n\t\t\t\t<\/div>\n\t\t\t\t\t\t\t\t<\/div>\n\t\t\t\t<\/div>\n\t\t\t\t<\/div>\n\t\t<div class=\"elementor-element elementor-element-8c708bd e-con-full e-flex e-con e-child\" data-id=\"8c708bd\" data-element_type=\"container\" data-e-type=\"container\">\n\t\t\t\t<div class=\"elementor-element elementor-element-6bf28a7c elementor-widget elementor-widget-image\" data-id=\"6bf28a7c\" data-element_type=\"widget\" data-e-type=\"widget\" data-widget_type=\"image.default\">\n\t\t\t\t<div class=\"elementor-widget-container\">\n\t\t\t\t\t\t\t\t\t\t\t\t\t\t\t<img decoding=\"async\" width=\"522\" height=\"294\" src=\"\/wp-content\/uploads\/2025\/03\/Image_for_approval_Portal-522x294-1.jpg\" class=\"attachment-large size-large wp-image-20366\" alt=\"\" srcset=\"\/wp-content\/uploads\/2025\/03\/Image_for_approval_Portal-522x294-1.jpg 522w, \/wp-content\/uploads\/2025\/03\/Image_for_approval_Portal-522x294-1-300x169.jpg 300w\" sizes=\"(max-width: 522px) 100vw, 522px\" \/>\t\t\t\t\t\t\t\t\t\t\t\t\t\t\t<\/div>\n\t\t\t\t<\/div>\n\t\t\t\t<\/div>\n\t\t\t\t\t<\/div>\n\t\t\t\t<\/div>\n\t\t\t\t<\/div>\n\t\t\t\t<\/div>\n\t\t","protected":false},"excerpt":{"rendered":"<p>Formation et certification en s\u00e9curit\u00e9 Que vous soyez un employeur ou un travailleur, SAIN et SAUF au travail Manitoba propose les ressources et formations dont vous avez besoin pour assurer la s\u00e9curit\u00e9 et la conformit\u00e9 dans l\u2019environnement de travail actuel. Nous offrons des ressources et des formations de confiance afin de favoriser une culture de [&hellip;]<\/p>\n","protected":false},"author":1,"featured_media":0,"parent":21786,"menu_order":0,"comment_status":"closed","ping_status":"closed","template":"","meta":{"_acf_changed":false,"footnotes":""},"tags":[],"class_list":["post-20365","page","type-page","status-publish","hentry"],"acf":[],"_links":{"self":[{"href":"https:\/\/www.wcb.mb.ca\/fr\/wp-json\/wp\/v2\/pages\/20365","targetHints":{"allow":["GET"]}}],"collection":[{"href":"https:\/\/www.wcb.mb.ca\/fr\/wp-json\/wp\/v2\/pages"}],"about":[{"href":"https:\/\/www.wcb.mb.ca\/fr\/wp-json\/wp\/v2\/types\/page"}],"author":[{"embeddable":true,"href":"https:\/\/www.wcb.mb.ca\/fr\/wp-json\/wp\/v2\/users\/1"}],"replies":[{"embeddable":true,"href":"https:\/\/www.wcb.mb.ca\/fr\/wp-json\/wp\/v2\/comments?post=20365"}],"version-history":[{"count":7,"href":"https:\/\/www.wcb.mb.ca\/fr\/wp-json\/wp\/v2\/pages\/20365\/revisions"}],"predecessor-version":[{"id":22657,"href":"https:\/\/www.wcb.mb.ca\/fr\/wp-json\/wp\/v2\/pages\/20365\/revisions\/22657"}],"up":[{"embeddable":true,"href":"https:\/\/www.wcb.mb.ca\/fr\/wp-json\/wp\/v2\/pages\/21786"}],"wp:attachment":[{"href":"https:\/\/www.wcb.mb.ca\/fr\/wp-json\/wp\/v2\/media?parent=20365"}],"wp:term":[{"taxonomy":"post_tag","embeddable":true,"href":"https:\/\/www.wcb.mb.ca\/fr\/wp-json\/wp\/v2\/tags?post=20365"}],"curies":[{"name":"wp","href":"https:\/\/api.w.org\/{rel}","templated":true}]}}