{"id":20354,"date":"2025-02-03T16:28:35","date_gmt":"2025-02-03T21:28:35","guid":{"rendered":"https:\/\/www.wcb.mb.ca\/?page_id=20354"},"modified":"2026-01-15T12:04:57","modified_gmt":"2026-01-15T17:04:57","slug":"programmes-de-securite-propres-aux-industries","status":"publish","type":"page","link":"https:\/\/www.wcb.mb.ca\/fr\/sain-et-sauf-au-travail-manitoba\/programmes-de-securite-propres-aux-industries\/","title":{"rendered":"Programmes de s\u00e9curit\u00e9 propres aux industries"},"content":{"rendered":"\t\t<div data-elementor-type=\"wp-page\" data-elementor-id=\"20354\" class=\"elementor elementor-20354 elementor-6198\" data-elementor-post-type=\"page\">\n\t\t\t\t<div class=\"elementor-element elementor-element-c3d34eb e-flex e-con-boxed e-con e-parent\" data-id=\"c3d34eb\" data-element_type=\"container\" data-e-type=\"container\">\n\t\t\t\t\t<div class=\"e-con-inner\">\n\t\t\t\t<div class=\"elementor-element elementor-element-f05a183 elementor-widget elementor-widget-st-header-image\" data-id=\"f05a183\" data-element_type=\"widget\" data-e-type=\"widget\" data-widget_type=\"st-header-image.default\">\n\t\t\t\t<div class=\"elementor-widget-container\">\n\t\t\t\t\t<div class=\"c-headerImage g-layout__padding c-headerImage--noImage\"><div class=\"c-headerImage__container g-layout__maxWidth\"><div class=\"c-headerImage__content\"><div ><h1>Programmes de s\u00e9curit\u00e9 propres aux industries<\/h1><\/div><\/div><\/div><\/div>\t\t\t\t<\/div>\n\t\t\t\t<\/div>\n\t\t\t\t\t<\/div>\n\t\t\t\t<\/div>\n\t\t<div class=\"elementor-element elementor-element-1818ba0a e-grid e-con-boxed e-con e-parent\" data-id=\"1818ba0a\" data-element_type=\"container\" data-e-type=\"container\">\n\t\t\t\t\t<div class=\"e-con-inner\">\n\t\t<div class=\"elementor-element elementor-element-12160c27 e-con-full e-flex e-con e-child\" data-id=\"12160c27\" data-element_type=\"container\" data-e-type=\"container\">\n\t\t\t\t<div class=\"elementor-element elementor-element-8ed1c87 elementor-widget__width-initial elementor-widget elementor-widget-text-editor\" data-id=\"8ed1c87\" data-element_type=\"widget\" data-e-type=\"widget\" data-widget_type=\"text-editor.default\">\n\t\t\t\t<div class=\"elementor-widget-container\">\n\t\t\t\t\t\t\t\t\t<p>Le Manitoba compte de nombreux programmes de s\u00e9curit\u00e9 propres aux industries (PSPI) qui travaillent en partenariat avec la WCB et notre division SAIN et SAUF au travail Manitoba afin de prot\u00e9ger les travailleurs au travail.<\/p>\n<p>Les PSPI assurent des services de pr\u00e9vention des blessures aux employeurs \u00e9voluant dans des industries sp\u00e9cifiques. Ces programmes collaborent avec les employeurs pour am\u00e9liorer la sant\u00e9 et la s\u00e9curit\u00e9 au travail en offrant des services personnalis\u00e9s r\u00e9pondant aux besoins uniques de leur industrie en mati\u00e8re de s\u00e9curit\u00e9. Gr\u00e2ce \u00e0 une compr\u00e9hension approfondie de l\u2019industrie et \u00e0 des strat\u00e9gies cibl\u00e9es, les PSPI contribuent \u00e0 promouvoir des milieux de travail s\u00e9curitaires et productifs.<\/p>\n<p>\u200bCes programmes proposent des services utiles et un acc\u00e8s facile, pour les employeurs et les employ\u00e9s, \u00e0 des renseignements, des ressources\u202fet des formations sur la sant\u00e9 et la s\u00e9curit\u00e9 qui abordent les dangers et risques propres \u00e0 leur industrie.<\/p>\n\t\t\t\t\t\t\t\t<\/div>\n\t\t\t\t<\/div>\n\t\t\t\t<\/div>\n\t\t<div class=\"elementor-element elementor-element-382a4b08 e-con-full e-flex e-con e-child\" data-id=\"382a4b08\" data-element_type=\"container\" data-e-type=\"container\" data-settings=\"{&quot;background_background&quot;:&quot;classic&quot;}\">\n\t\t\t\t<div class=\"elementor-element elementor-element-ec6215d elementor-widget elementor-widget-st-link-list\" data-id=\"ec6215d\" data-element_type=\"widget\" data-e-type=\"widget\" data-widget_type=\"st-link-list.default\">\n\t\t\t\t<div class=\"elementor-widget-container\">\n\t\t\t\t\t<div class=\"c-linkList c-linkList--default c-linkList--default\"><h2 class=\"c-linkList__title\"><span >Liens connexes<\/span><\/h2><div class=\"c-linkList__list\"><\/div><\/div>\t\t\t\t<\/div>\n\t\t\t\t<\/div>\n\t\t\t\t<div class=\"elementor-element elementor-element-40b604b8 elementor-widget elementor-widget-st-cats\" data-id=\"40b604b8\" data-element_type=\"widget\" data-e-type=\"widget\" data-widget_type=\"st-cats.default\">\n\t\t\t\t<div class=\"elementor-widget-container\">\n\t\t\t\t\t<div class=\"c-ctaList\"><\/div>\t\t\t\t<\/div>\n\t\t\t\t<\/div>\n\t\t\t\t<\/div>\n\t\t<div class=\"elementor-element elementor-element-066022d e-con-full e-flex e-con e-child\" data-id=\"066022d\" data-element_type=\"container\" data-e-type=\"container\">\n\t\t\t\t<div class=\"elementor-element elementor-element-5a1d3a1 elementor-widget elementor-widget-st-image-box-list\" data-id=\"5a1d3a1\" data-element_type=\"widget\" data-e-type=\"widget\" data-widget_type=\"st-image-box-list.default\">\n\t\t\t\t<div class=\"elementor-widget-container\">\n\t\t\t\t\t<div class=\"c-imageBoxList c-imageBoxList--4 c-imageBoxList--center c-imageBoxList--default c-imageBoxList--imageContain\"><div class=\"c-imageBoxList__item\"><img fetchpriority=\"high\" decoding=\"async\" width=\"400\" height=\"157\" src=\"https:\/\/www.wcb.mb.ca\/uploads\/2025\/02\/CSAM_horizontal_CMYK_vd2.png\" class=\"c-imageBoxList__itemImage\" alt=\"Construction Safety Association of Manitoba (CSAM)\" srcset=\"https:\/\/www.wcb.mb.ca\/uploads\/2025\/02\/CSAM_horizontal_CMYK_vd2.png 400w, https:\/\/www.wcb.mb.ca\/uploads\/2025\/02\/CSAM_horizontal_CMYK_vd2-300x118.png 300w\" sizes=\"(max-width: 400px) 100vw, 400px\" \/><div class=\"c-imageBoxList__itemContent\"><div class=\"c-imageBoxList__itemTitle\"><span >Construction Safety Association of Manitoba (CSAM)<\/span><\/div><div class=\"c-imageBoxList__itemDescription\"><span >Secteur de l\u2019industrie de la construction immobili\u00e8re<\/span><\/div><\/div><a class=\"c-imageBoxList__itemBtn g-btn\" href=\"https:\/\/www.constructionsafety.ca\/\" aria-label=\"Apprenez-en plus Construction Safety Association of Manitoba (CSAM)\"href=\"https:\/\/www.constructionsafety.ca\/\" target=\"_blank\"><span >Apprenez-en plus<\/span><\/a><\/div><div class=\"c-imageBoxList__item\"><img decoding=\"async\" width=\"400\" height=\"150\" src=\"https:\/\/www.wcb.mb.ca\/uploads\/2025\/02\/MadeSafe-Logo.png\" class=\"c-imageBoxList__itemImage\" alt=\"Made Safe (Fabrication s\u00e9curitaire)\" srcset=\"https:\/\/www.wcb.mb.ca\/uploads\/2025\/02\/MadeSafe-Logo.png 400w, https:\/\/www.wcb.mb.ca\/uploads\/2025\/02\/MadeSafe-Logo-300x113.png 300w\" sizes=\"(max-width: 400px) 100vw, 400px\" \/><div class=\"c-imageBoxList__itemContent\"><div class=\"c-imageBoxList__itemTitle\"><span >Made Safe (Fabrication s\u00e9curitaire)<\/span><\/div><div class=\"c-imageBoxList__itemDescription\"><span >Secteur de l\u2019industrie manufacturi\u00e8re <\/span><\/div><\/div><a class=\"c-imageBoxList__itemBtn g-btn\" href=\"https:\/\/madesafe.ca\/\" aria-label=\"Apprenez-en plus Made Safe (Fabrication s\u00e9curitaire)\"href=\"https:\/\/madesafe.ca\/\" target=\"_blank\"><span >Apprenez-en plus<\/span><\/a><\/div><div class=\"c-imageBoxList__item\"><img decoding=\"async\" width=\"400\" height=\"121\" src=\"https:\/\/www.wcb.mb.ca\/uploads\/2025\/02\/MASH-Logo.jpg\" class=\"c-imageBoxList__itemImage\" alt=\"Manitoba Association for Safety in Healthcare (MASH)\" srcset=\"https:\/\/www.wcb.mb.ca\/uploads\/2025\/02\/MASH-Logo.jpg 400w, https:\/\/www.wcb.mb.ca\/uploads\/2025\/02\/MASH-Logo-300x91.jpg 300w\" sizes=\"(max-width: 400px) 100vw, 400px\" \/><div class=\"c-imageBoxList__itemContent\"><div class=\"c-imageBoxList__itemTitle\"><span >Manitoba Association for Safety in Healthcare (MASH)<\/span><\/div><div class=\"c-imageBoxList__itemDescription\"><span >Secteur des soins de sant\u00e9<\/span><\/div><\/div><a class=\"c-imageBoxList__itemBtn g-btn\" href=\"https:\/\/mashmb.ca\/\" aria-label=\"Apprenez-en plus Manitoba Association for Safety in Healthcare (MASH)\"href=\"https:\/\/mashmb.ca\/\" target=\"_blank\"><span >Apprenez-en plus<\/span><\/a><\/div><div class=\"c-imageBoxList__item\"><img loading=\"lazy\" decoding=\"async\" width=\"400\" height=\"125\" src=\"https:\/\/www.wcb.mb.ca\/uploads\/2025\/02\/RPM-Logo.png\" class=\"c-imageBoxList__itemImage\" alt=\"Risk Professionally Managed (RPM)\" srcset=\"https:\/\/www.wcb.mb.ca\/uploads\/2025\/02\/RPM-Logo.png 400w, https:\/\/www.wcb.mb.ca\/uploads\/2025\/02\/RPM-Logo-300x94.png 300w\" sizes=\"(max-width: 400px) 100vw, 400px\" \/><div class=\"c-imageBoxList__itemContent\"><div class=\"c-imageBoxList__itemTitle\"><span >Risk Professionally Managed (RPM)<\/span><\/div><div class=\"c-imageBoxList__itemDescription\"><span >Secteur du transport par camion<\/span><\/div><\/div><a class=\"c-imageBoxList__itemBtn g-btn\" href=\"https:\/\/trucking.mb.ca\/rpm\/\" aria-label=\"Apprenez-en plus Risk Professionally Managed (RPM)\"href=\"https:\/\/trucking.mb.ca\/rpm\/\" target=\"_blank\"><span >Apprenez-en plus<\/span><\/a><\/div><div class=\"c-imageBoxList__item\"><img loading=\"lazy\" decoding=\"async\" width=\"400\" height=\"126\" src=\"https:\/\/www.wcb.mb.ca\/uploads\/2025\/02\/s2sa-horizontal-full-full-colour.jpg\" class=\"c-imageBoxList__itemImage\" alt=\"Sales and Service Safety Association (S2SA)\" srcset=\"https:\/\/www.wcb.mb.ca\/uploads\/2025\/02\/s2sa-horizontal-full-full-colour.jpg 400w, https:\/\/www.wcb.mb.ca\/uploads\/2025\/02\/s2sa-horizontal-full-full-colour-300x95.jpg 300w\" sizes=\"(max-width: 400px) 100vw, 400px\" \/><div class=\"c-imageBoxList__itemContent\"><div class=\"c-imageBoxList__itemTitle\"><span >Sales and Service Safety Association (S2SA)<\/span><\/div><div class=\"c-imageBoxList__itemDescription\"><span >Secteurs des ventes et des services<\/span><\/div><\/div><a class=\"c-imageBoxList__itemBtn g-btn\" href=\"https:\/\/s2sa.ca\/\" aria-label=\"Apprenez-en plus Sales and Service Safety Association (S2SA)\"href=\"https:\/\/s2sa.ca\/\" target=\"_blank\"><span >Apprenez-en plus<\/span><\/a><\/div><div class=\"c-imageBoxList__item\"><img loading=\"lazy\" decoding=\"async\" width=\"900\" height=\"500\" src=\"https:\/\/www.wcb.mb.ca\/uploads\/2025\/05\/mhca-worksafely-vector-logo.png\" class=\"c-imageBoxList__itemImage\" alt=\"Manitoba Heavy Construction Association (MHCA) WORKSAFELY\u2122\" srcset=\"https:\/\/www.wcb.mb.ca\/uploads\/2025\/05\/mhca-worksafely-vector-logo.png 900w, https:\/\/www.wcb.mb.ca\/uploads\/2025\/05\/mhca-worksafely-vector-logo-300x167.png 300w, https:\/\/www.wcb.mb.ca\/uploads\/2025\/05\/mhca-worksafely-vector-logo-768x427.png 768w\" sizes=\"(max-width: 900px) 100vw, 900px\" \/><div class=\"c-imageBoxList__itemContent\"><div class=\"c-imageBoxList__itemTitle\"><span >Manitoba Heavy Construction Association (MHCA) WORKSAFELY\u2122<\/span><\/div><div class=\"c-imageBoxList__itemDescription\"><span >Secteur de l\u2019industrie de la construction lourde<\/span><\/div><\/div><a class=\"c-imageBoxList__itemBtn g-btn\" href=\"https:\/\/mhca.mb.ca\/\" aria-label=\"Apprenez-en plus Manitoba Heavy Construction Association (MHCA) WORKSAFELY\u2122\"href=\"https:\/\/mhca.mb.ca\/\" target=\"_blank\"><span >Apprenez-en plus<\/span><\/a><\/div><\/div>\t\t\t\t<\/div>\n\t\t\t\t<\/div>\n\t\t\t\t<\/div>\n\t\t\t\t<div class=\"elementor-element elementor-element-cf1f605 elementor-widget__width-initial elementor-widget elementor-widget-text-editor\" data-id=\"cf1f605\" data-element_type=\"widget\" data-e-type=\"widget\" data-widget_type=\"text-editor.default\">\n\t\t\t\t<div class=\"elementor-widget-container\">\n\t\t\t\t\t\t\t\t\t<h2>Certifi\u00e9, SAIN et SAUF au travail<\/h2><p>Le programme Certifi\u00e9, SAIN et SAUF au travail est la norme de certification en mati\u00e8re de s\u00e9curit\u00e9 et de sant\u00e9 du Manitoba. Il contribue \u00e0 rendre les milieux de travail plus s\u00e9curitaires et comporte une r\u00e9compense financi\u00e8re pour les employeurs qui prennent des mesures proactives pour pr\u00e9venir les blessures et maladies professionnelles survenues en milieu de travail.<\/p><p>Le programme Certifi\u00e9, SAIN et SAUF au travail est supervis\u00e9 par SAIN et SAUF au travail Manitoba et assur\u00e9 par l\u2019interm\u00e9diaire des PSPI. Les PSPI ont la responsabilit\u00e9 d\u2019offrir aux employeurs des programmes de certification en mati\u00e8re de s\u00e9curit\u00e9 et de sant\u00e9 au travail bas\u00e9s sur l\u2019industrie et qui r\u00e9pondent aux crit\u00e8res du programme Certifi\u00e9, SAIN et SAUF au travail. Les PSPI certifient les employeurs, surveillent la conformit\u00e9 aux exigences du programme et servent de points de contact principaux de l\u2019employeur pour tous les aspects op\u00e9rationnels li\u00e9s \u00e0 la certification en mati\u00e8re de s\u00e9curit\u00e9 et de sant\u00e9 au travail.<\/p><p>En collaborant avec les PSPI, les employeurs peuvent r\u00e9duire les blessures enregistr\u00e9es individuellement et collectivement \u00e0 l\u2019\u00e9chelle de la cat\u00e9gorie et, par cons\u00e9quent, les co\u00fbts qui y sont rattach\u00e9s.<\/p><p>Apprenez-en plus sur <a href=\"\/fr\/sain-et-sauf-au-travail-manitoba\/formation-et-certification-en-securite\/certifie-sain-et-sauf-au-travail\/\">comment devenir Certifi\u00e9, SAIN et SAUF au travail ici.<\/a><\/p>\t\t\t\t\t\t\t\t<\/div>\n\t\t\t\t<\/div>\n\t\t\t\t\t<\/div>\n\t\t\t\t<\/div>\n\t\t<div class=\"elementor-element elementor-element-0dc1e8f e-flex e-con-boxed e-con e-parent\" data-id=\"0dc1e8f\" data-element_type=\"container\" data-e-type=\"container\">\n\t\t\t\t\t<div class=\"e-con-inner\">\n\t\t\t\t<div class=\"elementor-element elementor-element-8177f17 elementor-widget elementor-widget-text-editor\" data-id=\"8177f17\" data-element_type=\"widget\" data-e-type=\"widget\" data-widget_type=\"text-editor.default\">\n\t\t\t\t<div class=\"elementor-widget-container\">\n\t\t\t\t\t\t\t\t\t<h2>Programmes de s\u00e9curit\u00e9 financ\u00e9s<\/h2>\n\t\t\t\t\t\t\t\t<\/div>\n\t\t\t\t<\/div>\n\t\t\t\t<div class=\"elementor-element elementor-element-d09c84d elementor-widget elementor-widget-st-image-box-list\" data-id=\"d09c84d\" data-element_type=\"widget\" data-e-type=\"widget\" data-widget_type=\"st-image-box-list.default\">\n\t\t\t\t<div class=\"elementor-widget-container\">\n\t\t\t\t\t<div class=\"c-imageBoxList c-imageBoxList--4 c-imageBoxList--center c-imageBoxList--default c-imageBoxList--imageContain\"><div class=\"c-imageBoxList__item\"><img loading=\"lazy\" decoding=\"async\" width=\"400\" height=\"166\" src=\"https:\/\/www.wcb.mb.ca\/uploads\/2025\/02\/SWOT_4c.png\" class=\"c-imageBoxList__itemImage\" alt=\"Travailleurs de demain SAIN et SAUF\" srcset=\"https:\/\/www.wcb.mb.ca\/uploads\/2025\/02\/SWOT_4c.png 400w, https:\/\/www.wcb.mb.ca\/uploads\/2025\/02\/SWOT_4c-300x125.png 300w\" sizes=\"(max-width: 400px) 100vw, 400px\" \/><div class=\"c-imageBoxList__itemContent\"><div class=\"c-imageBoxList__itemTitle\"><span >Travailleurs de demain SAIN et SAUF<\/span><\/div><div class=\"c-imageBoxList__itemDescription\"><span >Formation pour jeunes travailleurs dans les \u00e9coles du Manitoba<\/span><\/div><\/div><a class=\"c-imageBoxList__itemBtn g-btn\" href=\"https:\/\/workersoftomorrow.com\/\" aria-label=\"Apprenez-en plus Travailleurs de demain SAIN et SAUF\"href=\"https:\/\/workersoftomorrow.com\/\" target=\"_blank\"><span >Apprenez-en plus<\/span><\/a><\/div><\/div>\t\t\t\t<\/div>\n\t\t\t\t<\/div>\n\t\t\t\t\t<\/div>\n\t\t\t\t<\/div>\n\t\t\t\t<\/div>\n\t\t","protected":false},"excerpt":{"rendered":"<p>Programmes de s\u00e9curit\u00e9 propres aux industries Le Manitoba compte de nombreux programmes de s\u00e9curit\u00e9 propres aux industries (PSPI) qui travaillent en partenariat avec la WCB et notre division SAIN et SAUF au travail Manitoba afin de prot\u00e9ger les travailleurs au travail. Les PSPI assurent des services de pr\u00e9vention des blessures aux employeurs \u00e9voluant dans des [&hellip;]<\/p>\n","protected":false},"author":1,"featured_media":0,"parent":21786,"menu_order":0,"comment_status":"closed","ping_status":"closed","template":"","meta":{"_acf_changed":false,"footnotes":""},"tags":[],"class_list":["post-20354","page","type-page","status-publish","hentry"],"acf":[],"_links":{"self":[{"href":"https:\/\/www.wcb.mb.ca\/fr\/wp-json\/wp\/v2\/pages\/20354","targetHints":{"allow":["GET"]}}],"collection":[{"href":"https:\/\/www.wcb.mb.ca\/fr\/wp-json\/wp\/v2\/pages"}],"about":[{"href":"https:\/\/www.wcb.mb.ca\/fr\/wp-json\/wp\/v2\/types\/page"}],"author":[{"embeddable":true,"href":"https:\/\/www.wcb.mb.ca\/fr\/wp-json\/wp\/v2\/users\/1"}],"replies":[{"embeddable":true,"href":"https:\/\/www.wcb.mb.ca\/fr\/wp-json\/wp\/v2\/comments?post=20354"}],"version-history":[{"count":5,"href":"https:\/\/www.wcb.mb.ca\/fr\/wp-json\/wp\/v2\/pages\/20354\/revisions"}],"predecessor-version":[{"id":22654,"href":"https:\/\/www.wcb.mb.ca\/fr\/wp-json\/wp\/v2\/pages\/20354\/revisions\/22654"}],"up":[{"embeddable":true,"href":"https:\/\/www.wcb.mb.ca\/fr\/wp-json\/wp\/v2\/pages\/21786"}],"wp:attachment":[{"href":"https:\/\/www.wcb.mb.ca\/fr\/wp-json\/wp\/v2\/media?parent=20354"}],"wp:term":[{"taxonomy":"post_tag","embeddable":true,"href":"https:\/\/www.wcb.mb.ca\/fr\/wp-json\/wp\/v2\/tags?post=20354"}],"curies":[{"name":"wp","href":"https:\/\/api.w.org\/{rel}","templated":true}]}}