{"id":20343,"date":"2025-03-17T16:10:26","date_gmt":"2025-03-17T20:10:26","guid":{"rendered":"https:\/\/www.wcb.mb.ca\/?page_id=20343"},"modified":"2026-04-02T20:22:20","modified_gmt":"2026-04-03T00:22:20","slug":"taux-dindemnite-kilometrage-et-frais","status":"publish","type":"page","link":"https:\/\/www.wcb.mb.ca\/fr\/travailleurs\/formulaires-et-ressources\/taux-dindemnite-kilometrage-et-frais\/","title":{"rendered":"Taux d\u2019indemnit\u00e9 \u2013 Kilom\u00e9trage et frais"},"content":{"rendered":"\t\t<div data-elementor-type=\"wp-page\" data-elementor-id=\"20343\" class=\"elementor elementor-20343 elementor-10364\" data-elementor-post-type=\"page\">\n\t\t\t\t<div class=\"elementor-element elementor-element-badaac0 e-flex e-con-boxed e-con e-parent\" data-id=\"badaac0\" data-element_type=\"container\" data-e-type=\"container\">\n\t\t\t\t\t<div class=\"e-con-inner\">\n\t\t\t\t<div class=\"elementor-element elementor-element-71622da elementor-widget elementor-widget-st-header-image\" data-id=\"71622da\" data-element_type=\"widget\" data-e-type=\"widget\" data-widget_type=\"st-header-image.default\">\n\t\t\t\t<div class=\"elementor-widget-container\">\n\t\t\t\t\t<div class=\"c-headerImage g-layout__padding c-headerImage--noImage\"><div class=\"c-headerImage__container g-layout__maxWidth\"><div class=\"c-headerImage__content\"><div ><h1>Taux d\u2019indemnit\u00e9 \u2013 Kilom\u00e9trage et frais<\/h1><\/div><\/div><\/div><\/div>\t\t\t\t<\/div>\n\t\t\t\t<\/div>\n\t\t\t\t\t<\/div>\n\t\t\t\t<\/div>\n\t\t<div class=\"elementor-element elementor-element-da7f10c e-grid e-con-boxed e-con e-parent\" data-id=\"da7f10c\" data-element_type=\"container\" data-e-type=\"container\">\n\t\t\t\t\t<div class=\"e-con-inner\">\n\t\t<div class=\"elementor-element elementor-element-497e8805 e-con-full e-flex e-con e-child\" data-id=\"497e8805\" data-element_type=\"container\" data-e-type=\"container\">\n\t\t\t\t<div class=\"elementor-element elementor-element-c5f7cf9 elementor-widget elementor-widget-text-editor\" data-id=\"c5f7cf9\" data-element_type=\"widget\" data-e-type=\"widget\" data-widget_type=\"text-editor.default\">\n\t\t\t\t<div class=\"elementor-widget-container\">\n\t\t\t\t\t\t\t\t\t<p>Le taux d\u2019indemnit\u00e9 pour le kilom\u00e9trage est recalcul\u00e9 quatre fois par ann\u00e9e. Le taux d\u2019indemnit\u00e9 de repas est recalcul\u00e9 deux fois par ann\u00e9e.<\/p>\n\t\t\t\t\t\t\t\t<\/div>\n\t\t\t\t<\/div>\n\t\t\t\t<div class=\"elementor-element elementor-element-50e1dff7 elementor-widget__width-initial elementor-widget elementor-widget-text-editor\" data-id=\"50e1dff7\" data-element_type=\"widget\" data-e-type=\"widget\" data-widget_type=\"text-editor.default\">\n\t\t\t\t<div class=\"elementor-widget-container\">\n\t\t\t\t\t\t\t\t\t<h2>Indemnit\u00e9 pour le kilom\u00e9trage<\/h2>\n<table style=\"width: 100%;\" aria-rowcount=\"5\">\n<thead>\n<tr aria-rowindex=\"1\">\n<td data-celllook=\"0\">\u00a0<\/td>\n<th data-celllook=\"0\">\n<p>2026<\/p>\n<\/th>\n<th data-celllook=\"0\">\n<p>2025<\/p>\n<\/th>\n<th data-celllook=\"0\">\n<p>2024<\/p>\n<\/th>\n<th data-celllook=\"0\">\n<p>2023<\/p>\n<\/th>\n<th data-celllook=\"0\">\n<p>2022<\/p>\n<\/th>\n<th data-celllook=\"0\">\n<p>2021<\/p>\n<\/th>\n<\/tr>\n<\/thead>\n<tbody>\n<tr aria-rowindex=\"2\">\n<th data-celllook=\"0\">\n<p>De janvier \u00e0 mars<\/p>\n<\/th>\n<td data-celllook=\"0\">\n<p>0,40\u00a0$<\/p>\n<\/td>\n<td data-celllook=\"0\">\n<p>0,41\u00a0$<\/p>\n<\/td>\n<td data-celllook=\"0\">\n<p>0,45\u00a0$<\/p>\n<\/td>\n<td data-celllook=\"0\">\n<p>0,49\u00a0$<\/p>\n<\/td>\n<td data-celllook=\"0\">\n<p>0,43\u00a0$<\/p>\n<\/td>\n<td data-celllook=\"0\">\n<p>0,35\u00a0$<\/p>\n<\/td>\n<\/tr>\n<tr aria-rowindex=\"3\">\n<th data-celllook=\"0\">\n<p>D\u2019avril \u00e0 juin<\/p>\n<\/th>\n<td data-celllook=\"0\">0,42 $<\/td>\n<td data-celllook=\"0\">\n<p>0,46\u00a0$<\/p>\n<\/td>\n<td data-celllook=\"0\">\n<p>0,41\u00a0$<\/p>\n<\/td>\n<td data-celllook=\"0\">\n<p>0,46\u00a0$<\/p>\n<\/td>\n<td data-celllook=\"0\">\n<p>0,46\u00a0$<\/p>\n<\/td>\n<td data-celllook=\"0\">\n<p>0,37\u00a0$<\/p>\n<\/td>\n<\/tr>\n<tr aria-rowindex=\"4\">\n<th data-celllook=\"0\">\n<p>De juillet \u00e0 septembre\u00a0<\/p>\n<\/th>\n<td data-celllook=\"0\">\u00a0<\/td>\n<td data-celllook=\"0\">\n<p>0,42\u00a0$<\/p>\n<\/td>\n<td data-celllook=\"0\">\n<p>0,44\u00a0$<\/p>\n<\/td>\n<td data-celllook=\"0\">\n<p>0,48\u00a0$<\/p>\n<\/td>\n<td data-celllook=\"0\">\n<p>0,52\u00a0$<\/p>\n<\/td>\n<td data-celllook=\"0\">\n<p>0,41\u00a0$<\/p>\n<\/td>\n<\/tr>\n<tr aria-rowindex=\"5\">\n<th data-celllook=\"0\">\n<p>D\u2019octobre \u00e0 d\u00e9cembre\u00a0<\/p>\n<\/th>\n<td style=\"text-align: left;\" data-celllook=\"0\">\u00a0<\/td>\n<td data-celllook=\"0\">0,43\u00a0$<\/td>\n<td data-celllook=\"0\">\n<p>0,44\u00a0$<\/p>\n<\/td>\n<td data-celllook=\"0\">\n<p>0,48\u00a0$<\/p>\n<\/td>\n<td data-celllook=\"0\">\n<p>0,51\u00a0$<\/p>\n<\/td>\n<td data-celllook=\"0\">\n<p>0,42\u00a0$<\/p>\n<\/td>\n<\/tr>\n<\/tbody>\n<\/table>\n\t\t\t\t\t\t\t\t<\/div>\n\t\t\t\t<\/div>\n\t\t\t\t<div class=\"elementor-element elementor-element-3436c0e elementor-widget__width-initial elementor-widget elementor-widget-text-editor\" data-id=\"3436c0e\" data-element_type=\"widget\" data-e-type=\"widget\" data-widget_type=\"text-editor.default\">\n\t\t\t\t<div class=\"elementor-widget-container\">\n\t\t\t\t\t\t\t\t\t<h2>Indemnit\u00e9 de repas<\/h2>\n<table style=\"width: 100%;\" aria-rowcount=\"10\">\n<thead>\n<tr>\n<td scope=\"col\">&nbsp;<\/td>\n<th scope=\"col\">2026<\/th>\n<th scope=\"col\">2025<\/th>\n<th scope=\"col\">2024<\/th>\n<th scope=\"col\">2023<\/th>\n<th scope=\"col\">2022<\/th>\n<th scope=\"col\">2021<\/th>\n<\/tr>\n<\/thead>\n<tbody aria-label=\"January to June\">\n<tr>\n<th style=\"text-align: center;\" colspan=\"7\" scope=\"rowgroup\"><strong>De janvier \u00e0 juin<\/strong><\/th>\n<\/tr>\n<tr>\n<th scope=\"row\">D\u00e9jeuner<\/th>\n<td>13,80\u00a0$<\/td>\n<td>13,50\u00a0$<\/td>\n<td>13,15\u00a0$<\/td>\n<td>12,45\u00a0$<\/td>\n<td>11,45\u00a0$<\/td>\n<td>11,20\u00a0$<\/td>\n<\/tr>\n<tr>\n<th scope=\"row\">D\u00eener<\/th>\n<td>18,95\u00a0$<\/td>\n<td>18,45\u00a0$<\/td>\n<td>18,00\u00a0$<\/td>\n<td>17,05\u00a0$<\/td>\n<td>15,65\u00a0$<\/td>\n<td>15,25\u00a0$<\/td>\n<\/tr>\n<tr>\n<th scope=\"row\">Souper<\/th>\n<td>37,00\u00a0$<\/td>\n<td>36,10\u00a0$<\/td>\n<td>35,20\u00a0$<\/td>\n<td>33,30\u00a0$<\/td>\n<td>30,60\u00a0$<\/td>\n<td>29,80\u00a0$<\/td>\n<\/tr>\n<tr>\n<th scope=\"row\">Journ\u00e9e compl\u00e8te<\/th>\n<td>69,75\u00a0$<\/td>\n<td>68,05\u00a0$<\/td>\n<td>66,35\u00a0$<\/td>\n<td>62,80\u00a0$<\/td>\n<td>57,70\u00a0$<\/td>\n<td>56,25\u00a0$<\/td>\n<\/tr>\n<\/tbody>\n<tbody aria-label=\"July to December\">\n<tr>\n<th style=\"text-align: center;\" colspan=\"7\" scope=\"rowgroup\"><strong>De juillet \u00e0 d\u00e9cembre<\/strong><\/th>\n<\/tr>\n<tr>\n<th scope=\"row\">D\u00e9jeuner<\/th>\n<td>&nbsp;<\/td>\n<td>13,65\u00a0$<\/td>\n<td>13,40\u00a0$<\/td>\n<td>11,75\u00a0$<\/td>\n<td>11,25\u00a0$<\/td>\n<td>11,00\u00a0$<\/td>\n<\/tr>\n<tr>\n<th scope=\"row\">D\u00eener<\/th>\n<td>&nbsp;<\/td>\n<td>18,70\u00a0$<\/td>\n<td>18,30\u00a0$<\/td>\n<td>16,10\u00a0$<\/td>\n<td>15,53\u00a0$<\/td>\n<td>14,95\u00a0$<\/td>\n<\/tr>\n<tr>\n<th scope=\"row\">Souper<\/th>\n<td>&nbsp;<\/td>\n<td>36,55\u00a0$<\/td>\n<td>35,80\u00a0$<\/td>\n<td>31,45\u00a0$<\/td>\n<td>30,00\u00a0$<\/td>\n<td>29,20\u00a0$<\/td>\n<\/tr>\n<tr>\n<th scope=\"row\">Journ\u00e9e compl\u00e8te<\/th>\n<td>&nbsp;<\/td>\n<td>68,90\u00a0$<\/td>\n<td>67,50\u00a0$<\/td>\n<td>59,30\u00a0$<\/td>\n<td>56,60\u00a0$<\/td>\n<td>55,15\u00a0$<\/td>\n<\/tr>\n<\/tbody>\n<\/table>\n\t\t\t\t\t\t\t\t<\/div>\n\t\t\t\t<\/div>\n\t\t\t\t<\/div>\n\t\t<div class=\"elementor-element elementor-element-4aa77d7 e-con-full e-flex e-con e-child\" data-id=\"4aa77d7\" data-element_type=\"container\" data-e-type=\"container\" data-settings=\"{&quot;background_background&quot;:&quot;classic&quot;}\">\n\t\t\t\t<div class=\"elementor-element elementor-element-15bf64e7 elementor-widget elementor-widget-st-cats\" data-id=\"15bf64e7\" data-element_type=\"widget\" data-e-type=\"widget\" data-widget_type=\"st-cats.default\">\n\t\t\t\t<div class=\"elementor-widget-container\">\n\t\t\t\t\t<div class=\"c-ctaList\"><\/div>\t\t\t\t<\/div>\n\t\t\t\t<\/div>\n\t\t\t\t<\/div>\n\t\t\t\t\t<\/div>\n\t\t\t\t<\/div>\n\t\t\t\t<\/div>\n\t\t","protected":false},"excerpt":{"rendered":"<p>Le taux d\u2019indemnit\u00e9 pour le kilom\u00e9trage est recalcul\u00e9 quatre fois par ann\u00e9e. Le taux d\u2019indemnit\u00e9 de repas est recalcul\u00e9 deux fois par ann\u00e9e. Indemnit\u00e9 pour le kilom\u00e9trage \u00a0 2026 2025 2024 2023 2022 2021 De janvier \u00e0 mars 0,40\u00a0$ 0,41\u00a0$ 0,45\u00a0$ 0,49\u00a0$ 0,43\u00a0$ 0,35\u00a0$ D\u2019avril \u00e0 juin 0,42 $ 0,46\u00a0$ 0,41\u00a0$ 0,46\u00a0$ 0,46\u00a0$ 0,37\u00a0$ De [&hellip;]<\/p>\n","protected":false},"author":1,"featured_media":0,"parent":20341,"menu_order":0,"comment_status":"closed","ping_status":"closed","template":"","meta":{"_acf_changed":false,"footnotes":""},"tags":[],"class_list":["post-20343","page","type-page","status-publish","hentry"],"acf":[],"_links":{"self":[{"href":"https:\/\/www.wcb.mb.ca\/fr\/wp-json\/wp\/v2\/pages\/20343","targetHints":{"allow":["GET"]}}],"collection":[{"href":"https:\/\/www.wcb.mb.ca\/fr\/wp-json\/wp\/v2\/pages"}],"about":[{"href":"https:\/\/www.wcb.mb.ca\/fr\/wp-json\/wp\/v2\/types\/page"}],"author":[{"embeddable":true,"href":"https:\/\/www.wcb.mb.ca\/fr\/wp-json\/wp\/v2\/users\/1"}],"replies":[{"embeddable":true,"href":"https:\/\/www.wcb.mb.ca\/fr\/wp-json\/wp\/v2\/comments?post=20343"}],"version-history":[{"count":9,"href":"https:\/\/www.wcb.mb.ca\/fr\/wp-json\/wp\/v2\/pages\/20343\/revisions"}],"predecessor-version":[{"id":25147,"href":"https:\/\/www.wcb.mb.ca\/fr\/wp-json\/wp\/v2\/pages\/20343\/revisions\/25147"}],"up":[{"embeddable":true,"href":"https:\/\/www.wcb.mb.ca\/fr\/wp-json\/wp\/v2\/pages\/20341"}],"wp:attachment":[{"href":"https:\/\/www.wcb.mb.ca\/fr\/wp-json\/wp\/v2\/media?parent=20343"}],"wp:term":[{"taxonomy":"post_tag","embeddable":true,"href":"https:\/\/www.wcb.mb.ca\/fr\/wp-json\/wp\/v2\/tags?post=20343"}],"curies":[{"name":"wp","href":"https:\/\/api.w.org\/{rel}","templated":true}]}}