{"id":20341,"date":"2025-03-17T13:30:54","date_gmt":"2025-03-17T17:30:54","guid":{"rendered":"https:\/\/www.wcb.mb.ca\/?page_id=20341"},"modified":"2026-01-27T13:34:55","modified_gmt":"2026-01-27T18:34:55","slug":"formulaires-et-ressources","status":"publish","type":"page","link":"https:\/\/www.wcb.mb.ca\/fr\/travailleurs\/formulaires-et-ressources\/","title":{"rendered":"Formulaires et ressources"},"content":{"rendered":"\t\t<div data-elementor-type=\"wp-page\" data-elementor-id=\"20341\" class=\"elementor elementor-20341 elementor-10197\" data-elementor-post-type=\"page\">\n\t\t\t\t<div class=\"elementor-element elementor-element-e3c18a9 e-flex e-con-boxed e-con e-parent\" data-id=\"e3c18a9\" data-element_type=\"container\" data-e-type=\"container\">\n\t\t\t\t\t<div class=\"e-con-inner\">\n\t\t\t\t<div class=\"elementor-element elementor-element-0f70d07 elementor-widget elementor-widget-st-header-image\" data-id=\"0f70d07\" data-element_type=\"widget\" data-e-type=\"widget\" data-widget_type=\"st-header-image.default\">\n\t\t\t\t<div class=\"elementor-widget-container\">\n\t\t\t\t\t<div class=\"c-headerImage g-layout__padding c-headerImage--noImage\"><div class=\"c-headerImage__container g-layout__maxWidth\"><div class=\"c-headerImage__content\"><div ><h1>Formulaires et ressources<\/h1><\/div><\/div><\/div><\/div>\t\t\t\t<\/div>\n\t\t\t\t<\/div>\n\t\t\t\t\t<\/div>\n\t\t\t\t<\/div>\n\t\t<div class=\"elementor-element elementor-element-242ae46a e-grid e-con-boxed e-con e-parent\" data-id=\"242ae46a\" data-element_type=\"container\" data-e-type=\"container\">\n\t\t\t\t\t<div class=\"e-con-inner\">\n\t\t<div class=\"elementor-element elementor-element-47697aaf e-con-full e-flex e-con e-child\" data-id=\"47697aaf\" data-element_type=\"container\" data-e-type=\"container\">\n\t\t\t\t<div class=\"elementor-element elementor-element-329582ab elementor-widget__width-initial elementor-widget elementor-widget-text-editor\" data-id=\"329582ab\" data-element_type=\"widget\" data-e-type=\"widget\" data-widget_type=\"text-editor.default\">\n\t\t\t\t<div class=\"elementor-widget-container\">\n\t\t\t\t\t\t\t\t\t<h2>Formulaires<\/h2>\n<p>Toutes les ressources sont disponibles dans d\u2019autres formats. Pri\u00e8re de remplir le <a href=\"https:\/\/www.wcb.mb.ca\/fr\/?page_id=1894\">formulaire de contact<\/a> pour soumettre une demande.<\/p>\t\t\t\t\t\t\t\t<\/div>\n\t\t\t\t<\/div>\n\t\t\t\t<div class=\"elementor-element elementor-element-79a0905 elementor-widget elementor-widget-st-download-list\" data-id=\"79a0905\" data-element_type=\"widget\" data-e-type=\"widget\" data-widget_type=\"st-download-list.default\">\n\t\t\t\t<div class=\"elementor-widget-container\">\n\t\t\t\t\t<div class=\"c-downloadList c-downloadList--list\"><div class=\"c-downloadList__list\"><div class=\"c-downloadList__itemWrap\"><a class=\"c-downloadList__item\" href=\"https:\/\/www.wcb.mb.ca\/uploads\/2026\/01\/0271.pdf\" target=\"_blank\"><div class=\"c-downloadList__itemText\"><span >Formulaire de d\u00e9p\u00f4t direct \u2013 Travailleur<\/span><div class=\"c-downloadList__itemDescription\"><span ><\/span><\/div><\/div><span class=\"c-downloadList__itemBtn\"><span class=\"g-icon--download\"><\/span> T\u00e9l\u00e9charger<\/span><\/a><\/div><div class=\"c-downloadList__itemWrap\"><a class=\"c-downloadList__item\" href=\"https:\/\/www.wcb.mb.ca\/uploads\/2026\/01\/0680.pdf\" target=\"_blank\"><div class=\"c-downloadList__itemText\"><span >Formulaire pour lunettes<\/span><div class=\"c-downloadList__itemDescription\"><span ><\/span><\/div><\/div><span class=\"c-downloadList__itemBtn\"><span class=\"g-icon--download\"><\/span> T\u00e9l\u00e9charger<\/span><\/a><\/div><div class=\"c-downloadList__itemWrap\"><a class=\"c-downloadList__item\" href=\"https:\/\/www.wcb.mb.ca\/uploads\/2026\/01\/0681.pdf\" target=\"_blank\"><div class=\"c-downloadList__itemText\"><span >Rapport de perte auditive \u2013 Travailleur<\/span><div class=\"c-downloadList__itemDescription\"><span ><\/span><\/div><\/div><span class=\"c-downloadList__itemBtn\"><span class=\"g-icon--download\"><\/span> T\u00e9l\u00e9charger<\/span><\/a><\/div><div class=\"c-downloadList__itemWrap\"><a class=\"c-downloadList__item\" href=\"https:\/\/www.wcb.mb.ca\/uploads\/2026\/01\/0684.pdf\" target=\"_blank\"><div class=\"c-downloadList__itemText\"><span >Rapport d\u2019incident \u2013 Travailleur<\/span><div class=\"c-downloadList__itemDescription\"><span ><\/span><\/div><\/div><span class=\"c-downloadList__itemBtn\"><span class=\"g-icon--download\"><\/span> T\u00e9l\u00e9charger<\/span><\/a><\/div><div class=\"c-downloadList__itemWrap\"><a class=\"c-downloadList__item\" href=\"https:\/\/www.wcb.mb.ca\/uploads\/2026\/01\/0872.pdf\" target=\"_blank\"><div class=\"c-downloadList__itemText\"><span >D\u00e9claration de blessure \u00e0 l\u2019employeur (aussi appel\u00e9e \u00ab\u00a0carte verte\u00a0\u00bb)<\/span><div class=\"c-downloadList__itemDescription\"><span ><\/span><\/div><\/div><span class=\"c-downloadList__itemBtn\"><span class=\"g-icon--download\"><\/span> T\u00e9l\u00e9charger<\/span><\/a><\/div><div class=\"c-downloadList__itemWrap\"><a class=\"c-downloadList__item\" href=\"https:\/\/www.wcb.mb.ca\/uploads\/2026\/01\/0297.pdf\" target=\"_blank\"><div class=\"c-downloadList__itemText\"><span >Entente de traitement aux opio\u00efdes<\/span><div class=\"c-downloadList__itemDescription\"><span ><\/span><\/div><\/div><span class=\"c-downloadList__itemBtn\"><span class=\"g-icon--download\"><\/span> T\u00e9l\u00e9charger<\/span><\/a><\/div><div class=\"c-downloadList__itemWrap\"><a class=\"c-downloadList__item\" href=\"https:\/\/www.wcb.mb.ca\/uploads\/2026\/01\/0682.pdf\" target=\"_blank\"><div class=\"c-downloadList__itemText\"><span >Formulaire de demande de r\u00e9vision \u2013 Travailleur<\/span><div class=\"c-downloadList__itemDescription\"><span ><\/span><\/div><\/div><span class=\"c-downloadList__itemBtn\"><span class=\"g-icon--download\"><\/span> T\u00e9l\u00e9charger<\/span><\/a><\/div><div class=\"c-downloadList__itemWrap\"><a class=\"c-downloadList__item\" href=\"https:\/\/www.wcb.mb.ca\/uploads\/2026\/01\/0683.pdf\" target=\"_blank\"><div class=\"c-downloadList__itemText\"><span >Formulaire de frais de transport, de stationnement, m\u00e9dicaux et personnels \u2013 Travailleur<\/span><div class=\"c-downloadList__itemDescription\"><span ><\/span><\/div><\/div><span class=\"c-downloadList__itemBtn\"><span class=\"g-icon--download\"><\/span> T\u00e9l\u00e9charger<\/span><\/a><\/div><\/div><\/div>\t\t\t\t<\/div>\n\t\t\t\t<\/div>\n\t\t\t\t<div class=\"elementor-element elementor-element-abfe840 elementor-widget__width-initial elementor-widget elementor-widget-text-editor\" data-id=\"abfe840\" data-element_type=\"widget\" data-e-type=\"widget\" data-widget_type=\"text-editor.default\">\n\t\t\t\t<div class=\"elementor-widget-container\">\n\t\t\t\t\t\t\t\t\t<h2>Ressources<\/h2>\n<p><a href=\"https:\/\/www.wcb.mb.ca\/fr\/travailleurs\/formulaires-et-ressources\/taux-dindemnite-kilometrage-et-frais\/\">Taux d\u2019indemnit\u00e9 \u2013 Kilom\u00e9trage et frais<\/a><\/p>\n\t\t\t\t\t\t\t\t<\/div>\n\t\t\t\t<\/div>\n\t\t\t\t<\/div>\n\t\t<div class=\"elementor-element elementor-element-48a56342 e-con-full e-flex e-con e-child\" data-id=\"48a56342\" data-element_type=\"container\" data-e-type=\"container\" data-settings=\"{&quot;background_background&quot;:&quot;classic&quot;}\">\n\t\t\t\t<div class=\"elementor-element elementor-element-79e516fb elementor-widget elementor-widget-st-cats\" data-id=\"79e516fb\" data-element_type=\"widget\" data-e-type=\"widget\" data-widget_type=\"st-cats.default\">\n\t\t\t\t<div class=\"elementor-widget-container\">\n\t\t\t\t\t<div class=\"c-ctaList\"><\/div>\t\t\t\t<\/div>\n\t\t\t\t<\/div>\n\t\t\t\t<\/div>\n\t\t\t\t\t<\/div>\n\t\t\t\t<\/div>\n\t\t\t\t<\/div>\n\t\t","protected":false},"excerpt":{"rendered":"<p>Formulaires et ressources Formulaires Toutes les ressources sont disponibles dans d\u2019autres formats. Pri\u00e8re de remplir le formulaire de contact pour soumettre une demande. Formulaire de d\u00e9p\u00f4t direct \u2013 Travailleur T\u00e9l\u00e9chargerFormulaire pour lunettes T\u00e9l\u00e9chargerRapport de perte auditive \u2013 Travailleur T\u00e9l\u00e9chargerRapport d\u2019incident \u2013 Travailleur T\u00e9l\u00e9chargerD\u00e9claration de blessure \u00e0 l\u2019employeur (aussi appel\u00e9e \u00ab\u00a0carte verte\u00a0\u00bb) T\u00e9l\u00e9chargerEntente de traitement aux [&hellip;]<\/p>\n","protected":false},"author":1,"featured_media":0,"parent":1896,"menu_order":0,"comment_status":"closed","ping_status":"closed","template":"","meta":{"_acf_changed":false,"footnotes":""},"tags":[],"class_list":["post-20341","page","type-page","status-publish","hentry"],"acf":[],"_links":{"self":[{"href":"https:\/\/www.wcb.mb.ca\/fr\/wp-json\/wp\/v2\/pages\/20341","targetHints":{"allow":["GET"]}}],"collection":[{"href":"https:\/\/www.wcb.mb.ca\/fr\/wp-json\/wp\/v2\/pages"}],"about":[{"href":"https:\/\/www.wcb.mb.ca\/fr\/wp-json\/wp\/v2\/types\/page"}],"author":[{"embeddable":true,"href":"https:\/\/www.wcb.mb.ca\/fr\/wp-json\/wp\/v2\/users\/1"}],"replies":[{"embeddable":true,"href":"https:\/\/www.wcb.mb.ca\/fr\/wp-json\/wp\/v2\/comments?post=20341"}],"version-history":[{"count":7,"href":"https:\/\/www.wcb.mb.ca\/fr\/wp-json\/wp\/v2\/pages\/20341\/revisions"}],"predecessor-version":[{"id":23088,"href":"https:\/\/www.wcb.mb.ca\/fr\/wp-json\/wp\/v2\/pages\/20341\/revisions\/23088"}],"up":[{"embeddable":true,"href":"https:\/\/www.wcb.mb.ca\/fr\/wp-json\/wp\/v2\/pages\/1896"}],"wp:attachment":[{"href":"https:\/\/www.wcb.mb.ca\/fr\/wp-json\/wp\/v2\/media?parent=20341"}],"wp:term":[{"taxonomy":"post_tag","embeddable":true,"href":"https:\/\/www.wcb.mb.ca\/fr\/wp-json\/wp\/v2\/tags?post=20341"}],"curies":[{"name":"wp","href":"https:\/\/api.w.org\/{rel}","templated":true}]}}