{"id":20335,"date":"2025-03-17T13:29:14","date_gmt":"2025-03-17T17:29:14","guid":{"rendered":"https:\/\/www.wcb.mb.ca\/?page_id=20335"},"modified":"2026-04-08T18:19:42","modified_gmt":"2026-04-08T22:19:42","slug":"blessures-psychologiques","status":"publish","type":"page","link":"https:\/\/www.wcb.mb.ca\/fr\/travailleurs\/blessures-psychologiques\/","title":{"rendered":"Blessures psychologiques"},"content":{"rendered":"\t\t<div data-elementor-type=\"wp-page\" data-elementor-id=\"20335\" class=\"elementor elementor-20335 elementor-10193\" data-elementor-post-type=\"page\">\n\t\t\t\t<div class=\"elementor-element elementor-element-5d03a8a e-flex e-con-boxed e-con e-parent\" data-id=\"5d03a8a\" data-element_type=\"container\" data-e-type=\"container\">\n\t\t\t\t\t<div class=\"e-con-inner\">\n\t\t\t\t<div class=\"elementor-element elementor-element-c6e4c31 elementor-widget elementor-widget-st-header-image\" data-id=\"c6e4c31\" data-element_type=\"widget\" data-e-type=\"widget\" data-widget_type=\"st-header-image.default\">\n\t\t\t\t<div class=\"elementor-widget-container\">\n\t\t\t\t\t<div class=\"c-headerImage g-layout__padding c-headerImage--noImage\"><div class=\"c-headerImage__container g-layout__maxWidth\"><div class=\"c-headerImage__content\"><div ><h1>Blessures psychologiques<\/h1><\/div><\/div><\/div><\/div>\t\t\t\t<\/div>\n\t\t\t\t<\/div>\n\t\t\t\t\t<\/div>\n\t\t\t\t<\/div>\n\t\t<div class=\"elementor-element elementor-element-29966e08 e-grid e-con-boxed e-con e-parent\" data-id=\"29966e08\" data-element_type=\"container\" data-e-type=\"container\">\n\t\t\t\t\t<div class=\"e-con-inner\">\n\t\t<div class=\"elementor-element elementor-element-4ab652ca e-con-full e-flex e-con e-child\" data-id=\"4ab652ca\" data-element_type=\"container\" data-e-type=\"container\">\n\t\t\t\t<div class=\"elementor-element elementor-element-aab4e7 elementor-widget__width-initial elementor-widget elementor-widget-text-editor\" data-id=\"aab4e7\" data-element_type=\"widget\" data-e-type=\"widget\" data-widget_type=\"text-editor.default\">\n\t\t\t\t<div class=\"elementor-widget-container\">\n\t\t\t\t\t\t\t\t\t<p>La sant\u00e9 et la s\u00e9curit\u00e9 psychologiques en milieu de travail continuent d\u2019\u00eatre un sujet de conversation important au Manitoba. Les blessures psychologiques d\u00e9coulant du milieu de travail ont des effets majeurs sur les travailleurs et les employeurs. Elles p\u00e8sent lourd sur la vie personnelle des travailleurs et ont des r\u00e9percussions sur l\u2019expertise et la productivit\u00e9 des employeurs.<\/p><p>Tous les syst\u00e8mes d\u2019indemnisation des travailleurs, y compris celui du Manitoba, couvrent les blessures psychologiques caus\u00e9es par des \u00e9v\u00e9nements traumatiques survenant au travail ou d\u00e9coulant de celui-ci. L\u2019indemnisation des blessures psychologiques entra\u00een\u00e9es par le harc\u00e8lement ou l\u2019intimidation en milieu de travail est disponible depuis de nombreuses ann\u00e9es au Manitoba.<\/p>\t\t\t\t\t\t\t\t<\/div>\n\t\t\t\t<\/div>\n\t\t\t\t<div class=\"elementor-element elementor-element-2b35fee elementor-widget__width-initial elementor-widget elementor-widget-text-editor\" data-id=\"2b35fee\" data-element_type=\"widget\" data-e-type=\"widget\" data-widget_type=\"text-editor.default\">\n\t\t\t\t<div class=\"elementor-widget-container\">\n\t\t\t\t\t\t\t\t\t<h2>Renseignements sur la politique<\/h2><p>La WCB reconna\u00eet qu\u2019une charge de travail excessive pendant une p\u00e9riode prolong\u00e9e peut, dans certaines circonstances, constituer un \u00e9v\u00e9nement traumatique et donner lieu \u00e0 une r\u00e9clamation recevable.\u00a0\u00a0\u00a0<\/p><p>Vous pouvez <a href=\"https:\/\/www.wcb.mb.ca\/policies\/adjudication-of-psychological-injuries\/\">lire la politique ici<\/a>.<\/p>\t\t\t\t\t\t\t\t<\/div>\n\t\t\t\t<\/div>\n\t\t\t\t<div class=\"elementor-element elementor-element-0e143a3 elementor-widget__width-initial elementor-widget elementor-widget-text-editor\" data-id=\"0e143a3\" data-element_type=\"widget\" data-e-type=\"widget\" data-widget_type=\"text-editor.default\">\n\t\t\t\t<div class=\"elementor-widget-container\">\n\t\t\t\t\t\t\t\t\t<h2>Pr\u00e9somption de TSPT<\/h2><p>Si un travailleur au Manitoba est expos\u00e9 \u00e0 certains types d\u2019\u00e9v\u00e9nements traumatiques et qu\u2019il re\u00e7oit un diagnostic de trouble de stress post-traumatique (TSPT), la WCB peut pr\u00e9sumer que le TSPT a \u00e9t\u00e9 caus\u00e9 par l\u2019emploi du travailleur, \u00e0 moins que le contraire ne soit prouv\u00e9.<\/p><p>Cette pr\u00e9somption vise \u00e0 r\u00e9duire la stigmatisation entourant la maladie mentale et, dans certains cas, \u00e0 simplifier l\u2019\u00e9tablissement d\u2019un lien de causalit\u00e9 entre le TSPT et l\u2019emploi du travailleur. Elle n\u2019est pas limit\u00e9e \u00e0 une profession sp\u00e9cifique, car la WCB reconna\u00eet que les \u00e9v\u00e9nements d\u00e9clencheurs du TSPT peuvent survenir dans n\u2019importe quel milieu de travail. La pr\u00e9somption s\u2019applique \u00e0 certains types de cas impliquant un TSPT et non aux autres blessures psychologiques associ\u00e9es au travail. Si l\u2019on peut prouver que le TSPT a \u00e9t\u00e9 caus\u00e9 par des probl\u00e8mes qui n\u2019ont rien \u00e0 avoir avec l\u2019emploi du travailleur, la pr\u00e9somption peut alors \u00eatre r\u00e9fut\u00e9e.<\/p><p>Un m\u00e9decin ou un psychologue doit diagnostiquer le travailleur en fonction du plus r\u00e9cent\u202f<em>Manuel diagnostique et statistique des troubles mentaux<\/em>\u202fpubli\u00e9 par l\u2019American Psychiatric Association.<\/p>\t\t\t\t\t\t\t\t<\/div>\n\t\t\t\t<\/div>\n\t\t\t\t<div class=\"elementor-element elementor-element-7a7c088 elementor-widget__width-initial elementor-widget elementor-widget-text-editor\" data-id=\"7a7c088\" data-element_type=\"widget\" data-e-type=\"widget\" data-widget_type=\"text-editor.default\">\n\t\t\t\t<div class=\"elementor-widget-container\">\n\t\t\t\t\t\t\t\t\t<h2>Soutien en sant\u00e9 mentale<\/h2>\n<p>Si vous ou un membre de votre famille \u00e9prouvez des difficult\u00e9s \u00e0 composer avec les effets de votre blessure, communiquez avec la ligne d\u2019\u00e9coute t\u00e9l\u00e9phonique de la WCB.\u00a0<\/p>\n<p>\u00c0 Winnipeg, composez le 204-786-8175.<\/p>\n<p>\u00c0 l\u2019ext\u00e9rieur de Winnipeg, composez le num\u00e9ro sans frais\u00a0: 1-800-719-3809.<\/p>\n<p>Des conseillers form\u00e9s du centre de sant\u00e9 communautaire Klinic sont disponibles pour vous aider 24\u00a0heures par jour, 7\u00a0jours par semaine. Ce service est totalement confidentiel et gratuit.<\/p>\n<p><strong>Lignes d\u2019\u00e9coute t\u00e9l\u00e9phonique<\/strong><\/p>\n<p>Si vous vivez une crise, demandez de l\u2019aide imm\u00e9diatement. Communiquez avec la\u202f<a href=\"https:\/\/klinic.mb.ca\/crisis-support\/\"><strong>ligne d\u2019\u00e9coute provinciale Klinic<\/strong><\/a>,\u202faccessible 24\u00a0heures sur 24 et 7\u00a0jours sur 7, au 204-786-8686 ou au 1-888-322-3019.<\/p>\n<p>Pour acc\u00e9der \u00e0 la <a href=\"https:\/\/www.canada.ca\/fr\/sante-publique\/nouvelles\/2023\/11\/9-8-8--ligne-daide-en-cas-de-crise-de-suicide.html\"><strong>ligne canadienne d\u2019aide en cas de crise de suicide<\/strong><\/a>, appelez ou envoyez un texto au 988 (disponible 24\u00a0heures par jour, 7\u00a0jours par semaine)<\/p>\n<p><strong>Soutien en dehors des moments de crise\u202f<\/strong><\/p>\n<p><a href=\"https:\/\/mb.211.ca\/\"><strong>Cliquez ici\u202fpour consulter une liste de contacts<\/strong><\/a>, divis\u00e9s par r\u00e9gion, qui vous redirigeront vers un service de prise en charge dans votre collectivit\u00e9.<\/p>\n\t\t\t\t\t\t\t\t<\/div>\n\t\t\t\t<\/div>\n\t\t\t\t<div class=\"elementor-element elementor-element-c1c0ae5 elementor-widget__width-initial elementor-widget elementor-widget-text-editor\" data-id=\"c1c0ae5\" data-element_type=\"widget\" data-e-type=\"widget\" data-widget_type=\"text-editor.default\">\n\t\t\t\t<div class=\"elementor-widget-container\">\n\t\t\t\t\t\t\t\t\t<h2><span class=\"TextRun SCXW66567928 BCX0\" lang=\"fr-ca\" data-contrast=\"none\"><span class=\"NormalTextRun SCXW66567928 BCX0\" data-ccp-parastyle=\"heading 2\">FAQ<\/span><\/span><\/h2>\n\t\t\t\t\t\t\t\t<\/div>\n\t\t\t\t<\/div>\n\t\t\t\t<div class=\"elementor-element elementor-element-e73a50f elementor-widget elementor-widget-n-accordion\" data-id=\"e73a50f\" data-element_type=\"widget\" data-e-type=\"widget\" data-settings=\"{&quot;default_state&quot;:&quot;all_collapsed&quot;,&quot;max_items_expended&quot;:&quot;one&quot;,&quot;n_accordion_animation_duration&quot;:{&quot;unit&quot;:&quot;ms&quot;,&quot;size&quot;:400,&quot;sizes&quot;:[]}}\" data-widget_type=\"nested-accordion.default\">\n\t\t\t\t<div class=\"elementor-widget-container\">\n\t\t\t\t\t\t\t<div class=\"e-n-accordion\" aria-label=\"Accordion. Open links with Enter or Space, close with Escape, and navigate with Arrow Keys\">\n\t\t\t\t\t\t<details id=\"e-n-accordion-item-2420\" class=\"e-n-accordion-item\" >\n\t\t\t\t<summary class=\"e-n-accordion-item-title\" data-accordion-index=\"1\" tabindex=\"0\" aria-expanded=\"false\" aria-controls=\"e-n-accordion-item-2420\" >\n\t\t\t\t\t<span class='e-n-accordion-item-title-header'><div class=\"e-n-accordion-item-title-text\"> Suis-je couvert par la WCB si je souffre de TSPT ou d\u2019une autre blessure psychologique? <\/div><\/span>\n\t\t\t\t\t\t\t<span class='e-n-accordion-item-title-icon'>\n\t\t\t<span class='e-opened' ><svg aria-hidden=\"true\" class=\"e-font-icon-svg e-fas-minus\" viewBox=\"0 0 448 512\" xmlns=\"http:\/\/www.w3.org\/2000\/svg\"><path d=\"M416 208H32c-17.67 0-32 14.33-32 32v32c0 17.67 14.33 32 32 32h384c17.67 0 32-14.33 32-32v-32c0-17.67-14.33-32-32-32z\"><\/path><\/svg><\/span>\n\t\t\t<span class='e-closed'><svg aria-hidden=\"true\" class=\"e-font-icon-svg e-fas-plus\" viewBox=\"0 0 448 512\" xmlns=\"http:\/\/www.w3.org\/2000\/svg\"><path d=\"M416 208H272V64c0-17.67-14.33-32-32-32h-32c-17.67 0-32 14.33-32 32v144H32c-17.67 0-32 14.33-32 32v32c0 17.67 14.33 32 32 32h144v144c0 17.67 14.33 32 32 32h32c17.67 0 32-14.33 32-32V304h144c17.67 0 32-14.33 32-32v-32c0-17.67-14.33-32-32-32z\"><\/path><\/svg><\/span>\n\t\t<\/span>\n\n\t\t\t\t\t\t<\/summary>\n\t\t\t\t<div role=\"region\" aria-labelledby=\"e-n-accordion-item-2420\" class=\"elementor-element elementor-element-ecced31 e-con-full e-flex e-con e-child\" data-id=\"ecced31\" data-element_type=\"container\" data-e-type=\"container\">\n\t\t\t\t<div class=\"elementor-element elementor-element-a04d823 elementor-widget elementor-widget-text-editor\" data-id=\"a04d823\" data-element_type=\"widget\" data-e-type=\"widget\" data-widget_type=\"text-editor.default\">\n\t\t\t\t<div class=\"elementor-widget-container\">\n\t\t\t\t\t\t\t\t\t<p>Les blessures psychologiques associ\u00e9es au travail, y compris le TSPT, ont toujours \u00e9t\u00e9 et continuent d\u2019\u00eatre couvertes par la WCB.<\/p>\n\t\t\t\t\t\t\t\t<\/div>\n\t\t\t\t<\/div>\n\t\t\t\t<\/div>\n\t\t\t\t\t<\/details>\n\t\t\t\t\t\t<details id=\"e-n-accordion-item-2421\" class=\"e-n-accordion-item\" >\n\t\t\t\t<summary class=\"e-n-accordion-item-title\" data-accordion-index=\"2\" tabindex=\"-1\" aria-expanded=\"false\" aria-controls=\"e-n-accordion-item-2421\" >\n\t\t\t\t\t<span class='e-n-accordion-item-title-header'><div class=\"e-n-accordion-item-title-text\"> Dois-je exercer une certaine profession pour \u00eatre couvert par la pr\u00e9somption de TSPT? <\/div><\/span>\n\t\t\t\t\t\t\t<span class='e-n-accordion-item-title-icon'>\n\t\t\t<span class='e-opened' ><svg aria-hidden=\"true\" class=\"e-font-icon-svg e-fas-minus\" viewBox=\"0 0 448 512\" xmlns=\"http:\/\/www.w3.org\/2000\/svg\"><path d=\"M416 208H32c-17.67 0-32 14.33-32 32v32c0 17.67 14.33 32 32 32h384c17.67 0 32-14.33 32-32v-32c0-17.67-14.33-32-32-32z\"><\/path><\/svg><\/span>\n\t\t\t<span class='e-closed'><svg aria-hidden=\"true\" class=\"e-font-icon-svg e-fas-plus\" viewBox=\"0 0 448 512\" xmlns=\"http:\/\/www.w3.org\/2000\/svg\"><path d=\"M416 208H272V64c0-17.67-14.33-32-32-32h-32c-17.67 0-32 14.33-32 32v144H32c-17.67 0-32 14.33-32 32v32c0 17.67 14.33 32 32 32h144v144c0 17.67 14.33 32 32 32h32c17.67 0 32-14.33 32-32V304h144c17.67 0 32-14.33 32-32v-32c0-17.67-14.33-32-32-32z\"><\/path><\/svg><\/span>\n\t\t<\/span>\n\n\t\t\t\t\t\t<\/summary>\n\t\t\t\t<div role=\"region\" aria-labelledby=\"e-n-accordion-item-2421\" class=\"elementor-element elementor-element-52580f1 e-con-full e-flex e-con e-child\" data-id=\"52580f1\" data-element_type=\"container\" data-e-type=\"container\">\n\t\t\t\t<div class=\"elementor-element elementor-element-a637b3d elementor-widget elementor-widget-text-editor\" data-id=\"a637b3d\" data-element_type=\"widget\" data-e-type=\"widget\" data-widget_type=\"text-editor.default\">\n\t\t\t\t<div class=\"elementor-widget-container\">\n\t\t\t\t\t\t\t\t\t<p>La protection pr\u00e9sum\u00e9e en cas de TSPT s\u2019applique \u00e0 tous les travailleurs qui sont couverts par l\u2019indemnisation des travailleurs au Manitoba, qui reconna\u00eet \u00e9galement que les \u00e9v\u00e9nements d\u00e9clencheurs du TSPT peuvent se produire dans tout milieu de travail.<\/p>\n\t\t\t\t\t\t\t\t<\/div>\n\t\t\t\t<\/div>\n\t\t\t\t<\/div>\n\t\t\t\t\t<\/details>\n\t\t\t\t\t\t<details id=\"e-n-accordion-item-2422\" class=\"e-n-accordion-item\" >\n\t\t\t\t<summary class=\"e-n-accordion-item-title\" data-accordion-index=\"3\" tabindex=\"-1\" aria-expanded=\"false\" aria-controls=\"e-n-accordion-item-2422\" >\n\t\t\t\t\t<span class='e-n-accordion-item-title-header'><div class=\"e-n-accordion-item-title-text\"> La protection pr\u00e9sum\u00e9e en cas de TSPT garantit-elle que la WCB acceptera ma r\u00e9clamation? <\/div><\/span>\n\t\t\t\t\t\t\t<span class='e-n-accordion-item-title-icon'>\n\t\t\t<span class='e-opened' ><svg aria-hidden=\"true\" class=\"e-font-icon-svg e-fas-minus\" viewBox=\"0 0 448 512\" xmlns=\"http:\/\/www.w3.org\/2000\/svg\"><path d=\"M416 208H32c-17.67 0-32 14.33-32 32v32c0 17.67 14.33 32 32 32h384c17.67 0 32-14.33 32-32v-32c0-17.67-14.33-32-32-32z\"><\/path><\/svg><\/span>\n\t\t\t<span class='e-closed'><svg aria-hidden=\"true\" class=\"e-font-icon-svg e-fas-plus\" viewBox=\"0 0 448 512\" xmlns=\"http:\/\/www.w3.org\/2000\/svg\"><path d=\"M416 208H272V64c0-17.67-14.33-32-32-32h-32c-17.67 0-32 14.33-32 32v144H32c-17.67 0-32 14.33-32 32v32c0 17.67 14.33 32 32 32h144v144c0 17.67 14.33 32 32 32h32c17.67 0 32-14.33 32-32V304h144c17.67 0 32-14.33 32-32v-32c0-17.67-14.33-32-32-32z\"><\/path><\/svg><\/span>\n\t\t<\/span>\n\n\t\t\t\t\t\t<\/summary>\n\t\t\t\t<div role=\"region\" aria-labelledby=\"e-n-accordion-item-2422\" class=\"elementor-element elementor-element-5928094 e-con-full e-flex e-con e-child\" data-id=\"5928094\" data-element_type=\"container\" data-e-type=\"container\">\n\t\t\t\t<div class=\"elementor-element elementor-element-48b7d6b elementor-widget elementor-widget-text-editor\" data-id=\"48b7d6b\" data-element_type=\"widget\" data-e-type=\"widget\" data-widget_type=\"text-editor.default\">\n\t\t\t\t<div class=\"elementor-widget-container\">\n\t\t\t\t\t\t\t\t\t<p>La WCB enqu\u00eatera s\u00e9par\u00e9ment sur chaque r\u00e9clamation afin de d\u00e9terminer si elle est acceptable en vertu de la pr\u00e9somption ou d\u2019autres articles de la <em>Loi sur les accidents du travail<\/em> et des politiques de la WCB. La protection pr\u00e9sum\u00e9e ne garantit pas que votre r\u00e9clamation aupr\u00e8s de la WCB sera accept\u00e9e.<\/p>\n\t\t\t\t\t\t\t\t<\/div>\n\t\t\t\t<\/div>\n\t\t\t\t<\/div>\n\t\t\t\t\t<\/details>\n\t\t\t\t\t\t<details id=\"e-n-accordion-item-2423\" class=\"e-n-accordion-item\" >\n\t\t\t\t<summary class=\"e-n-accordion-item-title\" data-accordion-index=\"4\" tabindex=\"-1\" aria-expanded=\"false\" aria-controls=\"e-n-accordion-item-2423\" >\n\t\t\t\t\t<span class='e-n-accordion-item-title-header'><div class=\"e-n-accordion-item-title-text\"> Quels types de traitements la WCB couvre-t-elle? <\/div><\/span>\n\t\t\t\t\t\t\t<span class='e-n-accordion-item-title-icon'>\n\t\t\t<span class='e-opened' ><svg aria-hidden=\"true\" class=\"e-font-icon-svg e-fas-minus\" viewBox=\"0 0 448 512\" xmlns=\"http:\/\/www.w3.org\/2000\/svg\"><path d=\"M416 208H32c-17.67 0-32 14.33-32 32v32c0 17.67 14.33 32 32 32h384c17.67 0 32-14.33 32-32v-32c0-17.67-14.33-32-32-32z\"><\/path><\/svg><\/span>\n\t\t\t<span class='e-closed'><svg aria-hidden=\"true\" class=\"e-font-icon-svg e-fas-plus\" viewBox=\"0 0 448 512\" xmlns=\"http:\/\/www.w3.org\/2000\/svg\"><path d=\"M416 208H272V64c0-17.67-14.33-32-32-32h-32c-17.67 0-32 14.33-32 32v144H32c-17.67 0-32 14.33-32 32v32c0 17.67 14.33 32 32 32h144v144c0 17.67 14.33 32 32 32h32c17.67 0 32-14.33 32-32V304h144c17.67 0 32-14.33 32-32v-32c0-17.67-14.33-32-32-32z\"><\/path><\/svg><\/span>\n\t\t<\/span>\n\n\t\t\t\t\t\t<\/summary>\n\t\t\t\t<div role=\"region\" aria-labelledby=\"e-n-accordion-item-2423\" class=\"elementor-element elementor-element-3adb6e1 e-con-full e-flex e-con e-child\" data-id=\"3adb6e1\" data-element_type=\"container\" data-e-type=\"container\">\n\t\t\t\t<div class=\"elementor-element elementor-element-f3d65d7 elementor-widget elementor-widget-text-editor\" data-id=\"f3d65d7\" data-element_type=\"widget\" data-e-type=\"widget\" data-widget_type=\"text-editor.default\">\n\t\t\t\t<div class=\"elementor-widget-container\">\n\t\t\t\t\t\t\t\t\t<p>Parmi les co\u00fbts directement li\u00e9s \u00e0 votre blessure psychologique survenue en milieu de travail, les suivants peuvent \u00eatre couverts\u00a0:\u00a0<\/p>\n<ul>\n<li>les services psychologiques<\/li>\n<li>les m\u00e9dicaments (y compris les ordonnances)<\/li>\n<li>les autres co\u00fbts li\u00e9s aux soins de sant\u00e9 d\u00e9coulant de votre blessure survenue en milieu de travail<\/li>\n<\/ul>\n\t\t\t\t\t\t\t\t<\/div>\n\t\t\t\t<\/div>\n\t\t\t\t<\/div>\n\t\t\t\t\t<\/details>\n\t\t\t\t\t<\/div>\n\t\t\t\t\t<script type=\"application\/ld+json\">{\"@context\":\"https:\\\/\\\/schema.org\",\"@type\":\"FAQPage\",\"mainEntity\":[{\"@type\":\"Question\",\"name\":\"Suis-je couvert par la WCB si je souffre de TSPT ou d\\u2019une autre blessure psychologique?\",\"acceptedAnswer\":{\"@type\":\"Answer\",\"text\":\"Les blessures psychologiques associ\\u00e9es au travail, y compris le TSPT, ont toujours \\u00e9t\\u00e9 et continuent d\\u2019\\u00eatre couvertes par la WCB.\"}},{\"@type\":\"Question\",\"name\":\"Dois-je exercer une certaine profession pour \\u00eatre couvert par la pr\\u00e9somption de TSPT?\",\"acceptedAnswer\":{\"@type\":\"Answer\",\"text\":\"La protection pr\\u00e9sum\\u00e9e en cas de TSPT s\\u2019applique \\u00e0 tous les travailleurs qui sont couverts par l\\u2019indemnisation des travailleurs au Manitoba, qui reconna\\u00eet \\u00e9galement que les \\u00e9v\\u00e9nements d\\u00e9clencheurs du TSPT peuvent se produire dans tout milieu de travail.\"}},{\"@type\":\"Question\",\"name\":\"La protection pr\\u00e9sum\\u00e9e en cas de TSPT garantit-elle que la WCB acceptera ma r\\u00e9clamation?\",\"acceptedAnswer\":{\"@type\":\"Answer\",\"text\":\"La WCB enqu\\u00eatera s\\u00e9par\\u00e9ment sur chaque r\\u00e9clamation afin de d\\u00e9terminer si elle est acceptable en vertu de la pr\\u00e9somption ou d\\u2019autres articles de la Loi sur les accidents du travail et des politiques de la WCB. La protection pr\\u00e9sum\\u00e9e ne garantit pas que votre r\\u00e9clamation aupr\\u00e8s de la WCB sera accept\\u00e9e.\"}},{\"@type\":\"Question\",\"name\":\"Quels types de traitements la WCB couvre-t-elle?\",\"acceptedAnswer\":{\"@type\":\"Answer\",\"text\":\"Parmi les co\\u00fbts directement li\\u00e9s \\u00e0 votre blessure psychologique survenue en milieu de travail, les suivants peuvent \\u00eatre couverts\\u00a0:\\u00a0\\n\\nles services psychologiques\\nles m\\u00e9dicaments (y compris les ordonnances)\\nles autres co\\u00fbts li\\u00e9s aux soins de sant\\u00e9 d\\u00e9coulant de votre blessure survenue en milieu de travail\"}}]}<\/script>\n\t\t\t\t\t\t\t<\/div>\n\t\t\t\t<\/div>\n\t\t\t\t<\/div>\n\t\t<div class=\"elementor-element elementor-element-19f03385 e-con-full e-flex e-con e-child\" data-id=\"19f03385\" data-element_type=\"container\" data-e-type=\"container\" data-settings=\"{&quot;background_background&quot;:&quot;classic&quot;}\">\n\t\t\t\t<div class=\"elementor-element elementor-element-536d9968 elementor-widget elementor-widget-st-cats\" data-id=\"536d9968\" data-element_type=\"widget\" data-e-type=\"widget\" data-widget_type=\"st-cats.default\">\n\t\t\t\t<div class=\"elementor-widget-container\">\n\t\t\t\t\t<div class=\"c-ctaList\"><\/div>\t\t\t\t<\/div>\n\t\t\t\t<\/div>\n\t\t\t\t<div class=\"elementor-element elementor-element-2f46605 elementor-widget elementor-widget-st-link-list\" data-id=\"2f46605\" data-element_type=\"widget\" data-e-type=\"widget\" data-widget_type=\"st-link-list.default\">\n\t\t\t\t<div class=\"elementor-widget-container\">\n\t\t\t\t\t<div class=\"c-linkList c-linkList--default c-linkList--default\"><h2 class=\"c-linkList__title\"><span >Liens connexes<\/span><\/h2><div class=\"c-linkList__list\"><div class=\"c-linkList__item\"><a class=\"c-linkList__itemBtn g-btn__arrow--fullWidth\" href=\"\/workers\/report-your-injury\/\"><span >Signalez votre blessure<\/span><\/a><\/div><div class=\"c-linkList__item\"><a class=\"c-linkList__itemBtn g-btn__arrow--fullWidth\" href=\"\/workers\/workers-compensation-benefits\/\"><span >Prestations d\u2019indemnisation des travailleurs<\/span><\/a><\/div><div class=\"c-linkList__item\"><a class=\"c-linkList__itemBtn g-btn__arrow--fullWidth\" href=\"\/topics\/psychological-health-and-safety\/\"><span >Ressources en sant\u00e9 et s\u00e9curit\u00e9 psychologiques<\/span><\/a><\/div><\/div><\/div>\t\t\t\t<\/div>\n\t\t\t\t<\/div>\n\t\t\t\t<\/div>\n\t\t\t\t\t<\/div>\n\t\t\t\t<\/div>\n\t\t\t\t<\/div>\n\t\t","protected":false},"excerpt":{"rendered":"<p>La sant\u00e9 et la s\u00e9curit\u00e9 psychologiques en milieu de travail continuent d\u2019\u00eatre un sujet de conversation important au Manitoba. Les blessures psychologiques d\u00e9coulant du milieu de travail ont des effets majeurs sur les travailleurs et les employeurs. Elles p\u00e8sent lourd sur la vie personnelle des travailleurs et ont des r\u00e9percussions sur l\u2019expertise et la productivit\u00e9 [&hellip;]<\/p>\n","protected":false},"author":1,"featured_media":0,"parent":1896,"menu_order":0,"comment_status":"closed","ping_status":"closed","template":"","meta":{"_acf_changed":false,"footnotes":""},"tags":[],"class_list":["post-20335","page","type-page","status-publish","hentry"],"acf":[],"_links":{"self":[{"href":"https:\/\/www.wcb.mb.ca\/fr\/wp-json\/wp\/v2\/pages\/20335","targetHints":{"allow":["GET"]}}],"collection":[{"href":"https:\/\/www.wcb.mb.ca\/fr\/wp-json\/wp\/v2\/pages"}],"about":[{"href":"https:\/\/www.wcb.mb.ca\/fr\/wp-json\/wp\/v2\/types\/page"}],"author":[{"embeddable":true,"href":"https:\/\/www.wcb.mb.ca\/fr\/wp-json\/wp\/v2\/users\/1"}],"replies":[{"embeddable":true,"href":"https:\/\/www.wcb.mb.ca\/fr\/wp-json\/wp\/v2\/comments?post=20335"}],"version-history":[{"count":9,"href":"https:\/\/www.wcb.mb.ca\/fr\/wp-json\/wp\/v2\/pages\/20335\/revisions"}],"predecessor-version":[{"id":25162,"href":"https:\/\/www.wcb.mb.ca\/fr\/wp-json\/wp\/v2\/pages\/20335\/revisions\/25162"}],"up":[{"embeddable":true,"href":"https:\/\/www.wcb.mb.ca\/fr\/wp-json\/wp\/v2\/pages\/1896"}],"wp:attachment":[{"href":"https:\/\/www.wcb.mb.ca\/fr\/wp-json\/wp\/v2\/media?parent=20335"}],"wp:term":[{"taxonomy":"post_tag","embeddable":true,"href":"https:\/\/www.wcb.mb.ca\/fr\/wp-json\/wp\/v2\/tags?post=20335"}],"curies":[{"name":"wp","href":"https:\/\/api.w.org\/{rel}","templated":true}]}}