{"id":20333,"date":"2025-03-17T13:28:23","date_gmt":"2025-03-17T17:28:23","guid":{"rendered":"https:\/\/www.wcb.mb.ca\/?page_id=20333"},"modified":"2026-01-10T11:21:26","modified_gmt":"2026-01-10T16:21:26","slug":"maladies-professionnelles","status":"publish","type":"page","link":"https:\/\/www.wcb.mb.ca\/fr\/travailleurs\/maladies-professionnelles\/","title":{"rendered":"Maladies professionnelles"},"content":{"rendered":"\t\t<div data-elementor-type=\"wp-page\" data-elementor-id=\"20333\" class=\"elementor elementor-20333 elementor-10191\" data-elementor-post-type=\"page\">\n\t\t\t\t<div class=\"elementor-element elementor-element-c7dd487 e-flex e-con-boxed e-con e-parent\" data-id=\"c7dd487\" data-element_type=\"container\" data-e-type=\"container\">\n\t\t\t\t\t<div class=\"e-con-inner\">\n\t\t\t\t<div class=\"elementor-element elementor-element-ccb06a7 elementor-widget elementor-widget-st-header-image\" data-id=\"ccb06a7\" data-element_type=\"widget\" data-e-type=\"widget\" data-widget_type=\"st-header-image.default\">\n\t\t\t\t<div class=\"elementor-widget-container\">\n\t\t\t\t\t<div class=\"c-headerImage g-layout__padding c-headerImage--noImage\"><div class=\"c-headerImage__container g-layout__maxWidth\"><div class=\"c-headerImage__content\"><div ><h1>Maladies professionnelles<\/h1><\/div><\/div><\/div><\/div>\t\t\t\t<\/div>\n\t\t\t\t<\/div>\n\t\t\t\t\t<\/div>\n\t\t\t\t<\/div>\n\t\t<div class=\"elementor-element elementor-element-54f1089b e-grid e-con-boxed e-con e-parent\" data-id=\"54f1089b\" data-element_type=\"container\" data-e-type=\"container\">\n\t\t\t\t\t<div class=\"e-con-inner\">\n\t\t<div class=\"elementor-element elementor-element-53966356 e-con-full e-flex e-con e-child\" data-id=\"53966356\" data-element_type=\"container\" data-e-type=\"container\">\n\t\t\t\t<div class=\"elementor-element elementor-element-38d53517 elementor-widget__width-initial elementor-widget elementor-widget-text-editor\" data-id=\"38d53517\" data-element_type=\"widget\" data-e-type=\"widget\" data-widget_type=\"text-editor.default\">\n\t\t\t\t<div class=\"elementor-widget-container\">\n\t\t\t\t\t\t\t\t\t<p>Une maladie professionnelle se d\u00e9finit comme une maladie caus\u00e9e par une profession ou un emploi particulier. Voici des exemples de r\u00e9clamations pour maladie professionnelle\u00a0:<\/p>\n<ul>\n<li>la perte auditive;<\/li>\n<li>les probl\u00e8mes respiratoires;<\/li>\n<li>les probl\u00e8mes de peau;<\/li>\n<li>les maladies cardiaques;<\/li>\n<li>les maladies infectieuses;<\/li>\n<li>le cancer.<\/li>\n<\/ul>\n<p>La WCB m\u00e8ne une enqu\u00eate approfondie pour d\u00e9terminer si une personne est atteinte ou non d\u2019une maladie professionnelle. Ceci peut comprendre de confirmer l\u2019emploi, de v\u00e9rifier les ant\u00e9c\u00e9dents professionnels aupr\u00e8s des employeurs et coll\u00e8gues actuels ou ant\u00e9rieurs et d\u2019obtenir des renseignements m\u00e9dicaux pertinents aupr\u00e8s de m\u00e9decins.<\/p>\n<p>En fonction de ces sources, la WCB d\u00e9terminera\u00a0:&nbsp;<\/p>\n<ul>\n<li>l\u2019existence d\u2019une maladie ou d\u2019un \u00e9tat;<\/li>\n<li>la nature de la maladie ou de l\u2019\u00e9tat en question;<\/li>\n<li>les circonstances entourant le d\u00e9veloppement de la maladie ou de l\u2019\u00e9tat.<\/li>\n<\/ul>\n<p>La WCB d\u00e9terminera ensuite si la maladie est une maladie professionnelle en appliquant les crit\u00e8res de la <em>Loi sur les accidents du travail<\/em>. Il est possible de d\u00e9velopper des maladies comme&nbsp;&nbsp;le cancer, des probl\u00e8mes respiratoires ou une perte auditive en raison du travail, des activit\u00e9s du quotidien ou d\u2019une combinaison des deux.<\/p>\n\t\t\t\t\t\t\t\t<\/div>\n\t\t\t\t<\/div>\n\t\t\t\t<div class=\"elementor-element elementor-element-5726bed elementor-widget__width-initial elementor-widget elementor-widget-text-editor\" data-id=\"5726bed\" data-element_type=\"widget\" data-e-type=\"widget\" data-widget_type=\"text-editor.default\">\n\t\t\t\t<div class=\"elementor-widget-container\">\n\t\t\t\t\t\t\t\t\t<h2>Conseils pratiques lors de la soumission d\u2019une r\u00e9clamation pour maladie professionnelle<\/h2>\n<p>Lorsque vous soumettez une r\u00e9clamation pour maladie professionnelle, vous pouvez contribuer au processus de plusieurs fa\u00e7ons\u00a0:<\/p>\n<ul>\n<li>Informez votre m\u00e9decin que vous d\u00e9poserez une r\u00e9clamation \u00e0 la WCB. Votre m\u00e9decin remplira un rapport m\u00e9dical sur votre l\u00e9sion ou maladie qu\u2019il nous soumettra directement.<\/li>\n<li>Si vous avez un emploi et devrez vous absenter du travail, maintenez un contact r\u00e9gulier avec votre employeur et consignez les dates et heures de vos absences.<\/li>\n<li>Incluez autant de renseignements que possible sur vos emplois ant\u00e9rieurs, y compris le nom et l\u2019adresse des personnes-ressources.<\/li>\n<\/ul>\n<p>Une fois votre r\u00e9clamation d\u00e9pos\u00e9e, souvenez-vous de tenir votre repr\u00e9sentant de la WCB \u00e0 jour sur les dates et lieux de vos rendez-vous m\u00e9dicaux et sur tout changement \u00e0 votre \u00e9tat de sant\u00e9 ou votre situation d\u2019emploi.<\/p>\n<p>Conservez tous les re\u00e7us pour les frais li\u00e9s \u00e0 votre maladie, y compris les frais m\u00e9dicaux, de m\u00e9dicaments, de traitements ou d\u2019aides \u00e0 la mobilit\u00e9 prescrits par votre m\u00e9decin traitant, les frais de d\u00e9placement, le kilom\u00e9trage et les frais de stationnement. Si votre r\u00e9clamation est accept\u00e9e, certains de ces frais pourraient vous \u00eatre rembours\u00e9s.<\/p>\n\t\t\t\t\t\t\t\t<\/div>\n\t\t\t\t<\/div>\n\t\t\t\t<\/div>\n\t\t<div class=\"elementor-element elementor-element-3f67e501 e-con-full e-flex e-con e-child\" data-id=\"3f67e501\" data-element_type=\"container\" data-e-type=\"container\" data-settings=\"{&quot;background_background&quot;:&quot;classic&quot;}\">\n\t\t\t\t<div class=\"elementor-element elementor-element-5905eef elementor-widget elementor-widget-st-link-list\" data-id=\"5905eef\" data-element_type=\"widget\" data-e-type=\"widget\" data-widget_type=\"st-link-list.default\">\n\t\t\t\t<div class=\"elementor-widget-container\">\n\t\t\t\t\t<div class=\"c-linkList c-linkList--default c-linkList--default\"><h2 class=\"c-linkList__title\"><span >Liens connexes<\/span><\/h2><div class=\"c-linkList__list\"><div class=\"c-linkList__item\"><a class=\"c-linkList__itemBtn g-btn__arrow--fullWidth\" href=\"\/workers\/workers-compensation-benefits\/\"><span >Prestations d\u2019indemnisation des travailleurs<\/span><\/a><\/div><div class=\"c-linkList__item\"><a class=\"c-linkList__itemBtn g-btn__arrow--fullWidth\" href=\"\/workers\/workers-compensation-benefits\/wage-loss-benefits\/\"><span >Prestations d\u2019assurance-salaire<\/span><\/a><\/div><div class=\"c-linkList__item\"><a class=\"c-linkList__itemBtn g-btn__arrow--fullWidth\" href=\"\/workers\/workers-compensation-benefits\/income-assistance-benefits\/\"><span >Prestations offertes dans le cadre du Programme d\u2019aide \u00e0 l\u2019emploi et au revenu<\/span><\/a><\/div><div class=\"c-linkList__item\"><a class=\"c-linkList__itemBtn g-btn__arrow--fullWidth\" href=\"\/workers\/worker-rights-and-responsibilities\/\"><span >Droits et responsabilit\u00e9s des travailleurs<\/span><\/a><\/div><\/div><\/div>\t\t\t\t<\/div>\n\t\t\t\t<\/div>\n\t\t\t\t<div class=\"elementor-element elementor-element-6bda9f91 elementor-widget elementor-widget-st-cats\" data-id=\"6bda9f91\" data-element_type=\"widget\" data-e-type=\"widget\" data-widget_type=\"st-cats.default\">\n\t\t\t\t<div class=\"elementor-widget-container\">\n\t\t\t\t\t<div class=\"c-ctaList\"><\/div>\t\t\t\t<\/div>\n\t\t\t\t<\/div>\n\t\t\t\t<\/div>\n\t\t\t\t\t<\/div>\n\t\t\t\t<\/div>\n\t\t\t\t<\/div>\n\t\t","protected":false},"excerpt":{"rendered":"<p>Une maladie professionnelle se d\u00e9finit comme une maladie caus\u00e9e par une profession ou un emploi particulier. Voici des exemples de r\u00e9clamations pour maladie professionnelle\u00a0: la perte auditive; les probl\u00e8mes respiratoires; les probl\u00e8mes de peau; les maladies cardiaques; les maladies infectieuses; le cancer. La WCB m\u00e8ne une enqu\u00eate approfondie pour d\u00e9terminer si une personne est atteinte [&hellip;]<\/p>\n","protected":false},"author":1,"featured_media":0,"parent":1896,"menu_order":0,"comment_status":"closed","ping_status":"closed","template":"","meta":{"_acf_changed":false,"footnotes":""},"tags":[],"class_list":["post-20333","page","type-page","status-publish","hentry"],"acf":[],"_links":{"self":[{"href":"https:\/\/www.wcb.mb.ca\/fr\/wp-json\/wp\/v2\/pages\/20333","targetHints":{"allow":["GET"]}}],"collection":[{"href":"https:\/\/www.wcb.mb.ca\/fr\/wp-json\/wp\/v2\/pages"}],"about":[{"href":"https:\/\/www.wcb.mb.ca\/fr\/wp-json\/wp\/v2\/types\/page"}],"author":[{"embeddable":true,"href":"https:\/\/www.wcb.mb.ca\/fr\/wp-json\/wp\/v2\/users\/1"}],"replies":[{"embeddable":true,"href":"https:\/\/www.wcb.mb.ca\/fr\/wp-json\/wp\/v2\/comments?post=20333"}],"version-history":[{"count":1,"href":"https:\/\/www.wcb.mb.ca\/fr\/wp-json\/wp\/v2\/pages\/20333\/revisions"}],"predecessor-version":[{"id":20334,"href":"https:\/\/www.wcb.mb.ca\/fr\/wp-json\/wp\/v2\/pages\/20333\/revisions\/20334"}],"up":[{"embeddable":true,"href":"https:\/\/www.wcb.mb.ca\/fr\/wp-json\/wp\/v2\/pages\/1896"}],"wp:attachment":[{"href":"https:\/\/www.wcb.mb.ca\/fr\/wp-json\/wp\/v2\/media?parent=20333"}],"wp:term":[{"taxonomy":"post_tag","embeddable":true,"href":"https:\/\/www.wcb.mb.ca\/fr\/wp-json\/wp\/v2\/tags?post=20333"}],"curies":[{"name":"wp","href":"https:\/\/api.w.org\/{rel}","templated":true}]}}