{"id":20329,"date":"2025-03-17T14:39:19","date_gmt":"2025-03-17T18:39:19","guid":{"rendered":"https:\/\/www.wcb.mb.ca\/?page_id=20329"},"modified":"2026-01-15T11:04:21","modified_gmt":"2026-01-15T16:04:21","slug":"prestations-de-retraite-et-indemnites-dassurance-vie","status":"publish","type":"page","link":"https:\/\/www.wcb.mb.ca\/fr\/travailleurs\/prestations-dindemnisation-des-travailleurs\/prestations-de-retraite-et-indemnites-dassurance-vie\/","title":{"rendered":"Prestations de retraite et indemnit\u00e9s d\u2019assurance-vie"},"content":{"rendered":"\t\t<div data-elementor-type=\"wp-page\" data-elementor-id=\"20329\" class=\"elementor elementor-20329 elementor-10299\" data-elementor-post-type=\"page\">\n\t\t\t\t<div class=\"elementor-element elementor-element-eaa0b90 e-flex e-con-boxed e-con e-parent\" data-id=\"eaa0b90\" data-element_type=\"container\" data-e-type=\"container\">\n\t\t\t\t\t<div class=\"e-con-inner\">\n\t\t\t\t<div class=\"elementor-element elementor-element-298b635 elementor-widget elementor-widget-st-header-image\" data-id=\"298b635\" data-element_type=\"widget\" data-e-type=\"widget\" data-widget_type=\"st-header-image.default\">\n\t\t\t\t<div class=\"elementor-widget-container\">\n\t\t\t\t\t<div class=\"c-headerImage g-layout__padding c-headerImage--noImage\"><div class=\"c-headerImage__container g-layout__maxWidth\"><div class=\"c-headerImage__content\"><div ><h1>Prestations de retraite et indemnit\u00e9s d\u2019assurance-vie<\/h1><\/div><\/div><\/div><\/div>\t\t\t\t<\/div>\n\t\t\t\t<\/div>\n\t\t\t\t\t<\/div>\n\t\t\t\t<\/div>\n\t\t<div class=\"elementor-element elementor-element-6c5c18c5 e-grid e-con-boxed e-con e-parent\" data-id=\"6c5c18c5\" data-element_type=\"container\" data-e-type=\"container\">\n\t\t\t\t\t<div class=\"e-con-inner\">\n\t\t<div class=\"elementor-element elementor-element-4a02c92 e-con-full e-flex e-con e-child\" data-id=\"4a02c92\" data-element_type=\"container\" data-e-type=\"container\">\n\t\t\t\t<div class=\"elementor-element elementor-element-39be012b elementor-widget__width-initial elementor-widget elementor-widget-text-editor\" data-id=\"39be012b\" data-element_type=\"widget\" data-e-type=\"widget\" data-widget_type=\"text-editor.default\">\n\t\t\t\t<div class=\"elementor-widget-container\">\n\t\t\t\t\t\t\t\t\t<p>Selon les dispositions du r\u00e9gime de pension de votre employeur chez lequel s\u2019est produit l\u2019accident, une rente de retraite pourrait vous \u00eatre accord\u00e9e \u00e0 la suite du versement d\u2019indemnit\u00e9s d\u2019assurance-salaire pendant au moins 24\u00a0mois. Vous serez peut-\u00eatre aussi admissible \u00e0 une protection sous le r\u00e9gime d\u2019assurance-vie collective de la Commission des accidents du travail du Manitoba (la WCB). Ces deux prestations sont financ\u00e9es par la WCB.<\/p>\n\t\t\t\t\t\t\t\t<\/div>\n\t\t\t\t<\/div>\n\t\t\t\t<div class=\"elementor-element elementor-element-5c4968c elementor-widget__width-initial elementor-widget elementor-widget-text-editor\" data-id=\"5c4968c\" data-element_type=\"widget\" data-e-type=\"widget\" data-widget_type=\"text-editor.default\">\n\t\t\t\t<div class=\"elementor-widget-container\">\n\t\t\t\t\t\t\t\t\t<h2>Rente de retraite<\/h2>\n<p>La WCB du Manitoba met de c\u00f4t\u00e9 des fonds, destin\u00e9s aux travailleurs admissibles, dans une rente de retraite. Le fonds est con\u00e7u pour suppl\u00e9er \u00e0 un revenu de retraite r\u00e9duit en raison d\u2019une blessure li\u00e9e au travail ou d\u2019une maladie professionnelle. G\u00e9n\u00e9ralement, la rente est payable \u00e0 l\u2019\u00e2ge de 65\u00a0ans ou lorsque la WCB d\u00e9termine que le travailleur a pris sa retraite, mais pas avant l\u2019\u00e2ge de 55\u00a0ans.<\/p>\n<p>Vous pourriez \u00eatre admissible \u00e0 une rente de retraite si\u00a0:\u00a0\u00a0<\/p>\n<ul>\n<li>vous avez re\u00e7u des prestations d\u2019assurance-salaire pendant au moins 24\u00a0mois; et\u00a0<\/li>\n<li>la pension de votre employeur a \u00e9t\u00e9 affect\u00e9e par la l\u00e9sion indemnisable ou votre employeur au moment de la blessure n\u2019avait pas de r\u00e9gime de pension.\u00a0<\/li>\n<\/ul>\n<h3>Montant de la prestation<\/h3>\n<p>Le montant mis de c\u00f4t\u00e9 par la WCB d\u00e9pend du montant (s\u2019il y en a un) que votre employeur versait avant la blessure et du montant qu\u2019il verse encore \u00e0 votre r\u00e9gime de pension lorsque vous devenez admissible.<\/p>\n<p>Le fonds est aliment\u00e9 par la WCB, mais le travailleur peut y contribuer. Le travailleur peut verser tout pourcentage dans le fonds jusqu\u2019\u00e0 concurrence du pourcentage vers\u00e9 par la WCB. Une fois que vous avez pris la d\u00e9cision de cotiser ou non, la d\u00e9cision et le pourcentage du montant ne peuvent pas \u00eatre modifi\u00e9s.<\/p>\n<p>La somme que la WCB met de c\u00f4t\u00e9 n\u2019est pas d\u00e9duite de vos prestations d\u2019assurance-salaire. Si vous choisissez de cotiser \u00e0 votre rente, le montant que vous choisissez de cotiser sera d\u00e9duit de vos prestations d\u2019assurance-salaire.<\/p>\n\t\t\t\t\t\t\t\t<\/div>\n\t\t\t\t<\/div>\n\t\t\t\t<div class=\"elementor-element elementor-element-dafadf7 elementor-widget__width-initial elementor-widget elementor-widget-text-editor\" data-id=\"dafadf7\" data-element_type=\"widget\" data-e-type=\"widget\" data-widget_type=\"text-editor.default\">\n\t\t\t\t<div class=\"elementor-widget-container\">\n\t\t\t\t\t\t\t\t\t<h2>Assurance-vie collective de la WCB<\/h2><p>La WCB finance un r\u00e9gime d\u2019assurance-vie collective. Les travailleurs sont automatiquement couverts par le r\u00e9gime d\u2019assurance-vie collective de la WCB si la blessure survenue en milieu de travail s\u2019est produite le 1<sup>er<\/sup>\u00a0janvier 1992 ou apr\u00e8s, et les prestations d\u2019assurance-salaire sont re\u00e7ues pendant plus de 104\u00a0semaines apr\u00e8s la blessure. Un b\u00e9n\u00e9ficiaire ne peut pas pr\u00e9tendre \u00e0 cette indemnit\u00e9 si au moment de son d\u00e9c\u00e8s, il est d\u2019ores et d\u00e9j\u00e0 couvert par un r\u00e9gime d\u2019assurance-vie actif par l\u2019entremise de son employeur.<\/p><p>Le travailleur qui participe au r\u00e9gime d\u2019assurance\u2011vie collective de la WCB peut aussi souscrire au r\u00e9gime d\u2019un assureur priv\u00e9. La couverture d\u2019assurance est en vigueur pendant la p\u00e9riode de versement des prestations d\u2019assurance-salaire et 90\u00a0jours apr\u00e8s le dernier versement. Les indemnit\u00e9s d\u2019assurance-vie collective de la WCB sont vers\u00e9es \u00e0 la succession du travailleur. Les indemnit\u00e9s sont vers\u00e9es, peu importe la cause du d\u00e9c\u00e8s.<\/p><p>En l\u2019absence d\u2019une personne \u00e0 charge, la succession est admissible \u00e0 une indemnit\u00e9 de 16\u00a0140\u00a0$ pour 2026 ou, en pr\u00e9sence d\u2019une personne \u00e0 charge ou plus, de 62\u00a0900\u00a0$. Ces montants sont ajust\u00e9s annuellement. Au moment d\u2019autoriser le niveau d\u2019indemnit\u00e9s \u00e0 verser, la WCB s\u2019appuie sur la Loi sur les accidents du travail pour d\u00e9terminer s\u2019il existe une personne \u00e0 charge admissible.<\/p><p>Dans la plupart des cas, la WCB communiquera avec les personnes \u00e0 votre charge ou la personne repr\u00e9sentant votre succession. Cependant, elles peuvent communiquer avec la WCB pour d\u00e9terminer votre admissibilit\u00e9.<\/p>\t\t\t\t\t\t\t\t<\/div>\n\t\t\t\t<\/div>\n\t\t\t\t<div class=\"elementor-element elementor-element-297621d elementor-widget__width-initial elementor-widget elementor-widget-text-editor\" data-id=\"297621d\" data-element_type=\"widget\" data-e-type=\"widget\" data-widget_type=\"text-editor.default\">\n\t\t\t\t<div class=\"elementor-widget-container\">\n\t\t\t\t\t\t\t\t\t<h2>FAQ<\/h2>\n\t\t\t\t\t\t\t\t<\/div>\n\t\t\t\t<\/div>\n\t\t\t\t<div class=\"elementor-element elementor-element-bd16ce5 elementor-widget elementor-widget-n-accordion\" data-id=\"bd16ce5\" data-element_type=\"widget\" data-e-type=\"widget\" data-settings=\"{&quot;default_state&quot;:&quot;all_collapsed&quot;,&quot;max_items_expended&quot;:&quot;one&quot;,&quot;n_accordion_animation_duration&quot;:{&quot;unit&quot;:&quot;ms&quot;,&quot;size&quot;:400,&quot;sizes&quot;:[]}}\" data-widget_type=\"nested-accordion.default\">\n\t\t\t\t<div class=\"elementor-widget-container\">\n\t\t\t\t\t\t\t<div class=\"e-n-accordion\" aria-label=\"Accordion. Open links with Enter or Space, close with Escape, and navigate with Arrow Keys\">\n\t\t\t\t\t\t<details id=\"e-n-accordion-item-1980\" class=\"e-n-accordion-item\" >\n\t\t\t\t<summary class=\"e-n-accordion-item-title\" data-accordion-index=\"1\" tabindex=\"0\" aria-expanded=\"false\" aria-controls=\"e-n-accordion-item-1980\" >\n\t\t\t\t\t<span class='e-n-accordion-item-title-header'><div class=\"e-n-accordion-item-title-text\"> Quel int\u00e9r\u00eat la rente de retraite produit-elle? <\/div><\/span>\n\t\t\t\t\t\t\t<span class='e-n-accordion-item-title-icon'>\n\t\t\t<span class='e-opened' ><svg aria-hidden=\"true\" class=\"e-font-icon-svg e-fas-minus\" viewBox=\"0 0 448 512\" xmlns=\"http:\/\/www.w3.org\/2000\/svg\"><path d=\"M416 208H32c-17.67 0-32 14.33-32 32v32c0 17.67 14.33 32 32 32h384c17.67 0 32-14.33 32-32v-32c0-17.67-14.33-32-32-32z\"><\/path><\/svg><\/span>\n\t\t\t<span class='e-closed'><svg aria-hidden=\"true\" class=\"e-font-icon-svg e-fas-plus\" viewBox=\"0 0 448 512\" xmlns=\"http:\/\/www.w3.org\/2000\/svg\"><path d=\"M416 208H272V64c0-17.67-14.33-32-32-32h-32c-17.67 0-32 14.33-32 32v144H32c-17.67 0-32 14.33-32 32v32c0 17.67 14.33 32 32 32h144v144c0 17.67 14.33 32 32 32h32c17.67 0 32-14.33 32-32V304h144c17.67 0 32-14.33 32-32v-32c0-17.67-14.33-32-32-32z\"><\/path><\/svg><\/span>\n\t\t<\/span>\n\n\t\t\t\t\t\t<\/summary>\n\t\t\t\t<div role=\"region\" aria-labelledby=\"e-n-accordion-item-1980\" class=\"elementor-element elementor-element-1c04e22 e-con-full e-flex e-con e-child\" data-id=\"1c04e22\" data-element_type=\"container\" data-e-type=\"container\">\n\t\t\t\t<div class=\"elementor-element elementor-element-7e5545e elementor-widget elementor-widget-text-editor\" data-id=\"7e5545e\" data-element_type=\"widget\" data-e-type=\"widget\" data-widget_type=\"text-editor.default\">\n\t\t\t\t<div class=\"elementor-widget-container\">\n\t\t\t\t\t\t\t\t\t<p>Le compte de rente de retraite rapporte un int\u00e9r\u00eat \u00e9gal au taux de rendement des placements de la WCB.<\/p>\n\t\t\t\t\t\t\t\t<\/div>\n\t\t\t\t<\/div>\n\t\t\t\t<\/div>\n\t\t\t\t\t<\/details>\n\t\t\t\t\t\t<details id=\"e-n-accordion-item-1981\" class=\"e-n-accordion-item\" >\n\t\t\t\t<summary class=\"e-n-accordion-item-title\" data-accordion-index=\"2\" tabindex=\"-1\" aria-expanded=\"false\" aria-controls=\"e-n-accordion-item-1981\" >\n\t\t\t\t\t<span class='e-n-accordion-item-title-header'><div class=\"e-n-accordion-item-title-text\"> Comment les rentes de retraite sont-elles vers\u00e9es? <\/div><\/span>\n\t\t\t\t\t\t\t<span class='e-n-accordion-item-title-icon'>\n\t\t\t<span class='e-opened' ><svg aria-hidden=\"true\" class=\"e-font-icon-svg e-fas-minus\" viewBox=\"0 0 448 512\" xmlns=\"http:\/\/www.w3.org\/2000\/svg\"><path d=\"M416 208H32c-17.67 0-32 14.33-32 32v32c0 17.67 14.33 32 32 32h384c17.67 0 32-14.33 32-32v-32c0-17.67-14.33-32-32-32z\"><\/path><\/svg><\/span>\n\t\t\t<span class='e-closed'><svg aria-hidden=\"true\" class=\"e-font-icon-svg e-fas-plus\" viewBox=\"0 0 448 512\" xmlns=\"http:\/\/www.w3.org\/2000\/svg\"><path d=\"M416 208H272V64c0-17.67-14.33-32-32-32h-32c-17.67 0-32 14.33-32 32v144H32c-17.67 0-32 14.33-32 32v32c0 17.67 14.33 32 32 32h144v144c0 17.67 14.33 32 32 32h32c17.67 0 32-14.33 32-32V304h144c17.67 0 32-14.33 32-32v-32c0-17.67-14.33-32-32-32z\"><\/path><\/svg><\/span>\n\t\t<\/span>\n\n\t\t\t\t\t\t<\/summary>\n\t\t\t\t<div role=\"region\" aria-labelledby=\"e-n-accordion-item-1981\" class=\"elementor-element elementor-element-6f15ea1 e-con-full e-flex e-con e-child\" data-id=\"6f15ea1\" data-element_type=\"container\" data-e-type=\"container\">\n\t\t\t\t<div class=\"elementor-element elementor-element-ce0e62a elementor-widget elementor-widget-text-editor\" data-id=\"ce0e62a\" data-element_type=\"widget\" data-e-type=\"widget\" data-widget_type=\"text-editor.default\">\n\t\t\t\t<div class=\"elementor-widget-container\">\n\t\t\t\t\t\t\t\t\t<p>Les rentes sont vers\u00e9es comme une somme forfaitaire au moment de votre retraite. Toutefois, une option de paiement mensuel est disponible si le solde de votre rente a atteint un certain niveau. Pour 2026, ce montant est de 21 500 $.<\/p>\n\t\t\t\t\t\t\t\t<\/div>\n\t\t\t\t<\/div>\n\t\t\t\t<\/div>\n\t\t\t\t\t<\/details>\n\t\t\t\t\t\t<details id=\"e-n-accordion-item-1982\" class=\"e-n-accordion-item\" >\n\t\t\t\t<summary class=\"e-n-accordion-item-title\" data-accordion-index=\"3\" tabindex=\"-1\" aria-expanded=\"false\" aria-controls=\"e-n-accordion-item-1982\" >\n\t\t\t\t\t<span class='e-n-accordion-item-title-header'><div class=\"e-n-accordion-item-title-text\"> Quel sera le montant mensuel de ma rente de retraite? <\/div><\/span>\n\t\t\t\t\t\t\t<span class='e-n-accordion-item-title-icon'>\n\t\t\t<span class='e-opened' ><svg aria-hidden=\"true\" class=\"e-font-icon-svg e-fas-minus\" viewBox=\"0 0 448 512\" xmlns=\"http:\/\/www.w3.org\/2000\/svg\"><path d=\"M416 208H32c-17.67 0-32 14.33-32 32v32c0 17.67 14.33 32 32 32h384c17.67 0 32-14.33 32-32v-32c0-17.67-14.33-32-32-32z\"><\/path><\/svg><\/span>\n\t\t\t<span class='e-closed'><svg aria-hidden=\"true\" class=\"e-font-icon-svg e-fas-plus\" viewBox=\"0 0 448 512\" xmlns=\"http:\/\/www.w3.org\/2000\/svg\"><path d=\"M416 208H272V64c0-17.67-14.33-32-32-32h-32c-17.67 0-32 14.33-32 32v144H32c-17.67 0-32 14.33-32 32v32c0 17.67 14.33 32 32 32h144v144c0 17.67 14.33 32 32 32h32c17.67 0 32-14.33 32-32V304h144c17.67 0 32-14.33 32-32v-32c0-17.67-14.33-32-32-32z\"><\/path><\/svg><\/span>\n\t\t<\/span>\n\n\t\t\t\t\t\t<\/summary>\n\t\t\t\t<div role=\"region\" aria-labelledby=\"e-n-accordion-item-1982\" class=\"elementor-element elementor-element-ac39962 e-con-full e-flex e-con e-child\" data-id=\"ac39962\" data-element_type=\"container\" data-e-type=\"container\">\n\t\t\t\t<div class=\"elementor-element elementor-element-193874b elementor-widget elementor-widget-text-editor\" data-id=\"193874b\" data-element_type=\"widget\" data-e-type=\"widget\" data-widget_type=\"text-editor.default\">\n\t\t\t\t<div class=\"elementor-widget-container\">\n\t\t\t\t\t\t\t\t\t<p>Le montant mensuel que vous recevrez de votre compte de rente de retraite d\u00e9pendra des circonstances dans lesquelles vous vous trouvez. Voici les facteurs pris en compte lors du calcul de versement mensuel de la rente\u00a0:<\/p>\n<ul>\n<li>le type de rente que vous avez s\u00e9lectionn\u00e9<\/li>\n<li>la contribution au fonds de pension<\/li>\n<li>votre \u00e2ge<\/li>\n<li>les taux d\u2019int\u00e9r\u00eat \u00e9ventuels<\/li>\n<\/ul>\n\t\t\t\t\t\t\t\t<\/div>\n\t\t\t\t<\/div>\n\t\t\t\t<\/div>\n\t\t\t\t\t<\/details>\n\t\t\t\t\t\t<details id=\"e-n-accordion-item-1983\" class=\"e-n-accordion-item\" >\n\t\t\t\t<summary class=\"e-n-accordion-item-title\" data-accordion-index=\"4\" tabindex=\"-1\" aria-expanded=\"false\" aria-controls=\"e-n-accordion-item-1983\" >\n\t\t\t\t\t<span class='e-n-accordion-item-title-header'><div class=\"e-n-accordion-item-title-text\"> Qu\u2019arrive-t-il si je d\u00e9c\u00e8de avant de pouvoir toucher la rente de retraite? <\/div><\/span>\n\t\t\t\t\t\t\t<span class='e-n-accordion-item-title-icon'>\n\t\t\t<span class='e-opened' ><svg aria-hidden=\"true\" class=\"e-font-icon-svg e-fas-minus\" viewBox=\"0 0 448 512\" xmlns=\"http:\/\/www.w3.org\/2000\/svg\"><path d=\"M416 208H32c-17.67 0-32 14.33-32 32v32c0 17.67 14.33 32 32 32h384c17.67 0 32-14.33 32-32v-32c0-17.67-14.33-32-32-32z\"><\/path><\/svg><\/span>\n\t\t\t<span class='e-closed'><svg aria-hidden=\"true\" class=\"e-font-icon-svg e-fas-plus\" viewBox=\"0 0 448 512\" xmlns=\"http:\/\/www.w3.org\/2000\/svg\"><path d=\"M416 208H272V64c0-17.67-14.33-32-32-32h-32c-17.67 0-32 14.33-32 32v144H32c-17.67 0-32 14.33-32 32v32c0 17.67 14.33 32 32 32h144v144c0 17.67 14.33 32 32 32h32c17.67 0 32-14.33 32-32V304h144c17.67 0 32-14.33 32-32v-32c0-17.67-14.33-32-32-32z\"><\/path><\/svg><\/span>\n\t\t<\/span>\n\n\t\t\t\t\t\t<\/summary>\n\t\t\t\t<div role=\"region\" aria-labelledby=\"e-n-accordion-item-1983\" class=\"elementor-element elementor-element-478a82c e-con-full e-flex e-con e-child\" data-id=\"478a82c\" data-element_type=\"container\" data-e-type=\"container\">\n\t\t\t\t<div class=\"elementor-element elementor-element-92238b4 elementor-widget elementor-widget-text-editor\" data-id=\"92238b4\" data-element_type=\"widget\" data-e-type=\"widget\" data-widget_type=\"text-editor.default\">\n\t\t\t\t<div class=\"elementor-widget-container\">\n\t\t\t\t\t\t\t\t\t<p>Si le b\u00e9n\u00e9ficiaire meurt avant la retraite et s\u2019il est surv\u00e9cu par le conjoint ou conjoint de fait survivant, la WCB verse \u00e0 cette personne la totalit\u00e9 de la rente de retraite du travailleur en date du d\u00e9c\u00e8s (la contribution du travailleur et l\u2019int\u00e9r\u00eat plus la contribution de la WCB et l\u2019int\u00e9r\u00eat).<\/p>\n<p>Si vous perdez la vie avant d\u2019avoir atteint l\u2019\u00e2ge de la retraite et que vous n\u2019avez pas de conjoint ou conjoint de fait au moment de votre d\u00e9c\u00e8s, vos h\u00e9ritiers recevront la valeur de votre compte de rente de retraite jusqu\u2019au jour de votre d\u00e9c\u00e8s, en tenant compte de la date de votre blessure.<\/p>\n\t\t\t\t\t\t\t\t<\/div>\n\t\t\t\t<\/div>\n\t\t\t\t<\/div>\n\t\t\t\t\t<\/details>\n\t\t\t\t\t\t<details id=\"e-n-accordion-item-1984\" class=\"e-n-accordion-item\" >\n\t\t\t\t<summary class=\"e-n-accordion-item-title\" data-accordion-index=\"5\" tabindex=\"-1\" aria-expanded=\"false\" aria-controls=\"e-n-accordion-item-1984\" >\n\t\t\t\t\t<span class='e-n-accordion-item-title-header'><div class=\"e-n-accordion-item-title-text\"> Est-ce que je vais recevoir \u00e0 intervalles r\u00e9guliers un \u00e9tat de compte relatif \u00e0 ma rente de retraite? <\/div><\/span>\n\t\t\t\t\t\t\t<span class='e-n-accordion-item-title-icon'>\n\t\t\t<span class='e-opened' ><svg aria-hidden=\"true\" class=\"e-font-icon-svg e-fas-minus\" viewBox=\"0 0 448 512\" xmlns=\"http:\/\/www.w3.org\/2000\/svg\"><path d=\"M416 208H32c-17.67 0-32 14.33-32 32v32c0 17.67 14.33 32 32 32h384c17.67 0 32-14.33 32-32v-32c0-17.67-14.33-32-32-32z\"><\/path><\/svg><\/span>\n\t\t\t<span class='e-closed'><svg aria-hidden=\"true\" class=\"e-font-icon-svg e-fas-plus\" viewBox=\"0 0 448 512\" xmlns=\"http:\/\/www.w3.org\/2000\/svg\"><path d=\"M416 208H272V64c0-17.67-14.33-32-32-32h-32c-17.67 0-32 14.33-32 32v144H32c-17.67 0-32 14.33-32 32v32c0 17.67 14.33 32 32 32h144v144c0 17.67 14.33 32 32 32h32c17.67 0 32-14.33 32-32V304h144c17.67 0 32-14.33 32-32v-32c0-17.67-14.33-32-32-32z\"><\/path><\/svg><\/span>\n\t\t<\/span>\n\n\t\t\t\t\t\t<\/summary>\n\t\t\t\t<div role=\"region\" aria-labelledby=\"e-n-accordion-item-1984\" class=\"elementor-element elementor-element-5580bd1 e-con-full e-flex e-con e-child\" data-id=\"5580bd1\" data-element_type=\"container\" data-e-type=\"container\">\n\t\t\t\t<div class=\"elementor-element elementor-element-4642deb elementor-widget elementor-widget-text-editor\" data-id=\"4642deb\" data-element_type=\"widget\" data-e-type=\"widget\" data-widget_type=\"text-editor.default\">\n\t\t\t\t<div class=\"elementor-widget-container\">\n\t\t\t\t\t\t\t\t\t<p>Oui, vous recevrez un relev\u00e9 en juin de chaque ann\u00e9e. Le relev\u00e9 fournit des informations sur le solde de votre compte de rente de retraite au 31\u00a0d\u00e9cembre de l\u2019ann\u00e9e pr\u00e9c\u00e9dente. Y figurent la somme des contributions du travailleur \u00e0 date, s\u2019il y a lieu, la somme des contributions de la WCB \u00e0 date et l\u2019int\u00e9r\u00eat rapport\u00e9 lors de l\u2019ann\u00e9e civile pr\u00e9c\u00e9dente. Vous devriez communiquer \u00e0 la WCB tout changement d\u2019adresse pour que la WCB puisse continuer \u00e0 vous envoyer les relev\u00e9s de compte de votre rente de retraite.\u00a0<\/p>\n\t\t\t\t\t\t\t\t<\/div>\n\t\t\t\t<\/div>\n\t\t\t\t<\/div>\n\t\t\t\t\t<\/details>\n\t\t\t\t\t<\/div>\n\t\t\t\t\t<script type=\"application\/ld+json\">{\"@context\":\"https:\\\/\\\/schema.org\",\"@type\":\"FAQPage\",\"mainEntity\":[{\"@type\":\"Question\",\"name\":\"Quel int\\u00e9r\\u00eat la rente de retraite produit-elle?\",\"acceptedAnswer\":{\"@type\":\"Answer\",\"text\":\"Le compte de rente de retraite rapporte un int\\u00e9r\\u00eat \\u00e9gal au taux de rendement des placements de la WCB.\"}},{\"@type\":\"Question\",\"name\":\"Comment les rentes de retraite sont-elles vers\\u00e9es?\",\"acceptedAnswer\":{\"@type\":\"Answer\",\"text\":\"Les rentes sont vers\\u00e9es comme une somme forfaitaire au moment de votre retraite. Toutefois, une option de paiement mensuel est disponible si le solde de votre rente a atteint un certain niveau. Pour 2026, ce montant est de 21 500 $.\"}},{\"@type\":\"Question\",\"name\":\"Quel sera le montant mensuel de ma rente de retraite?\",\"acceptedAnswer\":{\"@type\":\"Answer\",\"text\":\"Le montant mensuel que vous recevrez de votre compte de rente de retraite d\\u00e9pendra des circonstances dans lesquelles vous vous trouvez. Voici les facteurs pris en compte lors du calcul de versement mensuel de la rente\\u00a0:\\n\\nle type de rente que vous avez s\\u00e9lectionn\\u00e9\\nla contribution au fonds de pension\\nvotre \\u00e2ge\\nles taux d\\u2019int\\u00e9r\\u00eat \\u00e9ventuels\"}},{\"@type\":\"Question\",\"name\":\"Qu\\u2019arrive-t-il si je d\\u00e9c\\u00e8de avant de pouvoir toucher la rente de retraite?\",\"acceptedAnswer\":{\"@type\":\"Answer\",\"text\":\"Si le b\\u00e9n\\u00e9ficiaire meurt avant la retraite et s\\u2019il est surv\\u00e9cu par le conjoint ou conjoint de fait survivant, la WCB verse \\u00e0 cette personne la totalit\\u00e9 de la rente de retraite du travailleur en date du d\\u00e9c\\u00e8s (la contribution du travailleur et l\\u2019int\\u00e9r\\u00eat plus la contribution de la WCB et l\\u2019int\\u00e9r\\u00eat).\\nSi vous perdez la vie avant d\\u2019avoir atteint l\\u2019\\u00e2ge de la retraite et que vous n\\u2019avez pas de conjoint ou conjoint de fait au moment de votre d\\u00e9c\\u00e8s, vos h\\u00e9ritiers recevront la valeur de votre compte de rente de retraite jusqu\\u2019au jour de votre d\\u00e9c\\u00e8s, en tenant compte de la date de votre blessure.\"}},{\"@type\":\"Question\",\"name\":\"Est-ce que je vais recevoir \\u00e0 intervalles r\\u00e9guliers un \\u00e9tat de compte relatif \\u00e0 ma rente de retraite?\",\"acceptedAnswer\":{\"@type\":\"Answer\",\"text\":\"Oui, vous recevrez un relev\\u00e9 en juin de chaque ann\\u00e9e. Le relev\\u00e9 fournit des informations sur le solde de votre compte de rente de retraite au 31\\u00a0d\\u00e9cembre de l\\u2019ann\\u00e9e pr\\u00e9c\\u00e9dente. Y figurent la somme des contributions du travailleur \\u00e0 date, s\\u2019il y a lieu, la somme des contributions de la WCB \\u00e0 date et l\\u2019int\\u00e9r\\u00eat rapport\\u00e9 lors de l\\u2019ann\\u00e9e civile pr\\u00e9c\\u00e9dente. Vous devriez communiquer \\u00e0 la WCB tout changement d\\u2019adresse pour que la WCB puisse continuer \\u00e0 vous envoyer les relev\\u00e9s de compte de votre rente de retraite.\\u00a0\"}}]}<\/script>\n\t\t\t\t\t\t\t<\/div>\n\t\t\t\t<\/div>\n\t\t\t\t<\/div>\n\t\t<div class=\"elementor-element elementor-element-2c20dcc4 e-con-full e-flex e-con e-child\" data-id=\"2c20dcc4\" data-element_type=\"container\" data-e-type=\"container\" data-settings=\"{&quot;background_background&quot;:&quot;classic&quot;}\">\n\t\t\t\t<div class=\"elementor-element elementor-element-ccaa064 elementor-widget elementor-widget-st-link-list\" data-id=\"ccaa064\" data-element_type=\"widget\" data-e-type=\"widget\" data-widget_type=\"st-link-list.default\">\n\t\t\t\t<div class=\"elementor-widget-container\">\n\t\t\t\t\t<div class=\"c-linkList c-linkList--default c-linkList--default\"><h2 class=\"c-linkList__title\"><span >Liens connexes<\/span><\/h2><div class=\"c-linkList__list\"><div class=\"c-linkList__item\"><a class=\"c-linkList__itemBtn g-btn__arrow--fullWidth\" href=\"\/workers\/workers-compensation-benefits\/\"><span >Prestations d\u2019indemnisation des travailleurs<\/span><\/a><\/div><\/div><\/div>\t\t\t\t<\/div>\n\t\t\t\t<\/div>\n\t\t\t\t<div class=\"elementor-element elementor-element-504543a5 elementor-widget elementor-widget-st-cats\" data-id=\"504543a5\" data-element_type=\"widget\" data-e-type=\"widget\" data-widget_type=\"st-cats.default\">\n\t\t\t\t<div class=\"elementor-widget-container\">\n\t\t\t\t\t<div class=\"c-ctaList\"><\/div>\t\t\t\t<\/div>\n\t\t\t\t<\/div>\n\t\t\t\t<\/div>\n\t\t\t\t\t<\/div>\n\t\t\t\t<\/div>\n\t\t\t\t<\/div>\n\t\t","protected":false},"excerpt":{"rendered":"<p>Selon les dispositions du r\u00e9gime de pension de votre employeur chez lequel s\u2019est produit l\u2019accident, une rente de retraite pourrait vous \u00eatre accord\u00e9e \u00e0 la suite du versement d\u2019indemnit\u00e9s d\u2019assurance-salaire pendant au moins 24\u00a0mois. Vous serez peut-\u00eatre aussi admissible \u00e0 une protection sous le r\u00e9gime d\u2019assurance-vie collective de la Commission des accidents du travail du [&hellip;]<\/p>\n","protected":false},"author":1,"featured_media":0,"parent":20309,"menu_order":0,"comment_status":"closed","ping_status":"closed","template":"","meta":{"_acf_changed":false,"footnotes":""},"tags":[],"class_list":["post-20329","page","type-page","status-publish","hentry"],"acf":[],"_links":{"self":[{"href":"https:\/\/www.wcb.mb.ca\/fr\/wp-json\/wp\/v2\/pages\/20329","targetHints":{"allow":["GET"]}}],"collection":[{"href":"https:\/\/www.wcb.mb.ca\/fr\/wp-json\/wp\/v2\/pages"}],"about":[{"href":"https:\/\/www.wcb.mb.ca\/fr\/wp-json\/wp\/v2\/types\/page"}],"author":[{"embeddable":true,"href":"https:\/\/www.wcb.mb.ca\/fr\/wp-json\/wp\/v2\/users\/1"}],"replies":[{"embeddable":true,"href":"https:\/\/www.wcb.mb.ca\/fr\/wp-json\/wp\/v2\/comments?post=20329"}],"version-history":[{"count":3,"href":"https:\/\/www.wcb.mb.ca\/fr\/wp-json\/wp\/v2\/pages\/20329\/revisions"}],"predecessor-version":[{"id":22632,"href":"https:\/\/www.wcb.mb.ca\/fr\/wp-json\/wp\/v2\/pages\/20329\/revisions\/22632"}],"up":[{"embeddable":true,"href":"https:\/\/www.wcb.mb.ca\/fr\/wp-json\/wp\/v2\/pages\/20309"}],"wp:attachment":[{"href":"https:\/\/www.wcb.mb.ca\/fr\/wp-json\/wp\/v2\/media?parent=20329"}],"wp:term":[{"taxonomy":"post_tag","embeddable":true,"href":"https:\/\/www.wcb.mb.ca\/fr\/wp-json\/wp\/v2\/tags?post=20329"}],"curies":[{"name":"wp","href":"https:\/\/api.w.org\/{rel}","templated":true}]}}