{"id":20319,"date":"2025-03-17T14:28:10","date_gmt":"2025-03-17T18:28:10","guid":{"rendered":"https:\/\/www.wcb.mb.ca\/?page_id=20319"},"modified":"2026-03-26T12:08:55","modified_gmt":"2026-03-26T16:08:55","slug":"allocations-dincapacite-permanente","status":"publish","type":"page","link":"https:\/\/www.wcb.mb.ca\/fr\/travailleurs\/prestations-dindemnisation-des-travailleurs\/allocations-dincapacite-permanente\/","title":{"rendered":"Allocations d\u2019incapacit\u00e9 permanente"},"content":{"rendered":"\t\t<div data-elementor-type=\"wp-page\" data-elementor-id=\"20319\" class=\"elementor elementor-20319 elementor-10279\" data-elementor-post-type=\"page\">\n\t\t\t\t<div class=\"elementor-element elementor-element-cafdb03 e-flex e-con-boxed e-con e-parent\" data-id=\"cafdb03\" data-element_type=\"container\" data-e-type=\"container\">\n\t\t\t\t\t<div class=\"e-con-inner\">\n\t\t\t\t<div class=\"elementor-element elementor-element-5517e02 elementor-widget elementor-widget-st-header-image\" data-id=\"5517e02\" data-element_type=\"widget\" data-e-type=\"widget\" data-widget_type=\"st-header-image.default\">\n\t\t\t\t<div class=\"elementor-widget-container\">\n\t\t\t\t\t<div class=\"c-headerImage g-layout__padding c-headerImage--noImage\"><div class=\"c-headerImage__container g-layout__maxWidth\"><div class=\"c-headerImage__content\"><div ><h1>Allocations d\u2019incapacit\u00e9 permanente<\/h1><\/div><\/div><\/div><\/div>\t\t\t\t<\/div>\n\t\t\t\t<\/div>\n\t\t\t\t\t<\/div>\n\t\t\t\t<\/div>\n\t\t<div class=\"elementor-element elementor-element-7f2d3fe3 e-grid e-con-boxed e-con e-parent\" data-id=\"7f2d3fe3\" data-element_type=\"container\" data-e-type=\"container\">\n\t\t\t\t\t<div class=\"e-con-inner\">\n\t\t<div class=\"elementor-element elementor-element-492e566c e-con-full e-flex e-con e-child\" data-id=\"492e566c\" data-element_type=\"container\" data-e-type=\"container\">\n\t\t\t\t<div class=\"elementor-element elementor-element-31995874 elementor-widget__width-initial elementor-widget elementor-widget-text-editor\" data-id=\"31995874\" data-element_type=\"widget\" data-e-type=\"widget\" data-widget_type=\"text-editor.default\">\n\t\t\t\t<div class=\"elementor-widget-container\">\n\t\t\t\t\t\t\t\t\t<p>Si vous subissez un accident du travail ou une maladie professionnelle qui entra\u00eene un changement permanent et consid\u00e9rable (appel\u00e9 une d\u00e9ficience) au fonctionnement de la partie affect\u00e9e de votre corps, vous pouvez \u00eatre admissible \u00e0 une allocation pour invalidit\u00e9 permanente partielle (IPP). Cette indemnit\u00e9 fond\u00e9e sur votre \u00e2ge et sur la perte fonctionnelle caus\u00e9e par votre blessure est \u00e9tablie conform\u00e9ment \u00e0 la <em>Loi sur les accidents du travail<\/em>. Cette indemnit\u00e9 est ind\u00e9pendante d\u2019autres indemnit\u00e9s de la WCB et compl\u00e9mentaire \u00e0 celles-ci.<\/p>\n\t\t\t\t\t\t\t\t<\/div>\n\t\t\t\t<\/div>\n\t\t\t\t<div class=\"elementor-element elementor-element-fc5fa81 elementor-widget__width-initial elementor-widget elementor-widget-text-editor\" data-id=\"fc5fa81\" data-element_type=\"widget\" data-e-type=\"widget\" data-widget_type=\"text-editor.default\">\n\t\t\t\t<div class=\"elementor-widget-container\">\n\t\t\t\t\t\t\t\t\t<h2>Processus d\u00e9cisionnel<\/h2>\n<p>L\u2019\u00e9valuation d\u2019une incapacit\u00e9 permanente et de son ampleur ne se fera que lorsque vous aurez r\u00e9cup\u00e9r\u00e9 autant que possible de la blessure ou de la maladie indemnisable par la WCB. Ceci est envisag\u00e9 apr\u00e8s qu\u2019au moins une ann\u00e9e se soit \u00e9coul\u00e9e apr\u00e8s la blessure ou l\u2019intervention chirurgicale qui s\u2019y rapporte.<\/p>\n<p>Le Service de gestion des soins de sant\u00e9 de la WCB examine les informations m\u00e9dicales de votre dossier qui indiquent une d\u00e9ficience possible, par exemple, les r\u00e9sultats d\u2019un audiogramme dans le cas d\u2019une perte auditive. Dans de nombreux cas, il est n\u00e9cessaire qu\u2019un consultant en soins de sant\u00e9 de la WCB vous examine pour d\u00e9terminer si votre blessure a entra\u00een\u00e9 une perte fonctionnelle et, le cas \u00e9ch\u00e9ant, l\u2019\u00e9tendue de cette derni\u00e8re.<\/p>\n<p>L\u2019examen et les autres \u00e9l\u00e9ments de preuve serviront \u00e0 d\u00e9terminer si vous avez une invalidit\u00e9 permanente partielle, comme indiqu\u00e9 dans notre\u00a0<a href=\"https:\/\/www.wcb.mb.ca\/policies\/permanent-impairment-rating\/\"><strong>Politique <em>Taux de d\u00e9ficience permanente<\/em><\/strong><\/a>. Votre gestionnaire de cas recevra une recommandation concernant le taux de d\u00e9ficience.<\/p>\n\t\t\t\t\t\t\t\t<\/div>\n\t\t\t\t<\/div>\n\t\t\t\t<div class=\"elementor-element elementor-element-d4a8a5c elementor-widget__width-initial elementor-widget elementor-widget-text-editor\" data-id=\"d4a8a5c\" data-element_type=\"widget\" data-e-type=\"widget\" data-widget_type=\"text-editor.default\">\n\t\t\t\t<div class=\"elementor-widget-container\">\n\t\t\t\t\t\t\t\t\t<h2>TAUX DE D\u00c9FICIENCE PERMANENTE<\/h2>\n<p>Les taux de d\u00e9ficience sont \u00e9tablis sur la base du Bar\u00e8me de taux de d\u00e9ficience de la WCB, en tant que pourcentage du corps entier, et sont bas\u00e9s sur les facteurs suivants (s\u00e9par\u00e9ment ou en combinaison)\u00a0:\u00a0<\/p>\n<ul>\n<li>la perte d\u2019un membre;<\/li>\n<li>la perte de mobilit\u00e9 dans les articulations;<\/li>\n<li>la perte du fonctionnement d\u2019un organe;<\/li>\n<li>un pr\u00e9judice esth\u00e9tique.<\/li>\n<\/ul>\n<p>Par exemple, la perte d\u2019une partie de l\u2019index constitue une d\u00e9ficience, \u00e0 laquelle le Bar\u00e8me des taux de d\u00e9ficience permanente partielle de la WCB attribue un taux de d\u00e9ficience de 1,0 \u00e0 7,0\u00a0%, selon l\u2019ampleur de la perte du doigt.\u00a0\u00a0\u00a0<\/p>\n<p>Une fois que votre taux est d\u00e9termin\u00e9, la WCB lui attribue une valeur mon\u00e9taire en fonction du montant pr\u00e9vu par la loi et de l\u2019ann\u00e9e de votre r\u00e9clamation.<\/p>\n<p>Par exemple, si votre blessure est survenue en 2026, le montant de l\u2019allocation d\u2019invalidit\u00e9 permanente partielle sera de 1 790 $ pour chaque pourcentage complet de d\u00e9ficience jusqu\u2019\u00e0 30 % et de 2 150 $ pour chaque pourcentage complet sup\u00e9rieur \u00e0 30 %.<\/p>\n<p>Si vous souffrez d\u2019une condition pr\u00e9existante, vous \u00eates toujours admissible \u00e0 une allocation de d\u00e9ficience; toutefois, celle-ci peut \u00eatre r\u00e9duite en fonction de l\u2019incidence de la condition pr\u00e9existante sur votre invalidit\u00e9 li\u00e9e au travail.<\/p>\n<p>Pour plus d\u2019information concernant le calcul des prestations, veuillez communiquer avec votre repr\u00e9sentant de la WCB. Ce document est fourni \u00e0 titre d\u2019information g\u00e9n\u00e9rale. Elle ne devrait pas \u00eatre invoqu\u00e9e en tant que conseil juridique. Pour des renseignements plus pr\u00e9cis, veuillez consulter la <em>Loi sur les accidents du travail ainsi que les R\u00e8glements<\/em> et les politiques de la WCB.<\/p>\n\t\t\t\t\t\t\t\t<\/div>\n\t\t\t\t<\/div>\n\t\t\t\t<div class=\"elementor-element elementor-element-97eb822 elementor-widget__width-initial elementor-widget elementor-widget-text-editor\" data-id=\"97eb822\" data-element_type=\"widget\" data-e-type=\"widget\" data-widget_type=\"text-editor.default\">\n\t\t\t\t<div class=\"elementor-widget-container\">\n\t\t\t\t\t\t\t\t\t<h2>FAQ<\/h2>\n\t\t\t\t\t\t\t\t<\/div>\n\t\t\t\t<\/div>\n\t\t\t\t<div class=\"elementor-element elementor-element-05d5d2a elementor-widget elementor-widget-n-accordion\" data-id=\"05d5d2a\" data-element_type=\"widget\" data-e-type=\"widget\" data-settings=\"{&quot;default_state&quot;:&quot;all_collapsed&quot;,&quot;max_items_expended&quot;:&quot;one&quot;,&quot;n_accordion_animation_duration&quot;:{&quot;unit&quot;:&quot;ms&quot;,&quot;size&quot;:400,&quot;sizes&quot;:[]}}\" data-widget_type=\"nested-accordion.default\">\n\t\t\t\t<div class=\"elementor-widget-container\">\n\t\t\t\t\t\t\t<div class=\"e-n-accordion\" aria-label=\"Accordion. Open links with Enter or Space, close with Escape, and navigate with Arrow Keys\">\n\t\t\t\t\t\t<details id=\"e-n-accordion-item-6110\" class=\"e-n-accordion-item\" >\n\t\t\t\t<summary class=\"e-n-accordion-item-title\" data-accordion-index=\"1\" tabindex=\"0\" aria-expanded=\"false\" aria-controls=\"e-n-accordion-item-6110\" >\n\t\t\t\t\t<span class='e-n-accordion-item-title-header'><div class=\"e-n-accordion-item-title-text\"> Que se passe-t-il si je suis en d\u00e9saccord avec le taux d\u2019invalidit\u00e9 \u00e9tabli par la WCB? <\/div><\/span>\n\t\t\t\t\t\t\t<span class='e-n-accordion-item-title-icon'>\n\t\t\t<span class='e-opened' ><svg aria-hidden=\"true\" class=\"e-font-icon-svg e-fas-minus\" viewBox=\"0 0 448 512\" xmlns=\"http:\/\/www.w3.org\/2000\/svg\"><path d=\"M416 208H32c-17.67 0-32 14.33-32 32v32c0 17.67 14.33 32 32 32h384c17.67 0 32-14.33 32-32v-32c0-17.67-14.33-32-32-32z\"><\/path><\/svg><\/span>\n\t\t\t<span class='e-closed'><svg aria-hidden=\"true\" class=\"e-font-icon-svg e-fas-plus\" viewBox=\"0 0 448 512\" xmlns=\"http:\/\/www.w3.org\/2000\/svg\"><path d=\"M416 208H272V64c0-17.67-14.33-32-32-32h-32c-17.67 0-32 14.33-32 32v144H32c-17.67 0-32 14.33-32 32v32c0 17.67 14.33 32 32 32h144v144c0 17.67 14.33 32 32 32h32c17.67 0 32-14.33 32-32V304h144c17.67 0 32-14.33 32-32v-32c0-17.67-14.33-32-32-32z\"><\/path><\/svg><\/span>\n\t\t<\/span>\n\n\t\t\t\t\t\t<\/summary>\n\t\t\t\t<div role=\"region\" aria-labelledby=\"e-n-accordion-item-6110\" class=\"elementor-element elementor-element-b8d449f e-con-full e-flex e-con e-child\" data-id=\"b8d449f\" data-element_type=\"container\" data-e-type=\"container\">\n\t\t\t\t<div class=\"elementor-element elementor-element-8c58015 elementor-widget elementor-widget-text-editor\" data-id=\"8c58015\" data-element_type=\"widget\" data-e-type=\"widget\" data-widget_type=\"text-editor.default\">\n\t\t\t\t<div class=\"elementor-widget-container\">\n\t\t\t\t\t\t\t\t\t<p>Si vous n\u2019\u00eates pas d\u2019accord avec le taux de d\u00e9ficience \u00e9tabli par la WCB, vous pouvez faire appel de cette d\u00e9cision. Expliquez-nous, par \u00e9crit, o\u00f9 vous pensez que nous avons commis une erreur et les raisons de votre appel. Pour de plus amples renseignements, veuillez consulter <a href=\"https:\/\/www.wcb.mb.ca\/fr\/travailleurs\/porter-une-decision-de-la-wcb-en-appel\/\">Porter une d\u00e9cision en appel<\/a>.<\/p>\n\t\t\t\t\t\t\t\t<\/div>\n\t\t\t\t<\/div>\n\t\t\t\t<\/div>\n\t\t\t\t\t<\/details>\n\t\t\t\t\t\t<details id=\"e-n-accordion-item-6111\" class=\"e-n-accordion-item\" >\n\t\t\t\t<summary class=\"e-n-accordion-item-title\" data-accordion-index=\"2\" tabindex=\"-1\" aria-expanded=\"false\" aria-controls=\"e-n-accordion-item-6111\" >\n\t\t\t\t\t<span class='e-n-accordion-item-title-header'><div class=\"e-n-accordion-item-title-text\"> Que se passe-t-il si l\u2019invalidit\u00e9 s\u2019aggrave? <\/div><\/span>\n\t\t\t\t\t\t\t<span class='e-n-accordion-item-title-icon'>\n\t\t\t<span class='e-opened' ><svg aria-hidden=\"true\" class=\"e-font-icon-svg e-fas-minus\" viewBox=\"0 0 448 512\" xmlns=\"http:\/\/www.w3.org\/2000\/svg\"><path d=\"M416 208H32c-17.67 0-32 14.33-32 32v32c0 17.67 14.33 32 32 32h384c17.67 0 32-14.33 32-32v-32c0-17.67-14.33-32-32-32z\"><\/path><\/svg><\/span>\n\t\t\t<span class='e-closed'><svg aria-hidden=\"true\" class=\"e-font-icon-svg e-fas-plus\" viewBox=\"0 0 448 512\" xmlns=\"http:\/\/www.w3.org\/2000\/svg\"><path d=\"M416 208H272V64c0-17.67-14.33-32-32-32h-32c-17.67 0-32 14.33-32 32v144H32c-17.67 0-32 14.33-32 32v32c0 17.67 14.33 32 32 32h144v144c0 17.67 14.33 32 32 32h32c17.67 0 32-14.33 32-32V304h144c17.67 0 32-14.33 32-32v-32c0-17.67-14.33-32-32-32z\"><\/path><\/svg><\/span>\n\t\t<\/span>\n\n\t\t\t\t\t\t<\/summary>\n\t\t\t\t<div role=\"region\" aria-labelledby=\"e-n-accordion-item-6111\" class=\"elementor-element elementor-element-997530d e-con-full e-flex e-con e-child\" data-id=\"997530d\" data-element_type=\"container\" data-e-type=\"container\">\n\t\t\t\t<div class=\"elementor-element elementor-element-eb319ea elementor-widget elementor-widget-text-editor\" data-id=\"eb319ea\" data-element_type=\"widget\" data-e-type=\"widget\" data-widget_type=\"text-editor.default\">\n\t\t\t\t<div class=\"elementor-widget-container\">\n\t\t\t\t\t\t\t\t\t<p>Si votre condition s\u2019aggrave apr\u00e8s que le taux de d\u00e9ficience a \u00e9t\u00e9 \u00e9tabli, vous pouvez demander une r\u00e9vision de votre degr\u00e9 d\u2019invalidit\u00e9. Un r\u00e9examen aura lieu au plus t\u00f4t deux ans apr\u00e8s la derni\u00e8re \u00e9valuation.<\/p>\n\t\t\t\t\t\t\t\t<\/div>\n\t\t\t\t<\/div>\n\t\t\t\t<\/div>\n\t\t\t\t\t<\/details>\n\t\t\t\t\t\t<details id=\"e-n-accordion-item-6112\" class=\"e-n-accordion-item\" >\n\t\t\t\t<summary class=\"e-n-accordion-item-title\" data-accordion-index=\"3\" tabindex=\"-1\" aria-expanded=\"false\" aria-controls=\"e-n-accordion-item-6112\" >\n\t\t\t\t\t<span class='e-n-accordion-item-title-header'><div class=\"e-n-accordion-item-title-text\"> L\u2019allocation compense-t-elle le mal et la souffrance? <\/div><\/span>\n\t\t\t\t\t\t\t<span class='e-n-accordion-item-title-icon'>\n\t\t\t<span class='e-opened' ><svg aria-hidden=\"true\" class=\"e-font-icon-svg e-fas-minus\" viewBox=\"0 0 448 512\" xmlns=\"http:\/\/www.w3.org\/2000\/svg\"><path d=\"M416 208H32c-17.67 0-32 14.33-32 32v32c0 17.67 14.33 32 32 32h384c17.67 0 32-14.33 32-32v-32c0-17.67-14.33-32-32-32z\"><\/path><\/svg><\/span>\n\t\t\t<span class='e-closed'><svg aria-hidden=\"true\" class=\"e-font-icon-svg e-fas-plus\" viewBox=\"0 0 448 512\" xmlns=\"http:\/\/www.w3.org\/2000\/svg\"><path d=\"M416 208H272V64c0-17.67-14.33-32-32-32h-32c-17.67 0-32 14.33-32 32v144H32c-17.67 0-32 14.33-32 32v32c0 17.67 14.33 32 32 32h144v144c0 17.67 14.33 32 32 32h32c17.67 0 32-14.33 32-32V304h144c17.67 0 32-14.33 32-32v-32c0-17.67-14.33-32-32-32z\"><\/path><\/svg><\/span>\n\t\t<\/span>\n\n\t\t\t\t\t\t<\/summary>\n\t\t\t\t<div role=\"region\" aria-labelledby=\"e-n-accordion-item-6112\" class=\"elementor-element elementor-element-6927eca e-con-full e-flex e-con e-child\" data-id=\"6927eca\" data-element_type=\"container\" data-e-type=\"container\">\n\t\t\t\t<div class=\"elementor-element elementor-element-6f68a75 elementor-widget elementor-widget-text-editor\" data-id=\"6f68a75\" data-element_type=\"widget\" data-e-type=\"widget\" data-widget_type=\"text-editor.default\">\n\t\t\t\t<div class=\"elementor-widget-container\">\n\t\t\t\t\t\t\t\t\t<p>Non. <em>La Loi sur les accidents du travail<\/em> ne pr\u00e9voit pas de taux de d\u00e9ficience pour le mal et la souffrance.<\/p>\n\t\t\t\t\t\t\t\t<\/div>\n\t\t\t\t<\/div>\n\t\t\t\t<\/div>\n\t\t\t\t\t<\/details>\n\t\t\t\t\t\t<details id=\"e-n-accordion-item-6113\" class=\"e-n-accordion-item\" >\n\t\t\t\t<summary class=\"e-n-accordion-item-title\" data-accordion-index=\"4\" tabindex=\"-1\" aria-expanded=\"false\" aria-controls=\"e-n-accordion-item-6113\" >\n\t\t\t\t\t<span class='e-n-accordion-item-title-header'><div class=\"e-n-accordion-item-title-text\"> Des indemnit\u00e9s obtenues pour la m\u00eame d\u00e9ficience au titre de programmes distincts de la WCB ont-elles un effet sur l\u2019allocation d\u2019invalidit\u00e9 permanente partielle de la WCB? <\/div><\/span>\n\t\t\t\t\t\t\t<span class='e-n-accordion-item-title-icon'>\n\t\t\t<span class='e-opened' ><svg aria-hidden=\"true\" class=\"e-font-icon-svg e-fas-minus\" viewBox=\"0 0 448 512\" xmlns=\"http:\/\/www.w3.org\/2000\/svg\"><path d=\"M416 208H32c-17.67 0-32 14.33-32 32v32c0 17.67 14.33 32 32 32h384c17.67 0 32-14.33 32-32v-32c0-17.67-14.33-32-32-32z\"><\/path><\/svg><\/span>\n\t\t\t<span class='e-closed'><svg aria-hidden=\"true\" class=\"e-font-icon-svg e-fas-plus\" viewBox=\"0 0 448 512\" xmlns=\"http:\/\/www.w3.org\/2000\/svg\"><path d=\"M416 208H272V64c0-17.67-14.33-32-32-32h-32c-17.67 0-32 14.33-32 32v144H32c-17.67 0-32 14.33-32 32v32c0 17.67 14.33 32 32 32h144v144c0 17.67 14.33 32 32 32h32c17.67 0 32-14.33 32-32V304h144c17.67 0 32-14.33 32-32v-32c0-17.67-14.33-32-32-32z\"><\/path><\/svg><\/span>\n\t\t<\/span>\n\n\t\t\t\t\t\t<\/summary>\n\t\t\t\t<div role=\"region\" aria-labelledby=\"e-n-accordion-item-6113\" class=\"elementor-element elementor-element-daaf7dd e-con-full e-flex e-con e-child\" data-id=\"daaf7dd\" data-element_type=\"container\" data-e-type=\"container\">\n\t\t\t\t<div class=\"elementor-element elementor-element-2089643 elementor-widget elementor-widget-text-editor\" data-id=\"2089643\" data-element_type=\"widget\" data-e-type=\"widget\" data-widget_type=\"text-editor.default\">\n\t\t\t\t<div class=\"elementor-widget-container\">\n\t\t\t\t\t\t\t\t\t<p>Non. Vous avez le droit de percevoir des paiements d\u2019autres programmes d\u2019assurance pour la m\u00eame d\u00e9ficience partielle permanente. Ces montants ne seront pas d\u00e9duits de votre allocation ou vos indemnit\u00e9s.<\/p>\n\t\t\t\t\t\t\t\t<\/div>\n\t\t\t\t<\/div>\n\t\t\t\t<\/div>\n\t\t\t\t\t<\/details>\n\t\t\t\t\t<\/div>\n\t\t\t\t\t<script type=\"application\/ld+json\">{\"@context\":\"https:\\\/\\\/schema.org\",\"@type\":\"FAQPage\",\"mainEntity\":[{\"@type\":\"Question\",\"name\":\"Que se passe-t-il si je suis en d\\u00e9saccord avec le taux d\\u2019invalidit\\u00e9 \\u00e9tabli par la WCB?\",\"acceptedAnswer\":{\"@type\":\"Answer\",\"text\":\"Si vous n\\u2019\\u00eates pas d\\u2019accord avec le taux de d\\u00e9ficience \\u00e9tabli par la WCB, vous pouvez faire appel de cette d\\u00e9cision. Expliquez-nous, par \\u00e9crit, o\\u00f9 vous pensez que nous avons commis une erreur et les raisons de votre appel. Pour de plus amples renseignements, veuillez consulter Porter une d\\u00e9cision en appel.\"}},{\"@type\":\"Question\",\"name\":\"Que se passe-t-il si l\\u2019invalidit\\u00e9 s\\u2019aggrave?\",\"acceptedAnswer\":{\"@type\":\"Answer\",\"text\":\"Si votre condition s\\u2019aggrave apr\\u00e8s que le taux de d\\u00e9ficience a \\u00e9t\\u00e9 \\u00e9tabli, vous pouvez demander une r\\u00e9vision de votre degr\\u00e9 d\\u2019invalidit\\u00e9. Un r\\u00e9examen aura lieu au plus t\\u00f4t deux ans apr\\u00e8s la derni\\u00e8re \\u00e9valuation.\"}},{\"@type\":\"Question\",\"name\":\"L\\u2019allocation compense-t-elle le mal et la souffrance?\",\"acceptedAnswer\":{\"@type\":\"Answer\",\"text\":\"Non. La Loi sur les accidents du travail ne pr\\u00e9voit pas de taux de d\\u00e9ficience pour le mal et la souffrance.\"}},{\"@type\":\"Question\",\"name\":\"Des indemnit\\u00e9s obtenues pour la m\\u00eame d\\u00e9ficience au titre de programmes distincts de la WCB ont-elles un effet sur l\\u2019allocation d\\u2019invalidit\\u00e9 permanente partielle de la WCB?\",\"acceptedAnswer\":{\"@type\":\"Answer\",\"text\":\"Non. Vous avez le droit de percevoir des paiements d\\u2019autres programmes d\\u2019assurance pour la m\\u00eame d\\u00e9ficience partielle permanente. Ces montants ne seront pas d\\u00e9duits de votre allocation ou vos indemnit\\u00e9s.\"}}]}<\/script>\n\t\t\t\t\t\t\t<\/div>\n\t\t\t\t<\/div>\n\t\t\t\t<\/div>\n\t\t<div class=\"elementor-element elementor-element-34f8038 e-con-full e-flex e-con e-child\" data-id=\"34f8038\" data-element_type=\"container\" data-e-type=\"container\" data-settings=\"{&quot;background_background&quot;:&quot;classic&quot;}\">\n\t\t\t\t<div class=\"elementor-element elementor-element-7fe55b0 elementor-widget elementor-widget-st-link-list\" data-id=\"7fe55b0\" data-element_type=\"widget\" data-e-type=\"widget\" data-widget_type=\"st-link-list.default\">\n\t\t\t\t<div class=\"elementor-widget-container\">\n\t\t\t\t\t<div class=\"c-linkList c-linkList--default c-linkList--default\"><h2 class=\"c-linkList__title\"><span >Liens connexes<\/span><\/h2><div class=\"c-linkList__list\"><div class=\"c-linkList__item\"><a class=\"c-linkList__itemBtn g-btn__arrow--fullWidth\" href=\"\/workers\/workers-compensation-benefits\/\"><span >Prestations d\u2019indemnisation des travailleurs<\/span><\/a><\/div><div class=\"c-linkList__item\"><a class=\"c-linkList__itemBtn g-btn__arrow--fullWidth\" href=\"\/workers\/workers-compensation-benefits\/wage-loss-benefits\/\"><span >Prestations d\u2019assurance-salaire<\/span><\/a><\/div><div class=\"c-linkList__item\"><a class=\"c-linkList__itemBtn g-btn__arrow--fullWidth\" href=\"\/workers\/workers-compensation-benefits\/income-assistance-benefits\/\"><span >Prestations offertes dans le cadre du Programme d\u2019aide \u00e0 l\u2019emploi et au revenu<\/span><\/a><\/div><div class=\"c-linkList__item\"><a class=\"c-linkList__itemBtn g-btn__arrow--fullWidth\" href=\"\/workers\/workers-compensation-benefits\/collateral-benefits\/\"><span >Indemnit\u00e9s suppl\u00e9mentaires<\/span><\/a><\/div><div class=\"c-linkList__item\"><a class=\"c-linkList__itemBtn g-btn__arrow--fullWidth\" href=\"\/workers\/worker-rights-and-responsibilities\/\"><span >Droits et responsabilit\u00e9s des travailleurs<\/span><\/a><\/div><\/div><\/div>\t\t\t\t<\/div>\n\t\t\t\t<\/div>\n\t\t\t\t<div class=\"elementor-element elementor-element-de5d735 elementor-widget elementor-widget-st-cats\" data-id=\"de5d735\" data-element_type=\"widget\" data-e-type=\"widget\" data-widget_type=\"st-cats.default\">\n\t\t\t\t<div class=\"elementor-widget-container\">\n\t\t\t\t\t<div class=\"c-ctaList\"><\/div>\t\t\t\t<\/div>\n\t\t\t\t<\/div>\n\t\t\t\t<\/div>\n\t\t\t\t\t<\/div>\n\t\t\t\t<\/div>\n\t\t\t\t<\/div>\n\t\t","protected":false},"excerpt":{"rendered":"<p>Si vous subissez un accident du travail ou une maladie professionnelle qui entra\u00eene un changement permanent et consid\u00e9rable (appel\u00e9 une d\u00e9ficience) au fonctionnement de la partie affect\u00e9e de votre corps, vous pouvez \u00eatre admissible \u00e0 une allocation pour invalidit\u00e9 permanente partielle (IPP). Cette indemnit\u00e9 fond\u00e9e sur votre \u00e2ge et sur la perte fonctionnelle caus\u00e9e par [&hellip;]<\/p>\n","protected":false},"author":1,"featured_media":0,"parent":20309,"menu_order":0,"comment_status":"closed","ping_status":"closed","template":"","meta":{"_acf_changed":false,"footnotes":""},"tags":[],"class_list":["post-20319","page","type-page","status-publish","hentry"],"acf":[],"_links":{"self":[{"href":"https:\/\/www.wcb.mb.ca\/fr\/wp-json\/wp\/v2\/pages\/20319","targetHints":{"allow":["GET"]}}],"collection":[{"href":"https:\/\/www.wcb.mb.ca\/fr\/wp-json\/wp\/v2\/pages"}],"about":[{"href":"https:\/\/www.wcb.mb.ca\/fr\/wp-json\/wp\/v2\/types\/page"}],"author":[{"embeddable":true,"href":"https:\/\/www.wcb.mb.ca\/fr\/wp-json\/wp\/v2\/users\/1"}],"replies":[{"embeddable":true,"href":"https:\/\/www.wcb.mb.ca\/fr\/wp-json\/wp\/v2\/comments?post=20319"}],"version-history":[{"count":3,"href":"https:\/\/www.wcb.mb.ca\/fr\/wp-json\/wp\/v2\/pages\/20319\/revisions"}],"predecessor-version":[{"id":25055,"href":"https:\/\/www.wcb.mb.ca\/fr\/wp-json\/wp\/v2\/pages\/20319\/revisions\/25055"}],"up":[{"embeddable":true,"href":"https:\/\/www.wcb.mb.ca\/fr\/wp-json\/wp\/v2\/pages\/20309"}],"wp:attachment":[{"href":"https:\/\/www.wcb.mb.ca\/fr\/wp-json\/wp\/v2\/media?parent=20319"}],"wp:term":[{"taxonomy":"post_tag","embeddable":true,"href":"https:\/\/www.wcb.mb.ca\/fr\/wp-json\/wp\/v2\/tags?post=20319"}],"curies":[{"name":"wp","href":"https:\/\/api.w.org\/{rel}","templated":true}]}}