{"id":20307,"date":"2025-04-02T13:59:47","date_gmt":"2025-04-02T17:59:47","guid":{"rendered":"https:\/\/www.wcb.mb.ca\/?page_id=20307"},"modified":"2026-01-13T12:21:18","modified_gmt":"2026-01-13T17:21:18","slug":"readaptation-professionnelle","status":"publish","type":"page","link":"https:\/\/www.wcb.mb.ca\/fr\/travailleurs\/retour-au-travail-travailleurs\/readaptation-professionnelle\/","title":{"rendered":"R\u00e9adaptation professionnelle"},"content":{"rendered":"\t\t<div data-elementor-type=\"wp-page\" data-elementor-id=\"20307\" class=\"elementor elementor-20307 elementor-12644\" data-elementor-post-type=\"page\">\n\t\t\t\t<div class=\"elementor-element elementor-element-1a09c47 e-flex e-con-boxed e-con e-parent\" data-id=\"1a09c47\" data-element_type=\"container\" data-e-type=\"container\">\n\t\t\t\t\t<div class=\"e-con-inner\">\n\t\t\t\t<div class=\"elementor-element elementor-element-9a841f2 elementor-widget elementor-widget-st-header-image\" data-id=\"9a841f2\" data-element_type=\"widget\" data-e-type=\"widget\" data-widget_type=\"st-header-image.default\">\n\t\t\t\t<div class=\"elementor-widget-container\">\n\t\t\t\t\t<div class=\"c-headerImage g-layout__padding c-headerImage--noImage\"><div class=\"c-headerImage__container g-layout__maxWidth\"><div class=\"c-headerImage__content\"><div ><h1>R\u00e9adaptation professionnelle<\/h1><\/div><\/div><\/div><\/div>\t\t\t\t<\/div>\n\t\t\t\t<\/div>\n\t\t\t\t\t<\/div>\n\t\t\t\t<\/div>\n\t\t<div class=\"elementor-element elementor-element-b06b0c4 e-grid e-con-boxed e-con e-parent\" data-id=\"b06b0c4\" data-element_type=\"container\" data-e-type=\"container\">\n\t\t\t\t\t<div class=\"e-con-inner\">\n\t\t<div class=\"elementor-element elementor-element-7864758e e-con-full e-flex e-con e-child\" data-id=\"7864758e\" data-element_type=\"container\" data-e-type=\"container\">\n\t\t\t\t<div class=\"elementor-element elementor-element-1a29043e elementor-widget elementor-widget-text-editor\" data-id=\"1a29043e\" data-element_type=\"widget\" data-e-type=\"widget\" data-widget_type=\"text-editor.default\">\n\t\t\t\t<div class=\"elementor-widget-container\">\n\t\t\t\t\t\t\t\t\t<p>Il est possible que certains travailleurs ne soient pas en mesure de retourner au travail aupr\u00e8s du m\u00eame employeur. En pareil cas, la WCB pourrait vous diriger vers la r\u00e9adaptation professionnelle.<\/p>\n<p>Durant la r\u00e9adaptation professionnelle, la WCB et vous travaillerez ensemble sur un plan pour votre retour au travail. Vous collaborerez avec un conseiller en r\u00e9adaptation professionnelle de la WCB qui constituera votre personne-ressource principale. Votre gestionnaire de cas poursuivra la gestion de votre r\u00e9clamation.<\/p>\n\t\t\t\t\t\t\t\t<\/div>\n\t\t\t\t<\/div>\n\t\t\t\t<div class=\"elementor-element elementor-element-bfe7d7b elementor-widget elementor-widget-text-editor\" data-id=\"bfe7d7b\" data-element_type=\"widget\" data-e-type=\"widget\" data-widget_type=\"text-editor.default\">\n\t\t\t\t<div class=\"elementor-widget-container\">\n\t\t\t\t\t\t\t\t\t<h2>Options de retour au travail<\/h2>\n<p>Votre conseiller en r\u00e9adaptation professionnelle examinera vos options de retour au travail dans l\u2019ordre suivant\u00a0:&nbsp;<\/p>\n<ol>\n<li>le retour au travail que vous effectuiez, mais aupr\u00e8s d\u2019un autre employeur;<\/li>\n<li>le retour \u00e0 un emploi diff\u00e9rent aupr\u00e8s d\u2019un employeur diff\u00e9rent;<\/li>\n<li>une formation et une \u00e9ducation suppl\u00e9mentaires.<\/li>\n<\/ol>\n\t\t\t\t\t\t\t\t<\/div>\n\t\t\t\t<\/div>\n\t\t\t\t<div class=\"elementor-element elementor-element-7fb0d57 elementor-widget elementor-widget-text-editor\" data-id=\"7fb0d57\" data-element_type=\"widget\" data-e-type=\"widget\" data-widget_type=\"text-editor.default\">\n\t\t\t\t<div class=\"elementor-widget-container\">\n\t\t\t\t\t\t\t\t\t<h2>Planification de votre retour au travail<\/h2>\n<p>Votre conseiller en r\u00e9adaptation professionnelle et vous \u00e9laborerez un plan de r\u00e9adaptation professionnelle qui guidera votre retour au travail. Le plan est un document qui d\u00e9crit votre objectif de retour au travail et les mesures \u00e0 prendre pour l\u2019atteindre. Lors de l\u2019\u00e9laboration de ce plan, votre conseiller et vous tiendrez compte de vos comp\u00e9tences, de vos capacit\u00e9s physiques et des emplois disponibles. Vos int\u00e9r\u00eats seront aussi pris en consid\u00e9ration dans la mesure du possible.<\/p>\n<p>Durant la r\u00e9adaptation professionnelle, nous identifions vos comp\u00e9tences polyvalentes. Une comp\u00e9tence polyvalente est une comp\u00e9tence pouvant s\u2019appliquer \u00e0 plus d\u2019un type de travail. Votre conseiller en r\u00e9adaptation professionnelle examinera vos ant\u00e9c\u00e9dents professionnels et votre formation, puis utilisera plusieurs outils pour d\u00e9couvrir vos comp\u00e9tences polyvalentes.<\/p>\n<p>L\u2019\u00e9valuation professionnelle est aussi un outil utile pour le retour au travail. L\u2019\u00e9valuation aide votre conseiller en r\u00e9adaptation professionnelle et vous \u00e0 mieux comprendre vos chances de reprendre le travail. Cette \u00e9valuation peut aussi comprendre l\u2019exploration de vos comp\u00e9tences professionnelles au moyen de tests pour \u00e9tablir les types de travail qui vous int\u00e9ressent, vos capacit\u00e9s physiques au travail et pour passer en revue votre \u00e9tat de sant\u00e9. Votre conseiller en r\u00e9adaptation professionnelle effectuera cette \u00e9valuation.<\/p>\n\t\t\t\t\t\t\t\t<\/div>\n\t\t\t\t<\/div>\n\t\t\t\t<div class=\"elementor-element elementor-element-33a1f51 elementor-widget elementor-widget-text-editor\" data-id=\"33a1f51\" data-element_type=\"widget\" data-e-type=\"widget\" data-widget_type=\"text-editor.default\">\n\t\t\t\t<div class=\"elementor-widget-container\">\n\t\t\t\t\t\t\t\t\t<h2>Plan de r\u00e9adaptation \u00e9crit<\/h2>\n<p>Apr\u00e8s avoir d\u00e9termin\u00e9 vos comp\u00e9tences polyvalentes, votre conseiller en r\u00e9adaptation professionnelle et vous fixerez un objectif pour le type de travail que vous souhaitez effectuer. Votre conseiller cr\u00e9era ensuite un plan de r\u00e9adaptation \u00e9crit pour vous. Ce document d\u00e9crit\u00a0:<\/p>\n<ul>\n<li>les objectifs sp\u00e9cifiques que votre conseiller et vous travaillerez \u00e0 atteindre;&nbsp;<\/li>\n<li>l\u2019\u00e9ch\u00e9ancier pour achever le plan;&nbsp;<\/li>\n<li>les services de la WCB et les autres services de soutien qui vous seront offerts pour vous aider dans votre retour au travail.&nbsp;&nbsp;<\/li>\n<\/ul>\n<p>La r\u00e9ussite de votre plan et de votre retour au travail est principalement votre responsabilit\u00e9. Vous devez participer au plan et d\u00e9ployer des efforts pour atteindre ses objectifs. N\u2019oubliez pas que le plan est flexible. Il peut \u00eatre adapt\u00e9, dans une mesure raisonnable, si votre situation change.&nbsp;<\/p>\n\t\t\t\t\t\t\t\t<\/div>\n\t\t\t\t<\/div>\n\t\t\t\t<div class=\"elementor-element elementor-element-40810a6 elementor-widget elementor-widget-text-editor\" data-id=\"40810a6\" data-element_type=\"widget\" data-e-type=\"widget\" data-widget_type=\"text-editor.default\">\n\t\t\t\t<div class=\"elementor-widget-container\">\n\t\t\t\t\t\t\t\t\t<h2>Recherche d\u2019emploi<\/h2>\n<p>Votre plan de r\u00e9adaptation professionnelle comprendra une recherche d\u2019emploi d\u2019une dur\u00e9e limit\u00e9e. Au d\u00e9part, votre conseiller en r\u00e9adaptation professionnelle collaborera avec vous \u00e0 la r\u00e9daction d\u2019un curriculum vit\u00e6, puis \u00e0 la recherche d\u2019emplois potentiels.<\/p>\n<p>Le conseiller pourrait aussi rencontrer un employeur pour planifier une formation en cours d\u2019emploi si le poste et l\u2019employeur sont un bon choix pour vous.<\/p>\n<p>La WCB vous aidera ainsi \u00e0 \u00eatre comp\u00e9titif sur le march\u00e9 du travail, m\u00eame si l\u2019obtention d\u2019un emploi n\u2019est pas garantie. Comme vous \u00eates maintenant en mesure de travailler, vos prestations d\u2019assurance-salaire de la WCB seront r\u00e9duites selon le montant d\u00e9termin\u00e9 dans votre plan de r\u00e9adaptation professionnelle, et ce, m\u00eame si vous ne trouvez pas d\u2019emploi \u00e0 la fin du processus.<\/p>\n\t\t\t\t\t\t\t\t<\/div>\n\t\t\t\t<\/div>\n\t\t\t\t<div class=\"elementor-element elementor-element-9e41a51 elementor-widget elementor-widget-text-editor\" data-id=\"9e41a51\" data-element_type=\"widget\" data-e-type=\"widget\" data-widget_type=\"text-editor.default\">\n\t\t\t\t<div class=\"elementor-widget-container\">\n\t\t\t\t\t\t\t\t\t<h2>Programmes d\u2019\u00e9ducation et de formation<\/h2>\n<p>Il se peut que votre conseiller en r\u00e9adaptation professionnelle d\u00e9termine que vous devez am\u00e9liorer vos comp\u00e9tences ou suivre une formation pour retourner au travail. En pareil cas, votre conseiller vous aidera \u00e0 vous fixer un autre objectif d\u2019emploi. Votre conseiller vous assistera aussi pour trouver le programme d\u2019\u00e9ducation ou de formation qui vous permettra d\u2019atteindre cet objectif.<\/p>\n<p>Une fois votre programme termin\u00e9, votre conseiller en r\u00e9adaptation professionnelle vous mettra en lien avec un sp\u00e9cialiste de l\u2019emploi qui vous aidera \u00e0 trouver un emploi.<\/p>\n\t\t\t\t\t\t\t\t<\/div>\n\t\t\t\t<\/div>\n\t\t\t\t<div class=\"elementor-element elementor-element-c1d3d43 elementor-widget elementor-widget-text-editor\" data-id=\"c1d3d43\" data-element_type=\"widget\" data-e-type=\"widget\" data-widget_type=\"text-editor.default\">\n\t\t\t\t<div class=\"elementor-widget-container\">\n\t\t\t\t\t\t\t\t\t<h2>Indemnit\u00e9s pour la r\u00e9adaptation professionnelle<\/h2>\n<p>La r\u00e9adaptation professionnelle s\u2019accompagne de certains co\u00fbts. Par exemple, vous devrez peut-\u00eatre vous procurer des v\u00eatements, des outils ou des livres ou assumer des frais de d\u00e9placement. La WCB pr\u00e9voit des indemnit\u00e9s aux travailleurs bless\u00e9s pour couvrir ces co\u00fbts. Votre conseiller en r\u00e9adaptation professionnelle ou votre gestionnaire de cas vous aidera \u00e0 d\u00e9terminer votre admissibilit\u00e9 \u00e0 ces indemnit\u00e9s.<\/p>\n\t\t\t\t\t\t\t\t<\/div>\n\t\t\t\t<\/div>\n\t\t\t\t<div class=\"elementor-element elementor-element-18e79a1 elementor-widget elementor-widget-text-editor\" data-id=\"18e79a1\" data-element_type=\"widget\" data-e-type=\"widget\" data-widget_type=\"text-editor.default\">\n\t\t\t\t<div class=\"elementor-widget-container\">\n\t\t\t\t\t\t\t\t\t<h2>Fin des services et des prestations de r\u00e9adaptation professionnelle<\/h2>\n<p>Si vous trouvez un emploi, vos services et prestations de r\u00e9adaptation professionnelle seront r\u00e9duits ou interrompus. Les services et les prestations peuvent aussi \u00eatre modifi\u00e9s une fois que votre plan et votre recherche d\u2019emploi ont pris fin.<\/p>\n<p>Votre dossier sera pass\u00e9 en revue avant la fin des prestations et vous recevrez le meilleur pr\u00e9avis possible. Votre situation d\u00e9terminera le pr\u00e9avis auquel vous aurez droit.<\/p>\n\t\t\t\t\t\t\t\t<\/div>\n\t\t\t\t<\/div>\n\t\t\t\t<div class=\"elementor-element elementor-element-99d2559 elementor-widget elementor-widget-text-editor\" data-id=\"99d2559\" data-element_type=\"widget\" data-e-type=\"widget\" data-widget_type=\"text-editor.default\">\n\t\t\t\t<div class=\"elementor-widget-container\">\n\t\t\t\t\t\t\t\t\t<h2>Porter une d\u00e9cision en appel<\/h2>\n<p>Un certain nombre de d\u00e9cisions sont prises tandis que vous avez une r\u00e9clamation aupr\u00e8s de la WCB. Votre gestionnaire de cas en discutera avec vous. Si vous \u00eates en d\u00e9saccord avec une d\u00e9cision et souhaitez la porter en appel, la premi\u00e8re \u00e9tape consiste \u00e0 en discuter avec votre gestionnaire de cas. Votre gestionnaire de cas vous expliquera les motifs de la d\u00e9cision. Si vous avez de nouveaux renseignements qui pourraient avoir une incidence sur une d\u00e9cision, indiquez-les \u00e0 votre gestionnaire de cas qui les passera en revue sans proc\u00e9der \u00e0 un appel officiel. Si vous \u00eates toujours en d\u00e9saccord avec la d\u00e9cision, vous pouvez demander une explication \u00e9crite.&nbsp;<\/p>\n<p>Si vous \u00eates encore en d\u00e9saccord malgr\u00e9 l\u2019explication \u00e9crite, la prochaine \u00e9tape consiste \u00e0 lancer le processus d\u2019appel officiel. Apprenez-en plus sur comment <a href=\"https:\/\/www.wcb.mb.ca\/fr\/travailleurs\/porter-une-decision-de-la-wcb-en-appel\/\">porter une d\u00e9cision de la WCB en appel.<\/a><\/p>\n\t\t\t\t\t\t\t\t<\/div>\n\t\t\t\t<\/div>\n\t\t\t\t<\/div>\n\t\t<div class=\"elementor-element elementor-element-101c664c e-con-full e-flex e-con e-child\" data-id=\"101c664c\" data-element_type=\"container\" data-e-type=\"container\" data-settings=\"{&quot;background_background&quot;:&quot;classic&quot;}\">\n\t\t\t\t<div class=\"elementor-element elementor-element-4636f7e1 elementor-widget elementor-widget-st-link-list\" data-id=\"4636f7e1\" data-element_type=\"widget\" data-e-type=\"widget\" data-widget_type=\"st-link-list.default\">\n\t\t\t\t<div class=\"elementor-widget-container\">\n\t\t\t\t\t<div class=\"c-linkList c-linkList--default c-linkList--default\"><h2 class=\"c-linkList__title\"><span >Liens connexes<\/span><\/h2><div class=\"c-linkList__list\"><div class=\"c-linkList__item\"><a class=\"c-linkList__itemBtn g-btn__arrow--fullWidth\" href=\"\/fr\/travailleurs\/retour-au-travail-travailleurs\/\"><span >Retour au travail<\/span><\/a><\/div><div class=\"c-linkList__item\"><a class=\"c-linkList__itemBtn g-btn__arrow--fullWidth\" href=\"\/fr\/travailleurs\/droits-et-responsabilites-des-travailleurs\/%20\"><span >Droits et responsabilit\u00e9s des travailleurs<\/span><\/a><\/div><\/div><\/div>\t\t\t\t<\/div>\n\t\t\t\t<\/div>\n\t\t\t\t<div class=\"elementor-element elementor-element-52d51b99 elementor-widget elementor-widget-st-cats\" data-id=\"52d51b99\" data-element_type=\"widget\" data-e-type=\"widget\" data-widget_type=\"st-cats.default\">\n\t\t\t\t<div class=\"elementor-widget-container\">\n\t\t\t\t\t<div class=\"c-ctaList\"><\/div>\t\t\t\t<\/div>\n\t\t\t\t<\/div>\n\t\t\t\t<\/div>\n\t\t\t\t\t<\/div>\n\t\t\t\t<\/div>\n\t\t\t\t<\/div>\n\t\t","protected":false},"excerpt":{"rendered":"<p>R\u00e9adaptation professionnelle Il est possible que certains travailleurs ne soient pas en mesure de retourner au travail aupr\u00e8s du m\u00eame employeur. En pareil cas, la WCB pourrait vous diriger vers la r\u00e9adaptation professionnelle. Durant la r\u00e9adaptation professionnelle, la WCB et vous travaillerez ensemble sur un plan pour votre retour au travail. Vous collaborerez avec un [&hellip;]<\/p>\n","protected":false},"author":1,"featured_media":0,"parent":21791,"menu_order":0,"comment_status":"closed","ping_status":"closed","template":"","meta":{"_acf_changed":false,"footnotes":""},"tags":[],"class_list":["post-20307","page","type-page","status-publish","hentry"],"acf":[],"_links":{"self":[{"href":"https:\/\/www.wcb.mb.ca\/fr\/wp-json\/wp\/v2\/pages\/20307","targetHints":{"allow":["GET"]}}],"collection":[{"href":"https:\/\/www.wcb.mb.ca\/fr\/wp-json\/wp\/v2\/pages"}],"about":[{"href":"https:\/\/www.wcb.mb.ca\/fr\/wp-json\/wp\/v2\/types\/page"}],"author":[{"embeddable":true,"href":"https:\/\/www.wcb.mb.ca\/fr\/wp-json\/wp\/v2\/users\/1"}],"replies":[{"embeddable":true,"href":"https:\/\/www.wcb.mb.ca\/fr\/wp-json\/wp\/v2\/comments?post=20307"}],"version-history":[{"count":6,"href":"https:\/\/www.wcb.mb.ca\/fr\/wp-json\/wp\/v2\/pages\/20307\/revisions"}],"predecessor-version":[{"id":22000,"href":"https:\/\/www.wcb.mb.ca\/fr\/wp-json\/wp\/v2\/pages\/20307\/revisions\/22000"}],"up":[{"embeddable":true,"href":"https:\/\/www.wcb.mb.ca\/fr\/wp-json\/wp\/v2\/pages\/21791"}],"wp:attachment":[{"href":"https:\/\/www.wcb.mb.ca\/fr\/wp-json\/wp\/v2\/media?parent=20307"}],"wp:term":[{"taxonomy":"post_tag","embeddable":true,"href":"https:\/\/www.wcb.mb.ca\/fr\/wp-json\/wp\/v2\/tags?post=20307"}],"curies":[{"name":"wp","href":"https:\/\/api.w.org\/{rel}","templated":true}]}}