{"id":20300,"date":"2025-03-17T13:56:21","date_gmt":"2025-03-17T17:56:21","guid":{"rendered":"https:\/\/www.wcb.mb.ca\/?page_id=20300"},"modified":"2026-01-13T12:00:29","modified_gmt":"2026-01-13T17:00:29","slug":"processus-de-reclamation-du-travailleur","status":"publish","type":"page","link":"https:\/\/www.wcb.mb.ca\/fr\/travailleurs\/signalez-votre-blessure\/processus-de-reclamation-du-travailleur\/","title":{"rendered":"Processus de r\u00e9clamation du travailleur"},"content":{"rendered":"\t\t<div data-elementor-type=\"wp-page\" data-elementor-id=\"20300\" class=\"elementor elementor-20300 elementor-10215\" data-elementor-post-type=\"page\">\n\t\t\t\t<div class=\"elementor-element elementor-element-4e0de90 e-flex e-con-boxed e-con e-parent\" data-id=\"4e0de90\" data-element_type=\"container\" data-e-type=\"container\">\n\t\t\t\t\t<div class=\"e-con-inner\">\n\t\t\t\t<div class=\"elementor-element elementor-element-3da97a8 elementor-widget elementor-widget-st-header-image\" data-id=\"3da97a8\" data-element_type=\"widget\" data-e-type=\"widget\" data-widget_type=\"st-header-image.default\">\n\t\t\t\t<div class=\"elementor-widget-container\">\n\t\t\t\t\t<div class=\"c-headerImage g-layout__padding c-headerImage--noImage\"><div class=\"c-headerImage__container g-layout__maxWidth\"><div class=\"c-headerImage__content\"><div ><h1>Processus de r\u00e9clamation du travailleur<\/h1><\/div><\/div><\/div><\/div>\t\t\t\t<\/div>\n\t\t\t\t<\/div>\n\t\t\t\t\t<\/div>\n\t\t\t\t<\/div>\n\t\t<div class=\"elementor-element elementor-element-62bf80e6 e-grid e-con-boxed e-con e-parent\" data-id=\"62bf80e6\" data-element_type=\"container\" data-e-type=\"container\">\n\t\t\t\t\t<div class=\"e-con-inner\">\n\t\t<div class=\"elementor-element elementor-element-2c8217d3 e-con-full e-flex e-con e-child\" data-id=\"2c8217d3\" data-element_type=\"container\" data-e-type=\"container\">\n\t\t\t\t<div class=\"elementor-element elementor-element-53cc4f86 elementor-widget__width-initial elementor-widget elementor-widget-text-editor\" data-id=\"53cc4f86\" data-element_type=\"widget\" data-e-type=\"widget\" data-widget_type=\"text-editor.default\">\n\t\t\t\t<div class=\"elementor-widget-container\">\n\t\t\t\t\t\t\t\t\t<h2>\u00c0 quoi s\u2019attendre durant le processus de r\u00e9clamation<\/h2>\n<p>Une fois votre blessure signal\u00e9e, vous obtiendrez un num\u00e9ro de r\u00e9clamation, de m\u00eame que le nom et le num\u00e9ro de t\u00e9l\u00e9phone de l\u2019agent d\u2019indemnisation qui s\u2019occupera de celle-ci. L\u2019agent d\u2019indemnisation est un employ\u00e9 de la WCB qui travaillera \u00e0 votre r\u00e9clamation avec vous\u00a0: il est votre personne-ressource si vous avez des questions.<\/p>\n<p>Si vous devez payer pour des m\u00e9dicaments ou d\u2019autres frais li\u00e9s \u00e0 votre blessure, conservez les re\u00e7us originaux et avisez votre agent d\u2019indemnisation. La WCB pourrait couvrir certains de ces frais.<\/p>\n<p>Voici les \u00e9tapes du processus de r\u00e9clamation du travailleur.<\/p>\n\t\t\t\t\t\t\t\t<\/div>\n\t\t\t\t<\/div>\n\t\t\t\t<div class=\"elementor-element elementor-element-7221ce5 elementor-widget__width-initial elementor-widget elementor-widget-text-editor\" data-id=\"7221ce5\" data-element_type=\"widget\" data-e-type=\"widget\" data-widget_type=\"text-editor.default\">\n\t\t\t\t<div class=\"elementor-widget-container\">\n\t\t\t\t\t\t\t\t\t<h2>D\u00e9cision relative \u00e0 une r\u00e9clamation<\/h2>\n<p>Nous recueillerons des renseignements de vous, votre employeur et votre fournisseur de soins de sant\u00e9. Ces renseignements serviront \u00e0 d\u00e9terminer si la r\u00e9clamation doit \u00eatre accept\u00e9e ou refus\u00e9e. Le temps n\u00e9cessaire \u00e0 la prise d\u2019une d\u00e9cision d\u00e9pendra de la complexit\u00e9 de la r\u00e9clamation et de la disponibilit\u00e9 des renseignements. Nous communiquerons avec vous si des renseignements additionnels sont requis.<\/p>\n\t\t\t\t\t\t\t\t<\/div>\n\t\t\t\t<\/div>\n\t\t\t\t<div class=\"elementor-element elementor-element-2fc6036 elementor-widget__width-initial elementor-widget elementor-widget-text-editor\" data-id=\"2fc6036\" data-element_type=\"widget\" data-e-type=\"widget\" data-widget_type=\"text-editor.default\">\n\t\t\t\t<div class=\"elementor-widget-container\">\n\t\t\t\t\t\t\t\t\t<h2>Calcul de la prestation<\/h2>\n<p>L\u2019indemnisation des travailleurs est financ\u00e9e par les employeurs afin que vous receviez les prestations auxquelles vous avez droit si vous subissez une blessure ou maladie professionnelle survenue en milieu de travail. Votre employeur doit aussi vous verser un salaire pour le quart complet du jour de votre blessure, et non pas seulement pour les heures travaill\u00e9es avant celle-ci.<\/p>\n<p>Si vous r\u00e9clamez des indemnit\u00e9s, telles que des prestations d\u2019assurance-salaire, les co\u00fbts d\u2019un traitement m\u00e9dical ou d\u2019une ordonnance, la WCB d\u00e9terminera les \u00e9l\u00e9ments couverts.<\/p>\n<p>Pour plus d\u2019informations, veuillez visiter <a href=\"https:\/\/www.wcb.mb.ca\/fr\/travailleurs\/prestations-dindemnisation-des-travailleurs\/\">Allocation pour les travailleurs<\/a>.<\/p>\n\t\t\t\t\t\t\t\t<\/div>\n\t\t\t\t<\/div>\n\t\t\t\t<div class=\"elementor-element elementor-element-85f23be elementor-widget__width-initial elementor-widget elementor-widget-text-editor\" data-id=\"85f23be\" data-element_type=\"widget\" data-e-type=\"widget\" data-widget_type=\"text-editor.default\">\n\t\t\t\t<div class=\"elementor-widget-container\">\n\t\t\t\t\t\t\t\t\t<h2>Gu\u00e9rison et retour au travail<\/h2>\n<p>Si vous devez vous absenter du travail, nous vous accompagnerons dans la reprise d\u2019un travail s\u00e9curitaire et adapt\u00e9. Suivez ces \u00e9tapes pendant la gu\u00e9rison de votre blessure.<\/p>\n<p><\/p>\n<h3>1. Suivez le plan de traitement pr\u00e9par\u00e9 par votre fournisseur de soins de sant\u00e9<\/h3>\n<p>Prenez vos m\u00e9dicaments, participez aux programmes de r\u00e9adaptation physique prescrits et pr\u00e9sentez-vous \u00e0 tous vos rendez-vous. Une gu\u00e9rison active est le meilleur moyen de recouvrer la sant\u00e9 et de retourner au travail en toute s\u00e9curit\u00e9. Vos indemnit\u00e9s de la WCB peuvent \u00eatre interrompues si vous ne suivez pas le plan de traitement de votre m\u00e9decin apr\u00e8s une blessure au travail.<\/p>\n<p><\/p>\n<h3>2. Restez en contact avec votre employeur<\/h3>\n<p>Maintenir le lien avec votre employeur contribuera \u00e0 faciliter votre retour au travail. Informez votre superviseur sur le progr\u00e8s de votre gu\u00e9rison et du moment o\u00f9 vous pourrez retourner au travail.<\/p>\n<p><\/p>\n<h3>3. Restez en contact avec la WCB<\/h3>\n<p>Restez en contact avec votre repr\u00e9sentant de la WCB et informez-le de tout changement \u00e0 votre blessure, sur le progr\u00e8s de votre gu\u00e9rison et du moment o\u00f9 vous pourrez retourner au travail.<\/p>\n<p>Apprenez-en plus sur le <a href=\"https:\/\/www.wcb.mb.ca\/fr\/travailleurs\/retour-au-travail-travailleurs\/\">programme de retour au travail<\/a>.<\/p>\t\t\t\t\t\t\t\t<\/div>\n\t\t\t\t<\/div>\n\t\t\t\t<\/div>\n\t\t<div class=\"elementor-element elementor-element-77a21ea7 e-con-full e-flex e-con e-child\" data-id=\"77a21ea7\" data-element_type=\"container\" data-e-type=\"container\" data-settings=\"{&quot;background_background&quot;:&quot;classic&quot;}\">\n\t\t\t\t<div class=\"elementor-element elementor-element-34286079 elementor-widget elementor-widget-st-link-list\" data-id=\"34286079\" data-element_type=\"widget\" data-e-type=\"widget\" data-widget_type=\"st-link-list.default\">\n\t\t\t\t<div class=\"elementor-widget-container\">\n\t\t\t\t\t<div class=\"c-linkList c-linkList--default c-linkList--default\"><h2 class=\"c-linkList__title\"><span >Liens connexes<\/span><\/h2><div class=\"c-linkList__list\"><div class=\"c-linkList__item\"><a class=\"c-linkList__itemBtn g-btn__arrow--fullWidth\" href=\"\/fr\/travailleurs\/prestations-dindemnisation-des-travailleurs\/\"><span >Prestations d\u2019indemnisation des travailleurs<\/span><\/a><\/div><div class=\"c-linkList__item\"><a class=\"c-linkList__itemBtn g-btn__arrow--fullWidth\" href=\"\/fr\/travailleurs\/droits-et-responsabilites-des-travailleurs\/\"><span >Droits et responsabilit\u00e9s des travailleurs<\/span><\/a><\/div><\/div><\/div>\t\t\t\t<\/div>\n\t\t\t\t<\/div>\n\t\t\t\t<div class=\"elementor-element elementor-element-14e3966b elementor-widget elementor-widget-st-cats\" data-id=\"14e3966b\" data-element_type=\"widget\" data-e-type=\"widget\" data-widget_type=\"st-cats.default\">\n\t\t\t\t<div class=\"elementor-widget-container\">\n\t\t\t\t\t<div class=\"c-ctaList\"><\/div>\t\t\t\t<\/div>\n\t\t\t\t<\/div>\n\t\t\t\t<\/div>\n\t\t\t\t\t<\/div>\n\t\t\t\t<\/div>\n\t\t\t\t<\/div>\n\t\t","protected":false},"excerpt":{"rendered":"<p>Processus de r\u00e9clamation du travailleur \u00c0 quoi s\u2019attendre durant le processus de r\u00e9clamation Une fois votre blessure signal\u00e9e, vous obtiendrez un num\u00e9ro de r\u00e9clamation, de m\u00eame que le nom et le num\u00e9ro de t\u00e9l\u00e9phone de l\u2019agent d\u2019indemnisation qui s\u2019occupera de celle-ci. L\u2019agent d\u2019indemnisation est un employ\u00e9 de la WCB qui travaillera \u00e0 votre r\u00e9clamation avec [&hellip;]<\/p>\n","protected":false},"author":1,"featured_media":0,"parent":20304,"menu_order":0,"comment_status":"closed","ping_status":"closed","template":"","meta":{"_acf_changed":false,"footnotes":""},"tags":[],"class_list":["post-20300","page","type-page","status-publish","hentry"],"acf":[],"_links":{"self":[{"href":"https:\/\/www.wcb.mb.ca\/fr\/wp-json\/wp\/v2\/pages\/20300","targetHints":{"allow":["GET"]}}],"collection":[{"href":"https:\/\/www.wcb.mb.ca\/fr\/wp-json\/wp\/v2\/pages"}],"about":[{"href":"https:\/\/www.wcb.mb.ca\/fr\/wp-json\/wp\/v2\/types\/page"}],"author":[{"embeddable":true,"href":"https:\/\/www.wcb.mb.ca\/fr\/wp-json\/wp\/v2\/users\/1"}],"replies":[{"embeddable":true,"href":"https:\/\/www.wcb.mb.ca\/fr\/wp-json\/wp\/v2\/comments?post=20300"}],"version-history":[{"count":6,"href":"https:\/\/www.wcb.mb.ca\/fr\/wp-json\/wp\/v2\/pages\/20300\/revisions"}],"predecessor-version":[{"id":21988,"href":"https:\/\/www.wcb.mb.ca\/fr\/wp-json\/wp\/v2\/pages\/20300\/revisions\/21988"}],"up":[{"embeddable":true,"href":"https:\/\/www.wcb.mb.ca\/fr\/wp-json\/wp\/v2\/pages\/20304"}],"wp:attachment":[{"href":"https:\/\/www.wcb.mb.ca\/fr\/wp-json\/wp\/v2\/media?parent=20300"}],"wp:term":[{"taxonomy":"post_tag","embeddable":true,"href":"https:\/\/www.wcb.mb.ca\/fr\/wp-json\/wp\/v2\/tags?post=20300"}],"curies":[{"name":"wp","href":"https:\/\/api.w.org\/{rel}","templated":true}]}}