{"id":20075,"date":"2024-11-22T10:47:48","date_gmt":"2024-11-22T15:47:48","guid":{"rendered":"https:\/\/www.wcb.mb.ca\/?page_id=20075"},"modified":"2026-01-14T15:48:26","modified_gmt":"2026-01-14T20:48:26","slug":"fermer-ou-vendre-une-entreprise","status":"publish","type":"page","link":"https:\/\/www.wcb.mb.ca\/fr\/employeurs\/changements-a-une-entreprise\/fermer-ou-vendre-une-entreprise\/","title":{"rendered":"Fermer ou vendre une entreprise"},"content":{"rendered":"\t\t<div data-elementor-type=\"wp-page\" data-elementor-id=\"20075\" class=\"elementor elementor-20075 elementor-2367\" data-elementor-post-type=\"page\">\n\t\t\t\t<div class=\"elementor-element elementor-element-6b1428a e-flex e-con-boxed e-con e-parent\" data-id=\"6b1428a\" data-element_type=\"container\" data-e-type=\"container\">\n\t\t\t\t\t<div class=\"e-con-inner\">\n\t\t\t\t<div class=\"elementor-element elementor-element-e322163 elementor-widget elementor-widget-st-header-image\" data-id=\"e322163\" data-element_type=\"widget\" data-e-type=\"widget\" data-widget_type=\"st-header-image.default\">\n\t\t\t\t<div class=\"elementor-widget-container\">\n\t\t\t\t\t<div class=\"c-headerImage g-layout__padding c-headerImage--noImage\"><div class=\"c-headerImage__container g-layout__maxWidth\"><div class=\"c-headerImage__content\"><div ><h1>Fermer ou vendre une entreprise<\/h1><\/div><\/div><\/div><\/div>\t\t\t\t<\/div>\n\t\t\t\t<\/div>\n\t\t\t\t\t<\/div>\n\t\t\t\t<\/div>\n\t\t<div class=\"elementor-element elementor-element-16a9ba0 e-flex e-con-boxed e-con e-parent\" data-id=\"16a9ba0\" data-element_type=\"container\" data-e-type=\"container\">\n\t\t\t\t\t<div class=\"e-con-inner\">\n\t\t<div class=\"elementor-element elementor-element-05105bc e-con-full e-flex e-con e-child\" data-id=\"05105bc\" data-element_type=\"container\" data-e-type=\"container\">\n\t\t\t\t<div class=\"elementor-element elementor-element-1961901 elementor-widget__width-initial elementor-widget elementor-widget-text-editor\" data-id=\"1961901\" data-element_type=\"widget\" data-e-type=\"widget\" data-widget_type=\"text-editor.default\">\n\t\t\t\t<div class=\"elementor-widget-container\">\n\t\t\t\t\t\t\t\t\t<p>En cas de changement \u00e0 votre entreprise, il est important de communiquer avec la WCB.<\/p>\n<p>Que vous vendiez une entreprise ou fermiez un compte \u00e0 la WCB, les \u00e9tapes \u00e0 suivre sont similaires.<\/p>\n<p>&nbsp;<\/p>\n<h2>Fermer une entreprise<\/h2>\n<p>Si vous fermez un compte \u00e0 la WCB, vous devez indiquer la derni\u00e8re date \u00e0 laquelle vous avez pay\u00e9 vos travailleurs au Manitoba et votre masse salariale jusqu\u2019\u00e0 cette date. Vous recevrez ensuite un relev\u00e9 de compte pour faire le rapprochement des sommes dues, le cas \u00e9ch\u00e9ant.<\/p>\n<p><span style=\"text-align: var(--text-align);\">La m\u00e9thode de remboursement variera en fonction de la somme qui vous est due.<\/span><\/p>\n<ul>\n<li>Si la somme du remboursement est inf\u00e9rieure \u00e0 10\u00a0000\u00a0$, vous recevrez un paiement automatique sous forme d\u2019un ch\u00e8que.<\/li>\n<li>Si la somme est sup\u00e9rieure \u00e0 10\u00a0000\u00a0$, le remboursement sera audit\u00e9 par notre service de la conformit\u00e9 avant qu\u2019il ne soit vers\u00e9.<\/li>\n<\/ul>\n<p>Veuillez noter que la protection personnelle sera annul\u00e9e \u00e0 la date o\u00f9 vous communiquez avec nous et non r\u00e9troactivement, \u00e0 la date o\u00f9 vous avez ferm\u00e9 votre entreprise. Vous devrez communiquer avec le <a href=\"#contact\">Service des cotisations<\/a> pour annuler votre protection personnelle.<\/p>\n\t\t\t\t\t\t\t\t<\/div>\n\t\t\t\t<\/div>\n\t\t\t\t<div class=\"elementor-element elementor-element-8530e91 elementor-widget elementor-widget-text-editor\" data-id=\"8530e91\" data-element_type=\"widget\" data-e-type=\"widget\" data-widget_type=\"text-editor.default\">\n\t\t\t\t<div class=\"elementor-widget-container\">\n\t\t\t\t\t\t\t\t\t<h2>Vendre une entreprise<\/h2>\n<p>Si vous vendez votre entreprise, vous devez indiquer \u00e0 la WCB la derni\u00e8re date \u00e0 laquelle vous avez pay\u00e9 vos travailleurs au Manitoba et votre masse salariale jusqu\u2019\u00e0 cette date. Vous devrez aussi communiquer les coordonn\u00e9es de l\u2019acheteur, y compris son nom, son num\u00e9ro de t\u00e9l\u00e9phone et son adresse. Vous recevrez ensuite un relev\u00e9 de compte pour faire le rapprochement des sommes dues, le cas \u00e9ch\u00e9ant.<\/p>\n<p><span style=\"text-align: var(--text-align);\">La m\u00e9thode de remboursement variera en fonction de la somme qui vous est due.<\/span><\/p>\n<ul>\n<li>Si la somme du remboursement est inf\u00e9rieure \u00e0 10\u00a0000\u00a0$, vous recevrez un paiement automatique sous forme d\u2019un ch\u00e8que.<\/li>\n<li>Si la somme est sup\u00e9rieure \u00e0 10\u00a0000\u00a0$, le remboursement sera audit\u00e9 par notre service de la conformit\u00e9 avant qu\u2019il ne soit vers\u00e9.<\/li>\n<\/ul>\n<p>Vous devrez aussi nous demander l\u2019\u00e9mission d\u2019un certificat attestant l\u2019ali\u00e9nation de l\u2019entreprise commerciale afin de confirmer \u00e0 l\u2019acheteur que votre entreprise a respect\u00e9 toutes les exigences de la WCB.<\/p>\n\t\t\t\t\t\t\t\t<\/div>\n\t\t\t\t<\/div>\n\t\t\t\t<div class=\"elementor-element elementor-element-32757ec elementor-widget elementor-widget-text-editor\" data-id=\"32757ec\" data-element_type=\"widget\" data-e-type=\"widget\" id=\"contact\" data-widget_type=\"text-editor.default\">\n\t\t\t\t<div class=\"elementor-widget-container\">\n\t\t\t\t\t\t\t\t\t<h2>Coordonn\u00e9es<\/h2>\n<p>Pour toute question ou mise \u00e0 jour concernant un changement \u00e0 une entreprise, <a href=\"https:\/\/www.wcb.mb.ca\/fr\/?page_id=1894\">communiquez avec notre Service des cotisations<\/a>.<\/p>\n\t\t\t\t\t\t\t\t<\/div>\n\t\t\t\t<\/div>\n\t\t\t\t<\/div>\n\t\t<div class=\"elementor-element elementor-element-ba33dd1 e-con-full e-flex e-con e-child\" data-id=\"ba33dd1\" data-element_type=\"container\" data-e-type=\"container\" data-settings=\"{&quot;background_background&quot;:&quot;classic&quot;}\">\n\t\t\t\t<div class=\"elementor-element elementor-element-ec6c5fa elementor-widget elementor-widget-st-link-list\" data-id=\"ec6c5fa\" data-element_type=\"widget\" data-e-type=\"widget\" data-widget_type=\"st-link-list.default\">\n\t\t\t\t<div class=\"elementor-widget-container\">\n\t\t\t\t\t<div class=\"c-linkList c-linkList--default c-linkList--default\"><h2 class=\"c-linkList__title\"><span >Liens connexes<\/span><\/h2><div class=\"c-linkList__list\"><\/div><\/div>\t\t\t\t<\/div>\n\t\t\t\t<\/div>\n\t\t\t\t<div class=\"elementor-element elementor-element-c76be12 elementor-widget elementor-widget-st-cats\" data-id=\"c76be12\" data-element_type=\"widget\" data-e-type=\"widget\" data-widget_type=\"st-cats.default\">\n\t\t\t\t<div class=\"elementor-widget-container\">\n\t\t\t\t\t<div class=\"c-ctaList\"><\/div>\t\t\t\t<\/div>\n\t\t\t\t<\/div>\n\t\t\t\t<\/div>\n\t\t\t\t\t<\/div>\n\t\t\t\t<\/div>\n\t\t\t\t<\/div>\n\t\t","protected":false},"excerpt":{"rendered":"<p>En cas de changement \u00e0 votre entreprise, il est important de communiquer avec la WCB. Que vous vendiez une entreprise ou fermiez un compte \u00e0 la WCB, les \u00e9tapes \u00e0 suivre sont similaires. &nbsp; Fermer une entreprise Si vous fermez un compte \u00e0 la WCB, vous devez indiquer la derni\u00e8re date \u00e0 laquelle vous avez [&hellip;]<\/p>\n","protected":false},"author":1,"featured_media":0,"parent":20073,"menu_order":0,"comment_status":"closed","ping_status":"closed","template":"","meta":{"_acf_changed":false,"footnotes":""},"tags":[],"class_list":["post-20075","page","type-page","status-publish","hentry"],"acf":[],"_links":{"self":[{"href":"https:\/\/www.wcb.mb.ca\/fr\/wp-json\/wp\/v2\/pages\/20075","targetHints":{"allow":["GET"]}}],"collection":[{"href":"https:\/\/www.wcb.mb.ca\/fr\/wp-json\/wp\/v2\/pages"}],"about":[{"href":"https:\/\/www.wcb.mb.ca\/fr\/wp-json\/wp\/v2\/types\/page"}],"author":[{"embeddable":true,"href":"https:\/\/www.wcb.mb.ca\/fr\/wp-json\/wp\/v2\/users\/1"}],"replies":[{"embeddable":true,"href":"https:\/\/www.wcb.mb.ca\/fr\/wp-json\/wp\/v2\/comments?post=20075"}],"version-history":[{"count":1,"href":"https:\/\/www.wcb.mb.ca\/fr\/wp-json\/wp\/v2\/pages\/20075\/revisions"}],"predecessor-version":[{"id":20076,"href":"https:\/\/www.wcb.mb.ca\/fr\/wp-json\/wp\/v2\/pages\/20075\/revisions\/20076"}],"up":[{"embeddable":true,"href":"https:\/\/www.wcb.mb.ca\/fr\/wp-json\/wp\/v2\/pages\/20073"}],"wp:attachment":[{"href":"https:\/\/www.wcb.mb.ca\/fr\/wp-json\/wp\/v2\/media?parent=20075"}],"wp:term":[{"taxonomy":"post_tag","embeddable":true,"href":"https:\/\/www.wcb.mb.ca\/fr\/wp-json\/wp\/v2\/tags?post=20075"}],"curies":[{"name":"wp","href":"https:\/\/api.w.org\/{rel}","templated":true}]}}