{"id":20073,"date":"2024-11-22T10:42:02","date_gmt":"2024-11-22T15:42:02","guid":{"rendered":"https:\/\/www.wcb.mb.ca\/?page_id=20073"},"modified":"2026-01-14T14:19:04","modified_gmt":"2026-01-14T19:19:04","slug":"changements-a-une-entreprise","status":"publish","type":"page","link":"https:\/\/www.wcb.mb.ca\/fr\/employeurs\/changements-a-une-entreprise\/","title":{"rendered":"Changements \u00e0 une entreprise"},"content":{"rendered":"\t\t<div data-elementor-type=\"wp-page\" data-elementor-id=\"20073\" class=\"elementor elementor-20073 elementor-2357\" data-elementor-post-type=\"page\">\n\t\t\t\t<div class=\"elementor-element elementor-element-de51e9c e-flex e-con-boxed e-con e-parent\" data-id=\"de51e9c\" data-element_type=\"container\" data-e-type=\"container\">\n\t\t\t\t\t<div class=\"e-con-inner\">\n\t\t\t\t<div class=\"elementor-element elementor-element-dcd8912 elementor-widget elementor-widget-st-header-image\" data-id=\"dcd8912\" data-element_type=\"widget\" data-e-type=\"widget\" data-widget_type=\"st-header-image.default\">\n\t\t\t\t<div class=\"elementor-widget-container\">\n\t\t\t\t\t<div class=\"c-headerImage g-layout__padding c-headerImage--noImage\"><div class=\"c-headerImage__container g-layout__maxWidth\"><div class=\"c-headerImage__content\"><div ><h1>Changements \u00e0 une entreprise<\/h1><\/div><\/div><\/div><\/div>\t\t\t\t<\/div>\n\t\t\t\t<\/div>\n\t\t\t\t\t<\/div>\n\t\t\t\t<\/div>\n\t\t<div class=\"elementor-element elementor-element-57323ffe e-grid e-con-boxed e-con e-parent\" data-id=\"57323ffe\" data-element_type=\"container\" data-e-type=\"container\">\n\t\t\t\t\t<div class=\"e-con-inner\">\n\t\t<div class=\"elementor-element elementor-element-521d3429 e-con-full e-flex e-con e-child\" data-id=\"521d3429\" data-element_type=\"container\" data-e-type=\"container\">\n\t\t\t\t<div class=\"elementor-element elementor-element-68358d1 elementor-widget__width-initial elementor-widget elementor-widget-text-editor\" data-id=\"68358d1\" data-element_type=\"widget\" data-e-type=\"widget\" data-widget_type=\"text-editor.default\">\n\t\t\t\t<div class=\"elementor-widget-container\">\n\t\t\t\t\t\t\t\t\t<p><span lang=\"fr-ca\" data-contrast=\"none\">Lorsque votre entreprise change, il est important d\u2019en informer la WCB. Les changements \u00e0 l\u2019entreprise peuvent avoir une incidence sur votre protection, votre exp\u00e9rience des co\u00fbts de r\u00e9clamation, votre cat\u00e9gorie d\u2019industrie, votre taux et vos primes de la WCB.<\/span><span lang=\"fr-ca\" data-contrast=\"auto\"> Cette page explique comment signaler \u00e0 la WCB diff\u00e9rents changements au sein de votre entreprise et l\u2019effet potentiel de ces changements \u00e0 votre protection et au calcul de votre taux.<\/span>&nbsp;<\/p>\n\t\t\t\t\t\t\t\t<\/div>\n\t\t\t\t<\/div>\n\t\t\t\t<div class=\"elementor-element elementor-element-9c6803e elementor-widget elementor-widget-st-image-box-list\" data-id=\"9c6803e\" data-element_type=\"widget\" data-e-type=\"widget\" data-widget_type=\"st-image-box-list.default\">\n\t\t\t\t<div class=\"elementor-widget-container\">\n\t\t\t\t\t<div class=\"c-imageBoxList c-imageBoxList--3 c-imageBoxList--center c-imageBoxList--style3 c-imageBoxList--imageCover\"><div class=\"c-imageBoxList__item\"><img fetchpriority=\"high\" decoding=\"async\" width=\"522\" height=\"348\" src=\"https:\/\/www.wcb.mb.ca\/uploads\/2025\/03\/Horticulture_MaleFloristWorkingAtDesk_2024.jpg\" class=\"c-imageBoxList__itemImage\" alt=\"Fermer ou vendre une entreprise\" srcset=\"https:\/\/www.wcb.mb.ca\/uploads\/2025\/03\/Horticulture_MaleFloristWorkingAtDesk_2024.jpg 522w, https:\/\/www.wcb.mb.ca\/uploads\/2025\/03\/Horticulture_MaleFloristWorkingAtDesk_2024-300x200.jpg 300w\" sizes=\"(max-width: 522px) 100vw, 522px\" \/><div class=\"c-imageBoxList__itemContent\"><div class=\"c-imageBoxList__itemTitle\"><span >Fermer ou vendre une entreprise<\/span><\/div><div class=\"c-imageBoxList__itemDescription\"><span ><\/span><\/div><\/div><a class=\"c-imageBoxList__itemBtn g-btn\" href=\"\/fr\/employeurs\/changements-a-une-entreprise\/fermer-ou-vendre-une-entreprise\/\" aria-label=\"Apprenez-en plus Fermer ou vendre une entreprise\"href=\"\/fr\/employeurs\/changements-a-une-entreprise\/fermer-ou-vendre-une-entreprise\/\"><span >Apprenez-en plus<\/span><\/a><\/div><div class=\"c-imageBoxList__item\"><img decoding=\"async\" width=\"522\" height=\"330\" src=\"https:\/\/www.wcb.mb.ca\/uploads\/2025\/03\/Trades_LaughingConstructionWorkers_2024.jpg\" class=\"c-imageBoxList__itemImage\" alt=\"Mettre \u00e0 jour mes activit\u00e9s commerciales\" srcset=\"https:\/\/www.wcb.mb.ca\/uploads\/2025\/03\/Trades_LaughingConstructionWorkers_2024.jpg 522w, https:\/\/www.wcb.mb.ca\/uploads\/2025\/03\/Trades_LaughingConstructionWorkers_2024-300x190.jpg 300w\" sizes=\"(max-width: 522px) 100vw, 522px\" \/><div class=\"c-imageBoxList__itemContent\"><div class=\"c-imageBoxList__itemTitle\"><span >Mettre \u00e0 jour mes activit\u00e9s commerciales<\/span><\/div><div class=\"c-imageBoxList__itemDescription\"><span ><\/span><\/div><\/div><a class=\"c-imageBoxList__itemBtn g-btn\" href=\"\/fr\/employeurs\/changements-a-une-entreprise\/mettre-a-jour-mes-activites-commerciales\/\" aria-label=\"Apprenez-en plus Mettre \u00e0 jour mes activit\u00e9s commerciales\"href=\"\/fr\/employeurs\/changements-a-une-entreprise\/mettre-a-jour-mes-activites-commerciales\/\"><span >Apprenez-en plus<\/span><\/a><\/div><div class=\"c-imageBoxList__item\"><img decoding=\"async\" width=\"522\" height=\"348\" src=\"https:\/\/www.wcb.mb.ca\/uploads\/2025\/03\/Manufacturing_ManStandingInfrontOfGrainBins_2024.jpg\" class=\"c-imageBoxList__itemImage\" alt=\"Achat ou fusion d\u2019une entreprise\" srcset=\"https:\/\/www.wcb.mb.ca\/uploads\/2025\/03\/Manufacturing_ManStandingInfrontOfGrainBins_2024.jpg 522w, https:\/\/www.wcb.mb.ca\/uploads\/2025\/03\/Manufacturing_ManStandingInfrontOfGrainBins_2024-300x200.jpg 300w\" sizes=\"(max-width: 522px) 100vw, 522px\" \/><div class=\"c-imageBoxList__itemContent\"><div class=\"c-imageBoxList__itemTitle\"><span >Achat ou fusion d\u2019une entreprise<\/span><\/div><div class=\"c-imageBoxList__itemDescription\"><span ><\/span><\/div><\/div><a class=\"c-imageBoxList__itemBtn g-btn\" href=\"\/fr\/employeurs\/changements-a-une-entreprise\/achat-fusion-ou-changement-a-la-structure-juridique-dune-entreprise\/\" aria-label=\"Apprenez-en plus Achat ou fusion d\u2019une entreprise\"href=\"\/fr\/employeurs\/changements-a-une-entreprise\/achat-fusion-ou-changement-a-la-structure-juridique-dune-entreprise\/\"><span >Apprenez-en plus<\/span><\/a><\/div><\/div>\t\t\t\t<\/div>\n\t\t\t\t<\/div>\n\t\t\t\t<div class=\"elementor-element elementor-element-2ec2c4e elementor-widget elementor-widget-text-editor\" data-id=\"2ec2c4e\" data-element_type=\"widget\" data-e-type=\"widget\" data-widget_type=\"text-editor.default\">\n\t\t\t\t<div class=\"elementor-widget-container\">\n\t\t\t\t\t\t\t\t\t<h2>Modifier les coordonn\u00e9es d\u2019une entreprise<\/h2>\n<p>Lors de l\u2019enregistrement initial de votre compte de l\u2019employeur aupr\u00e8s de la WCB, la personne qui a effectu\u00e9 l\u2019enregistrement a \u00e9t\u00e9 inscrite automatiquement \u00e0 titre de personne-ressource autoris\u00e9e. Votre personne-ressource autoris\u00e9e a acc\u00e8s \u00e0 vos renseignements \u00e0 la WCB et peut modifier les renseignements sur votre compte.<\/p>\n<p>Nous vous encourageons \u00e0 passer en revue vos personnes-ressources d\u00e9sign\u00e9es \u00e0 la WCB avant l\u2019entr\u00e9e en vigueur d\u2019un changement op\u00e9rationnel important. Sous r\u00e9serve de certaines exceptions pr\u00e9vues par la loi, seules les personnes-ressources autoris\u00e9es actuelles peuvent apporter des modifications \u00e0 votre compte ou acc\u00e9der aux renseignements sur le compte de votre entreprise. Vos renseignements sont trait\u00e9s de fa\u00e7on priv\u00e9e et confidentielle, et la WCB est tenue, en vertu de politiques sur la confidentialit\u00e9, de prot\u00e9ger les renseignements sur votre compte.<\/p>\n<p>Certains employeurs jugent utile de compter plus d\u2019une personne-ressource autoris\u00e9e. Une personne-ressource autoris\u00e9e est typiquement le propri\u00e9taire, un directeur ou un employ\u00e9 de confiance de l\u2019entreprise. Vous pouvez ajouter une ou plusieurs personnes-ressources autoris\u00e9es en tout temps en communiquant avec notre bureau ou en remettant une autorisation sign\u00e9e \u00e0 la WCB qui comprend l\u2019information suivante\u00a0:<\/p>\n<ul>\n<li>Le nom l\u00e9gal, l\u2019adresse et les coordonn\u00e9es de l\u2019employeur (num\u00e9ro de t\u00e9l\u00e9phone et de t\u00e9l\u00e9copieur, adresse courriel)<\/li>\n<li>Le num\u00e9ro de compte WCB de l\u2019employeur<\/li>\n<li>Le nom de la personne-ressource autoris\u00e9e, son adresse et ses coordonn\u00e9es<\/li>\n<li>Les types d\u2019information (r\u00e9clamations, \u00e9valuations ou les deux) pour lesquels l\u2019acc\u00e8s est accord\u00e9<\/li>\n<li>la date \u00e0 partir de laquelle l\u2019acc\u00e8s aux renseignements au dossier de l\u2019employeur est accord\u00e9;<\/li>\n<li>Votre nom, poste, signature et coordonn\u00e9es (si vous \u00eates la personne qui demande l\u2019ajout de la personne-ressource autoris\u00e9e)<\/li>\n<\/ul>\n<p>Si vous souhaitez qu\u2019un tiers ait acc\u00e8s \u00e0 vos renseignements (p. ex., un porte-parole ou un conseiller), vous pouvez lui accorder l\u2019acc\u00e8s en suivant le processus pour l\u2019ajout de personnes-ressources autoris\u00e9es. De plus, l\u2019acc\u00e8s d\u2019un tiers doit \u00eatre renouvel\u00e9 par l\u2019employeur tous les deux ans. Si vous ne renouvelez pas l\u2019acc\u00e8s d\u2019un tiers, il prendra fin automatiquement \u00e0 l\u2019\u00e9ch\u00e9ance.<\/p>\n<p>Veuillez noter que s\u2019il y a de multiples comptes d\u2019employeur, une lettre d\u2019autorisation distincte est requise pour chaque compte.<\/p>\n\t\t\t\t\t\t\t\t<\/div>\n\t\t\t\t<\/div>\n\t\t\t\t<div class=\"elementor-element elementor-element-191f8d5 elementor-widget elementor-widget-text-editor\" data-id=\"191f8d5\" data-element_type=\"widget\" data-e-type=\"widget\" data-widget_type=\"text-editor.default\">\n\t\t\t\t<div class=\"elementor-widget-container\">\n\t\t\t\t\t\t\t\t\t<h2>Coordonn\u00e9es<\/h2><p>Pour mettre \u00e0 jour les coordonn\u00e9es li\u00e9es \u00e0 votre compte \u00e0 tout moment durant l\u2019ann\u00e9e, <a href=\"\/fr\/contact\/\">communiquez avec notre Service des cotisations<\/a>.<\/p>\t\t\t\t\t\t\t\t<\/div>\n\t\t\t\t<\/div>\n\t\t\t\t<\/div>\n\t\t<div class=\"elementor-element elementor-element-26bf4cf9 e-con-full e-flex e-con e-child\" data-id=\"26bf4cf9\" data-element_type=\"container\" data-e-type=\"container\" data-settings=\"{&quot;background_background&quot;:&quot;classic&quot;}\">\n\t\t\t\t<div class=\"elementor-element elementor-element-f2ab60d elementor-widget elementor-widget-st-link-list\" data-id=\"f2ab60d\" data-element_type=\"widget\" data-e-type=\"widget\" data-widget_type=\"st-link-list.default\">\n\t\t\t\t<div class=\"elementor-widget-container\">\n\t\t\t\t\t<div class=\"c-linkList c-linkList--default c-linkList--default\"><h2 class=\"c-linkList__title\"><span >Liens connexes<\/span><\/h2><div class=\"c-linkList__list\"><\/div><\/div>\t\t\t\t<\/div>\n\t\t\t\t<\/div>\n\t\t\t\t<div class=\"elementor-element elementor-element-1ab73508 elementor-widget elementor-widget-st-cats\" data-id=\"1ab73508\" data-element_type=\"widget\" data-e-type=\"widget\" data-widget_type=\"st-cats.default\">\n\t\t\t\t<div class=\"elementor-widget-container\">\n\t\t\t\t\t<div class=\"c-ctaList\"><\/div>\t\t\t\t<\/div>\n\t\t\t\t<\/div>\n\t\t\t\t<\/div>\n\t\t\t\t\t<\/div>\n\t\t\t\t<\/div>\n\t\t\t\t<\/div>\n\t\t","protected":false},"excerpt":{"rendered":"<p>Changements \u00e0 une entreprise Lorsque votre entreprise change, il est important d\u2019en informer la WCB. Les changements \u00e0 l\u2019entreprise peuvent avoir une incidence sur votre protection, votre exp\u00e9rience des co\u00fbts de r\u00e9clamation, votre cat\u00e9gorie d\u2019industrie, votre taux et vos primes de la WCB. Cette page explique comment signaler \u00e0 la WCB diff\u00e9rents changements au sein [&hellip;]<\/p>\n","protected":false},"author":1,"featured_media":0,"parent":835,"menu_order":0,"comment_status":"closed","ping_status":"closed","template":"","meta":{"_acf_changed":false,"footnotes":""},"tags":[],"class_list":["post-20073","page","type-page","status-publish","hentry"],"acf":[],"_links":{"self":[{"href":"https:\/\/www.wcb.mb.ca\/fr\/wp-json\/wp\/v2\/pages\/20073","targetHints":{"allow":["GET"]}}],"collection":[{"href":"https:\/\/www.wcb.mb.ca\/fr\/wp-json\/wp\/v2\/pages"}],"about":[{"href":"https:\/\/www.wcb.mb.ca\/fr\/wp-json\/wp\/v2\/types\/page"}],"author":[{"embeddable":true,"href":"https:\/\/www.wcb.mb.ca\/fr\/wp-json\/wp\/v2\/users\/1"}],"replies":[{"embeddable":true,"href":"https:\/\/www.wcb.mb.ca\/fr\/wp-json\/wp\/v2\/comments?post=20073"}],"version-history":[{"count":4,"href":"https:\/\/www.wcb.mb.ca\/fr\/wp-json\/wp\/v2\/pages\/20073\/revisions"}],"predecessor-version":[{"id":22526,"href":"https:\/\/www.wcb.mb.ca\/fr\/wp-json\/wp\/v2\/pages\/20073\/revisions\/22526"}],"up":[{"embeddable":true,"href":"https:\/\/www.wcb.mb.ca\/fr\/wp-json\/wp\/v2\/pages\/835"}],"wp:attachment":[{"href":"https:\/\/www.wcb.mb.ca\/fr\/wp-json\/wp\/v2\/media?parent=20073"}],"wp:term":[{"taxonomy":"post_tag","embeddable":true,"href":"https:\/\/www.wcb.mb.ca\/fr\/wp-json\/wp\/v2\/tags?post=20073"}],"curies":[{"name":"wp","href":"https:\/\/api.w.org\/{rel}","templated":true}]}}