{"id":20059,"date":"2024-09-26T16:46:56","date_gmt":"2024-09-26T20:46:56","guid":{"rendered":"https:\/\/www.wcb.mb.ca\/?page_id=20059"},"modified":"2026-01-16T11:39:38","modified_gmt":"2026-01-16T16:39:38","slug":"accessibilite","status":"publish","type":"page","link":"https:\/\/www.wcb.mb.ca\/fr\/accessibilite\/","title":{"rendered":"Accessibilit\u00e9"},"content":{"rendered":"\t\t<div data-elementor-type=\"wp-page\" data-elementor-id=\"20059\" class=\"elementor elementor-20059 elementor-404\" data-elementor-post-type=\"page\">\n\t\t\t\t<div class=\"elementor-element elementor-element-9bbe359 e-flex e-con-boxed e-con e-parent\" data-id=\"9bbe359\" data-element_type=\"container\" data-e-type=\"container\">\n\t\t\t\t\t<div class=\"e-con-inner\">\n\t\t\t\t<div class=\"elementor-element elementor-element-699b2e4 elementor-widget elementor-widget-st-header-image\" data-id=\"699b2e4\" data-element_type=\"widget\" data-e-type=\"widget\" data-widget_type=\"st-header-image.default\">\n\t\t\t\t<div class=\"elementor-widget-container\">\n\t\t\t\t\t<div class=\"c-headerImage g-layout__padding c-headerImage--noImage\"><div class=\"c-headerImage__container g-layout__maxWidth\"><div class=\"c-headerImage__content\"><div ><h1>Accessibilit\u00e9<\/h1><\/div><\/div><\/div><\/div>\t\t\t\t<\/div>\n\t\t\t\t<\/div>\n\t\t\t\t\t<\/div>\n\t\t\t\t<\/div>\n\t\t<div class=\"elementor-element elementor-element-707e0794 e-flex e-con-boxed e-con e-parent\" data-id=\"707e0794\" data-element_type=\"container\" data-e-type=\"container\">\n\t\t\t\t\t<div class=\"e-con-inner\">\n\t\t<div class=\"elementor-element elementor-element-31392d1d e-con-full e-flex e-con e-child\" data-id=\"31392d1d\" data-element_type=\"container\" data-e-type=\"container\">\n\t\t\t\t<div class=\"elementor-element elementor-element-2209191 elementor-widget elementor-widget-text-editor\" data-id=\"2209191\" data-element_type=\"widget\" data-e-type=\"widget\" data-widget_type=\"text-editor.default\">\n\t\t\t\t<div class=\"elementor-widget-container\">\n\t\t\t\t\t\t\t\t\t<h2>D\u00e9claration d\u2019engagement<\/h2>\n<p>La WCB s\u2019engage \u00e0 assurer une participation et un acc\u00e8s \u00e9gaux \u00e0 tous les intervenants, sans \u00e9gard \u00e0 leurs capacit\u00e9s. Nous croyons en l\u2019inclusion et la diversit\u00e9 et nous prenons l\u2019engagement de traiter les personnes d\u2019une mani\u00e8re qui leur permette de maintenir leur dignit\u00e9 et leur ind\u00e9pendance.<\/p>\n<p>La WCB s\u2019engage \u00e0 identifier, \u00e0 retirer et \u00e0 pr\u00e9venir les obstacles \u00e0 l\u2019accessibilit\u00e9 et \u00e0 respecter les exigences de la&nbsp;<a href=\"http:\/\/www.accessibilitymb.ca\/law.html\" target=\"_blank\" rel=\"noopener\">Loi sur l\u2019accessibilit\u00e9 pour les Manitobains<\/a>&nbsp;et ses normes connexes.<\/p>\n\t\t\t\t\t\t\t\t<\/div>\n\t\t\t\t<\/div>\n\t\t\t\t<div class=\"elementor-element elementor-element-718724a0 elementor-widget__width-initial elementor-widget elementor-widget-text-editor\" data-id=\"718724a0\" data-element_type=\"widget\" data-e-type=\"widget\" data-widget_type=\"text-editor.default\">\n\t\t\t\t<div class=\"elementor-widget-container\">\n\t\t\t\t\t\t\t\t\t<h2>Plan d\u2019accessibilit\u00e9<\/h2>\n\t\t\t\t\t\t\t\t<\/div>\n\t\t\t\t<\/div>\n\t\t\t\t<div class=\"elementor-element elementor-element-fbc1492 elementor-widget elementor-widget-st-download-list\" data-id=\"fbc1492\" data-element_type=\"widget\" data-e-type=\"widget\" data-widget_type=\"st-download-list.default\">\n\t\t\t\t<div class=\"elementor-widget-container\">\n\t\t\t\t\t<div class=\"c-downloadList c-downloadList--list\"><div class=\"c-downloadList__list\"><div class=\"c-downloadList__itemWrap\"><a class=\"c-downloadList__item\" href=\"https:\/\/www.wcb.mb.ca\/uploads\/2025\/01\/0248.pdf\" target=\"_blank\"><div class=\"c-downloadList__itemText\"><span >Plan d\u2019accessibilit\u00e9 2025 et 2026 de la WCB<\/span><div class=\"c-downloadList__itemDescription\"><span ><\/span><\/div><\/div><span class=\"c-downloadList__itemBtn\"><span class=\"g-icon--download\"><\/span> T\u00e9l\u00e9charger<\/span><\/a><\/div><\/div><\/div>\t\t\t\t<\/div>\n\t\t\t\t<\/div>\n\t\t\t\t<div class=\"elementor-element elementor-element-91aab9f elementor-widget__width-initial elementor-widget elementor-widget-text-editor\" data-id=\"91aab9f\" data-element_type=\"widget\" data-e-type=\"widget\" data-widget_type=\"text-editor.default\">\n\t\t\t\t<div class=\"elementor-widget-container\">\n\t\t\t\t\t\t\t\t\t<p>D\u2019autres formats et les plans d\u2019accessibilit\u00e9 de 2020 et des ann\u00e9es ant\u00e9rieures sont disponibles sur demande.<\/p>\n\t\t\t\t\t\t\t\t<\/div>\n\t\t\t\t<\/div>\n\t\t\t\t<div class=\"elementor-element elementor-element-11b9063 elementor-widget elementor-widget-st-download-list\" data-id=\"11b9063\" data-element_type=\"widget\" data-e-type=\"widget\" data-widget_type=\"st-download-list.default\">\n\t\t\t\t<div class=\"elementor-widget-container\">\n\t\t\t\t\t<div class=\"c-downloadList c-downloadList--list\"><div class=\"c-downloadList__list\"><div class=\"c-downloadList__itemWrap\"><a class=\"c-downloadList__item\" href=\"https:\/\/www.wcb.mb.ca\/uploads\/2025\/01\/0250.pdf\" target=\"_blank\"><div class=\"c-downloadList__itemText\"><span >Plan d\u2019accessibilit\u00e9 2023 et 2024 de la WCB<\/span><div class=\"c-downloadList__itemDescription\"><span ><\/span><\/div><\/div><span class=\"c-downloadList__itemBtn\"><span class=\"g-icon--download\"><\/span> T\u00e9l\u00e9charger<\/span><\/a><\/div><div class=\"c-downloadList__itemWrap\"><a class=\"c-downloadList__item\" href=\"https:\/\/www.wcb.mb.ca\/uploads\/2025\/01\/0249.pdf\" target=\"_blank\"><div class=\"c-downloadList__itemText\"><span >Plan d\u2019accessibilit\u00e9 2021 et 2022 de la WCB<\/span><div class=\"c-downloadList__itemDescription\"><span ><\/span><\/div><\/div><span class=\"c-downloadList__itemBtn\"><span class=\"g-icon--download\"><\/span> T\u00e9l\u00e9charger<\/span><\/a><\/div><\/div><\/div>\t\t\t\t<\/div>\n\t\t\t\t<\/div>\n\t\t\t\t<div class=\"elementor-element elementor-element-99362ce elementor-widget elementor-widget-spacer\" data-id=\"99362ce\" data-element_type=\"widget\" data-e-type=\"widget\" data-widget_type=\"spacer.default\">\n\t\t\t\t<div class=\"elementor-widget-container\">\n\t\t\t\t\t\t\t<div class=\"elementor-spacer\">\n\t\t\t<div class=\"elementor-spacer-inner\"><\/div>\n\t\t<\/div>\n\t\t\t\t\t\t<\/div>\n\t\t\t\t<\/div>\n\t\t\t\t<div class=\"elementor-element elementor-element-0d9639a elementor-widget__width-initial elementor-widget elementor-widget-text-editor\" data-id=\"0d9639a\" data-element_type=\"widget\" data-e-type=\"widget\" data-widget_type=\"text-editor.default\">\n\t\t\t\t<div class=\"elementor-widget-container\">\n\t\t\t\t\t\t\t\t\t<h2>Politiques en mati\u00e8re d\u2019accessibilit\u00e9&nbsp;<\/h2>\n\t\t\t\t\t\t\t\t<\/div>\n\t\t\t\t<\/div>\n\t\t\t\t<div class=\"elementor-element elementor-element-b2c6c40 elementor-widget elementor-widget-st-download-list\" data-id=\"b2c6c40\" data-element_type=\"widget\" data-e-type=\"widget\" data-widget_type=\"st-download-list.default\">\n\t\t\t\t<div class=\"elementor-widget-container\">\n\t\t\t\t\t<div class=\"c-downloadList c-downloadList--list\"><div class=\"c-downloadList__list\"><div class=\"c-downloadList__itemWrap\"><a class=\"c-downloadList__item\" href=\"https:\/\/www.wcb.mb.ca\/uploads\/2025\/01\/3.18_Accessible_Employment_Policy1.pdf\" target=\"_blank\"><div class=\"c-downloadList__itemText\"><span >Politique d\u2019emploi accessible<\/span><div class=\"c-downloadList__itemDescription\"><span ><\/span><\/div><\/div><span class=\"c-downloadList__itemBtn\"><span class=\"g-icon--download\"><\/span> T\u00e9l\u00e9charger<\/span><\/a><\/div><div class=\"c-downloadList__itemWrap\"><a class=\"c-downloadList__item\" href=\"https:\/\/www.wcb.mb.ca\/uploads\/2025\/01\/20.20-Accessible-Customer-Service-November-28-2024_1.pdf\" target=\"_blank\"><div class=\"c-downloadList__itemText\"><span >Service \u00e0 la client\u00e8le accessible<\/span><div class=\"c-downloadList__itemDescription\"><span ><\/span><\/div><\/div><span class=\"c-downloadList__itemBtn\"><span class=\"g-icon--download\"><\/span> T\u00e9l\u00e9charger<\/span><\/a><\/div><div class=\"c-downloadList__itemWrap\"><a class=\"c-downloadList__item\" href=\"https:\/\/www.wcb.mb.ca\/uploads\/2025\/01\/3.18-Accessible-Employment-November-28-2024.pdf\" target=\"_blank\"><div class=\"c-downloadList__itemText\"><span >Politique sur l\u2019accessibilit\u00e9 de l\u2019information<\/span><div class=\"c-downloadList__itemDescription\"><span ><\/span><\/div><\/div><span class=\"c-downloadList__itemBtn\"><span class=\"g-icon--download\"><\/span> T\u00e9l\u00e9charger<\/span><\/a><\/div><\/div><\/div>\t\t\t\t<\/div>\n\t\t\t\t<\/div>\n\t\t\t\t<div class=\"elementor-element elementor-element-81ac3cc elementor-widget__width-initial elementor-widget elementor-widget-text-editor\" data-id=\"81ac3cc\" data-element_type=\"widget\" data-e-type=\"widget\" data-widget_type=\"text-editor.default\">\n\t\t\t\t<div class=\"elementor-widget-container\">\n\t\t\t\t\t\t\t\t\t<p>Ces publications sont offertes dans un autre format sur demande.<\/p>\n\t\t\t\t\t\t\t\t<\/div>\n\t\t\t\t<\/div>\n\t\t\t\t<div class=\"elementor-element elementor-element-93f16f9 elementor-widget elementor-widget-spacer\" data-id=\"93f16f9\" data-element_type=\"widget\" data-e-type=\"widget\" data-widget_type=\"spacer.default\">\n\t\t\t\t<div class=\"elementor-widget-container\">\n\t\t\t\t\t\t\t<div class=\"elementor-spacer\">\n\t\t\t<div class=\"elementor-spacer-inner\"><\/div>\n\t\t<\/div>\n\t\t\t\t\t\t<\/div>\n\t\t\t\t<\/div>\n\t\t\t\t<div class=\"elementor-element elementor-element-86730c7 elementor-widget__width-initial elementor-widget elementor-widget-text-editor\" data-id=\"86730c7\" data-element_type=\"widget\" data-e-type=\"widget\" data-widget_type=\"text-editor.default\">\n\t\t\t\t<div class=\"elementor-widget-container\">\n\t\t\t\t\t\t\t\t\t<h2>Comment pouvons-nous vous aider?<\/h2><p>Pour obtenir de l\u2019information dans un autre format ou si vous avez des questions ou des commentaires \u00e0 formuler, pri\u00e8re de communiquer avec nous\u00a0:<\/p><p>Commission des accidents du travail<br \/>Coordonnateur \u00e0 l\u2019accessibilit\u00e9<br \/>333, Broadway<br \/>Winnipeg (Manitoba) R3C 4W3<\/p><p>204-954-4321, poste 4323<\/p><p>Sans frais\u00a0: 1-855-954-4321<\/p><p>Pour toute demande de renseignements par courriel, veuillez utiliser le\u00a0<a href=\"https:\/\/www.wcb.mb.ca\/fr\/coordonnees\/\">formulaire de notre page de contact.<\/a><\/p><p>Le coordonnateur \u00e0 l\u2019accessibilit\u00e9 collaborera avec vous afin de comprendre vos besoins sp\u00e9cifiques en mati\u00e8re d\u2019information et d\u2019accessibilit\u00e9 et d\u2019y r\u00e9pondre dans un d\u00e9lai raisonnable.<\/p><p>Pour en savoir plus sur l\u2019accessibilit\u00e9 au Manitoba, veuillez visiter\u00a0:\u00a0<a href=\"https:\/\/accessibilitymb.ca\/\" target=\"_blank\" rel=\"noopener\">https:\/\/accessibilitymb.ca\/<\/a><\/p>\t\t\t\t\t\t\t\t<\/div>\n\t\t\t\t<\/div>\n\t\t\t\t<\/div>\n\t\t<div class=\"elementor-element elementor-element-5cef72a8 e-con-full e-flex e-con e-child\" data-id=\"5cef72a8\" data-element_type=\"container\" data-e-type=\"container\" data-settings=\"{&quot;background_background&quot;:&quot;classic&quot;}\">\n\t\t\t\t<div class=\"elementor-element elementor-element-082a96c elementor-widget elementor-widget-st-link-list\" data-id=\"082a96c\" data-element_type=\"widget\" data-e-type=\"widget\" data-widget_type=\"st-link-list.default\">\n\t\t\t\t<div class=\"elementor-widget-container\">\n\t\t\t\t\t<div class=\"c-linkList c-linkList--default c-linkList--default\"><h2 class=\"c-linkList__title\"><span >Liens connexes<\/span><\/h2><div class=\"c-linkList__list\"><div class=\"c-linkList__item\"><a class=\"c-linkList__itemBtn g-btn__arrow--fullWidth\" href=\"\/fr\/a-propos\/\"><span >\u00c0 propos de la WCB<\/span><\/a><\/div><div class=\"c-linkList__item\"><a class=\"c-linkList__itemBtn g-btn__arrow--fullWidth\" href=\"\/fr\/conseil-dadministration-gouvernance-et-haute-direction\/\"><span >Conseil d\u2019administration, gouvernance et haute direction<\/span><\/a><\/div><div class=\"c-linkList__item\"><a class=\"c-linkList__itemBtn g-btn__arrow--fullWidth\" href=\"\/annual-reports\/\"><span >Rapports annuels<\/span><\/a><\/div><div class=\"c-linkList__item\"><a class=\"c-linkList__itemBtn g-btn__arrow--fullWidth\" href=\"\/fr\/relations-de-la-wcb-avec-la-communaute\/\"><span >Relations de la WCB avec la communaut\u00e9<\/span><\/a><\/div><\/div><\/div>\t\t\t\t<\/div>\n\t\t\t\t<\/div>\n\t\t\t\t<div class=\"elementor-element elementor-element-7f0c02f2 elementor-widget elementor-widget-st-cats\" data-id=\"7f0c02f2\" data-element_type=\"widget\" data-e-type=\"widget\" data-widget_type=\"st-cats.default\">\n\t\t\t\t<div class=\"elementor-widget-container\">\n\t\t\t\t\t<div class=\"c-ctaList\"><\/div>\t\t\t\t<\/div>\n\t\t\t\t<\/div>\n\t\t\t\t<\/div>\n\t\t\t\t\t<\/div>\n\t\t\t\t<\/div>\n\t\t\t\t<\/div>\n\t\t","protected":false},"excerpt":{"rendered":"<p>Accessibilit\u00e9 D\u00e9claration d\u2019engagement La WCB s\u2019engage \u00e0 assurer une participation et un acc\u00e8s \u00e9gaux \u00e0 tous les intervenants, sans \u00e9gard \u00e0 leurs capacit\u00e9s. Nous croyons en l\u2019inclusion et la diversit\u00e9 et nous prenons l\u2019engagement de traiter les personnes d\u2019une mani\u00e8re qui leur permette de maintenir leur dignit\u00e9 et leur ind\u00e9pendance. La WCB s\u2019engage \u00e0 identifier, [&hellip;]<\/p>\n","protected":false},"author":1,"featured_media":0,"parent":0,"menu_order":0,"comment_status":"closed","ping_status":"closed","template":"","meta":{"_acf_changed":false,"footnotes":""},"tags":[],"class_list":["post-20059","page","type-page","status-publish","hentry"],"acf":[],"_links":{"self":[{"href":"https:\/\/www.wcb.mb.ca\/fr\/wp-json\/wp\/v2\/pages\/20059","targetHints":{"allow":["GET"]}}],"collection":[{"href":"https:\/\/www.wcb.mb.ca\/fr\/wp-json\/wp\/v2\/pages"}],"about":[{"href":"https:\/\/www.wcb.mb.ca\/fr\/wp-json\/wp\/v2\/types\/page"}],"author":[{"embeddable":true,"href":"https:\/\/www.wcb.mb.ca\/fr\/wp-json\/wp\/v2\/users\/1"}],"replies":[{"embeddable":true,"href":"https:\/\/www.wcb.mb.ca\/fr\/wp-json\/wp\/v2\/comments?post=20059"}],"version-history":[{"count":8,"href":"https:\/\/www.wcb.mb.ca\/fr\/wp-json\/wp\/v2\/pages\/20059\/revisions"}],"predecessor-version":[{"id":22745,"href":"https:\/\/www.wcb.mb.ca\/fr\/wp-json\/wp\/v2\/pages\/20059\/revisions\/22745"}],"wp:attachment":[{"href":"https:\/\/www.wcb.mb.ca\/fr\/wp-json\/wp\/v2\/media?parent=20059"}],"wp:term":[{"taxonomy":"post_tag","embeddable":true,"href":"https:\/\/www.wcb.mb.ca\/fr\/wp-json\/wp\/v2\/tags?post=20059"}],"curies":[{"name":"wp","href":"https:\/\/api.w.org\/{rel}","templated":true}]}}