{"id":20055,"date":"2024-07-29T15:34:20","date_gmt":"2024-07-29T19:34:20","guid":{"rendered":"https:\/\/www.wcb.mb.ca\/?page_id=20055"},"modified":"2026-03-09T11:31:41","modified_gmt":"2026-03-09T15:31:41","slug":"declaration-relative-a-la-vie-privee-et-a-la-securite","status":"publish","type":"page","link":"https:\/\/www.wcb.mb.ca\/fr\/declaration-relative-a-la-vie-privee-et-a-la-securite\/","title":{"rendered":"D\u00e9claration relative \u00e0 la vie priv\u00e9e et \u00e0 la s\u00e9curit\u00e9"},"content":{"rendered":"\t\t<div data-elementor-type=\"wp-page\" data-elementor-id=\"20055\" class=\"elementor elementor-20055 elementor-3\" data-elementor-post-type=\"page\">\n\t\t\t\t<div class=\"elementor-element elementor-element-7ec1795a e-flex e-con-boxed e-con e-parent\" data-id=\"7ec1795a\" data-element_type=\"container\" data-e-type=\"container\">\n\t\t\t\t\t<div class=\"e-con-inner\">\n\t\t\t\t<div class=\"elementor-element elementor-element-5153760 elementor-widget elementor-widget-st-header-image\" data-id=\"5153760\" data-element_type=\"widget\" data-e-type=\"widget\" data-widget_type=\"st-header-image.default\">\n\t\t\t\t<div class=\"elementor-widget-container\">\n\t\t\t\t\t<div class=\"c-headerImage g-layout__padding c-headerImage--noImage\"><div class=\"c-headerImage__container g-layout__maxWidth\"><div class=\"c-headerImage__content\"><div ><h1>D\u00e9claration relative \u00e0 la vie priv\u00e9e et \u00e0 la s\u00e9curit\u00e9<\/h1><\/div><\/div><\/div><\/div>\t\t\t\t<\/div>\n\t\t\t\t<\/div>\n\t\t\t\t\t<\/div>\n\t\t\t\t<\/div>\n\t\t<div class=\"elementor-element elementor-element-4b1c35e3 e-flex e-con-boxed e-con e-parent\" data-id=\"4b1c35e3\" data-element_type=\"container\" data-e-type=\"container\">\n\t\t\t\t\t<div class=\"e-con-inner\">\n\t\t<div class=\"elementor-element elementor-element-745222a8 e-con-full e-flex e-con e-child\" data-id=\"745222a8\" data-element_type=\"container\" data-e-type=\"container\">\n\t\t\t\t<div class=\"elementor-element elementor-element-121f1312 elementor-widget__width-initial elementor-widget elementor-widget-text-editor\" data-id=\"121f1312\" data-element_type=\"widget\" data-e-type=\"widget\" data-widget_type=\"text-editor.default\">\n\t\t\t\t<div class=\"elementor-widget-container\">\n\t\t\t\t\t\t\t\t\t<p><em>Derni\u00e8re mise \u00e0 jour le\u00a0: 22\u00a0avril 2024<\/em><\/p><p>La Commission des accidents du travail du Manitoba (aussi appel\u00e9e \u00ab\u00a0la WCB\u00a0\u00bb, \u00ab\u00a0nous\u00a0\u00bb, \u00ab\u00a0notre\u00a0\u00bb ou \u00ab\u00a0nos\u00a0\u00bb) s\u2019engage \u00e0 prot\u00e9ger votre vie priv\u00e9e et vos renseignements personnels. Nous reconnaissons l\u2019importance de vous informer sur le traitement des renseignements personnels que vous nous fournissez, et c\u2019est pourquoi nous avons pr\u00e9par\u00e9 la pr\u00e9sente d\u00e9claration (la \u00ab\u00a0D\u00e9claration relative \u00e0 la vie priv\u00e9e et \u00e0 la s\u00e9curit\u00e9\u00a0\u00bb).<\/p><p>La D\u00e9claration relative \u00e0 la vie priv\u00e9e et \u00e0 la s\u00e9curit\u00e9 s\u2019applique aux renseignements que nous recueillons \u00e0 votre sujet, y compris les renseignements obtenus via\u00a0<a href=\"https:\/\/www.wcb.mb.ca\/fr\/\">notre site\u00a0Web<\/a> (le \u00ab\u00a0site Web\u00a0\u00bb) et l\u2019application WCB Worker Connect (\u00ab\u00a0l\u2019application\u00a0\u00bb).\u00a0 Peu importe la fa\u00e7on dont vous nous fournissez de l\u2019information, nous avons recours \u00e0 des mesures de s\u00e9curit\u00e9 et nous conformons \u00e0 des principes de confidentialit\u00e9 afin de prot\u00e9ger vos renseignements personnels et confidentiels.\u00a0 \u00a0Ces protections s\u2019appuient sur des mesures l\u00e9gislatives du Manitoba, notamment la Loi sur l\u2019acc\u00e8s \u00e0 l\u2019information et la protection de la vie priv\u00e9e (la \u00ab\u00a0LAIPVP\u00a0\u00bb), la Loi sur les renseignements m\u00e9dicaux personnels (la \u00ab\u00a0LRMP\u00a0\u00bb) et la <em>Loi sur les accidents du travail<\/em> (la Loi), et s\u2019y conforment. Le cadre de la WCB en mati\u00e8re de protection et divulgation des renseignements et acc\u00e8s \u00e0 ceux-ci est \u00e9tabli dans la <a href=\"https:\/\/www.wcb.mb.ca\/policies\/information-protection-access-and-disclosure\/\">Politique 21.50<\/a> et dans ses\u00a0<a href=\"https:\/\/www.wcb.mb.ca\/uploads\/2025\/04\/0520.pdf\" target=\"_blank\" rel=\"noopener\">Directives administratives<\/a>.<\/p><p>La WCB se r\u00e9serve le droit de modifier la pr\u00e9sente D\u00e9claration relative \u00e0 la vie priv\u00e9e et \u00e0 la s\u00e9curit\u00e9 en tout temps. Chaque fois que la D\u00e9claration relative \u00e0 la vie priv\u00e9e et \u00e0 la s\u00e9curit\u00e9 sera mise \u00e0 jour, nous modifierons la date ci-dessus pour indiquer le moment auquel les changements ont \u00e9t\u00e9 apport\u00e9s. Veuillez consulter la d\u00e9claration r\u00e9guli\u00e8rement pour \u00eatre au fait des modifications.<\/p><p>\u00a0<\/p><h2>1. Utilisation du site Web et de l\u2019application de la WCB<\/h2><p>En acc\u00e9dant ou en vous inscrivant au site Web ou \u00e0 l\u2019application, en y t\u00e9l\u00e9versant du mat\u00e9riel ou en les utilisant autrement, vous (l\u2019utilisateur) indiquez que vous avez lu, compris et accept\u00e9 les conditions de la pr\u00e9sente D\u00e9claration relative \u00e0 la vie priv\u00e9e et \u00e0 la s\u00e9curit\u00e9, ainsi que nos pratiques en mati\u00e8re de collecte, d\u2019utilisation, de divulgation et de stockage des renseignements personnels.<\/p><p>\u00a0<\/p><h2>2. Collecte, utilisation et divulgation de renseignements personnels<\/h2><p><strong>Collecte et utilisation<\/strong><\/p><p>Notre site Web se divise en deux zones distinctes\u00a0: les parties disponibles au grand public et les parties interactives r\u00e9serv\u00e9es aux utilisateurs inscrits qui font affaire avec la WCB. Nous ne recueillons aucun renseignement personnel dans les parties publiques du site Web. Vous pouvez visiter ces sections sans nous divulguer votre identit\u00e9 et sans r\u00e9v\u00e9ler de renseignements \u00e0 votre sujet. Nos serveurs Web recueillent seulement les adresses IP des visiteurs du site Web. Nous utilisons ces renseignements pour produire des statistiques d\u2019utilisation, notamment le nombre de visites, la dur\u00e9e moyenne de chaque visite sur le site Web, les pages consult\u00e9es, le type de navigateur utilis\u00e9, la date et l\u2019heure de la visite, mais nous n\u2019utilisons pas ces renseignements pour vous identifier. Ces statistiques d\u2019utilisation sont utiles pour am\u00e9liorer le contenu du site Web, la navigation dans celui-ci et sa convivialit\u00e9.<\/p><p>Dans les parties interactives de notre site Web et de l\u2019application, la WCB recueille des renseignements personnels conform\u00e9ment \u00e0 l\u2019article 36(1) de la LAIPVP, \u00e0 l\u2019article 13(1) de LRMP et \u00e0 la Loi quand les renseignements sont li\u00e9s directement \u00e0 un service, un programme ou une activit\u00e9 de la WCB ou sont n\u00e9cessaires pour ce service, ce programme ou cette activit\u00e9. Les visiteurs peuvent \u00eatre oblig\u00e9s de s\u2019inscrire afin d\u2019acc\u00e9der aux fonctions du site Web ou de l\u2019application. Le processus d\u2019inscription peut comprendre la saisie de renseignements personnels afin de v\u00e9rifier l\u2019identit\u00e9 de l\u2019utilisateur. La WCB exige l\u2019inscription seulement pour les fonctions pouvant impliquer la soumission ou la r\u00e9cup\u00e9ration de renseignements personnels ou de renseignements m\u00e9dicaux personnels ou dans une situation o\u00f9 l\u2019identit\u00e9 de l\u2019utilisateur doit \u00eatre connue pour ex\u00e9cuter la fonction. En outre, la WCB peut exiger l\u2019inscription afin de consigner des renseignements pour les prochaines visites afin d\u2019am\u00e9liorer l\u2019exp\u00e9rience de l\u2019utilisateur.<\/p><p>Dans l\u2019application, la WCB recueille des renseignements associ\u00e9s aux exceptions ou aux journaux des erreurs tels que des identificateurs d\u2019appareil; de l\u2019information sur le syst\u00e8me d\u2019exploitation; la date, l\u2019heure et le lieu d\u2019acc\u00e8s. Ces renseignements techniques, qui peuvent inclure des renseignements personnels si un particulier est identifiable \u00e0 partir de ceux-ci, servent \u00e0 identifier et \u00e0 r\u00e9gler des erreurs dans l\u2019application et \u00e0 non \u00e0 identifier des particuliers.\u00a0<\/p><p>Les renseignements personnels peuvent \u00eatre recueillis via le site Web ou l\u2019application aux fins suivantes\u00a0:<\/p><ul><li>offrir l\u2019administration des r\u00e9clamations ou un service des cotisations aux employeurs; ou<\/li><li>mener des sondages afin d\u2019\u00e9valuer les programmes de la WCB et l\u2019exp\u00e9rience de la client\u00e8le; ou<\/li><li>pr\u00e9parer des \u00e9valuations ou des rapports de donn\u00e9es agr\u00e9g\u00e9es et anonymes.<\/li><\/ul><p>La WCB peut recueillir des coordonn\u00e9es pour\u00a0:<\/p><ul><li>envoyer des courriels et d\u2019autres renseignements pertinents; ou<\/li><li>informer les parties int\u00e9ress\u00e9es des \u00e9v\u00e9nements et activit\u00e9s de la WCB.<\/li><\/ul><p>La WCB limite la quantit\u00e9 et les types de renseignements recueillis aux renseignements personnels requis aux fins pr\u00e9alablement mentionn\u00e9es.<\/p><p>La WCB n\u2019utilisera pas les renseignements personnels \u00e0 des fins autres que celles indiqu\u00e9es avant ou pendant la collecte, sauf si la loi le permet autrement.<\/p><p>La WCB se r\u00e9serve le droit d\u2019ex\u00e9cuter des analyses statistiques de donn\u00e9es agr\u00e9g\u00e9es sur le comportement et les caract\u00e9ristiques des utilisateurs afin d\u2019\u00e9valuer l\u2019int\u00e9r\u00eat pour les diff\u00e9rentes parties du site Web et leur utilisation de celles-ci; d\u2019am\u00e9liorer la conception et la navigation; et de recueillir des renseignements \u00e0 des fins de marketing. Seules des donn\u00e9es cumulatives et non individuelles serviront \u00e0 cette fin.<\/p><p><strong>Divulgation<\/strong><\/p><p>La WCB traitera de fa\u00e7on confidentielle tous les renseignements personnels re\u00e7us ou obtenus et ne les divulguera d\u2019aucune fa\u00e7on, sauf les fa\u00e7ons autoris\u00e9es par la Loi, la LAIPVP ou la LRMP, ou sauf si la divulgation est autrement permise ou exig\u00e9e par la loi ou encore sauf si le consentement \u00e0 la divulgation a \u00e9t\u00e9 fourni.\u00a0 La WCB peut divulguer les renseignements personnels recueillis (\u00e0 ses avocats, par exemple) \u00e0 l\u2019insu ou sans le consentement du particulier \u00e0 des fins li\u00e9es \u00e0 une enqu\u00eate en vertu de l\u2019application ou de l\u2019administration d\u2019une loi ou lorsque la divulgation de cette information est exig\u00e9e par la loi.<\/p><p>La WCB ne proc\u00e9dera ni \u00e0 la vente ni \u00e0 l\u2019\u00e9change de renseignements personnels aupr\u00e8s de tiers. L\u2019information peut \u00eatre transf\u00e9r\u00e9e \u00e0 des tiers quand le traitement de l\u2019information est sous-trait\u00e9 par la WCB dans le cadre de ses activit\u00e9s ou proc\u00e9dures administratives dans des cas particuliers. Si des renseignements personnels sont transf\u00e9r\u00e9s \u00e0 un fournisseur de services aux fins de leur traitement, la WCB met en place des mesures, notamment des mesures contractuelles, pour s\u2019assurer que les renseignements personnels font l\u2019objet d\u2019une protection appropri\u00e9e conforme aux obligations de la WCB en vertu de la LAIPVP et de la LRMP. \u00a0Les fournisseurs de services ne peuvent utiliser ni divulguer les renseignements personnels qui leur sont transf\u00e9r\u00e9s \u00e0 toute fin autre que la prestation de services \u00e0 la WCB.<\/p><p>\u00a0<\/p><h2>3. Consentement<\/h2><p>Si vous soumettez une r\u00e9clamation pour une blessure en milieu de travail, la WCB est autoris\u00e9e \u00e0 recueillir, utiliser et divulguer des renseignements en vertu de la Loi afin d\u2019administrer cette r\u00e9clamation. Lorsque le consentement est requis pour l\u2019utilisation ou la divulgation de vos renseignements personnels, la WCB demandera votre consentement avant d\u2019utiliser ou de divulguer les renseignements personnels. Si vous avez consenti \u00e0 certaines utilisations et divulgations et que vous fournissez de nouveaux renseignements personnels par la suite, votre consentement est pr\u00e9sum\u00e9 accord\u00e9 \u00e0 ces utilisations et divulgations des nouveaux renseignements.<\/p><p>Lorsque le consentement est requis, la WCB n\u2019utilisera et ne divulguera pas de renseignements personnels \u00e0 des fins autres que celles pour lesquelles le consentement a \u00e9t\u00e9 fourni ou selon ce qui est autrement permis par la loi. Si la WCB souhaite utiliser ou divulguer des renseignements personnels \u00e0 une nouvelle fin, elle sollicitera le consentement pour cette nouvelle fin dans la mesure requise par la loi.<\/p><p>\u00a0<\/p><h2>4. Exactitude des renseignements personnels recueillis et acc\u00e8s \u00e0 ces renseignements<\/h2><p>La WCB met tout en \u0153uvre pour garder les renseignements personnels aussi exacts, complets, actuels et pertinents que requis aux fins indiqu\u00e9es.<\/p><p>Les travailleurs ont le droit de demander une copie de leur dossier de r\u00e9clamation en tout temps en faisant la demande \u00e0 leur personne-ressource \u00e0 la WCB ou en communiquant avec le Service d\u2019acc\u00e8s aux dossiers de la WCB.\u00a0 Pour obtenir de plus amples renseignements sur la divulgation des renseignements au dossier, pri\u00e8re de consulter la <a href=\"https:\/\/www.wcb.mb.ca\/policies\/information-protection-access-and-disclosure\/\">Politique 21.50 \u2013 Protection et divulgation des renseignements et acc\u00e8s \u00e0 ceux-ci.<\/a><\/p><p>\u00a0<\/p><h2>5. Protection des renseignements personnels<\/h2><p>L\u2019Internet a r\u00e9volutionn\u00e9 la fa\u00e7on dont nous exer\u00e7ons nos activit\u00e9s. Il nous permet d\u2019interagir personnellement avec vous pour vous offrir de l\u2019information, pour ajouter de la valeur, pour \u00e9couter vos avis et pour fournir des services auxquels vous pouvez acc\u00e9der \u00e0 partir de votre maison, bureau ou appareil mobile. Simultan\u00e9ment, l\u2019Internet am\u00e8ne des pr\u00e9occupations l\u00e9gitimes concernant la vie priv\u00e9e et la s\u00e9curit\u00e9. La WCB s\u2019engage \u00e0 prot\u00e9ger votre vie priv\u00e9e et vos renseignements. En vous expliquant notre position sur la s\u00e9curit\u00e9, nous esp\u00e9rons vous aider \u00e0 mieux comprendre comment nous prot\u00e9gerons la confidentialit\u00e9 de vos renseignements tout en les utilisant pour mieux vous servir.<\/p><p>Lorsque vous acc\u00e9dez aux parties interactives du site Web ou de l\u2019application, vous le ferez \u00e0 l\u2019aide d\u2019un serveur et d\u2019un navigateur s\u00e9curis\u00e9s. Le mode de s\u00e9curit\u00e9 de votre navigateur sera activ\u00e9 en tout temps durant la connexion au site Web ou \u00e0 l\u2019application.<\/p><p><strong>Protection des renseignements en circulation<\/strong><\/p><p>Lorsque vous utilisez des parties s\u00e9curis\u00e9es du site Web ou de l\u2019application, les renseignements communiqu\u00e9s entre votre navigateur Web et notre serveur Web sont prot\u00e9g\u00e9s par chiffrement des donn\u00e9es au moyen du protocole SSL (Secure Socket Layer).<\/p><p>Dans l\u2019application, toutes les donn\u00e9es seront gard\u00e9es sur l\u2019appareil pendant la session de l\u2019utilisateur et chiffr\u00e9es tandis qu\u2019elles se trouvent sur l\u2019appareil. Les donn\u00e9es sont retir\u00e9es de l\u2019appareil lorsque l\u2019utilisateur ferme sa session, \u00e0 l\u2019expiration de la session ou \u00e0 la fermeture de l\u2019application.<\/p><p><strong>Protection des renseignements stock\u00e9s<\/strong><\/p><p>Malheureusement, il est impossible de garantir \u00e0 100\u00a0% la s\u00e9curit\u00e9 d\u2019une transmission de donn\u00e9es en ligne. Par cons\u00e9quent, m\u00eame si la WCB s\u2019efforce de prot\u00e9ger les renseignements personnels, elle ne peut pas assurer ni garantir la s\u00e9curit\u00e9 de tous les renseignements qui lui sont transmis ou qu\u2019elle re\u00e7oit par voie \u00e9lectronique. C\u2019est particuli\u00e8rement vrai pour l\u2019information transmise par courriel.<\/p><p>Apr\u00e8s leur r\u00e9ception, l\u2019acc\u00e8s aux renseignements personnels est limit\u00e9 aux employ\u00e9s ayant besoin d\u2019un acc\u00e8s \u00e0 cette information pour effectuer leur travail. Ces employ\u00e9s dont le nombre est limit\u00e9 connaissent nos politiques en mati\u00e8re de confidentialit\u00e9 et s\u2019y conforment.<\/p><p>La WCB conserve les renseignements personnels en fonction des exigences l\u00e9gislatives en mati\u00e8re de d\u00e9claration ou de conservation de l\u2019information. Tous les renseignements personnels que la WCB conserve sont stock\u00e9s d\u2019une mani\u00e8re qui assure leur s\u00e9curit\u00e9 et leur confidentialit\u00e9 en tout temps. Les mesures de s\u00e9curit\u00e9 comprennent des mesures techniques et proc\u00e9durales conformes aux meilleures pratiques en mati\u00e8re de s\u00e9curit\u00e9 de l\u2019information pour prot\u00e9ger les renseignements stock\u00e9s.<\/p><p>Parmi ces mesures, notons\u00a0:<\/p><ul><li>mettre en place une s\u00e9rie de pare-feu pour prot\u00e9ger l\u2019information et les ressources informatiques;<\/li><li>assurer la protection des ressources informatiques contre les virus;<\/li><li>utiliser un syst\u00e8me de surveillance et des journaux des applications pour rep\u00e9rer toute activit\u00e9 inhabituelle de la part de personnes autoris\u00e9es ou non autoris\u00e9es \u00e0 acc\u00e9der \u00e0 nos syst\u00e8mes;<\/li><li>seulement accorder acc\u00e8s \u00e0 l\u2019information et aux fonctions du syst\u00e8me \u00e0 ceux qui en ont besoin et qui y ont droit;<\/li><li>assurer la protection physique des installations qui abritent les ressources informatiques;<\/li><li>faire effectuer p\u00e9riodiquement des \u00e9valuations de la vuln\u00e9rabilit\u00e9 par des tiers.<\/li><\/ul><p>Le pr\u00e9nom, le nom de famille et l\u2019adresse courriel des utilisateurs de l\u2019application peuvent \u00eatre stock\u00e9s aux \u00c9.-U. afin d\u2019activer une technologie d\u2019authentification \u00e0 deux facteurs.<\/p><p>\u00a0<\/p><h2>6. T\u00e9moins sur le site Web<\/h2><p>Les t\u00e9moins sont de petits fichiers texte qui sont stock\u00e9s dans le navigateur de votre appareil, comme Chrome ou Edge, lorsque vous visitez des sites Web. Le site Web utilise des t\u00e9moins pour am\u00e9liorer votre exp\u00e9rience de navigation.\u00a0 Ces t\u00e9moins peuvent recueillir de l\u2019information sur votre utilisation g\u00e9n\u00e9rale d\u2019Internet pour contribuer au bon fonctionnement du site Web.<\/p><p>Certains t\u00e9moins sont requis pour des raisons techniques qui permettent le fonctionnement du site Web, et d\u2019autres servent \u00e0 recueillir de l\u2019information qui est utilis\u00e9e sous forme agr\u00e9g\u00e9e pour nous aider \u00e0 comprendre comment le site Web est utilis\u00e9.<\/p><p>Si vous pr\u00e9f\u00e9rez \u00e9viter l\u2019usage des t\u00e9moins sur notre site Web, vous pouvez d\u00e9sactiver leur utilisation dans les r\u00e9glages de votre navigateur. Vous pouvez \u00e9galement supprimer les t\u00e9moins dans les r\u00e9glages de votre navigateur. Toutefois, si vous supprimez les t\u00e9moins ou refusez de les accepter, vous pourriez ne pas pouvoir utiliser toutes les fonctions que nous offrons, et certaines de nos pages pourraient ne pas s\u2019afficher correctement.<\/p><p>\u00a0<\/p><h2>7. Conditions d\u2019utilisation des m\u00e9dias sociaux<\/h2><p>Nous sommes actifs sur Facebook, Instagram, LinkedIn, X (auparavant connu sous le nom de Twitter) et YouTube. Les conditions d\u2019utilisation de chacune de ces plateformes de m\u00e9dias sociaux s\u2019appliquent \u00e0 vous quand vous les utilisez pour communiquer avec nous. Pri\u00e8re de lire attentivement les conditions d\u2019utilisation des plateformes que vous utilisez.<\/p><p><strong>Contenu et commentaires des utilisateurs\u00a0:<\/strong><\/p><p>Nous maintenons un milieu de travail inclusif, divers et respectueux, exempt de discrimination et de harc\u00e8lement. Nous maintenons \u00e9galement une communaut\u00e9 en ligne s\u00e9curitaire et respectueuse. Nous assurons la mod\u00e9ration de vos publications et nous r\u00e9servons le droit de camoufler, de retirer ou de signaler le contenu qui contrevient aux conditions d\u2019utilisation des plateformes de m\u00e9dias sociaux, aux conditions d\u2019utilisation de notre propre site Web ou \u00e0 la D\u00e9claration relative \u00e0 la vie priv\u00e9e et \u00e0 la s\u00e9curit\u00e9 de la WCB.<\/p><p>Si vous publiez un contenu inappropri\u00e9 (y compris des commentaires, des images, des vid\u00e9os ou des liens vers du contenu offensant en ligne), nous vous informerons des conditions d\u2019utilisation des plateformes de m\u00e9dias sociaux, des conditions d\u2019utilisation de notre propre site Web et de la D\u00e9claration relative \u00e0 la vie priv\u00e9e et \u00e0 la s\u00e9curit\u00e9 de la WCB afin de vous rappeler qu\u2019un tel comportement est inacceptable. Si vous continuez de publier un contenu inappropri\u00e9, nous pourrions supprimer votre acc\u00e8s \u00e0 notre site Web et \u00e0 nos pages dans les m\u00e9dias sociaux.<\/p><p>Les opinions exprim\u00e9es par d\u2019autres personnes repr\u00e9sentent leurs propres opinions et ne sont pas valid\u00e9es ou approuv\u00e9es par nous. De plus, nous ne validons ni n\u2019approuvons aucun \u00e9v\u00e9nement ou activit\u00e9 publi\u00e9s par un utilisateur.<\/p><p>\u00a0<\/p><h2>8. Questions<\/h2><p>Toute question concernant le traitement des renseignements personnels par la WCB doit \u00eatre adress\u00e9e \u00e0 l\u2019agent d\u2019acc\u00e8s \u00e0 l\u2019information et de protection de la vie priv\u00e9e, que l\u2019on peut joindre au moyen de notre\u00a0<a href=\"https:\/\/www.wcb.mb.ca\/fr\/coordonnees\/#form\">formulaire de contact<\/a>\u00a0ou aux coordonn\u00e9es suivantes\u00a0:<\/p><p>T\u00e9l\u00e9phone\u00a0: 204-954-4557<br \/>Adresse postale\u00a0: Commission des accidents du travail<br \/>\u00c0 l\u2019attention de\u00a0: Agent d\u2019acc\u00e8s \u00e0 l\u2019information et de protection de la vie priv\u00e9e<br \/>333, Broadway, Winnipeg (Manitoba) R3C 4W3<\/p>\t\t\t\t\t\t\t\t<\/div>\n\t\t\t\t<\/div>\n\t\t\t\t<\/div>\n\t\t<div class=\"elementor-element elementor-element-56469993 e-con-full e-flex e-con e-child\" data-id=\"56469993\" data-element_type=\"container\" data-e-type=\"container\" data-settings=\"{&quot;background_background&quot;:&quot;classic&quot;}\">\n\t\t\t\t<div class=\"elementor-element elementor-element-e651274 elementor-widget elementor-widget-st-link-list\" data-id=\"e651274\" data-element_type=\"widget\" data-e-type=\"widget\" data-widget_type=\"st-link-list.default\">\n\t\t\t\t<div class=\"elementor-widget-container\">\n\t\t\t\t\t<div class=\"c-linkList c-linkList--default c-linkList--default\"><h2 class=\"c-linkList__title\"><span >Liens connexes<\/span><\/h2><div class=\"c-linkList__list\"><div class=\"c-linkList__item\"><a class=\"c-linkList__itemBtn g-btn__arrow--fullWidth\" href=\"\/fr\/a-propos\/\"><span >\u00c0 propos de la WCB<\/span><\/a><\/div><div class=\"c-linkList__item\"><a class=\"c-linkList__itemBtn g-btn__arrow--fullWidth\" href=\"\/fr\/conseil-dadministration-gouvernance-et-haute-direction\/\"><span >Conseil d\u2019administration, gouvernance et haute direction<\/span><\/a><\/div><div class=\"c-linkList__item\"><a class=\"c-linkList__itemBtn g-btn__arrow--fullWidth\" href=\"\/annual-reports\/\"><span >Rapports annuels<\/span><\/a><\/div><div class=\"c-linkList__item\"><a class=\"c-linkList__itemBtn g-btn__arrow--fullWidth\" href=\"\/fr\/relations-de-la-wcb-avec-la-communaute\/\"><span >Relations de la WCB avec la communaut\u00e9<\/span><\/a><\/div><div class=\"c-linkList__item\"><a class=\"c-linkList__itemBtn g-btn__arrow--fullWidth\" href=\"https:\/\/www.wcb.mb.ca\/fr\/privacy-breach-notice\/\"><span >Avis d\u2019atteinte \u00e0 la vie priv\u00e9e<\/span><\/a><\/div><\/div><\/div>\t\t\t\t<\/div>\n\t\t\t\t<\/div>\n\t\t\t\t<div class=\"elementor-element elementor-element-7d9640cd elementor-widget elementor-widget-st-cats\" data-id=\"7d9640cd\" data-element_type=\"widget\" data-e-type=\"widget\" data-widget_type=\"st-cats.default\">\n\t\t\t\t<div class=\"elementor-widget-container\">\n\t\t\t\t\t<div class=\"c-ctaList\"><\/div>\t\t\t\t<\/div>\n\t\t\t\t<\/div>\n\t\t\t\t<\/div>\n\t\t\t\t\t<\/div>\n\t\t\t\t<\/div>\n\t\t\t\t<\/div>\n\t\t","protected":false},"excerpt":{"rendered":"<p>D\u00e9claration relative \u00e0 la vie priv\u00e9e et \u00e0 la s\u00e9curit\u00e9 Derni\u00e8re mise \u00e0 jour le\u00a0: 22\u00a0avril 2024 La Commission des accidents du travail du Manitoba (aussi appel\u00e9e \u00ab\u00a0la WCB\u00a0\u00bb, \u00ab\u00a0nous\u00a0\u00bb, \u00ab\u00a0notre\u00a0\u00bb ou \u00ab\u00a0nos\u00a0\u00bb) s\u2019engage \u00e0 prot\u00e9ger votre vie priv\u00e9e et vos renseignements personnels. Nous reconnaissons l\u2019importance de vous informer sur le traitement des renseignements personnels [&hellip;]<\/p>\n","protected":false},"author":1,"featured_media":0,"parent":0,"menu_order":0,"comment_status":"closed","ping_status":"closed","template":"","meta":{"_acf_changed":false,"footnotes":""},"tags":[],"class_list":["post-20055","page","type-page","status-publish","hentry"],"acf":[],"_links":{"self":[{"href":"https:\/\/www.wcb.mb.ca\/fr\/wp-json\/wp\/v2\/pages\/20055","targetHints":{"allow":["GET"]}}],"collection":[{"href":"https:\/\/www.wcb.mb.ca\/fr\/wp-json\/wp\/v2\/pages"}],"about":[{"href":"https:\/\/www.wcb.mb.ca\/fr\/wp-json\/wp\/v2\/types\/page"}],"author":[{"embeddable":true,"href":"https:\/\/www.wcb.mb.ca\/fr\/wp-json\/wp\/v2\/users\/1"}],"replies":[{"embeddable":true,"href":"https:\/\/www.wcb.mb.ca\/fr\/wp-json\/wp\/v2\/comments?post=20055"}],"version-history":[{"count":14,"href":"https:\/\/www.wcb.mb.ca\/fr\/wp-json\/wp\/v2\/pages\/20055\/revisions"}],"predecessor-version":[{"id":23445,"href":"https:\/\/www.wcb.mb.ca\/fr\/wp-json\/wp\/v2\/pages\/20055\/revisions\/23445"}],"wp:attachment":[{"href":"https:\/\/www.wcb.mb.ca\/fr\/wp-json\/wp\/v2\/media?parent=20055"}],"wp:term":[{"taxonomy":"post_tag","embeddable":true,"href":"https:\/\/www.wcb.mb.ca\/fr\/wp-json\/wp\/v2\/tags?post=20055"}],"curies":[{"name":"wp","href":"https:\/\/api.w.org\/{rel}","templated":true}]}}