{"id":20050,"date":"2025-02-13T14:10:14","date_gmt":"2025-02-13T19:10:14","guid":{"rendered":"https:\/\/www.wcb.mb.ca\/?page_id=20050"},"modified":"2026-03-26T09:28:24","modified_gmt":"2026-03-26T13:28:24","slug":"la-wcb-est-nommee-lun-des-meilleurs-employeurs-du-manitoba-en-2025","status":"publish","type":"page","link":"https:\/\/www.wcb.mb.ca\/fr\/carrieres\/la-wcb-est-nommee-lun-des-meilleurs-employeurs-du-manitoba-en-2025\/","title":{"rendered":"La WCB est nomm\u00e9e l\u2019un des meilleurs employeurs du Manitoba en 2025"},"content":{"rendered":"<h1>La WCB est nomm\u00e9e l\u2019un des meilleurs employeurs du Manitoba en 2026<\/h1>\n<figure class=\"gallery-item\"><img fetchpriority=\"high\" decoding=\"async\" src=\"https:\/\/www.wcb.mb.ca\/uploads\/2026\/03\/Diversity-day.jpg\" sizes=\"(max-width: 2048px) 100vw, 2048px\" srcset=\"https:\/\/www.wcb.mb.ca\/uploads\/2026\/03\/Diversity-day.jpg 2048w, https:\/\/www.wcb.mb.ca\/uploads\/2026\/03\/Diversity-day-300x200.jpg 300w, https:\/\/www.wcb.mb.ca\/uploads\/2026\/03\/Diversity-day-1024x683.jpg 1024w, https:\/\/www.wcb.mb.ca\/uploads\/2026\/03\/Diversity-day-768x512.jpg 768w, https:\/\/www.wcb.mb.ca\/uploads\/2026\/03\/Diversity-day-1536x1024.jpg 1536w\" alt=\"\" width=\"2048\" height=\"1365\" \/><\/figure>\n<figure class=\"gallery-item\"><img decoding=\"async\" src=\"https:\/\/www.wcb.mb.ca\/uploads\/2026\/03\/Pride-Parage-Winnipeg-scaled.jpg\" sizes=\"(max-width: 2560px) 100vw, 2560px\" srcset=\"https:\/\/www.wcb.mb.ca\/uploads\/2026\/03\/Pride-Parage-Winnipeg-scaled.jpg 2560w, https:\/\/www.wcb.mb.ca\/uploads\/2026\/03\/Pride-Parage-Winnipeg-300x200.jpg 300w, https:\/\/www.wcb.mb.ca\/uploads\/2026\/03\/Pride-Parage-Winnipeg-1024x683.jpg 1024w, https:\/\/www.wcb.mb.ca\/uploads\/2026\/03\/Pride-Parage-Winnipeg-768x512.jpg 768w, https:\/\/www.wcb.mb.ca\/uploads\/2026\/03\/Pride-Parage-Winnipeg-1536x1024.jpg 1536w, https:\/\/www.wcb.mb.ca\/uploads\/2026\/03\/Pride-Parage-Winnipeg-2048x1365.jpg 2048w\" alt=\"\" width=\"2560\" height=\"1707\" \/><\/figure>\n<figure class=\"gallery-item\"><img decoding=\"async\" src=\"https:\/\/www.wcb.mb.ca\/uploads\/2026\/03\/United-Way-campaign.jpg\" sizes=\"(max-width: 2048px) 100vw, 2048px\" srcset=\"https:\/\/www.wcb.mb.ca\/uploads\/2026\/03\/United-Way-campaign.jpg 2048w, https:\/\/www.wcb.mb.ca\/uploads\/2026\/03\/United-Way-campaign-300x200.jpg 300w, https:\/\/www.wcb.mb.ca\/uploads\/2026\/03\/United-Way-campaign-1024x683.jpg 1024w, https:\/\/www.wcb.mb.ca\/uploads\/2026\/03\/United-Way-campaign-768x512.jpg 768w, https:\/\/www.wcb.mb.ca\/uploads\/2026\/03\/United-Way-campaign-1536x1024.jpg 1536w\" alt=\"\" width=\"2048\" height=\"1365\" \/><\/figure>\n<figure class=\"gallery-item\"><img loading=\"lazy\" decoding=\"async\" src=\"https:\/\/www.wcb.mb.ca\/uploads\/2026\/03\/WCB-Chats-with-snacks.jpg\" sizes=\"(max-width: 2048px) 100vw, 2048px\" srcset=\"https:\/\/www.wcb.mb.ca\/uploads\/2026\/03\/WCB-Chats-with-snacks.jpg 2048w, https:\/\/www.wcb.mb.ca\/uploads\/2026\/03\/WCB-Chats-with-snacks-300x200.jpg 300w, https:\/\/www.wcb.mb.ca\/uploads\/2026\/03\/WCB-Chats-with-snacks-1024x683.jpg 1024w, https:\/\/www.wcb.mb.ca\/uploads\/2026\/03\/WCB-Chats-with-snacks-768x512.jpg 768w, https:\/\/www.wcb.mb.ca\/uploads\/2026\/03\/WCB-Chats-with-snacks-1536x1024.jpg 1536w\" alt=\"\" width=\"2048\" height=\"1365\" \/><\/figure>\n<p>Encore une fois, la WCB figure au palmar\u00e8s des meilleurs employeurs du Manitoba en 2026.\u00a0<\/p>\n<p>La WCB a obtenu ce titre apr\u00e8s l\u2019\u00e9valuation de notre candidature par des professionnels des ressources humaines, des experts des affaires et des universitaires de partout au Canada.<\/p>\n<p>Notre succ\u00e8s dans le recrutement et le maintien de notre personnel s\u2019explique par de nombreux facteurs, notamment\u00a0:<\/p>\n<ul>\n<li>un ensemble d\u2019avantages sociaux concurrentiels<\/li>\n<li>des initiatives progressives en mati\u00e8re d\u2019\u00e9quilibre travail-vie priv\u00e9e<\/li>\n<li>un accent particulier sur la sant\u00e9 physique et psychologique<\/li>\n<li>un environnement de travail respectueux et diversifi\u00e9<\/li>\n<li>des occasions de croissance professionnelle et un travail qui fait une diff\u00e9rence<\/li>\n<\/ul>\n<p>Les quatre piliers de la strat\u00e9gie de recrutement et de maintien de l\u2019effectif de la WCB \u2013 la s\u00e9curit\u00e9, le mieux-\u00eatre, la croissance et la mobilisation \u2013 sont le fondement de notre environnement de travail performant et enrichissant. <\/p>\n<p>Lisez l\u2019article sur le\u00a0<a style=\"text-align: var(--text-align);\" href=\"https:\/\/reviews.canadastop100.com\/top-employer-workers-compensation-board-of-manitoba\" target=\"_blank\" rel=\"noopener\">Palmar\u00e8s des meilleurs employeurs du Manitoba en 2026<\/a>\u00a0pour d\u00e9couvrir pourquoi nous avons \u00e9t\u00e9 choisis.\u00a0 <img loading=\"lazy\" decoding=\"async\" src=\"https:\/\/www.wcb.mb.ca\/uploads\/2026\/03\/2026_mb_regular_standard-transparent_en.png\" sizes=\"(max-width: 415px) 100vw, 415px\" srcset=\"https:\/\/www.wcb.mb.ca\/uploads\/2026\/03\/2026_mb_regular_standard-transparent_en.png 415w, https:\/\/www.wcb.mb.ca\/uploads\/2026\/03\/2026_mb_regular_standard-transparent_en-166x300.png 166w\" alt=\"\" width=\"415\" height=\"750\" \/><\/p>\n<h2>Liens connexes<\/h2>\n<p><a href=\"https:\/\/www.wcb.mb.ca\/fr\/a-propos\/\">\u00c0 propos de la WCB<\/a><a href=\"https:\/\/www.wcb.mb.ca\/fr\/carrieres\/\">Carri\u00e8res \u00e0 la WCB<\/a><a href=\"https:\/\/clients.njoyn.com\/CL4\/xweb\/xweb.asp?tbtoken=ZVtRQB5RDVB0ZnJ1MSNQFk9JdhIoaVVVdydMIVh%2FCHldK0MTWEIbcxF8d0IYGhNVSnNhF3U%3D&amp;chk=ZVpaShM%3D&amp;page=joblisting&amp;CLID=67335\" target=\"_blank\" rel=\"noopener\">Parcourez les offres d\u2019emploi actuelles<\/a><a href=\"https:\/\/www.wcb.mb.ca\/fr\/relations-de-la-wcb-avec-la-communaute\/\">Relations de la WCB avec la communaut\u00e9<\/a><\/p>\n","protected":false},"excerpt":{"rendered":"<p>La WCB est nomm\u00e9e l\u2019un des meilleurs employeurs du Manitoba en 2026 Encore une fois, la WCB figure au palmar\u00e8s des meilleurs employeurs du Manitoba en 2026.\u00a0 La WCB a obtenu ce titre apr\u00e8s l\u2019\u00e9valuation de notre candidature par des professionnels des ressources humaines, des experts des affaires et des universitaires de partout au Canada. [&hellip;]<\/p>\n","protected":false},"author":1,"featured_media":0,"parent":831,"menu_order":0,"comment_status":"closed","ping_status":"closed","template":"","meta":{"_acf_changed":false,"footnotes":""},"tags":[],"class_list":["post-20050","page","type-page","status-publish","hentry"],"acf":[],"_links":{"self":[{"href":"https:\/\/www.wcb.mb.ca\/fr\/wp-json\/wp\/v2\/pages\/20050","targetHints":{"allow":["GET"]}}],"collection":[{"href":"https:\/\/www.wcb.mb.ca\/fr\/wp-json\/wp\/v2\/pages"}],"about":[{"href":"https:\/\/www.wcb.mb.ca\/fr\/wp-json\/wp\/v2\/types\/page"}],"author":[{"embeddable":true,"href":"https:\/\/www.wcb.mb.ca\/fr\/wp-json\/wp\/v2\/users\/1"}],"replies":[{"embeddable":true,"href":"https:\/\/www.wcb.mb.ca\/fr\/wp-json\/wp\/v2\/comments?post=20050"}],"version-history":[{"count":4,"href":"https:\/\/www.wcb.mb.ca\/fr\/wp-json\/wp\/v2\/pages\/20050\/revisions"}],"predecessor-version":[{"id":25051,"href":"https:\/\/www.wcb.mb.ca\/fr\/wp-json\/wp\/v2\/pages\/20050\/revisions\/25051"}],"up":[{"embeddable":true,"href":"https:\/\/www.wcb.mb.ca\/fr\/wp-json\/wp\/v2\/pages\/831"}],"wp:attachment":[{"href":"https:\/\/www.wcb.mb.ca\/fr\/wp-json\/wp\/v2\/media?parent=20050"}],"wp:term":[{"taxonomy":"post_tag","embeddable":true,"href":"https:\/\/www.wcb.mb.ca\/fr\/wp-json\/wp\/v2\/tags?post=20050"}],"curies":[{"name":"wp","href":"https:\/\/api.w.org\/{rel}","templated":true}]}}