{"id":20043,"date":"2025-01-15T13:59:02","date_gmt":"2025-01-15T18:59:02","guid":{"rendered":"https:\/\/www.wcb.mb.ca\/?page_id=20043"},"modified":"2026-01-15T15:49:59","modified_gmt":"2026-01-15T20:49:59","slug":"programme-de-subventions-de-la-wcb","status":"publish","type":"page","link":"https:\/\/www.wcb.mb.ca\/fr\/programme-de-subventions-de-la-wcb\/","title":{"rendered":"Programme de subventions de la WCB"},"content":{"rendered":"\t\t<div data-elementor-type=\"wp-page\" data-elementor-id=\"20043\" class=\"elementor elementor-20043 elementor-5214\" data-elementor-post-type=\"page\">\n\t\t\t\t<div class=\"elementor-element elementor-element-8ad0b0d e-flex e-con-boxed e-con e-parent\" data-id=\"8ad0b0d\" data-element_type=\"container\" data-e-type=\"container\">\n\t\t\t\t\t<div class=\"e-con-inner\">\n\t\t\t\t<div class=\"elementor-element elementor-element-c57fde0 elementor-widget elementor-widget-st-header-image\" data-id=\"c57fde0\" data-element_type=\"widget\" data-e-type=\"widget\" data-widget_type=\"st-header-image.default\">\n\t\t\t\t<div class=\"elementor-widget-container\">\n\t\t\t\t\t<div class=\"c-headerImage g-layout__padding c-headerImage--noImage\"><div class=\"c-headerImage__container g-layout__maxWidth\"><div class=\"c-headerImage__content\"><div ><h1>Programme de subventions de la WCB<\/h1><\/div><\/div><\/div><\/div>\t\t\t\t<\/div>\n\t\t\t\t<\/div>\n\t\t\t\t\t<\/div>\n\t\t\t\t<\/div>\n\t\t<div class=\"elementor-element elementor-element-5739c18d e-flex e-con-boxed e-con e-parent\" data-id=\"5739c18d\" data-element_type=\"container\" data-e-type=\"container\">\n\t\t\t\t\t<div class=\"e-con-inner\">\n\t\t<div class=\"elementor-element elementor-element-5416e546 e-con-full e-flex e-con e-child\" data-id=\"5416e546\" data-element_type=\"container\" data-e-type=\"container\">\n\t\t\t\t<div class=\"elementor-element elementor-element-15048cd4 elementor-widget__width-initial elementor-widget elementor-widget-text-editor\" data-id=\"15048cd4\" data-element_type=\"widget\" data-e-type=\"widget\" data-widget_type=\"text-editor.default\">\n\t\t\t\t<div class=\"elementor-widget-container\">\n\t\t\t\t\t\t\t\t\t<p>La Commission des accidents du travail du Manitoba (la WCB) a pour mission d\u2019assurer et d\u2019appuyer des activit\u00e9s professionnelles et des milieux de travail sains et s\u00e9curitaires. Les travailleurs et les employeurs sont au c\u0153ur de tout ce que nous faisons. Nous leur fournissons des services de qualit\u00e9 en mati\u00e8re de pr\u00e9vention des blessures, d\u2019indemnisation, de recouvrement de la sant\u00e9 et de retour au travail, tout en pr\u00e9servant l\u2019int\u00e9grit\u00e9 du syst\u00e8me.<\/p>\n<p>De pair avec nos partenaires, la WCB fait la promotion de lieux de travail sains et s\u00e9curitaires en plus de faciliter la gu\u00e9rison et le retour au travail.<\/p>\n<p>Le programme de subventions de la WCB appuie des projets visant \u00e0 am\u00e9liorer la sant\u00e9 et la s\u00e9curit\u00e9 en milieu de travail, \u00e0 r\u00e9duire l\u2019impact des maladies et blessures au travail et \u00e0 am\u00e9liorer l\u2019efficacit\u00e9 du syst\u00e8me d\u2019indemnisation des travailleurs au Manitoba.<\/p>\n<p>Voici les objectifs principaux du Programme de subventions de la WCB\u00a0:<\/p>\n<ul>\n<li>Faire progresser les connaissances sur les blessures et maladies professionnelles et sur l\u2019indemnisation des travailleurs.<\/li>\n<li>\u00c9tablir des partenariats de recherche en collaboration.<\/li>\n<li>Promouvoir des solutions pratiques ayant le potentiel de r\u00e9duire les effets des blessures et maladies professionnelles et d\u2019am\u00e9liorer les r\u00e9sultats en mati\u00e8re de retour au travail.<\/li>\n<li>\u00c9valuer les interventions, \u00e9clairer l\u2019\u00e9laboration de politiques et appuyer l\u2019innovation.<\/li>\n<\/ul>\n\t\t\t\t\t\t\t\t<\/div>\n\t\t\t\t<\/div>\n\t\t\t\t<div class=\"elementor-element elementor-element-b1f3581 elementor-widget__width-initial elementor-widget elementor-widget-text-editor\" data-id=\"b1f3581\" data-element_type=\"widget\" data-e-type=\"widget\" data-widget_type=\"text-editor.default\">\n\t\t\t\t<div class=\"elementor-widget-container\">\n\t\t\t\t\t\t\t\t\t<h2>Rapports sur les projets<\/h2>\n<p>Pour d\u00e9couvrir les projets financ\u00e9s par cette initiative, consultez les rapports annuels en lien ci-dessous\u00a0:&nbsp;<\/p>\n\t\t\t\t\t\t\t\t<\/div>\n\t\t\t\t<\/div>\n\t\t\t\t<div class=\"elementor-element elementor-element-fe17105 elementor-widget__width-initial elementor-widget elementor-widget-text-editor\" data-id=\"fe17105\" data-element_type=\"widget\" data-e-type=\"widget\" data-widget_type=\"text-editor.default\">\n\t\t\t\t<div class=\"elementor-widget-container\">\n\t\t\t\t\t\t\t\t\t<h2>Programme de subventions de la WCB \u2013 Appel aux lettres d\u2019intention<\/h2><p>Le Programme de subventions de la WCB a fait l\u2019objet d\u2019une mise \u00e0 jour r\u00e9cente. Il s\u2019agit d\u00e9sormais d\u2019un processus annuel comportant deux phases. Les requ\u00e9rants doivent soumettre une lettre d\u2019intention qui sera jug\u00e9e par le comit\u00e9 de r\u00e9vision de la WCB.<\/p><p>Apr\u00e8s cette r\u00e9vision, les requ\u00e9rants pourraient \u00eatre invit\u00e9s \u00e0 soumettre une proposition compl\u00e8te qui fera l\u2019objet d\u2019une \u00e9valuation exhaustive pour d\u00e9terminer si la subvention est approuv\u00e9e.<\/p><p>&nbsp;<\/p><h3><strong>Lettre d\u2019intention<\/strong><\/h3><p>Les requ\u00e9rants int\u00e9ress\u00e9s par une subvention doivent utiliser le <strong>formulaire de soumission en ligne d\u2019une lettre d\u2019intention<\/strong>\u00a0pour envoyer leur demande \u00e0 la WCB durant son processus annuel de subventions.<\/p><p>Une lettre d\u2019intention sert \u00e0 exprimer son int\u00e9r\u00eat envers un sujet qui r\u00e9pond aux objectifs du Programme de subventions de la WCB et \u00e0 soumettre une demande officielle de subvention.<\/p><p>La lettre d\u2019intention doit \u00eatre concise. Elle devrait contenir une br\u00e8ve description du projet, y compris un \u00e9nonc\u00e9 du probl\u00e8me, l\u2019approche ou la m\u00e9thodologie et les retomb\u00e9es pr\u00e9vues; une liste des membres de l\u2019\u00e9quipe et leur expertise; ainsi qu\u2019un budget. Pri\u00e8re de consulter le <a href=\"https:\/\/www.wcb.mb.ca\/uploads\/2025\/09\/0626.pdf\"><strong>Guide de l\u2019utilisateur \u2013 lettre d\u2019intention et proposition compl\u00e8te<\/strong><\/a>\u00a0pour obtenir de plus amples renseignements.<\/p><p>Nous encourageons les requ\u00e9rants \u00e0 discuter informellement de leurs id\u00e9es de projet avec le coordonnateur du Programme de subventions de la WCB \u00e0 <a href=\"mailto:grants@wcb.mb.ca\"><strong>grants@wcb.mb.ca<\/strong><\/a>.<\/p><p>Le Programme de subventions de la WCB acceptera les lettres d\u2019intention pour une subvention en 2026 \u00e0 compter du <strong>1er\u00a0octobre 2025.<\/strong><\/p><p><strong>Pour \u00eatre prises en consid\u00e9ration aux fins de financement, toutes les lettres d\u2019intention doivent \u00eatre re\u00e7ues par la WCB avant 16\u00a0h (HNC) le 7\u00a0novembre 2025.<\/strong><\/p><p>&nbsp;<\/p><h3><strong>Soumission d\u2019une proposition compl\u00e8te<\/strong><\/h3><p>Les requ\u00e9rants dont la lettre d\u2019intention est pr\u00e9s\u00e9lectionn\u00e9e par le comit\u00e9 de r\u00e9vision seront invit\u00e9s \u00e0 soumettre une proposition compl\u00e8te. Le coordonnateur du Programme de subventions de la WCB leur enverra le document de proposition. La date de cl\u00f4ture pour soumettre une proposition compl\u00e8te est le 20\u00a0f\u00e9vrier 2026.<\/p><p>&nbsp;<\/p><h3><strong>Priorit\u00e9s de financement<\/strong><\/h3><p>Le programme appuie des projets de grande qualit\u00e9 en lien avec les maladies et blessures professionnelles et l\u2019indemnisation des travailleurs. Les priorit\u00e9s de financement peuvent changer au fil du temps, mais la priorit\u00e9 est normalement accord\u00e9e aux projets qui abordent les probl\u00e8mes les plus urgents auxquels le syst\u00e8me d\u2019indemnisation des travailleurs au Manitoba est confront\u00e9 \u00e0 un moment donn\u00e9.<\/p><p>Les priorit\u00e9s de financement plus larges du programme comprennent\u00a0:<\/p><ul><li>L\u2019efficacit\u00e9, l\u2019\u00e9quit\u00e9 et la r\u00e9activit\u00e9 du syst\u00e8me d\u2019indemnisation des travailleurs.<\/li><li>L\u2019avenir du travail et la nature changeante des r\u00e9clamations.<\/li><li>Le retour au travail.<\/li><li>La r\u00e9duction des effets des maladies et blessures professionnelles (y compris la pr\u00e9vention).<\/li><\/ul><h3><strong>Financement<\/strong><\/h3><p><br \/><br \/>Il n\u2019existe pas de plafond de subvention, mais normalement, la somme ne d\u00e9passera pas 200\u00a0000\u00a0$. En g\u00e9n\u00e9ral, les projets sont financ\u00e9s pour une p\u00e9riode de 12 \u00e0 24\u00a0mois.<br \/><br \/>Les requ\u00e9rants peuvent faire une demande de financement partiel, puis soumettre une autre demande de subvention dans les ann\u00e9es ult\u00e9rieures pour le m\u00eame plan de projet. Cependant, la WCB n\u2019est pas oblig\u00e9e d\u2019accorder de subventions suppl\u00e9mentaires ni de financer les co\u00fbts additionnels d\u2019un projet.<br \/><br \/>\u00a0<\/p><h3><strong>Processus et \u00e9ch\u00e9ancier<\/strong><\/h3><p><br \/><br \/>Voici des \u00e9ch\u00e9ances importantes du processus de demande au Programme de subventions de la WCB\u00a0:<\/p><ul><li>Appel aux lettres d\u2019intention pour une subvention\u00a0: 1er\u00a0octobre 2025.<\/li><li>Date de cl\u00f4ture pour soumettre une lettre d\u2019intention\u00a0: 7\u00a0novembre 2025.<\/li><li>Invitation \u00e0 soumettre une proposition compl\u00e8te aux requ\u00e9rants pr\u00e9s\u00e9lectionn\u00e9s\u00a0: 9\u00a0janvier\u00a02026.<\/li><li>Date de cl\u00f4ture pour soumettre une proposition compl\u00e8te\u00a0: 20\u00a0f\u00e9vrier 2026.<\/li><li>R\u00e9vision interne des demandes\u00a0: De mars \u00e0 mai 2026.<\/li><li>Annonce de la d\u00e9cision aux requ\u00e9rants\u00a0: 26\u00a0juin 2026.<\/li><\/ul><p>&nbsp;<\/p><h3><strong>Documents importants<\/strong><\/h3><p><br \/><br \/>Formulaire de soumission \u00e9lectronique d\u2019une lettre d\u2019intention (ferm\u00e9)<br \/><br \/><a href=\"https:\/\/www.wcb.mb.ca\/uploads\/2025\/09\/0625.pdf\">Guide sur le Programme de subventions<\/a><br \/><br \/><a href=\"https:\/\/www.wcb.mb.ca\/uploads\/2025\/09\/0626.pdf\">Guide de l\u2019utilisateur \u2013 lettre d\u2019intention et proposition compl\u00e8te<\/a><\/p>\t\t\t\t\t\t\t\t<\/div>\n\t\t\t\t<\/div>\n\t\t\t\t<div class=\"elementor-element elementor-element-bb86165 elementor-widget elementor-widget-st-download-list\" data-id=\"bb86165\" data-element_type=\"widget\" data-e-type=\"widget\" data-widget_type=\"st-download-list.default\">\n\t\t\t\t<div class=\"elementor-widget-container\">\n\t\t\t\t\t<div class=\"c-downloadList c-downloadList--list\"><div class=\"c-downloadList__list\"><div class=\"c-downloadList__itemWrap\"><a class=\"c-downloadList__item\" href=\"https:\/\/www.wcb.mb.ca\/uploads\/2025\/10\/0394.pdf\" target=\"_blank\"><div class=\"c-downloadList__itemText\"><span >Rapport de 2024 sur les projets<\/span><div class=\"c-downloadList__itemDescription\"><span ><\/span><\/div><\/div><span class=\"c-downloadList__itemBtn\"><span class=\"g-icon--download\"><\/span> T\u00e9l\u00e9charger<\/span><\/a><\/div><div class=\"c-downloadList__itemWrap\"><a class=\"c-downloadList__item\" href=\"https:\/\/www.wcb.mb.ca\/uploads\/2025\/01\/0234.pdf\" target=\"_blank\"><div class=\"c-downloadList__itemText\"><span >Rapport de 2023 sur les projets<\/span><div class=\"c-downloadList__itemDescription\"><span ><\/span><\/div><\/div><span class=\"c-downloadList__itemBtn\"><span class=\"g-icon--download\"><\/span> T\u00e9l\u00e9charger<\/span><\/a><\/div><div class=\"c-downloadList__itemWrap\"><a class=\"c-downloadList__item\" href=\"https:\/\/www.wcb.mb.ca\/uploads\/2025\/01\/0233.pdf\" target=\"_blank\"><div class=\"c-downloadList__itemText\"><span >Rapport de 2022 sur les projets<\/span><div class=\"c-downloadList__itemDescription\"><span ><\/span><\/div><\/div><span class=\"c-downloadList__itemBtn\"><span class=\"g-icon--download\"><\/span> T\u00e9l\u00e9charger<\/span><\/a><\/div><div class=\"c-downloadList__itemWrap\"><a class=\"c-downloadList__item\" href=\"https:\/\/www.wcb.mb.ca\/uploads\/2025\/01\/0232.pdf\" target=\"_blank\"><div class=\"c-downloadList__itemText\"><span >Rapport de 2021 sur les projets<\/span><div class=\"c-downloadList__itemDescription\"><span ><\/span><\/div><\/div><span class=\"c-downloadList__itemBtn\"><span class=\"g-icon--download\"><\/span> T\u00e9l\u00e9charger<\/span><\/a><\/div><div class=\"c-downloadList__itemWrap\"><a class=\"c-downloadList__item\" href=\"https:\/\/www.wcb.mb.ca\/uploads\/2025\/01\/0231.pdf\" target=\"_blank\"><div class=\"c-downloadList__itemText\"><span >Rapport de 2020 sur les projets<\/span><div class=\"c-downloadList__itemDescription\"><span ><\/span><\/div><\/div><span class=\"c-downloadList__itemBtn\"><span class=\"g-icon--download\"><\/span> T\u00e9l\u00e9charger<\/span><\/a><\/div><div class=\"c-downloadList__itemWrap\"><a class=\"c-downloadList__item\" href=\"https:\/\/www.wcb.mb.ca\/uploads\/2025\/01\/0230.pdf\" target=\"_blank\"><div class=\"c-downloadList__itemText\"><span >Rapport de 2019 sur les projets<\/span><div class=\"c-downloadList__itemDescription\"><span ><\/span><\/div><\/div><span class=\"c-downloadList__itemBtn\"><span class=\"g-icon--download\"><\/span> T\u00e9l\u00e9charger<\/span><\/a><\/div><\/div><\/div>\t\t\t\t<\/div>\n\t\t\t\t<\/div>\n\t\t\t\t<div class=\"elementor-element elementor-element-7dfe7b9 elementor-widget__width-initial elementor-widget elementor-widget-text-editor\" data-id=\"7dfe7b9\" data-element_type=\"widget\" data-e-type=\"widget\" data-widget_type=\"text-editor.default\">\n\t\t\t\t<div class=\"elementor-widget-container\">\n\t\t\t\t\t\t\t\t\t<h2>Projets termin\u00e9s et ressources<\/h2><p>Pour consulter et t\u00e9l\u00e9charger les projets termin\u00e9s, financ\u00e9s par ce programme, cliquez <a href=\"https:\/\/www.wcb.mb.ca\/fr\/?page_id=21881\">ici<\/a>.<\/p>\t\t\t\t\t\t\t\t<\/div>\n\t\t\t\t<\/div>\n\t\t\t\t<div class=\"elementor-element elementor-element-6570365 elementor-widget__width-initial elementor-widget elementor-widget-text-editor\" data-id=\"6570365\" data-element_type=\"widget\" data-e-type=\"widget\" data-widget_type=\"text-editor.default\">\n\t\t\t\t<div class=\"elementor-widget-container\">\n\t\t\t\t\t\t\t\t\t<h2>Coordonn\u00e9es<\/h2>\n<p>Pour obtenir de plus amples renseignements sur le Programme de subventions de la WCB\u00a0:<\/p>\n<ul>\n<li>T\u00e9l\u00e9phone\u00a0: 204-954-4492 ou 1-855-954-4321<\/li>\n<li>Courriel\u00a0: &nbsp;<a href=\"mailto:grants@wcb.mb.ca\"><strong>grants@wcb.mb.ca<\/strong><\/a><\/li>\n<\/ul>\n\t\t\t\t\t\t\t\t<\/div>\n\t\t\t\t<\/div>\n\t\t\t\t<\/div>\n\t\t<div class=\"elementor-element elementor-element-6cc70a37 e-con-full e-flex e-con e-child\" data-id=\"6cc70a37\" data-element_type=\"container\" data-e-type=\"container\" data-settings=\"{&quot;background_background&quot;:&quot;classic&quot;}\">\n\t\t\t\t<div class=\"elementor-element elementor-element-a135b8f elementor-widget elementor-widget-st-link-list\" data-id=\"a135b8f\" data-element_type=\"widget\" data-e-type=\"widget\" data-widget_type=\"st-link-list.default\">\n\t\t\t\t<div class=\"elementor-widget-container\">\n\t\t\t\t\t<div class=\"c-linkList c-linkList--default c-linkList--default\"><h2 class=\"c-linkList__title\"><span >Liens connexes<\/span><\/h2><div class=\"c-linkList__list\"><div class=\"c-linkList__item\"><a class=\"c-linkList__itemBtn g-btn__arrow--fullWidth\" href=\"\/fr\/a-propos\/\"><span >\u00c0 propos de la WCB<\/span><\/a><\/div><div class=\"c-linkList__item\"><a class=\"c-linkList__itemBtn g-btn__arrow--fullWidth\" href=\"\/fr\/conseil-dadministration-gouvernance-et-haute-direction\/\"><span >Conseil d\u2019administration, gouvernance et haute direction<\/span><\/a><\/div><div class=\"c-linkList__item\"><a class=\"c-linkList__itemBtn g-btn__arrow--fullWidth\" href=\"\/annual-reports\/\"><span >Rapports annuels<\/span><\/a><\/div><div class=\"c-linkList__item\"><a class=\"c-linkList__itemBtn g-btn__arrow--fullWidth\" href=\"\/fr\/relations-de-la-wcb-avec-la-communaute\/\"><span >Relations de la WCB avec la communaut\u00e9<\/span><\/a><\/div><\/div><\/div>\t\t\t\t<\/div>\n\t\t\t\t<\/div>\n\t\t\t\t<div class=\"elementor-element elementor-element-516c444d elementor-widget elementor-widget-st-cats\" data-id=\"516c444d\" data-element_type=\"widget\" data-e-type=\"widget\" data-widget_type=\"st-cats.default\">\n\t\t\t\t<div class=\"elementor-widget-container\">\n\t\t\t\t\t<div class=\"c-ctaList\"><\/div>\t\t\t\t<\/div>\n\t\t\t\t<\/div>\n\t\t\t\t<\/div>\n\t\t\t\t\t<\/div>\n\t\t\t\t<\/div>\n\t\t\t\t<\/div>\n\t\t","protected":false},"excerpt":{"rendered":"<p>Programme de subventions de la WCB La Commission des accidents du travail du Manitoba (la WCB) a pour mission d\u2019assurer et d\u2019appuyer des activit\u00e9s professionnelles et des milieux de travail sains et s\u00e9curitaires. Les travailleurs et les employeurs sont au c\u0153ur de tout ce que nous faisons. Nous leur fournissons des services de qualit\u00e9 en [&hellip;]<\/p>\n","protected":false},"author":1,"featured_media":0,"parent":0,"menu_order":0,"comment_status":"closed","ping_status":"closed","template":"","meta":{"_acf_changed":false,"footnotes":""},"tags":[],"class_list":["post-20043","page","type-page","status-publish","hentry"],"acf":[],"_links":{"self":[{"href":"https:\/\/www.wcb.mb.ca\/fr\/wp-json\/wp\/v2\/pages\/20043","targetHints":{"allow":["GET"]}}],"collection":[{"href":"https:\/\/www.wcb.mb.ca\/fr\/wp-json\/wp\/v2\/pages"}],"about":[{"href":"https:\/\/www.wcb.mb.ca\/fr\/wp-json\/wp\/v2\/types\/page"}],"author":[{"embeddable":true,"href":"https:\/\/www.wcb.mb.ca\/fr\/wp-json\/wp\/v2\/users\/1"}],"replies":[{"embeddable":true,"href":"https:\/\/www.wcb.mb.ca\/fr\/wp-json\/wp\/v2\/comments?post=20043"}],"version-history":[{"count":7,"href":"https:\/\/www.wcb.mb.ca\/fr\/wp-json\/wp\/v2\/pages\/20043\/revisions"}],"predecessor-version":[{"id":22732,"href":"https:\/\/www.wcb.mb.ca\/fr\/wp-json\/wp\/v2\/pages\/20043\/revisions\/22732"}],"wp:attachment":[{"href":"https:\/\/www.wcb.mb.ca\/fr\/wp-json\/wp\/v2\/media?parent=20043"}],"wp:term":[{"taxonomy":"post_tag","embeddable":true,"href":"https:\/\/www.wcb.mb.ca\/fr\/wp-json\/wp\/v2\/tags?post=20043"}],"curies":[{"name":"wp","href":"https:\/\/api.w.org\/{rel}","templated":true}]}}