{"id":20039,"date":"2025-03-18T10:27:50","date_gmt":"2025-03-18T14:27:50","guid":{"rendered":"https:\/\/www.wcb.mb.ca\/?page_id=20039"},"modified":"2026-01-23T20:11:29","modified_gmt":"2026-01-24T01:11:29","slug":"signaler-un-travail-non-securitaire","status":"publish","type":"page","link":"https:\/\/www.wcb.mb.ca\/fr\/coordonnees\/signaler-un-travail-non-securitaire\/","title":{"rendered":"Signaler un travail dangereux"},"content":{"rendered":"\t\t<div data-elementor-type=\"wp-page\" data-elementor-id=\"20039\" class=\"elementor elementor-20039 elementor-10420\" data-elementor-post-type=\"page\">\n\t\t\t\t<div class=\"elementor-element elementor-element-308b3bb e-flex e-con-boxed e-con e-parent\" data-id=\"308b3bb\" data-element_type=\"container\" data-e-type=\"container\">\n\t\t\t\t\t<div class=\"e-con-inner\">\n\t\t\t\t<div class=\"elementor-element elementor-element-3e15d45 elementor-widget elementor-widget-st-header-image\" data-id=\"3e15d45\" data-element_type=\"widget\" data-e-type=\"widget\" data-widget_type=\"st-header-image.default\">\n\t\t\t\t<div class=\"elementor-widget-container\">\n\t\t\t\t\t<div class=\"c-headerImage g-layout__padding c-headerImage--noImage\"><div class=\"c-headerImage__container g-layout__maxWidth\"><div class=\"c-headerImage__content\"><div ><h1>Signaler un travail dangereux<\/h1><\/div><\/div><\/div><\/div>\t\t\t\t<\/div>\n\t\t\t\t<\/div>\n\t\t\t\t\t<\/div>\n\t\t\t\t<\/div>\n\t\t<div class=\"elementor-element elementor-element-7804da2e e-grid e-con-boxed e-con e-parent\" data-id=\"7804da2e\" data-element_type=\"container\" data-e-type=\"container\">\n\t\t\t\t\t<div class=\"e-con-inner\">\n\t\t<div class=\"elementor-element elementor-element-634c61d e-con-full e-flex e-con e-child\" data-id=\"634c61d\" data-element_type=\"container\" data-e-type=\"container\">\n\t\t\t\t<div class=\"elementor-element elementor-element-35a5392c elementor-widget__width-initial elementor-widget elementor-widget-text-editor\" data-id=\"35a5392c\" data-element_type=\"widget\" data-e-type=\"widget\" data-widget_type=\"text-editor.default\">\n\t\t\t\t<div class=\"elementor-widget-container\">\n\t\t\t\t\t\t\t\t\t<p>\u200b\u200b\u200b\u200b\u200b\u200b\u200b\u200b\u200b\u200b\u200b\u200b\u200b\u200b\u200b\u200b\u200b\u200b\u200b\u200b\u200b\u200b\u200b\u200b\u200b\u200b\u200b\u200b\u00catre \u00e0 l\u2019aff\u00fbt des dangers dans votre milieu de travail contribue \u00e0 votre protection et \u00e0 celle de vos coll\u00e8gues. Veiller \u00e0 la s\u00e9curit\u00e9 des autres est pratiquement un automatisme pour la plupart d\u2019entre nous. Signaler un travail non s\u00e9curitaire et parler de s\u00e9curit\u00e9 permet de pr\u00e9venir les blessures et de sauver des vies.<\/p>\n<p>En prenant des mesures pour signaler le travail non s\u00e9curitaire, vous appuyez une culture positive ax\u00e9e sur la s\u00e9curit\u00e9 et la pr\u00e9vention dans votre milieu de travail. Tout le monde a sa part de responsabilit\u00e9 afin de rendre les milieux de travail plus s\u00e9curitaires, de pr\u00e9venir les blessures et de cr\u00e9er et maintenir une culture de s\u00e9curit\u00e9.<\/p>\n\t\t\t\t\t\t\t\t<\/div>\n\t\t\t\t<\/div>\n\t\t\t\t<div class=\"elementor-element elementor-element-3eeff2a elementor-widget__width-initial elementor-widget elementor-widget-text-editor\" data-id=\"3eeff2a\" data-element_type=\"widget\" data-e-type=\"widget\" data-widget_type=\"text-editor.default\">\n\t\t\t\t<div class=\"elementor-widget-container\">\n\t\t\t\t\t\t\t\t\t<h2>Voici les trois \u00e9tapes simples \u00e0 suivre pour signaler une situation dangereuse dans votre milieu de travail.<\/h2>\n<p><strong>\u00c9tape 1\u00a0:<\/strong> Soulevez votre pr\u00e9occupation aupr\u00e8s de votre superviseur. Le superviseur devrait reconna\u00eetre votre signalement et tenter de r\u00e9soudre vos pr\u00e9occupations relatives \u00e0 la s\u00e9curit\u00e9.<\/p>\n<p><strong>\u00c9tape\u00a02\u00a0:<\/strong> Si c\u2019est difficile pour vous de vous adresser \u00e0 votre superviseur ou si votre superviseur n\u2019est pas en mesure de r\u00e9soudre votre pr\u00e9occupation, parlez \u00e0 un membre du comit\u00e9 de la s\u00e9curit\u00e9 et de la sant\u00e9 au travail ou \u00e0 votre d\u00e9l\u00e9gu\u00e9 \u00e0 la s\u00e9curit\u00e9 et \u00e0 la sant\u00e9 des travailleurs.<\/p>\n<p>En vertu de la <em>Loi sur la s\u00e9curit\u00e9 et l\u2019hygi\u00e8ne du travail et le R\u00e8glement sur la s\u00e9curit\u00e9 et la sant\u00e9 au travail<\/em>, vous avez le droit de refuser un travail dangereux et le droit d\u2019\u00eatre prot\u00e9g\u00e9 contre les repr\u00e9sailles. Si vous avez exerc\u00e9 votre droit de refuser un travail et qu\u2019on vous dit de rentrer chez vous sans paie, communiquez imm\u00e9diatement avec la <a href=\"https:\/\/www.gov.mb.ca\/labour\/safety\/rep_unsafe.html\" target=\"_blank\" rel=\"noopener\"><strong>Division de la s\u00e9curit\u00e9 et de l\u2019hygi\u00e8ne du travail<\/strong><\/a>.&nbsp;<\/p>\n<p><strong>\u00c9tape 3\u00a0:<\/strong> Si votre comit\u00e9 ou d\u00e9l\u00e9gu\u00e9 n\u2019a pas r\u00e9solu votre pr\u00e9occupation ou si vous estimez qu\u2019il s\u2019agit d\u2019un probl\u00e8me urgent, communiquez avec la <a href=\"https:\/\/www.gov.mb.ca\/labour\/safety\/rep_unsafe.html\" target=\"_blank\" rel=\"noopener\">Division de la s\u00e9curit\u00e9 et de l\u2019hygi\u00e8ne du travail du Manitoba<\/a>.&nbsp;<\/p>\n\t\t\t\t\t\t\t\t<\/div>\n\t\t\t\t<\/div>\n\t\t\t\t<\/div>\n\t\t<div class=\"elementor-element elementor-element-2791b7c e-con-full e-flex e-con e-child\" data-id=\"2791b7c\" data-element_type=\"container\" data-e-type=\"container\" data-settings=\"{&quot;background_background&quot;:&quot;classic&quot;}\">\n\t\t\t\t<div class=\"elementor-element elementor-element-4640db6 elementor-widget elementor-widget-st-link-list\" data-id=\"4640db6\" data-element_type=\"widget\" data-e-type=\"widget\" data-widget_type=\"st-link-list.default\">\n\t\t\t\t<div class=\"elementor-widget-container\">\n\t\t\t\t\t<div class=\"c-linkList c-linkList--default c-linkList--default\"><h2 class=\"c-linkList__title\"><span >Liens connexes<\/span><\/h2><div class=\"c-linkList__list\"><div class=\"c-linkList__item\"><a class=\"c-linkList__itemBtn g-btn__arrow--fullWidth\" href=\"\/fr\/travailleurs\/droits-et-responsabilites-des-travailleurs\/\"><span >Droits et responsabilit\u00e9s des travailleurs<\/span><\/a><\/div><div class=\"c-linkList__item\"><a class=\"c-linkList__itemBtn g-btn__arrow--fullWidth\" href=\"\/fr\/coordonnees\/signaler-la-fraude-et-la-non-conformite\/\"><span >Signaler la fraude et la non-conformit\u00e9<\/span><\/a><\/div><\/div><\/div>\t\t\t\t<\/div>\n\t\t\t\t<\/div>\n\t\t\t\t<div class=\"elementor-element elementor-element-36a8ad01 elementor-widget elementor-widget-st-cats\" data-id=\"36a8ad01\" data-element_type=\"widget\" data-e-type=\"widget\" data-widget_type=\"st-cats.default\">\n\t\t\t\t<div class=\"elementor-widget-container\">\n\t\t\t\t\t<div class=\"c-ctaList\"><\/div>\t\t\t\t<\/div>\n\t\t\t\t<\/div>\n\t\t\t\t<\/div>\n\t\t\t\t\t<\/div>\n\t\t\t\t<\/div>\n\t\t\t\t<\/div>\n\t\t","protected":false},"excerpt":{"rendered":"<p>Signaler un travail non s\u00e9curitaire \u200b\u200b\u200b\u200b\u200b\u200b\u200b\u200b\u200b\u200b\u200b\u200b\u200b\u200b\u200b\u200b\u200b\u200b\u200b\u200b\u200b\u200b\u200b\u200b\u200b\u200b\u200b\u200b\u00catre \u00e0 l\u2019aff\u00fbt des dangers dans votre milieu de travail contribue \u00e0 votre protection et \u00e0 celle de vos coll\u00e8gues. Veiller \u00e0 la s\u00e9curit\u00e9 des autres est pratiquement un automatisme pour la plupart d\u2019entre nous. Signaler un travail non s\u00e9curitaire et parler de s\u00e9curit\u00e9 permet de pr\u00e9venir les blessures et [&hellip;]<\/p>\n","protected":false},"author":1,"featured_media":0,"parent":1894,"menu_order":0,"comment_status":"closed","ping_status":"closed","template":"","meta":{"_acf_changed":false,"footnotes":""},"tags":[],"class_list":["post-20039","page","type-page","status-publish","hentry"],"acf":[],"_links":{"self":[{"href":"https:\/\/www.wcb.mb.ca\/fr\/wp-json\/wp\/v2\/pages\/20039","targetHints":{"allow":["GET"]}}],"collection":[{"href":"https:\/\/www.wcb.mb.ca\/fr\/wp-json\/wp\/v2\/pages"}],"about":[{"href":"https:\/\/www.wcb.mb.ca\/fr\/wp-json\/wp\/v2\/types\/page"}],"author":[{"embeddable":true,"href":"https:\/\/www.wcb.mb.ca\/fr\/wp-json\/wp\/v2\/users\/1"}],"replies":[{"embeddable":true,"href":"https:\/\/www.wcb.mb.ca\/fr\/wp-json\/wp\/v2\/comments?post=20039"}],"version-history":[{"count":5,"href":"https:\/\/www.wcb.mb.ca\/fr\/wp-json\/wp\/v2\/pages\/20039\/revisions"}],"predecessor-version":[{"id":23056,"href":"https:\/\/www.wcb.mb.ca\/fr\/wp-json\/wp\/v2\/pages\/20039\/revisions\/23056"}],"up":[{"embeddable":true,"href":"https:\/\/www.wcb.mb.ca\/fr\/wp-json\/wp\/v2\/pages\/1894"}],"wp:attachment":[{"href":"https:\/\/www.wcb.mb.ca\/fr\/wp-json\/wp\/v2\/media?parent=20039"}],"wp:term":[{"taxonomy":"post_tag","embeddable":true,"href":"https:\/\/www.wcb.mb.ca\/fr\/wp-json\/wp\/v2\/tags?post=20039"}],"curies":[{"name":"wp","href":"https:\/\/api.w.org\/{rel}","templated":true}]}}