{"id":20037,"date":"2025-03-21T13:19:05","date_gmt":"2025-03-21T17:19:05","guid":{"rendered":"https:\/\/www.wcb.mb.ca\/?page_id=20037"},"modified":"2026-02-04T11:41:44","modified_gmt":"2026-02-04T16:41:44","slug":"signaler-la-fraude-et-la-non-conformite","status":"publish","type":"page","link":"https:\/\/www.wcb.mb.ca\/fr\/coordonnees\/signaler-la-fraude-et-la-non-conformite\/","title":{"rendered":"Signaler la fraude et la non-conformit\u00e9"},"content":{"rendered":"\t\t<div data-elementor-type=\"wp-page\" data-elementor-id=\"20037\" class=\"elementor elementor-20037 elementor-11476\" data-elementor-post-type=\"page\">\n\t\t\t\t<div class=\"elementor-element elementor-element-aa0ad16 e-flex e-con-boxed e-con e-parent\" data-id=\"aa0ad16\" data-element_type=\"container\" data-e-type=\"container\">\n\t\t\t\t\t<div class=\"e-con-inner\">\n\t\t\t\t<div class=\"elementor-element elementor-element-d38c7f2 elementor-widget elementor-widget-st-header-image\" data-id=\"d38c7f2\" data-element_type=\"widget\" data-e-type=\"widget\" data-widget_type=\"st-header-image.default\">\n\t\t\t\t<div class=\"elementor-widget-container\">\n\t\t\t\t\t<div class=\"c-headerImage g-layout__padding c-headerImage--noImage\"><div class=\"c-headerImage__container g-layout__maxWidth\"><div class=\"c-headerImage__content\"><div ><h1>Signaler la fraude et la non-conformit\u00e9<\/h1><\/div><\/div><\/div><\/div>\t\t\t\t<\/div>\n\t\t\t\t<\/div>\n\t\t\t\t\t<\/div>\n\t\t\t\t<\/div>\n\t\t<div class=\"elementor-element elementor-element-7635713e e-grid e-con-boxed e-con e-parent\" data-id=\"7635713e\" data-element_type=\"container\" data-e-type=\"container\">\n\t\t\t\t\t<div class=\"e-con-inner\">\n\t\t<div class=\"elementor-element elementor-element-6464fb04 e-con-full e-flex e-con e-child\" data-id=\"6464fb04\" data-element_type=\"container\" data-e-type=\"container\">\n\t\t\t\t<div class=\"elementor-element elementor-element-cbd6fba elementor-widget elementor-widget-text-editor\" data-id=\"cbd6fba\" data-element_type=\"widget\" data-e-type=\"widget\" data-widget_type=\"text-editor.default\">\n\t\t\t\t<div class=\"elementor-widget-container\">\n\t\t\t\t\t\t\t\t\t<p>La fraude et la non-conformit\u00e9 surviennent quand des particuliers ou des organisations (comme des employeurs, des travailleurs ou des fournisseurs de soins de sant\u00e9) enfreignent les r\u00e8gles du syst\u00e8me d\u2019indemnisation des travailleurs, ce qui peut rendre le syst\u00e8me injuste ou moins efficace.<\/p>\n<p><strong>Si vous soup\u00e7onnez une situation de fraude ou de non-conformit\u00e9, <\/strong><a href=\"#form\"><strong>signalez-la \u00e0 la WCB<\/strong><\/a>.<\/p>\n\t\t\t\t\t\t\t\t<\/div>\n\t\t\t\t<\/div>\n\t\t\t\t<div class=\"elementor-element elementor-element-16408ca elementor-widget elementor-widget-text-editor\" data-id=\"16408ca\" data-element_type=\"widget\" data-e-type=\"widget\" data-widget_type=\"text-editor.default\">\n\t\t\t\t<div class=\"elementor-widget-container\">\n\t\t\t\t\t\t\t\t\t<h2>Exemples de fraude et de non-conformit\u00e9<\/h2>\n<p><strong>Par les employeurs\u00a0:<\/strong><\/p>\n<ul>\n<li>Omettre de signaler des blessures au travail dans les cinq jours ouvrables.<\/li>\n<li>D\u00e9courager ou emp\u00eacher un travailleur de pr\u00e9senter une r\u00e9clamation aupr\u00e8s de la WCB.<\/li>\n<li>Imposer des repr\u00e9sailles \u00e0 un travailleur qui a exerc\u00e9 ses droits aupr\u00e8s de la WCB.<\/li>\n<li>Ne pas s\u2019inscrire aupr\u00e8s de la WCB ou d\u00e9clarer une information inexacte sur la masse salariale.<\/li>\n<\/ul>\n<p><strong>Par les travailleurs\u00a0:<\/strong><\/p>\n<ul>\n<li>Exag\u00e9rer la gravit\u00e9 d\u2019une blessure.<\/li>\n<li>Retourner au travail sans aviser la WCB.<\/li>\n<li>D\u00e9clarer des renseignements faux pour obtenir une indemnit\u00e9 de la WCB.<\/li>\n<\/ul>\n<p><strong>Par les fournisseurs de soins de sant\u00e9\u00a0:<\/strong>&nbsp;<\/p>\n<ul>\n<li>Surfacturer ou facturer deux fois la WCB.<\/li>\n<\/ul>\n\t\t\t\t\t\t\t\t<\/div>\n\t\t\t\t<\/div>\n\t\t\t\t<div class=\"elementor-element elementor-element-01a0ddb elementor-widget elementor-widget-menu-anchor\" data-id=\"01a0ddb\" data-element_type=\"widget\" data-e-type=\"widget\" data-widget_type=\"menu-anchor.default\">\n\t\t\t\t<div class=\"elementor-widget-container\">\n\t\t\t\t\t\t\t<div class=\"elementor-menu-anchor\" id=\"formulaire\"><\/div>\n\t\t\t\t\t\t<\/div>\n\t\t\t\t<\/div>\n\t\t\t\t<div class=\"elementor-element elementor-element-39af017 elementor-widget elementor-widget-text-editor\" data-id=\"39af017\" data-element_type=\"widget\" data-e-type=\"widget\" data-widget_type=\"text-editor.default\">\n\t\t\t\t<div class=\"elementor-widget-container\">\n\t\t\t\t\t\t\t\t\t<h2>Comment effectuer un signalement<\/h2>\n<p><strong>Si vous croyez qu\u2019un employeur, un travailleur ou un fournisseur de soins de sant\u00e9 enfreint les r\u00e8gles de la WCB, pri\u00e8re de nous en aviser. Nous examinons tous les signalements de fraude ou de non-conformit\u00e9 soup\u00e7onn\u00e9e.<\/strong><\/p>\n<p>Lorsque vous communiquez avec nous, vous n\u2019avez pas \u00e0 nous indiquer votre nom, votre adresse ou d\u2019autres renseignements personnels. La WCB d\u00e9ploiera tous les efforts pour tenir votre identit\u00e9 confidentielle.<\/p>\n<p>Ligne de signalement\u00a0: 204-888-8081 (\u00e0 Winnipeg)<br \/>Ligne de signalement sans frais\u00a0: 1-844-888-8081 (au Canada)<\/p>\n<p><strong>Case IQ<\/strong><\/p>\n<p>Soumettez l\u2019information par <a href=\"https:\/\/wcbmb.caseiq.app\/portal\"><span style=\"text-decoration: underline;\"><strong>Case IQ, notre portail de signalement en ligne<\/strong><\/span><\/a>.<\/p>\n\t\t\t\t\t\t\t\t<\/div>\n\t\t\t\t<\/div>\n\t\t\t\t<\/div>\n\t\t<div class=\"elementor-element elementor-element-411bea9c e-con-full e-flex e-con e-child\" data-id=\"411bea9c\" data-element_type=\"container\" data-e-type=\"container\" data-settings=\"{&quot;background_background&quot;:&quot;classic&quot;}\">\n\t\t\t\t<div class=\"elementor-element elementor-element-bcd8d7e elementor-widget elementor-widget-st-link-list\" data-id=\"bcd8d7e\" data-element_type=\"widget\" data-e-type=\"widget\" data-widget_type=\"st-link-list.default\">\n\t\t\t\t<div class=\"elementor-widget-container\">\n\t\t\t\t\t<div class=\"c-linkList c-linkList--default c-linkList--default\"><h2 class=\"c-linkList__title\"><span >Liens connexes<\/span><\/h2><div class=\"c-linkList__list\"><div class=\"c-linkList__item\"><a class=\"c-linkList__itemBtn g-btn__arrow--fullWidth\" href=\"\/workers\/worker-rights-and-responsibilities\/\"><span >Droits et responsabilit\u00e9s des travailleurs<\/span><\/a><\/div><div class=\"c-linkList__item\"><a class=\"c-linkList__itemBtn g-btn__arrow--fullWidth\" href=\"\/employers\/employer-rights-and-responsibilities\/\"><span >Droits et obligations des employeurs<\/span><\/a><\/div><div class=\"c-linkList__item\"><a class=\"c-linkList__itemBtn g-btn__arrow--fullWidth\" href=\"\/contact\/report-unsafe-work\/\"><span >Signaler un travail non s\u00e9curitaire<\/span><\/a><\/div><div class=\"c-linkList__item\"><a class=\"c-linkList__itemBtn g-btn__arrow--fullWidth\" href=\"\/contact\/\"><span >Communiquer avec la WCB<\/span><\/a><\/div><\/div><\/div>\t\t\t\t<\/div>\n\t\t\t\t<\/div>\n\t\t\t\t<div class=\"elementor-element elementor-element-742bd150 elementor-widget elementor-widget-st-cats\" data-id=\"742bd150\" data-element_type=\"widget\" data-e-type=\"widget\" data-widget_type=\"st-cats.default\">\n\t\t\t\t<div class=\"elementor-widget-container\">\n\t\t\t\t\t<div class=\"c-ctaList\"><\/div>\t\t\t\t<\/div>\n\t\t\t\t<\/div>\n\t\t\t\t<\/div>\n\t\t\t\t\t<\/div>\n\t\t\t\t<\/div>\n\t\t\t\t<\/div>\n\t\t","protected":false},"excerpt":{"rendered":"<p>La fraude et la non-conformit\u00e9 surviennent quand des particuliers ou des organisations (comme des employeurs, des travailleurs ou des fournisseurs de soins de sant\u00e9) enfreignent les r\u00e8gles du syst\u00e8me d\u2019indemnisation des travailleurs, ce qui peut rendre le syst\u00e8me injuste ou moins efficace. Si vous soup\u00e7onnez une situation de fraude ou de non-conformit\u00e9, signalez-la \u00e0 la [&hellip;]<\/p>\n","protected":false},"author":1,"featured_media":0,"parent":1894,"menu_order":0,"comment_status":"closed","ping_status":"closed","template":"","meta":{"_acf_changed":false,"footnotes":""},"tags":[],"class_list":["post-20037","page","type-page","status-publish","hentry"],"acf":[],"_links":{"self":[{"href":"https:\/\/www.wcb.mb.ca\/fr\/wp-json\/wp\/v2\/pages\/20037","targetHints":{"allow":["GET"]}}],"collection":[{"href":"https:\/\/www.wcb.mb.ca\/fr\/wp-json\/wp\/v2\/pages"}],"about":[{"href":"https:\/\/www.wcb.mb.ca\/fr\/wp-json\/wp\/v2\/types\/page"}],"author":[{"embeddable":true,"href":"https:\/\/www.wcb.mb.ca\/fr\/wp-json\/wp\/v2\/users\/1"}],"replies":[{"embeddable":true,"href":"https:\/\/www.wcb.mb.ca\/fr\/wp-json\/wp\/v2\/comments?post=20037"}],"version-history":[{"count":6,"href":"https:\/\/www.wcb.mb.ca\/fr\/wp-json\/wp\/v2\/pages\/20037\/revisions"}],"predecessor-version":[{"id":23215,"href":"https:\/\/www.wcb.mb.ca\/fr\/wp-json\/wp\/v2\/pages\/20037\/revisions\/23215"}],"up":[{"embeddable":true,"href":"https:\/\/www.wcb.mb.ca\/fr\/wp-json\/wp\/v2\/pages\/1894"}],"wp:attachment":[{"href":"https:\/\/www.wcb.mb.ca\/fr\/wp-json\/wp\/v2\/media?parent=20037"}],"wp:term":[{"taxonomy":"post_tag","embeddable":true,"href":"https:\/\/www.wcb.mb.ca\/fr\/wp-json\/wp\/v2\/tags?post=20037"}],"curies":[{"name":"wp","href":"https:\/\/api.w.org\/{rel}","templated":true}]}}