{"id":20035,"date":"2025-07-10T16:42:36","date_gmt":"2025-07-10T20:42:36","guid":{"rendered":"https:\/\/www.wcb.mb.ca\/?page_id=20035"},"modified":"2026-02-06T19:57:37","modified_gmt":"2026-02-07T00:57:37","slug":"guides-de-sante-et-de-securite","status":"publish","type":"page","link":"https:\/\/www.wcb.mb.ca\/fr\/sain-et-sauf-au-travail-manitoba\/guides-de-sante-et-de-securite\/","title":{"rendered":"Guides de sant\u00e9 et de s\u00e9curit\u00e9"},"content":{"rendered":"\t\t<div data-elementor-type=\"wp-page\" data-elementor-id=\"20035\" class=\"elementor elementor-20035 elementor-16105\" data-elementor-post-type=\"page\">\n\t\t\t\t<div class=\"elementor-element elementor-element-cc0b9e0 e-flex e-con-boxed e-con e-parent\" data-id=\"cc0b9e0\" data-element_type=\"container\" data-e-type=\"container\">\n\t\t\t\t\t<div class=\"e-con-inner\">\n\t\t\t\t<div class=\"elementor-element elementor-element-d18730b elementor-widget elementor-widget-st-header-image\" data-id=\"d18730b\" data-element_type=\"widget\" data-e-type=\"widget\" data-widget_type=\"st-header-image.default\">\n\t\t\t\t<div class=\"elementor-widget-container\">\n\t\t\t\t\t<div class=\"c-headerImage g-layout__padding c-headerImage--noImage\"><div class=\"c-headerImage__container g-layout__maxWidth\"><div class=\"c-headerImage__content\"><div ><h1>Guides de sant\u00e9 et de s\u00e9curit\u00e9<\/h1><\/div><\/div><\/div><\/div>\t\t\t\t<\/div>\n\t\t\t\t<\/div>\n\t\t\t\t\t<\/div>\n\t\t\t\t<\/div>\n\t\t<div class=\"elementor-element elementor-element-b574948 e-flex e-con-boxed e-con e-parent\" data-id=\"b574948\" data-element_type=\"container\" data-e-type=\"container\">\n\t\t\t\t\t<div class=\"e-con-inner\">\n\t\t\t\t<div class=\"elementor-element elementor-element-dc1b2e5 elementor-widget elementor-widget-text-editor\" data-id=\"dc1b2e5\" data-element_type=\"widget\" data-e-type=\"widget\" data-widget_type=\"text-editor.default\">\n\t\t\t\t<div class=\"elementor-widget-container\">\n\t\t\t\t\t\t\t\t\t<p>Un guide de sant\u00e9 et de s\u00e9curit\u00e9 consiste en une ressource de conseils pour aider les travailleurs, les employeurs et les professionnels de la s\u00e9curit\u00e9 \u00e0 comprendre les lois et r\u00e8glements en mati\u00e8re de s\u00e9curit\u00e9 du Manitoba en vertu de la <em>Loi sur la s\u00e9curit\u00e9 et l\u2019hygi\u00e8ne du travail<\/em> (Loi SHT) et \u00e0 contribuer \u00e0 la conformit\u00e9 \u00e0 ceux-ci.<\/p>\n<p>Les guides de sant\u00e9 et de s\u00e9curit\u00e9 sont des outils pratiques qui\u00a0:<\/p>\n<ul>\n<li>expliquent une l\u00e9gislation complexe en langage clair;<\/li>\n<li>pr\u00e9sentent de meilleures pratiques et des exemples concrets pour am\u00e9liorer la s\u00e9curit\u00e9 et l\u2019hygi\u00e8ne du travail;<\/li>\n<li>clarifient les responsabilit\u00e9s l\u00e9gales en vertu de la Loi SHT et de ses r\u00e8glements;<\/li>\n<li>contribuent \u00e0 d\u00e9montrer la diligence raisonnable par des efforts proactifs pour \u00e9laborer, tenir \u00e0 jour et am\u00e9liorer les programmes de s\u00e9curit\u00e9 et de sant\u00e9 au travail;<\/li>\n<li>appuient une culture de s\u00e9curit\u00e9 solide en r\u00e9duisant les maladies et les blessures par des efforts de pr\u00e9vention continus.<\/li>\n<\/ul>\n<p>Ces guides constituent des ressources utiles qui aident les travailleurs, les employeurs et les professionnels de la s\u00e9curit\u00e9 \u00e0 comprendre et \u00e0 mettre en \u0153uvre de meilleures pratiques de s\u00e9curit\u00e9 en milieu de travail. Cependant, ils ne remplacent pas la loi. Nous collaborons avec la Province du Manitoba pour r\u00e9viser et mettre \u00e0 jour les guides. Pour toute clarification sur l\u2019interpr\u00e9tation ou l\u2019application de la loi et des r\u00e8glements, consultez toujours la l\u00e9gislation d\u2019origine.<\/p>\n\t\t\t\t\t\t\t\t<\/div>\n\t\t\t\t<\/div>\n\t\t\t\t\t<\/div>\n\t\t\t\t<\/div>\n\t\t<div class=\"elementor-element elementor-element-c772c76 e-flex e-con-boxed e-con e-parent\" data-id=\"c772c76\" data-element_type=\"container\" data-e-type=\"container\">\n\t\t\t\t\t<div class=\"e-con-inner\">\n\t\t\t\t<div class=\"elementor-element elementor-element-38f2251 elementor-widget elementor-widget-st-link-list\" data-id=\"38f2251\" data-element_type=\"widget\" data-e-type=\"widget\" data-widget_type=\"st-link-list.default\">\n\t\t\t\t<div class=\"elementor-widget-container\">\n\t\t\t\t\t<div class=\"c-linkList c-linkList--2 c-linkList--default\"><h2 class=\"c-linkList__title\"><span >Explorez les guides de sant\u00e9 et de s\u00e9curit\u00e9 t\u00e9l\u00e9chargeables<\/span><\/h2><div class=\"c-linkList__list\"><div class=\"c-linkList__item\"><a class=\"c-linkList__itemBtn g-btn__arrow--fullWidth\" href=\"https:\/\/www.wcb.mb.ca\/uploads\/2025\/07\/0586.pdf\" target=\"_blank\"><span >S\u00e9curit\u00e9 des v\u00e9hicules tout-terrain pour les travailleurs agricoles<\/span><\/a><\/div><div class=\"c-linkList__item\"><a class=\"c-linkList__itemBtn g-btn__arrow--fullWidth\" href=\"https:\/\/www.wcb.mb.ca\/uploads\/2025\/07\/0593.pdf\" target=\"_blank\"><span >Guide sur les ponts \u00e9l\u00e9vateurs pour v\u00e9hicule<\/span><\/a><\/div><div class=\"c-linkList__item\"><a class=\"c-linkList__itemBtn g-btn__arrow--fullWidth\" href=\"https:\/\/www.wcb.mb.ca\/uploads\/2025\/02\/0352.pdf\" target=\"_blank\"><span >Guide de gestion de l\u2019amiante<\/span><\/a><\/div><div class=\"c-linkList__item\"><a class=\"c-linkList__itemBtn g-btn__arrow--fullWidth\" href=\"https:\/\/www.wcb.mb.ca\/uploads\/2025\/07\/0595.pdf\" target=\"_blank\"><span >Guide \u00catre sain et sauf au travail<\/span><\/a><\/div><div class=\"c-linkList__item\"><a class=\"c-linkList__itemBtn g-btn__arrow--fullWidth\" href=\"https:\/\/www.wcb.mb.ca\/uploads\/2025\/07\/0594.pdf\" target=\"_blank\"><span >Directives sur les substances chimiques et substances biologiques en milieu de travail<\/span><\/a><\/div><div class=\"c-linkList__item\"><a class=\"c-linkList__itemBtn g-btn__arrow--fullWidth\" href=\"https:\/\/www.wcb.mb.ca\/uploads\/2025\/07\/0584.pdf\" target=\"_blank\"><span >Guide pour cr\u00e9er un plan de pr\u00e9vention des maladies transmissibles<\/span><\/a><\/div><div class=\"c-linkList__item\"><a class=\"c-linkList__itemBtn g-btn__arrow--fullWidth\" href=\"https:\/\/www.wcb.mb.ca\/uploads\/2025\/07\/0609.pdf\" target=\"_blank\"><span >Guide sur l\u2019\u00e9laboration d\u2019un programme de s\u00e9curit\u00e9 et de sant\u00e9 au travail<\/span><\/a><\/div><div class=\"c-linkList__item\"><a class=\"c-linkList__itemBtn g-btn__arrow--fullWidth\" href=\"https:\/\/www.wcb.mb.ca\/uploads\/2025\/07\/0607.pdf\" target=\"_blank\"><span >Guide sur les travaux d\u2019excavation<\/span><\/a><\/div><div class=\"c-linkList__item\"><a class=\"c-linkList__itemBtn g-btn__arrow--fullWidth\" href=\"https:\/\/www.wcb.mb.ca\/uploads\/2025\/07\/0596.pdf\" target=\"_blank\"><span >Guide sur la protection contre les chutes<\/span><\/a><\/div><div class=\"c-linkList__item\"><a class=\"c-linkList__itemBtn g-btn__arrow--fullWidth\" href=\"https:\/\/www.wcb.mb.ca\/uploads\/2025\/07\/0585.pdf\" target=\"_blank\"><span >Guide pour les membres du conseil d\u2019administration<\/span><\/a><\/div><div class=\"c-linkList__item\"><a class=\"c-linkList__itemBtn g-btn__arrow--fullWidth\" href=\"https:\/\/www.wcb.mb.ca\/uploads\/2025\/07\/0592.pdf\" target=\"_blank\"><span >Protection de l\u2019ou\u00efe et lutte contre le bruit<\/span><\/a><\/div><div class=\"c-linkList__item\"><a class=\"c-linkList__itemBtn g-btn__arrow--fullWidth\" href=\"https:\/\/www.wcb.mb.ca\/uploads\/2025\/07\/0578.pdf\" target=\"_blank\"><span >Embauche d\u2019un conseiller en sant\u00e9 et s\u00e9curit\u00e9 au travail<\/span><\/a><\/div><div class=\"c-linkList__item\"><a class=\"c-linkList__itemBtn g-btn__arrow--fullWidth\" href=\"https:\/\/www.wcb.mb.ca\/uploads\/2025\/07\/0583.pdf\" target=\"_blank\"><span >Directives sur les \u00e9tag\u00e8res de stockage industrielles en acier<\/span><\/a><\/div><div class=\"c-linkList__item\"><a class=\"c-linkList__itemBtn g-btn__arrow--fullWidth\" href=\"https:\/\/www.wcb.mb.ca\/uploads\/2025\/07\/0597.pdf\" target=\"_blank\"><span >Enqu\u00eate sur les incidents en milieu de travail<\/span><\/a><\/div><div class=\"c-linkList__item\"><a class=\"c-linkList__itemBtn g-btn__arrow--fullWidth\" href=\"https:\/\/www.wcb.mb.ca\/uploads\/2025\/07\/0591.pdf\" target=\"_blank\"><span >Investigation, \u00e9valuation et assainissement de la moisissure dans les milieux de travail<\/span><\/a><\/div><div class=\"c-linkList__item\"><a class=\"c-linkList__itemBtn g-btn__arrow--fullWidth\" href=\"https:\/\/www.wcb.mb.ca\/uploads\/2025\/07\/0604.pdf\" target=\"_blank\"><span >Guide Initiation et formation des nouveaux travailleurs<\/span><\/a><\/div><div class=\"c-linkList__item\"><a class=\"c-linkList__itemBtn g-btn__arrow--fullWidth\" href=\"https:\/\/www.wcb.mb.ca\/uploads\/2025\/07\/0588.pdf\" target=\"_blank\"><span >Guide sur la pr\u00e9vention des BMS pour les employeurs et les comit\u00e9s mixtes<\/span><\/a><\/div><div class=\"c-linkList__item\"><a class=\"c-linkList__itemBtn g-btn__arrow--fullWidth\" href=\"https:\/\/www.wcb.mb.ca\/uploads\/2025\/07\/0603.pdf\" target=\"_blank\"><span >Directives de pr\u00e9vention des blessures musculosquelettiques<\/span><\/a><\/div><div class=\"c-linkList__item\"><a class=\"c-linkList__itemBtn g-btn__arrow--fullWidth\" href=\"https:\/\/www.wcb.mb.ca\/uploads\/2025\/07\/0602.pdf\" target=\"_blank\"><span >Pr\u00e9vention de la violence en milieu de travail<\/span><\/a><\/div><div class=\"c-linkList__item\"><a class=\"c-linkList__itemBtn g-btn__arrow--fullWidth\" href=\"https:\/\/www.wcb.mb.ca\/uploads\/2025\/07\/0601.pdf\" target=\"_blank\"><span >Pr\u00e9vention du harc\u00e8lement en milieu de travail<\/span><\/a><\/div><div class=\"c-linkList__item\"><a class=\"c-linkList__itemBtn g-btn__arrow--fullWidth\" href=\"https:\/\/www.wcb.mb.ca\/uploads\/2025\/07\/0582.pdf\" target=\"_blank\"><span >Guide de s\u00fbret\u00e9 et de s\u00e9curit\u00e9 dans le commerce de d\u00e9tail<\/span><\/a><\/div><div class=\"c-linkList__item\"><a class=\"c-linkList__itemBtn g-btn__arrow--fullWidth\" href=\"https:\/\/www.wcb.mb.ca\/uploads\/2025\/07\/0600.pdf\" target=\"_blank\"><span >Lignes directrices sur l\u2019utilisation de dispositifs de protection de la machinerie et de l\u2019\u00e9quipement<\/span><\/a><\/div><div class=\"c-linkList__item\"><a class=\"c-linkList__itemBtn g-btn__arrow--fullWidth\" href=\"https:\/\/www.wcb.mb.ca\/uploads\/2025\/07\/0580.pdf\" target=\"_blank\"><span >Guide de s\u00e9curit\u00e9 et de sant\u00e9 pour les fermes du Manitoba<\/span><\/a><\/div><div class=\"c-linkList__item\"><a class=\"c-linkList__itemBtn g-btn__arrow--fullWidth\" href=\"https:\/\/www.wcb.mb.ca\/uploads\/2025\/07\/0579.pdf\" target=\"_blank\"><span >Guide de sant\u00e9 et de s\u00e9curit\u00e9 \u00e0 l\u2019intention des nouveaux travailleurs du commerce de d\u00e9tail<\/span><\/a><\/div><div class=\"c-linkList__item\"><a class=\"c-linkList__itemBtn g-btn__arrow--fullWidth\" href=\"https:\/\/www.wcb.mb.ca\/uploads\/2025\/07\/0599.pdf\" target=\"_blank\"><span >Guide de sant\u00e9 et de s\u00e9curit\u00e9 \u00e0 l\u2019intention des petites entreprises<\/span><\/a><\/div><div class=\"c-linkList__item\"><a class=\"c-linkList__itemBtn g-btn__arrow--fullWidth\" href=\"https:\/\/www.wcb.mb.ca\/uploads\/2025\/07\/0606.pdf\" target=\"_blank\"><span >Guide sur les \u00e9chafauds et plateformes de travail \u00e9lev\u00e9es<\/span><\/a><\/div><div class=\"c-linkList__item\"><a class=\"c-linkList__itemBtn g-btn__arrow--fullWidth\" href=\"https:\/\/www.wcb.mb.ca\/uploads\/2025\/07\/0598.pdf\" target=\"_blank\"><span >\u00c9tablissement d\u2019un comit\u00e9 de la s\u00e9curit\u00e9 et de la sant\u00e9 au travail (ou d\u00e9signation d\u2019un d\u00e9l\u00e9gu\u00e9)<\/span><\/a><\/div><div class=\"c-linkList__item\"><a class=\"c-linkList__itemBtn g-btn__arrow--fullWidth\" href=\"https:\/\/www.wcb.mb.ca\/uploads\/2025\/12\/0893.pdf\" target=\"_blank\"><span >Guide sur la contrainte thermique<\/span><\/a><\/div><div class=\"c-linkList__item\"><a class=\"c-linkList__itemBtn g-btn__arrow--fullWidth\" href=\"https:\/\/www.wcb.mb.ca\/uploads\/2025\/07\/0587.pdf\" target=\"_blank\"><span >Comprendre les risques de blessures musculosquelettiques<\/span><\/a><\/div><div class=\"c-linkList__item\"><a class=\"c-linkList__itemBtn g-btn__arrow--fullWidth\" href=\"https:\/\/www.wcb.mb.ca\/uploads\/2025\/07\/0581.pdf\" target=\"_blank\"><span >Guide sur la soudure<\/span><\/a><\/div><div class=\"c-linkList__item\"><a class=\"c-linkList__itemBtn g-btn__arrow--fullWidth\" href=\"https:\/\/www.wcb.mb.ca\/uploads\/2025\/07\/0589.pdf\" target=\"_blank\"><span >SIMDUT 2015\u00a0: Information \u00e0 l\u2019intention des travailleurs<\/span><\/a><\/div><div class=\"c-linkList__item\"><a class=\"c-linkList__itemBtn g-btn__arrow--fullWidth\" href=\"https:\/\/www.wcb.mb.ca\/uploads\/2025\/07\/0590.pdf\" target=\"_blank\"><span >SIMDUT 2015\u00a0: Information \u00e0 l\u2019intention des employeurs<\/span><\/a><\/div><\/div><\/div>\t\t\t\t<\/div>\n\t\t\t\t<\/div>\n\t\t\t\t\t<\/div>\n\t\t\t\t<\/div>\n\t\t<div class=\"elementor-element elementor-element-a2404c9 e-flex e-con-boxed e-con e-parent\" data-id=\"a2404c9\" data-element_type=\"container\" data-e-type=\"container\">\n\t\t\t\t\t<div class=\"e-con-inner\">\n\t\t\t\t<div class=\"elementor-element elementor-element-e7491d5 elementor-widget__width-initial elementor-widget elementor-widget-text-editor\" data-id=\"e7491d5\" data-element_type=\"widget\" data-e-type=\"widget\" data-widget_type=\"text-editor.default\">\n\t\t\t\t<div class=\"elementor-widget-container\">\n\t\t\t\t\t\t\t\t\t<p><em>Pour obtenir des ressources de SAIN et SAUF au travail Manitoba en format PDF, pri\u00e8re de communiquer avec nous par notre <a href=\"https:\/\/www.wcb.mb.ca\/fr\/coordonnees\/\">formulaire de contact<\/a>, par clavardage en direct ou par t\u00e9l\u00e9phone au 204-957-SAFE (7223).<\/em><\/p>\n\t\t\t\t\t\t\t\t<\/div>\n\t\t\t\t<\/div>\n\t\t\t\t\t<\/div>\n\t\t\t\t<\/div>\n\t\t\t\t<\/div>\n\t\t","protected":false},"excerpt":{"rendered":"<p>Un guide de sant\u00e9 et de s\u00e9curit\u00e9 consiste en une ressource de conseils pour aider les travailleurs, les employeurs et les professionnels de la s\u00e9curit\u00e9 \u00e0 comprendre les lois et r\u00e8glements en mati\u00e8re de s\u00e9curit\u00e9 du Manitoba en vertu de la Loi sur la s\u00e9curit\u00e9 et l\u2019hygi\u00e8ne du travail (Loi SHT) et \u00e0 contribuer \u00e0 [&hellip;]<\/p>\n","protected":false},"author":16,"featured_media":0,"parent":21786,"menu_order":0,"comment_status":"closed","ping_status":"closed","template":"","meta":{"_acf_changed":false,"footnotes":""},"tags":[],"class_list":["post-20035","page","type-page","status-publish","hentry"],"acf":[],"_links":{"self":[{"href":"https:\/\/www.wcb.mb.ca\/fr\/wp-json\/wp\/v2\/pages\/20035","targetHints":{"allow":["GET"]}}],"collection":[{"href":"https:\/\/www.wcb.mb.ca\/fr\/wp-json\/wp\/v2\/pages"}],"about":[{"href":"https:\/\/www.wcb.mb.ca\/fr\/wp-json\/wp\/v2\/types\/page"}],"author":[{"embeddable":true,"href":"https:\/\/www.wcb.mb.ca\/fr\/wp-json\/wp\/v2\/users\/16"}],"replies":[{"embeddable":true,"href":"https:\/\/www.wcb.mb.ca\/fr\/wp-json\/wp\/v2\/comments?post=20035"}],"version-history":[{"count":7,"href":"https:\/\/www.wcb.mb.ca\/fr\/wp-json\/wp\/v2\/pages\/20035\/revisions"}],"predecessor-version":[{"id":23226,"href":"https:\/\/www.wcb.mb.ca\/fr\/wp-json\/wp\/v2\/pages\/20035\/revisions\/23226"}],"up":[{"embeddable":true,"href":"https:\/\/www.wcb.mb.ca\/fr\/wp-json\/wp\/v2\/pages\/21786"}],"wp:attachment":[{"href":"https:\/\/www.wcb.mb.ca\/fr\/wp-json\/wp\/v2\/media?parent=20035"}],"wp:term":[{"taxonomy":"post_tag","embeddable":true,"href":"https:\/\/www.wcb.mb.ca\/fr\/wp-json\/wp\/v2\/tags?post=20035"}],"curies":[{"name":"wp","href":"https:\/\/api.w.org\/{rel}","templated":true}]}}