{"id":20033,"date":"2025-04-14T09:47:07","date_gmt":"2025-04-14T13:47:07","guid":{"rendered":"https:\/\/www.wcb.mb.ca\/?page_id=20033"},"modified":"2026-01-10T11:21:33","modified_gmt":"2026-01-10T16:21:33","slug":"signaler-les-accidents-graves","status":"publish","type":"page","link":"https:\/\/www.wcb.mb.ca\/fr\/sain-et-sauf-au-travail-manitoba\/droits-et-responsabilites-en-matiere-de-securite\/signaler-les-accidents-graves\/","title":{"rendered":"Signaler les accidents graves"},"content":{"rendered":"\t\t<div data-elementor-type=\"wp-page\" data-elementor-id=\"20033\" class=\"elementor elementor-20033 elementor-12958\" data-elementor-post-type=\"page\">\n\t\t\t\t<div class=\"elementor-element elementor-element-7457c18 e-flex e-con-boxed e-con e-parent\" data-id=\"7457c18\" data-element_type=\"container\" data-e-type=\"container\">\n\t\t\t\t\t<div class=\"e-con-inner\">\n\t\t\t\t<div class=\"elementor-element elementor-element-a97a56a elementor-widget elementor-widget-st-header-image\" data-id=\"a97a56a\" data-element_type=\"widget\" data-e-type=\"widget\" data-widget_type=\"st-header-image.default\">\n\t\t\t\t<div class=\"elementor-widget-container\">\n\t\t\t\t\t<div class=\"c-headerImage g-layout__padding c-headerImage--noImage\"><div class=\"c-headerImage__container g-layout__maxWidth\"><div class=\"c-headerImage__content\"><div ><h1>Signaler les accidents graves<\/h1><\/div><\/div><\/div><\/div>\t\t\t\t<\/div>\n\t\t\t\t<\/div>\n\t\t\t\t\t<\/div>\n\t\t\t\t<\/div>\n\t\t<div class=\"elementor-element elementor-element-fb08e7d e-grid e-con-boxed e-con e-parent\" data-id=\"fb08e7d\" data-element_type=\"container\" data-e-type=\"container\">\n\t\t\t\t\t<div class=\"e-con-inner\">\n\t\t<div class=\"elementor-element elementor-element-18074c7b e-con-full e-flex e-con e-child\" data-id=\"18074c7b\" data-element_type=\"container\" data-e-type=\"container\">\n\t\t\t\t<div class=\"elementor-element elementor-element-61451dc6 elementor-widget elementor-widget-text-editor\" data-id=\"61451dc6\" data-element_type=\"widget\" data-e-type=\"widget\" data-widget_type=\"text-editor.default\">\n\t\t\t\t<div class=\"elementor-widget-container\">\n\t\t\t\t\t\t\t\t\t<p>Lorsqu\u2019un accident grave survient sur un lieu de travail, l\u2019employeur doit aviser imm\u00e9diatement la <a href=\"https:\/\/www.gov.mb.ca\/labour\/safety\/index.html\" target=\"_blank\" rel=\"noopener\">Division de la s\u00e9curit\u00e9 et de l\u2019hygi\u00e8ne du travail<\/a> par le moyen de communication le plus rapide disponible.<\/p>\n\t\t\t\t\t\t\t\t<\/div>\n\t\t\t\t<\/div>\n\t\t\t\t<div class=\"elementor-element elementor-element-61f9fa1 elementor-widget elementor-widget-text-editor\" data-id=\"61f9fa1\" data-element_type=\"widget\" data-e-type=\"widget\" data-widget_type=\"text-editor.default\">\n\t\t\t\t<div class=\"elementor-widget-container\">\n\t\t\t\t\t\t\t\t\t<h2>Comment signaler un accident grave<\/h2>\n<p>Communiquez avec la <a href=\"https:\/\/www.gov.mb.ca\/labour\/safety\/index.html\" target=\"_blank\" rel=\"noopener\">Division de la s\u00e9curit\u00e9 et de l\u2019hygi\u00e8ne du travail<\/a>\u00a0:&nbsp;<\/p>\n<p style=\"padding-left: 40px;\">Winnipeg\u00a0: 204-957-SAFE (7233)&nbsp;<\/p>\n<p style=\"padding-left: 40px;\">Num\u00e9ro sans frais\u00a0: 1-855-957-SAFE (7233)&nbsp;<\/p>\n<p>En cas d\u2019urgence, composez toujours imm\u00e9diatement le 911.&nbsp;<\/p>\n\t\t\t\t\t\t\t\t<\/div>\n\t\t\t\t<\/div>\n\t\t\t\t<div class=\"elementor-element elementor-element-6b11eb8 elementor-widget elementor-widget-text-editor\" data-id=\"6b11eb8\" data-element_type=\"widget\" data-e-type=\"widget\" data-widget_type=\"text-editor.default\">\n\t\t\t\t<div class=\"elementor-widget-container\">\n\t\t\t\t\t\t\t\t\t<h2>En quoi consiste un accident grave?<\/h2>\n<p>Un accident grave est un accident\u00a0:<\/p>\n<ul>\n<li>o\u00f9 un travailleur est tu\u00e9;\u00a0<\/li>\n<li>o\u00f9 un travailleur subit\u00a0:\u00a0\n<ul>\n<li>une blessure occasionn\u00e9e par un contact \u00e9lectrique;\u00a0<\/li>\n<li>une perte de conscience en raison d\u2019une commotion c\u00e9r\u00e9brale;\u00a0<\/li>\n<li>une fracture du cr\u00e2ne, de la colonne vert\u00e9brale, du pelvis, d\u2019un bras, d\u2019une jambe, d\u2019une main ou d\u2019un pied;\u00a0<\/li>\n<li>une amputation d\u2019un bras, d\u2019une jambe, d\u2019une main, d\u2019un pied, d\u2019un doigt ou d\u2019un orteil;\u00a0<\/li>\n<li>des br\u00fblures de troisi\u00e8me degr\u00e9;\u00a0<\/li>\n<li>une perte de la vue permanente ou temporaire;\u00a0<\/li>\n<li>une coupure ou une lac\u00e9ration qui n\u00e9cessite un traitement m\u00e9dical \u00e0 l\u2019h\u00f4pital (conform\u00e9ment \u00e0 la d\u00e9finition dans la Loi sur l\u2019assurance-maladie);\u00a0<\/li>\n<li>de l\u2019asphyxie ou un empoisonnement;\u00a0<\/li>\n<\/ul>\n<\/li>\n<li>qui implique\u00a0:\u00a0\n<ul>\n<li>l\u2019effondrement ou une d\u00e9faillance structurelle d\u2019un b\u00e2timent, d\u2019une structure, d\u2019une grue, d\u2019un appareil de levage, d\u2019un monte-charge, d\u2019un syst\u00e8me de support temporaire ou d\u2019un d\u00e9blai;\u00a0<\/li>\n<li>une explosion, un incendie, une inondation ou un d\u00e9versement ou fuite non contr\u00f4l\u00e9 d\u2019une substance dangereuse;\u00a0<\/li>\n<li>la d\u00e9faillance d\u2019un appareil de protection respiratoire \u00e0 adduction d\u2019air.<\/li>\n<\/ul>\n<\/li>\n<\/ul>\n\t\t\t\t\t\t\t\t<\/div>\n\t\t\t\t<\/div>\n\t\t\t\t<div class=\"elementor-element elementor-element-35cc9f6 elementor-widget elementor-widget-text-editor\" data-id=\"35cc9f6\" data-element_type=\"widget\" data-e-type=\"widget\" data-widget_type=\"text-editor.default\">\n\t\t\t\t<div class=\"elementor-widget-container\">\n\t\t\t\t\t\t\t\t\t<h2>Renseignements \u00e0 inclure dans le signalement<\/h2>\n<p>Lors du signalement d\u2019un accident, il faut fournir les renseignements suivants\u00a0:<\/p>\n<ul>\n<li>le nom et l\u2019adresse de chaque personne impliqu\u00e9e dans l\u2019accident;&nbsp;<\/li>\n<li>le nom et l\u2019adresse de l\u2019employeur et de tout autre employeur impliqu\u00e9;&nbsp;<\/li>\n<li>le nom et l\u2019adresse de chaque personne t\u00e9moin de l\u2019accident;&nbsp;<\/li>\n<li>la date, l\u2019heure et le lieu de l\u2019accident;&nbsp;<\/li>\n<li>la cause apparente de l\u2019accident et les circonstances qui ont donn\u00e9 lieu \u00e0 celui-ci.&nbsp;<\/li>\n<\/ul>\n<p>Si vous d\u00e9couvrez que l\u2019un ou l\u2019autre des renseignements ci-dessus inclus \u00e0 votre signalement est incorrect ou incomplet, vous devez communiquer imm\u00e9diatement avec la Division de la s\u00e9curit\u00e9 et de l\u2019hygi\u00e8ne du travail afin de corriger l\u2019information.<\/p>\n\t\t\t\t\t\t\t\t<\/div>\n\t\t\t\t<\/div>\n\t\t\t\t<div class=\"elementor-element elementor-element-c5c5331 elementor-widget elementor-widget-text-editor\" data-id=\"c5c5331\" data-element_type=\"widget\" data-e-type=\"widget\" data-widget_type=\"text-editor.default\">\n\t\t\t\t<div class=\"elementor-widget-container\">\n\t\t\t\t\t\t\t\t\t<h2>Rien ne doit \u00eatre d\u00e9plac\u00e9 sur les lieux de l\u2019accident<\/h2>\n<p>Les lieux de l\u2019accident doivent \u00eatre conserv\u00e9s tels quels au moins 24\u00a0heures apr\u00e8s que l\u2019on ait avis\u00e9 la succursale de S\u00e9curit\u00e9 et hygi\u00e8ne du travail. Aucun \u00e9quipement ou mat\u00e9riel impliqu\u00e9 dans un accident ne peut \u00eatre alt\u00e9r\u00e9 ou d\u00e9plac\u00e9 \u00e0 moins que cela ne s\u2019av\u00e8re n\u00e9cessaire pour lib\u00e9rer une personne bless\u00e9e ou coinc\u00e9e ou pour \u00e9viter de g\u00e9n\u00e9rer des risques additionnels.<\/p>\n\t\t\t\t\t\t\t\t<\/div>\n\t\t\t\t<\/div>\n\t\t\t\t<\/div>\n\t\t<div class=\"elementor-element elementor-element-103fb622 e-con-full e-flex e-con e-child\" data-id=\"103fb622\" data-element_type=\"container\" data-e-type=\"container\" data-settings=\"{&quot;background_background&quot;:&quot;classic&quot;}\">\n\t\t\t\t<div class=\"elementor-element elementor-element-a35443e elementor-widget elementor-widget-st-link-list\" data-id=\"a35443e\" data-element_type=\"widget\" data-e-type=\"widget\" data-widget_type=\"st-link-list.default\">\n\t\t\t\t<div class=\"elementor-widget-container\">\n\t\t\t\t\t<div class=\"c-linkList c-linkList--default c-linkList--default\"><h2 class=\"c-linkList__title\"><span >Liens connexes<\/span><\/h2><div class=\"c-linkList__list\"><\/div><\/div>\t\t\t\t<\/div>\n\t\t\t\t<\/div>\n\t\t\t\t<div class=\"elementor-element elementor-element-62492b84 elementor-widget elementor-widget-st-cats\" data-id=\"62492b84\" data-element_type=\"widget\" data-e-type=\"widget\" data-widget_type=\"st-cats.default\">\n\t\t\t\t<div class=\"elementor-widget-container\">\n\t\t\t\t\t<div class=\"c-ctaList\"><\/div>\t\t\t\t<\/div>\n\t\t\t\t<\/div>\n\t\t\t\t<\/div>\n\t\t\t\t\t<\/div>\n\t\t\t\t<\/div>\n\t\t\t\t<\/div>\n\t\t","protected":false},"excerpt":{"rendered":"<p>Lorsqu\u2019un accident grave survient sur un lieu de travail, l\u2019employeur doit aviser imm\u00e9diatement la Division de la s\u00e9curit\u00e9 et de l\u2019hygi\u00e8ne du travail par le moyen de communication le plus rapide disponible. Comment signaler un accident grave Communiquez avec la Division de la s\u00e9curit\u00e9 et de l\u2019hygi\u00e8ne du travail\u00a0:&nbsp; Winnipeg\u00a0: 204-957-SAFE (7233)&nbsp; Num\u00e9ro sans frais\u00a0: [&hellip;]<\/p>\n","protected":false},"author":1,"featured_media":0,"parent":20029,"menu_order":0,"comment_status":"closed","ping_status":"closed","template":"","meta":{"_acf_changed":false,"footnotes":""},"tags":[],"class_list":["post-20033","page","type-page","status-publish","hentry"],"acf":[],"_links":{"self":[{"href":"https:\/\/www.wcb.mb.ca\/fr\/wp-json\/wp\/v2\/pages\/20033","targetHints":{"allow":["GET"]}}],"collection":[{"href":"https:\/\/www.wcb.mb.ca\/fr\/wp-json\/wp\/v2\/pages"}],"about":[{"href":"https:\/\/www.wcb.mb.ca\/fr\/wp-json\/wp\/v2\/types\/page"}],"author":[{"embeddable":true,"href":"https:\/\/www.wcb.mb.ca\/fr\/wp-json\/wp\/v2\/users\/1"}],"replies":[{"embeddable":true,"href":"https:\/\/www.wcb.mb.ca\/fr\/wp-json\/wp\/v2\/comments?post=20033"}],"version-history":[{"count":3,"href":"https:\/\/www.wcb.mb.ca\/fr\/wp-json\/wp\/v2\/pages\/20033\/revisions"}],"predecessor-version":[{"id":20128,"href":"https:\/\/www.wcb.mb.ca\/fr\/wp-json\/wp\/v2\/pages\/20033\/revisions\/20128"}],"up":[{"embeddable":true,"href":"https:\/\/www.wcb.mb.ca\/fr\/wp-json\/wp\/v2\/pages\/20029"}],"wp:attachment":[{"href":"https:\/\/www.wcb.mb.ca\/fr\/wp-json\/wp\/v2\/media?parent=20033"}],"wp:term":[{"taxonomy":"post_tag","embeddable":true,"href":"https:\/\/www.wcb.mb.ca\/fr\/wp-json\/wp\/v2\/tags?post=20033"}],"curies":[{"name":"wp","href":"https:\/\/api.w.org\/{rel}","templated":true}]}}