{"id":19878,"date":"2025-01-06T16:31:41","date_gmt":"2025-01-06T21:31:41","guid":{"rendered":"https:\/\/www.wcb.mb.ca\/?page_id=19878"},"modified":"2026-01-15T11:14:58","modified_gmt":"2026-01-15T16:14:58","slug":"formulaires-pour-employeurs","status":"publish","type":"page","link":"https:\/\/www.wcb.mb.ca\/fr\/employeurs\/formulaires-pour-employeurs\/","title":{"rendered":"Formulaires pour employeurs"},"content":{"rendered":"\t\t<div data-elementor-type=\"wp-page\" data-elementor-id=\"19878\" class=\"elementor elementor-19878 elementor-4818\" data-elementor-post-type=\"page\">\n\t\t\t\t<div class=\"elementor-element elementor-element-83b1801 e-flex e-con-boxed e-con e-parent\" data-id=\"83b1801\" data-element_type=\"container\" data-e-type=\"container\">\n\t\t\t\t\t<div class=\"e-con-inner\">\n\t\t\t\t<div class=\"elementor-element elementor-element-5643c0b elementor-widget elementor-widget-st-header-image\" data-id=\"5643c0b\" data-element_type=\"widget\" data-e-type=\"widget\" data-widget_type=\"st-header-image.default\">\n\t\t\t\t<div class=\"elementor-widget-container\">\n\t\t\t\t\t<div class=\"c-headerImage g-layout__padding c-headerImage--noImage\"><div class=\"c-headerImage__container g-layout__maxWidth\"><div class=\"c-headerImage__content\"><div ><h1>Formulaires pour employeurs<\/h1><\/div><\/div><\/div><\/div>\t\t\t\t<\/div>\n\t\t\t\t<\/div>\n\t\t\t\t\t<\/div>\n\t\t\t\t<\/div>\n\t\t<div class=\"elementor-element elementor-element-111c495c e-flex e-con-boxed e-con e-parent\" data-id=\"111c495c\" data-element_type=\"container\" data-e-type=\"container\">\n\t\t\t\t\t<div class=\"e-con-inner\">\n\t\t<div class=\"elementor-element elementor-element-3d6f46ff e-con-full e-flex e-con e-child\" data-id=\"3d6f46ff\" data-element_type=\"container\" data-e-type=\"container\">\n\t\t\t\t<div class=\"elementor-element elementor-element-14569bf elementor-widget__width-initial elementor-widget elementor-widget-text-editor\" data-id=\"14569bf\" data-element_type=\"widget\" data-e-type=\"widget\" data-widget_type=\"text-editor.default\">\n\t\t\t\t<div class=\"elementor-widget-container\">\n\t\t\t\t\t\t\t\t\t<p>Merci d\u2019utiliser le format \u00e9lectronique du rapport d\u2019incident de la WCB.<\/p>\n<p>Cette page contient tous les formulaires de rapports d\u2019incident des travailleurs en format PDF. Pour afficher ou imprimer un formulaire vierge, vous devez poss\u00e9der la version 3 ou une version plus r\u00e9cente d\u2019Adobe Acrobat Reader. Si vous souhaitez remplir le formulaire en ligne, vous devez poss\u00e9der la version 4.0 ou une version plus r\u00e9cente d\u2019Adobe Acrobat Reader.<\/p>\n<p><strong>Renseignements importants\u00a0: Vous ne pouvez pas soumettre les formulaires directement sur cette page.\u202f<\/strong><\/p>\n<p>Apr\u00e8s avoir rempli le formulaire \u00e0 l\u2019\u00e9cran, le cas \u00e9ch\u00e9ant, vous devez l\u2019imprimer et le t\u00e9l\u00e9copier au 204-954-4999 ou sans frais au 1-877-872-3804.<\/p>\n\t\t\t\t\t\t\t\t<\/div>\n\t\t\t\t<\/div>\n\t\t\t\t<div class=\"elementor-element elementor-element-6ca8102 elementor-widget elementor-widget-st-download-list\" data-id=\"6ca8102\" data-element_type=\"widget\" data-e-type=\"widget\" data-widget_type=\"st-download-list.default\">\n\t\t\t\t<div class=\"elementor-widget-container\">\n\t\t\t\t\t<div class=\"c-downloadList c-downloadList--list\"><div class=\"c-downloadList__list\"><div class=\"c-downloadList__itemWrap\"><a class=\"c-downloadList__item\" href=\"https:\/\/www.wcb.mb.ca\/uploads\/2025\/05\/0541.pdf\" target=\"_blank\"><div class=\"c-downloadList__itemText\"><span >Formulaire de d\u00e9p\u00f4t direct pour employeurs<\/span><div class=\"c-downloadList__itemDescription\"><span ><\/span><\/div><\/div><span class=\"c-downloadList__itemBtn\"><span class=\"g-icon--download\"><\/span> T\u00e9l\u00e9charger<\/span><\/a><\/div><div class=\"c-downloadList__itemWrap\"><a class=\"c-downloadList__item\" href=\"https:\/\/www.wcb.mb.ca\/uploads\/2026\/01\/0420.pdf\" target=\"_blank\"><div class=\"c-downloadList__itemText\"><span >Rapport de l\u2019employeur au sujet d\u2019un incident (fran\u00e7ais)<\/span><div class=\"c-downloadList__itemDescription\"><span ><\/span><\/div><\/div><span class=\"c-downloadList__itemBtn\"><span class=\"g-icon--download\"><\/span> T\u00e9l\u00e9charger<\/span><\/a><\/div><div class=\"c-downloadList__itemWrap\"><a class=\"c-downloadList__item\" href=\"https:\/\/www.wcb.mb.ca\/uploads\/2025\/01\/0113.pdf\" target=\"_blank\"><div class=\"c-downloadList__itemText\"><span >Rapport de l\u2019employeur au sujet d\u2019une perte auditive<\/span><div class=\"c-downloadList__itemDescription\"><span ><\/span><\/div><\/div><span class=\"c-downloadList__itemBtn\"><span class=\"g-icon--download\"><\/span> T\u00e9l\u00e9charger<\/span><\/a><\/div><div class=\"c-downloadList__itemWrap\"><a class=\"c-downloadList__item\" href=\"https:\/\/www.wcb.mb.ca\/uploads\/2025\/01\/0112.pdf\" target=\"_blank\"><div class=\"c-downloadList__itemText\"><span >D\u00e9claration de blessure \u00e0 l\u2019employeur (aussi appel\u00e9e \u00ab\u00a0carte verte\u00a0\u00bb)<\/span><div class=\"c-downloadList__itemDescription\"><span ><\/span><\/div><\/div><span class=\"c-downloadList__itemBtn\"><span class=\"g-icon--download\"><\/span> T\u00e9l\u00e9charger<\/span><\/a><\/div><div class=\"c-downloadList__itemWrap\"><a class=\"c-downloadList__item\" href=\"https:\/\/www.wcb.mb.ca\/uploads\/2025\/01\/0114.pdf\" target=\"_blank\"><div class=\"c-downloadList__itemText\"><span >Formulaire de demande de r\u00e9vision (pour employeurs)<\/span><div class=\"c-downloadList__itemDescription\"><span ><\/span><\/div><\/div><span class=\"c-downloadList__itemBtn\"><span class=\"g-icon--download\"><\/span> T\u00e9l\u00e9charger<\/span><\/a><\/div><div class=\"c-downloadList__itemWrap\"><a class=\"c-downloadList__item\" href=\"https:\/\/www.wcb.mb.ca\/uploads\/2025\/01\/0115.pdf\" target=\"_blank\"><div class=\"c-downloadList__itemText\"><span >Liste de sous-traitants<\/span><div class=\"c-downloadList__itemDescription\"><span ><\/span><\/div><\/div><span class=\"c-downloadList__itemBtn\"><span class=\"g-icon--download\"><\/span> T\u00e9l\u00e9charger<\/span><\/a><\/div><\/div><\/div>\t\t\t\t<\/div>\n\t\t\t\t<\/div>\n\t\t\t\t<\/div>\n\t\t<div class=\"elementor-element elementor-element-5e30a997 e-con-full e-flex e-con e-child\" data-id=\"5e30a997\" data-element_type=\"container\" data-e-type=\"container\" data-settings=\"{&quot;background_background&quot;:&quot;classic&quot;}\">\n\t\t\t\t<div class=\"elementor-element elementor-element-6d41f09b elementor-widget elementor-widget-st-link-list\" data-id=\"6d41f09b\" data-element_type=\"widget\" data-e-type=\"widget\" data-widget_type=\"st-link-list.default\">\n\t\t\t\t<div class=\"elementor-widget-container\">\n\t\t\t\t\t<div class=\"c-linkList c-linkList--default c-linkList--default\"><h2 class=\"c-linkList__title\"><span >Liens connexes<\/span><\/h2><div class=\"c-linkList__list\"><\/div><\/div>\t\t\t\t<\/div>\n\t\t\t\t<\/div>\n\t\t\t\t<div class=\"elementor-element elementor-element-3b56bb58 elementor-widget elementor-widget-st-cats\" data-id=\"3b56bb58\" data-element_type=\"widget\" data-e-type=\"widget\" data-widget_type=\"st-cats.default\">\n\t\t\t\t<div class=\"elementor-widget-container\">\n\t\t\t\t\t<div class=\"c-ctaList\"><\/div>\t\t\t\t<\/div>\n\t\t\t\t<\/div>\n\t\t\t\t<\/div>\n\t\t\t\t\t<\/div>\n\t\t\t\t<\/div>\n\t\t\t\t<\/div>\n\t\t","protected":false},"excerpt":{"rendered":"<p>Formulaires pour employeurs Merci d\u2019utiliser le format \u00e9lectronique du rapport d\u2019incident de la WCB. Cette page contient tous les formulaires de rapports d\u2019incident des travailleurs en format PDF. Pour afficher ou imprimer un formulaire vierge, vous devez poss\u00e9der la version 3 ou une version plus r\u00e9cente d\u2019Adobe Acrobat Reader. Si vous souhaitez remplir le formulaire [&hellip;]<\/p>\n","protected":false},"author":1,"featured_media":0,"parent":835,"menu_order":0,"comment_status":"closed","ping_status":"closed","template":"","meta":{"_acf_changed":false,"footnotes":""},"tags":[],"class_list":["post-19878","page","type-page","status-publish","hentry"],"acf":[],"_links":{"self":[{"href":"https:\/\/www.wcb.mb.ca\/fr\/wp-json\/wp\/v2\/pages\/19878","targetHints":{"allow":["GET"]}}],"collection":[{"href":"https:\/\/www.wcb.mb.ca\/fr\/wp-json\/wp\/v2\/pages"}],"about":[{"href":"https:\/\/www.wcb.mb.ca\/fr\/wp-json\/wp\/v2\/types\/page"}],"author":[{"embeddable":true,"href":"https:\/\/www.wcb.mb.ca\/fr\/wp-json\/wp\/v2\/users\/1"}],"replies":[{"embeddable":true,"href":"https:\/\/www.wcb.mb.ca\/fr\/wp-json\/wp\/v2\/comments?post=19878"}],"version-history":[{"count":4,"href":"https:\/\/www.wcb.mb.ca\/fr\/wp-json\/wp\/v2\/pages\/19878\/revisions"}],"predecessor-version":[{"id":22641,"href":"https:\/\/www.wcb.mb.ca\/fr\/wp-json\/wp\/v2\/pages\/19878\/revisions\/22641"}],"up":[{"embeddable":true,"href":"https:\/\/www.wcb.mb.ca\/fr\/wp-json\/wp\/v2\/pages\/835"}],"wp:attachment":[{"href":"https:\/\/www.wcb.mb.ca\/fr\/wp-json\/wp\/v2\/media?parent=19878"}],"wp:term":[{"taxonomy":"post_tag","embeddable":true,"href":"https:\/\/www.wcb.mb.ca\/fr\/wp-json\/wp\/v2\/tags?post=19878"}],"curies":[{"name":"wp","href":"https:\/\/api.w.org\/{rel}","templated":true}]}}