{"id":19871,"date":"2024-12-11T11:54:34","date_gmt":"2024-12-11T16:54:34","guid":{"rendered":"https:\/\/www.wcb.mb.ca\/?page_id=19871"},"modified":"2026-01-15T09:54:33","modified_gmt":"2026-01-15T14:54:33","slug":"declaration-de-la-masse-salariale","status":"publish","type":"page","link":"https:\/\/www.wcb.mb.ca\/fr\/employeurs\/primes-et-masse-salariale\/declaration-de-la-masse-salariale\/","title":{"rendered":"D\u00e9claration de la masse salariale"},"content":{"rendered":"\t\t<div data-elementor-type=\"wp-page\" data-elementor-id=\"19871\" class=\"elementor elementor-19871 elementor-4349\" data-elementor-post-type=\"page\">\n\t\t\t\t<div class=\"elementor-element elementor-element-a3107f7 e-flex e-con-boxed e-con e-parent\" data-id=\"a3107f7\" data-element_type=\"container\" data-e-type=\"container\">\n\t\t\t\t\t<div class=\"e-con-inner\">\n\t\t\t\t<div class=\"elementor-element elementor-element-77412f8 elementor-widget elementor-widget-st-header-image\" data-id=\"77412f8\" data-element_type=\"widget\" data-e-type=\"widget\" data-widget_type=\"st-header-image.default\">\n\t\t\t\t<div class=\"elementor-widget-container\">\n\t\t\t\t\t<div class=\"c-headerImage g-layout__padding c-headerImage--noImage\"><div class=\"c-headerImage__container g-layout__maxWidth\"><div class=\"c-headerImage__content\"><div ><h1>D\u00e9claration de la masse salariale<\/h1><\/div><\/div><\/div><\/div>\t\t\t\t<\/div>\n\t\t\t\t<\/div>\n\t\t\t\t\t<\/div>\n\t\t\t\t<\/div>\n\t\t<div class=\"elementor-element elementor-element-5d59b4d6 e-flex e-con-boxed e-con e-parent\" data-id=\"5d59b4d6\" data-element_type=\"container\" data-e-type=\"container\">\n\t\t\t\t\t<div class=\"e-con-inner\">\n\t\t<div class=\"elementor-element elementor-element-7f40164f e-con-full e-flex e-con e-child\" data-id=\"7f40164f\" data-element_type=\"container\" data-e-type=\"container\">\n\t\t\t\t<div class=\"elementor-element elementor-element-56c57b33 elementor-widget__width-initial elementor-widget elementor-widget-text-editor\" data-id=\"56c57b33\" data-element_type=\"widget\" data-e-type=\"widget\" data-widget_type=\"text-editor.default\">\n\t\t\t\t<div class=\"elementor-widget-container\">\n\t\t\t\t\t\t\t\t\t<p>Il est important de d\u00e9clarer votre masse salariale \u00e0 la WCB, puisque cette donn\u00e9e permet de calculer votre prime de la WCB. Vous devez produire cette d\u00e9claration avant la derni\u00e8re journ\u00e9e de f\u00e9vrier. Les renseignements requis concernant votre masse salariale comprennent la masse salariale actuelle de votre entreprise pour l\u2019ann\u00e9e civile pr\u00e9c\u00e9dente ainsi qu\u2019une estimation pour l\u2019ann\u00e9e en cours.<\/p><p>&nbsp;<\/p><h2>D\u00e9claration en ligne<\/h2><p>Les employeurs peuvent d\u00e9clarer leur masse salariale \u00e0 l\u2019aide du <a href=\"https:\/\/www.securewcb.mb.ca\/annualpayrollreporting\/default.htm\" target=\"_blank\" rel=\"noopener\">syst\u00e8me de d\u00e9claration de la masse salariale en ligne<\/a> de la WCB.<\/p><p>Si vous \u00e9prouvez des difficult\u00e9s \u00e0 d\u00e9clarer votre masse salariale en ligne, communiquez avec notre <a href=\"#contact\">Service des cotisations<\/a>.<\/p><p>&nbsp;<\/p><h2>FlexPay<\/h2><p>FlexPay est un syst\u00e8me am\u00e9lior\u00e9 de d\u00e9claration de la masse salariale et de paiement destin\u00e9 \u00e0 tous les clients. <a href=\"\/fr\/employeurs\/primes-et-masse-salariale\/payer-votre-prime\/#flexpay\">Apprenez-en plus sur FlexPay ici<\/a>.<\/p><p>&nbsp;<\/p><h2>Renseignements requis pour la d\u00e9claration de la masse salariale<\/h2><p>Avant de soumettre votre masse salariale, assurez-vous d\u2019avoir acc\u00e8s aux renseignements suivants\u00a0:<\/p><ul><li>votre code d\u2019acc\u00e8s \u00e0 six chiffres pour la d\u00e9claration de la masse salariale en ligne (ce code figure sur l\u2019avis de d\u00e9claration de la masse salariale annuelle qui vous a \u00e9t\u00e9 envoy\u00e9 par la poste en janvier)<\/li><li>votre num\u00e9ro de compte de la WCB\u00a0<\/li><li>vos T4 Sommaires (case 14)\/T4A de l\u2019ann\u00e9e pr\u00e9c\u00e9dente\u00a0<\/li><li>les montants pay\u00e9s en main-d\u2019\u0153uvre normale, contractuelle ou occasionnelle au cours de l\u2019ann\u00e9e pr\u00e9c\u00e9dente\u00a0<\/li><li>tout dossier que vous devez consulter pour v\u00e9rifier votre masse salariale de l\u2019ann\u00e9e en cours\u00a0<\/li><li>la masse salariale estim\u00e9e pour 2026 devrait \u00eatre bas\u00e9e sur le nouveau plafond de r\u00e9mun\u00e9ration cotisable maximale de 171 500 $ par travailleur\u00a0<\/li><li>les renseignements sur la vente, si vous avez vendu votre entreprise<\/li><li>la date \u00e0 laquelle vous avez cess\u00e9 d\u2019avoir des travailleurs, si vous avez vendu ou ferm\u00e9 votre entreprise<\/li><\/ul><div>\u00a0<\/div><h2>Masse salariale cotisable<\/h2><p style=\"background: white; margin: 7.5pt 0cm 7.5pt 0cm;\"><span style=\"font-family: Montserrat; color: #58595b;\">La masse salariale cotisable repr\u00e9sente le montant de la masse salariale que vous devez d\u00e9clarer \u00e0 la WCB. Ce montant peut diff\u00e9rer de votre masse salariale brute. La masse salariale cotisable comprend les gains de toute personne qui conclut un contrat de service ou d\u2019apprenti avec vous (c.-\u00e0-d., qui travaille pour vous); cependant, vous n\u2019\u00eates pas tenu d\u2019inclure les montants que vous avez vers\u00e9s aux entrepreneurs en mat\u00e9riaux ou en utilisation d\u2019\u00e9quipement. <\/span><\/p><p style=\"background: white; margin: 7.5pt 0cm 7.5pt 0cm;\"><span style=\"font-family: Montserrat; color: #58595b;\">Commencez par les gains indiqu\u00e9s \u00e0 la case 14 du formulaire T4, ajoutez les gains provenant de travail occasionnel et de contrats (la main-d\u2019\u0153uvre uniquement), puis d\u00e9duisez les gains sup\u00e9rieurs \u00e0 la r\u00e9mun\u00e9ration cotisable maximale pour les particuliers, ainsi que les gains des administrateurs de soci\u00e9t\u00e9s, des propri\u00e9taires uniques et des associ\u00e9s dans une soci\u00e9t\u00e9 en nom collectif.\u00a0<\/span><br \/><br \/>Apprenez-en plus en consultant la <a href=\"https:\/\/www.wcb.mb.ca\/assessable-payroll-fact-sheet\/\" target=\"_blank\" rel=\"noopener\">fiche de renseignements sur la masse salariale cotisable<\/a>.<br \/><br \/>\u00a0<\/p><h2>D\u00e9claration de la masse salariale des entrepreneurs\u00a0<\/h2><p style=\"background: white; margin: 7.5pt 0cm 7.5pt 0cm;\"><br \/>Avant de retenir les services de travailleurs contractuels, vous devriez utiliser le <a href=\"\/fr\/employeurs\/attestations\/\">syst\u00e8me de demande d\u2019autorisation<\/a> pour v\u00e9rifier s\u2019ils sont inscrits aupr\u00e8s de la WCB et si leurs dossiers sont en r\u00e8gle. Si l\u2019entrepreneur ne se trouve pas dans le syst\u00e8me d\u2019autorisation ou s\u2019il n\u2019est pas en r\u00e8gle, communiquez avec le Service des cotisations pour que nous d\u00e9terminions s\u2019il est consid\u00e9r\u00e9 comme votre travailleur ou non.<br \/><br \/>La WCB n\u2019exige en prime que la part du contrat relative \u00e0 la main-d\u2019\u0153uvre. Si l\u2019entrepreneur est consid\u00e9r\u00e9 comme votre travailleur, vous devez calculer et d\u00e9clarer la partie du paiement contractuel qui correspond \u00e0 sa main-d\u2019\u0153uvre en tant que \u00ab\u00a0salaire du travailleur\u00a0\u00bb.<br \/><br \/>Le <a href=\"http:\/\/a\/fr\/employeurs\/exceptions-a-la-protection\/bareme-devaluation-pour-la-main-doeuvre-contractuelle\/\" rel=\"noopener\">bar\u00e8me d\u2019\u00e9valuation de la main-d\u2019\u0153uvre contractuelle <\/a>\u00e9tablit les pourcentages de main-d\u2019\u0153uvre standard en fonction du type de travail. Ces pourcentages peuvent \u00eatre utilis\u00e9s pour d\u00e9terminer le montant de la main-d\u2019\u0153uvre lorsque les prix comprennent le mat\u00e9riel ou l\u2019\u00e9quipement.<br \/>\u00a0<\/p><h2>D\u00e9claration de la masse salariale pour la protection personnelle<\/h2><p style=\"background: white; margin: 7.5pt 0cm 7.5pt 0cm;\"><br \/>Vous n\u2019\u00eates pas tenu de d\u00e9clarer votre masse salariale pour pouvoir b\u00e9n\u00e9ficier d\u2019une protection personnelle.<br \/><br \/>Les renseignements dont vous avez besoin pour g\u00e9rer votre protection personnelle vous parviendront en d\u00e9cembre, suivis d\u2019un relev\u00e9 de compte en janvier. Si votre compte est pay\u00e9 \u00e0 temps, votre protection sera renouvel\u00e9e le 1er janvier, aux m\u00eames conditions.\u00a0<\/p><p>&nbsp;<\/p><h2>L\u2019importance de d\u00e9clarer la masse salariale<\/h2><p style=\"background: white; margin: 7.5pt 0cm 7.5pt 0cm;\">Vos <a href=\"\/fr\/employeurs\/droits-et-responsabilites-des-employeurs\/\">responsabilit\u00e9s comme employeur<\/a> vous obligent \u00e0 transmettre \u00e0 la WCB des renseignements exacts sur votre masse salariale, conform\u00e9ment \u00e0 la <em><a href=\"https:\/\/web2.gov.mb.ca\/laws\/statutes\/ccsm\/w200.php?lang=fr\" target=\"_blank\" rel=\"noopener\">Loi sur les accidents du travail (la Loi)<\/a><\/em>. Il est important de d\u00e9clarer votre masse salariale avant la fin f\u00e9vrier chaque ann\u00e9e pour permettre \u00e0 la WCB de bien calculer votre prime et pour vous \u00e9viter des p\u00e9nalit\u00e9s de retard.\u00a0<br \/><br \/>Il est aussi important de d\u00e9clarer les heures travaill\u00e9es puisque\u00a0:<\/p><ul><li>La d\u00e9claration des heures totales fournit \u00e0 la WCB des renseignements au sujet des taux de blessures dans notre province. Ce document contribue \u00e0 cibler les domaines o\u00f9 des am\u00e9liorations \u00e0 la pr\u00e9vention des blessures doivent \u00eatre apport\u00e9es.<\/li><li>La d\u00e9claration des heures est aussi l\u2019une des exigences d\u2019admissibilit\u00e9 au Programme de remboursement pour la pr\u00e9vention, si votre entreprise est certifi\u00e9e en mati\u00e8re de s\u00e9curit\u00e9.<\/li><\/ul>\t\t\t\t\t\t\t\t<\/div>\n\t\t\t\t<\/div>\n\t\t\t\t<div class=\"elementor-element elementor-element-d5a9369 elementor-widget elementor-widget-text-editor\" data-id=\"d5a9369\" data-element_type=\"widget\" data-e-type=\"widget\" id=\"contact\" data-widget_type=\"text-editor.default\">\n\t\t\t\t<div class=\"elementor-widget-container\">\n\t\t\t\t\t\t\t\t\t<h2 aria-level=\"3\">Coordonn\u00e9es<\/h2><p>Pour de plus amples renseignements, <a href=\"https:\/\/www.wcb.mb.ca\/fr\/coordonnees\/\">communiquer avec notre Service des cotisations<\/a>.<\/p>\t\t\t\t\t\t\t\t<\/div>\n\t\t\t\t<\/div>\n\t\t\t\t<\/div>\n\t\t<div class=\"elementor-element elementor-element-59514320 e-con-full e-flex e-con e-child\" data-id=\"59514320\" data-element_type=\"container\" data-e-type=\"container\" data-settings=\"{&quot;background_background&quot;:&quot;classic&quot;}\">\n\t\t\t\t<div class=\"elementor-element elementor-element-3fefb407 elementor-widget elementor-widget-st-link-list\" data-id=\"3fefb407\" data-element_type=\"widget\" data-e-type=\"widget\" data-widget_type=\"st-link-list.default\">\n\t\t\t\t<div class=\"elementor-widget-container\">\n\t\t\t\t\t<div class=\"c-linkList c-linkList--default c-linkList--default\"><h2 class=\"c-linkList__title\"><span >Liens connexes<\/span><\/h2><div class=\"c-linkList__list\"><\/div><\/div>\t\t\t\t<\/div>\n\t\t\t\t<\/div>\n\t\t\t\t<div class=\"elementor-element elementor-element-6a51165d elementor-widget elementor-widget-st-cats\" data-id=\"6a51165d\" data-element_type=\"widget\" data-e-type=\"widget\" data-widget_type=\"st-cats.default\">\n\t\t\t\t<div class=\"elementor-widget-container\">\n\t\t\t\t\t<div class=\"c-ctaList\"><\/div>\t\t\t\t<\/div>\n\t\t\t\t<\/div>\n\t\t\t\t<\/div>\n\t\t\t\t\t<\/div>\n\t\t\t\t<\/div>\n\t\t\t\t<\/div>\n\t\t","protected":false},"excerpt":{"rendered":"<p>D\u00e9claration de la masse salariale Il est important de d\u00e9clarer votre masse salariale \u00e0 la WCB, puisque cette donn\u00e9e permet de calculer votre prime de la WCB. Vous devez produire cette d\u00e9claration avant la derni\u00e8re journ\u00e9e de f\u00e9vrier. Les renseignements requis concernant votre masse salariale comprennent la masse salariale actuelle de votre entreprise pour l\u2019ann\u00e9e [&hellip;]<\/p>\n","protected":false},"author":1,"featured_media":0,"parent":19862,"menu_order":0,"comment_status":"closed","ping_status":"closed","template":"","meta":{"_acf_changed":false,"footnotes":""},"tags":[],"class_list":["post-19871","page","type-page","status-publish","hentry"],"acf":[],"_links":{"self":[{"href":"https:\/\/www.wcb.mb.ca\/fr\/wp-json\/wp\/v2\/pages\/19871","targetHints":{"allow":["GET"]}}],"collection":[{"href":"https:\/\/www.wcb.mb.ca\/fr\/wp-json\/wp\/v2\/pages"}],"about":[{"href":"https:\/\/www.wcb.mb.ca\/fr\/wp-json\/wp\/v2\/types\/page"}],"author":[{"embeddable":true,"href":"https:\/\/www.wcb.mb.ca\/fr\/wp-json\/wp\/v2\/users\/1"}],"replies":[{"embeddable":true,"href":"https:\/\/www.wcb.mb.ca\/fr\/wp-json\/wp\/v2\/comments?post=19871"}],"version-history":[{"count":19,"href":"https:\/\/www.wcb.mb.ca\/fr\/wp-json\/wp\/v2\/pages\/19871\/revisions"}],"predecessor-version":[{"id":22614,"href":"https:\/\/www.wcb.mb.ca\/fr\/wp-json\/wp\/v2\/pages\/19871\/revisions\/22614"}],"up":[{"embeddable":true,"href":"https:\/\/www.wcb.mb.ca\/fr\/wp-json\/wp\/v2\/pages\/19862"}],"wp:attachment":[{"href":"https:\/\/www.wcb.mb.ca\/fr\/wp-json\/wp\/v2\/media?parent=19871"}],"wp:term":[{"taxonomy":"post_tag","embeddable":true,"href":"https:\/\/www.wcb.mb.ca\/fr\/wp-json\/wp\/v2\/tags?post=19871"}],"curies":[{"name":"wp","href":"https:\/\/api.w.org\/{rel}","templated":true}]}}