{"id":19869,"date":"2024-12-11T14:12:19","date_gmt":"2024-12-11T19:12:19","guid":{"rendered":"https:\/\/www.wcb.mb.ca\/?page_id=19869"},"modified":"2026-01-10T11:22:27","modified_gmt":"2026-01-10T16:22:27","slug":"echeance-de-paiement-des-primes","status":"publish","type":"page","link":"https:\/\/www.wcb.mb.ca\/fr\/employeurs\/primes-et-masse-salariale\/payer-votre-prime\/echeance-de-paiement-des-primes\/","title":{"rendered":"\u00c9ch\u00e9ance de paiement des primes"},"content":{"rendered":"\t\t<div data-elementor-type=\"wp-page\" data-elementor-id=\"19869\" class=\"elementor elementor-19869 elementor-4478\" data-elementor-post-type=\"page\">\n\t\t\t\t<div class=\"elementor-element elementor-element-8376721 e-flex e-con-boxed e-con e-parent\" data-id=\"8376721\" data-element_type=\"container\" data-e-type=\"container\">\n\t\t\t\t\t<div class=\"e-con-inner\">\n\t\t\t\t<div class=\"elementor-element elementor-element-3d584cd elementor-widget elementor-widget-st-header-image\" data-id=\"3d584cd\" data-element_type=\"widget\" data-e-type=\"widget\" data-widget_type=\"st-header-image.default\">\n\t\t\t\t<div class=\"elementor-widget-container\">\n\t\t\t\t\t<div class=\"c-headerImage g-layout__padding c-headerImage--noImage\"><div class=\"c-headerImage__container g-layout__maxWidth\"><div class=\"c-headerImage__content\"><div ><h1>\u00c9ch\u00e9ance de paiement des primes<\/h1><\/div><\/div><\/div><\/div>\t\t\t\t<\/div>\n\t\t\t\t<\/div>\n\t\t\t\t\t<\/div>\n\t\t\t\t<\/div>\n\t\t<div class=\"elementor-element elementor-element-766566d8 e-flex e-con-boxed e-con e-parent\" data-id=\"766566d8\" data-element_type=\"container\" data-e-type=\"container\">\n\t\t\t\t\t<div class=\"e-con-inner\">\n\t\t<div class=\"elementor-element elementor-element-7f926e1c e-con-full e-flex e-con e-child\" data-id=\"7f926e1c\" data-element_type=\"container\" data-e-type=\"container\">\n\t\t\t\t<div class=\"elementor-element elementor-element-5ec89ec9 elementor-widget__width-initial elementor-widget elementor-widget-text-editor\" data-id=\"5ec89ec9\" data-element_type=\"widget\" data-e-type=\"widget\" data-widget_type=\"text-editor.default\">\n\t\t\t\t<div class=\"elementor-widget-container\">\n\t\t\t\t\t\t\t\t\t<p>Le syst\u00e8me FlexPay de la WCB offre une vari\u00e9t\u00e9 d\u2019options de paiement qui varient selon le montant de votre prime.<\/p>\n<p>&nbsp;<\/p>\n<h2>Primes allant jusqu\u2019\u00e0 500\u00a0$<\/h2>\n<p>Pour les primes allant jusqu\u2019\u00e0 500\u00a0$, vous pouvez faire un paiement unique ou payer en quatre paiements \u00e9gaux pr\u00e9autoris\u00e9s.&nbsp;&nbsp;<\/p>\n<table aria-rowcount=\"3\">\n<thead>\n<tr aria-rowindex=\"1\">\n<td style=\"width: 33%;\" data-celllook=\"0\">&nbsp;<\/td>\n<th data-celllook=\"0\">\n<p>Dates d\u2019\u00e9ch\u00e9ance du paiement des primes<\/p>\n<\/th>\n<th data-celllook=\"0\">\n<p>Dates d\u2019\u00e9ch\u00e9ance du paiement des primes de protection personnelle<\/p>\n<\/th>\n<\/tr>\n<\/thead>\n<tbody>\n<tr aria-rowindex=\"2\">\n<th data-celllook=\"0\">\n<p><b>Un paiement par ann\u00e9e<\/b><\/p>\n<\/th>\n<td data-celllook=\"0\">\n<p style=\"text-align: center;\">Mai<\/p>\n<\/td>\n<td data-celllook=\"0\">\n<p style=\"text-align: center;\">Janvier<\/p>\n<\/td>\n<\/tr>\n<tr aria-rowindex=\"3\">\n<th data-celllook=\"0\">\n<p><b>Quatre paiements par ann\u00e9e<\/b><\/p>\n<\/th>\n<td data-celllook=\"0\">\n<p style=\"text-align: center;\">Mars, juin, septembre, d\u00e9cembre<\/p>\n<\/td>\n<td data-celllook=\"0\">\n<p style=\"text-align: center;\">Janvier, mars, juin, septembre<\/p>\n<\/td>\n<\/tr>\n<\/tbody>\n<\/table>\n\t\t\t\t\t\t\t\t<\/div>\n\t\t\t\t<\/div>\n\t\t\t\t<div class=\"elementor-element elementor-element-51f3765 elementor-widget__width-initial elementor-widget elementor-widget-text-editor\" data-id=\"51f3765\" data-element_type=\"widget\" data-e-type=\"widget\" data-widget_type=\"text-editor.default\">\n\t\t\t\t<div class=\"elementor-widget-container\">\n\t\t\t\t\t\t\t\t\t<p>&nbsp;<\/p>\n<h2>Primes entre 500\u00a0$ et 5\u00a0000\u00a0$<\/h2>\n<p>Plusieurs options de paiement sont offertes pour les primes allant de 500\u00a0$ \u00e0 5\u00a0000\u00a0$\u00a0:&nbsp;<\/p>\n<table aria-rowcount=\"6\">\n<thead>\n<tr aria-rowindex=\"1\">\n<td style=\"width: 33%;\" data-celllook=\"0\">&nbsp;<\/td>\n<th data-celllook=\"0\">\n<p>Dates d\u2019\u00e9ch\u00e9ance du paiement des primes<\/p>\n<\/th>\n<th data-celllook=\"0\">\n<p>Dates d\u2019\u00e9ch\u00e9ance du paiement des primes de protection personnelle<\/p>\n<\/th>\n<\/tr>\n<\/thead>\n<tbody>\n<tr aria-rowindex=\"2\">\n<th data-celllook=\"0\">\n<p><b>Un paiement par ann\u00e9e<\/b><\/p>\n<\/th>\n<td data-celllook=\"0\">\n<p style=\"text-align: center;\">Mai<\/p>\n<\/td>\n<td data-celllook=\"0\">\n<p style=\"text-align: center;\">Janvier<\/p>\n<\/td>\n<\/tr>\n<tr aria-rowindex=\"3\">\n<th data-celllook=\"0\">\n<p><b>Deux paiements par ann\u00e9e<\/b><\/p>\n<\/th>\n<td data-celllook=\"0\">\n<p style=\"text-align: center;\">Juin, septembre<\/p>\n<\/td>\n<td data-celllook=\"0\">\n<p style=\"text-align: center;\">s.o.<\/p>\n<\/td>\n<\/tr>\n<tr aria-rowindex=\"4\">\n<th data-celllook=\"0\">\n<p><b>Trois paiements par ann\u00e9e<\/b><\/p>\n<\/th>\n<td data-celllook=\"0\">\n<p style=\"text-align: center;\">Mars, ao\u00fbt, octobre<\/p>\n<\/td>\n<td data-celllook=\"0\">\n<p style=\"text-align: center;\">s.o.<\/p>\n<\/td>\n<\/tr>\n<tr aria-rowindex=\"5\">\n<th data-celllook=\"0\">\n<p><b>Quatre paiements par ann\u00e9e<\/b><\/p>\n<\/th>\n<td data-celllook=\"0\">\n<p style=\"text-align: center;\">Mars, juin, septembre, d\u00e9cembre<\/p>\n<\/td>\n<td data-celllook=\"0\">\n<p style=\"text-align: center;\">Janvier, mars, juin, septembre<\/p>\n<\/td>\n<\/tr>\n<tr aria-rowindex=\"6\">\n<th data-celllook=\"0\">\n<p><b>Dix paiements \u00e9gaux pr\u00e9autoris\u00e9s<\/b><\/p>\n<\/th>\n<td data-celllook=\"0\">\n<p style=\"text-align: center;\">De mars \u00e0 d\u00e9cembre<\/p>\n<\/td>\n<td data-celllook=\"0\">\n<p style=\"text-align: center;\">s.o.<\/p>\n<\/td>\n<\/tr>\n<\/tbody>\n<\/table>\n\t\t\t\t\t\t\t\t<\/div>\n\t\t\t\t<\/div>\n\t\t\t\t<div class=\"elementor-element elementor-element-d8363cf elementor-widget elementor-widget-text-editor\" data-id=\"d8363cf\" data-element_type=\"widget\" data-e-type=\"widget\" data-widget_type=\"text-editor.default\">\n\t\t\t\t<div class=\"elementor-widget-container\">\n\t\t\t\t\t\t\t\t\t<p>&nbsp;<\/p>\n<h2>Primes sup\u00e9rieures \u00e0 5\u00a0000\u00a0$<\/h2>\n<p>Plusieurs options de paiement sont offertes pour les primes sup\u00e9rieures \u00e0 5\u00a0000\u00a0$\u00a0:&nbsp;<\/p>\n<table aria-rowcount=\"5\">\n<thead>\n<tr aria-rowindex=\"1\">\n<td style=\"width: 33%;\" data-celllook=\"0\">&nbsp;<\/td>\n<th data-celllook=\"0\">\n<p>Dates d\u2019\u00e9ch\u00e9ance du paiement des primes<\/p>\n<\/th>\n<\/tr>\n<\/thead>\n<tbody>\n<tr aria-rowindex=\"2\">\n<th data-celllook=\"0\">\n<p><b>Un paiement par ann\u00e9e<\/b><\/p>\n<\/th>\n<td data-celllook=\"0\">\n<p style=\"text-align: center;\">Mai<\/p>\n<\/td>\n<\/tr>\n<tr aria-rowindex=\"3\">\n<th data-celllook=\"0\">\n<p><b>Trois paiements par ann\u00e9e<\/b><\/p>\n<\/th>\n<td data-celllook=\"0\">\n<p style=\"text-align: center;\">Mars, ao\u00fbt, octobre<\/p>\n<\/td>\n<\/tr>\n<tr aria-rowindex=\"4\">\n<th data-celllook=\"0\">\n<p><b>Quatre paiements par ann\u00e9e<\/b>&nbsp;<\/p>\n<\/th>\n<td data-celllook=\"0\">\n<p style=\"text-align: center;\">Mars, juin, septembre, d\u00e9cembre<\/p>\n<\/td>\n<\/tr>\n<tr aria-rowindex=\"5\">\n<th data-celllook=\"0\">\n<p><b>Dix paiements \u00e9gaux pr\u00e9autoris\u00e9s<\/b><\/p>\n<\/th>\n<td data-celllook=\"0\">\n<p style=\"text-align: center;\">De mars \u00e0 d\u00e9cembre<\/p>\n<\/td>\n<\/tr>\n<\/tbody>\n<\/table>\n\t\t\t\t\t\t\t\t<\/div>\n\t\t\t\t<\/div>\n\t\t\t\t<div class=\"elementor-element elementor-element-b972e4b elementor-widget elementor-widget-text-editor\" data-id=\"b972e4b\" data-element_type=\"widget\" data-e-type=\"widget\" data-widget_type=\"text-editor.default\">\n\t\t\t\t<div class=\"elementor-widget-container\">\n\t\t\t\t\t\t\t\t\t<h2>Acc\u00e8s \u00e0 votre compte en ligne<\/h2>\n<p>Malheureusement, les relev\u00e9s de compte ou les soldes ne sont pas accessibles en ligne. Communiquez avec le Service des cotisations pour obtenir des renseignements suppl\u00e9mentaires.&nbsp;<\/p>\n<p>Si vous faites plusieurs paiements durant l\u2019ann\u00e9e, un relev\u00e9 vous sera envoy\u00e9 les mois o\u00f9 des paiements sont dus. Reportez-vous \u00e0 la deuxi\u00e8me page de votre relev\u00e9 pour conna\u00eetre les dates des paiements \u00e0 venir.&nbsp;<\/p>\n<p>&nbsp;<\/p>\n<h2>D\u00e9faut de paiement d\u2019une prime<\/h2>\n<p>Si vous ne payez pas vos primes, une p\u00e9nalit\u00e9 de retard vous sera impos\u00e9e et votre compte sera consid\u00e9r\u00e9 comme en souffrance jusqu\u2019\u00e0 ce que le paiement soit re\u00e7u. Ce retard vous emp\u00eachera d\u2019obtenir vos autorisations et pourrait nuire \u00e0 votre capacit\u00e9 \u00e0 soumissionner sur des projets ou des contrats et \u00e0 recevoir des paiements pour le travail effectu\u00e9.<\/p>\n<p>La protection personnelle ou la protection facultative sera annul\u00e9e si le paiement n\u2019est pas re\u00e7u.<\/p>\n<p>Utilisez notre syst\u00e8me <a href=\"https:\/\/www.wcb.mb.ca\/fr\/?page_id=20071\">d\u2019autorisations<\/a> en ligne pour conna\u00eetre en tout temps votre statut aupr\u00e8s de la WCB.<\/p>\n\t\t\t\t\t\t\t\t<\/div>\n\t\t\t\t<\/div>\n\t\t\t\t<div class=\"elementor-element elementor-element-152500a elementor-widget elementor-widget-text-editor\" data-id=\"152500a\" data-element_type=\"widget\" data-e-type=\"widget\" data-widget_type=\"text-editor.default\">\n\t\t\t\t<div class=\"elementor-widget-container\">\n\t\t\t\t\t\t\t\t\t<h2 aria-level=\"3\">Coordonn\u00e9es<\/h2>\n<p>Pour de plus amples renseignements, communiquer avec notre Service des cotisations\u00a0:<\/p>\n\t\t\t\t\t\t\t\t<\/div>\n\t\t\t\t<\/div>\n\t\t\t\t<div class=\"elementor-element elementor-element-13d38f8 elementor-widget elementor-widget-global elementor-global-4603 elementor-widget-text-editor\" data-id=\"13d38f8\" data-element_type=\"widget\" data-e-type=\"widget\" id=\"contact\" data-widget_type=\"text-editor.default\">\n\t\t\t\t<div class=\"elementor-widget-container\">\n\t\t\t\t\t\t\t\t\t<p>Email: <a href=\"mailto:assessmentservices@wcb.mb.ca\">assessmentservices@wcb.mb.ca<\/a>\u00a0<br \/>Phone (Winnipeg): 204-954-4505<br \/>Toll-free: 1-855-954-4321, ext. 4505\u00a0<\/p>\t\t\t\t\t\t\t\t<\/div>\n\t\t\t\t<\/div>\n\t\t\t\t<\/div>\n\t\t<div class=\"elementor-element elementor-element-74ebaad6 e-con-full e-flex e-con e-child\" data-id=\"74ebaad6\" data-element_type=\"container\" data-e-type=\"container\" data-settings=\"{&quot;background_background&quot;:&quot;classic&quot;}\">\n\t\t\t\t<div class=\"elementor-element elementor-element-2d2503a8 elementor-widget elementor-widget-st-link-list\" data-id=\"2d2503a8\" data-element_type=\"widget\" data-e-type=\"widget\" data-widget_type=\"st-link-list.default\">\n\t\t\t\t<div class=\"elementor-widget-container\">\n\t\t\t\t\t<div class=\"c-linkList c-linkList--default c-linkList--default\"><h2 class=\"c-linkList__title\"><span >Liens connexes<\/span><\/h2><div class=\"c-linkList__list\"><\/div><\/div>\t\t\t\t<\/div>\n\t\t\t\t<\/div>\n\t\t\t\t<div class=\"elementor-element elementor-element-5efc6a9a elementor-widget elementor-widget-st-cats\" data-id=\"5efc6a9a\" data-element_type=\"widget\" data-e-type=\"widget\" data-widget_type=\"st-cats.default\">\n\t\t\t\t<div class=\"elementor-widget-container\">\n\t\t\t\t\t<div class=\"c-ctaList\"><\/div>\t\t\t\t<\/div>\n\t\t\t\t<\/div>\n\t\t\t\t<\/div>\n\t\t\t\t\t<\/div>\n\t\t\t\t<\/div>\n\t\t\t\t<\/div>\n\t\t","protected":false},"excerpt":{"rendered":"<p>Le syst\u00e8me FlexPay de la WCB offre une vari\u00e9t\u00e9 d\u2019options de paiement qui varient selon le montant de votre prime. &nbsp; Primes allant jusqu\u2019\u00e0 500\u00a0$ Pour les primes allant jusqu\u2019\u00e0 500\u00a0$, vous pouvez faire un paiement unique ou payer en quatre paiements \u00e9gaux pr\u00e9autoris\u00e9s.&nbsp;&nbsp; &nbsp; Dates d\u2019\u00e9ch\u00e9ance du paiement des primes Dates d\u2019\u00e9ch\u00e9ance du paiement [&hellip;]<\/p>\n","protected":false},"author":1,"featured_media":0,"parent":19867,"menu_order":0,"comment_status":"closed","ping_status":"closed","template":"","meta":{"_acf_changed":false,"footnotes":""},"tags":[],"class_list":["post-19869","page","type-page","status-publish","hentry"],"acf":[],"_links":{"self":[{"href":"https:\/\/www.wcb.mb.ca\/fr\/wp-json\/wp\/v2\/pages\/19869","targetHints":{"allow":["GET"]}}],"collection":[{"href":"https:\/\/www.wcb.mb.ca\/fr\/wp-json\/wp\/v2\/pages"}],"about":[{"href":"https:\/\/www.wcb.mb.ca\/fr\/wp-json\/wp\/v2\/types\/page"}],"author":[{"embeddable":true,"href":"https:\/\/www.wcb.mb.ca\/fr\/wp-json\/wp\/v2\/users\/1"}],"replies":[{"embeddable":true,"href":"https:\/\/www.wcb.mb.ca\/fr\/wp-json\/wp\/v2\/comments?post=19869"}],"version-history":[{"count":2,"href":"https:\/\/www.wcb.mb.ca\/fr\/wp-json\/wp\/v2\/pages\/19869\/revisions"}],"predecessor-version":[{"id":21762,"href":"https:\/\/www.wcb.mb.ca\/fr\/wp-json\/wp\/v2\/pages\/19869\/revisions\/21762"}],"up":[{"embeddable":true,"href":"https:\/\/www.wcb.mb.ca\/fr\/wp-json\/wp\/v2\/pages\/19867"}],"wp:attachment":[{"href":"https:\/\/www.wcb.mb.ca\/fr\/wp-json\/wp\/v2\/media?parent=19869"}],"wp:term":[{"taxonomy":"post_tag","embeddable":true,"href":"https:\/\/www.wcb.mb.ca\/fr\/wp-json\/wp\/v2\/tags?post=19869"}],"curies":[{"name":"wp","href":"https:\/\/api.w.org\/{rel}","templated":true}]}}