{"id":19864,"date":"2024-12-11T11:26:15","date_gmt":"2024-12-11T16:26:15","guid":{"rendered":"https:\/\/www.wcb.mb.ca\/?page_id=19864"},"modified":"2026-03-31T22:54:33","modified_gmt":"2026-04-01T02:54:33","slug":"etablir-les-primes-et-le-taux","status":"publish","type":"page","link":"https:\/\/www.wcb.mb.ca\/fr\/employeurs\/primes-et-masse-salariale\/etablir-les-primes-et-le-taux\/","title":{"rendered":"\u00c9tablir les primes et le taux"},"content":{"rendered":"\t\t<div data-elementor-type=\"wp-page\" data-elementor-id=\"19864\" class=\"elementor elementor-19864 elementor-4312\" data-elementor-post-type=\"page\">\n\t\t\t\t<div class=\"elementor-element elementor-element-e9383bd e-flex e-con-boxed e-con e-parent\" data-id=\"e9383bd\" data-element_type=\"container\" data-e-type=\"container\">\n\t\t\t\t\t<div class=\"e-con-inner\">\n\t\t\t\t<div class=\"elementor-element elementor-element-c3b4345 elementor-widget elementor-widget-st-header-image\" data-id=\"c3b4345\" data-element_type=\"widget\" data-e-type=\"widget\" data-widget_type=\"st-header-image.default\">\n\t\t\t\t<div class=\"elementor-widget-container\">\n\t\t\t\t\t<div class=\"c-headerImage g-layout__padding c-headerImage--noImage\"><div class=\"c-headerImage__container g-layout__maxWidth\"><div class=\"c-headerImage__content\"><div ><h1>\u00c9tablir les primes et le taux<\/h1><\/div><\/div><\/div><\/div>\t\t\t\t<\/div>\n\t\t\t\t<\/div>\n\t\t\t\t\t<\/div>\n\t\t\t\t<\/div>\n\t\t<div class=\"elementor-element elementor-element-f617ed e-flex e-con-boxed e-con e-parent\" data-id=\"f617ed\" data-element_type=\"container\" data-e-type=\"container\">\n\t\t\t\t\t<div class=\"e-con-inner\">\n\t\t<div class=\"elementor-element elementor-element-4c1dbdfc e-con-full e-flex e-con e-child\" data-id=\"4c1dbdfc\" data-element_type=\"container\" data-e-type=\"container\">\n\t\t\t\t<div class=\"elementor-element elementor-element-27dc33b6 elementor-widget__width-initial elementor-widget elementor-widget-text-editor\" data-id=\"27dc33b6\" data-element_type=\"widget\" data-e-type=\"widget\" data-widget_type=\"text-editor.default\">\n\t\t\t\t<div class=\"elementor-widget-container\">\n\t\t\t\t\t\t\t\t\t<p>La couverture d\u2019indemnisation des travailleurs prot\u00e8ge les travailleurs et les employeurs des r\u00e9percussions entra\u00een\u00e9es par les blessures et maladies professionnelles. Les fonds servant \u00e0 assumer les co\u00fbts des indemnit\u00e9s et services de la WCB proviennent des montants vers\u00e9s sous forme de primes par les employeurs inscrits. Comme les autres primes d\u2019assurance, les primes de la WCB sont calcul\u00e9es en fonction du risque des co\u00fbts de r\u00e9clamation et de la valeur de ce qui est assur\u00e9.&nbsp;&nbsp;<\/p>\n\t\t\t\t\t\t\t\t<\/div>\n\t\t\t\t<\/div>\n\t\t\t\t<div class=\"elementor-element elementor-element-552d2ac elementor-widget elementor-widget-video\" data-id=\"552d2ac\" data-element_type=\"widget\" data-e-type=\"widget\" data-settings=\"{&quot;youtube_url&quot;:&quot;https:\\\/\\\/youtu.be\\\/TRz-eadlnns&quot;,&quot;video_type&quot;:&quot;youtube&quot;,&quot;controls&quot;:&quot;yes&quot;}\" data-widget_type=\"video.default\">\n\t\t\t\t<div class=\"elementor-widget-container\">\n\t\t\t\t\t\t\t<div class=\"elementor-wrapper elementor-open-inline\">\n\t\t\t<div class=\"elementor-video\"><\/div>\t\t<\/div>\n\t\t\t\t\t\t<\/div>\n\t\t\t\t<\/div>\n\t\t\t\t<div class=\"elementor-element elementor-element-7879e94 elementor-widget elementor-widget-text-editor\" data-id=\"7879e94\" data-element_type=\"widget\" data-e-type=\"widget\" data-widget_type=\"text-editor.default\">\n\t\t\t\t<div class=\"elementor-widget-container\">\n\t\t\t\t\t\t\t\t\t<p>&nbsp;<\/p>\n<h2>Quel est le taux moyen?<\/h2>\n<p>Le taux moyen est une r\u00e9f\u00e9rence; il correspond au taux qui serait exig\u00e9 de chaque employeur si tous les employeurs payaient le m\u00eame taux de cotisation \u00e0 la WCB. Nous l\u2019utilisons pour \u00e9tablir les taux de chaque cat\u00e9gorie d\u2019industrie.<\/p>\n<p>Lorsque le co\u00fbt total des blessures pour tous les employeurs du Manitoba qui ont souscrit une protection diminue, le taux moyen diminue, ce qui fait diminuer le taux de r\u00e9f\u00e9rence pour tous les employeurs. Si le taux moyen augmente, le taux de r\u00e9f\u00e9rence pour tous les employeurs augmente.<\/p>\n<p>Les employeurs du Manitoba ont conserv\u00e9 historiquement l\u2019un des taux moyens parmi les plus bas au Canada, qui s\u2019\u00e9tablit \u00e0 0,95\u00a0$.&nbsp;<\/p>\n\t\t\t\t\t\t\t\t<\/div>\n\t\t\t\t<\/div>\n\t\t\t\t<div class=\"elementor-element elementor-element-32c556a elementor-widget elementor-widget-text-editor\" data-id=\"32c556a\" data-element_type=\"widget\" data-e-type=\"widget\" data-widget_type=\"text-editor.default\">\n\t\t\t\t<div class=\"elementor-widget-container\">\n\t\t\t\t\t\t\t\t\t<h2>Comment sont \u00e9tablis les taux<\/h2><br><p>Le co\u00fbt des blessures dans un milieu de travail a une incidence directe sur votre risque. Les entreprises dont les co\u00fbts sont plus \u00e9lev\u00e9s versent habituellement une prime plus \u00e9lev\u00e9e. Votre taux est \u00e9tabli en calculant les co\u00fbts des r\u00e9clamations que vous avez d\u00e9pos\u00e9es aupr\u00e8s de la WCB au cours de trois ann\u00e9es civiles compl\u00e8tes et en les comparant avec la moyenne.\u202f&nbsp;&nbsp;<\/p>\t\t\t\t\t\t\t\t<\/div>\n\t\t\t\t<\/div>\n\t\t\t\t<div class=\"elementor-element elementor-element-407afbf elementor-widget elementor-widget-image\" data-id=\"407afbf\" data-element_type=\"widget\" data-e-type=\"widget\" data-widget_type=\"image.default\">\n\t\t\t\t<div class=\"elementor-widget-container\">\n\t\t\t\t\t\t\t\t\t\t\t\t\t\t\t<img fetchpriority=\"high\" decoding=\"async\" width=\"800\" height=\"305\" src=\"https:\/\/www.wcb.mb.ca\/uploads\/2025\/03\/Rate_Setting_Experience_Period.png\" class=\"attachment-large size-large wp-image-8926\" alt=\"\" srcset=\"https:\/\/www.wcb.mb.ca\/uploads\/2025\/03\/Rate_Setting_Experience_Period.png 800w, https:\/\/www.wcb.mb.ca\/uploads\/2025\/03\/Rate_Setting_Experience_Period-300x114.png 300w, https:\/\/www.wcb.mb.ca\/uploads\/2025\/03\/Rate_Setting_Experience_Period-768x293.png 768w\" sizes=\"(max-width: 800px) 100vw, 800px\" \/>\t\t\t\t\t\t\t\t\t\t\t\t\t\t\t<\/div>\n\t\t\t\t<\/div>\n\t\t\t\t<div class=\"elementor-element elementor-element-c7fced7 elementor-widget elementor-widget-text-editor\" data-id=\"c7fced7\" data-element_type=\"widget\" data-e-type=\"widget\" data-widget_type=\"text-editor.default\">\n\t\t\t\t<div class=\"elementor-widget-container\">\n\t\t\t\t\t\t\t\t\t<p>Pour r\u00e9aliser ce calcul, nous comparons les co\u00fbts entra\u00een\u00e9s par les blessures dans votre entreprise \u00e0 ceux d\u2019un employeur ordinaire de taille et au taux de risque semblables. Deux raisons peuvent expliquer une hausse de votre taux\u00a0: vos co\u00fbts ont augment\u00e9 ou la performance de votre cat\u00e9gorie d\u2019industrie a diminu\u00e9. Si vos co\u00fbts sont plus bas, votre prime sera probablement plus basse. Votre taux de la WCB ne peut pas augmenter ni diminuer de plus de 15\u00a0pour cent par ann\u00e9e.<\/p><p>Si vous \u00eates un nouvel employeur au Manitoba, aucune exp\u00e9rience des co\u00fbts de r\u00e9clamation aupr\u00e8s de la WCB ne peut permettre d\u2019\u00e9tablir votre taux. Votre prime sera donc d\u00e9termin\u00e9e par le taux pour nouvel employeur rattach\u00e9 \u00e0 votre cat\u00e9gorie d\u2019industrie. Un employeur peut profiter du taux pour nouvel employeur pour un maximum de trois ans. Les taux pour nouveaux employeurs sont <a href=\"https:\/\/www.wcb.mb.ca\/uploads\/2025\/04\/0518.pdf\" target=\"_blank\" rel=\"noopener\">mis \u00e0 jour sur le site Web chaque ann\u00e9e<\/a>.<\/p><p>Si vous souhaitez savoir quels sont les co\u00fbts de r\u00e9clamation qui influent sur votre taux, consultez votre <a href=\"https:\/\/www.wcb.mb.ca\/fr\/?page_id=19806\">relev\u00e9 des transactions de la r\u00e9clamation<\/a>. Pour toute question au sujet des co\u00fbts de r\u00e9clamation, communiquez avec votre agent d\u2019indemnisation ou votre gestionnaire de cas.<\/p>\t\t\t\t\t\t\t\t<\/div>\n\t\t\t\t<\/div>\n\t\t\t\t<div class=\"elementor-element elementor-element-bfc8ed3 elementor-widget elementor-widget-text-editor\" data-id=\"bfc8ed3\" data-element_type=\"widget\" data-e-type=\"widget\" data-widget_type=\"text-editor.default\">\n\t\t\t\t<div class=\"elementor-widget-container\">\n\t\t\t\t\t\t\t\t\t<h2>Cat\u00e9gories d\u2019industries<\/h2>\n<p>Les primes d\u2019assurance contre les accidents du travail sont un amalgame de responsabilit\u00e9s collectives et individuelles. Votre prime est donc bas\u00e9e sur le risque que des co\u00fbts soient engendr\u00e9s par une blessure en milieu de travail et le risque pr\u00e9sent dans les milieux de travail aux activit\u00e9s commerciales semblables. Nous regroupons les entreprises similaires sous un terme que nous nommons \u00ab\u00a0cat\u00e9gorie d\u2019industrie\u00a0\u00bb.\u202f<\/p>\n<p>Le Manitoba compte environ 175\u00a0cat\u00e9gories d\u2019industrie. Lorsque vous vous inscrivez aupr\u00e8s de la WCB, on attribue une cat\u00e9gorie d\u2019industrie \u00e0 votre entreprise en fonction du type de travail qu\u2019elle effectue. Une cat\u00e9gorie de risque d\u00e9crivant le co\u00fbt des blessures en comparaison avec la moyenne calcul\u00e9e par le syst\u00e8me est attribu\u00e9e \u00e0 chaque cat\u00e9gorie d\u2019industrie.<\/p>\n<p>Il existe 18\u00a0cat\u00e9gories de risque. Une industrie dont la cat\u00e9gorie de risque d\u00e9passe 100\u00a0% compte plus de blessures que la moyenne et une industrie dont la cat\u00e9gorie de risque se situe sous les 100\u00a0% compte moins de blessures que la moyenne.<\/p>\n<p><a href=\"https:\/\/www.wcb.mb.ca\/fr\/employeurs\/primes-et-masse-salariale\/categories-dindustrie\/\"><strong>Consultez la liste des cat\u00e9gories sous la rubrique Cat\u00e9gories d\u2019industrie.<\/strong><\/a><\/p>\n\t\t\t\t\t\t\t\t<\/div>\n\t\t\t\t<\/div>\n\t\t\t\t<div class=\"elementor-element elementor-element-18dd8fe elementor-widget elementor-widget-image\" data-id=\"18dd8fe\" data-element_type=\"widget\" data-e-type=\"widget\" data-widget_type=\"image.default\">\n\t\t\t\t<div class=\"elementor-widget-container\">\n\t\t\t\t\t\t\t\t\t\t\t\t\t\t\t<img decoding=\"async\" width=\"800\" height=\"267\" src=\"\/wp-content\/uploads\/2025\/03\/Calculation_Classification_Rates_image.jpg\" class=\"attachment-large size-large wp-image-19865\" alt=\"\" srcset=\"\/wp-content\/uploads\/2025\/03\/Calculation_Classification_Rates_image.jpg 800w, \/wp-content\/uploads\/2025\/03\/Calculation_Classification_Rates_image-300x100.jpg 300w, \/wp-content\/uploads\/2025\/03\/Calculation_Classification_Rates_image-768x256.jpg 768w\" sizes=\"(max-width: 800px) 100vw, 800px\" \/>\t\t\t\t\t\t\t\t\t\t\t\t\t\t\t<\/div>\n\t\t\t\t<\/div>\n\t\t\t\t<div class=\"elementor-element elementor-element-cb02977 elementor-widget elementor-widget-text-editor\" data-id=\"cb02977\" data-element_type=\"widget\" data-e-type=\"widget\" data-widget_type=\"text-editor.default\">\n\t\t\t\t<div class=\"elementor-widget-container\">\n\t\t\t\t\t\t\t\t\t<h2>Taille de l\u2019employeur et fourchette de taux<\/h2><br><p>\u00c0 l\u2019int\u00e9rieur de chaque cat\u00e9gorie, les employeurs paient un montant inf\u00e9rieur ou sup\u00e9rieur au taux de base de la cat\u00e9gorie \u00e0 laquelle ils appartiennent en fonction des co\u00fbts de r\u00e9clamations pass\u00e9es. La fourchette est bas\u00e9e sur la taille de l\u2019employeur. La fourchette de taux des petits et moyens employeurs est plus \u00e9troite que celle des grands employeurs. Une fourchette de taux plus \u00e9troite prot\u00e8ge les petits et moyens employeurs contre les fluctuations importantes de leur taux caus\u00e9es par des variations brutales des co\u00fbts de r\u00e9clamation.<\/p>\t\t\t\t\t\t\t\t<\/div>\n\t\t\t\t<\/div>\n\t\t\t\t<div class=\"elementor-element elementor-element-73f1e9e elementor-widget elementor-widget-text-editor\" data-id=\"73f1e9e\" data-element_type=\"widget\" data-e-type=\"widget\" data-widget_type=\"text-editor.default\">\n\t\t\t\t<div class=\"elementor-widget-container\">\n\t\t\t\t\t\t\t\t\t<table aria-rowcount=\"3\">\r\n<thead>\r\n<tr aria-rowindex=\"1\">\r\n<td style=\"background: #FFF;\" data-celllook=\"0\">&nbsp;<\/td>\r\n<th data-celllook=\"0\">\r\n<p>Petit<br \/>les employeurs<\/p>\r\n<\/th>\r\n<th data-celllook=\"0\">\r\n<p>Moyen<br \/>les employeurs<\/p>\r\n<\/th>\r\n<th data-celllook=\"0\">\r\n<p>Grand<br \/>les employeurs<\/p>\r\n<\/th>\r\n<\/tr>\r\n<\/thead>\r\n<tbody>\r\n<tr aria-rowindex=\"2\">\r\n<th data-celllook=\"0\">\r\n<p><strong>Taille de la masse salariale<\/strong><\/p>\r\n<\/th>\r\n<td data-celllook=\"0\">\r\n<p style=\"text-align: center;\">Jusqu\u2019\u00e0 750\u00a0000\u00a0$<\/p>\r\n<\/td>\r\n<td data-celllook=\"0\">\r\n<p style=\"text-align: center;\">750\u00a0000\u00a0$ <br \/>7,5\u00a0millions\u00a0$<\/p>\r\n<\/td>\r\n<td data-celllook=\"0\">\r\n<p style=\"text-align: center;\">Plus de 7,5\u00a0millions\u00a0$<\/p>\r\n<\/td>\r\n<\/tr>\r\n<tr aria-rowindex=\"3\">\r\n<th data-celllook=\"0\">\r\n<p><strong>Plage de la cat\u00e9gorie de risque<\/strong><\/p>\r\n<\/th>\r\n<td data-celllook=\"0\">\r\n<p style=\"text-align: center;\">De 10\u00a0% en dessous jusqu\u2019\u00e0 30\u00a0% au-dessus de la plage de la cat\u00e9gorie<\/p>\r\n<\/td>\r\n<td data-celllook=\"0\">\r\n<p style=\"text-align: center;\">De 20\u00a0% en dessous jusqu\u2019\u00e0 60\u00a0% au-dessus de la plage de la cat\u00e9gorie<\/p>\r\n<\/td>\r\n<td data-celllook=\"0\">\r\n<p style=\"text-align: center;\">De 40\u00a0% en dessous jusqu\u2019\u00e0 120\u00a0% au-dessus de la plage de la cat\u00e9gorie<\/p>\r\n<\/td>\r\n<\/tr>\r\n<\/tbody>\r\n<\/table>\t\t\t\t\t\t\t\t<\/div>\n\t\t\t\t<\/div>\n\t\t\t\t<div class=\"elementor-element elementor-element-b57e122 elementor-widget elementor-widget-text-editor\" data-id=\"b57e122\" data-element_type=\"widget\" data-e-type=\"widget\" id=\"contact\" data-widget_type=\"text-editor.default\">\n\t\t\t\t<div class=\"elementor-widget-container\">\n\t\t\t\t\t\t\t\t\t<p>&nbsp;<\/p><br><h2>Facteur d\u2019exp\u00e9rience<\/h2><br><p>Le poids accord\u00e9 \u00e0 l\u2019exp\u00e9rience d\u2019un employeur varie en fonction de sa taille. Les co\u00fbts individuels d\u2019un grand employeur ont une incidence plus d\u00e9terminante sur les primes qu\u2019il verse alors que, pour les petits et moyens employeurs, la cat\u00e9gorie d\u2019industrie \u00e0 laquelle ils appartiennent d\u00e9termine plus directement la prime \u00e0 verser.<\/p>\t\t\t\t\t\t\t\t<\/div>\n\t\t\t\t<\/div>\n\t\t\t\t<div class=\"elementor-element elementor-element-4d876a9 elementor-widget elementor-widget-text-editor\" data-id=\"4d876a9\" data-element_type=\"widget\" data-e-type=\"widget\" data-widget_type=\"text-editor.default\">\n\t\t\t\t<div class=\"elementor-widget-container\">\n\t\t\t\t\t\t\t\t\t<table>\r\n<thead>\r\n<tr aria-rowindex=\"1\">\r\n<td>&nbsp;<\/td>\r\n<th>\r\n<p>Petit<br>les employeurs&nbsp;<\/p>\r\n<\/th>\r\n<th>\r\n<p>Moyen<br>les employeurs&nbsp;<\/p>\r\n<\/th>\r\n<th>\r\n<p>Grand<br>les employeurs&nbsp;<\/p>\r\n<\/th>\r\n<\/tr>\r\n<\/thead>\r\n<tbody>\r\n<tr aria-rowindex=\"2\">\r\n<th data-celllook=\"0\">\r\n<p><b>Pourcentage de votre exp\u00e9rience individuelle utilis\u00e9 pour calculer votre taux<\/b><\/p>\r\n<\/th>\r\n<td>\r\n<p style=\"text-align: center;\">20\u00a0%<\/p>\r\n<\/td>\r\n<td>\r\n<p style=\"text-align: center;\">30\u00a0% \u00e0 40\u00a0%<\/p>\r\n<\/td>\r\n<td>\r\n<p style=\"text-align: center;\">40\u00a0% \u00e0 100\u00a0%<\/p>\r\n<\/td>\r\n<\/tr>\r\n<tr aria-rowindex=\"3\">\r\n<th data-celllook=\"0\">\r\n<p><b>Pourcentage de l\u2019exp\u00e9rience de votre cat\u00e9gorie utilis\u00e9 pour calculer votre taux<\/b><\/p>\r\n<\/th>\r\n<td>\r\n<p style=\"text-align: center;\">80\u00a0%<\/p>\r\n<\/td>\r\n<td>\r\n<p style=\"text-align: center;\">60\u00a0% \u00e0 70\u00a0%<\/p>\r\n<\/td>\r\n<td>\r\n<p style=\"text-align: center;\">0 \u00e0 60\u00a0%<\/p>\r\n<\/td>\r\n<\/tr>\r\n<\/tbody>\r\n<\/table>\t\t\t\t\t\t\t\t<\/div>\n\t\t\t\t<\/div>\n\t\t\t\t<div class=\"elementor-element elementor-element-8d64226 elementor-widget elementor-widget-text-editor\" data-id=\"8d64226\" data-element_type=\"widget\" data-e-type=\"widget\" id=\"contact\" data-widget_type=\"text-editor.default\">\n\t\t\t\t<div class=\"elementor-widget-container\">\n\t\t\t\t\t\t\t\t\t<p>G\u00e9n\u00e9ralement, les co\u00fbts de r\u00e9clamation et le taux d\u2019un employeur qui investit dans la s\u00e9curit\u00e9 et la pr\u00e9vention et qui fait tout en son pouvoir pour favoriser le r\u00e9tablissement d\u2019un travailleur bless\u00e9 et le retour \u00e0 un travail s\u00e9curitaire et adapt\u00e9 seront inf\u00e9rieurs.<\/p>\n<p><a href=\"https:\/\/www.wcb.mb.ca\/fr\/employeurs\/primes-et-masse-salariale\/categories-dindustrie\/\"><strong>Apprenez-en plus sur les cat\u00e9gories d\u2019industrie et les cat\u00e9gories de risque.<\/strong><\/a><\/p>\n<p>&nbsp;<\/p>\n\t\t\t\t\t\t\t\t<\/div>\n\t\t\t\t<\/div>\n\t\t\t\t<div class=\"elementor-element elementor-element-6674c5b elementor-widget elementor-widget-text-editor\" data-id=\"6674c5b\" data-element_type=\"widget\" data-e-type=\"widget\" data-widget_type=\"text-editor.default\">\n\t\t\t\t<div class=\"elementor-widget-container\">\n\t\t\t\t\t\t\t\t\t<h2>Avis de calcul du taux<\/h2><br><p>La WCB vous envoie chaque automne un avis annuel de calcul du taux qui explique votre taux actuel et votre taux pour la prochaine ann\u00e9e en vous transmettant des renseignements sur votre cat\u00e9gorie d\u2019industrie.<\/p><br><p>L\u2019avis de calcul du taux est envoy\u00e9 \u00e0 titre informatif seulement; il ne s\u2019agit pas d\u2019une facture et vous n\u2019avez pas \u00e0 y r\u00e9pondre ni \u00e0 envoyer de paiement.<\/p><br><p>Plusieurs employeurs utilisent leur avis de calcul du taux pour estimer les versements \u00e0 faire \u00e0 la WCB dans le prochain budget annuel. Il s\u2019agit d\u2019un calcul simple pour d\u00e9terminer la prime approximative de la WCB en fonction de votre taux et d\u2019une estimation de votre masse salariale pour l\u2019ann\u00e9e.<\/p><br><p>Au d\u00e9but janvier, vous recevrez une demande de renseignements sur la masse salariale annuelle. Ces renseignements doivent \u00eatre transmis au plus tard le dernier jour civil de f\u00e9vrier. Apr\u00e8s avoir calcul\u00e9 votre prime bas\u00e9e en fonction de votre taux et des renseignements sur votre masse salariale, nous vous enverrons un relev\u00e9 de compte bas\u00e9 sur le calendrier de paiements de votre choix.<\/p>\t\t\t\t\t\t\t\t<\/div>\n\t\t\t\t<\/div>\n\t\t\t\t<div class=\"elementor-element elementor-element-e000276 elementor-widget elementor-widget-image\" data-id=\"e000276\" data-element_type=\"widget\" data-e-type=\"widget\" data-widget_type=\"image.default\">\n\t\t\t\t<div class=\"elementor-widget-container\">\n\t\t\t\t\t\t\t\t\t\t\t\t\t\t\t<img decoding=\"async\" width=\"800\" height=\"222\" src=\"https:\/\/www.wcb.mb.ca\/uploads\/2025\/03\/Rate_x_Payroll_Premium_image.jpg\" class=\"attachment-large size-large wp-image-8513\" alt=\"\" srcset=\"https:\/\/www.wcb.mb.ca\/uploads\/2025\/03\/Rate_x_Payroll_Premium_image.jpg 800w, https:\/\/www.wcb.mb.ca\/uploads\/2025\/03\/Rate_x_Payroll_Premium_image-300x83.jpg 300w, https:\/\/www.wcb.mb.ca\/uploads\/2025\/03\/Rate_x_Payroll_Premium_image-768x213.jpg 768w\" sizes=\"(max-width: 800px) 100vw, 800px\" \/>\t\t\t\t\t\t\t\t\t\t\t\t\t\t\t<\/div>\n\t\t\t\t<\/div>\n\t\t\t\t<div class=\"elementor-element elementor-element-c5241be elementor-widget elementor-widget-text-editor\" data-id=\"c5241be\" data-element_type=\"widget\" data-e-type=\"widget\" data-widget_type=\"text-editor.default\">\n\t\t\t\t<div class=\"elementor-widget-container\">\n\t\t\t\t\t\t\t\t\t<h2>Ajustement compensateur<\/h2><p>Puisque de nombreux facteurs sont pris en compte dans le calcul de vos primes, il est parfois difficile de garantir que les montants g\u00e9n\u00e9r\u00e9s par vos primes correspondent aux montants dont nous avons besoin pour vous prot\u00e9ger contre les blessures et maladies professionnelles. Une fois les taux \u00e9tablis, nous appliquons un ajustement compensateur de fa\u00e7on \u00e9quitable \u00e0 tous les employeurs afin de garantir l\u2019\u00e9quilibre budg\u00e9taire. Dans le cas des taux de 2026, l\u2019ajustement compensateur est -1,03 %.<\/p>\t\t\t\t\t\t\t\t<\/div>\n\t\t\t\t<\/div>\n\t\t\t\t<div class=\"elementor-element elementor-element-45389c6 elementor-widget elementor-widget-text-editor\" data-id=\"45389c6\" data-element_type=\"widget\" data-e-type=\"widget\" data-widget_type=\"text-editor.default\">\n\t\t\t\t<div class=\"elementor-widget-container\">\n\t\t\t\t\t\t\t\t\t<h2>Programmes de s\u00e9curit\u00e9 propres aux industries<\/h2>\n<p>Les programmes de s\u00e9curit\u00e9 propres aux industries (PSPI), en collaboration avec SAIN et SAUF au travail Manitoba, visent \u00e0 aider les employeurs \u00e0 \u00e9laborer un programme de s\u00e9curit\u00e9 et de sant\u00e9 au travail efficace, \u00e0 rep\u00e9rer les dangers en milieu de travail et \u00e0 assurer la s\u00e9curit\u00e9 des travailleurs au quotidien.&nbsp;<\/p>\n<p>Les employeurs peuvent, par l\u2019entremise de ces programmes de s\u00e9curit\u00e9, collaborer pour r\u00e9duire les blessures enregistr\u00e9es individuellement et collectivement, \u00e0 l\u2019\u00e9chelle de la cat\u00e9gorie et, cons\u00e9quemment, les co\u00fbts qui y sont rattach\u00e9s.<\/p>\n<p>Ces programmes sont financ\u00e9s en partie par tous les employeurs relevant des codes de classification correspondants. La WCB per\u00e7oit et distribue ces frais de programme (appel\u00e9s redevance de s\u00e9curit\u00e9) par l\u2019interm\u00e9diaire des primes vers\u00e9es par les employeurs sous forme de pourcentage de leur taux.<\/p>\n<p>Les employeurs qui sont repr\u00e9sent\u00e9s par un programme de s\u00e9curit\u00e9 propre \u00e0 l\u2019industrie et qui mettent en place des mesures de pr\u00e9vention des blessures peuvent r\u00e9duire le nombre de blessures en milieu de travail et les co\u00fbts qui y sont rattach\u00e9s. Cons\u00e9quemment, ils profitent de taux plus bas.<\/p>\n<p><a href=\"https:\/\/www.wcb.mb.ca\/fr\/?page_id=20354\"><strong>Apprenez-en plus sur les programmes de s\u00e9curit\u00e9 propres aux industries<\/strong><\/a>.<\/p>\n\t\t\t\t\t\t\t\t<\/div>\n\t\t\t\t<\/div>\n\t\t\t\t<\/div>\n\t\t<div class=\"elementor-element elementor-element-160b1df e-con-full e-flex e-con e-child\" data-id=\"160b1df\" data-element_type=\"container\" data-e-type=\"container\" data-settings=\"{&quot;background_background&quot;:&quot;classic&quot;}\">\n\t\t\t\t<div class=\"elementor-element elementor-element-6c5630 elementor-widget elementor-widget-st-link-list\" data-id=\"6c5630\" data-element_type=\"widget\" data-e-type=\"widget\" data-widget_type=\"st-link-list.default\">\n\t\t\t\t<div class=\"elementor-widget-container\">\n\t\t\t\t\t<div class=\"c-linkList c-linkList--default c-linkList--default\"><h2 class=\"c-linkList__title\"><span >Liens connexes<\/span><\/h2><div class=\"c-linkList__list\"><\/div><\/div>\t\t\t\t<\/div>\n\t\t\t\t<\/div>\n\t\t\t\t<div class=\"elementor-element elementor-element-b4097de elementor-widget elementor-widget-st-cats\" data-id=\"b4097de\" data-element_type=\"widget\" data-e-type=\"widget\" data-widget_type=\"st-cats.default\">\n\t\t\t\t<div class=\"elementor-widget-container\">\n\t\t\t\t\t<div class=\"c-ctaList\"><\/div>\t\t\t\t<\/div>\n\t\t\t\t<\/div>\n\t\t\t\t<\/div>\n\t\t\t\t\t<\/div>\n\t\t\t\t<\/div>\n\t\t\t\t<\/div>\n\t\t","protected":false},"excerpt":{"rendered":"<p>\u00c9tablir les primes et le taux La couverture d\u2019indemnisation des travailleurs prot\u00e8ge les travailleurs et les employeurs des r\u00e9percussions entra\u00een\u00e9es par les blessures et maladies professionnelles. Les fonds servant \u00e0 assumer les co\u00fbts des indemnit\u00e9s et services de la WCB proviennent des montants vers\u00e9s sous forme de primes par les employeurs inscrits. Comme les autres [&hellip;]<\/p>\n","protected":false},"author":1,"featured_media":0,"parent":19862,"menu_order":0,"comment_status":"closed","ping_status":"closed","template":"","meta":{"_acf_changed":false,"footnotes":""},"tags":[],"class_list":["post-19864","page","type-page","status-publish","hentry"],"acf":[],"_links":{"self":[{"href":"https:\/\/www.wcb.mb.ca\/fr\/wp-json\/wp\/v2\/pages\/19864","targetHints":{"allow":["GET"]}}],"collection":[{"href":"https:\/\/www.wcb.mb.ca\/fr\/wp-json\/wp\/v2\/pages"}],"about":[{"href":"https:\/\/www.wcb.mb.ca\/fr\/wp-json\/wp\/v2\/types\/page"}],"author":[{"embeddable":true,"href":"https:\/\/www.wcb.mb.ca\/fr\/wp-json\/wp\/v2\/users\/1"}],"replies":[{"embeddable":true,"href":"https:\/\/www.wcb.mb.ca\/fr\/wp-json\/wp\/v2\/comments?post=19864"}],"version-history":[{"count":14,"href":"https:\/\/www.wcb.mb.ca\/fr\/wp-json\/wp\/v2\/pages\/19864\/revisions"}],"predecessor-version":[{"id":25100,"href":"https:\/\/www.wcb.mb.ca\/fr\/wp-json\/wp\/v2\/pages\/19864\/revisions\/25100"}],"up":[{"embeddable":true,"href":"https:\/\/www.wcb.mb.ca\/fr\/wp-json\/wp\/v2\/pages\/19862"}],"wp:attachment":[{"href":"https:\/\/www.wcb.mb.ca\/fr\/wp-json\/wp\/v2\/media?parent=19864"}],"wp:term":[{"taxonomy":"post_tag","embeddable":true,"href":"https:\/\/www.wcb.mb.ca\/fr\/wp-json\/wp\/v2\/tags?post=19864"}],"curies":[{"name":"wp","href":"https:\/\/api.w.org\/{rel}","templated":true}]}}