{"id":19862,"date":"2024-12-11T11:14:55","date_gmt":"2024-12-11T16:14:55","guid":{"rendered":"https:\/\/www.wcb.mb.ca\/?page_id=19862"},"modified":"2026-01-15T10:39:01","modified_gmt":"2026-01-15T15:39:01","slug":"primes-et-masse-salariale","status":"publish","type":"page","link":"https:\/\/www.wcb.mb.ca\/fr\/employeurs\/primes-et-masse-salariale\/","title":{"rendered":"Primes et masse salariale"},"content":{"rendered":"\t\t<div data-elementor-type=\"wp-page\" data-elementor-id=\"19862\" class=\"elementor elementor-19862 elementor-4304\" data-elementor-post-type=\"page\">\n\t\t\t\t<div class=\"elementor-element elementor-element-88756bc e-flex e-con-boxed e-con e-parent\" data-id=\"88756bc\" data-element_type=\"container\" data-e-type=\"container\">\n\t\t\t\t\t<div class=\"e-con-inner\">\n\t\t\t\t<div class=\"elementor-element elementor-element-c7d98a3 elementor-widget elementor-widget-st-header-image\" data-id=\"c7d98a3\" data-element_type=\"widget\" data-e-type=\"widget\" data-widget_type=\"st-header-image.default\">\n\t\t\t\t<div class=\"elementor-widget-container\">\n\t\t\t\t\t<div class=\"c-headerImage g-layout__padding c-headerImage--noImage\"><div class=\"c-headerImage__container g-layout__maxWidth\"><div class=\"c-headerImage__content\"><div ><h1>Primes et masse salariale<\/h1><\/div><\/div><\/div><\/div>\t\t\t\t<\/div>\n\t\t\t\t<\/div>\n\t\t\t\t\t<\/div>\n\t\t\t\t<\/div>\n\t\t<div class=\"elementor-element elementor-element-27926243 e-grid e-con-boxed e-con e-parent\" data-id=\"27926243\" data-element_type=\"container\" data-e-type=\"container\">\n\t\t\t\t\t<div class=\"e-con-inner\">\n\t\t<div class=\"elementor-element elementor-element-549ada8c e-con-full e-flex e-con e-child\" data-id=\"549ada8c\" data-element_type=\"container\" data-e-type=\"container\">\n\t\t\t\t<div class=\"elementor-element elementor-element-1931a0fe elementor-widget__width-initial elementor-widget elementor-widget-text-editor\" data-id=\"1931a0fe\" data-element_type=\"widget\" data-e-type=\"widget\" data-widget_type=\"text-editor.default\">\n\t\t\t\t<div class=\"elementor-widget-container\">\n\t\t\t\t\t\t\t\t\t<p>L\u2019assurance de la WCB vous prot\u00e8ge, vous et vos employ\u00e9s, en cas de blessure ou de maladie professionnelle survenue en milieu de travail. L\u2019assurance contre les accidents du travail assure les salaires pendant que votre travailleur se r\u00e9tablit, assume les frais des prestations de soins de sant\u00e9 prolong\u00e9s et vous prot\u00e8ge contre les poursuites en justice.&nbsp;<\/p>\n<p>Les primes de la WCB sont bas\u00e9es sur une combinaison de la valeur de ce qui est assur\u00e9 et du risque inh\u00e9rent aux co\u00fbts de r\u00e9clamation. Nous d\u00e9finissons le risque comme le co\u00fbt potentiel de futures blessures survenues en milieu de travail (bas\u00e9 sur les co\u00fbts des r\u00e9clamations pass\u00e9es) et d\u00e9terminons la valeur \u00e0 l\u2019aide de la masse salariale cotisable de votre main-d\u2019\u0153uvre.<\/p>\n\t\t\t\t\t\t\t\t<\/div>\n\t\t\t\t<\/div>\n\t\t\t\t<\/div>\n\t\t<div class=\"elementor-element elementor-element-536f7c71 e-con-full e-flex e-con e-child\" data-id=\"536f7c71\" data-element_type=\"container\" data-e-type=\"container\" data-settings=\"{&quot;background_background&quot;:&quot;classic&quot;}\">\n\t\t\t\t<div class=\"elementor-element elementor-element-5517ad67 elementor-widget elementor-widget-st-link-list\" data-id=\"5517ad67\" data-element_type=\"widget\" data-e-type=\"widget\" data-widget_type=\"st-link-list.default\">\n\t\t\t\t<div class=\"elementor-widget-container\">\n\t\t\t\t\t<div class=\"c-linkList c-linkList--default c-linkList--default\"><h2 class=\"c-linkList__title\"><span >Liens connexes<\/span><\/h2><div class=\"c-linkList__list\"><\/div><\/div>\t\t\t\t<\/div>\n\t\t\t\t<\/div>\n\t\t\t\t<div class=\"elementor-element elementor-element-7fb745ec elementor-widget elementor-widget-st-cats\" data-id=\"7fb745ec\" data-element_type=\"widget\" data-e-type=\"widget\" data-widget_type=\"st-cats.default\">\n\t\t\t\t<div class=\"elementor-widget-container\">\n\t\t\t\t\t<div class=\"c-ctaList\"><\/div>\t\t\t\t<\/div>\n\t\t\t\t<\/div>\n\t\t\t\t<\/div>\n\t\t<div class=\"elementor-element elementor-element-1d4121cb e-con-full e-grid e-con e-child\" data-id=\"1d4121cb\" data-element_type=\"container\" data-e-type=\"container\">\n\t\t<div class=\"elementor-element elementor-element-37ca8e76 e-con-full e-flex e-con e-child\" data-id=\"37ca8e76\" data-element_type=\"container\" data-e-type=\"container\" data-settings=\"{&quot;background_background&quot;:&quot;classic&quot;}\">\n\t\t\t\t<div class=\"elementor-element elementor-element-2919e6dd elementor-widget elementor-widget-text-editor\" data-id=\"2919e6dd\" data-element_type=\"widget\" data-e-type=\"widget\" data-widget_type=\"text-editor.default\">\n\t\t\t\t<div class=\"elementor-widget-container\">\n\t\t\t\t\t\t\t\t\t<p><span class=\"g-font--big\">\u00c9tablir les primes<\/span><\/p>\n<p>Comme les autres primes d\u2019assurance, les primes de la WCB sont calcul\u00e9es en fonction du risque que des co\u00fbts soient engendr\u00e9s par des demandes de r\u00e9clamation et de la valeur de ce qui est assur\u00e9.<\/p>\n\t\t\t\t\t\t\t\t<\/div>\n\t\t\t\t<\/div>\n\t\t\t\t<div class=\"elementor-element elementor-element-75ce2bca elementor-button--arrow elementor-widget elementor-widget-button\" data-id=\"75ce2bca\" data-element_type=\"widget\" data-e-type=\"widget\" data-widget_type=\"button.default\">\n\t\t\t\t<div class=\"elementor-widget-container\">\n\t\t\t\t\t\t\t\t\t<div class=\"elementor-button-wrapper\">\n\t\t\t\t\t<a class=\"elementor-button elementor-button-link elementor-size-sm\" href=\"\/fr\/employeurs\/primes-et-masse-salariale\/etablir-les-primes-et-le-taux\/\" aria-label=\"Learn more about determining premiums\">\n\t\t\t\t\t\t<span class=\"elementor-button-content-wrapper\">\n\t\t\t\t\t\t\t\t\t<span class=\"elementor-button-text\">Apprenez-en plus<\/span>\n\t\t\t\t\t<\/span>\n\t\t\t\t\t<\/a>\n\t\t\t\t<\/div>\n\t\t\t\t\t\t\t\t<\/div>\n\t\t\t\t<\/div>\n\t\t\t\t<\/div>\n\t\t<div class=\"elementor-element elementor-element-1bb78b0b e-con-full e-flex e-con e-child\" data-id=\"1bb78b0b\" data-element_type=\"container\" data-e-type=\"container\" data-settings=\"{&quot;background_background&quot;:&quot;classic&quot;}\">\n\t\t\t\t<div class=\"elementor-element elementor-element-2aec5a6b elementor-widget elementor-widget-text-editor\" data-id=\"2aec5a6b\" data-element_type=\"widget\" data-e-type=\"widget\" data-widget_type=\"text-editor.default\">\n\t\t\t\t<div class=\"elementor-widget-container\">\n\t\t\t\t\t\t\t\t\t<p><span class=\"g-font--big\">Payer votre prime<\/span><\/p>\n<p>Votre relev\u00e9 de compte indique le montant d\u00fb et les paiements exig\u00e9s. Plusieurs moyens s\u2019offrent \u00e0 vous pour payer votre prime.<\/p>\n\t\t\t\t\t\t\t\t<\/div>\n\t\t\t\t<\/div>\n\t\t\t\t<div class=\"elementor-element elementor-element-d9fccda elementor-button--arrow elementor-widget elementor-widget-button\" data-id=\"d9fccda\" data-element_type=\"widget\" data-e-type=\"widget\" data-widget_type=\"button.default\">\n\t\t\t\t<div class=\"elementor-widget-container\">\n\t\t\t\t\t\t\t\t\t<div class=\"elementor-button-wrapper\">\n\t\t\t\t\t<a class=\"elementor-button elementor-button-link elementor-size-sm\" href=\"https:\/\/www.wcb.mb.ca\/fr\/employeurs\/primes-et-masse-salariale\/payer-votre-prime\/\" aria-label=\"Learn more how to pay your premium\">\n\t\t\t\t\t\t<span class=\"elementor-button-content-wrapper\">\n\t\t\t\t\t\t\t\t\t<span class=\"elementor-button-text\">Apprenez-en plus<\/span>\n\t\t\t\t\t<\/span>\n\t\t\t\t\t<\/a>\n\t\t\t\t<\/div>\n\t\t\t\t\t\t\t\t<\/div>\n\t\t\t\t<\/div>\n\t\t\t\t<div class=\"elementor-element elementor-element-6386811 elementor-widget elementor-widget-image\" data-id=\"6386811\" data-element_type=\"widget\" data-e-type=\"widget\" data-widget_type=\"image.default\">\n\t\t\t\t<div class=\"elementor-widget-container\">\n\t\t\t\t\t\t\t\t\t\t\t\t\t\t\t<img fetchpriority=\"high\" decoding=\"async\" width=\"522\" height=\"348\" src=\"\/wp-content\/uploads\/2025\/04\/Business_ManSmilingTanShirtatLaptop_2025.jpg\" class=\"attachment-large size-large wp-image-19834\" alt=\"\" srcset=\"\/wp-content\/uploads\/2025\/04\/Business_ManSmilingTanShirtatLaptop_2025.jpg 522w, \/wp-content\/uploads\/2025\/04\/Business_ManSmilingTanShirtatLaptop_2025-300x200.jpg 300w\" sizes=\"(max-width: 522px) 100vw, 522px\" \/>\t\t\t\t\t\t\t\t\t\t\t\t\t\t\t<\/div>\n\t\t\t\t<\/div>\n\t\t\t\t<\/div>\n\t\t<div class=\"elementor-element elementor-element-468daec4 e-con-full e-flex e-con e-child\" data-id=\"468daec4\" data-element_type=\"container\" data-e-type=\"container\" data-settings=\"{&quot;background_background&quot;:&quot;classic&quot;}\">\n\t\t\t\t<div class=\"elementor-element elementor-element-2f046d9d elementor-widget elementor-widget-text-editor\" data-id=\"2f046d9d\" data-element_type=\"widget\" data-e-type=\"widget\" data-widget_type=\"text-editor.default\">\n\t\t\t\t<div class=\"elementor-widget-container\">\n\t\t\t\t\t\t\t\t\t<p><span class=\"g-font--big\">D\u00e9claration de la masse salariale<\/span><\/p>\n<p>Il est important de d\u00e9clarer votre masse salariale \u00e0 la WCB, puisque cette donn\u00e9e permet de calculer votre prime de la WCB. Vous devez produire cette d\u00e9claration chaque ann\u00e9e avant la derni\u00e8re journ\u00e9e de f\u00e9vrier.<\/p>\n\t\t\t\t\t\t\t\t<\/div>\n\t\t\t\t<\/div>\n\t\t\t\t<div class=\"elementor-element elementor-element-6c921ae8 elementor-button--arrow elementor-widget elementor-widget-button\" data-id=\"6c921ae8\" data-element_type=\"widget\" data-e-type=\"widget\" data-widget_type=\"button.default\">\n\t\t\t\t<div class=\"elementor-widget-container\">\n\t\t\t\t\t\t\t\t\t<div class=\"elementor-button-wrapper\">\n\t\t\t\t\t<a class=\"elementor-button elementor-button-link elementor-size-sm\" href=\"\/fr\/employeurs\/primes-et-masse-salariale\/declaration-de-la-masse-salariale\/\" aria-label=\"Learn more about reporting payroll\">\n\t\t\t\t\t\t<span class=\"elementor-button-content-wrapper\">\n\t\t\t\t\t\t\t\t\t<span class=\"elementor-button-text\">Apprenez-en plus<\/span>\n\t\t\t\t\t<\/span>\n\t\t\t\t\t<\/a>\n\t\t\t\t<\/div>\n\t\t\t\t\t\t\t\t<\/div>\n\t\t\t\t<\/div>\n\t\t\t\t<\/div>\n\t\t<div class=\"elementor-element elementor-element-9dd0630 e-con-full e-flex e-con e-child\" data-id=\"9dd0630\" data-element_type=\"container\" data-e-type=\"container\" data-settings=\"{&quot;background_background&quot;:&quot;classic&quot;}\">\n\t\t\t\t<div class=\"elementor-element elementor-element-047bf7a elementor-widget elementor-widget-text-editor\" data-id=\"047bf7a\" data-element_type=\"widget\" data-e-type=\"widget\" data-widget_type=\"text-editor.default\">\n\t\t\t\t<div class=\"elementor-widget-container\">\n\t\t\t\t\t\t\t\t\t<p><span class=\"g-font--big\">Cat\u00e9gories d\u2019industries<\/span><\/p>\n<p>Les employeurs inscrits aupr\u00e8s de la WCB sont affect\u00e9s \u00e0 une ou \u00e0 plusieurs cat\u00e9gories d\u2019industrie en fonction de leurs principales activit\u00e9s commerciales.<\/p>\n\t\t\t\t\t\t\t\t<\/div>\n\t\t\t\t<\/div>\n\t\t\t\t<div class=\"elementor-element elementor-element-2cdfd16 elementor-button--arrow elementor-widget elementor-widget-button\" data-id=\"2cdfd16\" data-element_type=\"widget\" data-e-type=\"widget\" data-widget_type=\"button.default\">\n\t\t\t\t<div class=\"elementor-widget-container\">\n\t\t\t\t\t\t\t\t\t<div class=\"elementor-button-wrapper\">\n\t\t\t\t\t<a class=\"elementor-button elementor-button-link elementor-size-sm\" href=\"https:\/\/www.wcb.mb.ca\/fr\/employeurs\/primes-et-masse-salariale\/categories-dindustrie\/\" aria-label=\"Learn more about industry classifications\">\n\t\t\t\t\t\t<span class=\"elementor-button-content-wrapper\">\n\t\t\t\t\t\t\t\t\t<span class=\"elementor-button-text\">Apprenez-en plus<\/span>\n\t\t\t\t\t<\/span>\n\t\t\t\t\t<\/a>\n\t\t\t\t<\/div>\n\t\t\t\t\t\t\t\t<\/div>\n\t\t\t\t<\/div>\n\t\t\t\t<\/div>\n\t\t<div class=\"elementor-element elementor-element-2862f93 e-con-full e-flex e-con e-child\" data-id=\"2862f93\" data-element_type=\"container\" data-e-type=\"container\" data-settings=\"{&quot;background_background&quot;:&quot;classic&quot;}\">\n\t\t\t\t<div class=\"elementor-element elementor-element-b59390b elementor-widget elementor-widget-text-editor\" data-id=\"b59390b\" data-element_type=\"widget\" data-e-type=\"widget\" data-widget_type=\"text-editor.default\">\n\t\t\t\t<div class=\"elementor-widget-container\">\n\t\t\t\t\t\t\t\t\t<p><span class=\"g-font--big\">Relev\u00e9s de compte <\/span><\/p>\n<p>Le relev\u00e9 de compte informe les employeurs de leur situation financi\u00e8re actuelle aupr\u00e8s de la WCB. Il fait office de rappel de paiements dus de m\u00eame que de r\u00e9sum\u00e9 comptable des transactions financi\u00e8res inscrites au compte.<\/p>\n\t\t\t\t\t\t\t\t<\/div>\n\t\t\t\t<\/div>\n\t\t\t\t<div class=\"elementor-element elementor-element-56dc399 elementor-button--arrow elementor-widget elementor-widget-button\" data-id=\"56dc399\" data-element_type=\"widget\" data-e-type=\"widget\" data-widget_type=\"button.default\">\n\t\t\t\t<div class=\"elementor-widget-container\">\n\t\t\t\t\t\t\t\t\t<div class=\"elementor-button-wrapper\">\n\t\t\t\t\t<a class=\"elementor-button elementor-button-link elementor-size-sm\" href=\"\/fr\/employeurs\/primes-et-masse-salariale\/cotisations-en-ligne\/\" aria-label=\"Learn more about account statements\">\n\t\t\t\t\t\t<span class=\"elementor-button-content-wrapper\">\n\t\t\t\t\t\t\t\t\t<span class=\"elementor-button-text\">Apprenez-en plus<\/span>\n\t\t\t\t\t<\/span>\n\t\t\t\t\t<\/a>\n\t\t\t\t<\/div>\n\t\t\t\t\t\t\t\t<\/div>\n\t\t\t\t<\/div>\n\t\t\t\t<\/div>\n\t\t\t\t<\/div>\n\t\t\t\t<div class=\"elementor-element elementor-element-37cae0b elementor-widget elementor-widget-text-editor\" data-id=\"37cae0b\" data-element_type=\"widget\" data-e-type=\"widget\" data-widget_type=\"text-editor.default\">\n\t\t\t\t<div class=\"elementor-widget-container\">\n\t\t\t\t\t\t\t\t\t<h2>Primes et risque<\/h2>\n<p>Les primes de la WCB sont calcul\u00e9es en fonction du risque, tout comme votre assurance habitation ou automobile\u00a0:&nbsp;&nbsp;<\/p>\n<p>Si votre lieu de travail pr\u00e9sente des risques plus \u00e9lev\u00e9s que d\u2019autres employeurs, vos primes seront plus \u00e9lev\u00e9es.&nbsp;<\/p>\n<p>Nous \u00e9valuons votre risque en fonction de vos co\u00fbts de r\u00e9clamation pass\u00e9s ou de votre historique. Si vous \u00eates un nouveau client, nous \u00e9valuons votre risque en nous basant sur les co\u00fbts de r\u00e9clamation pass\u00e9s d\u2019autres entreprises aux activit\u00e9s commerciales semblables. Nous classons votre entreprise dans un groupe d\u2019entreprises semblables appel\u00e9 <a href=\"https:\/\/www.wcb.mb.ca\/fr\/employeurs\/primes-et-masse-salariale\/categories-dindustrie\/\">cat\u00e9gorie d\u2019industrie<\/a>.<\/p>\n<p>Les primes d\u2019indemnisation des travailleurs sont un amalgame de responsabilit\u00e9s collectives et individuelles. Votre taux de prime est donc bas\u00e9 sur une combinaison du risque que des co\u00fbts soient engendr\u00e9s par une blessure en milieu de travail et du risque pr\u00e9sent dans les milieux de travail aux activit\u00e9s commerciales semblables.&nbsp;&nbsp;<\/p>\n<p>Vous pouvez prendre certaines mesures pour r\u00e9duire le risque et, potentiellement, votre prime.<\/p>\n\t\t\t\t\t\t\t\t<\/div>\n\t\t\t\t<\/div>\n\t\t\t\t\t<\/div>\n\t\t\t\t<\/div>\n\t\t\t\t<\/div>\n\t\t","protected":false},"excerpt":{"rendered":"<p>Primes et masse salariale L\u2019assurance de la WCB vous prot\u00e8ge, vous et vos employ\u00e9s, en cas de blessure ou de maladie professionnelle survenue en milieu de travail. L\u2019assurance contre les accidents du travail assure les salaires pendant que votre travailleur se r\u00e9tablit, assume les frais des prestations de soins de sant\u00e9 prolong\u00e9s et vous prot\u00e8ge [&hellip;]<\/p>\n","protected":false},"author":1,"featured_media":0,"parent":835,"menu_order":0,"comment_status":"closed","ping_status":"closed","template":"","meta":{"_acf_changed":false,"footnotes":""},"tags":[],"class_list":["post-19862","page","type-page","status-publish","hentry"],"acf":[],"_links":{"self":[{"href":"https:\/\/www.wcb.mb.ca\/fr\/wp-json\/wp\/v2\/pages\/19862","targetHints":{"allow":["GET"]}}],"collection":[{"href":"https:\/\/www.wcb.mb.ca\/fr\/wp-json\/wp\/v2\/pages"}],"about":[{"href":"https:\/\/www.wcb.mb.ca\/fr\/wp-json\/wp\/v2\/types\/page"}],"author":[{"embeddable":true,"href":"https:\/\/www.wcb.mb.ca\/fr\/wp-json\/wp\/v2\/users\/1"}],"replies":[{"embeddable":true,"href":"https:\/\/www.wcb.mb.ca\/fr\/wp-json\/wp\/v2\/comments?post=19862"}],"version-history":[{"count":6,"href":"https:\/\/www.wcb.mb.ca\/fr\/wp-json\/wp\/v2\/pages\/19862\/revisions"}],"predecessor-version":[{"id":22622,"href":"https:\/\/www.wcb.mb.ca\/fr\/wp-json\/wp\/v2\/pages\/19862\/revisions\/22622"}],"up":[{"embeddable":true,"href":"https:\/\/www.wcb.mb.ca\/fr\/wp-json\/wp\/v2\/pages\/835"}],"wp:attachment":[{"href":"https:\/\/www.wcb.mb.ca\/fr\/wp-json\/wp\/v2\/media?parent=19862"}],"wp:term":[{"taxonomy":"post_tag","embeddable":true,"href":"https:\/\/www.wcb.mb.ca\/fr\/wp-json\/wp\/v2\/tags?post=19862"}],"curies":[{"name":"wp","href":"https:\/\/api.w.org\/{rel}","templated":true}]}}