{"id":19856,"date":"2024-11-22T11:26:20","date_gmt":"2024-11-22T16:26:20","guid":{"rendered":"https:\/\/www.wcb.mb.ca\/?page_id=19856"},"modified":"2026-01-10T11:15:22","modified_gmt":"2026-01-10T16:15:22","slug":"protection-facultative-pour-les-entreprises","status":"publish","type":"page","link":"https:\/\/www.wcb.mb.ca\/fr\/employeurs\/protection-facultative\/protection-facultative-pour-les-entreprises\/","title":{"rendered":"Protection facultative pour les entreprises"},"content":{"rendered":"\t\t<div data-elementor-type=\"wp-page\" data-elementor-id=\"19856\" class=\"elementor elementor-19856 elementor-2399\" data-elementor-post-type=\"page\">\n\t\t\t\t<div class=\"elementor-element elementor-element-c13602a e-flex e-con-boxed e-con e-parent\" data-id=\"c13602a\" data-element_type=\"container\" data-e-type=\"container\">\n\t\t\t\t\t<div class=\"e-con-inner\">\n\t\t\t\t<div class=\"elementor-element elementor-element-8c3c7a2 elementor-widget elementor-widget-st-header-image\" data-id=\"8c3c7a2\" data-element_type=\"widget\" data-e-type=\"widget\" data-widget_type=\"st-header-image.default\">\n\t\t\t\t<div class=\"elementor-widget-container\">\n\t\t\t\t\t<div class=\"c-headerImage g-layout__padding c-headerImage--noImage\"><div class=\"c-headerImage__container g-layout__maxWidth\"><div class=\"c-headerImage__content\"><div ><h1>Protection facultative pour les entreprises<\/h1><\/div><\/div><\/div><\/div>\t\t\t\t<\/div>\n\t\t\t\t<\/div>\n\t\t\t\t\t<\/div>\n\t\t\t\t<\/div>\n\t\t<div class=\"elementor-element elementor-element-326a7be2 e-flex e-con-boxed e-con e-parent\" data-id=\"326a7be2\" data-element_type=\"container\" data-e-type=\"container\">\n\t\t\t\t\t<div class=\"e-con-inner\">\n\t\t<div class=\"elementor-element elementor-element-6d08f75e e-con-full e-flex e-con e-child\" data-id=\"6d08f75e\" data-element_type=\"container\" data-e-type=\"container\">\n\t\t\t\t<div class=\"elementor-element elementor-element-49ecca77 elementor-widget__width-initial elementor-widget elementor-widget-text-editor\" data-id=\"49ecca77\" data-element_type=\"widget\" data-e-type=\"widget\" data-widget_type=\"text-editor.default\">\n\t\t\t\t<div class=\"elementor-widget-container\">\n\t\t\t\t\t\t\t\t\t<p>Si votre entreprise appartient \u00e0 une industrie \u00e0 protection non obligatoire et que vous avez choisi de souscrire une protection facultative, vous devez offrir une couverture d\u2019indemnisation des travailleurs \u00e0 tous les employ\u00e9s de votre entreprise. Vous ne pouvez pas choisir d\u2019offrir une protection \u00e0 certains travailleurs et pas \u00e0 d\u2019autres au sein d\u2019une m\u00eame entreprise.<\/p>\n<p>La couverture d\u2019indemnisation des travailleurs peut m\u00eame s\u2019ajouter \u00e0 votre r\u00e9gime d\u2019assurance priv\u00e9.<\/p>\n\t\t\t\t\t\t\t\t<\/div>\n\t\t\t\t<\/div>\n\t\t\t\t<div class=\"elementor-element elementor-element-2aa4387 elementor-widget__width-initial elementor-widget elementor-widget-text-editor\" data-id=\"2aa4387\" data-element_type=\"widget\" data-e-type=\"widget\" data-widget_type=\"text-editor.default\">\n\t\t\t\t<div class=\"elementor-widget-container\">\n\t\t\t\t\t\t\t\t\t<h2>Aper\u00e7u de la protection<\/h2>\n<ul>\n<li>remplacement du salaire sans d\u00e9lai de carence&nbsp;<\/li>\n<li>prestations de soins m\u00e9dicaux et de r\u00e9adaptation&nbsp;<\/li>\n<li>paiement forfaitaire vers\u00e9 aux travailleurs atteints d\u2019une invalidit\u00e9 permanente partielle&nbsp;<\/li>\n<li>soutien au retour au travail accompagn\u00e9 de prestations pour la famille en cas de d\u00e9c\u00e8s ou de blessure grave en milieu de travail&nbsp;<\/li>\n<\/ul>\t\t\t\t\t\t\t\t<\/div>\n\t\t\t\t<\/div>\n\t\t\t\t<div class=\"elementor-element elementor-element-8a3c42f elementor-widget elementor-widget-text-editor\" data-id=\"8a3c42f\" data-element_type=\"widget\" data-e-type=\"widget\" id=\"contact\" data-widget_type=\"text-editor.default\">\n\t\t\t\t<div class=\"elementor-widget-container\">\n\t\t\t\t\t\t\t\t\t<h2>Avantages pour votre entreprise et vous<\/h2>\n<ul>\n<li>aucune franchise ni aucun d\u00e9lai de carence&nbsp;<\/li>\n<li>protection contre la responsabilit\u00e9 en cas de blessure assur\u00e9e (les assurances priv\u00e9es n\u2019offrent pas de protection contre les poursuites en justice)&nbsp;<\/li>\n<li>soutien offert par les conseillers en pr\u00e9vention et en retour au travail de la WCB&nbsp;<\/li>\n<\/ul>\t\t\t\t\t\t\t\t<\/div>\n\t\t\t\t<\/div>\n\t\t\t\t<div class=\"elementor-element elementor-element-c3f9235 elementor-widget elementor-widget-button\" data-id=\"c3f9235\" data-element_type=\"widget\" data-e-type=\"widget\" data-widget_type=\"button.default\">\n\t\t\t\t<div class=\"elementor-widget-container\">\n\t\t\t\t\t\t\t\t\t<div class=\"elementor-button-wrapper\">\n\t\t\t\t\t<a class=\"elementor-button elementor-button-link elementor-size-sm\" href=\"https:\/\/www.securewcb.mb.ca\/registrationrequest\/default.htm\" target=\"_blank\">\n\t\t\t\t\t\t<span class=\"elementor-button-content-wrapper\">\n\t\t\t\t\t\t\t\t\t<span class=\"elementor-button-text\">Pr\u00e9sentez une demande de protection facultative<\/span>\n\t\t\t\t\t<\/span>\n\t\t\t\t\t<\/a>\n\t\t\t\t<\/div>\n\t\t\t\t\t\t\t\t<\/div>\n\t\t\t\t<\/div>\n\t\t\t\t<\/div>\n\t\t<div class=\"elementor-element elementor-element-fcf4b5c e-con-full e-flex e-con e-child\" data-id=\"fcf4b5c\" data-element_type=\"container\" data-e-type=\"container\" data-settings=\"{&quot;background_background&quot;:&quot;classic&quot;}\">\n\t\t\t\t<div class=\"elementor-element elementor-element-13ae50d3 elementor-widget elementor-widget-st-link-list\" data-id=\"13ae50d3\" data-element_type=\"widget\" data-e-type=\"widget\" data-widget_type=\"st-link-list.default\">\n\t\t\t\t<div class=\"elementor-widget-container\">\n\t\t\t\t\t<div class=\"c-linkList c-linkList--default c-linkList--default\"><h2 class=\"c-linkList__title\"><span >Liens connexes<\/span><\/h2><div class=\"c-linkList__list\"><\/div><\/div>\t\t\t\t<\/div>\n\t\t\t\t<\/div>\n\t\t\t\t<div class=\"elementor-element elementor-element-1539770 elementor-widget elementor-widget-st-cats\" data-id=\"1539770\" data-element_type=\"widget\" data-e-type=\"widget\" data-widget_type=\"st-cats.default\">\n\t\t\t\t<div class=\"elementor-widget-container\">\n\t\t\t\t\t<div class=\"c-ctaList\"><\/div>\t\t\t\t<\/div>\n\t\t\t\t<\/div>\n\t\t\t\t<\/div>\n\t\t\t\t\t<\/div>\n\t\t\t\t<\/div>\n\t\t\t\t<\/div>\n\t\t","protected":false},"excerpt":{"rendered":"<p>Si votre entreprise appartient \u00e0 une industrie \u00e0 protection non obligatoire et que vous avez choisi de souscrire une protection facultative, vous devez offrir une couverture d\u2019indemnisation des travailleurs \u00e0 tous les employ\u00e9s de votre entreprise. Vous ne pouvez pas choisir d\u2019offrir une protection \u00e0 certains travailleurs et pas \u00e0 d\u2019autres au sein d\u2019une m\u00eame [&hellip;]<\/p>\n","protected":false},"author":1,"featured_media":0,"parent":19851,"menu_order":0,"comment_status":"closed","ping_status":"closed","template":"","meta":{"_acf_changed":false,"footnotes":""},"tags":[],"class_list":["post-19856","page","type-page","status-publish","hentry"],"acf":[],"_links":{"self":[{"href":"https:\/\/www.wcb.mb.ca\/fr\/wp-json\/wp\/v2\/pages\/19856","targetHints":{"allow":["GET"]}}],"collection":[{"href":"https:\/\/www.wcb.mb.ca\/fr\/wp-json\/wp\/v2\/pages"}],"about":[{"href":"https:\/\/www.wcb.mb.ca\/fr\/wp-json\/wp\/v2\/types\/page"}],"author":[{"embeddable":true,"href":"https:\/\/www.wcb.mb.ca\/fr\/wp-json\/wp\/v2\/users\/1"}],"replies":[{"embeddable":true,"href":"https:\/\/www.wcb.mb.ca\/fr\/wp-json\/wp\/v2\/comments?post=19856"}],"version-history":[{"count":1,"href":"https:\/\/www.wcb.mb.ca\/fr\/wp-json\/wp\/v2\/pages\/19856\/revisions"}],"predecessor-version":[{"id":19857,"href":"https:\/\/www.wcb.mb.ca\/fr\/wp-json\/wp\/v2\/pages\/19856\/revisions\/19857"}],"up":[{"embeddable":true,"href":"https:\/\/www.wcb.mb.ca\/fr\/wp-json\/wp\/v2\/pages\/19851"}],"wp:attachment":[{"href":"https:\/\/www.wcb.mb.ca\/fr\/wp-json\/wp\/v2\/media?parent=19856"}],"wp:term":[{"taxonomy":"post_tag","embeddable":true,"href":"https:\/\/www.wcb.mb.ca\/fr\/wp-json\/wp\/v2\/tags?post=19856"}],"curies":[{"name":"wp","href":"https:\/\/api.w.org\/{rel}","templated":true}]}}