{"id":19854,"date":"2025-03-14T11:42:20","date_gmt":"2025-03-14T15:42:20","guid":{"rendered":"https:\/\/www.wcb.mb.ca\/?page_id=19854"},"modified":"2026-01-10T11:15:29","modified_gmt":"2026-01-10T16:15:29","slug":"protection-facultative-pour-les-proprietaires-dentreprise","status":"publish","type":"page","link":"https:\/\/www.wcb.mb.ca\/fr\/employeurs\/protection-facultative\/protection-facultative-pour-les-proprietaires-dentreprise\/","title":{"rendered":"Protection facultative pour les propri\u00e9taires d\u2019entreprise"},"content":{"rendered":"\t\t<div data-elementor-type=\"wp-page\" data-elementor-id=\"19854\" class=\"elementor elementor-19854 elementor-10010\" data-elementor-post-type=\"page\">\n\t\t\t\t<div class=\"elementor-element elementor-element-ad53bbe e-flex e-con-boxed e-con e-parent\" data-id=\"ad53bbe\" data-element_type=\"container\" data-e-type=\"container\">\n\t\t\t\t\t<div class=\"e-con-inner\">\n\t\t\t\t<div class=\"elementor-element elementor-element-95dd7ce elementor-widget elementor-widget-st-header-image\" data-id=\"95dd7ce\" data-element_type=\"widget\" data-e-type=\"widget\" data-widget_type=\"st-header-image.default\">\n\t\t\t\t<div class=\"elementor-widget-container\">\n\t\t\t\t\t<div class=\"c-headerImage g-layout__padding c-headerImage--noImage\"><div class=\"c-headerImage__container g-layout__maxWidth\"><div class=\"c-headerImage__content\"><div ><h1>Protection facultative pour les propri\u00e9taires d\u2019entreprise<\/h1><\/div><\/div><\/div><\/div>\t\t\t\t<\/div>\n\t\t\t\t<\/div>\n\t\t\t\t\t<\/div>\n\t\t\t\t<\/div>\n\t\t<div class=\"elementor-element elementor-element-7e905f1c e-grid e-con-boxed e-con e-parent\" data-id=\"7e905f1c\" data-element_type=\"container\" data-e-type=\"container\">\n\t\t\t\t\t<div class=\"e-con-inner\">\n\t\t<div class=\"elementor-element elementor-element-4c962948 e-con-full e-flex e-con e-child\" data-id=\"4c962948\" data-element_type=\"container\" data-e-type=\"container\">\n\t\t\t\t<div class=\"elementor-element elementor-element-3929f707 elementor-widget__width-initial elementor-widget elementor-widget-text-editor\" data-id=\"3929f707\" data-element_type=\"widget\" data-e-type=\"widget\" data-widget_type=\"text-editor.default\">\n\t\t\t\t<div class=\"elementor-widget-container\">\n\t\t\t\t\t\t\t\t\t<p>La protection facultative est offerte aux travailleurs autonomes et aux propri\u00e9taires d\u2019entreprise, y compris les propri\u00e9taires uniques, les associ\u00e9s d\u2019affaires et les administrateurs de soci\u00e9t\u00e9s.\u202f Bien que vous n\u2019ayez pas l\u2019obligation de souscrire une protection, vous pourriez en profiter si vous vous blessez ou contractez une maladie au travail.\u202fLes avantages comprennent\u00a0:\u202f&nbsp;<\/p>\n<ul>\n<li>des prestations de remplacement du revenu\u202f&nbsp;<\/li>\n<li>le paiement des frais m\u00e9dicaux admissibles\u202f&nbsp;<\/li>\n<li>les frais de d\u00e9placement si vous devez vous d\u00e9placer pour recevoir des traitements m\u00e9dicaux\u202f&nbsp;<\/li>\n<li>les allocations de d\u00e9ficience permanente\u202f&nbsp;<\/li>\n<li>la r\u00e9adaptation professionnelle\u202f&nbsp;<\/li>\n<li>des indemnit\u00e9s \u00e0 l\u2019intention des personnes \u00e0 charge en cas de d\u00e9c\u00e8s\u202f<\/li>\n<\/ul>\n\t\t\t\t\t\t\t\t<\/div>\n\t\t\t\t<\/div>\n\t\t\t\t<div class=\"elementor-element elementor-element-704cb41 elementor-widget elementor-widget-button\" data-id=\"704cb41\" data-element_type=\"widget\" data-e-type=\"widget\" data-widget_type=\"button.default\">\n\t\t\t\t<div class=\"elementor-widget-container\">\n\t\t\t\t\t\t\t\t\t<div class=\"elementor-button-wrapper\">\n\t\t\t\t\t<a class=\"elementor-button elementor-button-link elementor-size-sm\" href=\"https:\/\/www.securewcb.mb.ca\/registrationrequest\/default.htm\" target=\"_blank\">\n\t\t\t\t\t\t<span class=\"elementor-button-content-wrapper\">\n\t\t\t\t\t\t\t\t\t<span class=\"elementor-button-text\">Pr\u00e9sentez une demande de protection facultative<\/span>\n\t\t\t\t\t<\/span>\n\t\t\t\t\t<\/a>\n\t\t\t\t<\/div>\n\t\t\t\t\t\t\t\t<\/div>\n\t\t\t\t<\/div>\n\t\t\t\t<div class=\"elementor-element elementor-element-3e5b3b5 elementor-widget__width-initial elementor-widget elementor-widget-text-editor\" data-id=\"3e5b3b5\" data-element_type=\"widget\" data-e-type=\"widget\" data-widget_type=\"text-editor.default\">\n\t\t\t\t<div class=\"elementor-widget-container\">\n\t\t\t\t\t\t\t\t\t<h2>Calcul des gains<\/h2>\n<p><strong>Administrateurs d\u00e9tenant 50\u00a0pour cent ou plus des parts de l\u2019entreprise<\/strong>&nbsp;<\/p>\n<p>Afin de calculer les gains des administrateurs d\u00e9tenant 50\u00a0pour cent ou plus des parts d\u2019une soci\u00e9t\u00e9, nous ajoutons le pourcentage de participation de l\u2019administrateur aux revenus nets de l\u2019entreprise et \u00e0 l\u2019amortissement\/la d\u00e9pr\u00e9ciation aux revenus d\u00e9clar\u00e9s sur le T4.&nbsp;<\/p>\n<p><strong>Administrateurs d\u00e9tenant moins de 50\u00a0pour cent des parts de l\u2019entreprise<\/strong>&nbsp;<\/p>\n<p>Afin de calculer les gains des administrateurs d\u00e9tenant moins de 50\u00a0pour cent des parts d\u2019une soci\u00e9t\u00e9, nous ne prenons en consid\u00e9ration que les revenus d\u00e9clar\u00e9s sur le T4.&nbsp;<\/p>\n<p><strong>Propri\u00e9taires uniques et associ\u00e9s<\/strong>&nbsp;<\/p>\n<p>Afin de calculer les gains des propri\u00e9taires uniques et des associ\u00e9s, nous ajoutons les d\u00e9ductions pour d\u00e9pr\u00e9ciation et amortissement ainsi que les frais d\u2019utilisation de la r\u00e9sidence aux fins de l\u2019entreprise aux gains d\u2019entreprise nets d\u00e9clar\u00e9s.&nbsp;<\/p>\n<p>Par exemple, si votre d\u00e9claration de revenus \u00e9tablit des revenus d\u2019entreprise nets de 20\u00a0000\u00a0$, une d\u00e9duction pour amortissement de 5\u00a0000\u00a0$ et une d\u00e9duction des frais d\u2019utilisation de la r\u00e9sidence aux fins de l\u2019entreprise de 2\u00a0000\u00a0$, vos gains s\u2019\u00e9tabliront \u00e0 27\u00a0000\u00a0$ (20\u00a0000\u00a0$ + 5\u00a0000 + 2\u00a0000\u00a0$).&nbsp;<\/p>\n<p>Une fois vos gains calcul\u00e9s, les prestations de remplacement du revenu sont bas\u00e9es sur le montant le moins \u00e9lev\u00e9 entre\u00a0:&nbsp;<\/p>\n<ul>\n<li>le niveau de protection achet\u00e9&nbsp;<\/li>\n<li>le montant des gains des ann\u00e9es ant\u00e9rieures que nous pouvons confirmer.&nbsp;<\/li>\n<\/ul>\n<p>Lorsque nous approuvons la protection demand\u00e9e selon les renseignements pr\u00e9sent\u00e9s, le niveau de protection reste en vigueur pendant l\u2019ann\u00e9e en cours et l\u2019ann\u00e9e suivante. Vous pouvez ajuster et recalculer vos gains en tout temps.<\/p>\n\t\t\t\t\t\t\t\t<\/div>\n\t\t\t\t<\/div>\n\t\t\t\t<\/div>\n\t\t<div class=\"elementor-element elementor-element-7a57c40 e-con-full e-flex e-con e-child\" data-id=\"7a57c40\" data-element_type=\"container\" data-e-type=\"container\" data-settings=\"{&quot;background_background&quot;:&quot;classic&quot;}\">\n\t\t\t\t<div class=\"elementor-element elementor-element-2c848169 elementor-widget elementor-widget-st-link-list\" data-id=\"2c848169\" data-element_type=\"widget\" data-e-type=\"widget\" data-widget_type=\"st-link-list.default\">\n\t\t\t\t<div class=\"elementor-widget-container\">\n\t\t\t\t\t<div class=\"c-linkList c-linkList--default c-linkList--default\"><h2 class=\"c-linkList__title\"><span >Liens connexes<\/span><\/h2><div class=\"c-linkList__list\"><\/div><\/div>\t\t\t\t<\/div>\n\t\t\t\t<\/div>\n\t\t\t\t<div class=\"elementor-element elementor-element-2d867e42 elementor-widget elementor-widget-st-cats\" data-id=\"2d867e42\" data-element_type=\"widget\" data-e-type=\"widget\" data-widget_type=\"st-cats.default\">\n\t\t\t\t<div class=\"elementor-widget-container\">\n\t\t\t\t\t<div class=\"c-ctaList\"><\/div>\t\t\t\t<\/div>\n\t\t\t\t<\/div>\n\t\t\t\t<\/div>\n\t\t\t\t\t<\/div>\n\t\t\t\t<\/div>\n\t\t\t\t<\/div>\n\t\t","protected":false},"excerpt":{"rendered":"<p>La protection facultative est offerte aux travailleurs autonomes et aux propri\u00e9taires d\u2019entreprise, y compris les propri\u00e9taires uniques, les associ\u00e9s d\u2019affaires et les administrateurs de soci\u00e9t\u00e9s.\u202f Bien que vous n\u2019ayez pas l\u2019obligation de souscrire une protection, vous pourriez en profiter si vous vous blessez ou contractez une maladie au travail.\u202fLes avantages comprennent\u00a0:\u202f&nbsp; des prestations de remplacement [&hellip;]<\/p>\n","protected":false},"author":1,"featured_media":0,"parent":19851,"menu_order":0,"comment_status":"closed","ping_status":"closed","template":"","meta":{"_acf_changed":false,"footnotes":""},"tags":[],"class_list":["post-19854","page","type-page","status-publish","hentry"],"acf":[],"_links":{"self":[{"href":"https:\/\/www.wcb.mb.ca\/fr\/wp-json\/wp\/v2\/pages\/19854","targetHints":{"allow":["GET"]}}],"collection":[{"href":"https:\/\/www.wcb.mb.ca\/fr\/wp-json\/wp\/v2\/pages"}],"about":[{"href":"https:\/\/www.wcb.mb.ca\/fr\/wp-json\/wp\/v2\/types\/page"}],"author":[{"embeddable":true,"href":"https:\/\/www.wcb.mb.ca\/fr\/wp-json\/wp\/v2\/users\/1"}],"replies":[{"embeddable":true,"href":"https:\/\/www.wcb.mb.ca\/fr\/wp-json\/wp\/v2\/comments?post=19854"}],"version-history":[{"count":1,"href":"https:\/\/www.wcb.mb.ca\/fr\/wp-json\/wp\/v2\/pages\/19854\/revisions"}],"predecessor-version":[{"id":19855,"href":"https:\/\/www.wcb.mb.ca\/fr\/wp-json\/wp\/v2\/pages\/19854\/revisions\/19855"}],"up":[{"embeddable":true,"href":"https:\/\/www.wcb.mb.ca\/fr\/wp-json\/wp\/v2\/pages\/19851"}],"wp:attachment":[{"href":"https:\/\/www.wcb.mb.ca\/fr\/wp-json\/wp\/v2\/media?parent=19854"}],"wp:term":[{"taxonomy":"post_tag","embeddable":true,"href":"https:\/\/www.wcb.mb.ca\/fr\/wp-json\/wp\/v2\/tags?post=19854"}],"curies":[{"name":"wp","href":"https:\/\/api.w.org\/{rel}","templated":true}]}}