{"id":19851,"date":"2024-11-22T11:07:36","date_gmt":"2024-11-22T16:07:36","guid":{"rendered":"https:\/\/www.wcb.mb.ca\/?page_id=19851"},"modified":"2026-01-10T11:23:07","modified_gmt":"2026-01-10T16:23:07","slug":"protection-facultative","status":"publish","type":"page","link":"https:\/\/www.wcb.mb.ca\/fr\/employeurs\/protection-facultative\/","title":{"rendered":"Protection facultative"},"content":{"rendered":"\t\t<div data-elementor-type=\"wp-page\" data-elementor-id=\"19851\" class=\"elementor elementor-19851 elementor-2386\" data-elementor-post-type=\"page\">\n\t\t\t\t<div class=\"elementor-element elementor-element-2817f4d e-flex e-con-boxed e-con e-parent\" data-id=\"2817f4d\" data-element_type=\"container\" data-e-type=\"container\">\n\t\t\t\t\t<div class=\"e-con-inner\">\n\t\t\t\t<div class=\"elementor-element elementor-element-46bfd00 elementor-widget elementor-widget-st-header-image\" data-id=\"46bfd00\" data-element_type=\"widget\" data-e-type=\"widget\" data-widget_type=\"st-header-image.default\">\n\t\t\t\t<div class=\"elementor-widget-container\">\n\t\t\t\t\t<div class=\"c-headerImage g-layout__padding c-headerImage--noImage\"><div class=\"c-headerImage__container g-layout__maxWidth\"><div class=\"c-headerImage__content\"><div ><h1><span lang=\"fr-ca\" data-contrast=\"none\">Protection facultative<\/span>&nbsp;<\/h1><\/div><\/div><\/div><\/div>\t\t\t\t<\/div>\n\t\t\t\t<\/div>\n\t\t\t\t\t<\/div>\n\t\t\t\t<\/div>\n\t\t<div class=\"elementor-element elementor-element-5009547 e-flex e-con-boxed e-con e-parent\" data-id=\"5009547\" data-element_type=\"container\" data-e-type=\"container\">\n\t\t\t\t\t<div class=\"e-con-inner\">\n\t\t<div class=\"elementor-element elementor-element-80072df e-con-full e-flex e-con e-child\" data-id=\"80072df\" data-element_type=\"container\" data-e-type=\"container\">\n\t\t\t\t<div class=\"elementor-element elementor-element-ccde683 elementor-widget__width-initial elementor-widget elementor-widget-text-editor\" data-id=\"ccde683\" data-element_type=\"widget\" data-e-type=\"widget\" data-widget_type=\"text-editor.default\">\n\t\t\t\t<div class=\"elementor-widget-container\">\n\t\t\t\t\t\t\t\t\t<p>Bien que la plupart des entreprises du Manitoba aient l\u2019obligation de souscrire une couverture d\u2019indemnisation des travailleurs, certains secteurs n\u2019ont pas l\u2019obligation de le faire. Nous proposons \u00e0 ces entreprises une protection facultative.<\/p>\n<p>La protection facultative offre des prestations compl\u00e8tes \u00e0 faible co\u00fbt pour vous prot\u00e9ger, vous et vos employ\u00e9s, en cas de blessure ou de maladie professionnelle survenue en milieu de travail. La couverture d\u2019indemnisation des travailleurs peut m\u00eame s\u2019ajouter \u00e0 votre r\u00e9gime d\u2019assurance priv\u00e9.<\/p>\n\t\t\t\t\t\t\t\t<\/div>\n\t\t\t\t<\/div>\n\t\t<div class=\"elementor-element elementor-element-82bc3b9 e-con-full e-grid e-con e-child\" data-id=\"82bc3b9\" data-element_type=\"container\" data-e-type=\"container\">\n\t\t<div class=\"elementor-element elementor-element-fb7fbf6 e-con-full e-flex e-con e-child\" data-id=\"fb7fbf6\" data-element_type=\"container\" data-e-type=\"container\" data-settings=\"{&quot;background_background&quot;:&quot;classic&quot;}\">\n\t\t\t\t<div class=\"elementor-element elementor-element-aa17b75 elementor-widget elementor-widget-text-editor\" data-id=\"aa17b75\" data-element_type=\"widget\" data-e-type=\"widget\" data-widget_type=\"text-editor.default\">\n\t\t\t\t<div class=\"elementor-widget-container\">\n\t\t\t\t\t\t\t\t\t<p><span class=\"g-font--big\">Protection facultative pour les propri\u00e9taires d\u2019entreprise<\/span><\/p>\n\t\t\t\t\t\t\t\t<\/div>\n\t\t\t\t<\/div>\n\t\t\t\t<div class=\"elementor-element elementor-element-c5a4ed6 elementor-button--arrow elementor-widget elementor-widget-button\" data-id=\"c5a4ed6\" data-element_type=\"widget\" data-e-type=\"widget\" data-widget_type=\"button.default\">\n\t\t\t\t<div class=\"elementor-widget-container\">\n\t\t\t\t\t\t\t\t\t<div class=\"elementor-button-wrapper\">\n\t\t\t\t\t<a class=\"elementor-button elementor-button-link elementor-size-sm\" href=\"https:\/\/www.wcb.mb.ca\/fr\/employeurs\/protection-facultative\/protection-facultative-pour-les-proprietaires-dentreprise\/\" aria-label=\"Learn more about optional coverage for business owners\">\n\t\t\t\t\t\t<span class=\"elementor-button-content-wrapper\">\n\t\t\t\t\t\t\t\t\t<span class=\"elementor-button-text\">Apprenez-en plus<\/span>\n\t\t\t\t\t<\/span>\n\t\t\t\t\t<\/a>\n\t\t\t\t<\/div>\n\t\t\t\t\t\t\t\t<\/div>\n\t\t\t\t<\/div>\n\t\t\t\t<div class=\"elementor-element elementor-element-074df98 elementor-widget elementor-widget-spacer\" data-id=\"074df98\" data-element_type=\"widget\" data-e-type=\"widget\" data-widget_type=\"spacer.default\">\n\t\t\t\t<div class=\"elementor-widget-container\">\n\t\t\t\t\t\t\t<div class=\"elementor-spacer\">\n\t\t\t<div class=\"elementor-spacer-inner\"><\/div>\n\t\t<\/div>\n\t\t\t\t\t\t<\/div>\n\t\t\t\t<\/div>\n\t\t\t\t<div class=\"elementor-element elementor-element-b0e3971 elementor-widget elementor-widget-image\" data-id=\"b0e3971\" data-element_type=\"widget\" data-e-type=\"widget\" data-widget_type=\"image.default\">\n\t\t\t\t<div class=\"elementor-widget-container\">\n\t\t\t\t\t\t\t\t\t\t\t\t\t\t\t<img fetchpriority=\"high\" decoding=\"async\" width=\"522\" height=\"348\" src=\"\/wp-content\/uploads\/2025\/03\/Horticulture_FemaleSmilingOutsideWarehouse_2024.jpg\" class=\"attachment-large size-large wp-image-19852\" alt=\"Female Smiling Outside Warehouse\" srcset=\"\/wp-content\/uploads\/2025\/03\/Horticulture_FemaleSmilingOutsideWarehouse_2024.jpg 522w, \/wp-content\/uploads\/2025\/03\/Horticulture_FemaleSmilingOutsideWarehouse_2024-300x200.jpg 300w\" sizes=\"(max-width: 522px) 100vw, 522px\" \/>\t\t\t\t\t\t\t\t\t\t\t\t\t\t\t<\/div>\n\t\t\t\t<\/div>\n\t\t\t\t<\/div>\n\t\t<div class=\"elementor-element elementor-element-def81a9 e-con-full e-flex e-con e-child\" data-id=\"def81a9\" data-element_type=\"container\" data-e-type=\"container\" data-settings=\"{&quot;background_background&quot;:&quot;classic&quot;}\">\n\t\t\t\t<div class=\"elementor-element elementor-element-4a00966 elementor-widget elementor-widget-text-editor\" data-id=\"4a00966\" data-element_type=\"widget\" data-e-type=\"widget\" data-widget_type=\"text-editor.default\">\n\t\t\t\t<div class=\"elementor-widget-container\">\n\t\t\t\t\t\t\t\t\t<p><span class=\"g-font--big\">Protection facultative pour les entreprises<\/span><\/p>\n\t\t\t\t\t\t\t\t<\/div>\n\t\t\t\t<\/div>\n\t\t\t\t<div class=\"elementor-element elementor-element-dfba6ed elementor-button--arrow elementor-widget elementor-widget-button\" data-id=\"dfba6ed\" data-element_type=\"widget\" data-e-type=\"widget\" data-widget_type=\"button.default\">\n\t\t\t\t<div class=\"elementor-widget-container\">\n\t\t\t\t\t\t\t\t\t<div class=\"elementor-button-wrapper\">\n\t\t\t\t\t<a class=\"elementor-button elementor-button-link elementor-size-sm\" href=\"https:\/\/www.wcb.mb.ca\/fr\/employeurs\/protection-facultative\/protection-facultative-pour-les-entreprises\/\" aria-label=\"Learn more about optional coverage for businesses\">\n\t\t\t\t\t\t<span class=\"elementor-button-content-wrapper\">\n\t\t\t\t\t\t\t\t\t<span class=\"elementor-button-text\">Apprenez-en plus<\/span>\n\t\t\t\t\t<\/span>\n\t\t\t\t\t<\/a>\n\t\t\t\t<\/div>\n\t\t\t\t\t\t\t\t<\/div>\n\t\t\t\t<\/div>\n\t\t\t\t<\/div>\n\t\t<div class=\"elementor-element elementor-element-71d4fe3 e-con-full e-flex e-con e-child\" data-id=\"71d4fe3\" data-element_type=\"container\" data-e-type=\"container\" data-settings=\"{&quot;background_background&quot;:&quot;classic&quot;}\">\n\t\t\t\t<div class=\"elementor-element elementor-element-245f612 elementor-widget elementor-widget-text-editor\" data-id=\"245f612\" data-element_type=\"widget\" data-e-type=\"widget\" data-widget_type=\"text-editor.default\">\n\t\t\t\t<div class=\"elementor-widget-container\">\n\t\t\t\t\t\t\t\t\t<p><span class=\"TextRun SCXW23733122 BCX0 g-font--big\" lang=\"fr-ca\" data-contrast=\"none\"><span class=\"NormalTextRun SCXW23733122 BCX0\" data-ccp-parastyle=\"Normal (Web)\">Protection facultative pour <\/span><span class=\"NormalTextRun SCXW23733122 BCX0\" data-ccp-parastyle=\"Normal (Web)\">l<\/span><span class=\"NormalTextRun SCXW23733122 BCX0\" data-ccp-parastyle=\"Normal (Web)\">es entrepreneurs ind\u00e9pendants<\/span><\/span><\/p>\n\t\t\t\t\t\t\t\t<\/div>\n\t\t\t\t<\/div>\n\t\t\t\t<div class=\"elementor-element elementor-element-7915565 elementor-button--arrow elementor-widget elementor-widget-button\" data-id=\"7915565\" data-element_type=\"widget\" data-e-type=\"widget\" data-widget_type=\"button.default\">\n\t\t\t\t<div class=\"elementor-widget-container\">\n\t\t\t\t\t\t\t\t\t<div class=\"elementor-button-wrapper\">\n\t\t\t\t\t<a class=\"elementor-button elementor-button-link elementor-size-sm\" href=\"https:\/\/www.wcb.mb.ca\/fr\/employeurs\/protection-facultative\/protection-facultative-pour-les-entrepreneurs-independants\/\" aria-label=\"Learn more about optional coverage for independent contractors\">\n\t\t\t\t\t\t<span class=\"elementor-button-content-wrapper\">\n\t\t\t\t\t\t\t\t\t<span class=\"elementor-button-text\">Apprenez-en plus<\/span>\n\t\t\t\t\t<\/span>\n\t\t\t\t\t<\/a>\n\t\t\t\t<\/div>\n\t\t\t\t\t\t\t\t<\/div>\n\t\t\t\t<\/div>\n\t\t\t\t<\/div>\n\t\t\t\t<\/div>\n\t\t\t\t<div class=\"elementor-element elementor-element-5e6f36a elementor-widget elementor-widget-text-editor\" data-id=\"5e6f36a\" data-element_type=\"widget\" data-e-type=\"widget\" data-widget_type=\"text-editor.default\">\n\t\t\t\t<div class=\"elementor-widget-container\">\n\t\t\t\t\t\t\t\t\t<h2>FAQ<\/h2>\n\t\t\t\t\t\t\t\t<\/div>\n\t\t\t\t<\/div>\n\t\t\t\t<div class=\"elementor-element elementor-element-5014489 elementor-widget elementor-widget-n-accordion\" data-id=\"5014489\" data-element_type=\"widget\" data-e-type=\"widget\" data-settings=\"{&quot;default_state&quot;:&quot;all_collapsed&quot;,&quot;max_items_expended&quot;:&quot;one&quot;,&quot;n_accordion_animation_duration&quot;:{&quot;unit&quot;:&quot;ms&quot;,&quot;size&quot;:400,&quot;sizes&quot;:[]}}\" data-widget_type=\"nested-accordion.default\">\n\t\t\t\t<div class=\"elementor-widget-container\">\n\t\t\t\t\t\t\t<div class=\"e-n-accordion\" aria-label=\"Accordion. Open links with Enter or Space, close with Escape, and navigate with Arrow Keys\">\n\t\t\t\t\t\t<details id=\"e-n-accordion-item-8390\" class=\"e-n-accordion-item\" >\n\t\t\t\t<summary class=\"e-n-accordion-item-title\" data-accordion-index=\"1\" tabindex=\"0\" aria-expanded=\"false\" aria-controls=\"e-n-accordion-item-8390\" >\n\t\t\t\t\t<span class='e-n-accordion-item-title-header'><div class=\"e-n-accordion-item-title-text\"> Comment faire pour renouveler ma protection facultative de la WCB? <\/div><\/span>\n\t\t\t\t\t\t\t<span class='e-n-accordion-item-title-icon'>\n\t\t\t<span class='e-opened' ><svg aria-hidden=\"true\" class=\"e-font-icon-svg e-fas-minus\" viewBox=\"0 0 448 512\" xmlns=\"http:\/\/www.w3.org\/2000\/svg\"><path d=\"M416 208H32c-17.67 0-32 14.33-32 32v32c0 17.67 14.33 32 32 32h384c17.67 0 32-14.33 32-32v-32c0-17.67-14.33-32-32-32z\"><\/path><\/svg><\/span>\n\t\t\t<span class='e-closed'><svg aria-hidden=\"true\" class=\"e-font-icon-svg e-fas-plus\" viewBox=\"0 0 448 512\" xmlns=\"http:\/\/www.w3.org\/2000\/svg\"><path d=\"M416 208H272V64c0-17.67-14.33-32-32-32h-32c-17.67 0-32 14.33-32 32v144H32c-17.67 0-32 14.33-32 32v32c0 17.67 14.33 32 32 32h144v144c0 17.67 14.33 32 32 32h32c17.67 0 32-14.33 32-32V304h144c17.67 0 32-14.33 32-32v-32c0-17.67-14.33-32-32-32z\"><\/path><\/svg><\/span>\n\t\t<\/span>\n\n\t\t\t\t\t\t<\/summary>\n\t\t\t\t<div role=\"region\" aria-labelledby=\"e-n-accordion-item-8390\" class=\"elementor-element elementor-element-3508f74 e-con-full e-flex e-con e-child\" data-id=\"3508f74\" data-element_type=\"container\" data-e-type=\"container\">\n\t\t\t\t<div class=\"elementor-element elementor-element-658befc elementor-widget elementor-widget-text-editor\" data-id=\"658befc\" data-element_type=\"widget\" data-e-type=\"widget\" data-widget_type=\"text-editor.default\">\n\t\t\t\t<div class=\"elementor-widget-container\">\n\t\t\t\t\t\t\t\t\t<p>Nous vous recommandons de v\u00e9rifier le total de vos gains une fois par ann\u00e9e, avant le 31\u00a0d\u00e9cembre. Votre protection sera automatiquement renouvel\u00e9e aux m\u00eames conditions le 1er\u00a0janvier de chaque ann\u00e9e. Nous utiliserons tout nouveau renseignement fourni avant le 31\u00a0d\u00e9cembre pour \u00e9tablir vos primes pour l\u2019ann\u00e9e suivante. Cependant, si vous avez achet\u00e9 le niveau de protection minimum, votre protection sera renouvel\u00e9e selon le nouveau montant minimum de protection, lequel est recalcul\u00e9 chaque ann\u00e9e.\u202f<\/p>\n\t\t\t\t\t\t\t\t<\/div>\n\t\t\t\t<\/div>\n\t\t\t\t<\/div>\n\t\t\t\t\t<\/details>\n\t\t\t\t\t\t<details id=\"e-n-accordion-item-8391\" class=\"e-n-accordion-item\" >\n\t\t\t\t<summary class=\"e-n-accordion-item-title\" data-accordion-index=\"2\" tabindex=\"-1\" aria-expanded=\"false\" aria-controls=\"e-n-accordion-item-8391\" >\n\t\t\t\t\t<span class='e-n-accordion-item-title-header'><div class=\"e-n-accordion-item-title-text\"> Comment faire pour annuler ou modifier ma protection facultative de la WCB? <\/div><\/span>\n\t\t\t\t\t\t\t<span class='e-n-accordion-item-title-icon'>\n\t\t\t<span class='e-opened' ><svg aria-hidden=\"true\" class=\"e-font-icon-svg e-fas-minus\" viewBox=\"0 0 448 512\" xmlns=\"http:\/\/www.w3.org\/2000\/svg\"><path d=\"M416 208H32c-17.67 0-32 14.33-32 32v32c0 17.67 14.33 32 32 32h384c17.67 0 32-14.33 32-32v-32c0-17.67-14.33-32-32-32z\"><\/path><\/svg><\/span>\n\t\t\t<span class='e-closed'><svg aria-hidden=\"true\" class=\"e-font-icon-svg e-fas-plus\" viewBox=\"0 0 448 512\" xmlns=\"http:\/\/www.w3.org\/2000\/svg\"><path d=\"M416 208H272V64c0-17.67-14.33-32-32-32h-32c-17.67 0-32 14.33-32 32v144H32c-17.67 0-32 14.33-32 32v32c0 17.67 14.33 32 32 32h144v144c0 17.67 14.33 32 32 32h32c17.67 0 32-14.33 32-32V304h144c17.67 0 32-14.33 32-32v-32c0-17.67-14.33-32-32-32z\"><\/path><\/svg><\/span>\n\t\t<\/span>\n\n\t\t\t\t\t\t<\/summary>\n\t\t\t\t<div role=\"region\" aria-labelledby=\"e-n-accordion-item-8391\" class=\"elementor-element elementor-element-75b6e42 e-con-full e-flex e-con e-child\" data-id=\"75b6e42\" data-element_type=\"container\" data-e-type=\"container\">\n\t\t\t\t<div class=\"elementor-element elementor-element-e0c3288 elementor-widget elementor-widget-text-editor\" data-id=\"e0c3288\" data-element_type=\"widget\" data-e-type=\"widget\" data-widget_type=\"text-editor.default\">\n\t\t\t\t<div class=\"elementor-widget-container\">\n\t\t\t\t\t\t\t\t\t<p>Pour annuler votre protection ou en modifier le niveau, communiquez avec le Service des cotisations. Assurez-vous de nous communiquer tout changement d\u00e9sir\u00e9 avant le 31\u00a0d\u00e9cembre de chaque ann\u00e9e, tout particuli\u00e8rement si vous souhaitez annuler votre protection ou r\u00e9duire ou augmenter votre niveau de protection. Autrement, votre protection sera automatiquement renouvel\u00e9e le 1er\u00a0janvier, aux m\u00eames conditions.<\/p>\n\t\t\t\t\t\t\t\t<\/div>\n\t\t\t\t<\/div>\n\t\t\t\t<\/div>\n\t\t\t\t\t<\/details>\n\t\t\t\t\t<\/div>\n\t\t\t\t\t<script type=\"application\/ld+json\">{\"@context\":\"https:\\\/\\\/schema.org\",\"@type\":\"FAQPage\",\"mainEntity\":[{\"@type\":\"Question\",\"name\":\"Comment faire pour renouveler ma protection facultative de la WCB?\",\"acceptedAnswer\":{\"@type\":\"Answer\",\"text\":\"Nous vous recommandons de v\\u00e9rifier le total de vos gains une fois par ann\\u00e9e, avant le 31\\u00a0d\\u00e9cembre. Votre protection sera automatiquement renouvel\\u00e9e aux m\\u00eames conditions le 1er\\u00a0janvier de chaque ann\\u00e9e. Nous utiliserons tout nouveau renseignement fourni avant le 31\\u00a0d\\u00e9cembre pour \\u00e9tablir vos primes pour l\\u2019ann\\u00e9e suivante. Cependant, si vous avez achet\\u00e9 le niveau de protection minimum, votre protection sera renouvel\\u00e9e selon le nouveau montant minimum de protection, lequel est recalcul\\u00e9 chaque ann\\u00e9e.\\u202f\"}},{\"@type\":\"Question\",\"name\":\"Comment faire pour annuler ou modifier ma protection facultative de la WCB?\",\"acceptedAnswer\":{\"@type\":\"Answer\",\"text\":\"Pour annuler votre protection ou en modifier le niveau, communiquez avec le Service des cotisations. Assurez-vous de nous communiquer tout changement d\\u00e9sir\\u00e9 avant le 31\\u00a0d\\u00e9cembre de chaque ann\\u00e9e, tout particuli\\u00e8rement si vous souhaitez annuler votre protection ou r\\u00e9duire ou augmenter votre niveau de protection. Autrement, votre protection sera automatiquement renouvel\\u00e9e le 1er\\u00a0janvier, aux m\\u00eames conditions.\"}}]}<\/script>\n\t\t\t\t\t\t\t<\/div>\n\t\t\t\t<\/div>\n\t\t\t\t<div class=\"elementor-element elementor-element-c8a8b0a elementor-widget elementor-widget-text-editor\" data-id=\"c8a8b0a\" data-element_type=\"widget\" data-e-type=\"widget\" id=\"contact\" data-widget_type=\"text-editor.default\">\n\t\t\t\t<div class=\"elementor-widget-container\">\n\t\t\t\t\t\t\t\t\t<p>&nbsp;<\/p>\n<h2>Coordonn\u00e9es<\/h2>\n<p>Pour obtenir de plus amples renseignements au sujet de la protection facultative offerte par la WCB, communiquez avec le Service des cotisations\u00a0:<\/p>\n\t\t\t\t\t\t\t\t<\/div>\n\t\t\t\t<\/div>\n\t\t\t\t<div class=\"elementor-element elementor-element-1b0231b elementor-widget elementor-widget-global elementor-global-4603 elementor-widget-text-editor\" data-id=\"1b0231b\" data-element_type=\"widget\" data-e-type=\"widget\" id=\"contact\" data-widget_type=\"text-editor.default\">\n\t\t\t\t<div class=\"elementor-widget-container\">\n\t\t\t\t\t\t\t\t\t<p>Email: <a href=\"mailto:assessmentservices@wcb.mb.ca\">assessmentservices@wcb.mb.ca<\/a>\u00a0<br \/>Phone (Winnipeg): 204-954-4505<br \/>Toll-free: 1-855-954-4321, ext. 4505\u00a0<\/p>\t\t\t\t\t\t\t\t<\/div>\n\t\t\t\t<\/div>\n\t\t\t\t<\/div>\n\t\t<div class=\"elementor-element elementor-element-f193669 e-con-full e-flex e-con e-child\" data-id=\"f193669\" data-element_type=\"container\" data-e-type=\"container\" data-settings=\"{&quot;background_background&quot;:&quot;classic&quot;}\">\n\t\t\t\t<div class=\"elementor-element elementor-element-8d480d9 elementor-widget elementor-widget-st-link-list\" data-id=\"8d480d9\" data-element_type=\"widget\" data-e-type=\"widget\" data-widget_type=\"st-link-list.default\">\n\t\t\t\t<div class=\"elementor-widget-container\">\n\t\t\t\t\t<div class=\"c-linkList c-linkList--default c-linkList--default\"><h2 class=\"c-linkList__title\"><span >Liens connexes<\/span><\/h2><div class=\"c-linkList__list\"><\/div><\/div>\t\t\t\t<\/div>\n\t\t\t\t<\/div>\n\t\t\t\t<div class=\"elementor-element elementor-element-20cfbcb elementor-widget elementor-widget-st-cats\" data-id=\"20cfbcb\" data-element_type=\"widget\" data-e-type=\"widget\" data-widget_type=\"st-cats.default\">\n\t\t\t\t<div class=\"elementor-widget-container\">\n\t\t\t\t\t<div class=\"c-ctaList\"><\/div>\t\t\t\t<\/div>\n\t\t\t\t<\/div>\n\t\t\t\t<\/div>\n\t\t\t\t\t<\/div>\n\t\t\t\t<\/div>\n\t\t\t\t<\/div>\n\t\t","protected":false},"excerpt":{"rendered":"<p>Protection facultative&nbsp; Bien que la plupart des entreprises du Manitoba aient l\u2019obligation de souscrire une couverture d\u2019indemnisation des travailleurs, certains secteurs n\u2019ont pas l\u2019obligation de le faire. Nous proposons \u00e0 ces entreprises une protection facultative. La protection facultative offre des prestations compl\u00e8tes \u00e0 faible co\u00fbt pour vous prot\u00e9ger, vous et vos employ\u00e9s, en cas de [&hellip;]<\/p>\n","protected":false},"author":1,"featured_media":0,"parent":835,"menu_order":0,"comment_status":"closed","ping_status":"closed","template":"","meta":{"_acf_changed":false,"footnotes":""},"tags":[],"class_list":["post-19851","page","type-page","status-publish","hentry"],"acf":[],"_links":{"self":[{"href":"https:\/\/www.wcb.mb.ca\/fr\/wp-json\/wp\/v2\/pages\/19851","targetHints":{"allow":["GET"]}}],"collection":[{"href":"https:\/\/www.wcb.mb.ca\/fr\/wp-json\/wp\/v2\/pages"}],"about":[{"href":"https:\/\/www.wcb.mb.ca\/fr\/wp-json\/wp\/v2\/types\/page"}],"author":[{"embeddable":true,"href":"https:\/\/www.wcb.mb.ca\/fr\/wp-json\/wp\/v2\/users\/1"}],"replies":[{"embeddable":true,"href":"https:\/\/www.wcb.mb.ca\/fr\/wp-json\/wp\/v2\/comments?post=19851"}],"version-history":[{"count":2,"href":"https:\/\/www.wcb.mb.ca\/fr\/wp-json\/wp\/v2\/pages\/19851\/revisions"}],"predecessor-version":[{"id":21764,"href":"https:\/\/www.wcb.mb.ca\/fr\/wp-json\/wp\/v2\/pages\/19851\/revisions\/21764"}],"up":[{"embeddable":true,"href":"https:\/\/www.wcb.mb.ca\/fr\/wp-json\/wp\/v2\/pages\/835"}],"wp:attachment":[{"href":"https:\/\/www.wcb.mb.ca\/fr\/wp-json\/wp\/v2\/media?parent=19851"}],"wp:term":[{"taxonomy":"post_tag","embeddable":true,"href":"https:\/\/www.wcb.mb.ca\/fr\/wp-json\/wp\/v2\/tags?post=19851"}],"curies":[{"name":"wp","href":"https:\/\/api.w.org\/{rel}","templated":true}]}}