{"id":19847,"date":"2025-03-27T11:39:30","date_gmt":"2025-03-27T15:39:30","guid":{"rendered":"https:\/\/www.wcb.mb.ca\/?page_id=19847"},"modified":"2026-01-14T16:42:14","modified_gmt":"2026-01-14T21:42:14","slug":"enquetes-et-penalites","status":"publish","type":"page","link":"https:\/\/www.wcb.mb.ca\/fr\/employeurs\/droits-et-responsabilites-des-employeurs\/enquetes-et-penalites\/","title":{"rendered":"Enqu\u00eates et p\u00e9nalit\u00e9s"},"content":{"rendered":"\t\t<div data-elementor-type=\"wp-page\" data-elementor-id=\"19847\" class=\"elementor elementor-19847 elementor-11914\" data-elementor-post-type=\"page\">\n\t\t\t\t<div class=\"elementor-element elementor-element-843ba1a e-flex e-con-boxed e-con e-parent\" data-id=\"843ba1a\" data-element_type=\"container\" data-e-type=\"container\">\n\t\t\t\t\t<div class=\"e-con-inner\">\n\t\t\t\t<div class=\"elementor-element elementor-element-b64885a elementor-widget elementor-widget-st-header-image\" data-id=\"b64885a\" data-element_type=\"widget\" data-e-type=\"widget\" data-widget_type=\"st-header-image.default\">\n\t\t\t\t<div class=\"elementor-widget-container\">\n\t\t\t\t\t<div class=\"c-headerImage g-layout__padding c-headerImage--noImage\"><div class=\"c-headerImage__container g-layout__maxWidth\"><div class=\"c-headerImage__content\"><div ><h1>Enqu\u00eates et p\u00e9nalit\u00e9s<\/h1><\/div><\/div><\/div><\/div>\t\t\t\t<\/div>\n\t\t\t\t<\/div>\n\t\t\t\t\t<\/div>\n\t\t\t\t<\/div>\n\t\t<div class=\"elementor-element elementor-element-2583f916 e-grid e-con-boxed e-con e-parent\" data-id=\"2583f916\" data-element_type=\"container\" data-e-type=\"container\">\n\t\t\t\t\t<div class=\"e-con-inner\">\n\t\t<div class=\"elementor-element elementor-element-7aca5787 e-con-full e-flex e-con e-child\" data-id=\"7aca5787\" data-element_type=\"container\" data-e-type=\"container\">\n\t\t\t\t<div class=\"elementor-element elementor-element-6adc264 elementor-widget elementor-widget-text-editor\" data-id=\"6adc264\" data-element_type=\"widget\" data-e-type=\"widget\" data-widget_type=\"text-editor.default\">\n\t\t\t\t<div class=\"elementor-widget-container\">\n\t\t\t\t\t\t\t\t\t<p>La WCB s\u2019est engag\u00e9e \u00e0 maintenir un syst\u00e8me d\u2019indemnisation des travailleurs \u00e9quitable, transparent et accessible. En comprenant vos droits et responsabilit\u00e9s, vous contribuez \u00e0 renforcer le syst\u00e8me pour le bien de tous.<\/p>\n\t\t\t\t\t\t\t\t<\/div>\n\t\t\t\t<\/div>\n\t\t\t\t<div class=\"elementor-element elementor-element-60ca441 elementor-widget elementor-widget-text-editor\" data-id=\"60ca441\" data-element_type=\"widget\" data-e-type=\"widget\" data-widget_type=\"text-editor.default\">\n\t\t\t\t<div class=\"elementor-widget-container\">\n\t\t\t\t\t\t\t\t\t<h2>Notre engagement<\/h2><p><strong>Informer les intervenants<\/strong>\u00a0: Nous transmettons des renseignements clairs au sujet des r\u00e8gles et obligations qui se rattachent au syst\u00e8me d\u2019indemnisation des travailleurs.\u00a0<\/p><p><strong>Rep\u00e9rer les points faibles<\/strong>\u00a0: Nous \u00e9laborons des outils pour cerner les zones de faiblesse et offrir du soutien suppl\u00e9mentaire, au besoin.\u00a0<\/p><p><strong>Faire respecter la conformit\u00e9<\/strong>\u00a0: Nous prenons des mesures contre les personnes qui ne respectent pas la loi.\u00a0<\/p><p>Les employeurs et les intervenants sont responsables de remplir leurs obligations en vertu de la\u202f<em>Loi sur les accidents du travail <\/em>(la Loi).\u00a0\u00a0<\/p><p>Si les informations sont suffisantes, tout signalement de non-conformit\u00e9 pr\u00e9sum\u00e9e est \u00e9valu\u00e9 et une enqu\u00eate est ouverte.\u202fSi l\u2019enqu\u00eate d\u00e9termine que l\u2019intervenant n\u2019a pas rempli ses obligations, ce dernier peut se voir imposer des p\u00e9nalit\u00e9s.\u00a0\u00a0<\/p><p>La WCB publie les p\u00e9nalit\u00e9s afin d\u2019informer les employeurs et les travailleurs de leurs responsabilit\u00e9s l\u00e9gales.\u00a0\u00a0<\/p><p><a href=\"\/fr\/signalement-des-penalites\/\"><strong>Vous pouvez consulter la liste des personnes qui ont re\u00e7u des p\u00e9nalit\u00e9s ici<\/strong><\/a><strong>.<\/strong>\u00a0<\/p><p>Une p\u00e9nalit\u00e9 peut \u00eatre impos\u00e9e pour les infractions suivantes :<\/p>\t\t\t\t\t\t\t\t<\/div>\n\t\t\t\t<\/div>\n\t\t\t\t<div class=\"elementor-element elementor-element-be4133f elementor-widget elementor-widget-text-editor\" data-id=\"be4133f\" data-element_type=\"widget\" data-e-type=\"widget\" data-widget_type=\"text-editor.default\">\n\t\t\t\t<div class=\"elementor-widget-container\">\n\t\t\t\t\t\t\t\t\t<table aria-rowcount=\"8\">\n<colgroup>\n<col style=\"width: 50%;\" span=\"1\" \/>\n<col style=\"width: 50%;\" span=\"1\" \/> <\/colgroup>\n<thead>\n<tr aria-rowindex=\"1\">\n<th data-celllook=\"65536\">\n<p>Infractions par les employeurs<\/p>\n<\/th>\n<th data-celllook=\"65536\">\n<p>P\u00e9nalit\u00e9<\/p>\n<\/th>\n<\/tr>\n<\/thead>\n<tbody>\n<tr aria-rowindex=\"2\">\n<td data-celllook=\"0\">\n<p>D\u00e9courager ou emp\u00eacher un travailleur de pr\u00e9senter une r\u00e9clamation aupr\u00e8s de la WCB ou d\u2019y donner suite.\u00a0<\/p>\n<\/td>\n<td data-celllook=\"0\">\n<p style=\"text-align: center;\">4\u00a0000 \u00e0 6\u00a0000\u00a0$<\/p>\n<\/td>\n<\/tr>\n<tr aria-rowindex=\"3\">\n<td data-celllook=\"0\">\n<p>Repr\u00e9sailles \u00e0 l\u2019endroit d\u2019un travailleur qui d\u00e9pose une r\u00e9clamation \u00e0 la WCB, sollicite de l\u2019attention m\u00e9dicale \u00e0 la suite d\u2019une blessure survenue en milieu de travail ou exerce un autre de ses droits octroy\u00e9s par la WCB.\u00a0<\/p>\n<\/td>\n<td data-celllook=\"0\">\n<p style=\"text-align: center;\">4\u00a0000 \u00e0 6\u00a0000\u00a0$<\/p>\n<\/td>\n<\/tr>\n<tr aria-rowindex=\"4\">\n<td data-celllook=\"0\">\n<p>Refus de r\u00e9embaucher un travailleur bless\u00e9.\u00a0<\/p>\n<p>&nbsp;<\/p>\n<\/td>\n<td data-celllook=\"0\">\n<p>Dans la plupart des cas, les gains moyens du travailleur des trois, six ou douze mois avant l\u2019incident. Consultez le <a href=\"https:\/\/web2.gov.mb.ca\/laws\/regs\/current\/071-2021.php?lang=en\" target=\"_blank\" rel=\"noopener\">R\u00e8glement sur les sanctions administratives<\/a>.\u00a0<\/p>\n<\/td>\n<\/tr>\n<tr aria-rowindex=\"5\">\n<td data-celllook=\"0\">\n<p>Omission de signaler une blessure survenue en milieu de travail \u00e0 la WCB.\u00a0<\/p>\n<\/td>\n<td data-celllook=\"0\">\n<p style=\"text-align: center;\">500\u00a0$<\/p>\n<\/td>\n<\/tr>\n<tr aria-rowindex=\"6\">\n<td data-celllook=\"0\">\n<p>Omission de fournir les informations se rapportant \u00e0 la r\u00e9clamation demand\u00e9es par la WCB.\u00a0\u00a0<\/p>\n<\/td>\n<td data-celllook=\"0\">\n<p style=\"text-align: center;\">500\u00a0$<\/p>\n<\/td>\n<\/tr>\n<tr aria-rowindex=\"7\">\n<td data-celllook=\"0\">\n<p>Imputer les co\u00fbts de la WCB au travailleur (c.-\u00e0-d. retenue de salaire).\u00a0<\/p>\n<\/td>\n<td data-celllook=\"0\">\n<p>225\u00a0$, en plus du remboursement des travailleurs concern\u00e9s\u00a0<\/p>\n<\/td>\n<\/tr>\n<tr aria-rowindex=\"8\">\n<td data-celllook=\"0\">\n<p>Refus de verser au travailleur le montant pour son plein quart de travail le jour de l\u2019incident.\u00a0<\/p>\n<\/td>\n<td data-celllook=\"0\">\n<p style=\"text-align: center;\">225\u00a0$<\/p>\n<\/td>\n<\/tr>\n<\/tbody>\n<\/table>\n\t\t\t\t\t\t\t\t<\/div>\n\t\t\t\t<\/div>\n\t\t\t\t<div class=\"elementor-element elementor-element-9fd19ea elementor-widget elementor-widget-text-editor\" data-id=\"9fd19ea\" data-element_type=\"widget\" data-e-type=\"widget\" data-widget_type=\"text-editor.default\">\n\t\t\t\t<div class=\"elementor-widget-container\">\n\t\t\t\t\t\t\t\t\t<table aria-rowcount=\"6\">\n<colgroup>\n<col style=\"width: 50%;\" span=\"1\" \/>\n<col style=\"width: 50%;\" span=\"1\" \/> <\/colgroup>\n<thead>\n<tr aria-rowindex=\"1\">\n<th data-celllook=\"65536\">\n<p>Infractions commises par les employeurs en mati\u00e8re de masse salariale<\/p>\n<\/th>\n<th data-celllook=\"65536\">\n<p>P\u00e9nalit\u00e9<\/p>\n<\/th>\n<\/tr>\n<\/thead>\n<tbody>\n<tr aria-rowindex=\"2\">\n<td data-celllook=\"0\">\n<p>Renseignements de masse salariale inexacts soumis pour calculer le montant de la cotisation annuelle.\u00a0<\/p>\n<\/td>\n<td data-celllook=\"0\">\n<p style=\"text-align: center;\">500\u00a0$<\/p>\n<\/td>\n<\/tr>\n<tr aria-rowindex=\"3\">\n<td data-celllook=\"0\">\n<p>Omission de conserver les dossiers de masse salariale ou de fournir les renseignements sur la nature du travail.\u00a0<\/p>\n<\/td>\n<td data-celllook=\"0\">\n<p style=\"text-align: center;\">500 \u00e0 5\u00a0000\u00a0$<\/p>\n<\/td>\n<\/tr>\n<tr aria-rowindex=\"4\">\n<td data-celllook=\"0\">\n<p>La WCB ne re\u00e7oit pas les renseignements requis sur la masse salariale avant la date d\u2019\u00e9ch\u00e9ance.\u00a0<\/p>\n<\/td>\n<td data-celllook=\"0\">\n<p>5\u00a0% des primes de l\u2019ann\u00e9e en cours, jusqu\u2019\u00e0 concurrence de 5\u00a0000\u00a0$\u00a0<\/p>\n<\/td>\n<\/tr>\n<tr aria-rowindex=\"5\">\n<td data-celllook=\"0\">\n<p>La WCB ne re\u00e7oit pas les renseignements requis sur la masse salariale.\u00a0<\/p>\n<\/td>\n<td data-celllook=\"0\">\n<p>10\u00a0% des primes de l\u2019ann\u00e9e en cours, jusqu\u2019\u00e0 concurrence de 5\u00a0000\u00a0$\u00a0<\/p>\n<\/td>\n<\/tr>\n<tr aria-rowindex=\"6\">\n<td data-celllook=\"0\">\n<p>D\u00e9clarer un montant inf\u00e9rieur \u00e0 la masse salariale r\u00e9elle.\u00a0<\/p>\n<p>&nbsp;<\/p>\n<\/td>\n<td data-celllook=\"0\">\n<p>15\u00a0% de la diff\u00e9rence de prime entre la masse salariale audit\u00e9e et la masse salariale r\u00e9elle, jusqu\u2019\u00e0 un maximum de 5\u00a0000\u00a0$\u00a0<\/p>\n<\/td>\n<\/tr>\n<\/tbody>\n<\/table>\n\t\t\t\t\t\t\t\t<\/div>\n\t\t\t\t<\/div>\n\t\t\t\t<div class=\"elementor-element elementor-element-443521e elementor-widget elementor-widget-text-editor\" data-id=\"443521e\" data-element_type=\"widget\" data-e-type=\"widget\" data-widget_type=\"text-editor.default\">\n\t\t\t\t<div class=\"elementor-widget-container\">\n\t\t\t\t\t\t\t\t\t<table aria-rowcount=\"4\">\n<colgroup>\n<col style=\"width: 50%;\" span=\"1\" \/>\n<col style=\"width: 50%;\" span=\"1\" \/> <\/colgroup>\n<thead>\n<tr aria-rowindex=\"1\">\n<th data-celllook=\"65536\">\n<p>Infractions commises par les travailleurs<\/p>\n<\/th>\n<th data-celllook=\"65536\">\n<p>P\u00e9nalit\u00e9<\/p>\n<\/th>\n<\/tr>\n<\/thead>\n<tbody>\n<tr aria-rowindex=\"2\">\n<td data-celllook=\"0\">\n<p>Omission d\u2019aviser la WCB d\u2019un retour au travail tout en touchant des prestations d\u2019assurance-salaire.\u00a0<\/p>\n<\/td>\n<td data-celllook=\"0\">\n<p>Le montant le plus \u00e9lev\u00e9 entre 225\u00a0$ et 10\u00a0% du paiement en trop vers\u00e9 dans le cadre de la r\u00e9clamation\u00a0<\/p>\n<\/td>\n<\/tr>\n<tr aria-rowindex=\"3\">\n<td data-celllook=\"0\">\n<p>Fausse d\u00e9claration ayant une incidence sur le droit \u00e0 une indemnisation du travailleur.\u00a0\u00a0<\/p>\n<\/td>\n<td data-celllook=\"0\">\n<p style=\"text-align: center;\">500 \u00e0 5\u00a0000\u00a0$<\/p>\n<\/td>\n<\/tr>\n<tr aria-rowindex=\"4\">\n<td data-celllook=\"0\">\n<p>Omission de d\u00e9clarer un changement important de circonstances.\u00a0<\/p>\n<\/td>\n<td data-celllook=\"0\">\n<p style=\"text-align: center;\">500 \u00e0 5\u00a0000\u00a0$<\/p>\n<\/td>\n<\/tr>\n<\/tbody>\n<\/table>\n\t\t\t\t\t\t\t\t<\/div>\n\t\t\t\t<\/div>\n\t\t\t\t<div class=\"elementor-element elementor-element-b940add elementor-widget elementor-widget-text-editor\" data-id=\"b940add\" data-element_type=\"widget\" data-e-type=\"widget\" data-widget_type=\"text-editor.default\">\n\t\t\t\t<div class=\"elementor-widget-container\">\n\t\t\t\t\t\t\t\t\t<table aria-rowcount=\"2\">\n<colgroup>\n<col style=\"width: 50%;\" span=\"1\" \/>\n<col style=\"width: 50%;\" span=\"1\" \/> <\/colgroup>\n<thead>\n<tr aria-rowindex=\"1\">\n<th data-celllook=\"65536\">\n<p>Infractions d\u2019ordre g\u00e9n\u00e9ral\u00a0<\/p>\n<\/th>\n<th data-celllook=\"65536\">\n<p>P\u00e9nalit\u00e9<\/p>\n<\/th>\n<\/tr>\n<\/thead>\n<tbody>\n<tr aria-rowindex=\"2\">\n<td data-celllook=\"0\">\n<p>Omission de r\u00e9pondre aux exigences de production des informations ou des dossiers de la WCB.\u00a0<\/p>\n<\/td>\n<td data-celllook=\"0\">\n<p style=\"text-align: center;\">500 \u00e0 5\u00a0000\u00a0$<\/p>\n<\/td>\n<\/tr>\n<\/tbody>\n<\/table>\n\t\t\t\t\t\t\t\t<\/div>\n\t\t\t\t<\/div>\n\t\t\t\t<div class=\"elementor-element elementor-element-7d59eae elementor-widget elementor-widget-text-editor\" data-id=\"7d59eae\" data-element_type=\"widget\" data-e-type=\"widget\" data-widget_type=\"text-editor.default\">\n\t\t\t\t<div class=\"elementor-widget-container\">\n\t\t\t\t\t\t\t\t\t<h2>Int\u00e9r\u00eats sur la masse salariale<\/h2>\n<p>La WCB peut aussi facturer ou payer des int\u00e9r\u00eats sur des comptes dont la diff\u00e9rence entre la sous-estimation ou la surestimation de la masse salariale de votre entreprise et la masse salariale r\u00e9elle soumise est sup\u00e9rieure \u00e0 25\u00a0%.\u202fVeuillez noter qu\u2019aucun int\u00e9r\u00eat ne sera factur\u00e9 ou vers\u00e9 pour des estimations de masse salariale erron\u00e9es dont le montant factur\u00e9 s\u2019\u00e9l\u00e8ve \u00e0 moins de 50\u00a0$ pour l\u2019ann\u00e9e ou le cr\u00e9dit repr\u00e9sente moins de 10\u00a0$. Le\u202f<a href=\"https:\/\/web2.gov.mb.ca\/laws\/regs\/current\/_pdf-regs.php?reg=123\/2021\" target=\"_blank\" rel=\"noopener\"><strong>Interest and Financial Matters Regulation (123\/2021)<\/strong><\/a> pr\u00e9cise les taux d\u2019int\u00e9r\u00eat que la WCB peut facturer ou payer sur les comptes.<\/p>\n\t\t\t\t\t\t\t\t<\/div>\n\t\t\t\t<\/div>\n\t\t\t\t<div class=\"elementor-element elementor-element-e447a9b elementor-widget elementor-widget-text-editor\" data-id=\"e447a9b\" data-element_type=\"widget\" data-e-type=\"widget\" data-widget_type=\"text-editor.default\">\n\t\t\t\t<div class=\"elementor-widget-container\">\n\t\t\t\t\t\t\t\t\t<h2>Les p\u00e9nalit\u00e9s peuvent-elles \u00eatre r\u00e9examin\u00e9es ou faire l\u2019objet d\u2019un appel?<\/h2><p>Vous pouvez demander \u00e0 la WCB de r\u00e9viser l\u2019imposition d\u2019une p\u00e9nalit\u00e9. La premi\u00e8re \u00e9tape consiste \u00e0 demander au d\u00e9cideur initial de revoir sa d\u00e9cision d\u2019imposer une p\u00e9nalit\u00e9 et d\u2019expliquer par \u00e9crit pourquoi vous n\u2019\u00eates pas d\u2019accord avec lui.<\/p><p>Si vous n\u2019\u00eates toujours pas d\u2019accord avec sa d\u00e9cision, vous pouvez demander une r\u00e9vision au Bureau de r\u00e9vision, sauf pour les p\u00e9nalit\u00e9s pour fausses d\u00e9clarations, suppression de r\u00e9clamation, mesure discriminatoire et manquement \u00e0 l\u2019obligation de r\u00e9embauche. Ces p\u00e9nalit\u00e9s peuvent faire l\u2019objet d\u2019un recours directement aupr\u00e8s de la Commission d\u2019appel.<\/p><p>La Commission d\u2019appel ind\u00e9pendante est le dernier niveau d\u2019appel pour tous les diff\u00e9rends concernant les sanctions administratives.<\/p><p><a href=\"https:\/\/www.wcb.mb.ca\/fr\/coordonnees\/\"><strong>Communiquez avec nous<\/strong><\/a> si vous avez des questions au sujet des p\u00e9nalit\u00e9s.<\/p>\t\t\t\t\t\t\t\t<\/div>\n\t\t\t\t<\/div>\n\t\t\t\t<\/div>\n\t\t<div class=\"elementor-element elementor-element-5581e72b e-con-full e-flex e-con e-child\" data-id=\"5581e72b\" data-element_type=\"container\" data-e-type=\"container\" data-settings=\"{&quot;background_background&quot;:&quot;classic&quot;}\">\n\t\t\t\t<div class=\"elementor-element elementor-element-68f2713b elementor-widget elementor-widget-st-link-list\" data-id=\"68f2713b\" data-element_type=\"widget\" data-e-type=\"widget\" data-widget_type=\"st-link-list.default\">\n\t\t\t\t<div class=\"elementor-widget-container\">\n\t\t\t\t\t<div class=\"c-linkList c-linkList--default c-linkList--default\"><h2 class=\"c-linkList__title\"><span >Liens connexes<\/span><\/h2><div class=\"c-linkList__list\"><\/div><\/div>\t\t\t\t<\/div>\n\t\t\t\t<\/div>\n\t\t\t\t<div class=\"elementor-element elementor-element-1452b30e elementor-widget elementor-widget-st-cats\" data-id=\"1452b30e\" data-element_type=\"widget\" data-e-type=\"widget\" data-widget_type=\"st-cats.default\">\n\t\t\t\t<div class=\"elementor-widget-container\">\n\t\t\t\t\t<div class=\"c-ctaList\"><\/div>\t\t\t\t<\/div>\n\t\t\t\t<\/div>\n\t\t\t\t<\/div>\n\t\t\t\t\t<\/div>\n\t\t\t\t<\/div>\n\t\t\t\t<\/div>\n\t\t","protected":false},"excerpt":{"rendered":"<p>Enqu\u00eates et p\u00e9nalit\u00e9s La WCB s\u2019est engag\u00e9e \u00e0 maintenir un syst\u00e8me d\u2019indemnisation des travailleurs \u00e9quitable, transparent et accessible. En comprenant vos droits et responsabilit\u00e9s, vous contribuez \u00e0 renforcer le syst\u00e8me pour le bien de tous. Notre engagement Informer les intervenants\u00a0: Nous transmettons des renseignements clairs au sujet des r\u00e8gles et obligations qui se rattachent au [&hellip;]<\/p>\n","protected":false},"author":1,"featured_media":0,"parent":19845,"menu_order":0,"comment_status":"closed","ping_status":"closed","template":"","meta":{"_acf_changed":false,"footnotes":""},"tags":[],"class_list":["post-19847","page","type-page","status-publish","hentry"],"acf":[],"_links":{"self":[{"href":"https:\/\/www.wcb.mb.ca\/fr\/wp-json\/wp\/v2\/pages\/19847","targetHints":{"allow":["GET"]}}],"collection":[{"href":"https:\/\/www.wcb.mb.ca\/fr\/wp-json\/wp\/v2\/pages"}],"about":[{"href":"https:\/\/www.wcb.mb.ca\/fr\/wp-json\/wp\/v2\/types\/page"}],"author":[{"embeddable":true,"href":"https:\/\/www.wcb.mb.ca\/fr\/wp-json\/wp\/v2\/users\/1"}],"replies":[{"embeddable":true,"href":"https:\/\/www.wcb.mb.ca\/fr\/wp-json\/wp\/v2\/comments?post=19847"}],"version-history":[{"count":6,"href":"https:\/\/www.wcb.mb.ca\/fr\/wp-json\/wp\/v2\/pages\/19847\/revisions"}],"predecessor-version":[{"id":22585,"href":"https:\/\/www.wcb.mb.ca\/fr\/wp-json\/wp\/v2\/pages\/19847\/revisions\/22585"}],"up":[{"embeddable":true,"href":"https:\/\/www.wcb.mb.ca\/fr\/wp-json\/wp\/v2\/pages\/19845"}],"wp:attachment":[{"href":"https:\/\/www.wcb.mb.ca\/fr\/wp-json\/wp\/v2\/media?parent=19847"}],"wp:term":[{"taxonomy":"post_tag","embeddable":true,"href":"https:\/\/www.wcb.mb.ca\/fr\/wp-json\/wp\/v2\/tags?post=19847"}],"curies":[{"name":"wp","href":"https:\/\/api.w.org\/{rel}","templated":true}]}}