{"id":19843,"date":"2025-01-06T16:18:05","date_gmt":"2025-01-06T21:18:05","guid":{"rendered":"https:\/\/www.wcb.mb.ca\/?page_id=19843"},"modified":"2026-02-02T15:12:47","modified_gmt":"2026-02-02T20:12:47","slug":"formation-et-ateliers","status":"publish","type":"page","link":"https:\/\/www.wcb.mb.ca\/fr\/employeurs\/formation-et-ateliers\/","title":{"rendered":"Formation et ateliers"},"content":{"rendered":"\t\t<div data-elementor-type=\"wp-page\" data-elementor-id=\"19843\" class=\"elementor elementor-19843 elementor-4807\" data-elementor-post-type=\"page\">\n\t\t\t\t<div class=\"elementor-element elementor-element-08f3392 e-flex e-con-boxed e-con e-parent\" data-id=\"08f3392\" data-element_type=\"container\" data-e-type=\"container\">\n\t\t\t\t\t<div class=\"e-con-inner\">\n\t\t\t\t<div class=\"elementor-element elementor-element-c85d249 elementor-widget elementor-widget-st-header-image\" data-id=\"c85d249\" data-element_type=\"widget\" data-e-type=\"widget\" data-widget_type=\"st-header-image.default\">\n\t\t\t\t<div class=\"elementor-widget-container\">\n\t\t\t\t\t<div class=\"c-headerImage g-layout__padding c-headerImage--noImage\"><div class=\"c-headerImage__container g-layout__maxWidth\"><div class=\"c-headerImage__content\"><div ><h1>Formation et ateliers<\/h1><\/div><\/div><\/div><\/div>\t\t\t\t<\/div>\n\t\t\t\t<\/div>\n\t\t\t\t\t<\/div>\n\t\t\t\t<\/div>\n\t\t<div class=\"elementor-element elementor-element-4adfe1f e-flex e-con-boxed e-con e-parent\" data-id=\"4adfe1f\" data-element_type=\"container\" data-e-type=\"container\">\n\t\t\t\t\t<div class=\"e-con-inner\">\n\t\t<div class=\"elementor-element elementor-element-4c2d6a21 e-con-full e-flex e-con e-child\" data-id=\"4c2d6a21\" data-element_type=\"container\" data-e-type=\"container\">\n\t\t\t\t<div class=\"elementor-element elementor-element-74242b90 elementor-widget__width-initial elementor-widget elementor-widget-text-editor\" data-id=\"74242b90\" data-element_type=\"widget\" data-e-type=\"widget\" data-widget_type=\"text-editor.default\">\n\t\t\t\t<div class=\"elementor-widget-container\">\n\t\t\t\t\t\t\t\t\t<p>Pour vous aider \u00e0 soutenir au mieux vos employ\u00e9s et apprendre comment travailler efficacement avec la WCB, songez \u00e0 suivre une s\u00e9ance de formation.<\/p>\n<p>Apprenez-en plus sur vos responsabilit\u00e9s comme employeur et sur la fa\u00e7on de signaler des blessures et de g\u00e9rer les r\u00e9clamations, en plus de comprendre votre taux et les facteurs qui l\u2019influencent.<\/p>\n<p>Les formations Fondements de la WCB et Fondements du retour au travail sont con\u00e7ues pour les\u00a0:<\/p>\n<ul>\n<li>employeurs<\/li>\n<li>agents de s\u00e9curit\u00e9<\/li>\n<li>chefs d\u2019\u00e9quipe<\/li>\n<li>repr\u00e9sentants syndicaux<\/li>\n<li>dirigeants\/gestionnaires\/superviseurs<\/li>\n<li>coordonnateurs du retour au travail<\/li>\n<li>professionnels en ressources humaines<\/li>\n<li>coordonnateurs \u00e0 l\u2019invalidit\u00e9<\/li>\n<li>toute personne directement concern\u00e9e par le retour au travail d\u2019un travailleur bless\u00e9<\/li>\n<\/ul>\n\t\t\t\t\t\t\t\t<\/div>\n\t\t\t\t<\/div>\n\t\t\t\t<div class=\"elementor-element elementor-element-afd04e2 elementor-widget elementor-widget-n-accordion\" data-id=\"afd04e2\" data-element_type=\"widget\" data-e-type=\"widget\" data-settings=\"{&quot;default_state&quot;:&quot;all_collapsed&quot;,&quot;max_items_expended&quot;:&quot;one&quot;,&quot;n_accordion_animation_duration&quot;:{&quot;unit&quot;:&quot;ms&quot;,&quot;size&quot;:400,&quot;sizes&quot;:[]}}\" data-widget_type=\"nested-accordion.default\">\n\t\t\t\t<div class=\"elementor-widget-container\">\n\t\t\t\t\t\t\t<div class=\"e-n-accordion\" aria-label=\"Accordion. Open links with Enter or Space, close with Escape, and navigate with Arrow Keys\">\n\t\t\t\t\t\t<details id=\"e-n-accordion-item-1840\" class=\"e-n-accordion-item\" >\n\t\t\t\t<summary class=\"e-n-accordion-item-title\" data-accordion-index=\"1\" tabindex=\"0\" aria-expanded=\"false\" aria-controls=\"e-n-accordion-item-1840\" >\n\t\t\t\t\t<span class='e-n-accordion-item-title-header'><div class=\"e-n-accordion-item-title-text\"> Ateliers en personne d\u2019une journ\u00e9e <\/div><\/span>\n\t\t\t\t\t\t\t<span class='e-n-accordion-item-title-icon'>\n\t\t\t<span class='e-opened' ><svg aria-hidden=\"true\" class=\"e-font-icon-svg e-fas-minus\" viewBox=\"0 0 448 512\" xmlns=\"http:\/\/www.w3.org\/2000\/svg\"><path d=\"M416 208H32c-17.67 0-32 14.33-32 32v32c0 17.67 14.33 32 32 32h384c17.67 0 32-14.33 32-32v-32c0-17.67-14.33-32-32-32z\"><\/path><\/svg><\/span>\n\t\t\t<span class='e-closed'><svg aria-hidden=\"true\" class=\"e-font-icon-svg e-fas-plus\" viewBox=\"0 0 448 512\" xmlns=\"http:\/\/www.w3.org\/2000\/svg\"><path d=\"M416 208H272V64c0-17.67-14.33-32-32-32h-32c-17.67 0-32 14.33-32 32v144H32c-17.67 0-32 14.33-32 32v32c0 17.67 14.33 32 32 32h144v144c0 17.67 14.33 32 32 32h32c17.67 0 32-14.33 32-32V304h144c17.67 0 32-14.33 32-32v-32c0-17.67-14.33-32-32-32z\"><\/path><\/svg><\/span>\n\t\t<\/span>\n\n\t\t\t\t\t\t<\/summary>\n\t\t\t\t<div role=\"region\" aria-labelledby=\"e-n-accordion-item-1840\" class=\"elementor-element elementor-element-6611845 e-con-full e-flex e-con e-child\" data-id=\"6611845\" data-element_type=\"container\" data-e-type=\"container\">\n\t\t\t\t<div class=\"elementor-element elementor-element-3ef7836d elementor-widget elementor-widget-text-editor\" data-id=\"3ef7836d\" data-element_type=\"widget\" data-e-type=\"widget\" data-widget_type=\"text-editor.default\">\n\t\t\t\t<div class=\"elementor-widget-container\">\n\t\t\t\t\t\t\t\t\t<p>Tenus au 363, Broadway (16e\u00a0\u00e9tage) de 8\u00a0h\u00a030 \u00e0 16\u00a0h, selon l\u2019horaire planifi\u00e9.<\/p>\n\t\t\t\t\t\t\t\t<\/div>\n\t\t\t\t<\/div>\n\t\t\t\t<\/div>\n\t\t\t\t\t<\/details>\n\t\t\t\t\t\t<details id=\"e-n-accordion-item-1841\" class=\"e-n-accordion-item\" >\n\t\t\t\t<summary class=\"e-n-accordion-item-title\" data-accordion-index=\"2\" tabindex=\"-1\" aria-expanded=\"false\" aria-controls=\"e-n-accordion-item-1841\" >\n\t\t\t\t\t<span class='e-n-accordion-item-title-header'><div class=\"e-n-accordion-item-title-text\"> Ateliers virtuels (1,5\u00a0jour) <\/div><\/span>\n\t\t\t\t\t\t\t<span class='e-n-accordion-item-title-icon'>\n\t\t\t<span class='e-opened' ><svg aria-hidden=\"true\" class=\"e-font-icon-svg e-fas-minus\" viewBox=\"0 0 448 512\" xmlns=\"http:\/\/www.w3.org\/2000\/svg\"><path d=\"M416 208H32c-17.67 0-32 14.33-32 32v32c0 17.67 14.33 32 32 32h384c17.67 0 32-14.33 32-32v-32c0-17.67-14.33-32-32-32z\"><\/path><\/svg><\/span>\n\t\t\t<span class='e-closed'><svg aria-hidden=\"true\" class=\"e-font-icon-svg e-fas-plus\" viewBox=\"0 0 448 512\" xmlns=\"http:\/\/www.w3.org\/2000\/svg\"><path d=\"M416 208H272V64c0-17.67-14.33-32-32-32h-32c-17.67 0-32 14.33-32 32v144H32c-17.67 0-32 14.33-32 32v32c0 17.67 14.33 32 32 32h144v144c0 17.67 14.33 32 32 32h32c17.67 0 32-14.33 32-32V304h144c17.67 0 32-14.33 32-32v-32c0-17.67-14.33-32-32-32z\"><\/path><\/svg><\/span>\n\t\t<\/span>\n\n\t\t\t\t\t\t<\/summary>\n\t\t\t\t<div role=\"region\" aria-labelledby=\"e-n-accordion-item-1841\" class=\"elementor-element elementor-element-79ac896 e-con-full e-flex e-con e-child\" data-id=\"79ac896\" data-element_type=\"container\" data-e-type=\"container\">\n\t\t\t\t<div class=\"elementor-element elementor-element-14944644 elementor-widget elementor-widget-text-editor\" data-id=\"14944644\" data-element_type=\"widget\" data-e-type=\"widget\" data-widget_type=\"text-editor.default\">\n\t\t\t\t<div class=\"elementor-widget-container\">\n\t\t\t\t\t\t\t\t\t<p>Jour 1 \u2013 12\u00a0h\u00a030 \u00e0 16\u00a0h<br \/>Jour 2 \u2013 8\u00a0h\u00a030 \u00e0 16\u00a0h<\/p>\n\t\t\t\t\t\t\t\t<\/div>\n\t\t\t\t<\/div>\n\t\t\t\t<\/div>\n\t\t\t\t\t<\/details>\n\t\t\t\t\t<\/div>\n\t\t\t\t\t\t<\/div>\n\t\t\t\t<\/div>\n\t\t\t\t<div class=\"elementor-element elementor-element-4b436969 elementor-widget elementor-widget-text-editor\" data-id=\"4b436969\" data-element_type=\"widget\" data-e-type=\"widget\" data-widget_type=\"text-editor.default\">\n\t\t\t\t<div class=\"elementor-widget-container\">\n\t\t\t\t\t\t\t\t\t<p><strong>Sujets abord\u00e9s durant les ateliers<\/strong>&nbsp;<\/p>\n<ul>\n<li>\u00c9tablissement des taux&nbsp;&nbsp;<\/li>\n<li>Gestion des co\u00fbts&nbsp;<\/li>\n<li>Signalement des blessures&nbsp;&nbsp;<\/li>\n<li>Processus d\u00e9cisionnel&nbsp;<\/li>\n<li>Gestion des r\u00e9clamations&nbsp;&nbsp;<\/li>\n<li>R\u00e8glement des diff\u00e9rends&nbsp;<\/li>\n<li>R\u00f4les des autres services de la WCB&nbsp;&nbsp;<\/li>\n<li>Meilleures pratiques pour le retour au travail<\/li>\n<\/ul>\n<p><a href=\"https:\/\/swmb.bluedrop.io\/storefront\/safeworkmanitoba\" target=\"_blank\" rel=\"noopener\">Afficher le calendrier des ateliers et s\u2019inscrire.<\/a><\/p>\n\t\t\t\t\t\t\t\t<\/div>\n\t\t\t\t<\/div>\n\t\t\t\t<div class=\"elementor-element elementor-element-7ecd974 elementor-widget elementor-widget-text-editor\" data-id=\"7ecd974\" data-element_type=\"widget\" data-e-type=\"widget\" data-widget_type=\"text-editor.default\">\n\t\t\t\t<div class=\"elementor-widget-container\">\n\t\t\t\t\t\t\t\t\t<h2>Fondements de la WCB et Fondements du retour au travail<\/h2><p>Fondements de la WCB offre un guide pour travailler avec la Commission des accidents du travail du Manitoba (la WCB). Ce guide est l\u2019occasion d\u2019approfondir sa compr\u00e9hension du fonctionnement de la WCB afin de mieux saisir les rouages du syst\u00e8me. L\u2019atelier s\u2019articule autour des principaux points d\u2019interaction entre la WCB, les employeurs et les travailleurs.<\/p><p>En vous appuyant sur ce que vous avez appris dans les Fondements de la WCB, l\u2019atelier Fondements du retour au travail vous aide \u00e0 comprendre les \u00e9l\u00e9ments de base et les meilleures pratiques pour \u00e9laborer des programmes de retour au travail efficaces. L\u2019atelier fournit des outils pratiques pour concevoir ou am\u00e9liorer un programme de retour au travail qui propose \u00e0 vos travailleurs des t\u00e2ches s\u00e9curitaires et adapt\u00e9es.<\/p><p>Les deux ateliers sont offerts en personne (ateliers d\u2019une journ\u00e9e) ou \u00e0 distance (r\u00e9partis sur une journ\u00e9e et demie).<\/p><p>Les ateliers virtuels sont donn\u00e9s \u00e0 l\u2019aide de la plateforme de formation Webex et anim\u00e9s par un instructeur, \u00e0 distance. Webex est la plateforme en ligne utilis\u00e9e par la WCB pour tenir des ateliers virtuels. Webex n\u2019est pas pris en charge par les iPhone, les iPad, ni les appareils Android. Pour de meilleurs r\u00e9sultats, utilisez un ordinateur portable ou de bureau dot\u00e9 du navigateur Chrome.<\/p><p>Les participants inscrits se trouveront dans la m\u00eame salle de classe virtuelle, en m\u00eame temps. Les animateurs prennent les pr\u00e9sences et utilisent des outils comme les sondages et les questionnaires pour faciliter les apprentissages et encourager la participation.<\/p><p>Pour obtenir un certificat d\u2019ach\u00e8vement, tous les modules doivent avoir \u00e9t\u00e9 r\u00e9ussis. Les places sont limit\u00e9es \u00e0 16\u00a0participants pour garantir la qualit\u00e9 des interactions.<\/p><p>Les participants inscrits \u00e0 un atelier virtuel re\u00e7oivent les informations pour l\u2019acc\u00e8s \u00e0 la plateforme deux jours avant la tenue de l\u2019atelier. Ce courriel contient aussi un lien vers une r\u00e9union Webex fictive pour vous assurer que votre son, votre microphone et votre connexion Internet sont compatibles avant le d\u00e9but de l\u2019atelier.<\/p><p>Nous vous recommandons d\u2019assister \u00e0 l\u2019atelier Fondements de la WCB avant de suivre l\u2019atelier Fondements du retour au travail.<\/p><p>Pour communiquer avec nous, <a href=\"https:\/\/www.wcb.mb.ca\/fr\/contact\/\">visitez la page de contact<\/a>.<\/p><p>Veuillez noter que les ateliers peuvent \u00eatre annul\u00e9s en cas d\u2019inscriptions insuffisantes.<\/p><p>Inscrivez-vous au moins deux semaines avant la date de l\u2019atelier pour vous assurer que l\u2019atelier soit offert.<\/p>\t\t\t\t\t\t\t\t<\/div>\n\t\t\t\t<\/div>\n\t\t\t\t<div class=\"elementor-element elementor-element-fbf4044 elementor-widget elementor-widget-text-editor\" data-id=\"fbf4044\" data-element_type=\"widget\" data-e-type=\"widget\" data-widget_type=\"text-editor.default\">\n\t\t\t\t<div class=\"elementor-widget-container\">\n\t\t\t\t\t\t\t\t\t<h2>Formation personnalis\u00e9e<\/h2><p>L\u2019\u00c9quipe des services du programme de retour au travail peut concevoir des ateliers en personne ou virtuels pour des groupes de 10\u00a0personnes ou plus, selon les disponibilit\u00e9s. Tous les ateliers, y compris les ateliers personnalis\u00e9s, sont gratuits.<\/p><p>Pour de plus amples renseignements au sujet de cette option et pour d\u00e9terminer si elle vous convient, <a href=\"https:\/\/www.wcb.mb.ca\/fr\/contact\/\">remplissez le formulaire de contact<\/a> ou t\u00e9l\u00e9phonez au\u00a0: 204-954-6161 ou composez sans frais le\u00a0: 1-855-954-4321.<\/p>\t\t\t\t\t\t\t\t<\/div>\n\t\t\t\t<\/div>\n\t\t\t\t<\/div>\n\t\t<div class=\"elementor-element elementor-element-49a92e8d e-con-full e-flex e-con e-child\" data-id=\"49a92e8d\" data-element_type=\"container\" data-e-type=\"container\" data-settings=\"{&quot;background_background&quot;:&quot;classic&quot;}\">\n\t\t\t\t<div class=\"elementor-element elementor-element-3bf67556 elementor-widget elementor-widget-st-link-list\" data-id=\"3bf67556\" data-element_type=\"widget\" data-e-type=\"widget\" data-widget_type=\"st-link-list.default\">\n\t\t\t\t<div class=\"elementor-widget-container\">\n\t\t\t\t\t<div class=\"c-linkList c-linkList--default c-linkList--default\"><h2 class=\"c-linkList__title\"><span >Liens connexes<\/span><\/h2><div class=\"c-linkList__list\"><div class=\"c-linkList__item\"><a class=\"c-linkList__itemBtn g-btn__arrow--fullWidth\" href=\"\/fr\/sain-et-sauf-au-travail-manitoba\/prix-sain-et-sauf-au-travail\/\"><span >Prix SAIN et SAUF au travail<\/span><\/a><\/div><\/div><\/div>\t\t\t\t<\/div>\n\t\t\t\t<\/div>\n\t\t\t\t<div class=\"elementor-element elementor-element-7b18310 elementor-widget elementor-widget-st-cats\" data-id=\"7b18310\" data-element_type=\"widget\" data-e-type=\"widget\" data-widget_type=\"st-cats.default\">\n\t\t\t\t<div class=\"elementor-widget-container\">\n\t\t\t\t\t<div class=\"c-ctaList\"><\/div>\t\t\t\t<\/div>\n\t\t\t\t<\/div>\n\t\t\t\t<\/div>\n\t\t\t\t\t<\/div>\n\t\t\t\t<\/div>\n\t\t\t\t<\/div>\n\t\t","protected":false},"excerpt":{"rendered":"<p>Formation et ateliers Pour vous aider \u00e0 soutenir au mieux vos employ\u00e9s et apprendre comment travailler efficacement avec la WCB, songez \u00e0 suivre une s\u00e9ance de formation. Apprenez-en plus sur vos responsabilit\u00e9s comme employeur et sur la fa\u00e7on de signaler des blessures et de g\u00e9rer les r\u00e9clamations, en plus de comprendre votre taux et les [&hellip;]<\/p>\n","protected":false},"author":1,"featured_media":0,"parent":835,"menu_order":0,"comment_status":"closed","ping_status":"closed","template":"","meta":{"_acf_changed":false,"footnotes":""},"tags":[36],"class_list":["post-19843","page","type-page","status-publish","hentry","tag-robot-conversationnel-masque"],"acf":[],"_links":{"self":[{"href":"https:\/\/www.wcb.mb.ca\/fr\/wp-json\/wp\/v2\/pages\/19843","targetHints":{"allow":["GET"]}}],"collection":[{"href":"https:\/\/www.wcb.mb.ca\/fr\/wp-json\/wp\/v2\/pages"}],"about":[{"href":"https:\/\/www.wcb.mb.ca\/fr\/wp-json\/wp\/v2\/types\/page"}],"author":[{"embeddable":true,"href":"https:\/\/www.wcb.mb.ca\/fr\/wp-json\/wp\/v2\/users\/1"}],"replies":[{"embeddable":true,"href":"https:\/\/www.wcb.mb.ca\/fr\/wp-json\/wp\/v2\/comments?post=19843"}],"version-history":[{"count":8,"href":"https:\/\/www.wcb.mb.ca\/fr\/wp-json\/wp\/v2\/pages\/19843\/revisions"}],"predecessor-version":[{"id":23191,"href":"https:\/\/www.wcb.mb.ca\/fr\/wp-json\/wp\/v2\/pages\/19843\/revisions\/23191"}],"up":[{"embeddable":true,"href":"https:\/\/www.wcb.mb.ca\/fr\/wp-json\/wp\/v2\/pages\/835"}],"wp:attachment":[{"href":"https:\/\/www.wcb.mb.ca\/fr\/wp-json\/wp\/v2\/media?parent=19843"}],"wp:term":[{"taxonomy":"post_tag","embeddable":true,"href":"https:\/\/www.wcb.mb.ca\/fr\/wp-json\/wp\/v2\/tags?post=19843"}],"curies":[{"name":"wp","href":"https:\/\/api.w.org\/{rel}","templated":true}]}}