{"id":19812,"date":"2024-11-22T10:35:58","date_gmt":"2024-11-22T15:35:58","guid":{"rendered":"https:\/\/www.wcb.mb.ca\/?page_id=19812"},"modified":"2026-01-15T11:09:57","modified_gmt":"2026-01-15T16:09:57","slug":"signaler-une-blessure","status":"publish","type":"page","link":"https:\/\/www.wcb.mb.ca\/fr\/employeurs\/signaler-une-blessure\/","title":{"rendered":"Signaler une blessure"},"content":{"rendered":"\t\t<div data-elementor-type=\"wp-page\" data-elementor-id=\"19812\" class=\"elementor elementor-19812 elementor-2346\" data-elementor-post-type=\"page\">\n\t\t\t\t<div class=\"elementor-element elementor-element-92ecfdf e-flex e-con-boxed e-con e-parent\" data-id=\"92ecfdf\" data-element_type=\"container\" data-e-type=\"container\">\n\t\t\t\t\t<div class=\"e-con-inner\">\n\t\t\t\t<div class=\"elementor-element elementor-element-79eca6b elementor-widget elementor-widget-st-header-image\" data-id=\"79eca6b\" data-element_type=\"widget\" data-e-type=\"widget\" data-widget_type=\"st-header-image.default\">\n\t\t\t\t<div class=\"elementor-widget-container\">\n\t\t\t\t\t<div class=\"c-headerImage g-layout__padding c-headerImage--noImage\"><div class=\"c-headerImage__container g-layout__maxWidth\"><div class=\"c-headerImage__content\"><div ><h1>Signaler une blessure<\/h1><\/div><\/div><\/div><\/div>\t\t\t\t<\/div>\n\t\t\t\t<\/div>\n\t\t\t\t\t<\/div>\n\t\t\t\t<\/div>\n\t\t<div class=\"elementor-element elementor-element-5d1fec0 e-flex e-con-boxed e-con e-parent\" data-id=\"5d1fec0\" data-element_type=\"container\" data-e-type=\"container\">\n\t\t\t\t\t<div class=\"e-con-inner\">\n\t\t<div class=\"elementor-element elementor-element-0d779bf e-con-full e-flex e-con e-child\" data-id=\"0d779bf\" data-element_type=\"container\" data-e-type=\"container\">\n\t\t\t\t<div class=\"elementor-element elementor-element-0278d2a elementor-widget__width-initial elementor-widget elementor-widget-text-editor\" data-id=\"0278d2a\" data-element_type=\"widget\" data-e-type=\"widget\" data-widget_type=\"text-editor.default\">\n\t\t\t\t<div class=\"elementor-widget-container\">\n\t\t\t\t\t\t\t\t\t<h2>Si un de vos employ\u00e9s se blesse au travail, nous sommes l\u00e0 pour vous aider.<\/h2><p>\u00a0<\/p><h3>Signalez les blessures d\u00e8s que possible \u2013 soit dans les cinq jours ouvrables\u202f<\/h3><p>Si un travailleur se blesse au travail et qu\u2019il doit obtenir une assistance m\u00e9dicale ou prendre un cong\u00e9 pour gu\u00e9rir, vous devez le d\u00e9clarer \u00e0 la WCB le plus t\u00f4t possible. Vous devez signaler l\u2019incident dans les cinq jours ouvrables suivant la date \u00e0 laquelle le travailleur s\u2019est bless\u00e9 ou la journ\u00e9e o\u00f9 vous avez pris connaissance de la blessure.\u202f\u00a0<\/p><p>\u00a0<\/p><h3>Moyens de signaler une blessure<\/h3><p>Remplissez le <a href=\"\/uploads\/2026\/01\/0420.pdf\" target=\"_blank\" rel=\"noopener\">formulaire de rapport de l\u2019employeur au sujet d\u2019un incident<\/a> avant de communiquer avec la WCB pour vous assurer d\u2019avoir toutes les informations n\u00e9cessaires.<\/p>\t\t\t\t\t\t\t\t<\/div>\n\t\t\t\t<\/div>\n\t\t<div class=\"elementor-element elementor-element-98d2fd2 e-con-full e-grid e-con e-child\" data-id=\"98d2fd2\" data-element_type=\"container\" data-e-type=\"container\">\n\t\t<div class=\"elementor-element elementor-element-bfcaead e-con-full e-flex e-con e-child\" data-id=\"bfcaead\" data-element_type=\"container\" data-e-type=\"container\" data-settings=\"{&quot;background_background&quot;:&quot;classic&quot;}\">\n\t\t\t\t<div class=\"elementor-element elementor-element-a1fc463 elementor-widget elementor-widget-text-editor\" data-id=\"a1fc463\" data-element_type=\"widget\" data-e-type=\"widget\" data-widget_type=\"text-editor.default\">\n\t\t\t\t<div class=\"elementor-widget-container\">\n\t\t\t\t\t\t\t\t\t<h3>En ligne<\/h3>\n<p><span lang=\"fr-ca\" data-contrast=\"auto\">Apprenez-en plus sur la mani\u00e8re de signaler une blessure en milieu de travail en ligne<\/span>&nbsp;<\/p>\n\t\t\t\t\t\t\t\t<\/div>\n\t\t\t\t<\/div>\n\t\t\t\t<div class=\"elementor-element elementor-element-107e9cb elementor-button--arrow elementor-widget elementor-widget-button\" data-id=\"107e9cb\" data-element_type=\"widget\" data-e-type=\"widget\" data-widget_type=\"button.default\">\n\t\t\t\t<div class=\"elementor-widget-container\">\n\t\t\t\t\t\t\t\t\t<div class=\"elementor-button-wrapper\">\n\t\t\t\t\t<a class=\"elementor-button elementor-button-link elementor-size-sm\" href=\"https:\/\/www.wcb.mb.ca\/fr\/employeurs\/signaler-une-blessure\/signaler-une-blessure-en-milieu-de-travail-en-ligne\/\">\n\t\t\t\t\t\t<span class=\"elementor-button-content-wrapper\">\n\t\t\t\t\t\t\t\t\t<span class=\"elementor-button-text\">Apprenez-en plus<\/span>\n\t\t\t\t\t<\/span>\n\t\t\t\t\t<\/a>\n\t\t\t\t<\/div>\n\t\t\t\t\t\t\t\t<\/div>\n\t\t\t\t<\/div>\n\t\t\t\t<\/div>\n\t\t<div class=\"elementor-element elementor-element-af61dd8 e-con-full e-flex e-con e-child\" data-id=\"af61dd8\" data-element_type=\"container\" data-e-type=\"container\" data-settings=\"{&quot;background_background&quot;:&quot;classic&quot;}\">\n\t\t\t\t<div class=\"elementor-element elementor-element-0297b0a elementor-widget elementor-widget-text-editor\" data-id=\"0297b0a\" data-element_type=\"widget\" data-e-type=\"widget\" data-widget_type=\"text-editor.default\">\n\t\t\t\t<div class=\"elementor-widget-container\">\n\t\t\t\t\t\t\t\t\t<h3>T\u00e9l\u00e9phone<\/h3>\n<p>Dans la ville de Winnipeg\u00a0: 204-954-4321&nbsp;<\/p>\n<p>Sans frais\u00a0: 1-855-954-4321&nbsp;<\/p>\n\t\t\t\t\t\t\t\t<\/div>\n\t\t\t\t<\/div>\n\t\t\t\t<\/div>\n\t\t<div class=\"elementor-element elementor-element-9465cb6 e-con-full e-flex e-con e-child\" data-id=\"9465cb6\" data-element_type=\"container\" data-e-type=\"container\" data-settings=\"{&quot;background_background&quot;:&quot;classic&quot;}\">\n\t\t\t\t<div class=\"elementor-element elementor-element-b862cd2 elementor-widget elementor-widget-text-editor\" data-id=\"b862cd2\" data-element_type=\"widget\" data-e-type=\"widget\" data-widget_type=\"text-editor.default\">\n\t\t\t\t<div class=\"elementor-widget-container\">\n\t\t\t\t\t\t\t\t\t<h3>T\u00e9l\u00e9copieur<\/h3>\n<p>Dans la ville de Winnipeg\u00a0: 204-954-4999&nbsp;<\/p>\n<p>Sans frais\u00a0: 1-877-872-3804&nbsp;<\/p>\n\t\t\t\t\t\t\t\t<\/div>\n\t\t\t\t<\/div>\n\t\t\t\t<\/div>\n\t\t<div class=\"elementor-element elementor-element-c840aab e-con-full e-flex e-con e-child\" data-id=\"c840aab\" data-element_type=\"container\" data-e-type=\"container\" data-settings=\"{&quot;background_background&quot;:&quot;classic&quot;}\">\n\t\t\t\t<div class=\"elementor-element elementor-element-f0c488e elementor-widget elementor-widget-text-editor\" data-id=\"f0c488e\" data-element_type=\"widget\" data-e-type=\"widget\" data-widget_type=\"text-editor.default\">\n\t\t\t\t<div class=\"elementor-widget-container\">\n\t\t\t\t\t\t\t\t\t<h3>Poste<\/h3>\n<p>Commission des accidents du travail du Manitoba<\/p>\n<p>333, Broadway<br \/>Winnipeg (Manitoba)<br \/>R3C 4W3<\/p>\n\t\t\t\t\t\t\t\t<\/div>\n\t\t\t\t<\/div>\n\t\t\t\t<\/div>\n\t\t\t\t<\/div>\n\t\t\t\t<div class=\"elementor-element elementor-element-ae3cd93 elementor-widget elementor-widget-text-editor\" data-id=\"ae3cd93\" data-element_type=\"widget\" data-e-type=\"widget\" data-widget_type=\"text-editor.default\">\n\t\t\t\t<div class=\"elementor-widget-container\">\n\t\t\t\t\t\t\t\t\t<h2>Votre entreprise gagne \u00e0 signaler rapidement les blessures survenues en milieu de travail<\/h2>\n<p>Si vous ne signalez pas une blessure dans les cinq jours ouvrables, une amende ou une p\u00e9nalit\u00e9 vous sera impos\u00e9e pour signalement tardif.<\/p>\n<p>Vous avez tout avantage \u00e0 aider votre travailleur \u00e0 signaler une blessure. Lorsqu\u2019un travailleur vous signale une blessure, demandez-lui de la d\u00e9clarer imm\u00e9diatement \u00e0 la WCB. Offrez-lui un endroit calme (comme un bureau ou une salle de r\u00e9union) pour appeler la WCB.<\/p>\n<p>Les travailleurs et les fournisseurs de soins de sant\u00e9 doivent signaler \u00e0 la WCB une blessure survenue en milieu de travail.<\/p>\n<p>Si nous apprenons de votre travailleur ou du fournisseur de soins de sant\u00e9 de votre travailleur qu\u2019une blessure est survenue dans votre entreprise, nous communiquerons tout de m\u00eame avec vous pour obtenir votre rapport d\u2019incident. Cette prise de contact s\u2019effectue g\u00e9n\u00e9ralement par t\u00e9l\u00e9phone.<\/p>\n\t\t\t\t\t\t\t\t<\/div>\n\t\t\t\t<\/div>\n\t\t\t\t<\/div>\n\t\t<div class=\"elementor-element elementor-element-85380ab e-con-full e-flex e-con e-child\" data-id=\"85380ab\" data-element_type=\"container\" data-e-type=\"container\" data-settings=\"{&quot;background_background&quot;:&quot;classic&quot;}\">\n\t\t\t\t<div class=\"elementor-element elementor-element-0b34271 elementor-widget elementor-widget-st-link-list\" data-id=\"0b34271\" data-element_type=\"widget\" data-e-type=\"widget\" data-widget_type=\"st-link-list.default\">\n\t\t\t\t<div class=\"elementor-widget-container\">\n\t\t\t\t\t<div class=\"c-linkList c-linkList--default c-linkList--default\"><h2 class=\"c-linkList__title\"><span >Liens connexes<\/span><\/h2><div class=\"c-linkList__list\"><\/div><\/div>\t\t\t\t<\/div>\n\t\t\t\t<\/div>\n\t\t\t\t<div class=\"elementor-element elementor-element-cffc128 elementor-widget elementor-widget-st-cats\" data-id=\"cffc128\" data-element_type=\"widget\" data-e-type=\"widget\" data-widget_type=\"st-cats.default\">\n\t\t\t\t<div class=\"elementor-widget-container\">\n\t\t\t\t\t<div class=\"c-ctaList\"><\/div>\t\t\t\t<\/div>\n\t\t\t\t<\/div>\n\t\t\t\t<\/div>\n\t\t\t\t\t<\/div>\n\t\t\t\t<\/div>\n\t\t\t\t<\/div>\n\t\t","protected":false},"excerpt":{"rendered":"<p>Signaler une blessure Si un de vos employ\u00e9s se blesse au travail, nous sommes l\u00e0 pour vous aider. \u00a0 Signalez les blessures d\u00e8s que possible \u2013 soit dans les cinq jours ouvrables\u202f Si un travailleur se blesse au travail et qu\u2019il doit obtenir une assistance m\u00e9dicale ou prendre un cong\u00e9 pour gu\u00e9rir, vous devez le [&hellip;]<\/p>\n","protected":false},"author":1,"featured_media":0,"parent":835,"menu_order":0,"comment_status":"closed","ping_status":"closed","template":"","meta":{"_acf_changed":false,"footnotes":""},"tags":[36],"class_list":["post-19812","page","type-page","status-publish","hentry","tag-robot-conversationnel-masque"],"acf":[],"_links":{"self":[{"href":"https:\/\/www.wcb.mb.ca\/fr\/wp-json\/wp\/v2\/pages\/19812","targetHints":{"allow":["GET"]}}],"collection":[{"href":"https:\/\/www.wcb.mb.ca\/fr\/wp-json\/wp\/v2\/pages"}],"about":[{"href":"https:\/\/www.wcb.mb.ca\/fr\/wp-json\/wp\/v2\/types\/page"}],"author":[{"embeddable":true,"href":"https:\/\/www.wcb.mb.ca\/fr\/wp-json\/wp\/v2\/users\/1"}],"replies":[{"embeddable":true,"href":"https:\/\/www.wcb.mb.ca\/fr\/wp-json\/wp\/v2\/comments?post=19812"}],"version-history":[{"count":6,"href":"https:\/\/www.wcb.mb.ca\/fr\/wp-json\/wp\/v2\/pages\/19812\/revisions"}],"predecessor-version":[{"id":22638,"href":"https:\/\/www.wcb.mb.ca\/fr\/wp-json\/wp\/v2\/pages\/19812\/revisions\/22638"}],"up":[{"embeddable":true,"href":"https:\/\/www.wcb.mb.ca\/fr\/wp-json\/wp\/v2\/pages\/835"}],"wp:attachment":[{"href":"https:\/\/www.wcb.mb.ca\/fr\/wp-json\/wp\/v2\/media?parent=19812"}],"wp:term":[{"taxonomy":"post_tag","embeddable":true,"href":"https:\/\/www.wcb.mb.ca\/fr\/wp-json\/wp\/v2\/tags?post=19812"}],"curies":[{"name":"wp","href":"https:\/\/api.w.org\/{rel}","templated":true}]}}